{"id":84,"date":"2018-04-04T11:12:19","date_gmt":"2018-04-04T09:12:19","guid":{"rendered":"http:\/\/www.ub.edu\/dphc\/wp\/?page_id=84"},"modified":"2024-08-28T12:32:08","modified_gmt":"2024-08-28T10:32:08","slug":"la-seccio","status":"publish","type":"page","link":"https:\/\/www.ub.edu\/dphc\/la-seccio\/","title":{"rendered":"La secci\u00f3"},"content":{"rendered":"<p class=\"p1\"><span class=\"s1\">A nivell administratiu, la secci\u00f3 d&#8217;<strong>Hist\u00f2ria Contempor\u00e0nia i M\u00f3n actual<\/strong>\u00a0s\u2019integra dins del <strong>Departament d&#8217;Hist\u00f2ria i Arqueologia<\/strong> de la <a href=\"http:\/\/www.ub.edu\/facgh\/gh.htm\">Facultat de Geografia i Hist\u00f2ria<\/a> de la Universitat de Barcelona. Des de la Secci\u00f3 es fa doc\u00e8ncia a diversos graus en qu\u00e8 s\u2019imparteixen assignatures relacionades amb les modalitats seg\u00fcents: Hist\u00f2ria, Arqueologia, Geografia, Hist\u00f2ria de l\u2019Art, Antropologia, i Comunicaci\u00f3 i Ind\u00fastries Culturals.<\/span><\/p>\n<p><span class=\"s1\">Aix\u00ed mateix, els professors imparteixen doc\u00e8ncia en dos m\u00e0sters universitaris: <a href=\"http:\/\/www.ub.edu\/historiacontemporaniamonactual\/\"><span class=\"s2\">M\u00e0ster en Hist\u00f2ria Contempor\u00e0nia i M\u00f3n Actual<\/span><\/a>; i el que s\u2019imparteix amb la coordinaci\u00f3 de diverses universitats, titulat <a href=\"https:\/\/www.ub.edu\/web\/ub\/ca\/estudis\/oferta_formativa\/master_universitari\/fitxa\/E\/M0X08\/index.html\"><span class=\"s2\">M\u00e0ster d\u2019estudis de Dones, G\u00e8nere i Ciutadania<\/span><\/a>.<span class=\"Apple-converted-space\">\u00a0 \u00a0<\/span><\/span><\/p>\n<p>Per resoldre qualsevol dubte, us podeu posar en contacte amb l&#8217;administraci\u00f3 de la secci\u00f3:<\/p>\n<p>Marina D\u00edaz, secretaria administrativa de la Secci\u00f3: <strong><span class=\"qu\" tabindex=\"-1\" role=\"gridcell\"><span class=\"go\">marina.diaz@ub.edu<\/span><\/span><\/strong><\/p>\n<p>Antoni Vives, secretari de coordinaci\u00f3: <strong>tonivives@ub.edu\u00a0<\/strong><\/p>\n<p>Queralt Sol\u00e9 , coordinadora de la Secci\u00f3: <strong>queraltsole@ub.edu\u00a0<\/strong><\/p>\n<p class=\"p1\">\n<!-- AddThis Advanced Settings generic via filter on the_content --><!-- AddThis Share Buttons generic via filter on the_content -->","protected":false},"excerpt":{"rendered":"<p>Com el seu nom indica, la cronologia defineix els docents que s\u2019integren a la Secci\u00f3, havent-hi professors especialistes en el per\u00edode compr\u00e8s entre finals del segle XVIII i fins el XXI, sent diverses les l\u00ednies de recerca que treballen.\u00a0<!-- AddThis Advanced Settings generic via filter on get_the_excerpt --><!-- AddThis Share Buttons generic via filter on get_the_excerpt --><\/p>\n","protected":false},"author":1,"featured_media":881,"parent":0,"menu_order":0,"comment_status":"closed","ping_status":"closed","template":"capcalera-seccio.php","meta":[],"acf":[],"jetpack_shortlink":"https:\/\/wp.me\/P9TqTc-1m","_links":{"self":[{"href":"https:\/\/www.ub.edu\/dphc\/wp-json\/wp\/v2\/pages\/84"}],"collection":[{"href":"https:\/\/www.ub.edu\/dphc\/wp-json\/wp\/v2\/pages"}],"about":[{"href":"https:\/\/www.ub.edu\/dphc\/wp-json\/wp\/v2\/types\/page"}],"author":[{"embeddable":true,"href":"https:\/\/www.ub.edu\/dphc\/wp-json\/wp\/v2\/users\/1"}],"replies":[{"embeddable":true,"href":"https:\/\/www.ub.edu\/dphc\/wp-json\/wp\/v2\/comments?post=84"}],"version-history":[{"count":15,"href":"https:\/\/www.ub.edu\/dphc\/wp-json\/wp\/v2\/pages\/84\/revisions"}],"predecessor-version":[{"id":4887,"href":"https:\/\/www.ub.edu\/dphc\/wp-json\/wp\/v2\/pages\/84\/revisions\/4887"}],"wp:featuredmedia":[{"embeddable":true,"href":"https:\/\/www.ub.edu\/dphc\/wp-json\/wp\/v2\/media\/881"}],"wp:attachment":[{"href":"https:\/\/www.ub.edu\/dphc\/wp-json\/wp\/v2\/media?parent=84"}],"curies":[{"name":"wp","href":"https:\/\/api.w.org\/{rel}","templated":true}]}}