{"id":18,"date":"2023-11-22T12:49:24","date_gmt":"2023-11-22T10:49:24","guid":{"rendered":"https:\/\/www.ub.edu\/dretambiental\/?page_id=18"},"modified":"2024-04-09T11:34:36","modified_gmt":"2024-04-09T09:34:36","slug":"titol-dexpert","status":"publish","type":"page","link":"https:\/\/www.ub.edu\/dretambiental\/titol-dexpert\/","title":{"rendered":"T\u00edtol d&#8217;expert"},"content":{"rendered":"\t\t<div data-elementor-type=\"wp-page\" data-elementor-id=\"18\" class=\"elementor elementor-18\">\n\t\t\t\t<div class=\"elementor-element elementor-element-3e6e9918 e-flex e-con-boxed e-con e-parent\" data-id=\"3e6e9918\" data-element_type=\"container\" data-settings=\"{&quot;content_width&quot;:&quot;boxed&quot;}\" data-core-v316-plus=\"true\">\n\t\t\t\t\t<div class=\"e-con-inner\">\n\t\t\t\t<div class=\"elementor-element elementor-element-2582542d elementor-widget__width-initial elementor-widget elementor-widget-text-editor\" data-id=\"2582542d\" data-element_type=\"widget\" data-widget_type=\"text-editor.default\">\n\t\t\t\t<div class=\"elementor-widget-container\">\n\t\t\t<style>\/*! elementor - v3.19.0 - 07-02-2024 *\/\n.elementor-widget-text-editor.elementor-drop-cap-view-stacked .elementor-drop-cap{background-color:#69727d;color:#fff}.elementor-widget-text-editor.elementor-drop-cap-view-framed .elementor-drop-cap{color:#69727d;border:3px solid;background-color:transparent}.elementor-widget-text-editor:not(.elementor-drop-cap-view-default) .elementor-drop-cap{margin-top:8px}.elementor-widget-text-editor:not(.elementor-drop-cap-view-default) .elementor-drop-cap-letter{width:1em;height:1em}.elementor-widget-text-editor .elementor-drop-cap{float:left;text-align:center;line-height:1;font-size:50px}.elementor-widget-text-editor .elementor-drop-cap-letter{display:inline-block}<\/style>\t\t\t\t<p><!-- wp:paragraph {\"fontSize\":\"large\"} --><\/p>\n<p class=\"has-large-font-size\">Qu\u00e8<strong> \u00e9s el t\u00edtol d&#8217;expert?<\/strong><\/p>\n<div>Aquest T\u00edtol d&#8217;expert expedit per la Universitat de Barcelona t\u00e9 per finalitat que els estudiants disposin dels coneixements necessaris per comprendre les transformacions del Dret ambiental de la Uni\u00f3 Europea i la seva incid\u00e8ncia en el Dret dels estats membre i en l&#8217;escenari internacional.<\/div>\n<div>\u00a0<\/div>\n<div>Est\u00e0 dirigit a graduats de Dret i d&#8217;altres graus pr\u00e8via acceptaci\u00f3 del director del T\u00edtol d&#8217;expert. Tamb\u00e9 a estudiants del grau de Dret (en especial del darrer curs) que obtindran un certificat d&#8217;extensi\u00f3 universit\u00e0ria. Si aquests estudiants finalitzen el grau abans del T\u00edtol d&#8217;expert se&#8217;ls podr\u00e0 recon\u00e8ixer aquest T\u00edtol d&#8217;expert.<\/div>\n<div>\u00a0<\/div>\n<div>T\u00e9 un total de 15 cr\u00e8dits que es divideixen en tres m\u00f2duls Les places s\u00f3n limitades i el preu \u00e9s 250\u20ac<\/div>\n<p><!-- \/wp:paragraph --><!-- wp:image {\"id\":65,\"sizeSlug\":\"large\",\"linkDestination\":\"none\"} --><\/p>\n<figure class=\"wp-block-image size-large\"><img fetchpriority=\"high\" decoding=\"async\" class=\"alignnone wp-image-212 size-large\" src=\"https:\/\/www.ub.edu\/dretambiental\/wp-content\/uploads\/2023\/12\/CAT.-Triptic-Titol-dExpert-2023-24-1024x724.png\" alt=\"\" width=\"1024\" height=\"724\" srcset=\"https:\/\/www.ub.edu\/dretambiental\/wp-content\/uploads\/2023\/12\/CAT.-Triptic-Titol-dExpert-2023-24-1024x724.png 1024w, https:\/\/www.ub.edu\/dretambiental\/wp-content\/uploads\/2023\/12\/CAT.-Triptic-Titol-dExpert-2023-24-300x212.png 300w, https:\/\/www.ub.edu\/dretambiental\/wp-content\/uploads\/2023\/12\/CAT.-Triptic-Titol-dExpert-2023-24-768x543.png 768w, https:\/\/www.ub.edu\/dretambiental\/wp-content\/uploads\/2023\/12\/CAT.-Triptic-Titol-dExpert-2023-24-1536x1086.png 1536w, https:\/\/www.ub.edu\/dretambiental\/wp-content\/uploads\/2023\/12\/CAT.-Triptic-Titol-dExpert-2023-24-18x12.png 18w, https:\/\/www.ub.edu\/dretambiental\/wp-content\/uploads\/2023\/12\/CAT.-Triptic-Titol-dExpert-2023-24.png 2000w\" sizes=\"(max-width: 1024px) 100vw, 1024px\" \/><\/figure>\n<p><!-- \/wp:image --><!-- wp:image {\"id\":27,\"sizeSlug\":\"large\",\"linkDestination\":\"none\"} --><\/p>\n<figure class=\"wp-block-image size-large\"><img decoding=\"async\" class=\"alignnone wp-image-213 size-large\" src=\"https:\/\/www.ub.edu\/dretambiental\/wp-content\/uploads\/2023\/12\/CAT.-Triptic-Titol-dExpert-2023-24-1-1024x724.png\" alt=\"\" width=\"1024\" height=\"724\" srcset=\"https:\/\/www.ub.edu\/dretambiental\/wp-content\/uploads\/2023\/12\/CAT.-Triptic-Titol-dExpert-2023-24-1-1024x724.png 1024w, https:\/\/www.ub.edu\/dretambiental\/wp-content\/uploads\/2023\/12\/CAT.-Triptic-Titol-dExpert-2023-24-1-300x212.png 300w, https:\/\/www.ub.edu\/dretambiental\/wp-content\/uploads\/2023\/12\/CAT.-Triptic-Titol-dExpert-2023-24-1-768x543.png 768w, https:\/\/www.ub.edu\/dretambiental\/wp-content\/uploads\/2023\/12\/CAT.-Triptic-Titol-dExpert-2023-24-1-1536x1086.png 1536w, https:\/\/www.ub.edu\/dretambiental\/wp-content\/uploads\/2023\/12\/CAT.-Triptic-Titol-dExpert-2023-24-1-18x12.png 18w, https:\/\/www.ub.edu\/dretambiental\/wp-content\/uploads\/2023\/12\/CAT.-Triptic-Titol-dExpert-2023-24-1.png 2000w\" sizes=\"(max-width: 1024px) 100vw, 1024px\" \/><\/figure>\n<p class=\"has-large-font-size\"><strong>Inscripcions<\/strong><\/p>\n<p><!-- \/wp:paragraph --><!-- wp:file {\"id\":156,\"href\":\"https:\/\/www.ub.edu\/dretambiental\/wp-content\/uploads\/2023\/11\/Infografic-Titol-dExpert-2022-23.pdf\",\"displayPreview\":true} --><!-- \/wp:file --><!-- wp:paragraph --><\/p>\n<p><strong>Les Inscripcions romandran obertes fins a l \u20191 de Febrer de 2024.<\/strong><\/p>\n<p><!-- \/wp:paragraph --><!-- wp:paragraph --><\/p>\n<p><strong>Informaci\u00f3 sobre la preinscripci\u00f3 del T\u00edtol d\u2019Expert<\/strong>:<span style=\"color: #333333;\">\u00a0<a style=\"color: #333333;\" href=\"http:\/\/www4.giga.ub.edu\/acad\/npost\/pub\/fullcurs.php?idcodidage=202211127&amp;lang=1\">http:\/\/www4.giga.ub.edu\/acad\/npost\/pub\/fullcurs.php?idcodidage=202211127&amp;lang=1<\/a><\/span><\/p>\n<p><!-- \/wp:paragraph --><!-- wp:paragraph --><\/p>\n<p><strong>Informaci\u00f3 relativa al proc\u00e9s de matr\u00edcula<\/strong>:\u00a0<span style=\"color: #333333;\"><a style=\"color: #333333;\" href=\"http:\/\/www.ub.edu\/acad\/postgrau\/matricula\/welcome.html\">http:\/\/www.ub.edu\/acad\/postgraum<\/a><\/span><\/p>\n<p><!-- \/wp:paragraph --><!-- wp:paragraph --><\/p>\n<p><strong>La inscripci\u00f3 s\u2019ha de fer a l\u2019Escola de Postgrau de la Facultat de Dret de la UB:<\/strong><a href=\"http:\/\/www4.giga.ub.edu\/acad\/npost\/pub\/fullcurs.php?idcodidage=202011779&amp;lang=1\" target=\"_blank\" rel=\"noreferrer noopener\"><br \/><\/a><span style=\"color: #333333;\"><a style=\"color: #333333;\" href=\"https:\/\/www.ub.edu\/acad\/npost\/matr\/identificacio.php?idcodidage=202211127&amp;lang=1&amp;curs=2023&amp;proces=PRE1\" target=\"_blank\" rel=\"noreferrer noopener\">https:\/\/www.ub.edu\/acad\/npost\/matr\/identificacio.php?idcodidage=202211127&amp;lang=1&amp;curs=2023&amp;proces=PRE1<\/a>\u00a0<\/span><\/p>\n<p><!-- \/wp:paragraph --><!-- wp:paragraph --><\/p>\n<p>Per a la inscripci\u00f3 cal presentar una c\u00f2pia de l\u2019expedient dels estudis del Grau i una c\u00f2pia del DNI escanejada per les dues bandes.\u00a0S\u2019han de seleccionar els tres m\u00f2duls.\u00a0En cas que s\u2019hagi cursat l\u2019assignatura de Dret ambiental a la UB o a una altra universitat, es pot sol\u00b7licitar l\u2019adaptaci\u00f3 d\u2019estudis previs a t\u00edtols propis pel m\u00f2dul 1 mitjan\u00e7ant el seg\u00fcent formulari:<br \/><a href=\"https:\/\/ub-jmchaireuenvironmentallaw.com\/wp-content\/uploads\/2019\/12\/Reconeixment-propis_Formulari-cor.docx\"><br \/><span style=\"color: #333333;\">Formulari per a la sol\u00b7licitud d\u2019adaptaci\u00f3 d\u2019estudis previs a t\u00edtols propis<\/span><\/a><\/p>\n<p><!-- \/wp:paragraph --><!-- wp:paragraph --><\/p>\n<p>Un cop emplenat aquest document, juntament amb una c\u00f2pia del seu expedient dels estudis del Grau i una fotoc\u00f2pia del DNI, cal enviar-lo al Dr. \u00c0lex Pe\u00f1alver i Cabr\u00e9\u00a0 (<span style=\"color: #333333;\"><a style=\"color: #333333;\" href=\"mailto:mcampins@ub.edu\" target=\"_blank\" rel=\"noreferrer noopener\">alexpenalvercabre@ub.edu<\/a><\/span>) per a la seva aprovaci\u00f3. Un cop aprovat, s\u2019ajusta el preu de la matr\u00edcula.<\/p>\n<p><!-- \/wp:paragraph --><!-- wp:paragraph --><\/p>\n<p><!-- \/wp:image --><!-- wp:paragraph --><\/p>\n<p><!-- \/wp:paragraph --><!-- wp:paragraph {\"fontSize\":\"large\"} --><\/p>\n<p class=\"has-large-font-size\"><strong>Infogr\u00e0fic d&#8217;activitats\u00a0<\/strong><\/p>\n<p class=\"has-large-font-size\"><strong> <img decoding=\"async\" class=\"alignnone wp-image-514 size-large\" src=\"https:\/\/www.ub.edu\/dretambiental\/wp-content\/uploads\/2024\/01\/Infografic-Titol-dExpert-2022-23-10-410x1024.png\" alt=\"\" width=\"410\" height=\"1024\" srcset=\"https:\/\/www.ub.edu\/dretambiental\/wp-content\/uploads\/2024\/01\/Infografic-Titol-dExpert-2022-23-10-410x1024.png 410w, https:\/\/www.ub.edu\/dretambiental\/wp-content\/uploads\/2024\/01\/Infografic-Titol-dExpert-2022-23-10-120x300.png 120w, https:\/\/www.ub.edu\/dretambiental\/wp-content\/uploads\/2024\/01\/Infografic-Titol-dExpert-2022-23-10-768x1920.png 768w, https:\/\/www.ub.edu\/dretambiental\/wp-content\/uploads\/2024\/01\/Infografic-Titol-dExpert-2022-23-10.png 800w\" sizes=\"(max-width: 410px) 100vw, 410px\" \/><\/strong><\/p>\n<p>\u00a0<\/p>\n<p><span style=\"color: #333333;\"><a style=\"color: #333333;\" href=\"https:\/\/www.ub.edu\/dretambiental\/wp-content\/uploads\/2023\/12\/Infografico-MA_CAS_CAT.pdf\">M\u00e9s informaci\u00f3<\/a><\/span><\/p>\n<p>Per m\u00e9s informaci\u00f3: <span style=\"color: #333333;\"><a style=\"color: #333333;\" href=\"mailto:formacio.dretambiental@ub.edu\" target=\"_blank\" rel=\"noreferrer noopener\">formacio.dretambiental@ub.edu<\/a>\u00a0<\/span><\/p>\n<p><span style=\"color: #333333;\">\u00a0<\/span><\/p>\n<p><span style=\"color: #333333;\">SEMINARI \u00abEL PRINCIPI DE NO REGRESSI\u00d3 AMBIENTAL\u00bb<\/span><\/p>\n<p><img loading=\"lazy\" decoding=\"async\" class=\"alignnone wp-image-625 size-large\" src=\"https:\/\/www.ub.edu\/dretambiental\/wp-content\/uploads\/2024\/03\/Catala-2-724x1024.png\" alt=\"\" width=\"724\" height=\"1024\" srcset=\"https:\/\/www.ub.edu\/dretambiental\/wp-content\/uploads\/2024\/03\/Catala-2-724x1024.png 724w, https:\/\/www.ub.edu\/dretambiental\/wp-content\/uploads\/2024\/03\/Catala-2-212x300.png 212w, https:\/\/www.ub.edu\/dretambiental\/wp-content\/uploads\/2024\/03\/Catala-2-768x1086.png 768w, https:\/\/www.ub.edu\/dretambiental\/wp-content\/uploads\/2024\/03\/Catala-2-1086x1536.png 1086w, https:\/\/www.ub.edu\/dretambiental\/wp-content\/uploads\/2024\/03\/Catala-2-1448x2048.png 1448w, https:\/\/www.ub.edu\/dretambiental\/wp-content\/uploads\/2024\/03\/Catala-2.png 1587w\" sizes=\"(max-width: 724px) 100vw, 724px\" \/><\/p>\n<p>Presentaci\u00f3 Maria\u00a0<span style=\"background-color: var( --e-global-color-primary ); font-size: var(--wp--preset--font-size--medium);\">Valeria Berros:\u00a0<\/span><a style=\"background-color: var( --e-global-color-primary ); font-size: var(--wp--preset--font-size--medium);\" href=\"https:\/\/www.ub.edu\/dretambiental\/wp-content\/uploads\/2024\/03\/Presentacion_Regresiones_FINAL-3.pptx\">Presentacion_Regresiones_FINAL\u00a0<\/a><\/p>\n<div class=\"wp-block-group\">\n<p><!-- \/wp:paragraph --><\/p>\n<\/div>\n<p><!-- \/wp:group --><\/p>\t\t\t\t\t\t<\/div>\n\t\t\t\t<\/div>\n\t\t\t\t\t<\/div>\n\t\t\t\t<\/div>\n\t\t\t\t<\/div>\n\t\t","protected":false},"excerpt":{"rendered":"<p>Qu\u00e8 \u00e9s el t\u00edtol d&#8217;expert? Aquest T\u00edtol d&#8217;expert expedit per la Universitat de Barcelona t\u00e9 per finalitat que els estudiants disposin dels coneixements necessaris per comprendre les transformacions del Dret ambiental de la Uni\u00f3 Europea i la seva incid\u00e8ncia en el Dret dels estats membre i en l&#8217;escenari internacional. \u00a0 Est\u00e0 dirigit a graduats de [&hellip;]<\/p>\n","protected":false},"author":3,"featured_media":0,"parent":0,"menu_order":0,"comment_status":"closed","ping_status":"closed","template":"","meta":{"footnotes":""},"class_list":["post-18","page","type-page","status-publish","hentry"],"_links":{"self":[{"href":"https:\/\/www.ub.edu\/dretambiental\/wp-json\/wp\/v2\/pages\/18","targetHints":{"allow":["GET"]}}],"collection":[{"href":"https:\/\/www.ub.edu\/dretambiental\/wp-json\/wp\/v2\/pages"}],"about":[{"href":"https:\/\/www.ub.edu\/dretambiental\/wp-json\/wp\/v2\/types\/page"}],"author":[{"embeddable":true,"href":"https:\/\/www.ub.edu\/dretambiental\/wp-json\/wp\/v2\/users\/3"}],"replies":[{"embeddable":true,"href":"https:\/\/www.ub.edu\/dretambiental\/wp-json\/wp\/v2\/comments?post=18"}],"version-history":[{"count":84,"href":"https:\/\/www.ub.edu\/dretambiental\/wp-json\/wp\/v2\/pages\/18\/revisions"}],"predecessor-version":[{"id":758,"href":"https:\/\/www.ub.edu\/dretambiental\/wp-json\/wp\/v2\/pages\/18\/revisions\/758"}],"wp:attachment":[{"href":"https:\/\/www.ub.edu\/dretambiental\/wp-json\/wp\/v2\/media?parent=18"}],"curies":[{"name":"wp","href":"https:\/\/api.w.org\/{rel}","templated":true}]}}