{"id":21,"date":"2023-11-22T19:17:17","date_gmt":"2023-11-22T17:17:17","guid":{"rendered":"https:\/\/www.ub.edu\/dretambiental\/?page_id=21"},"modified":"2024-05-21T10:01:46","modified_gmt":"2024-05-21T08:01:46","slug":"seminaris","status":"publish","type":"page","link":"https:\/\/www.ub.edu\/dretambiental\/seminaris\/","title":{"rendered":"Seminaris"},"content":{"rendered":"\n<p>Els seminaris s\u2019imparteixen indistintament en catal\u00e0, castell\u00e0 o angl\u00e8s.<\/p>\n\n\n\n<p>S\u00f3n&nbsp;<strong>presencials<\/strong>, si b\u00e9 es podran seguir virtualment. Per\u00f2 es lliurar\u00e0 certificat d\u2019assist\u00e8ncia \u00fanicament a qui hagi assistit presencialment. Compten amb la col\u00b7laboraci\u00f3 de l\u2019Institut de Drets Humans de Catalunya i de l\u2019Observatori de Dret P\u00fablic IDP.<\/p>\n\n\n\n<div style=\"height:100px\" aria-hidden=\"true\" class=\"wp-block-spacer\"><\/div>\n\n\n\n<p style=\"font-size:clamp(1.039rem, 1.039rem + ((1vw - 0.2rem) * 0.935), 1.6rem);\"><strong>PRIMER SEMINARI: DRET DE LA UNI\u00d3 EUROPEA SOBRE AIGUA<\/strong><\/p>\n\n\n\n<p>Dies: 13, 15, 20 i 22 de febrer 2024<\/p>\n\n\n\n<p>Per a m\u00e9s informaci\u00f3 I inscripci\u00f3:&nbsp;<\/p>\n\n\n\n<p>&nbsp;<a href=\"https:\/\/www.ub.edu\/dretambiental\/2023\/12\/15\/seminari-dret-de-la-ue-sobre-laigua\/\">https:\/\/www.ub.edu\/dretambiental\/2023\/12\/15\/seminari-dret-de-la-ue-sobre-laigua\/<\/a><\/p>\n\n\n\n<p><\/p>\n\n\n\n<figure class=\"wp-block-image size-large\"><img decoding=\"async\" src=\"https:\/\/www.ub.edu\/dretambiental\/wp-content\/uploads\/2024\/02\/Seminari-La-proteccio-de-laigua-a-la-UE-i-la-cooperacio-internacional-10-724x1024.png\" alt=\"\" class=\"wp-image-220\" style=\"object-fit:cover\"\/><\/figure>\n\n\n\n<div style=\"height:100px\" aria-hidden=\"true\" class=\"wp-block-spacer\"><\/div>\n\n\n\n<p style=\"font-size:clamp(1.092rem, 1.092rem + ((1vw - 0.2rem) * 1.013), 1.7rem);\">SEGON SEMINARI: EMPRESES, DRETS HUMANS I MEDI AMBIENT: UNA VISI\u00d3 PANOR\u00c0MICA<\/p>\n\n\n\n<p>Dia: 20 de mar\u00e7 2024<\/p>\n\n\n\n<p>Per a m\u00e9s informaci\u00f3 i inscripci\u00f3:&nbsp;<\/p>\n\n\n\n<p><a href=\"https:\/\/www.ub.edu\/dretambiental\/2024\/02\/28\/ponencia-empreses-drets-humans-i-medi-ambient-una-visio-panoramica\/\">https:\/\/www.ub.edu\/dretambiental\/2024\/02\/28\/ponencia-empreses-drets-humans-i-medi-ambient-una-visio-panoramica\/<\/a><\/p>\n\n\n\n<figure class=\"wp-block-image\"><img decoding=\"async\" src=\"https:\/\/www.ub.edu\/dretambiental\/wp-content\/uploads\/2024\/02\/Catala-1-724x1024.png\" alt=\"\"\/><\/figure>\n\n\n\n<div style=\"height:100px\" aria-hidden=\"true\" class=\"wp-block-spacer\"><\/div>\n\n\n\n<p style=\"font-size:clamp(1.092rem, 1.092rem + ((1vw - 0.2rem) * 1.013), 1.7rem);\">TERCER SEMINARI: LITIGACI\u00d3 CLIM\u00c0TICA EN ELS TRIBUNALS INTERNACIONALS<\/p>\n\n\n\n<p>Dia: 17 d&#8217;abril 2024<\/p>\n\n\n\n<p>Per a m\u00e9s informaci\u00f3 i inscripci\u00f3: <a href=\"https:\/\/www.ub.edu\/dretambiental\/2024\/03\/19\/seminari-litigacio-climatica-en-els-tribunals-internacionals\/\">https:\/\/www.ub.edu\/dretambiental\/2024\/03\/19\/seminari-litigacio-climatica-en-els-tribunals-internacionals\/<\/a><\/p>\n\n\n\n<figure class=\"wp-block-image\"><img decoding=\"async\" src=\"https:\/\/www.ub.edu\/dretambiental\/wp-content\/uploads\/2024\/03\/Catala-3-724x1024.png\" alt=\"\"\/><\/figure>\n\n\n\n<div style=\"height:100px\" aria-hidden=\"true\" class=\"wp-block-spacer\"><\/div>\n\n\n\n<p style=\"font-size:clamp(1.092rem, 1.092rem + ((1vw - 0.2rem) * 1.013), 1.7rem);\"><style>\/*! elementor - v3.19.0 - 07-02-2024 *\/&amp;amp;amp;lt;br \/> .elementor-column .elementor-spacer-inner{height:var(--spacer-size)}.e-con{--container-widget-width:100%}.e-con-inner>.elementor-widget-spacer,.e-con>.elementor-widget-spacer{width:var(--container-widget-width,var(--spacer-size));--align-self:var(--container-widget-align-self,initial);--flex-shrink:0}.e-con-inner>.elementor-widget-spacer>.elementor-widget-container,.e-con>.elementor-widget-spacer>.elementor-widget-container{height:100%;width:100%}.e-con-inner>.elementor-widget-spacer>.elementor-widget-container>.elementor-spacer,.e-con>.elementor-widget-spacer>.elementor-widget-container>.elementor-spacer{height:100%}.e-con-inner>.elementor-widget-spacer>.elementor-widget-container>.elementor-spacer>.elementor-spacer-inner,.e-con>.elementor-widget-spacer>.elementor-widget-container>.elementor-spacer>.elementor-spacer-inner{height:var(--container-widget-height,var(--spacer-size))}.e-con-inner>.elementor-widget-spacer.elementor-widget-empty,.e-con>.elementor-widget-spacer.elementor-widget-empty{position:relative;min-height:22px;min-width:22px}.e-con-inner>.elementor-widget-spacer.elementor-widget-empty .elementor-widget-empty-icon,.e-con>.elementor-widget-spacer.elementor-widget-empty .elementor-widget-empty-icon{position:absolute;top:0;bottom:0;left:0;right:0;margin:auto;padding:0;width:22px;height:22px}<\/style>QUART SEMINARI: WEBINARS A TOT EL M\u00d3N: DRETS AMBIENTALS, PER QU\u00c8 I COM PROTEGIR-LOS MILLOR?&nbsp;<\/p>\n\n\n\n<p>Dia: 24 d&#8217;abril 2024<\/p>\n\n\n\n<p>Per a m\u00e9s informaci\u00f3 i inscripci\u00f3: <a href=\"https:\/\/www.ub.edu\/dretambiental\/2024\/03\/19\/seminari-drets-humans-i-medi-ambient\/\">https:\/\/www.ub.edu\/dretambiental\/2024\/03\/19\/seminari-drets-humans-i-medi-ambient\/<\/a><\/p>\n\n\n\n<p><\/p>\n\n\n\n<figure class=\"wp-block-image\"><img decoding=\"async\" src=\"https:\/\/www.ub.edu\/dretambiental\/wp-content\/uploads\/2024\/04\/Seminari-sobre-drets-humans-i-medi-ambient-6-768x1024.png\" alt=\"\"\/><\/figure>\n\n\n\n<div style=\"height:100px\" aria-hidden=\"true\" class=\"wp-block-spacer\"><\/div>\n\n\n\n<p style=\"font-size:clamp(1.092rem, 1.092rem + ((1vw - 0.2rem) * 1.013), 1.7rem);\">CINQU\u00c8 SEMINARI: REPTES PRINCIPALS EN L&#8217;APLICACI\u00d3 DEL DRET AMBIENTAL<\/p>\n\n\n\n<p>Dia: 8 de maig 2024<\/p>\n\n\n\n<p>Per a m\u00e9s informaci\u00f3 i inscripci\u00f3: <a href=\"https:\/\/www.ub.edu\/dretambiental\/2024\/04\/25\/seminari-reptes-principals-en-laplicacio-del-dret-ambiental\/\">https:\/\/www.ub.edu\/dretambiental\/2024\/04\/25\/seminari-reptes-principals-en-laplicacio-del-dret-ambiental\/<\/a><\/p>\n\n\n\n<figure class=\"wp-block-image\"><img decoding=\"async\" src=\"https:\/\/www.ub.edu\/dretambiental\/wp-content\/uploads\/2024\/04\/REPTES-PRINCIPALS-EN-LAPLICACIO-DEL-DRET-AMBIENTAL-724x1024.png\" alt=\"\"\/><\/figure>\n\n\n\n<div style=\"height:100px\" aria-hidden=\"true\" class=\"wp-block-spacer\"><\/div>\n\n\n\n<p style=\"font-size:clamp(1.092rem, 1.092rem + ((1vw - 0.2rem) * 1.013), 1.7rem);\">SIS\u00c8 SEMINARI: EL DRET DE LA UE DAVANT L&#8217;EMERG\u00c8NCIA CLIM\u00c0TICA<\/p>\n\n\n\n<p>Dies: 4, 6, 11 i 13 de juny de 2024<\/p>\n\n\n\n<p>Per a m\u00e9s informaci\u00f3 i inscripci\u00f3: <a href=\"https:\/\/www.ub.edu\/dretambiental\/2024\/05\/07\/seminari-el-dret-de-la-unio-europea-davant-lemergencia-climatica\/\">https:\/\/www.ub.edu\/dretambiental\/2024\/05\/07\/seminari-el-dret-de-la-unio-europea-davant-lemergencia-climatica\/<\/a><\/p>\n\n\n\n<figure class=\"wp-block-image size-large\"><img fetchpriority=\"high\" decoding=\"async\" width=\"724\" height=\"1024\" src=\"https:\/\/www.ub.edu\/dretambiental\/wp-content\/uploads\/2024\/05\/Cartel-Habitos-Sostenibles-Ilustrado-Verde-1-724x1024.png\" alt=\"\" class=\"wp-image-889\" srcset=\"https:\/\/www.ub.edu\/dretambiental\/wp-content\/uploads\/2024\/05\/Cartel-Habitos-Sostenibles-Ilustrado-Verde-1-724x1024.png 724w, https:\/\/www.ub.edu\/dretambiental\/wp-content\/uploads\/2024\/05\/Cartel-Habitos-Sostenibles-Ilustrado-Verde-1-212x300.png 212w, https:\/\/www.ub.edu\/dretambiental\/wp-content\/uploads\/2024\/05\/Cartel-Habitos-Sostenibles-Ilustrado-Verde-1-768x1086.png 768w, https:\/\/www.ub.edu\/dretambiental\/wp-content\/uploads\/2024\/05\/Cartel-Habitos-Sostenibles-Ilustrado-Verde-1-1086x1536.png 1086w, https:\/\/www.ub.edu\/dretambiental\/wp-content\/uploads\/2024\/05\/Cartel-Habitos-Sostenibles-Ilustrado-Verde-1.png 1414w\" sizes=\"(max-width: 724px) 100vw, 724px\" \/><\/figure>\n\n\n\n<div style=\"height:100px\" aria-hidden=\"true\" class=\"wp-block-spacer\"><\/div>\n\n\n\n<p><style>\/*! elementor - v3.19.0 - 07-02-2024 *\/<br \/>\n.elementor-heading-title{padding:0;margin:0;line-height:1}.elementor-widget-heading .elementor-heading-title[class*=elementor-size-]>a{color:inherit;font-size:inherit;line-height:inherit}.elementor-widget-heading .elementor-heading-title.elementor-size-small{font-size:15px}.elementor-widget-heading .elementor-heading-title.elementor-size-medium{font-size:19px}.elementor-widget-heading .elementor-heading-title.elementor-size-large{font-size:29px}.elementor-widget-heading .elementor-heading-title.elementor-size-xl{font-size:39px}.elementor-widget-heading .elementor-heading-title.elementor-size-xxl{font-size:59px}<\/style><\/p>\n\n\n\n<h2 class=\"wp-block-heading\">ALTRES SEMINARIS<\/h2>\n\n\n\n<figure class=\"wp-block-image\"><img decoding=\"async\" src=\"https:\/\/www.ub.edu\/dretambiental\/wp-content\/uploads\/2024\/03\/Catala-2-724x1024.png\" alt=\"\"\/><\/figure>\n\n\n\n<p><\/p>\n\n\n\n<p><\/p>\n\n\n\n<figure class=\"wp-block-image size-large\"><a href=\"https:\/\/www.ub.edu\/dretambiental\/2024\/05\/15\/seminari-internacional-de-litigacio-ambiental-estrategica\/\"><img decoding=\"async\" width=\"667\" height=\"1024\" src=\"https:\/\/www.ub.edu\/dretambiental\/wp-content\/uploads\/2024\/05\/Liti-aMbiental-c1-667x1024.jpg\" alt=\"\" class=\"wp-image-879\" srcset=\"https:\/\/www.ub.edu\/dretambiental\/wp-content\/uploads\/2024\/05\/Liti-aMbiental-c1-667x1024.jpg 667w, https:\/\/www.ub.edu\/dretambiental\/wp-content\/uploads\/2024\/05\/Liti-aMbiental-c1-195x300.jpg 195w, https:\/\/www.ub.edu\/dretambiental\/wp-content\/uploads\/2024\/05\/Liti-aMbiental-c1-768x1179.jpg 768w, https:\/\/www.ub.edu\/dretambiental\/wp-content\/uploads\/2024\/05\/Liti-aMbiental-c1-1001x1536.jpg 1001w, https:\/\/www.ub.edu\/dretambiental\/wp-content\/uploads\/2024\/05\/Liti-aMbiental-c1-1334x2048.jpg 1334w, https:\/\/www.ub.edu\/dretambiental\/wp-content\/uploads\/2024\/05\/Liti-aMbiental-c1-scaled.jpg 1668w\" sizes=\"(max-width: 667px) 100vw, 667px\" \/><\/a><\/figure>\n","protected":false},"excerpt":{"rendered":"<p>Els seminaris s\u2019imparteixen indistintament en catal\u00e0, castell\u00e0 o angl\u00e8s. S\u00f3n&nbsp;presencials, si b\u00e9 es podran seguir virtualment. Per\u00f2 es lliurar\u00e0 certificat d\u2019assist\u00e8ncia \u00fanicament a qui hagi assistit presencialment. Compten amb la col\u00b7laboraci\u00f3 de l\u2019Institut de Drets Humans de Catalunya i de l\u2019Observatori de Dret P\u00fablic IDP. PRIMER SEMINARI: DRET DE LA UNI\u00d3 EUROPEA SOBRE AIGUA Dies: [&hellip;]<\/p>\n","protected":false},"author":3,"featured_media":0,"parent":0,"menu_order":0,"comment_status":"closed","ping_status":"closed","template":"","meta":{"footnotes":""},"class_list":["post-21","page","type-page","status-publish","hentry"],"_links":{"self":[{"href":"https:\/\/www.ub.edu\/dretambiental\/wp-json\/wp\/v2\/pages\/21","targetHints":{"allow":["GET"]}}],"collection":[{"href":"https:\/\/www.ub.edu\/dretambiental\/wp-json\/wp\/v2\/pages"}],"about":[{"href":"https:\/\/www.ub.edu\/dretambiental\/wp-json\/wp\/v2\/types\/page"}],"author":[{"embeddable":true,"href":"https:\/\/www.ub.edu\/dretambiental\/wp-json\/wp\/v2\/users\/3"}],"replies":[{"embeddable":true,"href":"https:\/\/www.ub.edu\/dretambiental\/wp-json\/wp\/v2\/comments?post=21"}],"version-history":[{"count":127,"href":"https:\/\/www.ub.edu\/dretambiental\/wp-json\/wp\/v2\/pages\/21\/revisions"}],"predecessor-version":[{"id":892,"href":"https:\/\/www.ub.edu\/dretambiental\/wp-json\/wp\/v2\/pages\/21\/revisions\/892"}],"wp:attachment":[{"href":"https:\/\/www.ub.edu\/dretambiental\/wp-json\/wp\/v2\/media?parent=21"}],"curies":[{"name":"wp","href":"https:\/\/api.w.org\/{rel}","templated":true}]}}