{"id":2181,"date":"2018-06-13T11:38:53","date_gmt":"2018-06-13T11:38:53","guid":{"rendered":"https:\/\/www.ub.edu\/drogodependencies\/avis-legal\/"},"modified":"2023-07-20T10:07:11","modified_gmt":"2023-07-20T10:07:11","slug":"aviso-legal","status":"publish","type":"page","link":"https:\/\/www.ub.edu\/drogodependencies\/es\/aviso-legal\/","title":{"rendered":"Aviso Legal"},"content":{"rendered":"<h3 style=\"text-align: justify;\">Aviso legal<\/h3>\n<div id=\"contingut\" class=\"no-menu\">\n<p style=\"text-align: justify;\"><b>I. INFORMACI\u00d3N GENERAL<\/b><\/p>\n<div style=\"text-align: justify;\">En cumplimiento de la Ley de Servicios de la Sociedad de la Informaci\u00f3n y Comercio Electr\u00f3nico y dem\u00e1s legislaci\u00f3n complementaria, se informa que el titular del sitio web es la Fundaci\u00f3n Privada Instituto de Formaci\u00f3n Continua de la Universidad de Barcelona\u00a0(IL3-UB), en adelante\u00a0el Instituto de Formaci\u00f3n Continua de la Universitat de Barcelona, con domicilio social en la calle Ciutat de Granada, n\u00fam. 131, 08018 Barcelona, con CIF G 64489172 e inscrita en el Registro de Fundaciones de la Generalitat de Catalunya con el n\u00fam. 2.320.<\/div>\n<div style=\"text-align: justify;\"><b>II. ACEPTACI\u00d3N DEL USUARIO Y USO CORRECTO DE LA WEB<\/b><\/div>\n<div style=\"text-align: justify;\"><\/div>\n<div style=\"text-align: justify;\">Este aviso es de obligada visualizaci\u00f3n y regula las condiciones de uso que deben ser observadas y respetadas por los usuarios de esta p\u00e1gina web. Es importante leerlo atentamente, ya que el hecho de acceder y utilizar los materiales contenidos en este aviso implica que el usuario lo ha le\u00eddo y acepta, sin reservas, las siguientes condiciones:<\/div>\n<div style=\"text-align: justify;\"><\/div>\n<div style=\"text-align: justify;\"><b>III. PROPIEDAD INTELECTUAL E INDUSTRIAL<\/b><\/div>\n<div style=\"text-align: justify;\"><b>\u00a0<\/b><\/div>\n<div style=\"text-align: justify;\">Este sitio web y todos sus contenidos, incluyendo signos distintivos, textos, im\u00e1genes, sonido y cualquier otro material son propiedad del Instituto de Formaci\u00f3n Continua de la Universitat de Barcelona, de alg\u00fan organismo vinculado a esta Fundaci\u00f3n o de terceros que hayan autorizado el uso de estos contenidos al Instituto de Formaci\u00f3n Continua de la Universitat de Barcelona.<\/div>\n<div style=\"text-align: justify;\"><\/div>\n<div style=\"text-align: justify;\">\u00a9 Todos los derechos est\u00e1n reservados por el Instituto de Formaci\u00f3n Continua de la Universitat de Barcelona. Queda estrictamente prohibido utilizar los contenidos de esta p\u00e1gina web, as\u00ed como signos distintivos, marcas, nombre comercial y nombre de dominio del Instituto de Formaci\u00f3n Continua de la Universitat de Barcelona.<\/div>\n<div style=\"text-align: justify;\"><\/div>\n<div style=\"text-align: justify;\">\n<p>El acceso a este sitio est\u00e1 sujeto a las siguientes condiciones:<\/p>\n<p>&#8211; Solo est\u00e1 autorizado el uso personal, no comercial. No est\u00e1 permitida la modificaci\u00f3n de la web ni de sus contenidos.<\/p>\n<\/div>\n<div style=\"text-align: justify;\">&#8211; El Instituto de Formaci\u00f3n Continua de la Universitat de Barcelona no es responsable de la informaci\u00f3n que se puede obtener a trav\u00e9s de enlaces a sistemas externos que no sean dependientes de esta Fundaci\u00f3n.<\/div>\n<div style=\"text-align: justify;\">&#8211;\u00a0El Instituto de Formaci\u00f3n Continua de la Universitat de Barcelona no asume ninguna responsabilidad por los da\u00f1os y perjuicios que puedan derivarse de interferencias o de aver\u00edas telef\u00f3nicas, desconexiones en el sistema electr\u00f3nico, presencia de virus inform\u00e1ticos, programas maliciosos o cualquier otro factor ajeno a su control.<\/div>\n<div style=\"text-align: justify;\">&#8211; En ning\u00fan caso las galletas u otros medios de naturaleza an\u00e1loga que se puedan utilizar servir\u00e1n para almacenar informaci\u00f3n que permita identificar la persona f\u00edsica usuaria de la web.<br \/>\n&#8211;\u00a0El Instituto de Formaci\u00f3n Continua de la Universitat de Barcelona se reserva el derecho de modificar sin previo aviso los contenidos de los dominios, as\u00ed como los t\u00e9rminos y condiciones de este aviso.<\/div>\n<div style=\"text-align: justify;\"><\/div>\n<div style=\"text-align: justify;\"><b>IV. COOKIES (GALLETAS) Y DIRECCIONES IP<\/b><\/div>\n<div style=\"text-align: justify;\"><\/div>\n<div style=\"text-align: justify;\">El usuario acepta el uso de galletas y seguimientos de direcciones IP. Nuestro analizador de tr\u00e1fico del site utiliza galletas y seguimientos de direcciones IP que nos permiten recoger datos a efectos estad\u00edsticos como fecha de la primera visita, n\u00famero de veces que se ha visitado, fecha de la \u00faltima visita, URL y dominio de la que proviene, explorador utilizado y resoluci\u00f3n de la pantalla. No obstante, el usuario si lo desea puede desactivar y\/o eliminar estas galletas siguiendo las instrucciones de su navegador de Internet.<\/div>\n<div style=\"text-align: justify;\"><\/div>\n<div style=\"text-align: justify;\">Este sitio web informa que est\u00e1 adherido al sistema publicitario de Google que utiliza galletas para mostrar contenidos publicitarios relacionados con la navegaci\u00f3n realizada por el usuario. Cuando un usuario accede a un sitio web adscrito al servicio de Google y hace clic en \u00e9l se introduce una galleta en su navegador a trav\u00e9s de la cual Google recopila informaci\u00f3n de la navegaci\u00f3n del usuario para gestionar y luego publicar anuncios a trav\u00e9s del programa de publicidad Google Adsense. El usuario puede inhabilitar en cualquier momento el uso de la galleta de Google a trav\u00e9s de la desactivaci\u00f3n de esta galleta en su navegador.<\/div>\n<div style=\"text-align: justify;\"><\/div>\n<div style=\"text-align: justify;\"><b>V. OBTENCI\u00d3N DE DATOS DEMOGR\u00c1FICOS EN GOOGLE ANALYTICS<\/b><\/div>\n<div style=\"text-align: justify;\"><\/div>\n<div style=\"text-align: justify;\">-Las funciones de Google Analytics que ha implementado basadas en la publicidad de display (por ejemplo, remarketing, informe de impresiones de la red de display de Google, integraci\u00f3n de DoubleClick Campaign Manager o informes de datos demogr\u00e1ficos e intereses de Google Analytics).<\/div>\n<div style=\"text-align: justify;\">-Con el uso de configuraci\u00f3n de anuncios, los visitantes pueden inhabilitar Google Analytics para la publicidad de display y personalizar los anuncios de la red de display de Google.<\/div>\n<div style=\"text-align: justify;\">-El Instituto de Formaci\u00f3n Continua de la Universitat de Barcelona utiliza la funci\u00f3n de remarketing con Google Analytics para publicar anuncios online.<\/div>\n<div style=\"text-align: justify;\">-Otros proveedores, incluido Google, pueden mostrar sus anuncios en sitios de Internet.<\/div>\n<div style=\"text-align: justify;\">-El Instituto de Formaci\u00f3n Continua de la Universitat de Barcelona y otros proveedores, incluido Google, usan las cookies de origen (como la cookie de Google Analytics) y las cookies de terceros (como la cookie de DoubleClick) combinadas para informar, optimizar y publicar anuncios bas\u00e1ndose en las visitas anteriores al sitio web.<\/div>\n<div style=\"text-align: justify;\">-El Instituto de Formaci\u00f3n Continua de la Universitat de Barcelona y otros proveedores, incluido Google, usan las cookies de origen (como la cookie de Google Analytics) y las cookies de terceros (como la cookie de DoubleClick) combinadas para informar sobre c\u00f3mo se relacionan con las visitas a su sitio las impresiones de los anuncios, otros usos de los servicios publicitarios y las interacciones con estas impresiones de los anuncios y servicios publicitarios.<\/div>\n<div style=\"text-align: justify;\">-El modo en que usa los datos de la publicidad basada en intereses de Google o los datos de audiencia de terceros (como la edad, el sexo y los intereses) con Google Analytics.<\/div>\n<div style=\"text-align: justify;\"><\/div>\n<div style=\"text-align: justify;\"><b>VI. PRIVACIDAD Y PROTECCI\u00d3N DE DATOS<\/b><\/div>\n<div><\/div>\n<div style=\"text-align: justify;\">El Instituto de Formaci\u00f3n Continua de la Universitat de Barcelona pone a disposici\u00f3n de los usuarios el presente documento con el que pretende dar cumplimiento de lo dispuesto por la normativa vigente en materia de Protecci\u00f3n de Datos, y en el contexto del nuevo marco normativo establecido en virtud de lo dispuesto en el Reglamento (UE) 2016\/679 del Parlamento Europeo y del Consejo, de 27 de abril de 2016, relativo a la protecci\u00f3n de las personas f\u00edsicas en lo que respecta al tratamiento de datos personales y a la libre circulaci\u00f3n de estos datos (en adelante, el \u201cRGPD\u201d), y la normativa nacional Ley Org\u00e1nica 3\/2018, de 5 de diciembre, de Protecci\u00f3n de Datos Personales y Garant\u00eda de los Derechos Digitales (en adelante, el \u201cLOPDGDD\u201d), as\u00ed como informar a todos los usuarios del sitio web respecto a cu\u00e1les son las condiciones de uso del mismo.<\/div>\n<div style=\"text-align: justify;\">\n<p>Toda persona que acceda a este sitio web asume el papel de usuario, comprometi\u00e9ndose a la observancia y cumplimiento riguroso de las disposiciones aqu\u00ed dispuestas, as\u00ed como a cualquier otra disposici\u00f3n legal que fuera de aplicaci\u00f3n.<\/p>\n<\/div>\n<div style=\"text-align: justify;\"><b>\u00a0<\/b><\/div>\n<div style=\"text-align: justify;\">El Instituto de Formaci\u00f3n Continua de la Universitat de Barcelona informa y garantiza expresamente a los usuarios que sus datos personales no ser\u00e1n cedidos en ning\u00fan caso a terceras compa\u00f1\u00edas y que siempre que fuera a hacerse alg\u00fan tipo de cesi\u00f3n de datos personales, de forma previa, se solicitar\u00eda el consentimiento expreso, informado e inequ\u00edvoco por parte de los titulares.<\/div>\n<div style=\"text-align: justify;\"><\/div>\n<div>\n<p>Cumplimentando y enviando los correspondientes formularios de esta p\u00e1gina web, el usuario acepta y autoriza que sus datos personales sean objeto de tratamiento automatizado por parte del Instituto de Formaci\u00f3n Continua de la Universitat de Barcelona. En caso de que usted incluya en los formularios de esta p\u00e1gina web datos de car\u00e1cter personal titularidad de terceras personas deber\u00e1 obtener, con car\u00e1cter previo a su inclusi\u00f3n, su consentimiento e informarle de los extremos contenidos en los p\u00e1rrafos anteriores. Asimismo, en el supuesto de que se produzca una transferencia internacional de datos el usuario, al aceptar la presente Pol\u00edtica de Privacidad, da su consentimiento para que la misma se pueda realizar.<\/p>\n<div style=\"text-align: justify;\">Todos los datos solicitados a trav\u00e9s el Instituto de Formaci\u00f3n Continua de la Universitat de Barcelona son obligatorios, ya que son necesarios para la prestaci\u00f3n de un servicio \u00f3ptimo al usuario. En caso de que no sean facilitados todos los datos, el Instituto de Formaci\u00f3n Continua de la Universitat de Barcelona no garantiza que la informaci\u00f3n y servicios ofrecidos sean completamente ajustados a sus necesidades.<\/div>\n<div style=\"text-align: justify;\"><\/div>\n<div style=\"text-align: justify;\">El Instituto de Formaci\u00f3n Continua de la Universitat de Barcelona\u00a0<a>garantiza en todo caso al usuario el ejercicio de los derechos de acceso<\/a>, rectificaci\u00f3n o supresi\u00f3n, cancelaci\u00f3n, oposici\u00f3n, limitaci\u00f3n del tratamiento, portabilidad de los datos, derecho a no ser objeto de decisiones individuales automatizadas, derecho a no ser objeto de una decisi\u00f3n basada en el tratamiento automatizado, derecho a retirar el consentimiento en los t\u00e9rminos dispuestos en la legislaci\u00f3n vigente, derecho a presentar una reclamaci\u00f3n ante la autoridad de control. Por ello, de conformidad con lo dispuesto en el Reglamento Europeo de Protecci\u00f3n de Datos (RGPD) podr\u00e1 ejercer sus derechos enviando una solicitud expresa, junto con una copia de su DNI o cualquier documento an\u00e1logo en derecho como indica la ley, a trav\u00e9s de los siguientes medios:<\/div>\n<div style=\"text-align: justify;\"><\/div>\n<div style=\"text-align: justify;\">1. Correo electr\u00f3nico:\u00a0<a href=\"mailto:drogodependencias@ub.edu\">drogodependencias@ub.edu<\/a><\/div>\n<div style=\"text-align: justify;\">2. Correo postal dirigido al Instituto de Formaci\u00f3n Continua de la Universitat de Barcelona, ref. RGPD, \/ Ciutat de Granada, 131- 08018 Barcelona<\/div>\n<div style=\"text-align: justify;\">3. Escrito dirigido personalmente y entregado al Instituto de Formaci\u00f3n Continua de la Universitat de Barcelona, ref. RGPD, \/ Ciutat de Granada, 131- 08018 Barcelona<\/div>\n<div style=\"text-align: justify;\"><\/div>\n<div style=\"text-align: justify;\">De igual forma, el Instituto de Formaci\u00f3n Continua de la Universitat de Barcelona ha adoptado todas las medidas t\u00e9cnicas y de organizaci\u00f3n necesarias para garantizar la seguridad e integridad de los datos de car\u00e1cter personal que trate, as\u00ed como para evitar su p\u00e9rdida, alteraci\u00f3n y\/o acceso por parte de terceros no autorizados.<\/div>\n<div style=\"text-align: justify;\"><\/div>\n<div style=\"text-align: justify;\"><b>VII. OFERTA ACAD\u00c9MICA DEL INSTITUTO DE FORMACI\u00d3N CONTINUA DE LA UNIVERSIDAD DE BARCELONA<\/b><\/div>\n<div style=\"text-align: justify;\"><\/div>\n<div style=\"text-align: justify;\">\n<p>La oferta acad\u00e9mica del Instituto de Formaci\u00f3n Continua de la Universitat de Barcelona\u00a0est\u00e1 sujeta a los mecanismos de aprobaci\u00f3n y reconocimiento de la Universidad de Barcelona, tanto para los programas m\u00e1ster, como para los de postgrado o diplomas de extensi\u00f3n, por tanto sigue los criterios y procedimientos establecidos por la Agencia de Postgrado de la Universitat de Barcelona con la finalidad de su aprobaci\u00f3n acad\u00e9mica por parte de la Delegaci\u00f3n del Consejo de Gobierno y del Consejo Social de la Universitat en materia de cursos propios de postgrado y cursos de extensi\u00f3n universitaria en un sentido amplio.<\/p>\n<p>Este procedimiento de aprobaci\u00f3n est\u00e1 sujeto a un calendario y a criterios que velan por la calidad acad\u00e9mica y de funcionamiento de los t\u00edtulos propios y de la formaci\u00f3n continua. Este proceso podr\u00eda excepcionalmente determinar cambios o ajustes en alg\u00fan programa concreto. En este caso se informar\u00eda a los alumnos antes del inicio del curso, respetando todos sus derechos.<\/p>\n<\/div>\n<\/div>\n<\/div>\n","protected":false},"excerpt":{"rendered":"<p>Aviso legal I. INFORMACI\u00d3N GENERAL En cumplimiento de la Ley de Servicios de la Sociedad de la Informaci\u00f3n y Comercio Electr\u00f3nico y dem\u00e1s legislaci\u00f3n complementaria, se informa que el titular del sitio web es la Fundaci\u00f3n Privada Instituto de Formaci\u00f3n Continua de la Universidad de Barcelona\u00a0(IL3-UB), en adelante\u00a0el Instituto de Formaci\u00f3n Continua de la Universitat [&hellip;]<\/p>\n","protected":false},"author":1,"featured_media":0,"parent":0,"menu_order":0,"comment_status":"closed","ping_status":"closed","template":"","meta":{"footnotes":""},"class_list":["post-2181","page","type-page","status-publish","hentry"],"yoast_head":"<!-- This site is optimized with the Yoast SEO plugin v27.2 - https:\/\/yoast.com\/product\/yoast-seo-wordpress\/ -->\n<title>Aviso Legal - M\u00e1ster en Drogodependencias<\/title>\n<meta name=\"robots\" content=\"index, follow, max-snippet:-1, max-image-preview:large, max-video-preview:-1\" \/>\n<link rel=\"canonical\" href=\"https:\/\/www.ub.edu\/drogodependencies\/es\/aviso-legal\/\" \/>\n<meta name=\"twitter:label1\" content=\"Tiempo de lectura\" \/>\n\t<meta name=\"twitter:data1\" content=\"10 minutos\" \/>\n<script type=\"application\/ld+json\" class=\"yoast-schema-graph\">{\"@context\":\"https:\/\/schema.org\",\"@graph\":[{\"@type\":\"WebPage\",\"@id\":\"https:\/\/www.ub.edu\/drogodependencies\/es\/aviso-legal\/\",\"url\":\"https:\/\/www.ub.edu\/drogodependencies\/es\/aviso-legal\/\",\"name\":\"Aviso Legal - M\u00e1ster en Drogodependencias\",\"isPartOf\":{\"@id\":\"https:\/\/www.ub.edu\/drogodependencies\/es\/#website\"},\"datePublished\":\"2018-06-13T11:38:53+00:00\",\"dateModified\":\"2023-07-20T10:07:11+00:00\",\"breadcrumb\":{\"@id\":\"https:\/\/www.ub.edu\/drogodependencies\/es\/aviso-legal\/#breadcrumb\"},\"inLanguage\":\"es\",\"potentialAction\":[{\"@type\":\"ReadAction\",\"target\":[\"https:\/\/www.ub.edu\/drogodependencies\/es\/aviso-legal\/\"]}]},{\"@type\":\"BreadcrumbList\",\"@id\":\"https:\/\/www.ub.edu\/drogodependencies\/es\/aviso-legal\/#breadcrumb\",\"itemListElement\":[{\"@type\":\"ListItem\",\"position\":1,\"name\":\"Portada\",\"item\":\"https:\/\/www.ub.edu\/drogodependencies\/es\/inicio\/\"},{\"@type\":\"ListItem\",\"position\":2,\"name\":\"Aviso Legal\"}]},{\"@type\":\"WebSite\",\"@id\":\"https:\/\/www.ub.edu\/drogodependencies\/es\/#website\",\"url\":\"https:\/\/www.ub.edu\/drogodependencies\/es\/\",\"name\":\"M\u00e1ster en Drogodependencias\",\"description\":\"M\u00e1ster Drogodependencias de la Universidad de Barcelona\",\"potentialAction\":[{\"@type\":\"SearchAction\",\"target\":{\"@type\":\"EntryPoint\",\"urlTemplate\":\"https:\/\/www.ub.edu\/drogodependencies\/es\/?s={search_term_string}\"},\"query-input\":{\"@type\":\"PropertyValueSpecification\",\"valueRequired\":true,\"valueName\":\"search_term_string\"}}],\"inLanguage\":\"es\"}]}<\/script>\n<!-- \/ Yoast SEO plugin. -->","yoast_head_json":{"title":"Aviso Legal - M\u00e1ster en Drogodependencias","robots":{"index":"index","follow":"follow","max-snippet":"max-snippet:-1","max-image-preview":"max-image-preview:large","max-video-preview":"max-video-preview:-1"},"canonical":"https:\/\/www.ub.edu\/drogodependencies\/es\/aviso-legal\/","twitter_misc":{"Tiempo de lectura":"10 minutos"},"schema":{"@context":"https:\/\/schema.org","@graph":[{"@type":"WebPage","@id":"https:\/\/www.ub.edu\/drogodependencies\/es\/aviso-legal\/","url":"https:\/\/www.ub.edu\/drogodependencies\/es\/aviso-legal\/","name":"Aviso Legal - M\u00e1ster en Drogodependencias","isPartOf":{"@id":"https:\/\/www.ub.edu\/drogodependencies\/es\/#website"},"datePublished":"2018-06-13T11:38:53+00:00","dateModified":"2023-07-20T10:07:11+00:00","breadcrumb":{"@id":"https:\/\/www.ub.edu\/drogodependencies\/es\/aviso-legal\/#breadcrumb"},"inLanguage":"es","potentialAction":[{"@type":"ReadAction","target":["https:\/\/www.ub.edu\/drogodependencies\/es\/aviso-legal\/"]}]},{"@type":"BreadcrumbList","@id":"https:\/\/www.ub.edu\/drogodependencies\/es\/aviso-legal\/#breadcrumb","itemListElement":[{"@type":"ListItem","position":1,"name":"Portada","item":"https:\/\/www.ub.edu\/drogodependencies\/es\/inicio\/"},{"@type":"ListItem","position":2,"name":"Aviso Legal"}]},{"@type":"WebSite","@id":"https:\/\/www.ub.edu\/drogodependencies\/es\/#website","url":"https:\/\/www.ub.edu\/drogodependencies\/es\/","name":"M\u00e1ster en Drogodependencias","description":"M\u00e1ster Drogodependencias de la Universidad de Barcelona","potentialAction":[{"@type":"SearchAction","target":{"@type":"EntryPoint","urlTemplate":"https:\/\/www.ub.edu\/drogodependencies\/es\/?s={search_term_string}"},"query-input":{"@type":"PropertyValueSpecification","valueRequired":true,"valueName":"search_term_string"}}],"inLanguage":"es"}]}},"_links":{"self":[{"href":"https:\/\/www.ub.edu\/drogodependencies\/es\/wp-json\/wp\/v2\/pages\/2181","targetHints":{"allow":["GET"]}}],"collection":[{"href":"https:\/\/www.ub.edu\/drogodependencies\/es\/wp-json\/wp\/v2\/pages"}],"about":[{"href":"https:\/\/www.ub.edu\/drogodependencies\/es\/wp-json\/wp\/v2\/types\/page"}],"author":[{"embeddable":true,"href":"https:\/\/www.ub.edu\/drogodependencies\/es\/wp-json\/wp\/v2\/users\/1"}],"replies":[{"embeddable":true,"href":"https:\/\/www.ub.edu\/drogodependencies\/es\/wp-json\/wp\/v2\/comments?post=2181"}],"version-history":[{"count":0,"href":"https:\/\/www.ub.edu\/drogodependencies\/es\/wp-json\/wp\/v2\/pages\/2181\/revisions"}],"wp:attachment":[{"href":"https:\/\/www.ub.edu\/drogodependencies\/es\/wp-json\/wp\/v2\/media?parent=2181"}],"curies":[{"name":"wp","href":"https:\/\/api.w.org\/{rel}","templated":true}]}}