{"id":1197,"date":"2014-08-24T17:14:26","date_gmt":"2014-08-24T17:14:26","guid":{"rendered":"https:\/\/www.ub.edu\/drogodependencies\/?page_id=1197"},"modified":"2026-02-04T19:34:15","modified_gmt":"2026-02-04T19:34:15","slug":"master-presencial","status":"publish","type":"page","link":"https:\/\/www.ub.edu\/drogodependencies\/master-presencial\/","title":{"rendered":"M\u00e0ster presencial"},"content":{"rendered":"<div id='av_section_1'  class='avia-section main_color avia-section-large avia-no-shadow  avia-full-stretch av-section-color-overlay-active avia-bg-style-fixed  avia-builder-el-0  el_before_av_section  avia-builder-el-first   container_wrap sidebar_right' style='background-repeat: no-repeat; background-image: url(https:\/\/www.ub.edu\/drogodependencies\/wp-content\/uploads\/presentacion1.jpg);background-attachment: fixed; background-position: center center;  '  data-section-bg-repeat='stretch'><div class='av-section-color-overlay-wrap'><div class='av-section-color-overlay' style='opacity: 0.2; background-color: #000000; '><\/div><div class='container' ><main  role=\"main\" itemprop=\"mainContentOfPage\"  class='template-page content  av-content-small alpha units'><div class='post-entry post-entry-type-page post-entry-1197'><div class='entry-content-wrapper clearfix'>\n<div  style='padding-bottom:0px; color:#ffffff;font-size:50px;' class='av-special-heading av-special-heading-h3 custom-color-heading blockquote modern-quote modern-centered  avia-builder-el-1  el_before_av_hr  avia-builder-el-first  av-inherit-size '><h3 class='av-special-heading-tag '  itemprop=\"headline\"  >M\u00e0ster Presencial<\/h3><div class ='av-subheading av-subheading_below av_custom_color ' style='font-size:15px;'><p>Classes presencials amb un professorat d\u2019\u00e0mplia experi\u00e8ncia.<\/p>\n<\/div><div class='special-heading-border'><div class='special-heading-inner-border' style='border-color:#ffffff'><\/div><\/div><\/div>\n<div  style=' margin-top:30px; margin-bottom:30px;'  class='hr hr-custom hr-center hr-icon-yes   avia-builder-el-2  el_after_av_heading  avia-builder-el-last '><span class='hr-inner  inner-border-av-border-thin' style=' width:20%; border-color:rgba(255,255,255,0.76); max-width:45%;' ><span class='hr-inner-style'><\/span><\/span><span class='av-seperator-icon' style='color:#ffffff;' aria-hidden='true' data-av_icon='\ue8bf' data-av_iconfont='entypo-fontello'><\/span><span class='hr-inner  inner-border-av-border-thin' style=' width:20%; border-color:rgba(255,255,255,0.76); max-width:45%;' ><span class='hr-inner-style'><\/span><\/span><\/div>\n\n<\/div><\/div><\/main><!-- close content main element --><\/div><\/div><\/div><div id='av_section_2'  class='avia-section main_color avia-section-small avia-no-border-styling  avia-bg-style-fixed  avia-builder-el-3  el_after_av_section  el_before_av_hr   container_wrap sidebar_right' style=' '  ><div class='container' ><div class='template-page content  av-content-small alpha units'><div class='post-entry post-entry-type-page post-entry-1197'><div class='entry-content-wrapper clearfix'>\n<div class='flex_column_table av-equal-height-column-flextable -flextable' style='margin-top:-60px; margin-bottom:0px; '><div class=\"flex_column av_three_fifth  no_margin flex_column_table_cell av-equal-height-column av-align-top first  avia-builder-el-4  el_before_av_two_fifth  avia-builder-el-first  \" style='padding:30px; background-color:#ffffff; border-radius:0px; '><p><div  style='height:10px' class='hr hr-invisible   avia-builder-el-5  el_before_av_heading  avia-builder-el-first '><span class='hr-inner ' ><span class='hr-inner-style'><\/span><\/span><\/div><br \/>\n<div  style='padding-bottom:0px; color:#216cc6;' class='av-special-heading av-special-heading-h2 custom-color-heading blockquote modern-quote  avia-builder-el-6  el_after_av_hr  el_before_av_textblock  '><h2 class='av-special-heading-tag '  itemprop=\"headline\"  >Introducci\u00f3<\/h2><div class='special-heading-border'><div class='special-heading-inner-border' style='border-color:#216cc6'><\/div><\/div><\/div><br \/>\n<section class=\"av_textblock_section \"  itemscope=\"itemscope\" itemtype=\"https:\/\/schema.org\/CreativeWork\" ><div class='avia_textblock  '  style='font-size:18px; '  itemprop=\"text\" ><p>M\u00e0ster pioner a Europa en el seu \u00e0mbit, amb classes presencials.<br \/>\nM\u00e9s de 35 anys d\u2019experi\u00e8ncia en formaci\u00f3 sobre drogodepend\u00e8ncies.<\/p>\n<\/div><\/section><br \/>\n<section class=\"av_textblock_section \"  itemscope=\"itemscope\" itemtype=\"https:\/\/schema.org\/CreativeWork\" ><div class='avia_textblock  '   itemprop=\"text\" ><p>El M\u00e0ster Universitari en Drogodepend\u00e8ncies t\u00e9 per objecte formar professionals que vulguin especialitzar-se o actualitzar els seus coneixements en l\u2019\u00e0mbit de les drogodepend\u00e8ncies i adquirir una alta capacitaci\u00f3, tant te\u00f2rica com pr\u00e0ctica.<\/p>\n<p>Aquest m\u00e0ster s\u2019adre\u00e7a a qui:<\/p>\n<ul>\n<li>Volen ampliar , actualitzar o especialitzar els seus coneixements en mat\u00e8ria de drogodepend\u00e8ncies per donar resposta a les dificultats que els sorgeixin en l\u2019exercici diari de la professi\u00f3.<\/li>\n<li>Desenvolupen o volen desenvolupar la seva activitat professional en l\u2019\u00e0mbit de les drogodepend\u00e8ncies.<\/li>\n<\/ul>\n<\/div><\/section><br \/>\n<div  style=' margin-top:20px; margin-bottom:20px;'  class='hr hr-custom hr-center hr-icon-yes   avia-builder-el-9  el_after_av_textblock  el_before_av_slideshow '><span class='hr-inner  inner-border-av-border-thin' style=' width:45%; max-width:45%;' ><span class='hr-inner-style'><\/span><\/span><span class='av-seperator-icon'  aria-hidden='true' data-av_icon='\ue8bf' data-av_iconfont='entypo-fontello'><\/span><span class='hr-inner  inner-border-av-border-thin' style=' width:45%; max-width:45%;' ><span class='hr-inner-style'><\/span><\/span><\/div><br \/>\n<div   data-size='no scaling'  data-lightbox_size='large'  data-animation='slide'  data-conditional_play=''  data-ids='1210,1208,1206,1204,1202'  data-video_counter='0'  data-autoplay='true'  data-bg_slider='false'  data-slide_height=''  data-handle='av_slideshow'  data-interval='3'  data-class=' avia-builder-el-10  el_after_av_hr  el_before_av_hr  '  data-el_id=''  data-css_id=''  data-scroll_down=''  data-control_layout='av-control-minimal'  data-custom_markup=''  data-perma_caption=''  data-autoplay_stopper=''  data-image_attachment=''  data-min_height='0px'  data-lazy_loading='disabled'  class='avia-slideshow avia-slideshow-1  av-control-minimal av-default-height-applied avia-slideshow-no scaling av_slideshow  avia-builder-el-10  el_after_av_hr  el_before_av_hr   avia-slide-slider '  itemprop=\"image\" itemscope=\"itemscope\" itemtype=\"https:\/\/schema.org\/ImageObject\" ><ul class='avia-slideshow-inner ' style='padding-bottom: 38.666666666667%;' ><li  class=' slide-1 ' ><div data-rel='slideshow-1' class='avia-slide-wrap '   ><img decoding=\"async\" class=\"wp-image-1210 avia-img-lazy-loading-not-1210\"  src=\"https:\/\/www.ub.edu\/drogodependencies\/wp-content\/uploads\/alumnado.jpg\" width=\"750\" height=\"290\" title='alumnado' alt=''  itemprop=\"thumbnailUrl\" srcset=\"https:\/\/www.ub.edu\/drogodependencies\/wp-content\/uploads\/alumnado.jpg 750w, https:\/\/www.ub.edu\/drogodependencies\/wp-content\/uploads\/alumnado-300x116.jpg 300w, https:\/\/www.ub.edu\/drogodependencies\/wp-content\/uploads\/alumnado-705x273.jpg 705w, https:\/\/www.ub.edu\/drogodependencies\/wp-content\/uploads\/alumnado-450x174.jpg 450w\" sizes=\"(max-width: 750px) 100vw, 750px\" \/><\/div><\/li><li  class=' slide-2 ' ><div data-rel='slideshow-1' class='avia-slide-wrap '   ><img decoding=\"async\" class=\"wp-image-1208 avia-img-lazy-loading-not-1208\"  src=\"https:\/\/www.ub.edu\/drogodependencies\/wp-content\/uploads\/universidad.jpg\" width=\"750\" height=\"290\" title='universidad' alt=''  itemprop=\"thumbnailUrl\" srcset=\"https:\/\/www.ub.edu\/drogodependencies\/wp-content\/uploads\/universidad.jpg 750w, https:\/\/www.ub.edu\/drogodependencies\/wp-content\/uploads\/universidad-300x116.jpg 300w, https:\/\/www.ub.edu\/drogodependencies\/wp-content\/uploads\/universidad-705x273.jpg 705w, https:\/\/www.ub.edu\/drogodependencies\/wp-content\/uploads\/universidad-450x174.jpg 450w\" sizes=\"(max-width: 750px) 100vw, 750px\" \/><\/div><\/li><li  class=' slide-3 ' ><div data-rel='slideshow-1' class='avia-slide-wrap '   ><img decoding=\"async\" class=\"wp-image-1206 avia-img-lazy-loading-not-1206\"  src=\"https:\/\/www.ub.edu\/drogodependencies\/wp-content\/uploads\/IL3-exterior.jpg\" width=\"750\" height=\"290\" title='IL3-exterior' alt=''  itemprop=\"thumbnailUrl\" srcset=\"https:\/\/www.ub.edu\/drogodependencies\/wp-content\/uploads\/IL3-exterior.jpg 750w, https:\/\/www.ub.edu\/drogodependencies\/wp-content\/uploads\/IL3-exterior-300x116.jpg 300w, https:\/\/www.ub.edu\/drogodependencies\/wp-content\/uploads\/IL3-exterior-705x273.jpg 705w, https:\/\/www.ub.edu\/drogodependencies\/wp-content\/uploads\/IL3-exterior-450x174.jpg 450w\" sizes=\"(max-width: 750px) 100vw, 750px\" \/><\/div><\/li><li  class=' slide-4 ' ><div data-rel='slideshow-1' class='avia-slide-wrap '   ><img decoding=\"async\" class=\"wp-image-1204 avia-img-lazy-loading-not-1204\"  src=\"https:\/\/www.ub.edu\/drogodependencies\/wp-content\/uploads\/IL3-interior.jpg\" width=\"750\" height=\"290\" title='IL3-interior' alt=''  itemprop=\"thumbnailUrl\" srcset=\"https:\/\/www.ub.edu\/drogodependencies\/wp-content\/uploads\/IL3-interior.jpg 750w, https:\/\/www.ub.edu\/drogodependencies\/wp-content\/uploads\/IL3-interior-300x116.jpg 300w, https:\/\/www.ub.edu\/drogodependencies\/wp-content\/uploads\/IL3-interior-705x273.jpg 705w, https:\/\/www.ub.edu\/drogodependencies\/wp-content\/uploads\/IL3-interior-450x174.jpg 450w\" sizes=\"(max-width: 750px) 100vw, 750px\" \/><\/div><\/li><li  class=' slide-5 ' ><div data-rel='slideshow-1' class='avia-slide-wrap '   ><img decoding=\"async\" class=\"wp-image-1202 avia-img-lazy-loading-not-1202\"  src=\"https:\/\/www.ub.edu\/drogodependencies\/wp-content\/uploads\/becas.jpg\" width=\"750\" height=\"290\" title='becas' alt=''  itemprop=\"thumbnailUrl\" srcset=\"https:\/\/www.ub.edu\/drogodependencies\/wp-content\/uploads\/becas.jpg 750w, https:\/\/www.ub.edu\/drogodependencies\/wp-content\/uploads\/becas-300x116.jpg 300w, https:\/\/www.ub.edu\/drogodependencies\/wp-content\/uploads\/becas-705x273.jpg 705w, https:\/\/www.ub.edu\/drogodependencies\/wp-content\/uploads\/becas-450x174.jpg 450w\" sizes=\"(max-width: 750px) 100vw, 750px\" \/><\/div><\/li><\/ul><div class='avia-slideshow-arrows avia-slideshow-controls'><a href='#prev' class='prev-slide' aria-hidden='true' data-av_icon='\ue87c' data-av_iconfont='entypo-fontello' aria-hidden=\"true\" tabindex=\"-1\">Anterior<\/a><a href='#next' class='next-slide' aria-hidden='true' data-av_icon='\ue87d' data-av_iconfont='entypo-fontello' aria-hidden=\"true\" tabindex=\"-1\">Seg\u00fcent<\/a><\/div><div class='avia-slideshow-dots avia-slideshow-controls'><a href='#1' class='goto-slide active' >1<\/a><a href='#2' class='goto-slide ' >2<\/a><a href='#3' class='goto-slide ' >3<\/a><a href='#4' class='goto-slide ' >4<\/a><a href='#5' class='goto-slide ' >5<\/a><\/div><\/div><br \/>\n<div  style=' margin-top:30px; margin-bottom:30px;'  class='hr hr-custom hr-center hr-icon-yes   avia-builder-el-11  el_after_av_slideshow  avia-builder-el-last '><span class='hr-inner  inner-border-av-border-thin' style=' width:45%; max-width:45%;' ><span class='hr-inner-style'><\/span><\/span><span class='av-seperator-icon'  aria-hidden='true' data-av_icon='\ue8bf' data-av_iconfont='entypo-fontello'><\/span><span class='hr-inner  inner-border-av-border-thin' style=' width:45%; max-width:45%;' ><span class='hr-inner-style'><\/span><\/span><\/div><\/p><\/div><div class=\"flex_column av_two_fifth  no_margin flex_column_table_cell av-equal-height-column av-align-top   avia-builder-el-12  el_after_av_three_fifth  avia-builder-el-last  \" style='padding:30px; background-color:#f0f0f0; border-radius:0px; '><p><div  class='avia-builder-widget-area clearfix  avia-builder-el-13  el_before_av_textblock  avia-builder-el-first '><section id=\"nav_menu-3\" class=\"widget clearfix widget_nav_menu\"><div class=\"menu-master-lateral-container\"><ul id=\"menu-master-lateral\" class=\"menu\"><li id=\"menu-item-1217\" class=\"menu-item menu-item-type-post_type menu-item-object-page menu-item-1217\"><a href=\"https:\/\/www.ub.edu\/drogodependencies\/introduccio\/\">Introducci\u00f3<\/a><\/li>\n<li id=\"menu-item-1187\" class=\"menu-item menu-item-type-post_type menu-item-object-page menu-item-1187\"><a href=\"https:\/\/www.ub.edu\/drogodependencies\/objectius\/\">Objectius<\/a><\/li>\n<li id=\"menu-item-1188\" class=\"menu-item menu-item-type-post_type menu-item-object-page menu-item-1188\"><a href=\"https:\/\/www.ub.edu\/drogodependencies\/sortides-professionals\/\">Sortides professionals<\/a><\/li>\n<li id=\"menu-item-1189\" class=\"menu-item menu-item-type-post_type menu-item-object-page menu-item-1189\"><a href=\"https:\/\/www.ub.edu\/drogodependencies\/pla-estudis\/\">Pla d&#8217;estudis<\/a><\/li>\n<li id=\"menu-item-1190\" class=\"menu-item menu-item-type-post_type menu-item-object-page menu-item-1190\"><a href=\"https:\/\/www.ub.edu\/drogodependencies\/requisits-acces-i-titulacio\/\">Requisits d\u2019acc\u00e9s i titulaci\u00f3<\/a><\/li>\n<li id=\"menu-item-1191\" class=\"menu-item menu-item-type-post_type menu-item-object-page menu-item-1191\"><a href=\"https:\/\/www.ub.edu\/drogodependencies\/equip-docent\/\">Equip docent<\/a><\/li>\n<li id=\"menu-item-1192\" class=\"menu-item menu-item-type-post_type menu-item-object-page menu-item-1192\"><a href=\"https:\/\/www.ub.edu\/drogodependencies\/centres-i-tutors-de-practiques\/\">Centres i tutors de pr\u00e0ctiques<\/a><\/li>\n<li id=\"menu-item-1194\" class=\"menu-item menu-item-type-post_type menu-item-object-page menu-item-1194\"><a href=\"https:\/\/www.ub.edu\/drogodependencies\/horari-i-calendari\/\">Horari i Calendari<\/a><\/li>\n<li id=\"menu-item-1195\" class=\"menu-item menu-item-type-post_type menu-item-object-page menu-item-1195\"><a href=\"https:\/\/www.ub.edu\/drogodependencies\/avaluacio\/\">Avaluaci\u00f3<\/a><\/li>\n<li id=\"menu-item-1196\" class=\"menu-item menu-item-type-post_type menu-item-object-page menu-item-1196\"><a href=\"https:\/\/www.ub.edu\/drogodependencies\/matricula-i-preus\/\">Matr\u00edcula i preus<\/a><\/li>\n<\/ul><\/div><span class=\"seperator extralight-border\"><\/span><\/section><\/div><br \/>\n<section class=\"av_textblock_section \"  itemscope=\"itemscope\" itemtype=\"https:\/\/schema.org\/CreativeWork\" ><div class='avia_textblock  '   itemprop=\"text\" ><p style=\"text-align: center;\">Candidatura per a la propera promoci\u00f3.<\/p>\n<\/div><\/section><br \/>\n<div  class='avia-button-wrap avia-button-center  avia-builder-el-15  el_after_av_textblock  el_before_av_hr ' ><a href='http:\/\/www.ub.edu\/drogodependencies\/preinscripcion-en-el-master\/'  class='avia-button  avia-color-theme-color   avia-icon_select-yes-right-icon avia-size-large avia-position-center '   ><span class='avia_iconbox_title' >Envia\u2019ns la teva candidatura<\/span><span class='avia_button_icon avia_button_icon_right' aria-hidden='true' data-av_icon='\ue836' data-av_iconfont='entypo-fontello'><\/span><\/a><\/div><br \/>\n<div  style=' margin-top:30px; margin-bottom:30px;'  class='hr hr-custom hr-center hr-icon-yes   avia-builder-el-16  el_after_av_button  avia-builder-el-last '><span class='hr-inner  inner-border-av-border-thin' style=' width:45%; max-width:45%;' ><span class='hr-inner-style'><\/span><\/span><span class='av-seperator-icon'  aria-hidden='true' data-av_icon='\ue8bf' data-av_iconfont='entypo-fontello'><\/span><span class='hr-inner  inner-border-av-border-thin' style=' width:45%; max-width:45%;' ><span class='hr-inner-style'><\/span><\/span><\/div><\/p><\/div><\/div><!--close column table wrapper. Autoclose: 1 --><\/div><\/div><\/div><!-- close content main div --><\/div><\/div><div id='after_section_2'  class='main_color av_default_container_wrap container_wrap sidebar_right' style=' '  ><div class='container' ><div class='template-page content  av-content-small alpha units'><div class='post-entry post-entry-type-page post-entry-1197'><div class='entry-content-wrapper clearfix'><div   class='hr hr-default   avia-builder-el-17  el_after_av_section  avia-builder-el-no-sibling '><span class='hr-inner ' ><span class='hr-inner-style'><\/span><\/span><\/div><\/p>\n","protected":false},"excerpt":{"rendered":"","protected":false},"author":1,"featured_media":0,"parent":0,"menu_order":2,"comment_status":"open","ping_status":"open","template":"","meta":{"footnotes":""},"class_list":["post-1197","page","type-page","status-publish","hentry"],"yoast_head":"<!-- This site is optimized with the Yoast SEO plugin v27.2 - https:\/\/yoast.com\/product\/yoast-seo-wordpress\/ -->\n<title>M\u00e0ster presencial - M\u00e1ster en Drogodependencias<\/title>\n<meta name=\"robots\" content=\"index, follow, max-snippet:-1, max-image-preview:large, max-video-preview:-1\" \/>\n<link rel=\"canonical\" href=\"https:\/\/www.ub.edu\/drogodependencies\/master-presencial\/\" \/>\n<meta name=\"twitter:label1\" content=\"Temps estimat de lectura\" \/>\n\t<meta name=\"twitter:data1\" content=\"2 minuts\" \/>\n<script type=\"application\/ld+json\" class=\"yoast-schema-graph\">{\"@context\":\"https:\/\/schema.org\",\"@graph\":[{\"@type\":\"WebPage\",\"@id\":\"https:\/\/www.ub.edu\/drogodependencies\/master-presencial\/\",\"url\":\"https:\/\/www.ub.edu\/drogodependencies\/master-presencial\/\",\"name\":\"M\u00e0ster presencial - M\u00e1ster en Drogodependencias\",\"isPartOf\":{\"@id\":\"https:\/\/www.ub.edu\/drogodependencies\/es\/#website\"},\"datePublished\":\"2014-08-24T17:14:26+00:00\",\"dateModified\":\"2026-02-04T19:34:15+00:00\",\"breadcrumb\":{\"@id\":\"https:\/\/www.ub.edu\/drogodependencies\/master-presencial\/#breadcrumb\"},\"inLanguage\":\"ca\",\"potentialAction\":[{\"@type\":\"ReadAction\",\"target\":[\"https:\/\/www.ub.edu\/drogodependencies\/master-presencial\/\"]}]},{\"@type\":\"BreadcrumbList\",\"@id\":\"https:\/\/www.ub.edu\/drogodependencies\/master-presencial\/#breadcrumb\",\"itemListElement\":[{\"@type\":\"ListItem\",\"position\":1,\"name\":\"Portada\",\"item\":\"https:\/\/www.ub.edu\/drogodependencies\/inici\/\"},{\"@type\":\"ListItem\",\"position\":2,\"name\":\"M\u00e0ster presencial\"}]},{\"@type\":\"WebSite\",\"@id\":\"https:\/\/www.ub.edu\/drogodependencies\/es\/#website\",\"url\":\"https:\/\/www.ub.edu\/drogodependencies\/es\/\",\"name\":\"M\u00e1ster en Drogodependencias\",\"description\":\"M\u00e1ster Drogodependencias de la Universidad de Barcelona\",\"potentialAction\":[{\"@type\":\"SearchAction\",\"target\":{\"@type\":\"EntryPoint\",\"urlTemplate\":\"https:\/\/www.ub.edu\/drogodependencies\/es\/?s={search_term_string}\"},\"query-input\":{\"@type\":\"PropertyValueSpecification\",\"valueRequired\":true,\"valueName\":\"search_term_string\"}}],\"inLanguage\":\"ca\"}]}<\/script>\n<!-- \/ Yoast SEO plugin. -->","yoast_head_json":{"title":"M\u00e0ster presencial - M\u00e1ster en Drogodependencias","robots":{"index":"index","follow":"follow","max-snippet":"max-snippet:-1","max-image-preview":"max-image-preview:large","max-video-preview":"max-video-preview:-1"},"canonical":"https:\/\/www.ub.edu\/drogodependencies\/master-presencial\/","twitter_misc":{"Temps estimat de lectura":"2 minuts"},"schema":{"@context":"https:\/\/schema.org","@graph":[{"@type":"WebPage","@id":"https:\/\/www.ub.edu\/drogodependencies\/master-presencial\/","url":"https:\/\/www.ub.edu\/drogodependencies\/master-presencial\/","name":"M\u00e0ster presencial - M\u00e1ster en Drogodependencias","isPartOf":{"@id":"https:\/\/www.ub.edu\/drogodependencies\/es\/#website"},"datePublished":"2014-08-24T17:14:26+00:00","dateModified":"2026-02-04T19:34:15+00:00","breadcrumb":{"@id":"https:\/\/www.ub.edu\/drogodependencies\/master-presencial\/#breadcrumb"},"inLanguage":"ca","potentialAction":[{"@type":"ReadAction","target":["https:\/\/www.ub.edu\/drogodependencies\/master-presencial\/"]}]},{"@type":"BreadcrumbList","@id":"https:\/\/www.ub.edu\/drogodependencies\/master-presencial\/#breadcrumb","itemListElement":[{"@type":"ListItem","position":1,"name":"Portada","item":"https:\/\/www.ub.edu\/drogodependencies\/inici\/"},{"@type":"ListItem","position":2,"name":"M\u00e0ster presencial"}]},{"@type":"WebSite","@id":"https:\/\/www.ub.edu\/drogodependencies\/es\/#website","url":"https:\/\/www.ub.edu\/drogodependencies\/es\/","name":"M\u00e1ster en Drogodependencias","description":"M\u00e1ster Drogodependencias de la Universidad de Barcelona","potentialAction":[{"@type":"SearchAction","target":{"@type":"EntryPoint","urlTemplate":"https:\/\/www.ub.edu\/drogodependencies\/es\/?s={search_term_string}"},"query-input":{"@type":"PropertyValueSpecification","valueRequired":true,"valueName":"search_term_string"}}],"inLanguage":"ca"}]}},"_links":{"self":[{"href":"https:\/\/www.ub.edu\/drogodependencies\/wp-json\/wp\/v2\/pages\/1197","targetHints":{"allow":["GET"]}}],"collection":[{"href":"https:\/\/www.ub.edu\/drogodependencies\/wp-json\/wp\/v2\/pages"}],"about":[{"href":"https:\/\/www.ub.edu\/drogodependencies\/wp-json\/wp\/v2\/types\/page"}],"author":[{"embeddable":true,"href":"https:\/\/www.ub.edu\/drogodependencies\/wp-json\/wp\/v2\/users\/1"}],"replies":[{"embeddable":true,"href":"https:\/\/www.ub.edu\/drogodependencies\/wp-json\/wp\/v2\/comments?post=1197"}],"version-history":[{"count":2,"href":"https:\/\/www.ub.edu\/drogodependencies\/wp-json\/wp\/v2\/pages\/1197\/revisions"}],"predecessor-version":[{"id":3235,"href":"https:\/\/www.ub.edu\/drogodependencies\/wp-json\/wp\/v2\/pages\/1197\/revisions\/3235"}],"wp:attachment":[{"href":"https:\/\/www.ub.edu\/drogodependencies\/wp-json\/wp\/v2\/media?parent=1197"}],"curies":[{"name":"wp","href":"https:\/\/api.w.org\/{rel}","templated":true}]}}