{"id":1283,"date":"2016-07-16T22:01:15","date_gmt":"2016-07-16T22:01:15","guid":{"rendered":"https:\/\/www.ub.edu\/drogodependencies\/?page_id=1283"},"modified":"2016-07-19T19:03:57","modified_gmt":"2016-07-19T19:03:57","slug":"modul-2-les-mesures-preventives","status":"publish","type":"page","link":"https:\/\/www.ub.edu\/drogodependencies\/pla-estudis\/modul-2-les-mesures-preventives\/","title":{"rendered":"M\u00d2DUL 2: LES MESURES PREVENTIVES"},"content":{"rendered":"<div id='av_section_1'  class='avia-section main_color avia-section-large avia-no-shadow  avia-full-stretch av-section-color-overlay-active avia-bg-style-fixed  avia-builder-el-0  el_before_av_section  avia-builder-el-first   container_wrap sidebar_right' style='background-repeat: no-repeat; background-image: url(https:\/\/www.ub.edu\/drogodependencies\/wp-content\/uploads\/presentacion1.jpg);background-attachment: fixed; background-position: top center;  '  data-section-bg-repeat='stretch'><div class='av-section-color-overlay-wrap'><div class='av-section-color-overlay' style='opacity: 0.2; background-color: #000000; '><\/div><div class='container' ><main  role=\"main\" itemprop=\"mainContentOfPage\"  class='template-page content  av-content-small alpha units'><div class='post-entry post-entry-type-page post-entry-1283'><div class='entry-content-wrapper clearfix'>\n<div  style='padding-bottom:0px; color:#ffffff;font-size:50px;' class='av-special-heading av-special-heading-h3 custom-color-heading blockquote modern-quote modern-centered  avia-builder-el-1  el_before_av_hr  avia-builder-el-first  av-inherit-size '><h3 class='av-special-heading-tag '  itemprop=\"headline\"  >M\u00e0ster Presencial<\/h3><div class ='av-subheading av-subheading_below av_custom_color ' style='font-size:15px;'><p>Classes presencials amb un professorat d&#8217;\u00e0mplia experi\u00e8ncia.<\/p>\n<\/div><div class='special-heading-border'><div class='special-heading-inner-border' style='border-color:#ffffff'><\/div><\/div><\/div>\n<div  style=' margin-top:30px; margin-bottom:30px;'  class='hr hr-custom hr-center hr-icon-yes   avia-builder-el-2  el_after_av_heading  avia-builder-el-last '><span class='hr-inner  inner-border-av-border-thin' style=' width:20%; border-color:rgba(255,255,255,0.76); max-width:45%;' ><span class='hr-inner-style'><\/span><\/span><span class='av-seperator-icon' style='color:#ffffff;' aria-hidden='true' data-av_icon='\ue8bf' data-av_iconfont='entypo-fontello'><\/span><span class='hr-inner  inner-border-av-border-thin' style=' width:20%; border-color:rgba(255,255,255,0.76); max-width:45%;' ><span class='hr-inner-style'><\/span><\/span><\/div>\n\n<\/div><\/div><\/main><!-- close content main element --><\/div><\/div><\/div><div id='av_section_2'  class='avia-section main_color avia-section-small avia-no-border-styling  avia-bg-style-fixed  avia-builder-el-3  el_after_av_section  avia-builder-el-last   container_wrap sidebar_right' style=' '  ><div class='container' ><div class='template-page content  av-content-small alpha units'><div class='post-entry post-entry-type-page post-entry-1283'><div class='entry-content-wrapper clearfix'>\n<div class='flex_column_table av-equal-height-column-flextable -flextable' style='margin-top:-60px; margin-bottom:0px; '><div class=\"flex_column av_two_third  no_margin flex_column_table_cell av-equal-height-column av-align-top first  avia-builder-el-4  el_before_av_one_third  avia-builder-el-first  \" style='padding:30px; background-color:#ffffff; border-radius:0px; '><p><div  style='height:10px' class='hr hr-invisible   avia-builder-el-5  el_before_av_heading  avia-builder-el-first '><span class='hr-inner ' ><span class='hr-inner-style'><\/span><\/span><\/div><br \/>\n<div  style='padding-bottom:0px; color:#216cc6;' class='av-special-heading av-special-heading-h2 custom-color-heading blockquote modern-quote  avia-builder-el-6  el_after_av_hr  el_before_av_hr  '><h2 class='av-special-heading-tag '  itemprop=\"headline\"  >M\u00d2DUL 2: LES MESURES PREVENTIVES<\/h2><div class ='av-subheading av-subheading_below av_custom_color ' style='font-size:15px;'><p>(6 cr\u00e8dits ECTS)<\/p>\n<\/div><div class='special-heading-border'><div class='special-heading-inner-border' style='border-color:#216cc6'><\/div><\/div><\/div><br \/>\n<div  style='height:20px' class='hr hr-invisible   avia-builder-el-7  el_after_av_heading  el_before_av_textblock '><span class='hr-inner ' ><span class='hr-inner-style'><\/span><\/span><\/div><br \/>\n<section class=\"av_textblock_section \"  itemscope=\"itemscope\" itemtype=\"https:\/\/schema.org\/CreativeWork\" ><div class='avia_textblock  '   itemprop=\"text\" ><p style=\"text-align: justify;\"><strong>UNITAT 9 \u2013 BASES DE LA INTERVENCI\u00d3 PREVENTIVA:<\/strong> Promoci\u00f3 de la salut i de la qualitat de vida. Definici\u00f3 dels problemes objecte d\u2019intervenci\u00f3. Avaluaci\u00f3 de les necessitats i prioritats en prevenci\u00f3. Programaci\u00f3 i avaluaci\u00f3 de la prevenci\u00f3.<\/p>\n<p style=\"text-align: justify;\"><strong>UNITAT 10 \u2013 ESTRATEGIES DE LA PREVENCI\u00d3:<\/strong> Reducci\u00f3 de l\u2019oferta i la demanda, detecci\u00f3 i orientaci\u00f3 preco\u00e7, reducci\u00f3 de danys: El control de la oferta: producci\u00f3, comer\u00e7, preus, etc. La reducci\u00f3 de la demanda: sensibilitzaci\u00f3, informaci\u00f3 i educaci\u00f3. La detecci\u00f3 i orientaci\u00f3 preco\u00e7 dels subjectes d\u2019alt risc i drogodependents. La reducci\u00f3 de riscos i problemes associats al consum de drogues altres que la depend\u00e8ncia (SIDA, accidents, delinq\u00fc\u00e8ncia, etc.).<\/p>\n<p style=\"text-align: justify;\"><strong>UNITAT 11 \u2013 PLANS D\u2019ACTUACI\u00d3 TERRITORIAL:<\/strong> Presentaci\u00f3 del Pla Nacional sobre Drogues, el Pla Auton\u00f2mic de Catalunya, un Pla Municipal (el de l\u2019Ajuntament de Barcelona), i d\u2019un Pla per a comarques o petits municipis.<\/p>\n<p style=\"text-align: justify;\"><strong>UNITAT 12 \u2013 LA INTERVENCI\u00d3 DES DEL LLOC DE TREBALL:<\/strong> Caracter\u00edstiques del m\u00f3n laboral i de les empreses. Diferents sectors implicats. Drogues i empreses: dades al nostre pa\u00eds. Problemes al treball derivats del consum de drogues. Promoci\u00f3 de la salut i el benestar, i prevenci\u00f3 dels problemes generats per l\u2019\u00fas de drogues al lloc de treball. Programes de prevenci\u00f3 a les empreses: repressi\u00f3 o participaci\u00f3?. Programes d\u2019assist\u00e8ncia als empleats. Algunes experi\u00e8ncies.<\/p>\n<p style=\"text-align: justify;\"><strong>UNITAT 13 \u2013 PREVENCI\u00d3 DES DELS SERVEIS SOCIALS i SANITARIS:<\/strong> Caracter\u00edstiques i estructura de serveis socials i serveis sanitaris d\u2019atenci\u00f3 prim\u00e0ria a Catalunya. Quines son i com es fan les demandes mes habituals en centres d\u2019atenci\u00f3 prim\u00e0ria. Detecci\u00f3, informaci\u00f3, orientaci\u00f3 i valoraci\u00f3, derivaci\u00f3 des de l\u2019atenci\u00f3 prim\u00e0ria. La utilitat dels q\u00fcestionaris de detecci\u00f3 i la intervenci\u00f3 o consell m\u00ednim. Les actituds i comportaments que solen tenir els afectats. Les din\u00e0miques relacionals mes habituals.<\/p>\n<p style=\"text-align: justify;\"><strong>UNITAT 14 \u2013 LA PREVENCI\u00d3 I EL PAPER DELS MITJANS DE COMUNICACI\u00d3:<\/strong> La construcci\u00f3 de la representaci\u00f3 social del fenomen. La din\u00e0mica dels mitjans de comunicaci\u00f3 i la magnificaci\u00f3 del problema. Efectes preventius i contrapreventius de les informacions sobre drogues. Els silencis informatius i les seves causes. La col\u00b7laboraci\u00f3 entre professionals de la comunicaci\u00f3 i de les drogodepend\u00e8ncies. Prevenci\u00f3 a trav\u00e9s dels <em>mass media<\/em>. Campanyes publicit\u00e0ries.<\/p>\n<p style=\"text-align: justify;\"><strong>UNITAT 15 \u2013 PREVENCI\u00d3 A LES INSTITUCIONS EDUCATIVES \/ PREVENCI\u00d3 FAMILIAR:<\/strong> Prevenci\u00f3 a l\u2019escola: objectius i modalitats. T\u00e8cniques i recursos de prevenci\u00f3 per a diverses edats. La formaci\u00f3 i assessorament de pares i mestres. La inserci\u00f3 de l\u2019educaci\u00f3 sobre les drogues en el curr\u00edculum escolar.<\/p>\n<p style=\"text-align: justify;\"><strong>UNITAT 16 \u2013 LA PREVENCI\u00d3 COMUNIT\u00c0RIA:<\/strong> Conceptes generals: comunitat, territori, treball comunitari, intervenci\u00f3, projecte\/programa, proc\u00e9s de canvi. Objectius, m\u00e8todes i t\u00e8cniques, processos i avaluaci\u00f3. Diferents \u00e0mbits d\u2019intervenci\u00f3 (dispositius culturals, esportius, juvenils, associacions, serveis de salut i de benestar social, etc.).<\/p>\n<\/div><\/section><\/p><\/div><div class=\"flex_column av_one_third  no_margin flex_column_table_cell av-equal-height-column av-align-top   avia-builder-el-9  el_after_av_two_third  avia-builder-el-last  \" style='padding:30px; background-color:#f0f0f0; border-radius:0px; '><p><div  class='avia-builder-widget-area clearfix  avia-builder-el-10  el_before_av_textblock  avia-builder-el-first '><section id=\"nav_menu-3\" class=\"widget clearfix widget_nav_menu\"><div class=\"menu-master-lateral-container\"><ul id=\"menu-master-lateral\" class=\"menu\"><li id=\"menu-item-1217\" class=\"menu-item menu-item-type-post_type menu-item-object-page menu-item-1217\"><a href=\"https:\/\/www.ub.edu\/drogodependencies\/introduccio\/\">Introducci\u00f3<\/a><\/li>\n<li id=\"menu-item-1187\" class=\"menu-item menu-item-type-post_type menu-item-object-page menu-item-1187\"><a href=\"https:\/\/www.ub.edu\/drogodependencies\/objectius\/\">Objectius<\/a><\/li>\n<li id=\"menu-item-1188\" class=\"menu-item menu-item-type-post_type menu-item-object-page menu-item-1188\"><a href=\"https:\/\/www.ub.edu\/drogodependencies\/sortides-professionals\/\">Sortides professionals<\/a><\/li>\n<li id=\"menu-item-1189\" class=\"menu-item menu-item-type-post_type menu-item-object-page menu-item-1189\"><a href=\"https:\/\/www.ub.edu\/drogodependencies\/pla-estudis\/\">Pla d&#8217;estudis<\/a><\/li>\n<li id=\"menu-item-1190\" class=\"menu-item menu-item-type-post_type menu-item-object-page menu-item-1190\"><a href=\"https:\/\/www.ub.edu\/drogodependencies\/requisits-acces-i-titulacio\/\">Requisits d\u2019acc\u00e9s i titulaci\u00f3<\/a><\/li>\n<li id=\"menu-item-1191\" class=\"menu-item menu-item-type-post_type menu-item-object-page menu-item-1191\"><a href=\"https:\/\/www.ub.edu\/drogodependencies\/equip-docent\/\">Equip docent<\/a><\/li>\n<li id=\"menu-item-1192\" class=\"menu-item menu-item-type-post_type menu-item-object-page menu-item-1192\"><a href=\"https:\/\/www.ub.edu\/drogodependencies\/centres-i-tutors-de-practiques\/\">Centres i tutors de pr\u00e0ctiques<\/a><\/li>\n<li id=\"menu-item-1194\" class=\"menu-item menu-item-type-post_type menu-item-object-page menu-item-1194\"><a href=\"https:\/\/www.ub.edu\/drogodependencies\/horari-i-calendari\/\">Horari i Calendari<\/a><\/li>\n<li id=\"menu-item-1195\" class=\"menu-item menu-item-type-post_type menu-item-object-page menu-item-1195\"><a href=\"https:\/\/www.ub.edu\/drogodependencies\/avaluacio\/\">Avaluaci\u00f3<\/a><\/li>\n<li id=\"menu-item-1196\" class=\"menu-item menu-item-type-post_type menu-item-object-page menu-item-1196\"><a href=\"https:\/\/www.ub.edu\/drogodependencies\/matricula-i-preus\/\">Matr\u00edcula i preus<\/a><\/li>\n<\/ul><\/div><span class=\"seperator extralight-border\"><\/span><\/section><\/div><br \/>\n<section class=\"av_textblock_section \"  itemscope=\"itemscope\" itemtype=\"https:\/\/schema.org\/CreativeWork\" ><div class='avia_textblock  '   itemprop=\"text\" ><p style=\"text-align: center;\">Preinscripci\u00f3 per a la 16a promoci\u00f3<br \/>\noberta des abril 2016.<\/p>\n<\/div><\/section><br \/>\n<div  class='avia-button-wrap avia-button-center  avia-builder-el-12  el_after_av_textblock  el_before_av_hr ' ><a href=''  class='avia-button  avia-color-theme-color   avia-icon_select-yes-right-icon avia-size-large avia-position-center '   ><span class='avia_iconbox_title' >Realitzar Preinscripci\u00f3<\/span><span class='avia_button_icon avia_button_icon_right' aria-hidden='true' data-av_icon='\ue836' data-av_iconfont='entypo-fontello'><\/span><\/a><\/div><br \/>\n<div  style=' margin-top:30px; margin-bottom:30px;'  class='hr hr-custom hr-center hr-icon-yes   avia-builder-el-13  el_after_av_button  avia-builder-el-last '><span class='hr-inner  inner-border-av-border-thin' style=' width:45%; max-width:45%;' ><span class='hr-inner-style'><\/span><\/span><span class='av-seperator-icon'  aria-hidden='true' data-av_icon='\ue8bf' data-av_iconfont='entypo-fontello'><\/span><span class='hr-inner  inner-border-av-border-thin' style=' width:45%; max-width:45%;' ><span class='hr-inner-style'><\/span><\/span><\/div><\/p><\/div><\/div><!--close column table wrapper. Autoclose: 1 -->\n<\/div><\/div><\/div><!-- close content main div --><\/div><\/div><div id='after_section_2'  class='main_color av_default_container_wrap container_wrap sidebar_right' style=' '  ><div class='container' ><div class='template-page content  av-content-small alpha units'><div class='post-entry post-entry-type-page post-entry-1283'><div class='entry-content-wrapper clearfix'>\n","protected":false},"excerpt":{"rendered":"","protected":false},"author":1,"featured_media":0,"parent":1073,"menu_order":2,"comment_status":"closed","ping_status":"closed","template":"","meta":{"footnotes":""},"class_list":["post-1283","page","type-page","status-publish","hentry"],"yoast_head":"<!-- This site is optimized with the Yoast SEO plugin v27.2 - https:\/\/yoast.com\/product\/yoast-seo-wordpress\/ -->\n<title>M\u00d2DUL 2: LES MESURES PREVENTIVES - M\u00e1ster en Drogodependencias<\/title>\n<meta name=\"robots\" content=\"index, follow, max-snippet:-1, max-image-preview:large, max-video-preview:-1\" \/>\n<link rel=\"canonical\" href=\"https:\/\/www.ub.edu\/drogodependencies\/pla-estudis\/modul-2-les-mesures-preventives\/\" \/>\n<meta name=\"twitter:label1\" content=\"Temps estimat de lectura\" \/>\n\t<meta name=\"twitter:data1\" content=\"5 minuts\" \/>\n<script type=\"application\/ld+json\" class=\"yoast-schema-graph\">{\"@context\":\"https:\/\/schema.org\",\"@graph\":[{\"@type\":\"WebPage\",\"@id\":\"https:\/\/www.ub.edu\/drogodependencies\/pla-estudis\/modul-2-les-mesures-preventives\/\",\"url\":\"https:\/\/www.ub.edu\/drogodependencies\/pla-estudis\/modul-2-les-mesures-preventives\/\",\"name\":\"M\u00d2DUL 2: LES MESURES PREVENTIVES - M\u00e1ster en Drogodependencias\",\"isPartOf\":{\"@id\":\"https:\/\/www.ub.edu\/drogodependencies\/es\/#website\"},\"datePublished\":\"2016-07-16T22:01:15+00:00\",\"dateModified\":\"2016-07-19T19:03:57+00:00\",\"breadcrumb\":{\"@id\":\"https:\/\/www.ub.edu\/drogodependencies\/pla-estudis\/modul-2-les-mesures-preventives\/#breadcrumb\"},\"inLanguage\":\"ca\",\"potentialAction\":[{\"@type\":\"ReadAction\",\"target\":[\"https:\/\/www.ub.edu\/drogodependencies\/pla-estudis\/modul-2-les-mesures-preventives\/\"]}]},{\"@type\":\"BreadcrumbList\",\"@id\":\"https:\/\/www.ub.edu\/drogodependencies\/pla-estudis\/modul-2-les-mesures-preventives\/#breadcrumb\",\"itemListElement\":[{\"@type\":\"ListItem\",\"position\":1,\"name\":\"Portada\",\"item\":\"https:\/\/www.ub.edu\/drogodependencies\/inici\/\"},{\"@type\":\"ListItem\",\"position\":2,\"name\":\"Pla d&#8217;estudis\",\"item\":\"https:\/\/www.ub.edu\/drogodependencies\/pla-estudis\/\"},{\"@type\":\"ListItem\",\"position\":3,\"name\":\"M\u00d2DUL 2: LES MESURES PREVENTIVES\"}]},{\"@type\":\"WebSite\",\"@id\":\"https:\/\/www.ub.edu\/drogodependencies\/es\/#website\",\"url\":\"https:\/\/www.ub.edu\/drogodependencies\/es\/\",\"name\":\"M\u00e1ster en Drogodependencias\",\"description\":\"M\u00e1ster Drogodependencias de la Universidad de Barcelona\",\"potentialAction\":[{\"@type\":\"SearchAction\",\"target\":{\"@type\":\"EntryPoint\",\"urlTemplate\":\"https:\/\/www.ub.edu\/drogodependencies\/es\/?s={search_term_string}\"},\"query-input\":{\"@type\":\"PropertyValueSpecification\",\"valueRequired\":true,\"valueName\":\"search_term_string\"}}],\"inLanguage\":\"ca\"}]}<\/script>\n<!-- \/ Yoast SEO plugin. -->","yoast_head_json":{"title":"M\u00d2DUL 2: LES MESURES PREVENTIVES - M\u00e1ster en Drogodependencias","robots":{"index":"index","follow":"follow","max-snippet":"max-snippet:-1","max-image-preview":"max-image-preview:large","max-video-preview":"max-video-preview:-1"},"canonical":"https:\/\/www.ub.edu\/drogodependencies\/pla-estudis\/modul-2-les-mesures-preventives\/","twitter_misc":{"Temps estimat de lectura":"5 minuts"},"schema":{"@context":"https:\/\/schema.org","@graph":[{"@type":"WebPage","@id":"https:\/\/www.ub.edu\/drogodependencies\/pla-estudis\/modul-2-les-mesures-preventives\/","url":"https:\/\/www.ub.edu\/drogodependencies\/pla-estudis\/modul-2-les-mesures-preventives\/","name":"M\u00d2DUL 2: LES MESURES PREVENTIVES - M\u00e1ster en Drogodependencias","isPartOf":{"@id":"https:\/\/www.ub.edu\/drogodependencies\/es\/#website"},"datePublished":"2016-07-16T22:01:15+00:00","dateModified":"2016-07-19T19:03:57+00:00","breadcrumb":{"@id":"https:\/\/www.ub.edu\/drogodependencies\/pla-estudis\/modul-2-les-mesures-preventives\/#breadcrumb"},"inLanguage":"ca","potentialAction":[{"@type":"ReadAction","target":["https:\/\/www.ub.edu\/drogodependencies\/pla-estudis\/modul-2-les-mesures-preventives\/"]}]},{"@type":"BreadcrumbList","@id":"https:\/\/www.ub.edu\/drogodependencies\/pla-estudis\/modul-2-les-mesures-preventives\/#breadcrumb","itemListElement":[{"@type":"ListItem","position":1,"name":"Portada","item":"https:\/\/www.ub.edu\/drogodependencies\/inici\/"},{"@type":"ListItem","position":2,"name":"Pla d&#8217;estudis","item":"https:\/\/www.ub.edu\/drogodependencies\/pla-estudis\/"},{"@type":"ListItem","position":3,"name":"M\u00d2DUL 2: LES MESURES PREVENTIVES"}]},{"@type":"WebSite","@id":"https:\/\/www.ub.edu\/drogodependencies\/es\/#website","url":"https:\/\/www.ub.edu\/drogodependencies\/es\/","name":"M\u00e1ster en Drogodependencias","description":"M\u00e1ster Drogodependencias de la Universidad de Barcelona","potentialAction":[{"@type":"SearchAction","target":{"@type":"EntryPoint","urlTemplate":"https:\/\/www.ub.edu\/drogodependencies\/es\/?s={search_term_string}"},"query-input":{"@type":"PropertyValueSpecification","valueRequired":true,"valueName":"search_term_string"}}],"inLanguage":"ca"}]}},"_links":{"self":[{"href":"https:\/\/www.ub.edu\/drogodependencies\/wp-json\/wp\/v2\/pages\/1283","targetHints":{"allow":["GET"]}}],"collection":[{"href":"https:\/\/www.ub.edu\/drogodependencies\/wp-json\/wp\/v2\/pages"}],"about":[{"href":"https:\/\/www.ub.edu\/drogodependencies\/wp-json\/wp\/v2\/types\/page"}],"author":[{"embeddable":true,"href":"https:\/\/www.ub.edu\/drogodependencies\/wp-json\/wp\/v2\/users\/1"}],"replies":[{"embeddable":true,"href":"https:\/\/www.ub.edu\/drogodependencies\/wp-json\/wp\/v2\/comments?post=1283"}],"version-history":[{"count":0,"href":"https:\/\/www.ub.edu\/drogodependencies\/wp-json\/wp\/v2\/pages\/1283\/revisions"}],"up":[{"embeddable":true,"href":"https:\/\/www.ub.edu\/drogodependencies\/wp-json\/wp\/v2\/pages\/1073"}],"wp:attachment":[{"href":"https:\/\/www.ub.edu\/drogodependencies\/wp-json\/wp\/v2\/media?parent=1283"}],"curies":[{"name":"wp","href":"https:\/\/api.w.org\/{rel}","templated":true}]}}