{"id":1285,"date":"2016-07-16T22:02:55","date_gmt":"2016-07-16T22:02:55","guid":{"rendered":"https:\/\/www.ub.edu\/drogodependencies\/?page_id=1285"},"modified":"2016-07-19T19:04:12","modified_gmt":"2016-07-19T19:04:12","slug":"modul-3-les-substancies-patologia-i-terapeutica","status":"publish","type":"page","link":"https:\/\/www.ub.edu\/drogodependencies\/pla-estudis\/modul-3-les-substancies-patologia-i-terapeutica\/","title":{"rendered":"M\u00d2DUL 3: LES SUBST\u00c0NCIES: PATOLOGIA I TERAP\u00c8UTICA"},"content":{"rendered":"<div id='av_section_1'  class='avia-section main_color avia-section-large avia-no-shadow  avia-full-stretch av-section-color-overlay-active avia-bg-style-fixed  avia-builder-el-0  el_before_av_section  avia-builder-el-first   container_wrap sidebar_right' style='background-repeat: no-repeat; background-image: url(https:\/\/www.ub.edu\/drogodependencies\/wp-content\/uploads\/presentacion1.jpg);background-attachment: fixed; background-position: top center;  '  data-section-bg-repeat='stretch'><div class='av-section-color-overlay-wrap'><div class='av-section-color-overlay' style='opacity: 0.2; background-color: #000000; '><\/div><div class='container' ><main  role=\"main\" itemprop=\"mainContentOfPage\"  class='template-page content  av-content-small alpha units'><div class='post-entry post-entry-type-page post-entry-1285'><div class='entry-content-wrapper clearfix'>\n<div  style='padding-bottom:0px; color:#ffffff;font-size:50px;' class='av-special-heading av-special-heading-h3 custom-color-heading blockquote modern-quote modern-centered  avia-builder-el-1  el_before_av_hr  avia-builder-el-first  av-inherit-size '><h3 class='av-special-heading-tag '  itemprop=\"headline\"  >M\u00e0ster Presencial<\/h3><div class ='av-subheading av-subheading_below av_custom_color ' style='font-size:15px;'><p>Classes presencials amb un professorat d&#8217;\u00e0mplia experi\u00e8ncia.<\/p>\n<\/div><div class='special-heading-border'><div class='special-heading-inner-border' style='border-color:#ffffff'><\/div><\/div><\/div>\n<div  style=' margin-top:30px; margin-bottom:30px;'  class='hr hr-custom hr-center hr-icon-yes   avia-builder-el-2  el_after_av_heading  avia-builder-el-last '><span class='hr-inner  inner-border-av-border-thin' style=' width:20%; border-color:rgba(255,255,255,0.76); max-width:45%;' ><span class='hr-inner-style'><\/span><\/span><span class='av-seperator-icon' style='color:#ffffff;' aria-hidden='true' data-av_icon='\ue8bf' data-av_iconfont='entypo-fontello'><\/span><span class='hr-inner  inner-border-av-border-thin' style=' width:20%; border-color:rgba(255,255,255,0.76); max-width:45%;' ><span class='hr-inner-style'><\/span><\/span><\/div>\n\n<\/div><\/div><\/main><!-- close content main element --><\/div><\/div><\/div><div id='av_section_2'  class='avia-section main_color avia-section-small avia-no-border-styling  avia-bg-style-fixed  avia-builder-el-3  el_after_av_section  avia-builder-el-last   container_wrap sidebar_right' style=' '  ><div class='container' ><div class='template-page content  av-content-small alpha units'><div class='post-entry post-entry-type-page post-entry-1285'><div class='entry-content-wrapper clearfix'>\n<div class='flex_column_table av-equal-height-column-flextable -flextable' style='margin-top:-60px; margin-bottom:0px; '><div class=\"flex_column av_two_third  no_margin flex_column_table_cell av-equal-height-column av-align-top first  avia-builder-el-4  el_before_av_one_third  avia-builder-el-first  \" style='padding:30px; background-color:#ffffff; border-radius:0px; '><p><div  style='height:10px' class='hr hr-invisible   avia-builder-el-5  el_before_av_heading  avia-builder-el-first '><span class='hr-inner ' ><span class='hr-inner-style'><\/span><\/span><\/div><br \/>\n<div  style='padding-bottom:0px; color:#216cc6;' class='av-special-heading av-special-heading-h2 custom-color-heading blockquote modern-quote  avia-builder-el-6  el_after_av_hr  el_before_av_hr  '><h2 class='av-special-heading-tag '  itemprop=\"headline\"  >M\u00d2DUL 3: LES SUBST\u00c0NCIES: PATOLOGIA I TERAP\u00c8UTICA<\/h2><div class ='av-subheading av-subheading_below av_custom_color ' style='font-size:15px;'><p>(9 cr\u00e8dits ECTS)<\/p>\n<\/div><div class='special-heading-border'><div class='special-heading-inner-border' style='border-color:#216cc6'><\/div><\/div><\/div><br \/>\n<div  style='height:20px' class='hr hr-invisible   avia-builder-el-7  el_after_av_heading  el_before_av_textblock '><span class='hr-inner ' ><span class='hr-inner-style'><\/span><\/span><\/div><br \/>\n<section class=\"av_textblock_section \"  itemscope=\"itemscope\" itemtype=\"https:\/\/schema.org\/CreativeWork\" ><div class='avia_textblock  '   itemprop=\"text\" ><p style=\"text-align: justify;\">Aquest M\u00f2dul est\u00e0 dedicat a l\u2019estudi de les diverses subst\u00e0ncies, dels seus efectes i de la terap\u00e8utica dels problemes que s\u2019hi deriven. Es segueix un esquema com\u00fa per l\u2019an\u00e0lisi de cada subst\u00e0ncia, amb algunes modificacions pr\u00f2pies de cada cas. Per tal de no repetir\u2014lo en cada cas, el detallem tot seguit:<\/p>\n<ul style=\"text-align: justify;\">\n<li>Descripci\u00f3 del producte i el seu proc\u00e9s d\u2019obtenci\u00f3.<\/li>\n<li>Bases bioqu\u00edmiques i metab\u00f2liques.<\/li>\n<li>Farmacocin\u00e9tica i farmacodin\u00e0mica.<\/li>\n<li>Efectes immediats i a llarg termini sobre l\u2019organisme i la conducta. Repercussions sobre terceres persones (sobre el fetus, els consumidors passius\u2026), familiars i socials.<\/li>\n<li>Diagn\u00f2stic de la S\u00edndrome de depend\u00e8ncia.<\/li>\n<li>El proc\u00e9s terap\u00e8utic, les seves fases i objectius.<\/li>\n<li>Actuaci\u00f3 en urg\u00e8ncies i principals complicacions m\u00e8diques.<\/li>\n<li>Avaluaci\u00f3 de t\u00e8cniques i programes terap\u00e8utics.<\/li>\n<\/ul>\n<p style=\"text-align: justify;\">Tot aix\u00f2 aplicable doncs a:<\/p>\n<p style=\"text-align: justify;\"><strong>UNITAT 17 \u2013 ALCOHOL I ALCOHOLISME.<\/strong><\/p>\n<p style=\"text-align: justify;\"><strong>UNITAT 18 \u2013 CONSUM I DEPEND\u00c8NCIA DEL TABAC.<\/strong><\/p>\n<p style=\"text-align: justify;\"><strong>UNITAT 19 \u2013 DROGUES DE S\u00cdNTESI I AL\u00b7LUCIN\u00d2GENS NATURALS I SINT\u00c8TICS.<\/strong><\/p>\n<p style=\"text-align: justify;\"><strong>UNITAT 20 \u2013 L\u2019AB\u00daS DELS PSICOF\u00c0RMACS.<\/strong><\/p>\n<p style=\"text-align: justify;\"><strong>UNITAT 21 \u2013 ELS DISSOLVENTS VOL\u00c0TILS.<\/strong><\/p>\n<p style=\"text-align: justify;\"><strong>UNITAT 22 \u2013 AL\u00b7LUCIN\u00d2GENS NATURALS I SINT\u00c8TICS, CANNABIS.<\/strong><\/p>\n<p style=\"text-align: justify;\"><strong>UNITAT 23 \u2013 LA COCA\u00cfNA I D\u2019ALTRES PSICOESTIMULANTS.<\/strong><\/p>\n<p style=\"text-align: justify;\"><strong>UNITAT 24 \u2013 ELS OPIACIS.<\/strong><\/p>\n<h4 style=\"text-align: justify;\"><strong>CONFER\u00c8NCIES EXTRAORDIN\u00c0RIES: <\/strong><\/h4>\n<p style=\"text-align: justify;\"><strong><em>Al llarg del curs es podran organitzar confer\u00e8ncies extraordin\u00e0ries sobre temes espec\u00edfics que completin el programa. <\/em><\/strong><\/p>\n<\/div><\/section><\/p><\/div><div class=\"flex_column av_one_third  no_margin flex_column_table_cell av-equal-height-column av-align-top   avia-builder-el-9  el_after_av_two_third  avia-builder-el-last  \" style='padding:30px; background-color:#f0f0f0; border-radius:0px; '><p><div  class='avia-builder-widget-area clearfix  avia-builder-el-10  el_before_av_textblock  avia-builder-el-first '><section id=\"nav_menu-3\" class=\"widget clearfix widget_nav_menu\"><div class=\"menu-master-lateral-container\"><ul id=\"menu-master-lateral\" class=\"menu\"><li id=\"menu-item-1217\" class=\"menu-item menu-item-type-post_type menu-item-object-page menu-item-1217\"><a href=\"https:\/\/www.ub.edu\/drogodependencies\/introduccio\/\">Introducci\u00f3<\/a><\/li>\n<li id=\"menu-item-1187\" class=\"menu-item menu-item-type-post_type menu-item-object-page menu-item-1187\"><a href=\"https:\/\/www.ub.edu\/drogodependencies\/objectius\/\">Objectius<\/a><\/li>\n<li id=\"menu-item-1188\" class=\"menu-item menu-item-type-post_type menu-item-object-page menu-item-1188\"><a href=\"https:\/\/www.ub.edu\/drogodependencies\/sortides-professionals\/\">Sortides professionals<\/a><\/li>\n<li id=\"menu-item-1189\" class=\"menu-item menu-item-type-post_type menu-item-object-page menu-item-1189\"><a href=\"https:\/\/www.ub.edu\/drogodependencies\/pla-estudis\/\">Pla d&#8217;estudis<\/a><\/li>\n<li id=\"menu-item-1190\" class=\"menu-item menu-item-type-post_type menu-item-object-page menu-item-1190\"><a href=\"https:\/\/www.ub.edu\/drogodependencies\/requisits-acces-i-titulacio\/\">Requisits d\u2019acc\u00e9s i titulaci\u00f3<\/a><\/li>\n<li id=\"menu-item-1191\" class=\"menu-item menu-item-type-post_type menu-item-object-page menu-item-1191\"><a href=\"https:\/\/www.ub.edu\/drogodependencies\/equip-docent\/\">Equip docent<\/a><\/li>\n<li id=\"menu-item-1192\" class=\"menu-item menu-item-type-post_type menu-item-object-page menu-item-1192\"><a href=\"https:\/\/www.ub.edu\/drogodependencies\/centres-i-tutors-de-practiques\/\">Centres i tutors de pr\u00e0ctiques<\/a><\/li>\n<li id=\"menu-item-1194\" class=\"menu-item menu-item-type-post_type menu-item-object-page menu-item-1194\"><a href=\"https:\/\/www.ub.edu\/drogodependencies\/horari-i-calendari\/\">Horari i Calendari<\/a><\/li>\n<li id=\"menu-item-1195\" class=\"menu-item menu-item-type-post_type menu-item-object-page menu-item-1195\"><a href=\"https:\/\/www.ub.edu\/drogodependencies\/avaluacio\/\">Avaluaci\u00f3<\/a><\/li>\n<li id=\"menu-item-1196\" class=\"menu-item menu-item-type-post_type menu-item-object-page menu-item-1196\"><a href=\"https:\/\/www.ub.edu\/drogodependencies\/matricula-i-preus\/\">Matr\u00edcula i preus<\/a><\/li>\n<\/ul><\/div><span class=\"seperator extralight-border\"><\/span><\/section><\/div><br \/>\n<section class=\"av_textblock_section \"  itemscope=\"itemscope\" itemtype=\"https:\/\/schema.org\/CreativeWork\" ><div class='avia_textblock  '   itemprop=\"text\" ><p style=\"text-align: center;\">Preinscripci\u00f3 per a la 16a promoci\u00f3<br \/>\noberta des abril 2016.<\/p>\n<\/div><\/section><br \/>\n<div  class='avia-button-wrap avia-button-center  avia-builder-el-12  el_after_av_textblock  el_before_av_hr ' ><a href=''  class='avia-button  avia-color-theme-color   avia-icon_select-yes-right-icon avia-size-large avia-position-center '   ><span class='avia_iconbox_title' >Realitzar Preinscripci\u00f3<\/span><span class='avia_button_icon avia_button_icon_right' aria-hidden='true' data-av_icon='\ue836' data-av_iconfont='entypo-fontello'><\/span><\/a><\/div><br \/>\n<div  style=' margin-top:30px; margin-bottom:30px;'  class='hr hr-custom hr-center hr-icon-yes   avia-builder-el-13  el_after_av_button  avia-builder-el-last '><span class='hr-inner  inner-border-av-border-thin' style=' width:45%; max-width:45%;' ><span class='hr-inner-style'><\/span><\/span><span class='av-seperator-icon'  aria-hidden='true' data-av_icon='\ue8bf' data-av_iconfont='entypo-fontello'><\/span><span class='hr-inner  inner-border-av-border-thin' style=' width:45%; max-width:45%;' ><span class='hr-inner-style'><\/span><\/span><\/div><\/p><\/div><\/div><!--close column table wrapper. Autoclose: 1 -->\n<\/div><\/div><\/div><!-- close content main div --><\/div><\/div><div id='after_section_2'  class='main_color av_default_container_wrap container_wrap sidebar_right' style=' '  ><div class='container' ><div class='template-page content  av-content-small alpha units'><div class='post-entry post-entry-type-page post-entry-1285'><div class='entry-content-wrapper clearfix'>\n","protected":false},"excerpt":{"rendered":"","protected":false},"author":1,"featured_media":0,"parent":1073,"menu_order":3,"comment_status":"closed","ping_status":"closed","template":"","meta":{"footnotes":""},"class_list":["post-1285","page","type-page","status-publish","hentry"],"yoast_head":"<!-- This site is optimized with the Yoast SEO plugin v27.2 - https:\/\/yoast.com\/product\/yoast-seo-wordpress\/ -->\n<title>M\u00d2DUL 3: LES SUBST\u00c0NCIES: PATOLOGIA I TERAP\u00c8UTICA - M\u00e1ster en Drogodependencias<\/title>\n<meta name=\"robots\" content=\"index, follow, max-snippet:-1, max-image-preview:large, max-video-preview:-1\" \/>\n<link rel=\"canonical\" href=\"https:\/\/www.ub.edu\/drogodependencies\/pla-estudis\/modul-3-les-substancies-patologia-i-terapeutica\/\" \/>\n<meta name=\"twitter:label1\" content=\"Temps estimat de lectura\" \/>\n\t<meta name=\"twitter:data1\" content=\"4 minuts\" \/>\n<script type=\"application\/ld+json\" class=\"yoast-schema-graph\">{\"@context\":\"https:\/\/schema.org\",\"@graph\":[{\"@type\":\"WebPage\",\"@id\":\"https:\/\/www.ub.edu\/drogodependencies\/pla-estudis\/modul-3-les-substancies-patologia-i-terapeutica\/\",\"url\":\"https:\/\/www.ub.edu\/drogodependencies\/pla-estudis\/modul-3-les-substancies-patologia-i-terapeutica\/\",\"name\":\"M\u00d2DUL 3: LES SUBST\u00c0NCIES: PATOLOGIA I TERAP\u00c8UTICA - M\u00e1ster en Drogodependencias\",\"isPartOf\":{\"@id\":\"https:\/\/www.ub.edu\/drogodependencies\/es\/#website\"},\"datePublished\":\"2016-07-16T22:02:55+00:00\",\"dateModified\":\"2016-07-19T19:04:12+00:00\",\"breadcrumb\":{\"@id\":\"https:\/\/www.ub.edu\/drogodependencies\/pla-estudis\/modul-3-les-substancies-patologia-i-terapeutica\/#breadcrumb\"},\"inLanguage\":\"ca\",\"potentialAction\":[{\"@type\":\"ReadAction\",\"target\":[\"https:\/\/www.ub.edu\/drogodependencies\/pla-estudis\/modul-3-les-substancies-patologia-i-terapeutica\/\"]}]},{\"@type\":\"BreadcrumbList\",\"@id\":\"https:\/\/www.ub.edu\/drogodependencies\/pla-estudis\/modul-3-les-substancies-patologia-i-terapeutica\/#breadcrumb\",\"itemListElement\":[{\"@type\":\"ListItem\",\"position\":1,\"name\":\"Portada\",\"item\":\"https:\/\/www.ub.edu\/drogodependencies\/inici\/\"},{\"@type\":\"ListItem\",\"position\":2,\"name\":\"Pla d&#8217;estudis\",\"item\":\"https:\/\/www.ub.edu\/drogodependencies\/pla-estudis\/\"},{\"@type\":\"ListItem\",\"position\":3,\"name\":\"M\u00d2DUL 3: LES SUBST\u00c0NCIES: PATOLOGIA I TERAP\u00c8UTICA\"}]},{\"@type\":\"WebSite\",\"@id\":\"https:\/\/www.ub.edu\/drogodependencies\/es\/#website\",\"url\":\"https:\/\/www.ub.edu\/drogodependencies\/es\/\",\"name\":\"M\u00e1ster en Drogodependencias\",\"description\":\"M\u00e1ster Drogodependencias de la Universidad de Barcelona\",\"potentialAction\":[{\"@type\":\"SearchAction\",\"target\":{\"@type\":\"EntryPoint\",\"urlTemplate\":\"https:\/\/www.ub.edu\/drogodependencies\/es\/?s={search_term_string}\"},\"query-input\":{\"@type\":\"PropertyValueSpecification\",\"valueRequired\":true,\"valueName\":\"search_term_string\"}}],\"inLanguage\":\"ca\"}]}<\/script>\n<!-- \/ Yoast SEO plugin. -->","yoast_head_json":{"title":"M\u00d2DUL 3: LES SUBST\u00c0NCIES: PATOLOGIA I TERAP\u00c8UTICA - M\u00e1ster en Drogodependencias","robots":{"index":"index","follow":"follow","max-snippet":"max-snippet:-1","max-image-preview":"max-image-preview:large","max-video-preview":"max-video-preview:-1"},"canonical":"https:\/\/www.ub.edu\/drogodependencies\/pla-estudis\/modul-3-les-substancies-patologia-i-terapeutica\/","twitter_misc":{"Temps estimat de lectura":"4 minuts"},"schema":{"@context":"https:\/\/schema.org","@graph":[{"@type":"WebPage","@id":"https:\/\/www.ub.edu\/drogodependencies\/pla-estudis\/modul-3-les-substancies-patologia-i-terapeutica\/","url":"https:\/\/www.ub.edu\/drogodependencies\/pla-estudis\/modul-3-les-substancies-patologia-i-terapeutica\/","name":"M\u00d2DUL 3: LES SUBST\u00c0NCIES: PATOLOGIA I TERAP\u00c8UTICA - M\u00e1ster en Drogodependencias","isPartOf":{"@id":"https:\/\/www.ub.edu\/drogodependencies\/es\/#website"},"datePublished":"2016-07-16T22:02:55+00:00","dateModified":"2016-07-19T19:04:12+00:00","breadcrumb":{"@id":"https:\/\/www.ub.edu\/drogodependencies\/pla-estudis\/modul-3-les-substancies-patologia-i-terapeutica\/#breadcrumb"},"inLanguage":"ca","potentialAction":[{"@type":"ReadAction","target":["https:\/\/www.ub.edu\/drogodependencies\/pla-estudis\/modul-3-les-substancies-patologia-i-terapeutica\/"]}]},{"@type":"BreadcrumbList","@id":"https:\/\/www.ub.edu\/drogodependencies\/pla-estudis\/modul-3-les-substancies-patologia-i-terapeutica\/#breadcrumb","itemListElement":[{"@type":"ListItem","position":1,"name":"Portada","item":"https:\/\/www.ub.edu\/drogodependencies\/inici\/"},{"@type":"ListItem","position":2,"name":"Pla d&#8217;estudis","item":"https:\/\/www.ub.edu\/drogodependencies\/pla-estudis\/"},{"@type":"ListItem","position":3,"name":"M\u00d2DUL 3: LES SUBST\u00c0NCIES: PATOLOGIA I TERAP\u00c8UTICA"}]},{"@type":"WebSite","@id":"https:\/\/www.ub.edu\/drogodependencies\/es\/#website","url":"https:\/\/www.ub.edu\/drogodependencies\/es\/","name":"M\u00e1ster en Drogodependencias","description":"M\u00e1ster Drogodependencias de la Universidad de Barcelona","potentialAction":[{"@type":"SearchAction","target":{"@type":"EntryPoint","urlTemplate":"https:\/\/www.ub.edu\/drogodependencies\/es\/?s={search_term_string}"},"query-input":{"@type":"PropertyValueSpecification","valueRequired":true,"valueName":"search_term_string"}}],"inLanguage":"ca"}]}},"_links":{"self":[{"href":"https:\/\/www.ub.edu\/drogodependencies\/wp-json\/wp\/v2\/pages\/1285","targetHints":{"allow":["GET"]}}],"collection":[{"href":"https:\/\/www.ub.edu\/drogodependencies\/wp-json\/wp\/v2\/pages"}],"about":[{"href":"https:\/\/www.ub.edu\/drogodependencies\/wp-json\/wp\/v2\/types\/page"}],"author":[{"embeddable":true,"href":"https:\/\/www.ub.edu\/drogodependencies\/wp-json\/wp\/v2\/users\/1"}],"replies":[{"embeddable":true,"href":"https:\/\/www.ub.edu\/drogodependencies\/wp-json\/wp\/v2\/comments?post=1285"}],"version-history":[{"count":0,"href":"https:\/\/www.ub.edu\/drogodependencies\/wp-json\/wp\/v2\/pages\/1285\/revisions"}],"up":[{"embeddable":true,"href":"https:\/\/www.ub.edu\/drogodependencies\/wp-json\/wp\/v2\/pages\/1073"}],"wp:attachment":[{"href":"https:\/\/www.ub.edu\/drogodependencies\/wp-json\/wp\/v2\/media?parent=1285"}],"curies":[{"name":"wp","href":"https:\/\/api.w.org\/{rel}","templated":true}]}}