{"id":1305,"date":"2016-07-16T23:17:31","date_gmt":"2016-07-16T23:17:31","guid":{"rendered":"https:\/\/www.ub.edu\/drogodependencies\/?page_id=1305"},"modified":"2016-07-19T19:08:23","modified_gmt":"2016-07-19T19:08:23","slug":"modul-12-gestio-i-planificacio-de-centres-i-projectes-en-drogodependencies","status":"publish","type":"page","link":"https:\/\/www.ub.edu\/drogodependencies\/pla-estudis\/modul-12-gestio-i-planificacio-de-centres-i-projectes-en-drogodependencies\/","title":{"rendered":"M\u00d2DUL 12: GESTI\u00d3 I PLANIFICACI\u00d3 DE CENTRES I PROJECTES EN DROGODEPEND\u00c8NCIES"},"content":{"rendered":"<div id='av_section_1'  class='avia-section main_color avia-section-large avia-no-shadow  avia-full-stretch av-section-color-overlay-active avia-bg-style-fixed  avia-builder-el-0  el_before_av_section  avia-builder-el-first   container_wrap sidebar_right' style='background-repeat: no-repeat; background-image: url(https:\/\/www.ub.edu\/drogodependencies\/wp-content\/uploads\/presentacion1.jpg);background-attachment: fixed; background-position: top center;  '  data-section-bg-repeat='stretch'><div class='av-section-color-overlay-wrap'><div class='av-section-color-overlay' style='opacity: 0.2; background-color: #000000; '><\/div><div class='container' ><main  role=\"main\" itemprop=\"mainContentOfPage\"  class='template-page content  av-content-small alpha units'><div class='post-entry post-entry-type-page post-entry-1305'><div class='entry-content-wrapper clearfix'>\n<div  style='padding-bottom:0px; color:#ffffff;font-size:50px;' class='av-special-heading av-special-heading-h3 custom-color-heading blockquote modern-quote modern-centered  avia-builder-el-1  el_before_av_hr  avia-builder-el-first  av-inherit-size '><h3 class='av-special-heading-tag '  itemprop=\"headline\"  >M\u00e0ster Presencial<\/h3><div class ='av-subheading av-subheading_below av_custom_color ' style='font-size:15px;'><p>Classes presencials amb un professorat d&#8217;\u00e0mplia experi\u00e8ncia.<\/p>\n<\/div><div class='special-heading-border'><div class='special-heading-inner-border' style='border-color:#ffffff'><\/div><\/div><\/div>\n<div  style=' margin-top:30px; margin-bottom:30px;'  class='hr hr-custom hr-center hr-icon-yes   avia-builder-el-2  el_after_av_heading  avia-builder-el-last '><span class='hr-inner  inner-border-av-border-thin' style=' width:20%; border-color:rgba(255,255,255,0.76); max-width:45%;' ><span class='hr-inner-style'><\/span><\/span><span class='av-seperator-icon' style='color:#ffffff;' aria-hidden='true' data-av_icon='\ue8bf' data-av_iconfont='entypo-fontello'><\/span><span class='hr-inner  inner-border-av-border-thin' style=' width:20%; border-color:rgba(255,255,255,0.76); max-width:45%;' ><span class='hr-inner-style'><\/span><\/span><\/div>\n\n<\/div><\/div><\/main><!-- close content main element --><\/div><\/div><\/div><div id='av_section_2'  class='avia-section main_color avia-section-small avia-no-border-styling  avia-bg-style-fixed  avia-builder-el-3  el_after_av_section  avia-builder-el-last   container_wrap sidebar_right' style=' '  ><div class='container' ><div class='template-page content  av-content-small alpha units'><div class='post-entry post-entry-type-page post-entry-1305'><div class='entry-content-wrapper clearfix'>\n<div class='flex_column_table av-equal-height-column-flextable -flextable' style='margin-top:-60px; margin-bottom:0px; '><div class=\"flex_column av_two_third  no_margin flex_column_table_cell av-equal-height-column av-align-top first  avia-builder-el-4  el_before_av_one_third  avia-builder-el-first  \" style='padding:30px; background-color:#ffffff; border-radius:0px; '><p><div  style='height:10px' class='hr hr-invisible   avia-builder-el-5  el_before_av_heading  avia-builder-el-first '><span class='hr-inner ' ><span class='hr-inner-style'><\/span><\/span><\/div><br \/>\n<div  style='padding-bottom:0px; color:#216cc6;' class='av-special-heading av-special-heading-h2 custom-color-heading blockquote modern-quote  avia-builder-el-6  el_after_av_hr  el_before_av_hr  '><h2 class='av-special-heading-tag '  itemprop=\"headline\"  >M\u00d2DUL 12: GESTI\u00d3 I PLANIFICACI\u00d3 DE CENTRES I PROJECTES EN DROGODEPEND\u00c8NCIES<\/h2><div class ='av-subheading av-subheading_below av_custom_color ' style='font-size:15px;'><p>3 cr\u00e8dits<\/p>\n<\/div><div class='special-heading-border'><div class='special-heading-inner-border' style='border-color:#216cc6'><\/div><\/div><\/div><br \/>\n<div  style='height:20px' class='hr hr-invisible   avia-builder-el-7  el_after_av_heading  el_before_av_textblock '><span class='hr-inner ' ><span class='hr-inner-style'><\/span><\/span><\/div><br \/>\n<section class=\"av_textblock_section \"  itemscope=\"itemscope\" itemtype=\"https:\/\/schema.org\/CreativeWork\" ><div class='avia_textblock  '   itemprop=\"text\" ><p><strong>Objectius espec\u00edfics:<\/strong><\/p>\n<ul>\n<li>Iniciar la capacitaci\u00f3 de professionals de les ci\u00e8ncies humanes i de la salut en les tasques de direcci\u00f3 de centres i d&#8217;equips de treball.<\/li>\n<li>Introduir en l&#8217;organitzaci\u00f3 i estructuraci\u00f3 dels centres i projectes d&#8217;atenci\u00f3 a drogodepend\u00e8ncies, gesti\u00f3 per objectius &#8230;<\/li>\n<li>Establir les necessitats i metodologies del treball interdisciplinari<\/li>\n<li>Lideratge, t\u00e8cniques per a mobilitzar persones i equips<\/li>\n<li>Introducci\u00f3 al coaching<\/li>\n<\/ul>\n<p><strong>Programa acad\u00e8mic:<\/strong><\/p>\n<ul>\n<li><strong>\u00a0\u201cGesti\u00f3 de persones\u201d (1):<\/strong>\n<ul>\n<li>Funcions directives<\/li>\n<li>Rols directius: Model de Mintzberg<\/li>\n<li>Caracter\u00edstiques del l\u00edder<\/li>\n<li>Motivaci\u00f3 de persones: elements a tenir en compte per a mobilitzar persones<strong>\u00a0<\/strong><\/li>\n<\/ul>\n<\/li>\n<li><strong>\u201cDirecci\u00f3 i gesti\u00f3 de projectes\u201d<\/strong>\n<ul>\n<li>Conceptes b\u00e0sics, prop\u00f2sit i elements de la Direcci\u00f3 per Objectius<\/li>\n<li>Avast i definici\u00f3 de objectius<\/li>\n<li>C\u00f3m fer un diagn\u00f2stic de situaci\u00f3<\/li>\n<li>Disseny dels processos de realitzaci\u00f3<\/li>\n<li>Estimaci\u00f3 de recursos<\/li>\n<li>Introducci\u00f3 a la comptabilitat per a projectes\/centres de cost<\/li>\n<li>Criteris i indicadors d\u2019avaluaci\u00f3<\/li>\n<li>Claus per a la gesti\u00f3 d\u2019un projecte<\/li>\n<li>Avantatges i limitacions de la DPO<strong>\u00a0<\/strong><\/li>\n<\/ul>\n<\/li>\n<li><strong>\u201cGesti\u00f3 de persones\u201d (2):<\/strong>\n<ul>\n<li>Estils de direcci\u00f3: diferents perspectives<\/li>\n<li>Lideratge Situacional<\/li>\n<li>Desenvolupament de col\u00b7laboradors<strong>\u00a0<\/strong><\/li>\n<\/ul>\n<\/li>\n<li><strong>\u201cHabilitats de coaching per a gestors de centres de drogodepend\u00e8ncies\u201d<\/strong>\n<ul>\n<li>Introducci\u00f3 al coaching:\n<ul>\n<li>Definici\u00f3 de COACH i COACHING<\/li>\n<li>Habilitats del coach<\/li>\n<\/ul>\n<\/li>\n<li>\u201cEls 5 conceptes clau del coaching\u201d: OBSERVAR , ESCOLTAR, PREGUNTAR, DONAR FEEDBACK, ARRIBAR A UN ACORD\n<ul>\n<li>Pr\u00e0ctica en parelles sobre el model \u201c 5 conceptes clau\u201d<\/li>\n<\/ul>\n<\/li>\n<li>\u201cEl coaching de las emocions\u201d (acompanyar al client en el seu \u201caqu\u00ed i ara\u201d)\n<ul>\n<li>Pr\u00e0ctica en parelles del \u201ccoaching de las emocions\u201d<\/li>\n<\/ul>\n<\/li>\n<li>El \u201ccoaching de las solucions\u201d (cerca de perspectives diferents i possibilitadores)\n<ul>\n<li>Coaching grupal: pr\u00e0ctica de \u201ccoaching de solucions\u201d<\/li>\n<\/ul>\n<\/li>\n<li>Reflexi\u00f3 individual i pla d\u2019acci\u00f3 \u00a0individual per a poder aplicar els conceptes apresos a la pr\u00e0ctica al centre de drogodepend\u00e8ncia<\/li>\n<\/ul>\n<\/li>\n<li><strong>\u201cGesti\u00f3 d\u2019equips\u201d:<\/strong>\n<ul>\n<li>Equip de treball i treball en equip<\/li>\n<li>De grup a equip<\/li>\n<li>Etapes de maduresa dels equips<\/li>\n<li>Rols d\u2019equip per a optimitzar el rendiment: Model de Belbin<\/li>\n<li>Direcci\u00f3 i desenvolupament d\u2019equips.<\/li>\n<\/ul>\n<\/li>\n<\/ul>\n<\/div><\/section><\/p><\/div><div class=\"flex_column av_one_third  no_margin flex_column_table_cell av-equal-height-column av-align-top   avia-builder-el-9  el_after_av_two_third  avia-builder-el-last  \" style='padding:30px; background-color:#f0f0f0; border-radius:0px; '><p><div  class='avia-builder-widget-area clearfix  avia-builder-el-10  el_before_av_textblock  avia-builder-el-first '><section id=\"nav_menu-3\" class=\"widget clearfix widget_nav_menu\"><div class=\"menu-master-lateral-container\"><ul id=\"menu-master-lateral\" class=\"menu\"><li id=\"menu-item-1217\" class=\"menu-item menu-item-type-post_type menu-item-object-page menu-item-1217\"><a href=\"https:\/\/www.ub.edu\/drogodependencies\/introduccio\/\">Introducci\u00f3<\/a><\/li>\n<li id=\"menu-item-1187\" class=\"menu-item menu-item-type-post_type menu-item-object-page menu-item-1187\"><a href=\"https:\/\/www.ub.edu\/drogodependencies\/objectius\/\">Objectius<\/a><\/li>\n<li id=\"menu-item-1188\" class=\"menu-item menu-item-type-post_type menu-item-object-page menu-item-1188\"><a href=\"https:\/\/www.ub.edu\/drogodependencies\/sortides-professionals\/\">Sortides professionals<\/a><\/li>\n<li id=\"menu-item-1189\" class=\"menu-item menu-item-type-post_type menu-item-object-page menu-item-1189\"><a href=\"https:\/\/www.ub.edu\/drogodependencies\/pla-estudis\/\">Pla d&#8217;estudis<\/a><\/li>\n<li id=\"menu-item-1190\" class=\"menu-item menu-item-type-post_type menu-item-object-page menu-item-1190\"><a href=\"https:\/\/www.ub.edu\/drogodependencies\/requisits-acces-i-titulacio\/\">Requisits d\u2019acc\u00e9s i titulaci\u00f3<\/a><\/li>\n<li id=\"menu-item-1191\" class=\"menu-item menu-item-type-post_type menu-item-object-page menu-item-1191\"><a href=\"https:\/\/www.ub.edu\/drogodependencies\/equip-docent\/\">Equip docent<\/a><\/li>\n<li id=\"menu-item-1192\" class=\"menu-item menu-item-type-post_type menu-item-object-page menu-item-1192\"><a href=\"https:\/\/www.ub.edu\/drogodependencies\/centres-i-tutors-de-practiques\/\">Centres i tutors de pr\u00e0ctiques<\/a><\/li>\n<li id=\"menu-item-1194\" class=\"menu-item menu-item-type-post_type menu-item-object-page menu-item-1194\"><a href=\"https:\/\/www.ub.edu\/drogodependencies\/horari-i-calendari\/\">Horari i Calendari<\/a><\/li>\n<li id=\"menu-item-1195\" class=\"menu-item menu-item-type-post_type menu-item-object-page menu-item-1195\"><a href=\"https:\/\/www.ub.edu\/drogodependencies\/avaluacio\/\">Avaluaci\u00f3<\/a><\/li>\n<li id=\"menu-item-1196\" class=\"menu-item menu-item-type-post_type menu-item-object-page menu-item-1196\"><a href=\"https:\/\/www.ub.edu\/drogodependencies\/matricula-i-preus\/\">Matr\u00edcula i preus<\/a><\/li>\n<\/ul><\/div><span class=\"seperator extralight-border\"><\/span><\/section><\/div><br \/>\n<section class=\"av_textblock_section \"  itemscope=\"itemscope\" itemtype=\"https:\/\/schema.org\/CreativeWork\" ><div class='avia_textblock  '   itemprop=\"text\" ><p style=\"text-align: center;\">Preinscripci\u00f3 per a la 16a promoci\u00f3<br \/>\noberta des abril 2016.<\/p>\n<\/div><\/section><br \/>\n<div  class='avia-button-wrap avia-button-center  avia-builder-el-12  el_after_av_textblock  el_before_av_hr ' ><a href=''  class='avia-button  avia-color-theme-color   avia-icon_select-yes-right-icon avia-size-large avia-position-center '   ><span class='avia_iconbox_title' >Realitzar Preinscripci\u00f3<\/span><span class='avia_button_icon avia_button_icon_right' aria-hidden='true' data-av_icon='\ue836' data-av_iconfont='entypo-fontello'><\/span><\/a><\/div><br \/>\n<div  style=' margin-top:30px; margin-bottom:30px;'  class='hr hr-custom hr-center hr-icon-yes   avia-builder-el-13  el_after_av_button  avia-builder-el-last '><span class='hr-inner  inner-border-av-border-thin' style=' width:45%; max-width:45%;' ><span class='hr-inner-style'><\/span><\/span><span class='av-seperator-icon'  aria-hidden='true' data-av_icon='\ue8bf' data-av_iconfont='entypo-fontello'><\/span><span class='hr-inner  inner-border-av-border-thin' style=' width:45%; max-width:45%;' ><span class='hr-inner-style'><\/span><\/span><\/div><\/p><\/div><\/div><!--close column table wrapper. Autoclose: 1 -->\n<\/div><\/div><\/div><!-- close content main div --><\/div><\/div><div id='after_section_2'  class='main_color av_default_container_wrap container_wrap sidebar_right' style=' '  ><div class='container' ><div class='template-page content  av-content-small alpha units'><div class='post-entry post-entry-type-page post-entry-1305'><div class='entry-content-wrapper clearfix'>\n","protected":false},"excerpt":{"rendered":"","protected":false},"author":1,"featured_media":0,"parent":1073,"menu_order":13,"comment_status":"closed","ping_status":"closed","template":"","meta":{"footnotes":""},"class_list":["post-1305","page","type-page","status-publish","hentry"],"yoast_head":"<!-- This site is optimized with the Yoast SEO plugin v27.2 - https:\/\/yoast.com\/product\/yoast-seo-wordpress\/ -->\n<title>M\u00d2DUL 12: GESTI\u00d3 I PLANIFICACI\u00d3 DE CENTRES I PROJECTES EN DROGODEPEND\u00c8NCIES - M\u00e1ster en Drogodependencias<\/title>\n<meta name=\"robots\" content=\"index, follow, max-snippet:-1, max-image-preview:large, max-video-preview:-1\" \/>\n<link rel=\"canonical\" href=\"https:\/\/www.ub.edu\/drogodependencies\/pla-estudis\/modul-12-gestio-i-planificacio-de-centres-i-projectes-en-drogodependencies\/\" \/>\n<meta name=\"twitter:label1\" content=\"Temps estimat de lectura\" \/>\n\t<meta name=\"twitter:data1\" content=\"5 minuts\" \/>\n<script type=\"application\/ld+json\" class=\"yoast-schema-graph\">{\"@context\":\"https:\/\/schema.org\",\"@graph\":[{\"@type\":\"WebPage\",\"@id\":\"https:\/\/www.ub.edu\/drogodependencies\/pla-estudis\/modul-12-gestio-i-planificacio-de-centres-i-projectes-en-drogodependencies\/\",\"url\":\"https:\/\/www.ub.edu\/drogodependencies\/pla-estudis\/modul-12-gestio-i-planificacio-de-centres-i-projectes-en-drogodependencies\/\",\"name\":\"M\u00d2DUL 12: GESTI\u00d3 I PLANIFICACI\u00d3 DE CENTRES I PROJECTES EN DROGODEPEND\u00c8NCIES - M\u00e1ster en Drogodependencias\",\"isPartOf\":{\"@id\":\"https:\/\/www.ub.edu\/drogodependencies\/es\/#website\"},\"datePublished\":\"2016-07-16T23:17:31+00:00\",\"dateModified\":\"2016-07-19T19:08:23+00:00\",\"breadcrumb\":{\"@id\":\"https:\/\/www.ub.edu\/drogodependencies\/pla-estudis\/modul-12-gestio-i-planificacio-de-centres-i-projectes-en-drogodependencies\/#breadcrumb\"},\"inLanguage\":\"ca\",\"potentialAction\":[{\"@type\":\"ReadAction\",\"target\":[\"https:\/\/www.ub.edu\/drogodependencies\/pla-estudis\/modul-12-gestio-i-planificacio-de-centres-i-projectes-en-drogodependencies\/\"]}]},{\"@type\":\"BreadcrumbList\",\"@id\":\"https:\/\/www.ub.edu\/drogodependencies\/pla-estudis\/modul-12-gestio-i-planificacio-de-centres-i-projectes-en-drogodependencies\/#breadcrumb\",\"itemListElement\":[{\"@type\":\"ListItem\",\"position\":1,\"name\":\"Portada\",\"item\":\"https:\/\/www.ub.edu\/drogodependencies\/inici\/\"},{\"@type\":\"ListItem\",\"position\":2,\"name\":\"Pla d&#8217;estudis\",\"item\":\"https:\/\/www.ub.edu\/drogodependencies\/pla-estudis\/\"},{\"@type\":\"ListItem\",\"position\":3,\"name\":\"M\u00d2DUL 12: GESTI\u00d3 I PLANIFICACI\u00d3 DE CENTRES I PROJECTES EN DROGODEPEND\u00c8NCIES\"}]},{\"@type\":\"WebSite\",\"@id\":\"https:\/\/www.ub.edu\/drogodependencies\/es\/#website\",\"url\":\"https:\/\/www.ub.edu\/drogodependencies\/es\/\",\"name\":\"M\u00e1ster en Drogodependencias\",\"description\":\"M\u00e1ster Drogodependencias de la Universidad de Barcelona\",\"potentialAction\":[{\"@type\":\"SearchAction\",\"target\":{\"@type\":\"EntryPoint\",\"urlTemplate\":\"https:\/\/www.ub.edu\/drogodependencies\/es\/?s={search_term_string}\"},\"query-input\":{\"@type\":\"PropertyValueSpecification\",\"valueRequired\":true,\"valueName\":\"search_term_string\"}}],\"inLanguage\":\"ca\"}]}<\/script>\n<!-- \/ Yoast SEO plugin. -->","yoast_head_json":{"title":"M\u00d2DUL 12: GESTI\u00d3 I PLANIFICACI\u00d3 DE CENTRES I PROJECTES EN DROGODEPEND\u00c8NCIES - M\u00e1ster en Drogodependencias","robots":{"index":"index","follow":"follow","max-snippet":"max-snippet:-1","max-image-preview":"max-image-preview:large","max-video-preview":"max-video-preview:-1"},"canonical":"https:\/\/www.ub.edu\/drogodependencies\/pla-estudis\/modul-12-gestio-i-planificacio-de-centres-i-projectes-en-drogodependencies\/","twitter_misc":{"Temps estimat de lectura":"5 minuts"},"schema":{"@context":"https:\/\/schema.org","@graph":[{"@type":"WebPage","@id":"https:\/\/www.ub.edu\/drogodependencies\/pla-estudis\/modul-12-gestio-i-planificacio-de-centres-i-projectes-en-drogodependencies\/","url":"https:\/\/www.ub.edu\/drogodependencies\/pla-estudis\/modul-12-gestio-i-planificacio-de-centres-i-projectes-en-drogodependencies\/","name":"M\u00d2DUL 12: GESTI\u00d3 I PLANIFICACI\u00d3 DE CENTRES I PROJECTES EN DROGODEPEND\u00c8NCIES - M\u00e1ster en Drogodependencias","isPartOf":{"@id":"https:\/\/www.ub.edu\/drogodependencies\/es\/#website"},"datePublished":"2016-07-16T23:17:31+00:00","dateModified":"2016-07-19T19:08:23+00:00","breadcrumb":{"@id":"https:\/\/www.ub.edu\/drogodependencies\/pla-estudis\/modul-12-gestio-i-planificacio-de-centres-i-projectes-en-drogodependencies\/#breadcrumb"},"inLanguage":"ca","potentialAction":[{"@type":"ReadAction","target":["https:\/\/www.ub.edu\/drogodependencies\/pla-estudis\/modul-12-gestio-i-planificacio-de-centres-i-projectes-en-drogodependencies\/"]}]},{"@type":"BreadcrumbList","@id":"https:\/\/www.ub.edu\/drogodependencies\/pla-estudis\/modul-12-gestio-i-planificacio-de-centres-i-projectes-en-drogodependencies\/#breadcrumb","itemListElement":[{"@type":"ListItem","position":1,"name":"Portada","item":"https:\/\/www.ub.edu\/drogodependencies\/inici\/"},{"@type":"ListItem","position":2,"name":"Pla d&#8217;estudis","item":"https:\/\/www.ub.edu\/drogodependencies\/pla-estudis\/"},{"@type":"ListItem","position":3,"name":"M\u00d2DUL 12: GESTI\u00d3 I PLANIFICACI\u00d3 DE CENTRES I PROJECTES EN DROGODEPEND\u00c8NCIES"}]},{"@type":"WebSite","@id":"https:\/\/www.ub.edu\/drogodependencies\/es\/#website","url":"https:\/\/www.ub.edu\/drogodependencies\/es\/","name":"M\u00e1ster en Drogodependencias","description":"M\u00e1ster Drogodependencias de la Universidad de Barcelona","potentialAction":[{"@type":"SearchAction","target":{"@type":"EntryPoint","urlTemplate":"https:\/\/www.ub.edu\/drogodependencies\/es\/?s={search_term_string}"},"query-input":{"@type":"PropertyValueSpecification","valueRequired":true,"valueName":"search_term_string"}}],"inLanguage":"ca"}]}},"_links":{"self":[{"href":"https:\/\/www.ub.edu\/drogodependencies\/wp-json\/wp\/v2\/pages\/1305","targetHints":{"allow":["GET"]}}],"collection":[{"href":"https:\/\/www.ub.edu\/drogodependencies\/wp-json\/wp\/v2\/pages"}],"about":[{"href":"https:\/\/www.ub.edu\/drogodependencies\/wp-json\/wp\/v2\/types\/page"}],"author":[{"embeddable":true,"href":"https:\/\/www.ub.edu\/drogodependencies\/wp-json\/wp\/v2\/users\/1"}],"replies":[{"embeddable":true,"href":"https:\/\/www.ub.edu\/drogodependencies\/wp-json\/wp\/v2\/comments?post=1305"}],"version-history":[{"count":0,"href":"https:\/\/www.ub.edu\/drogodependencies\/wp-json\/wp\/v2\/pages\/1305\/revisions"}],"up":[{"embeddable":true,"href":"https:\/\/www.ub.edu\/drogodependencies\/wp-json\/wp\/v2\/pages\/1073"}],"wp:attachment":[{"href":"https:\/\/www.ub.edu\/drogodependencies\/wp-json\/wp\/v2\/media?parent=1305"}],"curies":[{"name":"wp","href":"https:\/\/api.w.org\/{rel}","templated":true}]}}