{"id":1307,"date":"2016-07-16T23:20:11","date_gmt":"2016-07-16T23:20:11","guid":{"rendered":"https:\/\/www.ub.edu\/drogodependencies\/?page_id=1307"},"modified":"2016-07-19T19:08:42","modified_gmt":"2016-07-19T19:08:42","slug":"modul-13-organitza-i-condueix-grups-apren-i-entrena-habilitats-personals-i-aplica-tecniques-per-dirigir-amb-exit","status":"publish","type":"page","link":"https:\/\/www.ub.edu\/drogodependencies\/pla-estudis\/modul-13-organitza-i-condueix-grups-apren-i-entrena-habilitats-personals-i-aplica-tecniques-per-dirigir-amb-exit\/","title":{"rendered":"MODUL 13: ORGANITZA I CONDUEIX GRUPS: APR\u00c8N I ENTRENA HABILITATS PERSONALS I APLICA T\u00c8CNIQUES PER DIRIGIR AMB \u00c8XIT"},"content":{"rendered":"<div id='av_section_1'  class='avia-section main_color avia-section-large avia-no-shadow  avia-full-stretch av-section-color-overlay-active avia-bg-style-fixed  avia-builder-el-0  el_before_av_section  avia-builder-el-first   container_wrap sidebar_right' style='background-repeat: no-repeat; background-image: url(https:\/\/www.ub.edu\/drogodependencies\/wp-content\/uploads\/presentacion1.jpg);background-attachment: fixed; background-position: top center;  '  data-section-bg-repeat='stretch'><div class='av-section-color-overlay-wrap'><div class='av-section-color-overlay' style='opacity: 0.2; background-color: #000000; '><\/div><div class='container' ><main  role=\"main\" itemprop=\"mainContentOfPage\"  class='template-page content  av-content-small alpha units'><div class='post-entry post-entry-type-page post-entry-1307'><div class='entry-content-wrapper clearfix'>\n<div  style='padding-bottom:0px; color:#ffffff;font-size:50px;' class='av-special-heading av-special-heading-h3 custom-color-heading blockquote modern-quote modern-centered  avia-builder-el-1  el_before_av_hr  avia-builder-el-first  av-inherit-size '><h3 class='av-special-heading-tag '  itemprop=\"headline\"  >M\u00e0ster Presencial<\/h3><div class ='av-subheading av-subheading_below av_custom_color ' style='font-size:15px;'><p>Classes presencials amb un professorat d&#8217;\u00e0mplia experi\u00e8ncia.<\/p>\n<\/div><div class='special-heading-border'><div class='special-heading-inner-border' style='border-color:#ffffff'><\/div><\/div><\/div>\n<div  style=' margin-top:30px; margin-bottom:30px;'  class='hr hr-custom hr-center hr-icon-yes   avia-builder-el-2  el_after_av_heading  avia-builder-el-last '><span class='hr-inner  inner-border-av-border-thin' style=' width:20%; border-color:rgba(255,255,255,0.76); max-width:45%;' ><span class='hr-inner-style'><\/span><\/span><span class='av-seperator-icon' style='color:#ffffff;' aria-hidden='true' data-av_icon='\ue8bf' data-av_iconfont='entypo-fontello'><\/span><span class='hr-inner  inner-border-av-border-thin' style=' width:20%; border-color:rgba(255,255,255,0.76); max-width:45%;' ><span class='hr-inner-style'><\/span><\/span><\/div>\n\n<\/div><\/div><\/main><!-- close content main element --><\/div><\/div><\/div><div id='av_section_2'  class='avia-section main_color avia-section-small avia-no-border-styling  avia-bg-style-fixed  avia-builder-el-3  el_after_av_section  avia-builder-el-last   container_wrap sidebar_right' style=' '  ><div class='container' ><div class='template-page content  av-content-small alpha units'><div class='post-entry post-entry-type-page post-entry-1307'><div class='entry-content-wrapper clearfix'>\n<div class='flex_column_table av-equal-height-column-flextable -flextable' style='margin-top:-60px; margin-bottom:0px; '><div class=\"flex_column av_two_third  no_margin flex_column_table_cell av-equal-height-column av-align-top first  avia-builder-el-4  el_before_av_one_third  avia-builder-el-first  \" style='padding:30px; background-color:#ffffff; border-radius:0px; '><p><div  style='height:10px' class='hr hr-invisible   avia-builder-el-5  el_before_av_heading  avia-builder-el-first '><span class='hr-inner ' ><span class='hr-inner-style'><\/span><\/span><\/div><br \/>\n<div  style='padding-bottom:0px; color:#216cc6;' class='av-special-heading av-special-heading-h2 custom-color-heading blockquote modern-quote  avia-builder-el-6  el_after_av_hr  el_before_av_hr  '><h2 class='av-special-heading-tag '  itemprop=\"headline\"  > MODUL 13: ORGANITZA I CONDUEIX GRUPS: APR\u00c8N I ENTRENA HABILITATS PERSONALS I APLICA T\u00c8CNIQUES PER DIRIGIR AMB \u00c8XIT<\/h2><div class ='av-subheading av-subheading_below av_custom_color ' style='font-size:15px;'><p>3 cr\u00e8dits<\/p>\n<\/div><div class='special-heading-border'><div class='special-heading-inner-border' style='border-color:#216cc6'><\/div><\/div><\/div><br \/>\n<div  style='height:20px' class='hr hr-invisible   avia-builder-el-7  el_after_av_heading  el_before_av_textblock '><span class='hr-inner ' ><span class='hr-inner-style'><\/span><\/span><\/div><br \/>\n<section class=\"av_textblock_section \"  itemscope=\"itemscope\" itemtype=\"https:\/\/schema.org\/CreativeWork\" ><div class='avia_textblock  '   itemprop=\"text\" ><p style=\"text-align: justify;\"><strong>Objectius espec\u00edfics:<\/strong><\/p>\n<ul style=\"text-align: justify;\">\n<li>Identificar els diferents elements grupals per formar, desenvolupar i conduir els diferents tipus de grups (professionals, joves, fam\u00edlies) aplicats a l&#8217;\u00e0mbit de les drogodepend\u00e8ncies.<\/li>\n<li>Con\u00e8ixer els rols dels participants, identificar dificultats grupals i saber reconduir-les.<\/li>\n<li>Con\u00e8ixer les t\u00e8cniques d&#8217;intervenci\u00f3 grupal per aplicar en grup.<\/li>\n<li>Entrenar les principals habilitats del conductor de grups.<\/li>\n<li>Practicar les t\u00e8cniques grupals adaptades al moment del grup, en funci\u00f3 del col\u00b7lectiu i de l&#8217;objectiu a aconseguir amb el grup.<\/li>\n<li>Aprendre a con\u00e8ixer el teu estil de conducci\u00f3 i saber com adaptar-se a cada grup.<\/li>\n<\/ul>\n<p style=\"text-align: justify;\"><strong>Programa<\/strong><strong> acad\u00e8mic<\/strong><strong>:<\/strong><\/p>\n<ul>\n<li style=\"text-align: justify;\">Presentaci\u00f3, expectatives i objectius a cobrir.<\/li>\n<li style=\"text-align: justify;\">Aplicar t\u00e8cniques de presentaci\u00f3 i d&#8217;inici grupal.<\/li>\n<li style=\"text-align: justify;\">Contingut: com organitzar un grup, el reclutament, l&#8217;avaluaci\u00f3 inicial i habilitats d&#8217;inici del conductor de grups.<\/li>\n<li style=\"text-align: justify;\">Practicar les t\u00e8cniques d&#8217;escalfament grupal i d&#8217;acollida.<\/li>\n<li style=\"text-align: justify;\">Saber iniciar, con\u00e8ixer els rols, i identificar els principals elements del grup per a un \u00f2ptim desenvolupament grupal.<\/li>\n<li style=\"text-align: justify;\">Con\u00e8ixer els principals rols dels participants i els rols d&#8217;aplicaci\u00f3 dels t\u00e8cnics que condueixen el grup.<\/li>\n<li style=\"text-align: justify;\">Saber detectar les dificultats personals, identificar elements normatius, comunicaci\u00f3 fonamental i analitzar l&#8217;observaci\u00f3.<\/li>\n<li style=\"text-align: justify;\">T\u00e8cniques de desenvolupament de confian\u00e7a i de treball.<\/li>\n<li style=\"text-align: justify;\">Practicar les t\u00e8cniques de desenvolupament del grup, de cohesi\u00f3, de comunicaci\u00f3, indicades a grups per potenciar el desenvolupament del grup.<\/li>\n<li style=\"text-align: justify;\">Els tipus de grups m\u00e9s idonis per a l&#8217;\u00e0mbit de les drogoaddiccions.<\/li>\n<li style=\"text-align: justify;\">Grups psicoeducatius, Grups de suport, Grups de Resocialitzaci\u00f3.<\/li>\n<li style=\"text-align: justify;\">Dificultats personals i professionals per gestionar conflictes, administrar els temps del grup, l&#8217;evoluci\u00f3 del grup i com anar treballant els principals aspectes del grup.<\/li>\n<li style=\"text-align: justify;\">Practicar les t\u00e8cniques de presa de decisions, gestionar els lideratges del grups i els conflictes emocionals i d&#8217;idees en el si del grup.<\/li>\n<li style=\"text-align: justify;\">T\u00e8cniques de feedback, de comunicaci\u00f3 efica\u00e7 i de com gestionar les relacions emocionals en el si del grup.<\/li>\n<li style=\"text-align: justify;\">Aprendre a la creaci\u00f3 de l&#8217;afectivitat grupal i la tasca grupal.<\/li>\n<\/ul>\n<\/div><\/section><\/p><\/div><div class=\"flex_column av_one_third  no_margin flex_column_table_cell av-equal-height-column av-align-top   avia-builder-el-9  el_after_av_two_third  avia-builder-el-last  \" style='padding:30px; background-color:#f0f0f0; border-radius:0px; '><p><div  class='avia-builder-widget-area clearfix  avia-builder-el-10  el_before_av_textblock  avia-builder-el-first '><section id=\"nav_menu-3\" class=\"widget clearfix widget_nav_menu\"><div class=\"menu-master-lateral-container\"><ul id=\"menu-master-lateral\" class=\"menu\"><li id=\"menu-item-1217\" class=\"menu-item menu-item-type-post_type menu-item-object-page menu-item-1217\"><a href=\"https:\/\/www.ub.edu\/drogodependencies\/introduccio\/\">Introducci\u00f3<\/a><\/li>\n<li id=\"menu-item-1187\" class=\"menu-item menu-item-type-post_type menu-item-object-page menu-item-1187\"><a href=\"https:\/\/www.ub.edu\/drogodependencies\/objectius\/\">Objectius<\/a><\/li>\n<li id=\"menu-item-1188\" class=\"menu-item menu-item-type-post_type menu-item-object-page menu-item-1188\"><a href=\"https:\/\/www.ub.edu\/drogodependencies\/sortides-professionals\/\">Sortides professionals<\/a><\/li>\n<li id=\"menu-item-1189\" class=\"menu-item menu-item-type-post_type menu-item-object-page menu-item-1189\"><a href=\"https:\/\/www.ub.edu\/drogodependencies\/pla-estudis\/\">Pla d&#8217;estudis<\/a><\/li>\n<li id=\"menu-item-1190\" class=\"menu-item menu-item-type-post_type menu-item-object-page menu-item-1190\"><a href=\"https:\/\/www.ub.edu\/drogodependencies\/requisits-acces-i-titulacio\/\">Requisits d\u2019acc\u00e9s i titulaci\u00f3<\/a><\/li>\n<li id=\"menu-item-1191\" class=\"menu-item menu-item-type-post_type menu-item-object-page menu-item-1191\"><a href=\"https:\/\/www.ub.edu\/drogodependencies\/equip-docent\/\">Equip docent<\/a><\/li>\n<li id=\"menu-item-1192\" class=\"menu-item menu-item-type-post_type menu-item-object-page menu-item-1192\"><a href=\"https:\/\/www.ub.edu\/drogodependencies\/centres-i-tutors-de-practiques\/\">Centres i tutors de pr\u00e0ctiques<\/a><\/li>\n<li id=\"menu-item-1194\" class=\"menu-item menu-item-type-post_type menu-item-object-page menu-item-1194\"><a href=\"https:\/\/www.ub.edu\/drogodependencies\/horari-i-calendari\/\">Horari i Calendari<\/a><\/li>\n<li id=\"menu-item-1195\" class=\"menu-item menu-item-type-post_type menu-item-object-page menu-item-1195\"><a href=\"https:\/\/www.ub.edu\/drogodependencies\/avaluacio\/\">Avaluaci\u00f3<\/a><\/li>\n<li id=\"menu-item-1196\" class=\"menu-item menu-item-type-post_type menu-item-object-page menu-item-1196\"><a href=\"https:\/\/www.ub.edu\/drogodependencies\/matricula-i-preus\/\">Matr\u00edcula i preus<\/a><\/li>\n<\/ul><\/div><span class=\"seperator extralight-border\"><\/span><\/section><\/div><br \/>\n<section class=\"av_textblock_section \"  itemscope=\"itemscope\" itemtype=\"https:\/\/schema.org\/CreativeWork\" ><div class='avia_textblock  '   itemprop=\"text\" ><p style=\"text-align: center;\">Preinscripci\u00f3 per a la 16a promoci\u00f3<br \/>\noberta des abril 2016.<\/p>\n<\/div><\/section><br \/>\n<div  class='avia-button-wrap avia-button-center  avia-builder-el-12  el_after_av_textblock  el_before_av_hr ' ><a href=''  class='avia-button  avia-color-theme-color   avia-icon_select-yes-right-icon avia-size-large avia-position-center '   ><span class='avia_iconbox_title' >Realitzar Preinscripci\u00f3<\/span><span class='avia_button_icon avia_button_icon_right' aria-hidden='true' data-av_icon='\ue836' data-av_iconfont='entypo-fontello'><\/span><\/a><\/div><br \/>\n<div  style=' margin-top:30px; margin-bottom:30px;'  class='hr hr-custom hr-center hr-icon-yes   avia-builder-el-13  el_after_av_button  avia-builder-el-last '><span class='hr-inner  inner-border-av-border-thin' style=' width:45%; max-width:45%;' ><span class='hr-inner-style'><\/span><\/span><span class='av-seperator-icon'  aria-hidden='true' data-av_icon='\ue8bf' data-av_iconfont='entypo-fontello'><\/span><span class='hr-inner  inner-border-av-border-thin' style=' width:45%; max-width:45%;' ><span class='hr-inner-style'><\/span><\/span><\/div><\/p><\/div><\/div><!--close column table wrapper. Autoclose: 1 -->\n<\/div><\/div><\/div><!-- close content main div --><\/div><\/div><div id='after_section_2'  class='main_color av_default_container_wrap container_wrap sidebar_right' style=' '  ><div class='container' ><div class='template-page content  av-content-small alpha units'><div class='post-entry post-entry-type-page post-entry-1307'><div class='entry-content-wrapper clearfix'>\n","protected":false},"excerpt":{"rendered":"","protected":false},"author":1,"featured_media":0,"parent":1073,"menu_order":14,"comment_status":"closed","ping_status":"closed","template":"","meta":{"footnotes":""},"class_list":["post-1307","page","type-page","status-publish","hentry"],"yoast_head":"<!-- This site is optimized with the Yoast SEO plugin v27.2 - https:\/\/yoast.com\/product\/yoast-seo-wordpress\/ -->\n<title>MODUL 13: ORGANITZA I CONDUEIX GRUPS: APR\u00c8N I ENTRENA HABILITATS PERSONALS I APLICA T\u00c8CNIQUES PER DIRIGIR AMB \u00c8XIT - M\u00e1ster en Drogodependencias<\/title>\n<meta name=\"robots\" content=\"index, follow, max-snippet:-1, max-image-preview:large, max-video-preview:-1\" \/>\n<link rel=\"canonical\" href=\"https:\/\/www.ub.edu\/drogodependencies\/pla-estudis\/modul-13-organitza-i-condueix-grups-apren-i-entrena-habilitats-personals-i-aplica-tecniques-per-dirigir-amb-exit\/\" \/>\n<meta name=\"twitter:label1\" content=\"Temps estimat de lectura\" \/>\n\t<meta name=\"twitter:data1\" content=\"5 minuts\" \/>\n<script type=\"application\/ld+json\" class=\"yoast-schema-graph\">{\"@context\":\"https:\/\/schema.org\",\"@graph\":[{\"@type\":\"WebPage\",\"@id\":\"https:\/\/www.ub.edu\/drogodependencies\/pla-estudis\/modul-13-organitza-i-condueix-grups-apren-i-entrena-habilitats-personals-i-aplica-tecniques-per-dirigir-amb-exit\/\",\"url\":\"https:\/\/www.ub.edu\/drogodependencies\/pla-estudis\/modul-13-organitza-i-condueix-grups-apren-i-entrena-habilitats-personals-i-aplica-tecniques-per-dirigir-amb-exit\/\",\"name\":\"MODUL 13: ORGANITZA I CONDUEIX GRUPS: APR\u00c8N I ENTRENA HABILITATS PERSONALS I APLICA T\u00c8CNIQUES PER DIRIGIR AMB \u00c8XIT - M\u00e1ster en Drogodependencias\",\"isPartOf\":{\"@id\":\"https:\/\/www.ub.edu\/drogodependencies\/es\/#website\"},\"datePublished\":\"2016-07-16T23:20:11+00:00\",\"dateModified\":\"2016-07-19T19:08:42+00:00\",\"breadcrumb\":{\"@id\":\"https:\/\/www.ub.edu\/drogodependencies\/pla-estudis\/modul-13-organitza-i-condueix-grups-apren-i-entrena-habilitats-personals-i-aplica-tecniques-per-dirigir-amb-exit\/#breadcrumb\"},\"inLanguage\":\"ca\",\"potentialAction\":[{\"@type\":\"ReadAction\",\"target\":[\"https:\/\/www.ub.edu\/drogodependencies\/pla-estudis\/modul-13-organitza-i-condueix-grups-apren-i-entrena-habilitats-personals-i-aplica-tecniques-per-dirigir-amb-exit\/\"]}]},{\"@type\":\"BreadcrumbList\",\"@id\":\"https:\/\/www.ub.edu\/drogodependencies\/pla-estudis\/modul-13-organitza-i-condueix-grups-apren-i-entrena-habilitats-personals-i-aplica-tecniques-per-dirigir-amb-exit\/#breadcrumb\",\"itemListElement\":[{\"@type\":\"ListItem\",\"position\":1,\"name\":\"Portada\",\"item\":\"https:\/\/www.ub.edu\/drogodependencies\/inici\/\"},{\"@type\":\"ListItem\",\"position\":2,\"name\":\"Pla d&#8217;estudis\",\"item\":\"https:\/\/www.ub.edu\/drogodependencies\/pla-estudis\/\"},{\"@type\":\"ListItem\",\"position\":3,\"name\":\"MODUL 13: ORGANITZA I CONDUEIX GRUPS: APR\u00c8N I ENTRENA HABILITATS PERSONALS I APLICA T\u00c8CNIQUES PER DIRIGIR AMB \u00c8XIT\"}]},{\"@type\":\"WebSite\",\"@id\":\"https:\/\/www.ub.edu\/drogodependencies\/es\/#website\",\"url\":\"https:\/\/www.ub.edu\/drogodependencies\/es\/\",\"name\":\"M\u00e1ster en Drogodependencias\",\"description\":\"M\u00e1ster Drogodependencias de la Universidad de Barcelona\",\"potentialAction\":[{\"@type\":\"SearchAction\",\"target\":{\"@type\":\"EntryPoint\",\"urlTemplate\":\"https:\/\/www.ub.edu\/drogodependencies\/es\/?s={search_term_string}\"},\"query-input\":{\"@type\":\"PropertyValueSpecification\",\"valueRequired\":true,\"valueName\":\"search_term_string\"}}],\"inLanguage\":\"ca\"}]}<\/script>\n<!-- \/ Yoast SEO plugin. -->","yoast_head_json":{"title":"MODUL 13: ORGANITZA I CONDUEIX GRUPS: APR\u00c8N I ENTRENA HABILITATS PERSONALS I APLICA T\u00c8CNIQUES PER DIRIGIR AMB \u00c8XIT - M\u00e1ster en Drogodependencias","robots":{"index":"index","follow":"follow","max-snippet":"max-snippet:-1","max-image-preview":"max-image-preview:large","max-video-preview":"max-video-preview:-1"},"canonical":"https:\/\/www.ub.edu\/drogodependencies\/pla-estudis\/modul-13-organitza-i-condueix-grups-apren-i-entrena-habilitats-personals-i-aplica-tecniques-per-dirigir-amb-exit\/","twitter_misc":{"Temps estimat de lectura":"5 minuts"},"schema":{"@context":"https:\/\/schema.org","@graph":[{"@type":"WebPage","@id":"https:\/\/www.ub.edu\/drogodependencies\/pla-estudis\/modul-13-organitza-i-condueix-grups-apren-i-entrena-habilitats-personals-i-aplica-tecniques-per-dirigir-amb-exit\/","url":"https:\/\/www.ub.edu\/drogodependencies\/pla-estudis\/modul-13-organitza-i-condueix-grups-apren-i-entrena-habilitats-personals-i-aplica-tecniques-per-dirigir-amb-exit\/","name":"MODUL 13: ORGANITZA I CONDUEIX GRUPS: APR\u00c8N I ENTRENA HABILITATS PERSONALS I APLICA T\u00c8CNIQUES PER DIRIGIR AMB \u00c8XIT - M\u00e1ster en Drogodependencias","isPartOf":{"@id":"https:\/\/www.ub.edu\/drogodependencies\/es\/#website"},"datePublished":"2016-07-16T23:20:11+00:00","dateModified":"2016-07-19T19:08:42+00:00","breadcrumb":{"@id":"https:\/\/www.ub.edu\/drogodependencies\/pla-estudis\/modul-13-organitza-i-condueix-grups-apren-i-entrena-habilitats-personals-i-aplica-tecniques-per-dirigir-amb-exit\/#breadcrumb"},"inLanguage":"ca","potentialAction":[{"@type":"ReadAction","target":["https:\/\/www.ub.edu\/drogodependencies\/pla-estudis\/modul-13-organitza-i-condueix-grups-apren-i-entrena-habilitats-personals-i-aplica-tecniques-per-dirigir-amb-exit\/"]}]},{"@type":"BreadcrumbList","@id":"https:\/\/www.ub.edu\/drogodependencies\/pla-estudis\/modul-13-organitza-i-condueix-grups-apren-i-entrena-habilitats-personals-i-aplica-tecniques-per-dirigir-amb-exit\/#breadcrumb","itemListElement":[{"@type":"ListItem","position":1,"name":"Portada","item":"https:\/\/www.ub.edu\/drogodependencies\/inici\/"},{"@type":"ListItem","position":2,"name":"Pla d&#8217;estudis","item":"https:\/\/www.ub.edu\/drogodependencies\/pla-estudis\/"},{"@type":"ListItem","position":3,"name":"MODUL 13: ORGANITZA I CONDUEIX GRUPS: APR\u00c8N I ENTRENA HABILITATS PERSONALS I APLICA T\u00c8CNIQUES PER DIRIGIR AMB \u00c8XIT"}]},{"@type":"WebSite","@id":"https:\/\/www.ub.edu\/drogodependencies\/es\/#website","url":"https:\/\/www.ub.edu\/drogodependencies\/es\/","name":"M\u00e1ster en Drogodependencias","description":"M\u00e1ster Drogodependencias de la Universidad de Barcelona","potentialAction":[{"@type":"SearchAction","target":{"@type":"EntryPoint","urlTemplate":"https:\/\/www.ub.edu\/drogodependencies\/es\/?s={search_term_string}"},"query-input":{"@type":"PropertyValueSpecification","valueRequired":true,"valueName":"search_term_string"}}],"inLanguage":"ca"}]}},"_links":{"self":[{"href":"https:\/\/www.ub.edu\/drogodependencies\/wp-json\/wp\/v2\/pages\/1307","targetHints":{"allow":["GET"]}}],"collection":[{"href":"https:\/\/www.ub.edu\/drogodependencies\/wp-json\/wp\/v2\/pages"}],"about":[{"href":"https:\/\/www.ub.edu\/drogodependencies\/wp-json\/wp\/v2\/types\/page"}],"author":[{"embeddable":true,"href":"https:\/\/www.ub.edu\/drogodependencies\/wp-json\/wp\/v2\/users\/1"}],"replies":[{"embeddable":true,"href":"https:\/\/www.ub.edu\/drogodependencies\/wp-json\/wp\/v2\/comments?post=1307"}],"version-history":[{"count":0,"href":"https:\/\/www.ub.edu\/drogodependencies\/wp-json\/wp\/v2\/pages\/1307\/revisions"}],"up":[{"embeddable":true,"href":"https:\/\/www.ub.edu\/drogodependencies\/wp-json\/wp\/v2\/pages\/1073"}],"wp:attachment":[{"href":"https:\/\/www.ub.edu\/drogodependencies\/wp-json\/wp\/v2\/media?parent=1307"}],"curies":[{"name":"wp","href":"https:\/\/api.w.org\/{rel}","templated":true}]}}