{"id":1309,"date":"2016-07-16T23:22:26","date_gmt":"2016-07-16T23:22:26","guid":{"rendered":"https:\/\/www.ub.edu\/drogodependencies\/?page_id=1309"},"modified":"2016-07-19T19:09:04","modified_gmt":"2016-07-19T19:09:04","slug":"modul-14-deteccio-i-intervencio-en-situacions-de-violencia-familiars","status":"publish","type":"page","link":"https:\/\/www.ub.edu\/drogodependencies\/pla-estudis\/modul-14-deteccio-i-intervencio-en-situacions-de-violencia-familiars\/","title":{"rendered":"M\u00d2DUL 14: DETECCI\u00d3 I INTERVENCI\u00d3 EN SITUACIONS DE VIOL\u00c8NCIA FAMILIARS"},"content":{"rendered":"<div id='av_section_1'  class='avia-section main_color avia-section-large avia-no-shadow  avia-full-stretch av-section-color-overlay-active avia-bg-style-fixed  avia-builder-el-0  el_before_av_section  avia-builder-el-first   container_wrap sidebar_right' style='background-repeat: no-repeat; background-image: url(https:\/\/www.ub.edu\/drogodependencies\/wp-content\/uploads\/presentacion1.jpg);background-attachment: fixed; background-position: top center;  '  data-section-bg-repeat='stretch'><div class='av-section-color-overlay-wrap'><div class='av-section-color-overlay' style='opacity: 0.2; background-color: #000000; '><\/div><div class='container' ><main  role=\"main\" itemprop=\"mainContentOfPage\"  class='template-page content  av-content-small alpha units'><div class='post-entry post-entry-type-page post-entry-1309'><div class='entry-content-wrapper clearfix'>\n<div  style='padding-bottom:0px; color:#ffffff;font-size:50px;' class='av-special-heading av-special-heading-h3 custom-color-heading blockquote modern-quote modern-centered  avia-builder-el-1  el_before_av_hr  avia-builder-el-first  av-inherit-size '><h3 class='av-special-heading-tag '  itemprop=\"headline\"  >M\u00e0ster Presencial<\/h3><div class ='av-subheading av-subheading_below av_custom_color ' style='font-size:15px;'><p>Classes presencials amb un professorat d&#8217;\u00e0mplia experi\u00e8ncia.<\/p>\n<\/div><div class='special-heading-border'><div class='special-heading-inner-border' style='border-color:#ffffff'><\/div><\/div><\/div>\n<div  style=' margin-top:30px; margin-bottom:30px;'  class='hr hr-custom hr-center hr-icon-yes   avia-builder-el-2  el_after_av_heading  avia-builder-el-last '><span class='hr-inner  inner-border-av-border-thin' style=' width:20%; border-color:rgba(255,255,255,0.76); max-width:45%;' ><span class='hr-inner-style'><\/span><\/span><span class='av-seperator-icon' style='color:#ffffff;' aria-hidden='true' data-av_icon='\ue8bf' data-av_iconfont='entypo-fontello'><\/span><span class='hr-inner  inner-border-av-border-thin' style=' width:20%; border-color:rgba(255,255,255,0.76); max-width:45%;' ><span class='hr-inner-style'><\/span><\/span><\/div>\n\n<\/div><\/div><\/main><!-- close content main element --><\/div><\/div><\/div><div id='av_section_2'  class='avia-section main_color avia-section-small avia-no-border-styling  avia-bg-style-fixed  avia-builder-el-3  el_after_av_section  avia-builder-el-last   container_wrap sidebar_right' style=' '  ><div class='container' ><div class='template-page content  av-content-small alpha units'><div class='post-entry post-entry-type-page post-entry-1309'><div class='entry-content-wrapper clearfix'>\n<div class='flex_column_table av-equal-height-column-flextable -flextable' style='margin-top:-60px; margin-bottom:0px; '><div class=\"flex_column av_two_third  no_margin flex_column_table_cell av-equal-height-column av-align-top first  avia-builder-el-4  el_before_av_one_third  avia-builder-el-first  \" style='padding:30px; background-color:#ffffff; border-radius:0px; '><p><div  style='height:10px' class='hr hr-invisible   avia-builder-el-5  el_before_av_heading  avia-builder-el-first '><span class='hr-inner ' ><span class='hr-inner-style'><\/span><\/span><\/div><br \/>\n<div  style='padding-bottom:0px; color:#216cc6;' class='av-special-heading av-special-heading-h2 custom-color-heading blockquote modern-quote  avia-builder-el-6  el_after_av_hr  el_before_av_hr  '><h2 class='av-special-heading-tag '  itemprop=\"headline\"  >M\u00d2DUL 14: DETECCI\u00d3 I INTERVENCI\u00d3 EN SITUACIONS DE VIOL\u00c8NCIA FAMILIARS<\/h2><div class ='av-subheading av-subheading_below av_custom_color ' style='font-size:15px;'><p>3 cr\u00e8dits<\/p>\n<\/div><div class='special-heading-border'><div class='special-heading-inner-border' style='border-color:#216cc6'><\/div><\/div><\/div><br \/>\n<div  style='height:20px' class='hr hr-invisible   avia-builder-el-7  el_after_av_heading  el_before_av_textblock '><span class='hr-inner ' ><span class='hr-inner-style'><\/span><\/span><\/div><br \/>\n<section class=\"av_textblock_section \"  itemscope=\"itemscope\" itemtype=\"https:\/\/schema.org\/CreativeWork\" ><div class='avia_textblock  '   itemprop=\"text\" ><p><strong>Objetius generals:<\/strong><\/p>\n<ul>\n<li>Introduir les bases explicatives de les diferents formes i manifestacions de la viol\u00e8ncia familiar.<\/li>\n<li>Facilitar eines per comprendre la vinculaci\u00f3 entre la viol\u00e8ncia familiar i els consums problem\u00e0tics de drogues<\/li>\n<\/ul>\n<p><strong>Objetius operatius:<\/strong><\/p>\n<ul>\n<li>Objectiu 1. Millorar les compet\u00e8ncies personals i professionals per la detecci\u00f3 i el diagn\u00f2stic d\u2019aquestes situacions<\/li>\n<li>Objectiu 2. Aportar eines d\u2019an\u00e0lisi i intervenci\u00f3 que permetin una major detecci\u00f3 de les situacions de vulnerabilitat, risc de maltractament o maltractament actiu<\/li>\n<li>Objectiu 3. Incrementar l\u2019aplicaci\u00f3 dels protocols des d\u2019una \u00f2ptica interdisciplinar<\/li>\n<\/ul>\n<p><strong>Programa acad\u00e8mic:<\/strong><\/p>\n<p><strong>PER A ENTENDRE LES VIOLENCIES FAMILIARS<\/strong><\/p>\n<ul>\n<li>Conceptes globals de fam\u00edlia\/fam\u00edlies, tipus de fam\u00edlies i mites associats<\/li>\n<li>Vulnerabilitat i risc<\/li>\n<li>La perspectiva de g\u00e8nere. Patriarcat i exercici del poder<\/li>\n<li>La perspectiva d\u2019edat<\/li>\n<li>Aspectes comuns a les diferents tipologies de viol\u00e8ncia familiar<\/li>\n<\/ul>\n<p><strong>VIOLENCIA CONTRA ELS INFANTS I ADOLESCENTS<\/strong><\/p>\n<ul>\n<li>Els vincles afectius. Concepte. Tipus de vincle. Incid\u00e8ncia en el desenvolupament de l\u2019infant. Aspectes a tenir en compte en la pr\u00e0ctica professional.<\/li>\n<li>Necessitats infantils.<\/li>\n<li>indicadors de risc i de protecci\u00f3, tipologies de maltractaments<\/li>\n<li>Responsabilitat professional i marc legal<\/li>\n<li>L\u2019 impacte de la cura inadequada i dels maltractaments en el desenvolupament de l\u2019 infant i l\u2019adolescent en context familiars vulnerables.<\/li>\n<li>La detecci\u00f3 preco\u00e7: Concepte, bones praxis. L\u2019abordatge de les situacions de risc<\/li>\n<li>Recursos existents: xarxa d\u2019atenci\u00f3 a la viol\u00e8ncia contra els infants<\/li>\n<li>Valoraci\u00f3 del risc per tipologies de maltractament infantil i nivells d\u2019intensitat: lleu, moderat i greu<\/li>\n<li>la negligencia derivada de viure en un context on hi ha drogues<\/li>\n<li>El pron\u00f2stic associat a situacions on s\u2019ha establert una detecci\u00f3 preco\u00e7.<\/li>\n<li>Presentaci\u00f3 protocols per infants i adolescents en situaci\u00f3 de risc de maltractament<\/li>\n<li>Com comunicar les situacions de risc i de maltractaments<\/li>\n<li>La prevencio dels maltractaments infantils<\/li>\n<\/ul>\n<p><strong>VIOLENCIA CONTRA LA PARELLA<\/strong><\/p>\n<ul>\n<li>Conceptes b\u00e0sics sobre perspectiva de g\u00e8nere: sexe, g\u00e8nere, sistema sexe-g\u00e8nere, androcentrisme, socialitzaci\u00f3 de g\u00e8nere.<\/li>\n<li>Conceptes b\u00e0sics sobre viol\u00e8ncia masclista: Model ecol\u00f2gic explicatiu de la viol\u00e8ncia, cicle de la viol\u00e8ncia, tipus de viol\u00e8ncies (manifestacions de la viol\u00e8ncia), mites i estereotips sobre la viol\u00e8ncia.<\/li>\n<li>Efectes\u00a0 i conseq\u00fc\u00e8ncies de la viol\u00e8ncia en les dones<\/li>\n<li>Recursos existents: xarxa d\u2019atenci\u00f3 a la viol\u00e8ncia<\/li>\n<li>Detecci\u00f3 de la viol\u00e8ncia des de els diversos \u00e0mbits professionals: el cas dels\/les professionals de drogues.<\/li>\n<li>Valoraci\u00f3 del risc. Experi\u00e8ncies institucionals.<\/li>\n<li>La viol\u00e8ncia masclista en l\u2019\u00e0mbit de drogues: homes agressors que consumeixen drogues<\/li>\n<\/ul>\n<p><strong>VIOLENCIA CONTRA LES PERSONES GRANS<\/strong><\/p>\n<p><strong>TREBALL DE COORDINACI\u00d3 AMB DISPOSITIUS DE LA XARXA DE DROGODEPENDENCIES<\/strong><\/p>\n<ul>\n<li>\u00bfCom abordar la viol\u00e8ncia masclista quan hi ha consum de drogues? : la mirada integral vers dones supervivents. Exemples innovadors (Espai Ariadna).<\/li>\n<\/ul>\n<\/div><\/section><\/p><\/div><div class=\"flex_column av_one_third  no_margin flex_column_table_cell av-equal-height-column av-align-top   avia-builder-el-9  el_after_av_two_third  avia-builder-el-last  \" style='padding:30px; background-color:#f0f0f0; border-radius:0px; '><p><div  class='avia-builder-widget-area clearfix  avia-builder-el-10  el_before_av_textblock  avia-builder-el-first '><section id=\"nav_menu-3\" class=\"widget clearfix widget_nav_menu\"><div class=\"menu-master-lateral-container\"><ul id=\"menu-master-lateral\" class=\"menu\"><li id=\"menu-item-1217\" class=\"menu-item menu-item-type-post_type menu-item-object-page menu-item-1217\"><a href=\"https:\/\/www.ub.edu\/drogodependencies\/introduccio\/\">Introducci\u00f3<\/a><\/li>\n<li id=\"menu-item-1187\" class=\"menu-item menu-item-type-post_type menu-item-object-page menu-item-1187\"><a href=\"https:\/\/www.ub.edu\/drogodependencies\/objectius\/\">Objectius<\/a><\/li>\n<li id=\"menu-item-1188\" class=\"menu-item menu-item-type-post_type menu-item-object-page menu-item-1188\"><a href=\"https:\/\/www.ub.edu\/drogodependencies\/sortides-professionals\/\">Sortides professionals<\/a><\/li>\n<li id=\"menu-item-1189\" class=\"menu-item menu-item-type-post_type menu-item-object-page menu-item-1189\"><a href=\"https:\/\/www.ub.edu\/drogodependencies\/pla-estudis\/\">Pla d&#8217;estudis<\/a><\/li>\n<li id=\"menu-item-1190\" class=\"menu-item menu-item-type-post_type menu-item-object-page menu-item-1190\"><a href=\"https:\/\/www.ub.edu\/drogodependencies\/requisits-acces-i-titulacio\/\">Requisits d\u2019acc\u00e9s i titulaci\u00f3<\/a><\/li>\n<li id=\"menu-item-1191\" class=\"menu-item menu-item-type-post_type menu-item-object-page menu-item-1191\"><a href=\"https:\/\/www.ub.edu\/drogodependencies\/equip-docent\/\">Equip docent<\/a><\/li>\n<li id=\"menu-item-1192\" class=\"menu-item menu-item-type-post_type menu-item-object-page menu-item-1192\"><a href=\"https:\/\/www.ub.edu\/drogodependencies\/centres-i-tutors-de-practiques\/\">Centres i tutors de pr\u00e0ctiques<\/a><\/li>\n<li id=\"menu-item-1194\" class=\"menu-item menu-item-type-post_type menu-item-object-page menu-item-1194\"><a href=\"https:\/\/www.ub.edu\/drogodependencies\/horari-i-calendari\/\">Horari i Calendari<\/a><\/li>\n<li id=\"menu-item-1195\" class=\"menu-item menu-item-type-post_type menu-item-object-page menu-item-1195\"><a href=\"https:\/\/www.ub.edu\/drogodependencies\/avaluacio\/\">Avaluaci\u00f3<\/a><\/li>\n<li id=\"menu-item-1196\" class=\"menu-item menu-item-type-post_type menu-item-object-page menu-item-1196\"><a href=\"https:\/\/www.ub.edu\/drogodependencies\/matricula-i-preus\/\">Matr\u00edcula i preus<\/a><\/li>\n<\/ul><\/div><span class=\"seperator extralight-border\"><\/span><\/section><\/div><br \/>\n<section class=\"av_textblock_section \"  itemscope=\"itemscope\" itemtype=\"https:\/\/schema.org\/CreativeWork\" ><div class='avia_textblock  '   itemprop=\"text\" ><p style=\"text-align: center;\">Preinscripci\u00f3 per a la 16a promoci\u00f3<br \/>\noberta des abril 2016.<\/p>\n<\/div><\/section><br \/>\n<div  class='avia-button-wrap avia-button-center  avia-builder-el-12  el_after_av_textblock  el_before_av_hr ' ><a href=''  class='avia-button  avia-color-theme-color   avia-icon_select-yes-right-icon avia-size-large avia-position-center '   ><span class='avia_iconbox_title' >Realitzar Preinscripci\u00f3<\/span><span class='avia_button_icon avia_button_icon_right' aria-hidden='true' data-av_icon='\ue836' data-av_iconfont='entypo-fontello'><\/span><\/a><\/div><br \/>\n<div  style=' margin-top:30px; margin-bottom:30px;'  class='hr hr-custom hr-center hr-icon-yes   avia-builder-el-13  el_after_av_button  avia-builder-el-last '><span class='hr-inner  inner-border-av-border-thin' style=' width:45%; max-width:45%;' ><span class='hr-inner-style'><\/span><\/span><span class='av-seperator-icon'  aria-hidden='true' data-av_icon='\ue8bf' data-av_iconfont='entypo-fontello'><\/span><span class='hr-inner  inner-border-av-border-thin' style=' width:45%; max-width:45%;' ><span class='hr-inner-style'><\/span><\/span><\/div><\/p><\/div><\/div><!--close column table wrapper. Autoclose: 1 -->\n<\/div><\/div><\/div><!-- close content main div --><\/div><\/div><div id='after_section_2'  class='main_color av_default_container_wrap container_wrap sidebar_right' style=' '  ><div class='container' ><div class='template-page content  av-content-small alpha units'><div class='post-entry post-entry-type-page post-entry-1309'><div class='entry-content-wrapper clearfix'>\n","protected":false},"excerpt":{"rendered":"","protected":false},"author":1,"featured_media":0,"parent":1073,"menu_order":15,"comment_status":"closed","ping_status":"closed","template":"","meta":{"footnotes":""},"class_list":["post-1309","page","type-page","status-publish","hentry"],"yoast_head":"<!-- This site is optimized with the Yoast SEO plugin v27.2 - https:\/\/yoast.com\/product\/yoast-seo-wordpress\/ -->\n<title>M\u00d2DUL 14: DETECCI\u00d3 I INTERVENCI\u00d3 EN SITUACIONS DE VIOL\u00c8NCIA FAMILIARS - M\u00e1ster en Drogodependencias<\/title>\n<meta name=\"robots\" content=\"index, follow, max-snippet:-1, max-image-preview:large, max-video-preview:-1\" \/>\n<link rel=\"canonical\" href=\"https:\/\/www.ub.edu\/drogodependencies\/pla-estudis\/modul-14-deteccio-i-intervencio-en-situacions-de-violencia-familiars\/\" \/>\n<meta name=\"twitter:label1\" content=\"Temps estimat de lectura\" \/>\n\t<meta name=\"twitter:data1\" content=\"5 minuts\" \/>\n<script type=\"application\/ld+json\" class=\"yoast-schema-graph\">{\"@context\":\"https:\/\/schema.org\",\"@graph\":[{\"@type\":\"WebPage\",\"@id\":\"https:\/\/www.ub.edu\/drogodependencies\/pla-estudis\/modul-14-deteccio-i-intervencio-en-situacions-de-violencia-familiars\/\",\"url\":\"https:\/\/www.ub.edu\/drogodependencies\/pla-estudis\/modul-14-deteccio-i-intervencio-en-situacions-de-violencia-familiars\/\",\"name\":\"M\u00d2DUL 14: DETECCI\u00d3 I INTERVENCI\u00d3 EN SITUACIONS DE VIOL\u00c8NCIA FAMILIARS - M\u00e1ster en Drogodependencias\",\"isPartOf\":{\"@id\":\"https:\/\/www.ub.edu\/drogodependencies\/es\/#website\"},\"datePublished\":\"2016-07-16T23:22:26+00:00\",\"dateModified\":\"2016-07-19T19:09:04+00:00\",\"breadcrumb\":{\"@id\":\"https:\/\/www.ub.edu\/drogodependencies\/pla-estudis\/modul-14-deteccio-i-intervencio-en-situacions-de-violencia-familiars\/#breadcrumb\"},\"inLanguage\":\"ca\",\"potentialAction\":[{\"@type\":\"ReadAction\",\"target\":[\"https:\/\/www.ub.edu\/drogodependencies\/pla-estudis\/modul-14-deteccio-i-intervencio-en-situacions-de-violencia-familiars\/\"]}]},{\"@type\":\"BreadcrumbList\",\"@id\":\"https:\/\/www.ub.edu\/drogodependencies\/pla-estudis\/modul-14-deteccio-i-intervencio-en-situacions-de-violencia-familiars\/#breadcrumb\",\"itemListElement\":[{\"@type\":\"ListItem\",\"position\":1,\"name\":\"Portada\",\"item\":\"https:\/\/www.ub.edu\/drogodependencies\/inici\/\"},{\"@type\":\"ListItem\",\"position\":2,\"name\":\"Pla d&#8217;estudis\",\"item\":\"https:\/\/www.ub.edu\/drogodependencies\/pla-estudis\/\"},{\"@type\":\"ListItem\",\"position\":3,\"name\":\"M\u00d2DUL 14: DETECCI\u00d3 I INTERVENCI\u00d3 EN SITUACIONS DE VIOL\u00c8NCIA FAMILIARS\"}]},{\"@type\":\"WebSite\",\"@id\":\"https:\/\/www.ub.edu\/drogodependencies\/es\/#website\",\"url\":\"https:\/\/www.ub.edu\/drogodependencies\/es\/\",\"name\":\"M\u00e1ster en Drogodependencias\",\"description\":\"M\u00e1ster Drogodependencias de la Universidad de Barcelona\",\"potentialAction\":[{\"@type\":\"SearchAction\",\"target\":{\"@type\":\"EntryPoint\",\"urlTemplate\":\"https:\/\/www.ub.edu\/drogodependencies\/es\/?s={search_term_string}\"},\"query-input\":{\"@type\":\"PropertyValueSpecification\",\"valueRequired\":true,\"valueName\":\"search_term_string\"}}],\"inLanguage\":\"ca\"}]}<\/script>\n<!-- \/ Yoast SEO plugin. -->","yoast_head_json":{"title":"M\u00d2DUL 14: DETECCI\u00d3 I INTERVENCI\u00d3 EN SITUACIONS DE VIOL\u00c8NCIA FAMILIARS - M\u00e1ster en Drogodependencias","robots":{"index":"index","follow":"follow","max-snippet":"max-snippet:-1","max-image-preview":"max-image-preview:large","max-video-preview":"max-video-preview:-1"},"canonical":"https:\/\/www.ub.edu\/drogodependencies\/pla-estudis\/modul-14-deteccio-i-intervencio-en-situacions-de-violencia-familiars\/","twitter_misc":{"Temps estimat de lectura":"5 minuts"},"schema":{"@context":"https:\/\/schema.org","@graph":[{"@type":"WebPage","@id":"https:\/\/www.ub.edu\/drogodependencies\/pla-estudis\/modul-14-deteccio-i-intervencio-en-situacions-de-violencia-familiars\/","url":"https:\/\/www.ub.edu\/drogodependencies\/pla-estudis\/modul-14-deteccio-i-intervencio-en-situacions-de-violencia-familiars\/","name":"M\u00d2DUL 14: DETECCI\u00d3 I INTERVENCI\u00d3 EN SITUACIONS DE VIOL\u00c8NCIA FAMILIARS - M\u00e1ster en Drogodependencias","isPartOf":{"@id":"https:\/\/www.ub.edu\/drogodependencies\/es\/#website"},"datePublished":"2016-07-16T23:22:26+00:00","dateModified":"2016-07-19T19:09:04+00:00","breadcrumb":{"@id":"https:\/\/www.ub.edu\/drogodependencies\/pla-estudis\/modul-14-deteccio-i-intervencio-en-situacions-de-violencia-familiars\/#breadcrumb"},"inLanguage":"ca","potentialAction":[{"@type":"ReadAction","target":["https:\/\/www.ub.edu\/drogodependencies\/pla-estudis\/modul-14-deteccio-i-intervencio-en-situacions-de-violencia-familiars\/"]}]},{"@type":"BreadcrumbList","@id":"https:\/\/www.ub.edu\/drogodependencies\/pla-estudis\/modul-14-deteccio-i-intervencio-en-situacions-de-violencia-familiars\/#breadcrumb","itemListElement":[{"@type":"ListItem","position":1,"name":"Portada","item":"https:\/\/www.ub.edu\/drogodependencies\/inici\/"},{"@type":"ListItem","position":2,"name":"Pla d&#8217;estudis","item":"https:\/\/www.ub.edu\/drogodependencies\/pla-estudis\/"},{"@type":"ListItem","position":3,"name":"M\u00d2DUL 14: DETECCI\u00d3 I INTERVENCI\u00d3 EN SITUACIONS DE VIOL\u00c8NCIA FAMILIARS"}]},{"@type":"WebSite","@id":"https:\/\/www.ub.edu\/drogodependencies\/es\/#website","url":"https:\/\/www.ub.edu\/drogodependencies\/es\/","name":"M\u00e1ster en Drogodependencias","description":"M\u00e1ster Drogodependencias de la Universidad de Barcelona","potentialAction":[{"@type":"SearchAction","target":{"@type":"EntryPoint","urlTemplate":"https:\/\/www.ub.edu\/drogodependencies\/es\/?s={search_term_string}"},"query-input":{"@type":"PropertyValueSpecification","valueRequired":true,"valueName":"search_term_string"}}],"inLanguage":"ca"}]}},"_links":{"self":[{"href":"https:\/\/www.ub.edu\/drogodependencies\/wp-json\/wp\/v2\/pages\/1309","targetHints":{"allow":["GET"]}}],"collection":[{"href":"https:\/\/www.ub.edu\/drogodependencies\/wp-json\/wp\/v2\/pages"}],"about":[{"href":"https:\/\/www.ub.edu\/drogodependencies\/wp-json\/wp\/v2\/types\/page"}],"author":[{"embeddable":true,"href":"https:\/\/www.ub.edu\/drogodependencies\/wp-json\/wp\/v2\/users\/1"}],"replies":[{"embeddable":true,"href":"https:\/\/www.ub.edu\/drogodependencies\/wp-json\/wp\/v2\/comments?post=1309"}],"version-history":[{"count":0,"href":"https:\/\/www.ub.edu\/drogodependencies\/wp-json\/wp\/v2\/pages\/1309\/revisions"}],"up":[{"embeddable":true,"href":"https:\/\/www.ub.edu\/drogodependencies\/wp-json\/wp\/v2\/pages\/1073"}],"wp:attachment":[{"href":"https:\/\/www.ub.edu\/drogodependencies\/wp-json\/wp\/v2\/media?parent=1309"}],"curies":[{"name":"wp","href":"https:\/\/api.w.org\/{rel}","templated":true}]}}