{"id":1773,"date":"2017-04-28T11:33:26","date_gmt":"2017-04-28T11:33:26","guid":{"rendered":"https:\/\/www.ub.edu\/drogodependencies\/?page_id=1773"},"modified":"2026-02-04T19:42:23","modified_gmt":"2026-02-04T19:42:23","slug":"pla-destudis","status":"publish","type":"page","link":"https:\/\/www.ub.edu\/drogodependencies\/curs-de-postgrau-expert-en-el-tractament-de-les-drogodependencies-i-daltres-addiccions\/pla-destudis\/","title":{"rendered":"Pla d&#8217;estudis"},"content":{"rendered":"<div id='av_section_1'  class='avia-section main_color avia-section-large avia-no-shadow  avia-full-stretch av-section-color-overlay-active avia-bg-style-fixed  avia-builder-el-0  el_before_av_section  avia-builder-el-first   container_wrap sidebar_right' style='background-repeat: no-repeat; background-image: url(https:\/\/www.ub.edu\/drogodependencies\/wp-content\/uploads\/presentacion1.jpg);background-attachment: fixed; background-position: top center;  '  data-section-bg-repeat='stretch'><div class='av-section-color-overlay-wrap'><div class='av-section-color-overlay' style='opacity: 0.2; background-color: #000000; '><\/div><div class='container' ><main  role=\"main\" itemprop=\"mainContentOfPage\"  class='template-page content  av-content-small alpha units'><div class='post-entry post-entry-type-page post-entry-1773'><div class='entry-content-wrapper clearfix'>\n<div  style='padding-bottom:0px; color:#ffffff;font-size:50px;' class='av-special-heading av-special-heading-h3 custom-color-heading blockquote modern-quote modern-centered  avia-builder-el-1  el_before_av_hr  avia-builder-el-first  av-inherit-size '><h3 class='av-special-heading-tag '  itemprop=\"headline\"  >Curs de postgrau Expert<\/h3><div class ='av-subheading av-subheading_below av_custom_color ' style='font-size:15px;'><p>Tractament de les drogodepend\u00e8ncies i d&#8217;altres addiccions<\/p>\n<\/div><div class='special-heading-border'><div class='special-heading-inner-border' style='border-color:#ffffff'><\/div><\/div><\/div>\n<div  style=' margin-top:30px; margin-bottom:30px;'  class='hr hr-custom hr-center hr-icon-yes   avia-builder-el-2  el_after_av_heading  avia-builder-el-last '><span class='hr-inner  inner-border-av-border-thin' style=' width:20%; border-color:rgba(255,255,255,0.76); max-width:45%;' ><span class='hr-inner-style'><\/span><\/span><span class='av-seperator-icon' style='color:#ffffff;' aria-hidden='true' data-av_icon='\ue8bf' data-av_iconfont='entypo-fontello'><\/span><span class='hr-inner  inner-border-av-border-thin' style=' width:20%; border-color:rgba(255,255,255,0.76); max-width:45%;' ><span class='hr-inner-style'><\/span><\/span><\/div>\n\n<\/div><\/div><\/main><!-- close content main element --><\/div><\/div><\/div><div id='av_section_2'  class='avia-section main_color avia-section-small avia-no-border-styling  avia-bg-style-fixed  avia-builder-el-3  el_after_av_section  avia-builder-el-last   container_wrap sidebar_right' style=' '  ><div class='container' ><div class='template-page content  av-content-small alpha units'><div class='post-entry post-entry-type-page post-entry-1773'><div class='entry-content-wrapper clearfix'>\n<div class='flex_column_table av-equal-height-column-flextable -flextable' style='margin-top:-60px; margin-bottom:0px; '><div class=\"flex_column av_two_third  no_margin flex_column_table_cell av-equal-height-column av-align-top first  avia-builder-el-4  el_before_av_one_third  avia-builder-el-first  \" style='padding:30px; background-color:#ffffff; border-radius:0px; '><p><div  style='height:10px' class='hr hr-invisible   avia-builder-el-5  el_before_av_heading  avia-builder-el-first '><span class='hr-inner ' ><span class='hr-inner-style'><\/span><\/span><\/div><br \/>\n<div  style='padding-bottom:0px; color:#216cc6;' class='av-special-heading av-special-heading-h2 custom-color-heading blockquote modern-quote  avia-builder-el-6  el_after_av_hr  el_before_av_hr  '><h2 class='av-special-heading-tag '  itemprop=\"headline\"  >Pla d\u2019estudis<\/h2><div class='special-heading-border'><div class='special-heading-inner-border' style='border-color:#216cc6'><\/div><\/div><\/div><br \/>\n<div  style='height:20px' class='hr hr-invisible   avia-builder-el-7  el_after_av_heading  el_before_av_textblock '><span class='hr-inner ' ><span class='hr-inner-style'><\/span><\/span><\/div><br \/>\n<section class=\"av_textblock_section \"  itemscope=\"itemscope\" itemtype=\"https:\/\/schema.org\/CreativeWork\" ><div class='avia_textblock  '   itemprop=\"text\" ><p><strong>M\u00f2duls optatius que composen el curs \u201cExpert\u201d<\/strong><\/p>\n<\/div><\/section><br \/>\n<div class='avia-data-table-wrap avia_responsive_table'><table  class='avia-table avia-data-table avia-table-1  avia-builder-el-9  el_after_av_textblock  el_before_av_table  avia_pricing_default '  itemscope=\"itemscope\" itemtype=\"https:\/\/schema.org\/Table\" ><tbody><tr class=''><td class=''><a href=\"http:\/\/www.ub.edu\/drogodependencies\/pla-estudis\/modul-6-tecniques-de-tractament-individual-en-drogodependencies\/\" target=\"_blank\" rel=\"noopener\">Tractament individual en addiccions <\/a><\/td><td class='avia-highlight-col'>3 cr\u00e8dits<\/td><\/tr><tr class=''><td class=''><a href=\"http:\/\/www.ub.edu\/drogodependencies\/pla-estudis\/modul-7-terapia-familiar-en-drogodependencies\/\" target=\"_blank\" rel=\"noopener\">Ter\u00e0pia familiar de les addiccions<\/a><\/td><td class='avia-highlight-col'>3 cr\u00e8dits<\/td><\/tr><tr class=''><td class=''><a href=\"http:\/\/www.ub.edu\/drogodependencies\/pla-estudis\/modul-8-terapia-grupal-en-drogodependencies\/\" target=\"_blank\" rel=\"noopener\">Ter\u00e0pia grupal de les addiccions<\/a><\/td><td class='avia-highlight-col'>3 cr\u00e8dits<\/td><\/tr><\/tbody><\/table><\/div><style type='text\/css'><\/style><br \/>\n<div class='avia-data-table-wrap avia_responsive_table'><table  class='avia-table avia-data-table avia-table-2  avia-builder-el-10  el_after_av_table  el_before_av_hr  avia_pricing_default '  itemscope=\"itemscope\" itemtype=\"https:\/\/schema.org\/Table\" ><tbody><tr class=''><td class=''><a href=\"http:\/\/www.ub.edu\/drogodependencies\/pla-estudis\/modul-9-reduccio-de-danys-en-drogodependencies\/\" target=\"_blank\" rel=\"noopener\">Reducci\u00f3 de danys en drogodepend\u00e8ncies <\/a><\/td><td class='avia-highlight-col'>3 cr\u00e8dits<\/td><\/tr><tr class=''><td class=''><a href=\"http:\/\/www.ub.edu\/drogodependencies\/pla-estudis\/modul-10-terapia-farmacologica-en-drogodependencies\/\" target=\"_blank\" rel=\"noopener\">Ter\u00e0pia farmacol\u00f2gica en drogodepend\u00e8ncies <\/a><\/td><td class='avia-highlight-col'>3 cr\u00e8dits<\/td><\/tr><tr class=''><td class=''><a href=\"http:\/\/www.ub.edu\/drogodependencies\/pla-estudis\/modul-11-reinsercio-social-dels-drogodependents\/\" target=\"_blank\" rel=\"noopener\">Reinserci\u00f3 social dels drogodependents<\/a><\/td><td class='avia-highlight-col'>3 cr\u00e8dits<\/td><\/tr><tr class=''><td class=''><a href=\"http:\/\/www.ub.edu\/drogodependencies\/pla-estudis\/modul-12-gestio-i-planificacio-de-centres-i-projectes-en-drogodependencies\/\" target=\"_blank\" rel=\"noopener\">Gesti\u00f3 i planificaci\u00f3 de centres i projectes en Drogodepend\u00e8ncies <\/a><\/td><td class='avia-highlight-col'>3 cr\u00e8dits<\/td><\/tr><tr class=''><td class=''><a href=\"http:\/\/www.ub.edu\/drogodependencies\/pla-estudis\/modul-15-experiencies-de-recerca-aplicada-en-drogodependencies\/\" target=\"_blank\" rel=\"noopener\">Experi\u00e8ncies de recerca aplicada en drogodepend\u00e8ncies <\/a><\/td><td class='avia-highlight-col'>3 cr\u00e8dits<\/td><\/tr><\/tbody><\/table><\/div><style type='text\/css'><\/style><br \/>\n<div  style=' margin-top:30px; margin-bottom:30px;'  class='hr hr-custom hr-center hr-icon-yes   avia-builder-el-11  el_after_av_table  avia-builder-el-last '><span class='hr-inner  inner-border-av-border-thin' style=' width:45%; max-width:45%;' ><span class='hr-inner-style'><\/span><\/span><span class='av-seperator-icon'  aria-hidden='true' data-av_icon='\ue8bf' data-av_iconfont='entypo-fontello'><\/span><span class='hr-inner  inner-border-av-border-thin' style=' width:45%; max-width:45%;' ><span class='hr-inner-style'><\/span><\/span><\/div><\/p><\/div><div class=\"flex_column av_one_third  no_margin flex_column_table_cell av-equal-height-column av-align-top   avia-builder-el-12  el_after_av_two_third  avia-builder-el-last  \" style='padding:30px; background-color:#f0f0f0; border-radius:0px; '><p><section class=\"av_textblock_section \"  itemscope=\"itemscope\" itemtype=\"https:\/\/schema.org\/CreativeWork\" ><div class='avia_textblock  '   itemprop=\"text\" ><p><strong>Horari:<\/strong> Les classes del proper curs 2026-27 es concentren els dimarts i dijous de 16h a 20:30h.<\/p>\n<\/div><\/section><br \/>\n<div  class='avia-builder-widget-area clearfix  avia-builder-el-14  el_after_av_textblock  el_before_av_button '><div id=\"nav_menu-4\" class=\"widget clearfix widget_nav_menu\"><h3 class=\"widgettitle\">INFORMACI\u00d3<\/h3><div class=\"menu-expert-container\"><ul id=\"menu-expert\" class=\"menu\"><li id=\"menu-item-1785\" class=\"menu-item menu-item-type-post_type menu-item-object-page menu-item-1785\"><a href=\"https:\/\/www.ub.edu\/drogodependencies\/curs-de-postgrau-expert-en-el-tractament-de-les-drogodependencies-i-daltres-addiccions\/pla-destudis\/\">Pla d&#8217;estudis<\/a><\/li>\n<li id=\"menu-item-1784\" class=\"menu-item menu-item-type-post_type menu-item-object-page menu-item-1784\"><a href=\"https:\/\/www.ub.edu\/drogodependencies\/curs-de-postgrau-expert-en-el-tractament-de-les-drogodependencies-i-daltres-addiccions\/equip-docent\/\">Equip docent<\/a><\/li>\n<\/ul><\/div><\/div><\/div><br \/>\n<div  class='avia-button-wrap avia-button-center  avia-builder-el-15  el_after_av_sidebar  el_before_av_hr ' ><a href='http:\/\/www.ub.edu\/drogodependencies\/curs-de-postgrau-expert-en-el-tractament-de-les-drogodependencies-i-daltres-addiccions\/preinscripcio-al-curs-dexpert\/'  class='avia-button  avia-color-theme-color   avia-icon_select-yes-right-icon avia-size-large avia-position-center '   ><span class='avia_iconbox_title' >Realitzar Preinscripci\u00f3<\/span><span class='avia_button_icon avia_button_icon_right' aria-hidden='true' data-av_icon='\ue836' data-av_iconfont='entypo-fontello'><\/span><\/a><\/div><br \/>\n<div  style=' margin-top:30px; margin-bottom:30px;'  class='hr hr-custom hr-center hr-icon-yes   avia-builder-el-16  el_after_av_button  avia-builder-el-last '><span class='hr-inner  inner-border-av-border-thin' style=' width:45%; max-width:45%;' ><span class='hr-inner-style'><\/span><\/span><span class='av-seperator-icon'  aria-hidden='true' data-av_icon='\ue8bf' data-av_iconfont='entypo-fontello'><\/span><span class='hr-inner  inner-border-av-border-thin' style=' width:45%; max-width:45%;' ><span class='hr-inner-style'><\/span><\/span><\/div><\/p><\/div><\/div><!--close column table wrapper. Autoclose: 1 --><\/div><\/div><\/div><!-- close content main div --><\/div><\/div><div id='after_section_2'  class='main_color av_default_container_wrap container_wrap sidebar_right' style=' '  ><div class='container' ><div class='template-page content  av-content-small alpha units'><div class='post-entry post-entry-type-page post-entry-1773'><div class='entry-content-wrapper clearfix'>\n","protected":false},"excerpt":{"rendered":"","protected":false},"author":1,"featured_media":0,"parent":1758,"menu_order":1,"comment_status":"open","ping_status":"open","template":"","meta":{"footnotes":""},"class_list":["post-1773","page","type-page","status-publish","hentry"],"yoast_head":"<!-- This site is optimized with the Yoast SEO plugin v27.2 - https:\/\/yoast.com\/product\/yoast-seo-wordpress\/ -->\n<title>Pla d&#039;estudis - M\u00e1ster en Drogodependencias<\/title>\n<meta name=\"robots\" content=\"index, follow, max-snippet:-1, max-image-preview:large, max-video-preview:-1\" \/>\n<link rel=\"canonical\" href=\"https:\/\/www.ub.edu\/drogodependencies\/curs-de-postgrau-expert-en-el-tractament-de-les-drogodependencies-i-daltres-addiccions\/pla-destudis\/\" \/>\n<meta name=\"twitter:label1\" content=\"Temps estimat de lectura\" \/>\n\t<meta name=\"twitter:data1\" content=\"2 minuts\" \/>\n<script type=\"application\/ld+json\" class=\"yoast-schema-graph\">{\"@context\":\"https:\/\/schema.org\",\"@graph\":[{\"@type\":\"WebPage\",\"@id\":\"https:\/\/www.ub.edu\/drogodependencies\/curs-de-postgrau-expert-en-el-tractament-de-les-drogodependencies-i-daltres-addiccions\/pla-destudis\/\",\"url\":\"https:\/\/www.ub.edu\/drogodependencies\/curs-de-postgrau-expert-en-el-tractament-de-les-drogodependencies-i-daltres-addiccions\/pla-destudis\/\",\"name\":\"Pla d'estudis - M\u00e1ster en Drogodependencias\",\"isPartOf\":{\"@id\":\"https:\/\/www.ub.edu\/drogodependencies\/es\/#website\"},\"datePublished\":\"2017-04-28T11:33:26+00:00\",\"dateModified\":\"2026-02-04T19:42:23+00:00\",\"breadcrumb\":{\"@id\":\"https:\/\/www.ub.edu\/drogodependencies\/curs-de-postgrau-expert-en-el-tractament-de-les-drogodependencies-i-daltres-addiccions\/pla-destudis\/#breadcrumb\"},\"inLanguage\":\"ca\",\"potentialAction\":[{\"@type\":\"ReadAction\",\"target\":[\"https:\/\/www.ub.edu\/drogodependencies\/curs-de-postgrau-expert-en-el-tractament-de-les-drogodependencies-i-daltres-addiccions\/pla-destudis\/\"]}]},{\"@type\":\"BreadcrumbList\",\"@id\":\"https:\/\/www.ub.edu\/drogodependencies\/curs-de-postgrau-expert-en-el-tractament-de-les-drogodependencies-i-daltres-addiccions\/pla-destudis\/#breadcrumb\",\"itemListElement\":[{\"@type\":\"ListItem\",\"position\":1,\"name\":\"Portada\",\"item\":\"https:\/\/www.ub.edu\/drogodependencies\/inici\/\"},{\"@type\":\"ListItem\",\"position\":2,\"name\":\"Expert en Addiccions\",\"item\":\"https:\/\/www.ub.edu\/drogodependencies\/curs-de-postgrau-expert-en-el-tractament-de-les-drogodependencies-i-daltres-addiccions\/\"},{\"@type\":\"ListItem\",\"position\":3,\"name\":\"Pla d&#8217;estudis\"}]},{\"@type\":\"WebSite\",\"@id\":\"https:\/\/www.ub.edu\/drogodependencies\/es\/#website\",\"url\":\"https:\/\/www.ub.edu\/drogodependencies\/es\/\",\"name\":\"M\u00e1ster en Drogodependencias\",\"description\":\"M\u00e1ster Drogodependencias de la Universidad de Barcelona\",\"potentialAction\":[{\"@type\":\"SearchAction\",\"target\":{\"@type\":\"EntryPoint\",\"urlTemplate\":\"https:\/\/www.ub.edu\/drogodependencies\/es\/?s={search_term_string}\"},\"query-input\":{\"@type\":\"PropertyValueSpecification\",\"valueRequired\":true,\"valueName\":\"search_term_string\"}}],\"inLanguage\":\"ca\"}]}<\/script>\n<!-- \/ Yoast SEO plugin. -->","yoast_head_json":{"title":"Pla d'estudis - M\u00e1ster en Drogodependencias","robots":{"index":"index","follow":"follow","max-snippet":"max-snippet:-1","max-image-preview":"max-image-preview:large","max-video-preview":"max-video-preview:-1"},"canonical":"https:\/\/www.ub.edu\/drogodependencies\/curs-de-postgrau-expert-en-el-tractament-de-les-drogodependencies-i-daltres-addiccions\/pla-destudis\/","twitter_misc":{"Temps estimat de lectura":"2 minuts"},"schema":{"@context":"https:\/\/schema.org","@graph":[{"@type":"WebPage","@id":"https:\/\/www.ub.edu\/drogodependencies\/curs-de-postgrau-expert-en-el-tractament-de-les-drogodependencies-i-daltres-addiccions\/pla-destudis\/","url":"https:\/\/www.ub.edu\/drogodependencies\/curs-de-postgrau-expert-en-el-tractament-de-les-drogodependencies-i-daltres-addiccions\/pla-destudis\/","name":"Pla d'estudis - M\u00e1ster en Drogodependencias","isPartOf":{"@id":"https:\/\/www.ub.edu\/drogodependencies\/es\/#website"},"datePublished":"2017-04-28T11:33:26+00:00","dateModified":"2026-02-04T19:42:23+00:00","breadcrumb":{"@id":"https:\/\/www.ub.edu\/drogodependencies\/curs-de-postgrau-expert-en-el-tractament-de-les-drogodependencies-i-daltres-addiccions\/pla-destudis\/#breadcrumb"},"inLanguage":"ca","potentialAction":[{"@type":"ReadAction","target":["https:\/\/www.ub.edu\/drogodependencies\/curs-de-postgrau-expert-en-el-tractament-de-les-drogodependencies-i-daltres-addiccions\/pla-destudis\/"]}]},{"@type":"BreadcrumbList","@id":"https:\/\/www.ub.edu\/drogodependencies\/curs-de-postgrau-expert-en-el-tractament-de-les-drogodependencies-i-daltres-addiccions\/pla-destudis\/#breadcrumb","itemListElement":[{"@type":"ListItem","position":1,"name":"Portada","item":"https:\/\/www.ub.edu\/drogodependencies\/inici\/"},{"@type":"ListItem","position":2,"name":"Expert en Addiccions","item":"https:\/\/www.ub.edu\/drogodependencies\/curs-de-postgrau-expert-en-el-tractament-de-les-drogodependencies-i-daltres-addiccions\/"},{"@type":"ListItem","position":3,"name":"Pla d&#8217;estudis"}]},{"@type":"WebSite","@id":"https:\/\/www.ub.edu\/drogodependencies\/es\/#website","url":"https:\/\/www.ub.edu\/drogodependencies\/es\/","name":"M\u00e1ster en Drogodependencias","description":"M\u00e1ster Drogodependencias de la Universidad de Barcelona","potentialAction":[{"@type":"SearchAction","target":{"@type":"EntryPoint","urlTemplate":"https:\/\/www.ub.edu\/drogodependencies\/es\/?s={search_term_string}"},"query-input":{"@type":"PropertyValueSpecification","valueRequired":true,"valueName":"search_term_string"}}],"inLanguage":"ca"}]}},"_links":{"self":[{"href":"https:\/\/www.ub.edu\/drogodependencies\/wp-json\/wp\/v2\/pages\/1773","targetHints":{"allow":["GET"]}}],"collection":[{"href":"https:\/\/www.ub.edu\/drogodependencies\/wp-json\/wp\/v2\/pages"}],"about":[{"href":"https:\/\/www.ub.edu\/drogodependencies\/wp-json\/wp\/v2\/types\/page"}],"author":[{"embeddable":true,"href":"https:\/\/www.ub.edu\/drogodependencies\/wp-json\/wp\/v2\/users\/1"}],"replies":[{"embeddable":true,"href":"https:\/\/www.ub.edu\/drogodependencies\/wp-json\/wp\/v2\/comments?post=1773"}],"version-history":[{"count":2,"href":"https:\/\/www.ub.edu\/drogodependencies\/wp-json\/wp\/v2\/pages\/1773\/revisions"}],"predecessor-version":[{"id":3246,"href":"https:\/\/www.ub.edu\/drogodependencies\/wp-json\/wp\/v2\/pages\/1773\/revisions\/3246"}],"up":[{"embeddable":true,"href":"https:\/\/www.ub.edu\/drogodependencies\/wp-json\/wp\/v2\/pages\/1758"}],"wp:attachment":[{"href":"https:\/\/www.ub.edu\/drogodependencies\/wp-json\/wp\/v2\/media?parent=1773"}],"curies":[{"name":"wp","href":"https:\/\/api.w.org\/{rel}","templated":true}]}}