{"id":1379,"date":"2024-02-27T09:54:07","date_gmt":"2024-02-27T08:54:07","guid":{"rendered":"https:\/\/www.ub.edu\/dynsys\/?page_id=1379"},"modified":"2024-04-29T13:19:11","modified_gmt":"2024-04-29T12:19:11","slug":"teaching","status":"publish","type":"page","link":"https:\/\/www.ub.edu\/dynsys\/xavier-jarque-i-ribera\/teaching\/","title":{"rendered":"Teaching"},"content":{"rendered":"\n<div style=\"height:15px\" aria-hidden=\"true\" class=\"wp-block-spacer\"><\/div>\n\n\n\n<div class=\"wp-block-buttons is-horizontal is-content-justification-space-between is-nowrap is-layout-flex wp-container-core-buttons-is-layout-8db758e7 wp-block-buttons-is-layout-flex\">\n<div class=\"wp-block-button has-custom-width wp-block-button__width-25 is-style-fill\"><a class=\"wp-block-button__link wp-element-button\" href=\"https:\/\/www.ub.edu\/dynsys\/xavier-jarque-i-ribera\/\" style=\"border-style:none;border-width:0px;border-radius:0px;padding-top:0;padding-bottom:0\">HOME<\/a><\/div>\n\n\n\n<div class=\"wp-block-button has-custom-width wp-block-button__width-25 is-style-fill\"><a class=\"wp-block-button__link wp-element-button\" href=\"https:\/\/www.ub.edu\/dynsys\/xavier-jarque-i-ribera\/brief-curriculum\/\" style=\"border-style:none;border-width:0px;border-radius:0px;padding-top:0;padding-bottom:0\">TRAJECTORY<\/a><\/div>\n\n\n\n<div class=\"wp-block-button has-custom-width wp-block-button__width-25 is-style-fill\"><a class=\"wp-block-button__link wp-element-button\" href=\"https:\/\/www.ub.edu\/dynsys\/xavier-jarque-i-ribera\/research\/\" style=\"border-style:none;border-width:0px;border-radius:0px;padding-top:0;padding-bottom:0\">RESEARCH<\/a><\/div>\n\n\n\n<div class=\"wp-block-button has-custom-width wp-block-button__width-25 is-style-fill\"><a class=\"wp-block-button__link wp-element-button\" href=\"https:\/\/www.ub.edu\/dynsys\/xavier-jarque-i-ribera\/teaching\/\" style=\"border-style:none;border-width:0px;border-radius:0px;padding-top:0;padding-bottom:0\">tEACHING<\/a><\/div>\n\n\n\n<div class=\"wp-block-button has-custom-width wp-block-button__width-25 is-style-fill\"><a class=\"wp-block-button__link wp-element-button\" href=\"https:\/\/www.ub.edu\/dynsys\/xavier-jarque-i-ribera\/catalonia\/\" style=\"border-style:none;border-width:0px;border-radius:0px;padding-top:0;padding-right:var(--wp--preset--spacing--40);padding-bottom:0;padding-left:var(--wp--preset--spacing--40)\">CATALONIA<\/a><\/div>\n<\/div>\n\n\n\n<div style=\"height:15px\" aria-hidden=\"true\" class=\"wp-block-spacer\"><\/div>\n\n\n\n<h2 class=\"wp-block-heading has-text-align-center has-ast-global-color-6-color has-text-color has-link-color wp-elements-ce0b8f12cf5e79e5852220cf53c9a054\" style=\"font-style:normal;font-weight:300\">DOC\u00c8NCIA -TEACHING<\/h2>\n\n\n\n<div class=\"wp-block-cover alignfull\" style=\"margin-top:0px;margin-bottom:0px;padding-top:0px;padding-right:0px;padding-bottom:0px;padding-left:0px;min-height:199px;aspect-ratio:unset;\"><span aria-hidden=\"true\" class=\"wp-block-cover__background has-background-dim-0 has-background-dim\" style=\"background-color:#93211d\"><\/span><img loading=\"lazy\" decoding=\"async\" width=\"3000\" height=\"3000\" class=\"wp-block-cover__image-background wp-image-2133\" alt=\"\" src=\"https:\/\/www.ub.edu\/dynsys\/wp-content\/uploads\/2024\/04\/tonis_family_dyn.png\" data-object-fit=\"cover\" srcset=\"https:\/\/www.ub.edu\/dynsys\/wp-content\/uploads\/2024\/04\/tonis_family_dyn.png 3000w, https:\/\/www.ub.edu\/dynsys\/wp-content\/uploads\/2024\/04\/tonis_family_dyn-300x300.png 300w, https:\/\/www.ub.edu\/dynsys\/wp-content\/uploads\/2024\/04\/tonis_family_dyn-1024x1024.png 1024w, https:\/\/www.ub.edu\/dynsys\/wp-content\/uploads\/2024\/04\/tonis_family_dyn-150x150.png 150w, https:\/\/www.ub.edu\/dynsys\/wp-content\/uploads\/2024\/04\/tonis_family_dyn-768x768.png 768w, https:\/\/www.ub.edu\/dynsys\/wp-content\/uploads\/2024\/04\/tonis_family_dyn-1536x1536.png 1536w, https:\/\/www.ub.edu\/dynsys\/wp-content\/uploads\/2024\/04\/tonis_family_dyn-2048x2048.png 2048w\" sizes=\"auto, (max-width: 3000px) 100vw, 3000px\" \/><div class=\"wp-block-cover__inner-container is-layout-constrained wp-container-core-cover-is-layout-f54c662a wp-block-cover-is-layout-constrained\">\n<p class=\"has-text-align-center has-large-font-size\"><\/p>\n<\/div><\/div>\n\n\n\n<div style=\"height:20px\" aria-hidden=\"true\" class=\"wp-block-spacer\"><\/div>\n\n\n\n<div class=\"wp-block-group is-layout-constrained wp-container-core-group-is-layout-e0082cf6 wp-block-group-is-layout-constrained\">\n<div class=\"wp-block-columns is-layout-flex wp-container-core-columns-is-layout-28f84493 wp-block-columns-is-layout-flex\">\n<div class=\"wp-block-column has-ast-global-color-6-color has-text-color has-link-color wp-elements-e097d87f2626053874d61654c9351772 is-layout-flow wp-block-column-is-layout-flow\">\n<div class=\"wp-block-group is-layout-constrained wp-container-core-group-is-layout-e0082cf6 wp-block-group-is-layout-constrained\">\n<div class=\"wp-block-group is-layout-constrained wp-container-core-group-is-layout-e0082cf6 wp-block-group-is-layout-constrained\">\n<p class=\"has-text-align-center has-medium-font-size\">Carrera docent<\/p>\n\n\n\n<div style=\"height:26px\" aria-hidden=\"true\" class=\"wp-block-spacer\"><\/div>\n\n\n\n<p>Segons com es miri sempre he estat professor en el sentit docent del terme. Des d&#8217;adolescent passava bona part de l&#8217;estiu a Mira-sol (a Sant Cugat del Vall\u00e8s, el poble on vaig cr\u00e9ixer) em passava tots els dies fent classes als alumnes que no havien aprovat les matem\u00e0tiques al juny. Amb tot, el meu bateig com a professor universitari va ser a l&#8217;octubre de 1990 quan, just despr\u00e9s d&#8217;haver acabat la llicenciatura de matem\u00e0tiques vaig entrar a una aula de la Facultat d&#8217;Economia de la UAB davant de 200 alumnes que cursaven Matem\u00e0tiques de segon curs de llicenciatura (feiem servir el llibre del Marsden, una bojeria en termes actuals).<\/p>\n\n\n\n<p>Despr\u00e9s d&#8217;aquest curs 1990-1991 n&#8217;han vingut mots altres. He estat docent de la Facultat d&#8217;Economia i de l&#8217;Escola d&#8217;Empresarials (UAB), de l&#8217;Institut Qu\u00edmic de Sarri\u00e0 (URL), de la Facultat de Matem\u00e0tiques i Inform\u00e0tica (UB), i de l&#8217;Escola Superior d&#8217;Enginyeria de la URV. En resum 30 anys llargs de tasca docent.<\/p>\n\n\n\n<p>En els seg\u00fcents enlla\u00e7os trobareu la doc\u00e8ncia concreta ordenada per anys.<\/p>\n<\/div>\n<\/div>\n<\/div>\n\n\n\n<div class=\"wp-block-column has-ast-global-color-6-color has-text-color has-link-color wp-elements-56497d59060ddb14fae05371f81ed631 is-layout-flow wp-block-column-is-layout-flow\">\n<div class=\"wp-block-group is-layout-constrained wp-container-core-group-is-layout-e0082cf6 wp-block-group-is-layout-constrained\">\n<div class=\"wp-block-group is-layout-constrained wp-container-core-group-is-layout-e0082cf6 wp-block-group-is-layout-constrained\">\n<p class=\"has-text-align-center has-medium-font-size\">Teaching carreer<\/p>\n\n\n\n<div style=\"height:26px\" aria-hidden=\"true\" class=\"wp-block-spacer\"><\/div>\n\n\n\n<p>According to how you look at it, I have always been a teacher in the educational sense of the term. Since I was a teenager, I spent a good part of the summer in Mira-sol (in Sant Cugat del Vall\u00e8s, the town where I grew up), spending every day teaching classes to students who hadn&#8217;t passed their math exams in June. However, my baptism as a university professor was in October 1990 when, just after finishing my degree in mathematics, I entered a classroom at the Faculty of Economics of the UAB in front of 200 students taking second-year Mathematics for their degree (we used the Marsden book, which is quite outdated now).<\/p>\n\n\n\n<p>After that 1990-1991 academic year, many others followed. I have taught at the Faculty of Economics and at the School of Business (UAB), at the Institut Qu\u00edmic de Sarri\u00e0 (URL), at the Faculty of Mathematics and Computer Science (UB), and at the Escola Superior d&#8217;Enginyeria (URV). In short, 30 long years of teaching.<\/p>\n\n\n\n<p>In the following links, you will find specific teaching organized by year.<\/p>\n<\/div>\n<\/div>\n<\/div>\n<\/div>\n<\/div>\n\n\n\n<div style=\"height:21px\" aria-hidden=\"true\" class=\"wp-block-spacer\"><\/div>\n\n\n\n<figure class=\"wp-block-table\"><table style=\"border-style:none;border-width:0px\"><tbody><tr><td class=\"has-text-align-center\" data-align=\"center\"><a href=\"https:\/\/www.ub.edu\/dynsys\/xavier-jarque-i-ribera\/teaching\/current-teaching\/\" data-type=\"page\" data-id=\"1708\">CURRENT TEACHING<\/a><\/td><td class=\"has-text-align-center\" data-align=\"center\"><a href=\"https:\/\/www.ub.edu\/dynsys\/xavier-jarque-i-ribera\/teaching\/past-teaching\/\" data-type=\"page\" data-id=\"1690\">PAST TEACHING<\/a><\/td><td class=\"has-text-align-center\" data-align=\"center\"><a href=\"https:\/\/www.ub.edu\/dynsys\/xavier-jarque-i-ribera\/teaching\/final-degree-master-projects\/\" data-type=\"page\" data-id=\"1971\">FINAL PROJECTS<\/a><\/td><\/tr><\/tbody><\/table><\/figure>\n","protected":false},"excerpt":{"rendered":"<p>DOC\u00c8NCIA -TEACHING Carrera docent Segons com es miri sempre he estat professor en el sentit docent del terme. Des d&#8217;adolescent passava bona part de l&#8217;estiu a Mira-sol (a Sant Cugat del Vall\u00e8s, el poble on vaig cr\u00e9ixer) em passava tots els dies fent classes als alumnes que no havien aprovat les matem\u00e0tiques al juny. Amb [&hellip;]<\/p>\n","protected":false},"author":4,"featured_media":0,"parent":1197,"menu_order":0,"comment_status":"closed","ping_status":"closed","template":"","meta":{"site-sidebar-layout":"default","site-content-layout":"","ast-site-content-layout":"default","site-content-style":"default","site-sidebar-style":"default","ast-global-header-display":"disabled","ast-banner-title-visibility":"disabled","ast-main-header-display":"","ast-hfb-above-header-display":"","ast-hfb-below-header-display":"","ast-hfb-mobile-header-display":"","site-post-title":"disabled","ast-breadcrumbs-content":"","ast-featured-img":"","footer-sml-layout":"disabled","theme-transparent-header-meta":"","adv-header-id-meta":"","stick-header-meta":"","header-above-stick-meta":"","header-main-stick-meta":"","header-below-stick-meta":"","astra-migrate-meta-layouts":"set","ast-page-background-enabled":"default","ast-page-background-meta":{"desktop":{"background-color":"","background-image":"","background-repeat":"repeat","background-position":"center center","background-size":"auto","background-attachment":"scroll","background-type":"","background-media":"","overlay-type":"","overlay-color":"","overlay-opacity":"","overlay-gradient":""},"tablet":{"background-color":"","background-image":"","background-repeat":"repeat","background-position":"center center","background-size":"auto","background-attachment":"scroll","background-type":"","background-media":"","overlay-type":"","overlay-color":"","overlay-opacity":"","overlay-gradient":""},"mobile":{"background-color":"","background-image":"","background-repeat":"repeat","background-position":"center center","background-size":"auto","background-attachment":"scroll","background-type":"","background-media":"","overlay-type":"","overlay-color":"","overlay-opacity":"","overlay-gradient":""}},"ast-content-background-meta":{"desktop":{"background-color":"var(--ast-global-color-5)","background-image":"","background-repeat":"repeat","background-position":"center center","background-size":"auto","background-attachment":"scroll","background-type":"","background-media":"","overlay-type":"","overlay-color":"","overlay-opacity":"","overlay-gradient":""},"tablet":{"background-color":"var(--ast-global-color-5)","background-image":"","background-repeat":"repeat","background-position":"center center","background-size":"auto","background-attachment":"scroll","background-type":"","background-media":"","overlay-type":"","overlay-color":"","overlay-opacity":"","overlay-gradient":""},"mobile":{"background-color":"var(--ast-global-color-5)","background-image":"","background-repeat":"repeat","background-position":"center center","background-size":"auto","background-attachment":"scroll","background-type":"","background-media":"","overlay-type":"","overlay-color":"","overlay-opacity":"","overlay-gradient":""}},"footnotes":""},"class_list":["post-1379","page","type-page","status-publish","hentry"],"_links":{"self":[{"href":"https:\/\/www.ub.edu\/dynsys\/wp-json\/wp\/v2\/pages\/1379","targetHints":{"allow":["GET"]}}],"collection":[{"href":"https:\/\/www.ub.edu\/dynsys\/wp-json\/wp\/v2\/pages"}],"about":[{"href":"https:\/\/www.ub.edu\/dynsys\/wp-json\/wp\/v2\/types\/page"}],"author":[{"embeddable":true,"href":"https:\/\/www.ub.edu\/dynsys\/wp-json\/wp\/v2\/users\/4"}],"replies":[{"embeddable":true,"href":"https:\/\/www.ub.edu\/dynsys\/wp-json\/wp\/v2\/comments?post=1379"}],"version-history":[{"count":15,"href":"https:\/\/www.ub.edu\/dynsys\/wp-json\/wp\/v2\/pages\/1379\/revisions"}],"predecessor-version":[{"id":2374,"href":"https:\/\/www.ub.edu\/dynsys\/wp-json\/wp\/v2\/pages\/1379\/revisions\/2374"}],"up":[{"embeddable":true,"href":"https:\/\/www.ub.edu\/dynsys\/wp-json\/wp\/v2\/pages\/1197"}],"wp:attachment":[{"href":"https:\/\/www.ub.edu\/dynsys\/wp-json\/wp\/v2\/media?parent=1379"}],"curies":[{"name":"wp","href":"https:\/\/api.w.org\/{rel}","templated":true}]}}