{"id":164,"date":"2023-07-18T13:15:57","date_gmt":"2023-07-18T13:15:57","guid":{"rendered":"https:\/\/www.ub.edu\/dynsys\/?page_id=164"},"modified":"2025-09-04T17:01:09","modified_gmt":"2025-09-04T16:01:09","slug":"people","status":"publish","type":"page","link":"https:\/\/www.ub.edu\/dynsys\/people\/","title":{"rendered":"People"},"content":{"rendered":"\n<hr class=\"wp-block-separator has-text-color has-ast-global-color-1-color has-alpha-channel-opacity has-ast-global-color-1-background-color has-background is-style-default\" style=\"margin-bottom:var(--wp--preset--spacing--20)\"\/>\n\n\n\n<div class=\"wp-block-group is-layout-constrained wp-block-group-is-layout-constrained\">\n<h3 class=\"wp-block-heading alignfull has-text-align-center has-ast-global-color-0-color has-text-color\" style=\"padding-top:0;padding-bottom:var(--wp--preset--spacing--30);font-style:normal;font-weight:300;text-transform:capitalize\">Faculty<\/h3>\n\n\n\n<div class=\"wp-block-columns is-layout-flex wp-container-core-columns-is-layout-28f84493 wp-block-columns-is-layout-flex\">\n<div class=\"wp-block-column is-layout-constrained wp-block-column-is-layout-constrained\">\n<figure class=\"wp-block-image aligncenter size-thumbnail is-style-rounded\"><img loading=\"lazy\" decoding=\"async\" width=\"150\" height=\"150\" src=\"https:\/\/www.ub.edu\/dynsys\/wp-content\/uploads\/2024\/01\/KOSTYA-150x150.png\" alt=\"\" class=\"wp-image-1118\" srcset=\"https:\/\/www.ub.edu\/dynsys\/wp-content\/uploads\/2024\/01\/KOSTYA-150x150.png 150w, https:\/\/www.ub.edu\/dynsys\/wp-content\/uploads\/2024\/01\/KOSTYA-300x300.png 300w, https:\/\/www.ub.edu\/dynsys\/wp-content\/uploads\/2024\/01\/KOSTYA-1024x1024.png 1024w, https:\/\/www.ub.edu\/dynsys\/wp-content\/uploads\/2024\/01\/KOSTYA-768x768.png 768w, https:\/\/www.ub.edu\/dynsys\/wp-content\/uploads\/2024\/01\/KOSTYA.png 1280w\" sizes=\"auto, (max-width: 150px) 100vw, 150px\" \/><\/figure>\n\n\n\n<h6 class=\"wp-block-heading has-text-align-center\" style=\"margin-top:var(--wp--preset--spacing--30);margin-bottom:var(--wp--preset--spacing--30);font-style:normal;font-weight:300\"><a href=\"https:\/\/sites.google.com\/view\/kdrach\">Kostiantyn Drach<\/a><\/h6>\n<\/div>\n\n\n\n<div class=\"wp-block-column is-layout-constrained wp-block-column-is-layout-constrained\">\n<figure class=\"wp-block-image aligncenter size-thumbnail is-style-rounded\"><img loading=\"lazy\" decoding=\"async\" width=\"150\" height=\"150\" src=\"https:\/\/www.ub.edu\/dynsys\/wp-content\/uploads\/2024\/03\/nuria_formen1-150x150.jpg\" alt=\"\" class=\"wp-image-1468\" style=\"object-fit:cover\"\/><\/figure>\n\n\n\n<h6 class=\"wp-block-heading has-text-align-center\" style=\"margin-top:var(--wp--preset--spacing--30);margin-bottom:var(--wp--preset--spacing--30);padding-top:0;padding-bottom:0;font-style:normal;font-weight:300\"><a href=\"https:\/\/www.ub.edu\/dynsys\/nfagella\/\" data-type=\"page\" data-id=\"284\" target=\"_blank\" rel=\"noreferrer noopener\">N\u00faria Fagella<\/a><\/h6>\n<\/div>\n\n\n\n<div class=\"wp-block-column is-layout-constrained wp-block-column-is-layout-constrained\">\n<figure class=\"wp-block-image aligncenter size-thumbnail is-style-rounded\"><img loading=\"lazy\" decoding=\"async\" width=\"150\" height=\"150\" src=\"https:\/\/www.ub.edu\/dynsys\/wp-content\/uploads\/2024\/01\/FONTICH-150x150.png\" alt=\"\" class=\"wp-image-1122\" srcset=\"https:\/\/www.ub.edu\/dynsys\/wp-content\/uploads\/2024\/01\/FONTICH-150x150.png 150w, https:\/\/www.ub.edu\/dynsys\/wp-content\/uploads\/2024\/01\/FONTICH-300x300.png 300w, https:\/\/www.ub.edu\/dynsys\/wp-content\/uploads\/2024\/01\/FONTICH-1024x1024.png 1024w, https:\/\/www.ub.edu\/dynsys\/wp-content\/uploads\/2024\/01\/FONTICH-768x768.png 768w, https:\/\/www.ub.edu\/dynsys\/wp-content\/uploads\/2024\/01\/FONTICH.png 1280w\" sizes=\"auto, (max-width: 150px) 100vw, 150px\" \/><\/figure>\n\n\n\n<h6 class=\"wp-block-heading has-text-align-center\" style=\"margin-top:var(--wp--preset--spacing--30);margin-bottom:var(--wp--preset--spacing--30);font-style:normal;font-weight:300\"><a href=\"https:\/\/webgrec.ub.edu\/webpages\/000006\/cat\/fontich.ub.edu.html\">Ernest Fontich<\/a><\/h6>\n<\/div>\n\n\n\n<div class=\"wp-block-column is-layout-constrained wp-block-column-is-layout-constrained\">\n<figure class=\"wp-block-image aligncenter size-full is-style-rounded\"><img loading=\"lazy\" decoding=\"async\" width=\"150\" height=\"150\" src=\"https:\/\/www.ub.edu\/dynsys\/wp-content\/uploads\/2024\/01\/GonchenkoMarina-.jpg\" alt=\"\" class=\"wp-image-1123\"\/><\/figure>\n\n\n\n<h6 class=\"wp-block-heading has-text-align-center\" style=\"margin-top:var(--wp--preset--spacing--30);margin-bottom:var(--wp--preset--spacing--30);font-style:normal;font-weight:300\"><a href=\"https:\/\/mat.ub.edu\/departament\/professors\/gonchenko-marina\/\">Marina Gonchenk<\/a><a href=\"https:\/\/mat.ub.edu\/departament\/professors\/gonchenko-marina\/\" target=\"_blank\" rel=\"noreferrer noopener\">o<\/a><\/h6>\n<\/div>\n<\/div>\n\n\n\n<div class=\"wp-block-columns is-layout-flex wp-container-core-columns-is-layout-28f84493 wp-block-columns-is-layout-flex\">\n<div class=\"wp-block-column is-layout-flow wp-block-column-is-layout-flow\">\n<figure class=\"wp-block-image aligncenter size-thumbnail is-resized is-style-rounded\"><img loading=\"lazy\" decoding=\"async\" width=\"150\" height=\"150\" src=\"https:\/\/www.ub.edu\/dynsys\/wp-content\/uploads\/2024\/01\/GUARDIA-150x150.png\" alt=\"\" class=\"wp-image-1124\" style=\"width:150px;height:auto\" srcset=\"https:\/\/www.ub.edu\/dynsys\/wp-content\/uploads\/2024\/01\/GUARDIA-150x150.png 150w, https:\/\/www.ub.edu\/dynsys\/wp-content\/uploads\/2024\/01\/GUARDIA-300x300.png 300w, https:\/\/www.ub.edu\/dynsys\/wp-content\/uploads\/2024\/01\/GUARDIA-1024x1024.png 1024w, https:\/\/www.ub.edu\/dynsys\/wp-content\/uploads\/2024\/01\/GUARDIA-768x768.png 768w, https:\/\/www.ub.edu\/dynsys\/wp-content\/uploads\/2024\/01\/GUARDIA.png 1280w\" sizes=\"auto, (max-width: 150px) 100vw, 150px\" \/><\/figure>\n\n\n\n<h6 class=\"wp-block-heading has-text-align-center\" style=\"margin-top:var(--wp--preset--spacing--30);margin-bottom:var(--wp--preset--spacing--30);font-style:normal;font-weight:300\"><a href=\"https:\/\/www.ub.edu\/dynsys\/mguardia\/\" data-type=\"page\" data-id=\"237\" target=\"_blank\" rel=\"noreferrer noopener\">Marcel Gu\u00e0rdia<\/a><\/h6>\n<\/div>\n\n\n\n<div class=\"wp-block-column is-layout-flow wp-block-column-is-layout-flow\">\n<figure class=\"wp-block-image aligncenter size-thumbnail is-style-rounded\"><img loading=\"lazy\" decoding=\"async\" width=\"150\" height=\"150\" src=\"https:\/\/www.ub.edu\/dynsys\/wp-content\/uploads\/2024\/01\/HARO-150x150.png\" alt=\"\" class=\"wp-image-1125\" srcset=\"https:\/\/www.ub.edu\/dynsys\/wp-content\/uploads\/2024\/01\/HARO-150x150.png 150w, https:\/\/www.ub.edu\/dynsys\/wp-content\/uploads\/2024\/01\/HARO-300x300.png 300w, https:\/\/www.ub.edu\/dynsys\/wp-content\/uploads\/2024\/01\/HARO-1024x1024.png 1024w, https:\/\/www.ub.edu\/dynsys\/wp-content\/uploads\/2024\/01\/HARO-768x768.png 768w, https:\/\/www.ub.edu\/dynsys\/wp-content\/uploads\/2024\/01\/HARO.png 1280w\" sizes=\"auto, (max-width: 150px) 100vw, 150px\" \/><\/figure>\n\n\n\n<h6 class=\"wp-block-heading has-text-align-center\" style=\"margin-top:var(--wp--preset--spacing--30);margin-bottom:var(--wp--preset--spacing--30);font-style:normal;font-weight:300\"><a href=\"http:\/\/www.maia.ub.es\/~alex\/\" target=\"_blank\" rel=\"noreferrer noopener\">Alex Haro<\/a><\/h6>\n<\/div>\n\n\n\n<div class=\"wp-block-column is-layout-flow wp-block-column-is-layout-flow\">\n<figure class=\"wp-block-image aligncenter size-thumbnail is-style-rounded\"><img loading=\"lazy\" decoding=\"async\" width=\"150\" height=\"150\" src=\"https:\/\/www.ub.edu\/dynsys\/wp-content\/uploads\/2024\/01\/jarque-150x150.png\" alt=\"\" class=\"wp-image-1116\" srcset=\"https:\/\/www.ub.edu\/dynsys\/wp-content\/uploads\/2024\/01\/jarque-150x150.png 150w, https:\/\/www.ub.edu\/dynsys\/wp-content\/uploads\/2024\/01\/jarque-300x300.png 300w, https:\/\/www.ub.edu\/dynsys\/wp-content\/uploads\/2024\/01\/jarque-1024x1024.png 1024w, https:\/\/www.ub.edu\/dynsys\/wp-content\/uploads\/2024\/01\/jarque-768x768.png 768w, https:\/\/www.ub.edu\/dynsys\/wp-content\/uploads\/2024\/01\/jarque.png 1280w\" sizes=\"auto, (max-width: 150px) 100vw, 150px\" \/><\/figure>\n\n\n\n<h6 class=\"wp-block-heading has-text-align-center\" style=\"margin-top:var(--wp--preset--spacing--30);margin-bottom:var(--wp--preset--spacing--30);font-style:normal;font-weight:300\"><a href=\"https:\/\/webgrec.ub.edu\/webpages\/000006\/ang\/xavier.jarque.ub.edu.html\" target=\"_blank\" rel=\"noreferrer noopener\">Xavier Jarque<\/a><\/h6>\n<\/div>\n\n\n\n<div class=\"wp-block-column is-layout-flow wp-block-column-is-layout-flow\">\n<figure class=\"wp-block-image aligncenter size-thumbnail is-style-rounded\"><img loading=\"lazy\" decoding=\"async\" width=\"150\" height=\"150\" src=\"https:\/\/www.ub.edu\/dynsys\/wp-content\/uploads\/2024\/01\/jorba-150x150.png\" alt=\"\" class=\"wp-image-1117\" srcset=\"https:\/\/www.ub.edu\/dynsys\/wp-content\/uploads\/2024\/01\/jorba-150x150.png 150w, https:\/\/www.ub.edu\/dynsys\/wp-content\/uploads\/2024\/01\/jorba-300x300.png 300w, https:\/\/www.ub.edu\/dynsys\/wp-content\/uploads\/2024\/01\/jorba-1024x1024.png 1024w, https:\/\/www.ub.edu\/dynsys\/wp-content\/uploads\/2024\/01\/jorba-768x768.png 768w, https:\/\/www.ub.edu\/dynsys\/wp-content\/uploads\/2024\/01\/jorba.png 1280w\" sizes=\"auto, (max-width: 150px) 100vw, 150px\" \/><\/figure>\n\n\n\n<h6 class=\"wp-block-heading has-text-align-center\" style=\"margin-top:var(--wp--preset--spacing--30);margin-bottom:var(--wp--preset--spacing--30);font-style:normal;font-weight:300\"><a href=\"http:\/\/www.maia.ub.es\/~angel\/\" target=\"_blank\" rel=\"noreferrer noopener\">\u00c0ngel Jorba<\/a> (1963-2025)<\/h6>\n<\/div>\n<\/div>\n\n\n\n<div class=\"wp-block-columns is-layout-flex wp-container-core-columns-is-layout-28f84493 wp-block-columns-is-layout-flex\">\n<div class=\"wp-block-column is-layout-flow wp-block-column-is-layout-flow\">\n<figure class=\"wp-block-image aligncenter size-thumbnail is-style-rounded\"><img loading=\"lazy\" decoding=\"async\" width=\"150\" height=\"150\" src=\"https:\/\/www.ub.edu\/dynsys\/wp-content\/uploads\/2024\/01\/WhatsApp-Image-2023-11-01-at-3.09.39-PM-150x150.jpeg\" alt=\"\" class=\"wp-image-1130\"\/><\/figure>\n\n\n\n<h6 class=\"wp-block-heading has-text-align-center\" style=\"margin-top:var(--wp--preset--spacing--30);margin-bottom:var(--wp--preset--spacing--30);font-style:normal;font-weight:300\"><a href=\"https:\/\/sites.google.com\/view\/leticiapardosimon\/home\">Leticia Pardo-Sim\u00f3n<\/a><\/h6>\n<\/div>\n\n\n\n<div class=\"wp-block-column is-layout-flow wp-block-column-is-layout-flow\">\n<figure class=\"wp-block-image aligncenter size-full is-style-rounded\"><img loading=\"lazy\" decoding=\"async\" width=\"151\" height=\"150\" src=\"https:\/\/www.ub.edu\/dynsys\/wp-content\/uploads\/2024\/01\/TatjerJoanCarles150.png\" alt=\"\" class=\"wp-image-1119\"\/><\/figure>\n\n\n\n<h6 class=\"wp-block-heading has-text-align-center\" style=\"margin-top:var(--wp--preset--spacing--30);margin-bottom:var(--wp--preset--spacing--30);font-style:normal;font-weight:300\"><a href=\"https:\/\/mat.ub.edu\/departament\/professors\/tatjer-montana-joan-carles\/\" target=\"_blank\" rel=\"noreferrer noopener\">Joan Carles Tatjer<\/a><\/h6>\n<\/div>\n\n\n\n<div class=\"wp-block-column is-layout-flow wp-block-column-is-layout-flow\">\n<figure class=\"wp-block-image aligncenter size-thumbnail is-style-rounded\"><img loading=\"lazy\" decoding=\"async\" width=\"150\" height=\"150\" src=\"https:\/\/www.ub.edu\/dynsys\/wp-content\/uploads\/2024\/01\/vieiro-150x150.png\" alt=\"\" class=\"wp-image-1120\" srcset=\"https:\/\/www.ub.edu\/dynsys\/wp-content\/uploads\/2024\/01\/vieiro-150x150.png 150w, https:\/\/www.ub.edu\/dynsys\/wp-content\/uploads\/2024\/01\/vieiro-300x300.png 300w, https:\/\/www.ub.edu\/dynsys\/wp-content\/uploads\/2024\/01\/vieiro-1024x1024.png 1024w, https:\/\/www.ub.edu\/dynsys\/wp-content\/uploads\/2024\/01\/vieiro-768x768.png 768w, https:\/\/www.ub.edu\/dynsys\/wp-content\/uploads\/2024\/01\/vieiro.png 1280w\" sizes=\"auto, (max-width: 150px) 100vw, 150px\" \/><\/figure>\n\n\n\n<h6 class=\"wp-block-heading has-text-align-center\" style=\"margin-top:var(--wp--preset--spacing--30);margin-bottom:var(--wp--preset--spacing--30);font-style:normal;font-weight:300\"><a href=\"http:\/\/www.maia.ub.es\/~vieiro\/\" target=\"_blank\" rel=\"noreferrer noopener\">Arturo Vieiro<\/a><\/h6>\n<\/div>\n<\/div>\n<\/div>\n\n\n\n<hr class=\"wp-block-separator has-text-color has-ast-global-color-1-color has-alpha-channel-opacity has-ast-global-color-1-background-color has-background is-style-default\" style=\"margin-top:var(--wp--preset--spacing--40);margin-bottom:var(--wp--preset--spacing--30)\"\/>\n\n\n\n<div class=\"wp-block-group alignwide is-layout-constrained wp-block-group-is-layout-constrained\">\n<h3 class=\"wp-block-heading alignfull has-text-align-center has-ast-global-color-0-color has-text-color\" style=\"padding-top:0;padding-right:var(--wp--preset--spacing--20);padding-bottom:var(--wp--preset--spacing--30);padding-left:var(--wp--preset--spacing--20);font-style:normal;font-weight:300\">Postdocs and PhD students<\/h3>\n\n\n\n<figure class=\"wp-block-table alignwide is-style-regular\"><table class=\"has-border-color has-ast-global-color-5-border-color\"><thead><tr><th class=\"has-text-align-center\" data-align=\"center\"><strong>Postdocs<\/strong><\/th><th class=\"has-text-align-center\" data-align=\"center\"><strong>Ph.D. students<\/strong><\/th><\/tr><\/thead><tbody><tr><td class=\"has-text-align-center\" data-align=\"center\">\n<a href=\"http:\/\/www.santiagobarbieri.sitew.it\/\">Santiago Barbieri<\/a><\/td><td class=\"has-text-align-center\" data-align=\"center\">\u00c1lvaro Fern\u00e0ndez<br><br>Robert Florido<\/td><\/tr><tr><td class=\"has-text-align-center\" data-align=\"center\">Gustavo R. Ferreira (@CRM)<\/td><td class=\"has-text-align-center\" data-align=\"center\"><a href=\"https:\/\/sites.google.com\/view\/annajove\/home\">Anna Jov\u00e9<\/a><\/td><\/tr><tr><td class=\"has-text-align-center\" data-align=\"center\"><\/td><td class=\"has-text-align-center\" data-align=\"center\">Ainoa Murillo<br><br><\/td><\/tr><\/tbody><\/table><\/figure>\n<\/div>\n","protected":false},"excerpt":{"rendered":"<p>Faculty Kostiantyn Drach N\u00faria Fagella Ernest Fontich Marina Gonchenko Marcel Gu\u00e0rdia Alex Haro Xavier Jarque \u00c0ngel Jorba (1963-2025) Leticia Pardo-Sim\u00f3n Joan Carles Tatjer Arturo Vieiro Postdocs and PhD students Postdocs Ph.D. students Santiago Barbieri \u00c1lvaro Fern\u00e0ndez Robert Florido Gustavo R. Ferreira (@CRM) Anna Jov\u00e9 Ainoa Murillo<\/p>\n","protected":false},"author":1,"featured_media":165,"parent":0,"menu_order":1,"comment_status":"closed","ping_status":"closed","template":"","meta":{"site-sidebar-layout":"default","site-content-layout":"","ast-site-content-layout":"full-width-container","site-content-style":"unboxed","site-sidebar-style":"default","ast-global-header-display":"","ast-banner-title-visibility":"","ast-main-header-display":"","ast-hfb-above-header-display":"","ast-hfb-below-header-display":"","ast-hfb-mobile-header-display":"","site-post-title":"disabled","ast-breadcrumbs-content":"","ast-featured-img":"","footer-sml-layout":"disabled","theme-transparent-header-meta":"","adv-header-id-meta":"","stick-header-meta":"","header-above-stick-meta":"","header-main-stick-meta":"","header-below-stick-meta":"","astra-migrate-meta-layouts":"set","ast-page-background-enabled":"default","ast-page-background-meta":{"desktop":{"background-color":"","background-image":"","background-repeat":"repeat","background-position":"center center","background-size":"auto","background-attachment":"scroll","background-type":"","background-media":"","overlay-type":"","overlay-color":"","overlay-opacity":"","overlay-gradient":""},"tablet":{"background-color":"","background-image":"","background-repeat":"repeat","background-position":"center center","background-size":"auto","background-attachment":"scroll","background-type":"","background-media":"","overlay-type":"","overlay-color":"","overlay-opacity":"","overlay-gradient":""},"mobile":{"background-color":"","background-image":"","background-repeat":"repeat","background-position":"center center","background-size":"auto","background-attachment":"scroll","background-type":"","background-media":"","overlay-type":"","overlay-color":"","overlay-opacity":"","overlay-gradient":""}},"ast-content-background-meta":{"desktop":{"background-color":"var(--ast-global-color-5)","background-image":"","background-repeat":"repeat","background-position":"center center","background-size":"auto","background-attachment":"scroll","background-type":"","background-media":"","overlay-type":"","overlay-color":"","overlay-opacity":"","overlay-gradient":""},"tablet":{"background-color":"var(--ast-global-color-5)","background-image":"","background-repeat":"repeat","background-position":"center center","background-size":"auto","background-attachment":"scroll","background-type":"","background-media":"","overlay-type":"","overlay-color":"","overlay-opacity":"","overlay-gradient":""},"mobile":{"background-color":"var(--ast-global-color-5)","background-image":"","background-repeat":"repeat","background-position":"center center","background-size":"auto","background-attachment":"scroll","background-type":"","background-media":"","overlay-type":"","overlay-color":"","overlay-opacity":"","overlay-gradient":""}},"footnotes":""},"class_list":["post-164","page","type-page","status-publish","has-post-thumbnail","hentry"],"_links":{"self":[{"href":"https:\/\/www.ub.edu\/dynsys\/wp-json\/wp\/v2\/pages\/164","targetHints":{"allow":["GET"]}}],"collection":[{"href":"https:\/\/www.ub.edu\/dynsys\/wp-json\/wp\/v2\/pages"}],"about":[{"href":"https:\/\/www.ub.edu\/dynsys\/wp-json\/wp\/v2\/types\/page"}],"author":[{"embeddable":true,"href":"https:\/\/www.ub.edu\/dynsys\/wp-json\/wp\/v2\/users\/1"}],"replies":[{"embeddable":true,"href":"https:\/\/www.ub.edu\/dynsys\/wp-json\/wp\/v2\/comments?post=164"}],"version-history":[{"count":64,"href":"https:\/\/www.ub.edu\/dynsys\/wp-json\/wp\/v2\/pages\/164\/revisions"}],"predecessor-version":[{"id":3489,"href":"https:\/\/www.ub.edu\/dynsys\/wp-json\/wp\/v2\/pages\/164\/revisions\/3489"}],"wp:featuredmedia":[{"embeddable":true,"href":"https:\/\/www.ub.edu\/dynsys\/wp-json\/wp\/v2\/media\/165"}],"wp:attachment":[{"href":"https:\/\/www.ub.edu\/dynsys\/wp-json\/wp\/v2\/media?parent=164"}],"curies":[{"name":"wp","href":"https:\/\/api.w.org\/{rel}","templated":true}]}}