{"id":170,"date":"2023-07-18T13:28:36","date_gmt":"2023-07-18T13:28:36","guid":{"rendered":"https:\/\/www.ub.edu\/dynsys\/?page_id=170"},"modified":"2024-09-04T19:22:14","modified_gmt":"2024-09-04T18:22:14","slug":"grants","status":"publish","type":"page","link":"https:\/\/www.ub.edu\/dynsys\/grants\/","title":{"rendered":"Grants"},"content":{"rendered":"\n<div class=\"wp-block-group is-layout-constrained wp-container-core-group-is-layout-3e7bfa50 wp-block-group-is-layout-constrained\" style=\"margin-top:0;margin-bottom:0;padding-right:var(--wp--preset--spacing--20);padding-left:var(--wp--preset--spacing--20)\">\n<p style=\"padding-top:0;padding-right:0;padding-bottom:0;padding-left:0\">ERC Grant Number 757802 <br>Instabilities and Homoclinic Phenomena in Hamiltonian Systems (2018 &#8211; 2023)<br>PI. M. Gu\u00e0rdia<br><br>AEI Grant Number  PID2023-147252NB-I00<br>Dominios errantes, rigidez y algoritmos de b\u00fasqueda de ceros en din\u00e1mica holomorfa (2024-2027)<br>PI N. Fagella y Kostya Drach<br><br>AEI Grant Number PID2020-118281GB-C32<br>Estabilidad y caos en iteraci\u00f3n holomorfa (2021-2024)<br>PI N. Fagella<br><br>AEI Grant Number PID2021-125535NB-I00<br>M\u00e9todos anal\u00edticos y computacionales en sistemas din\u00e1micos<br>PI \u00c0ngel Jorba i \u00c0lex Haro<\/p>\n<\/div>\n","protected":false},"excerpt":{"rendered":"<p>ERC Grant Number 757802 Instabilities and Homoclinic Phenomena in Hamiltonian Systems (2018 &#8211; 2023)PI. M. Gu\u00e0rdia AEI Grant Number PID2023-147252NB-I00Dominios errantes, rigidez y algoritmos de b\u00fasqueda de ceros en din\u00e1mica holomorfa (2024-2027)PI N. Fagella y Kostya Drach AEI Grant Number PID2020-118281GB-C32Estabilidad y caos en iteraci\u00f3n holomorfa (2021-2024)PI N. Fagella AEI Grant Number PID2021-125535NB-I00M\u00e9todos anal\u00edticos y [&hellip;]<\/p>\n","protected":false},"author":1,"featured_media":0,"parent":0,"menu_order":3,"comment_status":"closed","ping_status":"closed","template":"","meta":{"site-sidebar-layout":"default","site-content-layout":"","ast-site-content-layout":"normal-width-container","site-content-style":"unboxed","site-sidebar-style":"default","ast-global-header-display":"","ast-banner-title-visibility":"","ast-main-header-display":"","ast-hfb-above-header-display":"","ast-hfb-below-header-display":"","ast-hfb-mobile-header-display":"","site-post-title":"","ast-breadcrumbs-content":"","ast-featured-img":"","footer-sml-layout":"","theme-transparent-header-meta":"","adv-header-id-meta":"","stick-header-meta":"","header-above-stick-meta":"","header-main-stick-meta":"","header-below-stick-meta":"","astra-migrate-meta-layouts":"set","ast-page-background-enabled":"default","ast-page-background-meta":{"desktop":{"background-color":"","background-image":"","background-repeat":"repeat","background-position":"center center","background-size":"auto","background-attachment":"scroll","background-type":"","background-media":"","overlay-type":"","overlay-color":"","overlay-opacity":"","overlay-gradient":""},"tablet":{"background-color":"","background-image":"","background-repeat":"repeat","background-position":"center center","background-size":"auto","background-attachment":"scroll","background-type":"","background-media":"","overlay-type":"","overlay-color":"","overlay-opacity":"","overlay-gradient":""},"mobile":{"background-color":"","background-image":"","background-repeat":"repeat","background-position":"center center","background-size":"auto","background-attachment":"scroll","background-type":"","background-media":"","overlay-type":"","overlay-color":"","overlay-opacity":"","overlay-gradient":""}},"ast-content-background-meta":{"desktop":{"background-color":"var(--ast-global-color-5)","background-image":"","background-repeat":"repeat","background-position":"center center","background-size":"auto","background-attachment":"scroll","background-type":"","background-media":"","overlay-type":"","overlay-color":"","overlay-opacity":"","overlay-gradient":""},"tablet":{"background-color":"var(--ast-global-color-5)","background-image":"","background-repeat":"repeat","background-position":"center center","background-size":"auto","background-attachment":"scroll","background-type":"","background-media":"","overlay-type":"","overlay-color":"","overlay-opacity":"","overlay-gradient":""},"mobile":{"background-color":"var(--ast-global-color-5)","background-image":"","background-repeat":"repeat","background-position":"center center","background-size":"auto","background-attachment":"scroll","background-type":"","background-media":"","overlay-type":"","overlay-color":"","overlay-opacity":"","overlay-gradient":""}},"footnotes":""},"class_list":["post-170","page","type-page","status-publish","hentry"],"_links":{"self":[{"href":"https:\/\/www.ub.edu\/dynsys\/wp-json\/wp\/v2\/pages\/170","targetHints":{"allow":["GET"]}}],"collection":[{"href":"https:\/\/www.ub.edu\/dynsys\/wp-json\/wp\/v2\/pages"}],"about":[{"href":"https:\/\/www.ub.edu\/dynsys\/wp-json\/wp\/v2\/types\/page"}],"author":[{"embeddable":true,"href":"https:\/\/www.ub.edu\/dynsys\/wp-json\/wp\/v2\/users\/1"}],"replies":[{"embeddable":true,"href":"https:\/\/www.ub.edu\/dynsys\/wp-json\/wp\/v2\/comments?post=170"}],"version-history":[{"count":8,"href":"https:\/\/www.ub.edu\/dynsys\/wp-json\/wp\/v2\/pages\/170\/revisions"}],"predecessor-version":[{"id":2573,"href":"https:\/\/www.ub.edu\/dynsys\/wp-json\/wp\/v2\/pages\/170\/revisions\/2573"}],"wp:attachment":[{"href":"https:\/\/www.ub.edu\/dynsys\/wp-json\/wp\/v2\/media?parent=170"}],"curies":[{"name":"wp","href":"https:\/\/api.w.org\/{rel}","templated":true}]}}