{"id":1971,"date":"2024-03-30T12:11:15","date_gmt":"2024-03-30T11:11:15","guid":{"rendered":"https:\/\/www.ub.edu\/dynsys\/?page_id=1971"},"modified":"2026-01-02T10:52:17","modified_gmt":"2026-01-02T09:52:17","slug":"final-degree-master-projects","status":"publish","type":"page","link":"https:\/\/www.ub.edu\/dynsys\/xavier-jarque-i-ribera\/teaching\/final-degree-master-projects\/","title":{"rendered":"FINAL DEGREE\/MASTER PROJECTS"},"content":{"rendered":"\n<div style=\"height:15px\" aria-hidden=\"true\" class=\"wp-block-spacer\"><\/div>\n\n\n\n<div class=\"wp-block-buttons is-horizontal is-content-justification-space-between is-nowrap is-layout-flex wp-container-core-buttons-is-layout-8db758e7 wp-block-buttons-is-layout-flex\">\n<div class=\"wp-block-button has-custom-width wp-block-button__width-25 is-style-fill\"><a class=\"wp-block-button__link wp-element-button\" href=\"https:\/\/www.ub.edu\/dynsys\/xavier-jarque-i-ribera\/\" style=\"border-style:none;border-width:0px;border-radius:0px;padding-top:0;padding-bottom:0\">HOME<\/a><\/div>\n\n\n\n<div class=\"wp-block-button has-custom-width wp-block-button__width-25 is-style-fill\"><a class=\"wp-block-button__link wp-element-button\" href=\"https:\/\/www.ub.edu\/dynsys\/xavier-jarque-i-ribera\/brief-curriculum\/\" style=\"border-style:none;border-width:0px;border-radius:0px;padding-top:0;padding-bottom:0\">TRAJECTORY<\/a><\/div>\n\n\n\n<div class=\"wp-block-button has-custom-width wp-block-button__width-25 is-style-fill\"><a class=\"wp-block-button__link wp-element-button\" href=\"https:\/\/www.ub.edu\/dynsys\/xavier-jarque-i-ribera\/research\/\" style=\"border-style:none;border-width:0px;border-radius:0px;padding-top:0;padding-bottom:0\">RESEARCH<\/a><\/div>\n\n\n\n<div class=\"wp-block-button has-custom-width wp-block-button__width-25 is-style-fill\"><a class=\"wp-block-button__link wp-element-button\" href=\"https:\/\/www.ub.edu\/dynsys\/xavier-jarque-i-ribera\/teaching\/\" style=\"border-style:none;border-width:0px;border-radius:0px;padding-top:0;padding-bottom:0\">tEACHING<\/a><\/div>\n\n\n\n<div class=\"wp-block-button has-custom-width wp-block-button__width-25 is-style-fill\"><a class=\"wp-block-button__link wp-element-button\" href=\"https:\/\/www.ub.edu\/dynsys\/xavier-jarque-i-ribera\/catalonia\/\" style=\"border-style:none;border-width:0px;border-radius:0px;padding-top:0;padding-right:var(--wp--preset--spacing--40);padding-bottom:0;padding-left:var(--wp--preset--spacing--40)\">CATALONIA<\/a><\/div>\n<\/div>\n\n\n\n<div style=\"height:15px\" aria-hidden=\"true\" class=\"wp-block-spacer\"><\/div>\n\n\n\n<h2 class=\"wp-block-heading has-text-align-center has-ast-global-color-6-color has-text-color has-link-color wp-elements-812e623e45b5fcfa436d35068abf6d0f\" style=\"font-style:normal;font-weight:300\">TREBALLS FINALS DE GRAU &#8211; FINAL DEGREE PROJECTS<\/h2>\n\n\n\n<div class=\"wp-block-cover alignfull\" style=\"margin-top:0px;margin-bottom:0px;padding-top:0px;padding-right:0px;padding-bottom:0px;padding-left:0px;min-height:197px;aspect-ratio:unset;\"><img loading=\"lazy\" decoding=\"async\" width=\"3000\" height=\"3000\" class=\"wp-block-cover__image-background wp-image-2148\" alt=\"\" src=\"https:\/\/www.ub.edu\/dynsys\/wp-content\/uploads\/2024\/04\/traub-1.png\" style=\"object-position:22% 52%\" data-object-fit=\"cover\" data-object-position=\"22% 52%\" srcset=\"https:\/\/www.ub.edu\/dynsys\/wp-content\/uploads\/2024\/04\/traub-1.png 3000w, https:\/\/www.ub.edu\/dynsys\/wp-content\/uploads\/2024\/04\/traub-1-300x300.png 300w, https:\/\/www.ub.edu\/dynsys\/wp-content\/uploads\/2024\/04\/traub-1-1024x1024.png 1024w, https:\/\/www.ub.edu\/dynsys\/wp-content\/uploads\/2024\/04\/traub-1-150x150.png 150w, https:\/\/www.ub.edu\/dynsys\/wp-content\/uploads\/2024\/04\/traub-1-768x768.png 768w, https:\/\/www.ub.edu\/dynsys\/wp-content\/uploads\/2024\/04\/traub-1-1536x1536.png 1536w, https:\/\/www.ub.edu\/dynsys\/wp-content\/uploads\/2024\/04\/traub-1-2048x2048.png 2048w\" sizes=\"auto, (max-width: 3000px) 100vw, 3000px\" \/><span aria-hidden=\"true\" class=\"wp-block-cover__background has-background-dim-0 has-background-dim\" style=\"background-color:#744ca2\"><\/span><div class=\"wp-block-cover__inner-container is-layout-constrained wp-container-core-cover-is-layout-f54c662a wp-block-cover-is-layout-constrained\">\n<p class=\"has-text-align-center has-large-font-size\"><\/p>\n<\/div><\/div>\n\n\n\n<div style=\"height:12px\" aria-hidden=\"true\" class=\"wp-block-spacer\"><\/div>\n\n\n\n<div class=\"wp-block-group has-ast-global-color-6-color has-text-color has-link-color wp-elements-b95fc924b0d9a2d286967a07d0cde99e is-layout-constrained wp-container-core-group-is-layout-e0082cf6 wp-block-group-is-layout-constrained\">\n<div class=\"wp-block-group is-layout-constrained wp-container-core-group-is-layout-346627ba wp-block-group-is-layout-constrained\">\n<div style=\"height:16px\" aria-hidden=\"true\" class=\"wp-block-spacer\"><\/div>\n\n\n\n<ol class=\"wp-block-list\">\n<li>Jieyao Song, <em>On the local and global phase portrait of the 1-dimensional complex equation $z{\\dot}= f (z)$<\/em>  (2014)<\/li>\n\n\n\n<li>Anna Isabel Bellido Rivas,  <em>Avatar animations using green coordinates <\/em> (2014)<\/li>\n\n\n\n<li>Juan Francisco Campo P\u00e9rez, <em>Single-object Auction Theory<\/em>  (2014)<\/li>\n\n\n\n<li>Javier Olea Mart\u00ednez,  <em>Root finding methods: a dynamical approach<\/em> (2015)<\/li>\n\n\n\n<li>Raquel Colomer Armenteros, <em>Exploring the error threshold through a Poincar\u00e9 compactification<\/em> (2017)<\/li>\n\n\n\n<li>Carla Alc\u00e1ntara Rom\u00e1n, <em>Diferenciaci\u00f3 de producte via compet\u00e8ncia espacial: el<\/em> model de Hotelling (2018)<\/li>\n\n\n\n<li>Robert Salla Gras, <em>Dimensi\u00f3 de Hausdorff i sistemes din\u00e0mics<\/em> (2018)<\/li>\n\n\n\n<li>Patricia Roca i Fonollosa, <em>Les aportacions de John F. Nash a l&#8217;economia: equilibri i negociaci\u00f3<\/em>  (2019)<\/li>\n\n\n\n<li>Claudia Ortega Bertran, <em>Model de Hotelling<\/em> (2019)<\/li>\n\n\n\n<li>Berta Serra Aguilera, <em>Subhastes i disseny de mecanismes<\/em> (2019)<\/li>\n\n\n\n<li>Laura Camacho Mart\u0131\u0301n, <em>Arbres de cost m\u0131\u0301nim i jocs cooperatius<\/em> (2020)<\/li>\n\n\n\n<li>Pol Paniagua Seriols, <em>Condicions suficients per equilibri de Nash i models de diferenciaci\u00f3 espacial<\/em> (2020)<\/li>\n\n\n\n<li>Ester Iglesias Mas\u00f3, <em>Spatial competition models<\/em>  (2020)<\/li>\n\n\n\n<li>Maria Ant\u00f2nia Sastre Galm\u00e9s, <em>A vision of Two-Sided Matching Markets<\/em> (2021)<\/li>\n\n\n\n<li>Jos\u00e9 Antonio P\u00e9rez Ch\u00e1vez, <em>Modelos de competencia en localizaci\u00f3n<\/em>  (2021)<\/li>\n\n\n\n<li>Marta Abad\u0131\u0301as Morales, <em>Principi d\u2019equival\u00e8ncia d\u2019ingressos en subhastes de valoraci\u00f3 privada <\/em>(2021) <\/li>\n\n\n\n<li>Francisa Gay\u00e0 Torres, <em>Rubinstein&#8217;s bargaining model<\/em> (2021)<\/li>\n\n\n\n<li> Pablo Torr\u00fas L\u00f3pez, <em>Evolutionary games<\/em> (2021) <\/li>\n\n\n\n<li>Victor Fern\u00e1ndez Acacio, <em>Subhastes de m\u00faltiples objectes. Una aplicaci\u00f3 al mercat el\u00e8ctric espanyol<\/em>  (2021)<\/li>\n\n\n\n<li>Judit F\u0131\u0301guls Sangr\u00e0, <em>El conjunt d&#8217;escapament en din\u00e0mica holomorfa <\/em> (2022)<\/li>\n\n\n\n<li>Ruben Musoles Roca, <em>Din\u00e1mica de la familia exponencial compleja<\/em> (2022)<\/li>\n\n\n\n<li>David Rosado Rodr\u00edguez, <em>El m\u00e8tode de Newton com a sistema din\u00e0mic<\/em> (2022)<\/li>\n\n\n\n<li>Gemma Gil Saura, <em>Comparativa del valor de Shapley amb altres solucions igualit\u00e0ries en els jocs cooperatius. El paper dels jugadors \u201cin\u00fatils<\/em> (2023)<\/li>\n\n\n\n<li>Sergio Hern\u00e1ndez Ant\u00f3n, <em>Estudi de camps vectorials polinomials mitjan\u00e7ant la compactificaci\u00f3 de Poincar\u00e9<\/em> (2023)<\/li>\n\n\n\n<li>Marina Ginel Mar\u00edn, <em>The war of attrition<\/em> (2023)<\/li>\n\n\n\n<li>Roger Rams Domenech, <em>Exist\u00e8ncia i unicitat de solucions d&#8217;equacions diferencials ordinaries i amb retard<\/em> (2024)<\/li>\n\n\n\n<li>Bernat Salat Tramuns, <em>Costly voting models<\/em> (2024)<\/li>\n\n\n\n<li>Hui Hui Zhang Guo, <em>El m\u00e9todo de Newton como sistema din\u00e1mico discreto y continuo<\/em> (2025)<\/li>\n<\/ol>\n<\/div>\n<\/div>\n\n\n\n<div style=\"height:18px\" aria-hidden=\"true\" class=\"wp-block-spacer\"><\/div>\n\n\n\n<h2 class=\"wp-block-heading has-text-align-center has-ast-global-color-6-color has-text-color has-link-color wp-elements-2b5932b5a61d44565dab3a2f4d2e98cf\" style=\"font-style:normal;font-weight:300\">TREBALLS DE FINAL DE MASTER &#8211; FINAL MASTER PROJECTS<\/h2>\n\n\n\n<div style=\"height:10px\" aria-hidden=\"true\" class=\"wp-block-spacer\"><\/div>\n\n\n\n<div class=\"wp-block-cover alignfull\" style=\"margin-top:0px;margin-bottom:0px;padding-top:0px;padding-right:0px;padding-bottom:0px;padding-left:0px;min-height:199px;aspect-ratio:unset;\"><img loading=\"lazy\" decoding=\"async\" width=\"2000\" height=\"2000\" class=\"wp-block-cover__image-background wp-image-2149\" alt=\"\" src=\"https:\/\/www.ub.edu\/dynsys\/wp-content\/uploads\/2024\/04\/traub_2.png\" data-object-fit=\"cover\" srcset=\"https:\/\/www.ub.edu\/dynsys\/wp-content\/uploads\/2024\/04\/traub_2.png 2000w, https:\/\/www.ub.edu\/dynsys\/wp-content\/uploads\/2024\/04\/traub_2-300x300.png 300w, https:\/\/www.ub.edu\/dynsys\/wp-content\/uploads\/2024\/04\/traub_2-1024x1024.png 1024w, https:\/\/www.ub.edu\/dynsys\/wp-content\/uploads\/2024\/04\/traub_2-150x150.png 150w, https:\/\/www.ub.edu\/dynsys\/wp-content\/uploads\/2024\/04\/traub_2-768x768.png 768w, https:\/\/www.ub.edu\/dynsys\/wp-content\/uploads\/2024\/04\/traub_2-1536x1536.png 1536w\" sizes=\"auto, (max-width: 2000px) 100vw, 2000px\" \/><span aria-hidden=\"true\" class=\"wp-block-cover__background has-background-dim-0 has-background-dim\" style=\"background-color:#97439c\"><\/span><div class=\"wp-block-cover__inner-container is-layout-constrained wp-container-core-cover-is-layout-f54c662a wp-block-cover-is-layout-constrained\">\n<p class=\"has-text-align-center has-large-font-size\"><\/p>\n<\/div><\/div>\n\n\n\n<div style=\"height:10px\" aria-hidden=\"true\" class=\"wp-block-spacer\"><\/div>\n\n\n\n<div class=\"wp-block-group is-layout-constrained wp-container-core-group-is-layout-e0082cf6 wp-block-group-is-layout-constrained\">\n<div class=\"wp-block-group is-layout-constrained wp-container-core-group-is-layout-92b9201d wp-block-group-is-layout-constrained\">\n<div style=\"height:23px\" aria-hidden=\"true\" class=\"wp-block-spacer\"><\/div>\n\n\n\n<ol class=\"wp-block-list has-ast-global-color-6-color has-text-color has-link-color wp-elements-478d50bef8c29a12e9c5a826e46d537d\">\n<li>Ana Male\u0161evi\u0107 Bubenik, <em>Wandering domains and entire maps of bounded type<\/em> (2016)<\/li>\n\n\n\n<li>Dan A. Paraschiv, <em>A rational family of singular perturbations. The trichotomy theorem<\/em>  (2017)<\/li>\n\n\n\n<li>Bernat Espigul\u00e9 Pons, <em>Complex trees and their families of connected self-similar sets<\/em>  (2018)<\/li>\n\n\n\n<li>\u00c0lex Rodriguez Reverter, <em>Quasiconformal surgery in transcendental dynamics<\/em> (2019)<\/li>\n\n\n\n<li>David Rosado Rodriguez, <em>On the basins of attraction of roof finding algorithms<\/em> (2024)<\/li>\n\n\n\n<li>Sara X.R. Guaitoli, <em>Evolutionary game theory applied to a WT-DI-sat tripartite system<\/em> (at UPC, 2025)<\/li>\n<\/ol>\n<\/div>\n<\/div>\n","protected":false},"excerpt":{"rendered":"<p>TREBALLS FINALS DE GRAU &#8211; FINAL DEGREE PROJECTS TREBALLS DE FINAL DE MASTER &#8211; FINAL MASTER PROJECTS<\/p>\n","protected":false},"author":4,"featured_media":0,"parent":1379,"menu_order":0,"comment_status":"closed","ping_status":"closed","template":"","meta":{"site-sidebar-layout":"default","site-content-layout":"","ast-site-content-layout":"default","site-content-style":"default","site-sidebar-style":"default","ast-global-header-display":"disabled","ast-banner-title-visibility":"disabled","ast-main-header-display":"","ast-hfb-above-header-display":"","ast-hfb-below-header-display":"","ast-hfb-mobile-header-display":"","site-post-title":"disabled","ast-breadcrumbs-content":"","ast-featured-img":"","footer-sml-layout":"disabled","theme-transparent-header-meta":"","adv-header-id-meta":"","stick-header-meta":"","header-above-stick-meta":"","header-main-stick-meta":"","header-below-stick-meta":"","astra-migrate-meta-layouts":"set","ast-page-background-enabled":"default","ast-page-background-meta":{"desktop":{"background-color":"","background-image":"","background-repeat":"repeat","background-position":"center center","background-size":"auto","background-attachment":"scroll","background-type":"","background-media":"","overlay-type":"","overlay-color":"","overlay-opacity":"","overlay-gradient":""},"tablet":{"background-color":"","background-image":"","background-repeat":"repeat","background-position":"center center","background-size":"auto","background-attachment":"scroll","background-type":"","background-media":"","overlay-type":"","overlay-color":"","overlay-opacity":"","overlay-gradient":""},"mobile":{"background-color":"","background-image":"","background-repeat":"repeat","background-position":"center center","background-size":"auto","background-attachment":"scroll","background-type":"","background-media":"","overlay-type":"","overlay-color":"","overlay-opacity":"","overlay-gradient":""}},"ast-content-background-meta":{"desktop":{"background-color":"var(--ast-global-color-5)","background-image":"","background-repeat":"repeat","background-position":"center center","background-size":"auto","background-attachment":"scroll","background-type":"","background-media":"","overlay-type":"","overlay-color":"","overlay-opacity":"","overlay-gradient":""},"tablet":{"background-color":"var(--ast-global-color-5)","background-image":"","background-repeat":"repeat","background-position":"center center","background-size":"auto","background-attachment":"scroll","background-type":"","background-media":"","overlay-type":"","overlay-color":"","overlay-opacity":"","overlay-gradient":""},"mobile":{"background-color":"var(--ast-global-color-5)","background-image":"","background-repeat":"repeat","background-position":"center center","background-size":"auto","background-attachment":"scroll","background-type":"","background-media":"","overlay-type":"","overlay-color":"","overlay-opacity":"","overlay-gradient":""}},"footnotes":""},"class_list":["post-1971","page","type-page","status-publish","hentry"],"_links":{"self":[{"href":"https:\/\/www.ub.edu\/dynsys\/wp-json\/wp\/v2\/pages\/1971","targetHints":{"allow":["GET"]}}],"collection":[{"href":"https:\/\/www.ub.edu\/dynsys\/wp-json\/wp\/v2\/pages"}],"about":[{"href":"https:\/\/www.ub.edu\/dynsys\/wp-json\/wp\/v2\/types\/page"}],"author":[{"embeddable":true,"href":"https:\/\/www.ub.edu\/dynsys\/wp-json\/wp\/v2\/users\/4"}],"replies":[{"embeddable":true,"href":"https:\/\/www.ub.edu\/dynsys\/wp-json\/wp\/v2\/comments?post=1971"}],"version-history":[{"count":27,"href":"https:\/\/www.ub.edu\/dynsys\/wp-json\/wp\/v2\/pages\/1971\/revisions"}],"predecessor-version":[{"id":3554,"href":"https:\/\/www.ub.edu\/dynsys\/wp-json\/wp\/v2\/pages\/1971\/revisions\/3554"}],"up":[{"embeddable":true,"href":"https:\/\/www.ub.edu\/dynsys\/wp-json\/wp\/v2\/pages\/1379"}],"wp:attachment":[{"href":"https:\/\/www.ub.edu\/dynsys\/wp-json\/wp\/v2\/media?parent=1971"}],"curies":[{"name":"wp","href":"https:\/\/api.w.org\/{rel}","templated":true}]}}