{"id":2610,"date":"2024-09-30T11:47:44","date_gmt":"2024-09-30T10:47:44","guid":{"rendered":"https:\/\/www.ub.edu\/dynsys\/?page_id=2610"},"modified":"2025-06-03T05:39:39","modified_gmt":"2025-06-03T04:39:39","slug":"participants","status":"publish","type":"page","link":"https:\/\/www.ub.edu\/dynsys\/tcd2025\/participants\/","title":{"rendered":"Participants"},"content":{"rendered":"\n<div class=\"wp-block-group alignfull is-layout-flow wp-container-core-group-is-layout-0582921e wp-block-group-is-layout-flow\" style=\"margin-top:0px;margin-bottom:0px;padding-top:0px;padding-right:0px;padding-bottom:0px;padding-left:0px\">\n<div class=\"wp-block-cover alignfull is-light has-custom-content-position is-position-bottom-center\" style=\"border-style:none;border-width:0px;border-radius:0px;padding-top:10px;padding-right:0px;padding-bottom:10px;padding-left:0px;box-shadow:none;min-height:260px;aspect-ratio:unset;\"><img loading=\"lazy\" decoding=\"async\" width=\"2560\" height=\"1461\" class=\"wp-block-cover__image-background wp-image-2595\" alt=\"\" src=\"https:\/\/www.ub.edu\/dynsys\/wp-content\/uploads\/2024\/09\/TCD-scaled.jpg\" style=\"object-position:90% 27%\" data-object-fit=\"cover\" data-object-position=\"90% 27%\" srcset=\"https:\/\/www.ub.edu\/dynsys\/wp-content\/uploads\/2024\/09\/TCD-scaled.jpg 2560w, https:\/\/www.ub.edu\/dynsys\/wp-content\/uploads\/2024\/09\/TCD-300x171.jpg 300w, https:\/\/www.ub.edu\/dynsys\/wp-content\/uploads\/2024\/09\/TCD-1024x585.jpg 1024w, https:\/\/www.ub.edu\/dynsys\/wp-content\/uploads\/2024\/09\/TCD-768x438.jpg 768w, https:\/\/www.ub.edu\/dynsys\/wp-content\/uploads\/2024\/09\/TCD-1536x877.jpg 1536w, https:\/\/www.ub.edu\/dynsys\/wp-content\/uploads\/2024\/09\/TCD-2048x1169.jpg 2048w\" sizes=\"auto, (max-width: 2560px) 100vw, 2560px\" \/><span aria-hidden=\"true\" class=\"wp-block-cover__background has-background-dim-20 has-background-dim\" style=\"background-color:#80969b\"><\/span><div class=\"wp-block-cover__inner-container is-layout-flow wp-block-cover-is-layout-flow\">\n<div class=\"wp-block-group alignwide is-layout-constrained wp-container-core-group-is-layout-583fdd25 wp-block-group-is-layout-constrained\" style=\"margin-top:20px;padding-right:13%;padding-bottom:2%;padding-left:13%;line-height:5\">\n<p class=\"has-text-align-center has-ast-global-color-7-color has-text-color has-background has-link-color wp-elements-b49038a0d18c74f2bddbdfe03b6cca6a\" style=\"background-color:#ba164596;margin-top:0px;margin-right:0px;margin-bottom:0em;margin-left:0px;padding-top:0px;padding-right:0px;padding-bottom:0px;padding-left:0px;font-size:2.3em;font-style:normal;font-weight:200;letter-spacing:0.11em;line-height:1.6;text-transform:uppercase\">Topics in Complex Dynamics 2025:<\/p>\n\n\n\n<p class=\"has-text-align-center has-background\" style=\"background-color:#ba164596;margin-top:0px;margin-right:0px;margin-bottom:1.3em;margin-left:0px;padding-top:0px;padding-right:0px;padding-bottom:14px;padding-left:0px;font-size:1.4em;font-style:normal;font-weight:100;letter-spacing:0.15em;line-height:1.5;text-transform:uppercase\">connections to geometry and analysis<\/p>\n\n\n\n<hr class=\"wp-block-separator has-alpha-channel-opacity is-style-default\" style=\"margin-top:0px;margin-bottom:0px\"\/>\n\n\n\n<p class=\"has-text-align-center has-ast-global-color-7-color has-text-color has-link-color has-medium-font-size wp-elements-a3eb67ccd3c5d4ee7ac8eaee22793ec1\" style=\"margin-top:0px;margin-right:0%;margin-bottom:15px;margin-left:0%;padding-top:0.8em;padding-right:0px;padding-bottom:0px;padding-left:0px;font-style:normal;font-weight:100;letter-spacing:0.3em;line-height:1.8;text-transform:uppercase\">Barcelona  \u2022  June 2\u20146<\/p>\n<\/div>\n<\/div><\/div>\n\n\n\n<div class=\"wp-block-buttons alignfull is-content-justification-center is-layout-flex wp-container-core-buttons-is-layout-3537fa38 wp-block-buttons-is-layout-flex\" style=\"margin-top:20px;margin-bottom:15px\">\n<div class=\"wp-block-button\"><a class=\"wp-block-button__link wp-element-button\" href=\"https:\/\/www.ub.edu\/dynsys\/tcd2025\/\" style=\"border-width:2px;border-radius:5px;padding-top:10px;padding-right:20px;padding-bottom:10px;padding-left:20px\">Welcome<\/a><\/div>\n\n\n\n<div class=\"wp-block-button\"><a class=\"wp-block-button__link has-text-align-center wp-element-button\" href=\"https:\/\/www.ub.edu\/dynsys\/tcd2025\/committees\/\" style=\"border-width:2px;border-radius:5px;padding-top:10px;padding-right:20px;padding-bottom:10px;padding-left:20px\">Committees<\/a><\/div>\n\n\n\n<div class=\"wp-block-button\"><a class=\"wp-block-button__link wp-element-button\" href=\"https:\/\/www.ub.edu\/dynsys\/tcd2025\/participants\/\" style=\"border-width:2px;border-radius:5px;padding-top:10px;padding-right:20px;padding-bottom:10px;padding-left:20px\">Participants<\/a><\/div>\n\n\n\n<div class=\"wp-block-button\"><a class=\"wp-block-button__link wp-element-button\" href=\"https:\/\/www.ub.edu\/dynsys\/tcd2025\/schedule\/\" style=\"border-width:2px;border-radius:5px;padding-top:10px;padding-right:20px;padding-bottom:10px;padding-left:20px\">Schedule<\/a><\/div>\n\n\n\n<div class=\"wp-block-button\"><a class=\"wp-block-button__link wp-element-button\" href=\"https:\/\/www.ub.edu\/dynsys\/tcd2025\/poster\/\" style=\"border-width:2px;border-radius:5px;padding-top:10px;padding-right:20px;padding-bottom:10px;padding-left:20px\">Poster<\/a><\/div>\n\n\n\n<div class=\"wp-block-button\"><a class=\"wp-block-button__link wp-element-button\" href=\"https:\/\/www.ub.edu\/dynsys\/tcd2025\/registration-and-funding\/\" style=\"border-width:2px;border-radius:5px;padding-top:10px;padding-right:20px;padding-bottom:10px;padding-left:20px\">Registration<\/a><\/div>\n\n\n\n<div class=\"wp-block-button is-style-fill\"><a class=\"wp-block-button__link wp-element-button\" href=\"https:\/\/www.ub.edu\/dynsys\/tcd2025\/location-and-contacts\/\" style=\"border-width:2px;border-radius:5px;padding-top:10px;padding-right:20px;padding-bottom:10px;padding-left:20px\">Location\/Accommodation<\/a><\/div>\n\n\n\n<div class=\"wp-block-button is-style-fill\"><a class=\"wp-block-button__link wp-element-button\" href=\"https:\/\/www.ub.edu\/dynsys\/tcd2025\/local-restaurants\/\" style=\"border-width:2px;border-radius:5px;padding-top:10px;padding-right:20px;padding-bottom:10px;padding-left:20px\">Restaurants<\/a><\/div>\n\n\n\n<div class=\"wp-block-button is-style-fill\"><a class=\"wp-block-button__link wp-element-button\" href=\"https:\/\/www.ub.edu\/dynsys\/tcd2025\/gallery\/\" style=\"border-width:2px;border-radius:5px;padding-top:10px;padding-right:20px;padding-bottom:10px;padding-left:20px\">Gallery<\/a><\/div>\n<\/div>\n<\/div>\n\n\n\n<hr class=\"wp-block-separator has-text-color has-alpha-channel-opacity has-background is-style-default\" style=\"margin-top:2em;margin-bottom:2em;background-color:#ba164563;color:#ba164563\"\/>\n\n\n\n<p class=\"has-text-align-center\" style=\"margin-top:6px;margin-right:10px;margin-bottom:10px;margin-left:10px;padding-top:0px;padding-right:10px;padding-bottom:0px;padding-left:10px\">The list of registered participants as of May 21, 2025:<\/p>\n\n\n\n<figure class=\"wp-block-table is-style-stripes\" style=\"margin-right:0px;margin-left:0px;padding-right:10px;padding-left:10px\"><table class=\"has-border-color has-ast-global-color-7-border-color\" style=\"border-width:2px\"><thead><tr><th class=\"has-text-align-center\" data-align=\"center\"><\/th><th>Full name<\/th><th>Affiliation<\/th><\/tr><\/thead><tbody><tr><td class=\"has-text-align-center\" data-align=\"center\">1<\/td><td>Adri\u00e1n Alonso Mayor Chumpiatz<\/td><td>Universitat Aut\u00f2noma de Barcelona (Spain)<\/td><\/tr><tr><td class=\"has-text-align-center\" data-align=\"center\">2<\/td><td>Adrien Kachkachi<\/td><td>Universit\u00e9 de Toulouse (France)<\/td><\/tr><tr><td class=\"has-text-align-center\" data-align=\"center\">3<\/td><td>Alex Kapiamba<\/td><td>Harvard University (USA)<\/td><\/tr><tr><td class=\"has-text-align-center\" data-align=\"center\">4<\/td><td>Anna Jov\u00e9<\/td><td>Universitat de Barcelona (Spain)<\/td><\/tr><tr><td class=\"has-text-align-center\" data-align=\"center\">5<\/td><td>Anna Miriam Benini<\/td><td>University of Parma (Italy)<\/td><\/tr><tr><td class=\"has-text-align-center\" data-align=\"center\">6<\/td><td>Andrew Brown<\/td><td>Lincoln College, University of Oxford (UK)<\/td><\/tr><tr><td class=\"has-text-align-center\" data-align=\"center\">7<\/td><td>Antonio Garijo Real<\/td><td>Universitat Rovira i Virgili (Spain)<\/td><\/tr><tr><td class=\"has-text-align-center\" data-align=\"center\">8<\/td><td>Anubrato Bhattacharyya<\/td><td>Presidency University (India)<\/td><\/tr><tr><td class=\"has-text-align-center\" data-align=\"center\">9<\/td><td>Ayesha Bennett<\/td><td>University of Cambridge (UK)<\/td><\/tr><tr><td class=\"has-text-align-center\" data-align=\"center\">10<\/td><td>Becca Winarski<\/td><td>College of the Holy Cross (USA)<\/td><\/tr><tr><td class=\"has-text-align-center\" data-align=\"center\">11<\/td><td>Benjamin Handsaker-Whetton<\/td><td>The Open University (UK)<\/td><\/tr><tr><td class=\"has-text-align-center\" data-align=\"center\">12<\/td><td>Beno U\u010dakar<\/td><td>University of Ljubljana (Slovenia)<\/td><\/tr><tr><td class=\"has-text-align-center\" data-align=\"center\">13<\/td><td>Bernat Espigule<\/td><td>Universitat de Girona (Spain)<\/td><\/tr><tr><td class=\"has-text-align-center\" data-align=\"center\">14<\/td><td>Brady Young<\/td><td>University of Rhode Island (USA)<\/td><\/tr><tr><td class=\"has-text-align-center\" data-align=\"center\">15<\/td><td>Caroline Davis<\/td><td>Indiana University (USA)<\/td><\/tr><tr><td class=\"has-text-align-center\" data-align=\"center\">16<\/td><td>Dan Paraschiv<\/td><td>IMFM Ljubljana (Slovenia)<\/td><\/tr><tr><td class=\"has-text-align-center\" data-align=\"center\">17<\/td><td>Darragh Glynn<\/td><td>University of Warwick (UK)<\/td><\/tr><tr><td class=\"has-text-align-center\" data-align=\"center\">18<\/td><td>Dierk Schleicher<\/td><td>Aix\u2013Marseille Universit\u00e9 (France)<\/td><\/tr><tr><td class=\"has-text-align-center\" data-align=\"center\">19<\/td><td>Eduardo Ventilari Sodr\u00e9<\/td><td>Brown University (USA)<\/td><\/tr><tr><td class=\"has-text-align-center\" data-align=\"center\">20<\/td><td>Eleni Betsakou<\/td><td>The Open University (UK)<\/td><\/tr><tr><td class=\"has-text-align-center\" data-align=\"center\">21<\/td><td>Evangelos Kotzafilios<\/td><td>Imperial College London (UK)<\/td><\/tr><tr><td class=\"has-text-align-center\" data-align=\"center\">22<\/td><td>Fei Yang<\/td><td>Nanjing University (China)<\/td><\/tr><tr><td class=\"has-text-align-center\" data-align=\"center\">23<\/td><td>Fotis Ioannidis<\/td><td>University of Tennessee, Knoxville (USA)<\/td><\/tr><tr><td class=\"has-text-align-center\" data-align=\"center\">24<\/td><td>Francesc Timoner Vaquer<\/td><td>Universitat de Barcelona (Spain)<\/td><\/tr><tr><td class=\"has-text-align-center\" data-align=\"center\">25<\/td><td>Gaurav Kumar<\/td><td>Indian Institute of Technology Guwahati (India)<\/td><\/tr><tr><td class=\"has-text-align-center\" data-align=\"center\">26<\/td><td>Gebreslassie A. Weldegebrial<\/td><td>Addis Ababa University (Ethiopia)<\/td><\/tr><tr><td class=\"has-text-align-center\" data-align=\"center\">27<\/td><td>Gustavo Rodrigues Ferreira<\/td><td>Centre de Recerca Matem\u00e0tica (Spain)<\/td><\/tr><tr><td class=\"has-text-align-center\" data-align=\"center\">28<\/td><td>Isabella Lewis<\/td><td>The Open University (UK)<\/td><\/tr><tr><td class=\"has-text-align-center\" data-align=\"center\">29<\/td><td>Jacob Kewarth<\/td><td>University of Toronto (Canada)<\/td><\/tr><tr><td class=\"has-text-align-center\" data-align=\"center\">30<\/td><td>Jiaxing Huang<\/td><td>Shenzhen University (China) <\/td><\/tr><tr><td class=\"has-text-align-center\" data-align=\"center\">31<\/td><td>Jie Cao<\/td><td>Shenzhen University (China) <\/td><\/tr><tr><td class=\"has-text-align-center\" data-align=\"center\">32<\/td><td>Jordi Canela&nbsp;<\/td><td>Universitat Jaume I&nbsp; (Spain)<\/td><\/tr><tr><td class=\"has-text-align-center\" data-align=\"center\">33<\/td><td>Jossy Russell<\/td><td>Imperial College London (UK)<\/td><\/tr><tr><td class=\"has-text-align-center\" data-align=\"center\">34<\/td><td>Konstantin Bogdanov<\/td><td>Saarland University (Germany)<\/td><\/tr><tr><td class=\"has-text-align-center\" data-align=\"center\">35<\/td><td>Kostiantyn Drach<\/td><td>Universitat de Barcelona &#8211; CRM (Spain)<\/td><\/tr><tr><td class=\"has-text-align-center\" data-align=\"center\">36<\/td><td>Lasse Rempe<\/td><td>University of Manchester (UK)<\/td><\/tr><tr><td class=\"has-text-align-center\" data-align=\"center\">37<\/td><td>Leith Moosa<\/td><td>Lund University&nbsp;(Sweden)<\/td><\/tr><tr><td class=\"has-text-align-center\" data-align=\"center\">38<\/td><td>Leon Staresinic<\/td><td>Imperial College London (UK)<\/td><\/tr><tr><td class=\"has-text-align-center\" data-align=\"center\">39<\/td><td>Leticia Pardo Sim\u00f3n<\/td><td>Universitat de Barcelona &#8211; CRM (Spain)<\/td><\/tr><tr><td class=\"has-text-align-center\" data-align=\"center\">40<\/td><td>Luna Lomonaco<\/td><td>Instituto de Matem\u00e1tica Pura e Aplicada (Brazil)<\/td><\/tr><tr><td class=\"has-text-align-center\" data-align=\"center\">41<\/td><td>Luxian Yang<\/td><td>Shenzhen University (China)<\/td><\/tr><tr><td class=\"has-text-align-center\" data-align=\"center\">42<\/td><td>Malavika Mukundan<\/td><td>Boston University (USA)<\/td><\/tr><tr><td class=\"has-text-align-center\" data-align=\"center\">43<\/td><td>Marco Vergamini<\/td><td>Scuola Normale Superiore of Pisa (Italy)<\/td><\/tr><tr><td class=\"has-text-align-center\" data-align=\"center\">44<\/td><td>Mats Bylund<\/td><td>Universit\u00e9 Paris-Saclay (France)<\/td><\/tr><tr><td class=\"has-text-align-center\" data-align=\"center\">45<\/td><td>Maximilian Baumeister&nbsp;<\/td><td>Universitat de Barcelona&nbsp;(Spain)<\/td><\/tr><tr><td class=\"has-text-align-center\" data-align=\"center\">46<\/td><td>Mi Hu<\/td><td>University of Oslo (Norway)<\/td><\/tr><tr><td class=\"has-text-align-center\" data-align=\"center\">47<\/td><td>Miguel Ratis Laude<\/td><td>Universidade de S\u00e3o Paulo (Brazil)<\/td><\/tr><tr><td class=\"has-text-align-center\" data-align=\"center\">48<\/td><td>Mitsuhiro Shishikura<\/td><td>Kyoto University (Japan)<\/td><\/tr><tr><td class=\"has-text-align-center\" data-align=\"center\">49<\/td><td>Nicolas Kainz<\/td><td>Ulm University (Germany)<\/td><\/tr><tr><td class=\"has-text-align-center\" data-align=\"center\">50<\/td><td>Nikolai Prochorov<\/td><td>Universit\u00e9 d&#8217;Aix-Marseille (France)<\/td><\/tr><tr><td class=\"has-text-align-center\" data-align=\"center\">51<\/td><td>N\u00faria Fagella<\/td><td>Universitat de Barcelona (Spain)<\/td><\/tr><tr><td class=\"has-text-align-center\" data-align=\"center\">52<\/td><td>Oscar Scherz<\/td><td>Humboldt-Universit\u00e4t zu Berlin (Germany)<\/td><\/tr><tr><td class=\"has-text-align-center\" data-align=\"center\">53<\/td><td>Paul Siewert<\/td><td>University of Cambridge (UK)<\/td><\/tr><tr><td class=\"has-text-align-center\" data-align=\"center\">54<\/td><td>Pawel Sidorczuk<\/td><td>Warsaw University of Technology (Poland)<\/td><\/tr><tr><td class=\"has-text-align-center\" data-align=\"center\">55<\/td><td>Pedro Iv\u00e1n Su\u00e1rez Navarro<\/td><td>Instituto de Matem\u00e1tica Pura e Aplicada (Brazil)<\/td><\/tr><tr><td class=\"has-text-align-center\" data-align=\"center\">56<\/td><td>Peter Rose<\/td><td>University of Nottingham (UK)<\/td><\/tr><tr><td class=\"has-text-align-center\" data-align=\"center\">57<\/td><td>Przemys\u0142aw Sprus<\/td><td>Jagiellonian University (Poland)<\/td><\/tr><tr><td class=\"has-text-align-center\" data-align=\"center\">58<\/td><td>Rados\u0142aw Opoka<\/td><td>University of Warsaw (Poland)<\/td><\/tr><tr><td class=\"has-text-align-center\" data-align=\"center\">59<\/td><td>Rashmita Hore<\/td><td>Tata Institute of Fundamental Research (India)<\/td><\/tr><tr><td class=\"has-text-align-center\" data-align=\"center\">60<\/td><td>Ricard Kirchner Amor<\/td><td>Universitat Polit\u00e8cnica de Catalunya (Spain)<\/td><\/tr><tr><td class=\"has-text-align-center\" data-align=\"center\">61<\/td><td>Subramanian Viswanathan<\/td><td>Tata Institute of Fundamental Research (India)<\/td><\/tr><tr><td class=\"has-text-align-center\" data-align=\"center\">62<\/td><td>Samanta Santos Avelino Silva<\/td><td>Instituto Nacional de Matem\u00e1tica Pura e Aplicada (Brazil)<\/td><\/tr><tr><td class=\"has-text-align-center\" data-align=\"center\">63<\/td><td>Samantha Sandberg-Clark<\/td><td>The Ohio State University (USA)<\/td><\/tr><tr><td class=\"has-text-align-center\" data-align=\"center\">64<\/td><td>Sergio&nbsp;Hernandez Anton<\/td><td>Universitat de Barcelona (Spain)<\/td><\/tr><tr><td class=\"has-text-align-center\" data-align=\"center\">65<\/td><td>Sukanta Das<\/td><td>Indian Institute of Technology Bhubaneswar (India)<\/td><\/tr><tr><td class=\"has-text-align-center\" data-align=\"center\">66<\/td><td>Techheang Meng<\/td><td>University College London (UK)<\/td><\/tr><tr><td class=\"has-text-align-center\" data-align=\"center\">67<\/td><td>Thomas Baldini<\/td><td>Universit\u00e9 Paris-Saclay (France)<\/td><\/tr><tr><td class=\"has-text-align-center\" data-align=\"center\">68<\/td><td>Tom Potthink<\/td><td>Universit\u00e9 de Bordeaux (France)<\/td><\/tr><tr><td class=\"has-text-align-center\" data-align=\"center\">69<\/td><td>Vanessa Matus de la Parra<\/td><td>Stony Brook University (USA)<\/td><\/tr><tr><td class=\"has-text-align-center\" data-align=\"center\">70<\/td><td>Walter Bergweiler<\/td><td>Christian-Albrechts-Universit\u00e4t zu Kiel (Germany)<\/td><\/tr><tr><td class=\"has-text-align-center\" data-align=\"center\">71<\/td><td>Willie Rush Lim<\/td><td>Brown University (USA)<\/td><\/tr><tr><td class=\"has-text-align-center\" data-align=\"center\">72<\/td><td>Xavier Jarque<\/td><td>Universitat de Barcelona (Catalonia)<\/td><\/tr><tr><td class=\"has-text-align-center\" data-align=\"center\">73<\/td><td>Yuming Fu<\/td><td>Shenzhen University (China)<\/td><\/tr><tr><td class=\"has-text-align-center\" data-align=\"center\">74<\/td><td>Zamurat Ayobami Adegboye<\/td><td>Federal University of Health Sciences, Otukpo (Nigeria)<\/td><\/tr><tr><td class=\"has-text-align-center\" data-align=\"center\">75<\/td><td>Zhuowei Yao<\/td><td>Universit\u00e9 Paris-Saclay (France)<\/td><\/tr><\/tbody><\/table><\/figure>\n","protected":false},"excerpt":{"rendered":"<p>The list of registered participants as of May 21, 2025: Full name Affiliation 1 Adri\u00e1n Alonso Mayor Chumpiatz Universitat Aut\u00f2noma de Barcelona (Spain) 2 Adrien Kachkachi Universit\u00e9 de Toulouse (France) 3 Alex Kapiamba Harvard University (USA) 4 Anna Jov\u00e9 Universitat de Barcelona (Spain) 5 Anna Miriam Benini University of Parma (Italy) 6 Andrew Brown Lincoln [&hellip;]<\/p>\n","protected":false},"author":3,"featured_media":0,"parent":2600,"menu_order":0,"comment_status":"closed","ping_status":"closed","template":"","meta":{"site-sidebar-layout":"no-sidebar","site-content-layout":"","ast-site-content-layout":"full-width-container","site-content-style":"unboxed","site-sidebar-style":"unboxed","ast-global-header-display":"disabled","ast-banner-title-visibility":"disabled","ast-main-header-display":"","ast-hfb-above-header-display":"","ast-hfb-below-header-display":"","ast-hfb-mobile-header-display":"","site-post-title":"disabled","ast-breadcrumbs-content":"","ast-featured-img":"","footer-sml-layout":"disabled","theme-transparent-header-meta":"","adv-header-id-meta":"","stick-header-meta":"","header-above-stick-meta":"","header-main-stick-meta":"","header-below-stick-meta":"","astra-migrate-meta-layouts":"set","ast-page-background-enabled":"default","ast-page-background-meta":{"desktop":{"background-color":"","background-image":"","background-repeat":"repeat","background-position":"center center","background-size":"auto","background-attachment":"scroll","background-type":"","background-media":"","overlay-type":"","overlay-color":"","overlay-opacity":"","overlay-gradient":""},"tablet":{"background-color":"","background-image":"","background-repeat":"repeat","background-position":"center center","background-size":"auto","background-attachment":"scroll","background-type":"","background-media":"","overlay-type":"","overlay-color":"","overlay-opacity":"","overlay-gradient":""},"mobile":{"background-color":"","background-image":"","background-repeat":"repeat","background-position":"center center","background-size":"auto","background-attachment":"scroll","background-type":"","background-media":"","overlay-type":"","overlay-color":"","overlay-opacity":"","overlay-gradient":""}},"ast-content-background-meta":{"desktop":{"background-color":"var(--ast-global-color-5)","background-image":"","background-repeat":"repeat","background-position":"center center","background-size":"auto","background-attachment":"scroll","background-type":"","background-media":"","overlay-type":"","overlay-color":"","overlay-opacity":"","overlay-gradient":""},"tablet":{"background-color":"var(--ast-global-color-5)","background-image":"","background-repeat":"repeat","background-position":"center center","background-size":"auto","background-attachment":"scroll","background-type":"","background-media":"","overlay-type":"","overlay-color":"","overlay-opacity":"","overlay-gradient":""},"mobile":{"background-color":"var(--ast-global-color-5)","background-image":"","background-repeat":"repeat","background-position":"center center","background-size":"auto","background-attachment":"scroll","background-type":"","background-media":"","overlay-type":"","overlay-color":"","overlay-opacity":"","overlay-gradient":""}},"footnotes":""},"class_list":["post-2610","page","type-page","status-publish","hentry"],"_links":{"self":[{"href":"https:\/\/www.ub.edu\/dynsys\/wp-json\/wp\/v2\/pages\/2610","targetHints":{"allow":["GET"]}}],"collection":[{"href":"https:\/\/www.ub.edu\/dynsys\/wp-json\/wp\/v2\/pages"}],"about":[{"href":"https:\/\/www.ub.edu\/dynsys\/wp-json\/wp\/v2\/types\/page"}],"author":[{"embeddable":true,"href":"https:\/\/www.ub.edu\/dynsys\/wp-json\/wp\/v2\/users\/3"}],"replies":[{"embeddable":true,"href":"https:\/\/www.ub.edu\/dynsys\/wp-json\/wp\/v2\/comments?post=2610"}],"version-history":[{"count":20,"href":"https:\/\/www.ub.edu\/dynsys\/wp-json\/wp\/v2\/pages\/2610\/revisions"}],"predecessor-version":[{"id":3228,"href":"https:\/\/www.ub.edu\/dynsys\/wp-json\/wp\/v2\/pages\/2610\/revisions\/3228"}],"up":[{"embeddable":true,"href":"https:\/\/www.ub.edu\/dynsys\/wp-json\/wp\/v2\/pages\/2600"}],"wp:attachment":[{"href":"https:\/\/www.ub.edu\/dynsys\/wp-json\/wp\/v2\/media?parent=2610"}],"curies":[{"name":"wp","href":"https:\/\/api.w.org\/{rel}","templated":true}]}}