{"id":61,"date":"2023-02-08T12:46:09","date_gmt":"2023-02-08T12:46:09","guid":{"rendered":"https:\/\/www.ub.edu\/dynsys\/?page_id=61"},"modified":"2024-02-02T12:31:08","modified_gmt":"2024-02-02T11:31:08","slug":"haminstab-schools","status":"publish","type":"page","link":"https:\/\/www.ub.edu\/dynsys\/grants\/haminstab\/haminstab-schools\/","title":{"rendered":"Schools within the project"},"content":{"rendered":"\n<p><strong>16th School on Interactions between Dynamical Systems and Partial Differential Equations<br><\/strong>International Summer School \u20182018<br>Organising committee (Universitat Polit\u00e8cnica de Catalunya): Xavier Cabr\u00e9, Matteo Cozzi\u200b, Amadeu Delshams, Marcel Gu\u00e0rdia, Eva Miranda and Tere M. Seara.<br><br>The School on Interactions between Dynamical Systems and Partial Differential Equations has taken place at the&nbsp;<a href=\"https:\/\/fme.upc.edu\/ca\">Facultat de Matem\u00e0tiques i Estad\u00edstica at the Universitat Polit\u00e8cnica de Catalunya (UPC)<\/a>&nbsp;every summer since 2002. Since 2017 it is held at the<a href=\"http:\/\/www.crm.cat\/en\/Pages\/default.aspx\">&nbsp;Centre de Recerca Matem\u00e0tica<\/a>&nbsp;(CRM) in Barcelona, Spain.<br>June 25 \u2013 29, 2018.<br>More information on the School, lecturers and enrolment,&nbsp;<a href=\"http:\/\/www.crm.cat\/en\/Activities\/Curs_2017-2018\/Pages\/JISD-2018.aspx\">here<\/a>.<br><br>This program is made possible in part by the generous support from the&nbsp;<a href=\"http:\/\/euro-math-soc.eu\/\">European Mathematical Society<\/a>&nbsp;and fundings from the&nbsp;<a href=\"https:\/\/erc.europa.eu\/\">European Research Council&nbsp;<\/a>(ERC), under the European Union\u2019s Horizon 2020 research and innovation programme (grant agreement No 757802).<\/p>\n\n\n\n<figure class=\"wp-block-image\"><img decoding=\"async\" src=\"http:\/\/haminstab.webs.upc.edu\/wp-content\/uploads\/2018\/05\/Screenshot-2018-5-2-16TH-SCHOOL-ON-INTERACTIONS-BETWEEN-DYNAMICAL-SYSTEMS-AND-PARTIAL-DIFFERENTIAL-EQUATIONS-Centre-de-Rece....png\" alt=\"\" class=\"wp-image-178\"\/><\/figure>\n\n\n\n<p><\/p>\n\n\n\n<p><strong>Summer Graduate School \u2013 From Sympletic Geomatry to Chaos<br><\/strong>International Summer School \u20182018<br>Organising committee: Marcel Gu\u00e0rdia (Universitat Polit\u00e8cnica de Catalunya), Vadim Kaloshin (University of Maryland) and Leonid Polterovich (Tel Aviv University).<br>The Summer Graduate School has taken place at the&nbsp;<a href=\"http:\/\/www.msri.org\/\">Mathematical Science Research Institute<\/a>\u2018s auditorium in Berkeley, California, US.<br>July 23 \u2013 August 3, 2018<br><br>Additional information on the School, lecturers, speakers, online videos of the courses and discussions&nbsp;<a href=\"http:\/\/www.msri.org\/summer_schools\/825\">here<\/a>.<\/p>\n\n\n\n<p><strong><a href=\"http:\/\/cemapre.iseg.ulisboa.pt\/events\/event.php?id=185\">LxDS Spring School Workshops<\/a><\/strong><br>International Spring School<br>Organising comittee: Pedro Duarte, Jos\u00e9 Pedro Gaiv\u00e3o, Jo\u00e3o Lopes Dias, Telmo Peixe and Lu\u00eds Sampaio (Universidade de Lisboa) and Filipe Santos (Instituto Superior de Economia e Gest\u00e3o).<br>The Sping School took place at the Universidade de Lisboa, Portugal.<br>May 29 \u2013 31, 2019.<br>Marcel Guardia was invited as speaker to talk about Transfer of energy in Hamiltonian PDEs.<\/p>\n\n\n\n<p><strong>17th School on Interactions between Dynamical Systems and Partial Differential Equations<br><\/strong>International Summer School \u20182019<br>Organising committee: Xavier Cabr\u00e9 (Universitat Polit\u00e8cnica de Catalunya) \u200b, Amadeu Delshams (Universitat Polit\u00e8cnica de Catalunya), Marcel Gu\u00e0rdia (Universitat Polit\u00e8cnica de Catalunya), Tere M. Seara (Universitat Polit\u00e8cnica de Catalunya) and<br>Gyula Csato (BGSMath and \u200bUniversitat Polit\u00e8cnica de Catalunya).<br>The School on Interactions between Dynamical Systems and Partial Differential Equations has taken place at the&nbsp;<a href=\"https:\/\/fme.upc.edu\/ca\">Facultat de Matem\u00e0tiques i Estad\u00edstica at the Universitat Polit\u00e8cnica de Catalunya (UPC)<\/a>&nbsp;every summer since 2002. Since 2017 it is held at the<a href=\"http:\/\/www.crm.cat\/en\/Pages\/default.aspx\">&nbsp;Centre de Recerca Matem\u00e0tica<\/a>&nbsp;(CRM) in Barcelona, Spain.<br>June 17 \u2013 21, 2019.<br>More information on the School, lecturers and enrolment,&nbsp;<a href=\"http:\/\/www.crm.cat\/en\/Activities\/Curs_2018-2019\/Pages\/JISD2019.aspx\">here<\/a>.<br><br>This school is organised in partnership with the&nbsp;<a href=\"http:\/\/www.claymath.org\/\" target=\"_blank\" rel=\"noreferrer noopener\">Clay Mathematics Institute&nbsp;<\/a>(CMI). It is made possible by the generous support from the&nbsp;<a href=\"https:\/\/erc.europa.eu\/\" target=\"_blank\" rel=\"noreferrer noopener\">European Research Council&nbsp;<\/a>(ERC), under the European Union\u2019s Horizon 2020 research and innovation programme (grant agreement No 757802), and the support from the <a href=\"https:\/\/bgsmath.cat\/\" target=\"_blank\" rel=\"noreferrer noopener\">Barcelona Graduate School of Mathematics (BGSMath)\u200b<\/a>&nbsp;within the framework of the&nbsp;MDM-2014-0445 programme.<\/p>\n\n\n\n<p><a href=\"http:\/\/www.mi.sanu.ac.rs\/novi_sajt\/research\/conferences\/bel-dyn\/bel-dyn.php\"><strong>Belgrade Summer School on Dynamics<\/strong><\/a><br>International Summer School \u20182021<br>Organising committee: Vladimir Dragovi\u0107,&nbsp;Borislav Gaji\u0107,&nbsp;Bo\u017eidar Jovanovi\u0107,&nbsp;Rade \u017divaljevi\u0107,&nbsp;Filip Jefti\u0107 (Mathematical Institute of the Serbian Academy of Science and Arts).<br>July 17 \u2013 22, 2021.<br>Marcel Guardia was invited as speaker to talk about&nbsp;Oscillatory motions and chaotic dynamics in the three body problem.&nbsp;<\/p>\n\n\n\n<p><a href=\"https:\/\/bgsmath.cat\/event\/chaotic-behavior-invariant-manifolds-and-exponentially-small-phenomena-in-dynamical-systems\/\"><strong>BGSMath Course: Chaotic Behavior, Invariant Manifolds and Exponentially Small Phenomena in Dynamical Systems<\/strong><\/a><br>Organising committee and lecturers: Marcel Guardia and Tere M.Seara.<br>February 1 \u2013 March 8, 2022.<\/p>\n\n\n\n<p><a href=\"https:\/\/nbodychiapas2022.unach.mx\/\"><strong>CIMPA Research School: N-body Problem, old and new<\/strong><\/a><br>Hosting institution: Universidad Aut\u00f3noma de Chiapas<br>June 10 \u2013 18, 2022.<br>Marcel Guardia was invited to give an advanced course which had for title: Chaotic dynamics in celestial mechanics.<\/p>\n\n\n\n<p><a href=\"http:\/\/www.birs.ca\/events\/2022\/5-day-workshops\/22w5175\"><strong>Geometric and Variational Methods in Celestial Mechanics Workshop.<\/strong><br><\/a>Organizers: R. Calleja (Universidad Aut\u00f3noma de M\u00e9xico), M. Guardia (UPC), J. Fejoz (U. Paris Dauphine) and S. Terracini (Univerist\u00e0 di Torino)<br>June 20 \u2013 24, 2022.<\/p>\n\n\n\n<p><strong><a href=\"https:\/\/www.crm.cat\/jisd2022\/\">18th School on Interactions between Dynamical Systems and Partial Differential Equations<\/a><\/strong><br>International Summer School \u20182022<br>Organizers: X. Cabr\u00e9 (UPC), G. Csato (UB), A. Delshams (UPC), F. Giuliani (Politecnico di Milanio), M. Guardia (UPC) and T.M. Seara (UPC).<br><br>The School on Interactions between Dynamical Systems and Partial Differential Equations has taken place at the\u00a0<a href=\"https:\/\/fme.upc.edu\/ca\">Facultat de Matem\u00e0tiques i Estad\u00edstica at the Universitat Polit\u00e8cnica de Catalunya (UPC)<\/a>\u00a0every summer since 2002. Since 2017 it is held at the<a href=\"http:\/\/www.crm.cat\/en\/Pages\/default.aspx\">\u00a0Centre de Recerca Matem\u00e0tica<\/a>\u00a0(CRM) in Barcelona, Spain.<br>June 27 \u2013 July 1, 2022<br><br>This program is made possible in part by the generous support from the\u00a0<a href=\"http:\/\/euro-math-soc.eu\/\">European Mathematical Society<\/a>\u00a0and fundings from the\u00a0<a href=\"https:\/\/erc.europa.eu\/\">European Research Council\u00a0<\/a>(ERC), under the European Union\u2019s Horizon 2020 research and innovation programme (grant agreement No 757802).<\/p>\n\n\n\n<p><a href=\"https:\/\/www.crm.cat\/jisd-2023\/\"><strong>19th School on Interactions between Dynamical Systems and Partial Differential Equations<\/strong>.<\/a><br>International Summer School \u20182023<br>Organizers: X. Cabr\u00e9 (UPC), G. Csato (UB), A. Delshams (UPC), M. Guardia (UB) and T.M. Seara (UPC).<br><br>The School on Interactions between Dynamical Systems and Partial Differential Equations has taken plae at the\u00a0<a href=\"https:\/\/fme.upc.edu\/ca\">Facultat de Matem\u00e0tiques i Estad\u00edstica at the Universitat Polit\u00e8cnica de Catalunya (UPC)<\/a>\u00a0every summer since 2002. Since 2017 it is held at the<a href=\"http:\/\/www.crm.cat\/en\/Pages\/default.aspx\">\u00a0Centre de Recerca Matem\u00e0tica<\/a>\u00a0(CRM) in Barcelona, Spain.<br>July 3 \u2013 7, 2023.<br><br>This school is organised in partnership with the\u00a0<a href=\"http:\/\/www.claymath.org\/\" target=\"_blank\" rel=\"noreferrer noopener\">Clay Mathematics Institute\u00a0<\/a>(CMI). It is made possible by the generous support from the\u00a0<a href=\"https:\/\/erc.europa.eu\/\" target=\"_blank\" rel=\"noreferrer noopener\">European Research Council\u00a0<\/a>(ERC), under the European Union\u2019s Horizon 2020 research and innovation programme (grant agreement No 757802), and the support from the <a href=\"https:\/\/bgsmath.cat\/\" target=\"_blank\" rel=\"noreferrer noopener\">Barcelona Graduate School of Mathematics (BGSMath)\u200b<\/a>\u00a0within the framework of the\u00a0MDM-2014-0445 programme.<\/p>\n\n\n\n<p><\/p>\n\n\n\n<p><br><br><\/p>\n","protected":false},"excerpt":{"rendered":"<p>16th School on Interactions between Dynamical Systems and Partial Differential EquationsInternational Summer School \u20182018Organising committee (Universitat Polit\u00e8cnica de Catalunya): Xavier Cabr\u00e9, Matteo Cozzi\u200b, Amadeu Delshams, Marcel Gu\u00e0rdia, Eva Miranda and Tere M. Seara. The School on Interactions between Dynamical Systems and Partial Differential Equations has taken place at the&nbsp;Facultat de Matem\u00e0tiques i Estad\u00edstica at the [&hellip;]<\/p>\n","protected":false},"author":1,"featured_media":0,"parent":136,"menu_order":9,"comment_status":"closed","ping_status":"closed","template":"","meta":{"site-sidebar-layout":"default","site-content-layout":"","ast-site-content-layout":"default","site-content-style":"default","site-sidebar-style":"default","ast-global-header-display":"","ast-banner-title-visibility":"","ast-main-header-display":"","ast-hfb-above-header-display":"","ast-hfb-below-header-display":"","ast-hfb-mobile-header-display":"","site-post-title":"","ast-breadcrumbs-content":"","ast-featured-img":"","footer-sml-layout":"","theme-transparent-header-meta":"","adv-header-id-meta":"","stick-header-meta":"","header-above-stick-meta":"","header-main-stick-meta":"","header-below-stick-meta":"","astra-migrate-meta-layouts":"set","ast-page-background-enabled":"default","ast-page-background-meta":{"desktop":{"background-color":"","background-image":"","background-repeat":"repeat","background-position":"center center","background-size":"auto","background-attachment":"scroll","background-type":"","background-media":"","overlay-type":"","overlay-color":"","overlay-opacity":"","overlay-gradient":""},"tablet":{"background-color":"","background-image":"","background-repeat":"repeat","background-position":"center center","background-size":"auto","background-attachment":"scroll","background-type":"","background-media":"","overlay-type":"","overlay-color":"","overlay-opacity":"","overlay-gradient":""},"mobile":{"background-color":"","background-image":"","background-repeat":"repeat","background-position":"center center","background-size":"auto","background-attachment":"scroll","background-type":"","background-media":"","overlay-type":"","overlay-color":"","overlay-opacity":"","overlay-gradient":""}},"ast-content-background-meta":{"desktop":{"background-color":"var(--ast-global-color-5)","background-image":"","background-repeat":"repeat","background-position":"center center","background-size":"auto","background-attachment":"scroll","background-type":"","background-media":"","overlay-type":"","overlay-color":"","overlay-opacity":"","overlay-gradient":""},"tablet":{"background-color":"var(--ast-global-color-5)","background-image":"","background-repeat":"repeat","background-position":"center center","background-size":"auto","background-attachment":"scroll","background-type":"","background-media":"","overlay-type":"","overlay-color":"","overlay-opacity":"","overlay-gradient":""},"mobile":{"background-color":"var(--ast-global-color-5)","background-image":"","background-repeat":"repeat","background-position":"center center","background-size":"auto","background-attachment":"scroll","background-type":"","background-media":"","overlay-type":"","overlay-color":"","overlay-opacity":"","overlay-gradient":""}},"footnotes":""},"class_list":["post-61","page","type-page","status-publish","hentry"],"_links":{"self":[{"href":"https:\/\/www.ub.edu\/dynsys\/wp-json\/wp\/v2\/pages\/61","targetHints":{"allow":["GET"]}}],"collection":[{"href":"https:\/\/www.ub.edu\/dynsys\/wp-json\/wp\/v2\/pages"}],"about":[{"href":"https:\/\/www.ub.edu\/dynsys\/wp-json\/wp\/v2\/types\/page"}],"author":[{"embeddable":true,"href":"https:\/\/www.ub.edu\/dynsys\/wp-json\/wp\/v2\/users\/1"}],"replies":[{"embeddable":true,"href":"https:\/\/www.ub.edu\/dynsys\/wp-json\/wp\/v2\/comments?post=61"}],"version-history":[{"count":6,"href":"https:\/\/www.ub.edu\/dynsys\/wp-json\/wp\/v2\/pages\/61\/revisions"}],"predecessor-version":[{"id":1167,"href":"https:\/\/www.ub.edu\/dynsys\/wp-json\/wp\/v2\/pages\/61\/revisions\/1167"}],"up":[{"embeddable":true,"href":"https:\/\/www.ub.edu\/dynsys\/wp-json\/wp\/v2\/pages\/136"}],"wp:attachment":[{"href":"https:\/\/www.ub.edu\/dynsys\/wp-json\/wp\/v2\/media?parent=61"}],"curies":[{"name":"wp","href":"https:\/\/api.w.org\/{rel}","templated":true}]}}