{"id":1375,"date":"2025-10-28T10:02:46","date_gmt":"2025-10-28T09:02:46","guid":{"rendered":"https:\/\/www.ub.edu\/eale2026\/?page_id=1375"},"modified":"2026-03-24T13:06:11","modified_gmt":"2026-03-24T12:06:11","slug":"supporting-institutions","status":"publish","type":"page","link":"https:\/\/www.ub.edu\/eale2026\/supporting-institutions\/","title":{"rendered":"Supporting Institutions"},"content":{"rendered":"\n<div class=\"alignfull blockart-section blockart-section-28a0e786 alignfull\"><div class=\"blockart-container\"><div class=\"blockart-section-inner\">\n<div class=\"blockart-column blockart-column-e67c64f5\"><div class=\"blockart-column-inner\">\n<h2 class=\"blockart-heading blockart-heading-12a537bc\">Main Sponsors<\/h2>\n<\/div><\/div>\n<\/div><\/div><\/div>\n\n\n\n<div class=\"blockart-section blockart-section-01078d6f\"><div class=\"blockart-container\"><div class=\"blockart-section-inner\">\n<div class=\"blockart-column blockart-column-e3dc0f5d\"><div class=\"blockart-column-inner\">\n<figure class=\"blockart-image blockart-image-a7cdd247\"><img loading=\"lazy\" decoding=\"async\" width=\"850\" height=\"283\" class=\"wp-image-1529 hover-effect-static filter-none mask mask-none\" src=\"https:\/\/www.ub.edu\/eale2026\/wp-content\/uploads\/2026\/03\/iab-h-5.png\" alt=\"\" srcset=\"https:\/\/www.ub.edu\/eale2026\/wp-content\/uploads\/2026\/03\/iab-h-5.png 850w, https:\/\/www.ub.edu\/eale2026\/wp-content\/uploads\/2026\/03\/iab-h-5-300x100.png 300w, https:\/\/www.ub.edu\/eale2026\/wp-content\/uploads\/2026\/03\/iab-h-5-768x256.png 768w\" sizes=\"auto, (max-width: 850px) 100vw, 850px\" \/><\/figure>\n\n\n\n<h3 class=\"blockart-heading blockart-heading-0797c2c6\">Institute for Employment Research (IAB)<br><\/h3>\n\n\n\n<p class=\"blockart-paragraph blockart-paragraph-7c1042b0\"><a href=\"https:\/\/iab.de\/en\/home-2\/\" target=\"_blank\" rel=\"noreferrer noopener\">https:\/\/iab.de\/en\/home-2\/<\/a><\/p>\n<\/div><\/div>\n\n\n\n<div class=\"blockart-column blockart-column-a677dc0e\"><div class=\"blockart-column-inner\">\n<figure class=\"blockart-image blockart-image-884d6bd0\"><img loading=\"lazy\" decoding=\"async\" width=\"850\" height=\"283\" class=\"wp-image-1530 hover-effect-static filter-none mask mask-none\" src=\"https:\/\/www.ub.edu\/eale2026\/wp-content\/uploads\/2026\/03\/elmi-h-5.png\" alt=\"\" srcset=\"https:\/\/www.ub.edu\/eale2026\/wp-content\/uploads\/2026\/03\/elmi-h-5.png 850w, https:\/\/www.ub.edu\/eale2026\/wp-content\/uploads\/2026\/03\/elmi-h-5-300x100.png 300w, https:\/\/www.ub.edu\/eale2026\/wp-content\/uploads\/2026\/03\/elmi-h-5-768x256.png 768w\" sizes=\"auto, (max-width: 850px) 100vw, 850px\" \/><\/figure>\n\n\n\n<h3 class=\"blockart-heading blockart-heading-c84cf539\">Network of European Labour Market Research Institutes (ELMI)<br><\/h3>\n\n\n\n<p class=\"blockart-paragraph blockart-paragraph-8c7073a3\"><a href=\"https:\/\/www.elmi-network.eu\/\" target=\"_blank\" rel=\"noreferrer noopener\">https:\/\/www.elmi-network.eu\/<\/a><\/p>\n<\/div><\/div>\n\n\n\n<div class=\"blockart-column blockart-column-c970f234\"><div class=\"blockart-column-inner\">\n<figure class=\"blockart-image blockart-image-b4bf9e62\"><img loading=\"lazy\" decoding=\"async\" class=\"wp-image-1540 hover-effect-static filter-none mask mask-none\" src=\"https:\/\/www.ub.edu\/eale2026\/wp-content\/uploads\/2026\/03\/ivalua-h-6.png\" alt=\"\" height=\"283\" width=\"850\" srcset=\"https:\/\/www.ub.edu\/eale2026\/wp-content\/uploads\/2026\/03\/ivalua-h-6.png 850w, https:\/\/www.ub.edu\/eale2026\/wp-content\/uploads\/2026\/03\/ivalua-h-6-300x100.png 300w, https:\/\/www.ub.edu\/eale2026\/wp-content\/uploads\/2026\/03\/ivalua-h-6-768x256.png 768w\" sizes=\"auto, (max-width: 850px) 100vw, 850px\" \/><\/figure>\n\n\n\n<h3 class=\"blockart-heading blockart-heading-8b697d56\">Institut Catal\u00e0 d\u2019Avaluaci\u00f3 de Pol\u00edtiques P\u00fabliques (Iv\u00e0lua)<br><\/h3>\n\n\n\n<p class=\"blockart-paragraph blockart-paragraph-4440cdf5\"><a href=\"https:\/\/ivalua.cat\/en\" target=\"_blank\" rel=\"noreferrer noopener\">https:\/\/ivalua.cat\/en<\/a><\/p>\n<\/div><\/div>\n\n\n\n<div class=\"blockart-column blockart-column-449984d8\"><div class=\"blockart-column-inner\">\n<figure class=\"blockart-image blockart-image-997e5876\"><img loading=\"lazy\" decoding=\"async\" width=\"850\" height=\"283\" class=\"wp-image-1512 hover-effect-static filter-none mask mask-none\" src=\"https:\/\/www.ub.edu\/eale2026\/wp-content\/uploads\/2026\/03\/gencat-h-2.png\" alt=\"\" srcset=\"https:\/\/www.ub.edu\/eale2026\/wp-content\/uploads\/2026\/03\/gencat-h-2.png 850w, https:\/\/www.ub.edu\/eale2026\/wp-content\/uploads\/2026\/03\/gencat-h-2-300x100.png 300w, https:\/\/www.ub.edu\/eale2026\/wp-content\/uploads\/2026\/03\/gencat-h-2-768x256.png 768w\" sizes=\"auto, (max-width: 850px) 100vw, 850px\" \/><\/figure>\n\n\n\n<h3 class=\"blockart-heading blockart-heading-27acfa42\">Generalitat de Catalunya<br>Departament d&#8217;Economia i Finances<\/h3>\n\n\n\n<p class=\"blockart-paragraph blockart-paragraph-802b3307\"><a href=\"https:\/\/economia.gencat.cat\/ca\/inici\" target=\"_blank\" rel=\"noreferrer noopener\">https:\/\/economia.gencat.cat\/ca\/inici<\/a><\/p>\n<\/div><\/div>\n\n\n\n<div class=\"blockart-column blockart-column-0a8fdfb5\"><div class=\"blockart-column-inner\">\n<figure class=\"blockart-image blockart-image-c1e27728\"><img loading=\"lazy\" decoding=\"async\" width=\"850\" height=\"283\" class=\"wp-image-1525 hover-effect-static filter-none mask mask-none\" src=\"https:\/\/www.ub.edu\/eale2026\/wp-content\/uploads\/2026\/03\/liser-h-4.png\" alt=\"\" srcset=\"https:\/\/www.ub.edu\/eale2026\/wp-content\/uploads\/2026\/03\/liser-h-4.png 850w, https:\/\/www.ub.edu\/eale2026\/wp-content\/uploads\/2026\/03\/liser-h-4-300x100.png 300w, https:\/\/www.ub.edu\/eale2026\/wp-content\/uploads\/2026\/03\/liser-h-4-768x256.png 768w\" sizes=\"auto, (max-width: 850px) 100vw, 850px\" \/><\/figure>\n\n\n\n<h3 class=\"blockart-heading blockart-heading-c57bb529\">Luxembourg Institute of Socio-Economic Research (LISER)<br><\/h3>\n\n\n\n<p class=\"blockart-paragraph blockart-paragraph-b257363f\"><a href=\"https:\/\/www.liser.lu\/\" target=\"_blank\" rel=\"noreferrer noopener\">https:\/\/www.liser.lu\/<\/a><\/p>\n<\/div><\/div>\n\n\n\n<div class=\"blockart-column blockart-column-ced0edbe\"><div class=\"blockart-column-inner\">\n<figure class=\"blockart-image blockart-image-48ec1500\"><img loading=\"lazy\" decoding=\"async\" width=\"850\" height=\"283\" class=\"wp-image-1517 hover-effect-static filter-none mask mask-none\" src=\"https:\/\/www.ub.edu\/eale2026\/wp-content\/uploads\/2026\/03\/rockwool-h-3.png\" alt=\"\" srcset=\"https:\/\/www.ub.edu\/eale2026\/wp-content\/uploads\/2026\/03\/rockwool-h-3.png 850w, https:\/\/www.ub.edu\/eale2026\/wp-content\/uploads\/2026\/03\/rockwool-h-3-300x100.png 300w, https:\/\/www.ub.edu\/eale2026\/wp-content\/uploads\/2026\/03\/rockwool-h-3-768x256.png 768w\" sizes=\"auto, (max-width: 850px) 100vw, 850px\" \/><\/figure>\n\n\n\n<h3 class=\"blockart-heading blockart-heading-898e3ac1\">ROCKWOOL Foundation Berlin (RFBerlin)<br><\/h3>\n\n\n\n<p class=\"blockart-paragraph blockart-paragraph-7ed3f8ea\"><a href=\"https:\/\/www.rfberlin.com\/\" target=\"_blank\" rel=\"noreferrer noopener\">https:\/\/www.rfberlin.com\/<\/a><\/p>\n<\/div><\/div>\n\n\n\n<div class=\"blockart-column blockart-column-59dfc48f\"><div class=\"blockart-column-inner\">\n<figure class=\"blockart-image blockart-image-45c20566\"><img loading=\"lazy\" decoding=\"async\" width=\"850\" height=\"283\" class=\"wp-image-1519 hover-effect-static filter-none mask mask-none\" src=\"https:\/\/www.ub.edu\/eale2026\/wp-content\/uploads\/2026\/03\/caixa-h-2.png\" alt=\"\" srcset=\"https:\/\/www.ub.edu\/eale2026\/wp-content\/uploads\/2026\/03\/caixa-h-2.png 850w, https:\/\/www.ub.edu\/eale2026\/wp-content\/uploads\/2026\/03\/caixa-h-2-300x100.png 300w, https:\/\/www.ub.edu\/eale2026\/wp-content\/uploads\/2026\/03\/caixa-h-2-768x256.png 768w\" sizes=\"auto, (max-width: 850px) 100vw, 850px\" \/><\/figure>\n\n\n\n<h3 class=\"blockart-heading blockart-heading-86dd2091\">La Caixa Foundation<\/h3>\n\n\n\n<p class=\"blockart-paragraph blockart-paragraph-63d2ea33\"><a href=\"https:\/\/fundacionlacaixa.org\/ca\/\" target=\"_blank\" rel=\"noreferrer noopener\">https:\/\/fundacionlacaixa.org\/ca\/<\/a><\/p>\n<\/div><\/div>\n<\/div><\/div><\/div>\n\n\n\n<div class=\"alignfull blockart-section blockart-section-fb43bcf2 alignfull\"><div class=\"blockart-container\"><div class=\"blockart-section-inner\">\n<div class=\"blockart-column blockart-column-96a64828\"><div class=\"blockart-column-inner\">\n<h2 class=\"blockart-heading blockart-heading-56a26036\">Other Sponsors<\/h2>\n<\/div><\/div>\n<\/div><\/div><\/div>\n\n\n\n<div class=\"blockart-section blockart-section-f9264ade\"><div class=\"blockart-container\"><div class=\"blockart-section-inner\">\n<div class=\"blockart-column blockart-column-0d044219\"><div class=\"blockart-column-inner justify-center\">\n<figure class=\"blockart-image blockart-image-4a06a282\"><img loading=\"lazy\" decoding=\"async\" class=\"wp-image-1395 hover-effect-static filter-none mask mask-none\" src=\"https:\/\/www.ub.edu\/eale2026\/wp-content\/uploads\/2025\/10\/fedea-h.png\" alt=\"\" height=\"125\" width=\"300\"\/><\/figure>\n\n\n\n<h3 class=\"blockart-heading blockart-heading-b5cfbef2\">Fundaci\u00f3n de Estudios de Econom\u00eda Aplicada (Fedea)<br><\/h3>\n\n\n\n<p class=\"blockart-paragraph blockart-paragraph-98220656\"><a href=\"https:\/\/fedea.net\/\" target=\"_blank\" rel=\"noreferrer noopener\">https:\/\/fedea.net\/<\/a><\/p>\n<\/div><\/div>\n\n\n\n<div class=\"blockart-column blockart-column-39652cba\"><div class=\"blockart-column-inner\">\n<figure class=\"blockart-image blockart-image-e91011b0\"><img loading=\"lazy\" decoding=\"async\" class=\"wp-image-1421 hover-effect-static filter-none mask mask-none\" src=\"https:\/\/www.ub.edu\/eale2026\/wp-content\/uploads\/2025\/10\/cres-h-2.png\" alt=\"\" height=\"125\" width=\"300\"\/><\/figure>\n\n\n\n<h3 class=\"blockart-heading blockart-heading-bc9f143a\">Centre de Recerca en Economia i Salut (CRES)<\/h3>\n\n\n\n<p class=\"blockart-paragraph blockart-paragraph-1b5ada30\"><a href=\"https:\/\/www.upf.edu\/web\/cres\" target=\"_blank\" rel=\"noreferrer noopener\">https:\/\/www.upf.edu\/web\/cres<\/a><\/p>\n<\/div><\/div>\n<\/div><\/div><\/div>\n","protected":false},"excerpt":{"rendered":"","protected":false},"author":1,"featured_media":0,"parent":0,"menu_order":0,"comment_status":"closed","ping_status":"closed","template":"page-templates\/pagebuilder.php","meta":{"zakra_sidebar_layout":"customizer","zakra_remove_content_margin":false,"zakra_sidebar":"customizer","zakra_transparent_header":"customizer","zakra_logo":0,"zakra_main_header_style":"default","zakra_menu_item_color":"","zakra_menu_item_hover_color":"","zakra_menu_item_active_color":"","zakra_menu_active_style":"","zakra_page_header":true,"footnotes":""},"class_list":["post-1375","page","type-page","status-publish","hentry"],"_links":{"self":[{"href":"https:\/\/www.ub.edu\/eale2026\/wp-json\/wp\/v2\/pages\/1375","targetHints":{"allow":["GET"]}}],"collection":[{"href":"https:\/\/www.ub.edu\/eale2026\/wp-json\/wp\/v2\/pages"}],"about":[{"href":"https:\/\/www.ub.edu\/eale2026\/wp-json\/wp\/v2\/types\/page"}],"author":[{"embeddable":true,"href":"https:\/\/www.ub.edu\/eale2026\/wp-json\/wp\/v2\/users\/1"}],"replies":[{"embeddable":true,"href":"https:\/\/www.ub.edu\/eale2026\/wp-json\/wp\/v2\/comments?post=1375"}],"version-history":[{"count":45,"href":"https:\/\/www.ub.edu\/eale2026\/wp-json\/wp\/v2\/pages\/1375\/revisions"}],"predecessor-version":[{"id":1541,"href":"https:\/\/www.ub.edu\/eale2026\/wp-json\/wp\/v2\/pages\/1375\/revisions\/1541"}],"wp:attachment":[{"href":"https:\/\/www.ub.edu\/eale2026\/wp-json\/wp\/v2\/media?parent=1375"}],"curies":[{"name":"wp","href":"https:\/\/api.w.org\/{rel}","templated":true}]}}