{"id":254,"date":"2024-03-23T00:37:06","date_gmt":"2024-03-22T23:37:06","guid":{"rendered":"https:\/\/www.ub.edu\/eidea\/?page_id=254"},"modified":"2024-05-06T13:11:09","modified_gmt":"2024-05-06T12:11:09","slug":"congressos","status":"publish","type":"page","link":"https:\/\/www.ub.edu\/eidea\/congressos\/","title":{"rendered":"Congressos"},"content":{"rendered":"\n<div class=\"wp-block-group\"><div class=\"wp-block-group__inner-container is-layout-constrained wp-block-group-is-layout-constrained\">\n<div class=\"wp-block-group\"><div class=\"wp-block-group__inner-container is-layout-constrained wp-block-group-is-layout-constrained\">\n<p class=\"has-text-align-center has-normal-font-size\"><strong>Jornadas barcelonesas de investigaci\u00f3n en did\u00e1ctica universitaria de lenguas cl\u00e1sicas<br>Congreso BARCANAUT<\/strong>A<br><strong><br><\/strong><strong style=\"font-size: inherit;\">Barcelona, 5-6 noviembre 2024<\/strong><\/p>\n\n\n\n<p>*Se ha ampliado el plazo para el env\u00edo de comunicaciones hasta el 17 de mayo. <\/p>\n<\/div><\/div>\n<\/div><\/div>\n\n\n\n<div class=\"wp-block-group alignwide\"><div class=\"wp-block-group__inner-container is-layout-constrained wp-block-group-is-layout-constrained\">\n<div class=\"wp-block-columns is-layout-flex wp-container-core-columns-is-layout-9d6595d7 wp-block-columns-is-layout-flex\">\n<div class=\"wp-block-column is-vertically-aligned-stretch is-layout-flow wp-block-column-is-layout-flow\" style=\"flex-basis:100%\">\n<div data-wp-interactive=\"core\/file\" class=\"wp-block-file alignwide\"><object data-wp-bind--hidden=\"!state.hasPdfPreview\" hidden class=\"wp-block-file__embed\" data=\"https:\/\/www.ub.edu\/eidea\/wp-content\/uploads\/2024\/05\/03.-PRIMERA-CIRCULAR-definitivo-III.pdf\" type=\"application\/pdf\" style=\"width:100%;height:600px\" aria-label=\"Incrustaci\u00f3 del fitxer 03.-PRIMERA-CIRCULAR-definitivo-III.\"><\/object><a id=\"wp-block-file--media-954f2b91-c5f0-4588-a15b-a36f6e544a53\" href=\"https:\/\/www.ub.edu\/eidea\/wp-content\/uploads\/2024\/05\/03.-PRIMERA-CIRCULAR-definitivo-III.pdf\">03.-PRIMERA-CIRCULAR-definitivo-III<\/a><a href=\"https:\/\/www.ub.edu\/eidea\/wp-content\/uploads\/2024\/05\/03.-PRIMERA-CIRCULAR-definitivo-III.pdf\" class=\"wp-block-file__button wp-element-button\" download aria-describedby=\"wp-block-file--media-954f2b91-c5f0-4588-a15b-a36f6e544a53\">DEScarrEgar<\/a><\/div>\n<\/div>\n<\/div>\n<\/div><\/div>\n","protected":false},"excerpt":{"rendered":"<p>Jornadas barcelonesas de investigaci\u00f3n en did\u00e1ctica universitaria de lenguas cl\u00e1sicasCongreso BARCANAUTABarcelona, 5-6 noviembre 2024 *Se ha ampliado el plazo para el env\u00edo de comunicaciones hasta el 17 de mayo.<\/p>\n","protected":false},"author":2,"featured_media":0,"parent":0,"menu_order":0,"comment_status":"closed","ping_status":"closed","template":"","meta":{"footnotes":""},"class_list":["post-254","page","type-page","status-publish","hentry"],"_links":{"self":[{"href":"https:\/\/www.ub.edu\/eidea\/wp-json\/wp\/v2\/pages\/254","targetHints":{"allow":["GET"]}}],"collection":[{"href":"https:\/\/www.ub.edu\/eidea\/wp-json\/wp\/v2\/pages"}],"about":[{"href":"https:\/\/www.ub.edu\/eidea\/wp-json\/wp\/v2\/types\/page"}],"author":[{"embeddable":true,"href":"https:\/\/www.ub.edu\/eidea\/wp-json\/wp\/v2\/users\/2"}],"replies":[{"embeddable":true,"href":"https:\/\/www.ub.edu\/eidea\/wp-json\/wp\/v2\/comments?post=254"}],"version-history":[{"count":33,"href":"https:\/\/www.ub.edu\/eidea\/wp-json\/wp\/v2\/pages\/254\/revisions"}],"predecessor-version":[{"id":314,"href":"https:\/\/www.ub.edu\/eidea\/wp-json\/wp\/v2\/pages\/254\/revisions\/314"}],"wp:attachment":[{"href":"https:\/\/www.ub.edu\/eidea\/wp-json\/wp\/v2\/media?parent=254"}],"curies":[{"name":"wp","href":"https:\/\/api.w.org\/{rel}","templated":true}]}}