{"id":209,"date":"2023-04-12T11:39:11","date_gmt":"2023-04-12T09:39:11","guid":{"rendered":"https:\/\/www.ub.edu\/ema\/?page_id=209"},"modified":"2024-04-19T11:22:48","modified_gmt":"2024-04-19T09:22:48","slug":"doctorats","status":"publish","type":"page","link":"https:\/\/www.ub.edu\/ema\/doctorats\/","title":{"rendered":"Doctorats"},"content":{"rendered":"<p>[et_pb_section fb_built=\u00bb1&#8243; _builder_version=\u00bb4.21.0&#8243; _module_preset=\u00bbdefault\u00bb custom_padding=\u00bb32px||0px|||\u00bb global_colors_info=\u00bb{}\u00bb][et_pb_row _builder_version=\u00bb4.21.0&#8243; _module_preset=\u00bbdefault\u00bb global_colors_info=\u00bb{}\u00bb][et_pb_column type=\u00bb4_4&#8243; _builder_version=\u00bb4.21.0&#8243; _module_preset=\u00bbdefault\u00bb global_colors_info=\u00bb{}\u00bb][et_pb_post_title meta=\u00bboff\u00bb featured_image=\u00bboff\u00bb _builder_version=\u00bb4.21.0&#8243; _module_preset=\u00bbdefault\u00bb title_font=\u00bb|||||on|||\u00bb background_color=\u00bb#e0f3fc\u00bb custom_padding=\u00bb10px|13px|2px|13px|false|true\u00bb global_module=\u00bb261&#8243; saved_tabs=\u00bball\u00bb global_colors_info=\u00bb{}\u00bb][\/et_pb_post_title][\/et_pb_column][\/et_pb_row][\/et_pb_section][et_pb_section fb_built=\u00bb1&#8243; _builder_version=\u00bb4.20.1&#8243; _module_preset=\u00bbdefault\u00bb custom_padding=\u00bb0px||0px|||\u00bb global_colors_info=\u00bb{}\u00bb][et_pb_row _builder_version=\u00bb4.20.1&#8243; _module_preset=\u00bbdefault\u00bb custom_padding=\u00bb12px||21px|||\u00bb global_colors_info=\u00bb{}\u00bb][et_pb_column type=\u00bb4_4&#8243; _builder_version=\u00bb4.20.1&#8243; _module_preset=\u00bbdefault\u00bb global_colors_info=\u00bb{}\u00bb][et_pb_text _builder_version=\u00bb4.21.0&#8243; _module_preset=\u00bbdefault\u00bb global_colors_info=\u00bb{}\u00bb]<\/p>\n<p><span>Els doctorats representen una oportunitat per contribuir de manera significativa al coneixement del teu camp, permetent realitzar investigacions avan\u00e7ades i desenvolupar projectes que podrien tenir un impacte real en la \u00e0rea d&#8217;estudi. No nom\u00e9s representen un cam\u00ed acad\u00e8mic, sin\u00f3 tamb\u00e9 una oportunitat per deixar la teva empremta en el m\u00f3n del coneixement. <\/span><\/p>\n<p>[\/et_pb_text][\/et_pb_column][\/et_pb_row][et_pb_row column_structure=\u00bb1_2,1_2&#8243; _builder_version=\u00bb4.20.1&#8243; _module_preset=\u00bbdefault\u00bb global_colors_info=\u00bb{}\u00bb][et_pb_column type=\u00bb1_2&#8243; _builder_version=\u00bb4.20.1&#8243; _module_preset=\u00bbdefault\u00bb global_colors_info=\u00bb{}\u00bb][et_pb_button button_url=\u00bbhttps:\/\/www.ub.edu\/portal\/web\/educacio\/educacio-i-societat\u00bb url_new_window=\u00bbon\u00bb button_text=\u00bbDoctorat en Educaci\u00f3 i Societat\u00bb _builder_version=\u00bb4.24.0&#8243; _module_preset=\u00bbdefault\u00bb global_colors_info=\u00bb{}\u00bb][\/et_pb_button][et_pb_button button_url=\u00bbhttps:\/\/www.ub.edu\/portal\/web\/educacio\/didactica-de-les-ciencies-les-llengues-les-arts-i-les-humanitats\u00bb url_new_window=\u00bbon\u00bb button_text=\u00bbDoctorat en Did\u00e0ctica de les Ci\u00e8ncies, les Lleng\u00fces, les Arts i les Humanitats\u00bb _builder_version=\u00bb4.21.0&#8243; _module_preset=\u00bbdefault\u00bb global_colors_info=\u00bb{}\u00bb][\/et_pb_button][et_pb_button button_url=\u00bbhttps:\/\/www.ub.edu\/portal\/web\/medicina-ciencies-salut\/doctorat-infermeria-salut\u00bb url_new_window=\u00bbon\u00bb button_text=\u00bbDoctorat en Infermeria i Salut\u00bb _builder_version=\u00bb4.21.0&#8243; _module_preset=\u00bbdefault\u00bb global_colors_info=\u00bb{}\u00bb][\/et_pb_button][\/et_pb_column][et_pb_column type=\u00bb1_2&#8243; _builder_version=\u00bb4.20.1&#8243; _module_preset=\u00bbdefault\u00bb global_colors_info=\u00bb{}\u00bb][et_pb_image src=\u00bbhttps:\/\/www.ub.edu\/ema\/wp-content\/uploads\/2024\/02\/Doctorats.png\u00bb title_text=\u00bbDoctorats\u00bb _builder_version=\u00bb4.21.0&#8243; _module_preset=\u00bbdefault\u00bb global_colors_info=\u00bb{}\u00bb][\/et_pb_image][\/et_pb_column][\/et_pb_row][\/et_pb_section][et_pb_section fb_built=\u00bb1&#8243; _builder_version=\u00bb4.20.1&#8243; _module_preset=\u00bbdefault\u00bb custom_padding=\u00bb0px||135px|||\u00bb global_colors_info=\u00bb{}\u00bb][et_pb_row _builder_version=\u00bb4.24.0&#8243; _module_preset=\u00bbdefault\u00bb custom_padding=\u00bb15px||10px|||\u00bb global_colors_info=\u00bb{}\u00bb][et_pb_column type=\u00bb4_4&#8243; _builder_version=\u00bb4.24.0&#8243; _module_preset=\u00bbdefault\u00bb global_colors_info=\u00bb{}\u00bb][et_pb_text _builder_version=\u00bb4.24.0&#8243; _module_preset=\u00bbdefault\u00bb border_width_bottom=\u00bb1px\u00bb border_color_bottom=\u00bb#0C71C3&#8243; global_colors_info=\u00bb{}\u00bb]<\/p>\n<h1><strong>Tesis doctorals dirigides<\/strong><\/h1>\n<p>[\/et_pb_text][\/et_pb_column][\/et_pb_row][et_pb_row _builder_version=\u00bb4.20.1&#8243; _module_preset=\u00bbdefault\u00bb global_colors_info=\u00bb{}\u00bb][et_pb_column type=\u00bb4_4&#8243; _builder_version=\u00bb4.20.1&#8243; _module_preset=\u00bbdefault\u00bb global_colors_info=\u00bb{}\u00bb][et_pb_toggle title=\u00bb2023&#8243; open_toggle_text_color=\u00bb#0C71C3&#8243; icon_color=\u00bb#0C71C3&#8243; open_icon_color=\u00bb#0C71C3&#8243; _builder_version=\u00bb4.24.0&#8243; _module_preset=\u00bbdefault\u00bb title_text_color=\u00bb#0C71C3&#8243; title_level=\u00bbh2&#8243; title_font=\u00bb|700|||||||\u00bb background_color=\u00bb#FFFFFF\u00bb hover_transition_duration=\u00bb0ms\u00bb custom_css_free_form=\u00bb.et_pb_toggle_content ul {||  padding-bottom: 0px !important;||}\u00bb border_color_all=\u00bb#0C71C3&#8243; saved_tabs=\u00bball\u00bb global_colors_info=\u00bb{}\u00bb]<\/p>\n<ul>\n<li style=\"text-align: justify;\">\n<p><span style=\"font-weight: 400;\">La neuroplasticidad en el contexto escolar. Una exploraci\u00f3n de factores clave asociados al rendimiento cognitivo en escolares adolescentes en Chile mediante un an\u00e1lisis de redes. Doherty, Ruth Annya\u00a0(Fecha de defensa: 2023-03-31) EX.Cum laude<\/span><\/p>\n<\/li>\n<li style=\"text-align: justify;\">\n<p><span style=\"font-weight: 400;\"><\/span><span style=\"font-weight: 400;\">Incidencia en el aprendizaje en el aula de estrategias neuroeducativas basadas en la mejora de las funciones ejecutivas.\u00a0Guill\u00e9n, Jes\u00fas C. (Fecha de defensa: 2023-04-14). Ex.Cum laude<\/span><\/p>\n<p><span data-ccp-props=\"{&quot;201341983&quot;:0,&quot;335551550&quot;:6,&quot;335551620&quot;:6,&quot;335559739&quot;:160,&quot;335559740&quot;:259}\">\u00a0<\/span><\/li>\n<\/ul>\n<p>[\/et_pb_toggle][et_pb_toggle title=\u00bb2022&#8243; open_toggle_text_color=\u00bb#0C71C3&#8243; icon_color=\u00bb#0C71C3&#8243; open_icon_color=\u00bb#0C71C3&#8243; _builder_version=\u00bb4.24.0&#8243; _module_preset=\u00bbdefault\u00bb title_text_color=\u00bb#0C71C3&#8243; title_level=\u00bbh2&#8243; title_font=\u00bb|700|||||||\u00bb background_color=\u00bb#FFFFFF\u00bb hover_transition_duration=\u00bb0ms\u00bb custom_css_free_form=\u00bb.et_pb_toggle_content ul {||  padding-bottom: 0px !important;||}\u00bb border_color_all=\u00bb#0C71C3&#8243; saved_tabs=\u00bball\u00bb global_colors_info=\u00bb{}\u00bb]<\/p>\n<ul>\n<li style=\"text-align: justify;\"><span data-contrast=\"auto\">An\u00e0lisi dels factors condicionants de la pr\u00e0ctica d\u2019activitat f\u00edsica en noies adolescents d\u2019Esplugues de Llobregat. Una aproximaci\u00f3 <\/span><span data-contrast=\"auto\">quanti-qualitativa. Alba Rosell\u00f3 Novella. Direcci\u00f3 Victoria Mor\u00edn.\u00a0<\/span><span data-ccp-props=\"{&quot;201341983&quot;:0,&quot;335551550&quot;:6,&quot;335551620&quot;:6,&quot;335559739&quot;:160,&quot;335559740&quot;:259}\">\u00a0<\/span><\/li>\n<li style=\"text-align: justify;\"><span data-contrast=\"auto\">Aprendiendo<\/span><span data-contrast=\"auto\"> a leer y escribir con una tableta. Construcci\u00f3n de la lengua escrita mediada por tabletas en ni\u00f1os de poblaci\u00f3n rural. Tatiana Ghitis. Direcci\u00f3 Anna Escofet i Rosa Julia Guzm\u00e1n Rodr\u00edguez.<\/span><span data-contrast=\"auto\">\u00a0<\/span><\/li>\n<li style=\"text-align: justify;\">Desenvolupament del marc general per a la incorporaci\u00f3 de la compet\u00e8ncia transversal en salut a tots els curr\u00edculums universitaris catalans. Rosa \u00c1lvarez P\u00e9rez. <span data-contrast=\"auto\">Direcci\u00f3 Victoria Mor\u00edn.\u00a0<\/span><span data-ccp-props=\"{&quot;201341983&quot;:0,&quot;335551550&quot;:6,&quot;335551620&quot;:6,&quot;335559739&quot;:160,&quot;335559740&quot;:259}\"> <\/span><\/li>\n<li style=\"text-align: justify;\">Determinants socials de la salut i \u00fas de serveis sanitaris: descripci\u00f3, an\u00e0lisis i percepci\u00f3 en poblaci\u00f3 adulta de Catalunya Central. Berta Rodoreda Pall\u00e0s. <span data-contrast=\"auto\">Direcci\u00f3 Victoria Mor\u00edn.\u00a0<\/span><\/li>\n<li style=\"text-align: justify;\">Evaluaci\u00f3n de la efectividad del calor seco en las extravasaciones del contraste yodado. Jaume Roca Sarsanedes. Direcci\u00f3 Jordi Galimany.<span data-contrast=\"auto\">\u00a0<\/span><\/li>\n<li style=\"text-align: justify;\">Impacto de la implantaci\u00f3n de un rol de enfermera de practica avanzada en el cuidado de personas con enfermedad renal cr\u00f3nica candidatas a recibir un trasplante de ri\u00f1\u00f3n. Guillermo Pedreira Roble. Direcci\u00f3 Victoria Mor\u00edn.<span data-ccp-props=\"{&quot;201341983&quot;:0,&quot;335551550&quot;:6,&quot;335551620&quot;:6,&quot;335559739&quot;:160,&quot;335559740&quot;:259}\">\u00a0<\/span><\/li>\n<\/ul>\n<p>[\/et_pb_toggle][et_pb_toggle title=\u00bb2021&#8243; open_toggle_text_color=\u00bb#0C71C3&#8243; icon_color=\u00bb#0C71C3&#8243; open_icon_color=\u00bb#0C71C3&#8243; _builder_version=\u00bb4.24.0&#8243; _module_preset=\u00bbdefault\u00bb title_text_color=\u00bb#0C71C3&#8243; title_level=\u00bbh2&#8243; title_font=\u00bb|700|||||||\u00bb background_color=\u00bb#FFFFFF\u00bb hover_transition_duration=\u00bb0ms\u00bb custom_css_free_form=\u00bb.et_pb_toggle_content ul {||  padding-bottom: 0px !important;||}\u00bb border_color_all=\u00bb#0C71C3&#8243; saved_tabs=\u00bball\u00bb global_colors_info=\u00bb{}\u00bb]<\/p>\n<ul>\n<li style=\"text-align: justify;\"><span data-contrast=\"none\">Ambientalizaci\u00f3n<\/span><span data-contrast=\"auto\"> de la Epistemolog\u00eda docente mediante un taller formativo. Arias, E. Direcci\u00f3 Genina Calafell.<\/span><span data-contrast=\"none\">\u00a0<\/span><\/li>\n<li style=\"text-align: justify;\">Estudio <span data-contrast=\"auto\">cuasiexperimental sobre la eficacia de una intervenci\u00f3n enfermera a domicilio a pacientes cr\u00f3nicos complejos ancianos. Raul Sancho Agredano. Direcci\u00f3 Jordi Galimany.<\/span><\/li>\n<li style=\"text-align: justify;\">Interacciones y patrones <span data-contrast=\"auto\">evolutivos de los caracteres de historia de vida en humanos. Influencia de los factores sociales y culturales sobre el patr\u00f3n reproductivo. Alina Garvus Ion. Direcci\u00f3 Mireia Esparza.<\/span><\/li>\n<li style=\"text-align: justify;\">L\u2019avaluaci\u00f3 d\u2019activitats del consum des de la perspectiva de l\u2019educaci\u00f3 per a la sostenibilitat i la complexitat: una proposta d\u2019instrument. <span data-contrast=\"auto\">Viciana, S. Direcci\u00f3 Genina Calafell.<\/span><\/li>\n<li style=\"text-align: justify;\">Percepci\u00f3n<span data-contrast=\"auto\"> de los estudiantes del grado de Enfermer\u00eda del proceso de aprendizaje en las pr\u00e1cticas cl\u00ednicas de atenci\u00f3n primaria. Adri\u00e0 Almazor Sirvent. Direcci\u00f3 Anna Escofet.<\/span><span data-ccp-props=\"{&quot;201341983&quot;:0,&quot;335551550&quot;:6,&quot;335551620&quot;:6,&quot;335559739&quot;:160,&quot;335559740&quot;:259}\">\u00a0<\/span><\/li>\n<\/ul>\n<p>[\/et_pb_toggle][et_pb_toggle title=\u00bb2020&#8243; open_toggle_text_color=\u00bb#0C71C3&#8243; icon_color=\u00bb#0C71C3&#8243; open_icon_color=\u00bb#0C71C3&#8243; _builder_version=\u00bb4.24.0&#8243; _module_preset=\u00bbdefault\u00bb title_text_color=\u00bb#0C71C3&#8243; title_level=\u00bbh2&#8243; title_font=\u00bb|700|||||||\u00bb background_color=\u00bb#FFFFFF\u00bb hover_transition_duration=\u00bb0ms\u00bb custom_css_free_form=\u00bb.et_pb_toggle_content ul {||  padding-bottom: 0px !important;||}\u00bb border_color_all=\u00bb#0C71C3&#8243; saved_tabs=\u00bball\u00bb global_colors_info=\u00bb{}\u00bb]<\/p>\n<ul>\n<li><span data-contrast=\"none\" xml:lang=\"CA\" lang=\"CA\" class=\"TextRun SCXW257411218 BCX0\"><span class=\"NormalTextRun SCXW257411218 BCX0\">Las <\/span><span class=\"NormalTextRun SpellingErrorV2Themed SCXW257411218 BCX0\">comunidades<\/span><span class=\"NormalTextRun SCXW257411218 BCX0\"> de <\/span><span class=\"NormalTextRun SpellingErrorV2Themed SCXW257411218 BCX0\">pr\u00e1ctica<\/span><span class=\"NormalTextRun SCXW257411218 BCX0\"> <\/span><span class=\"NormalTextRun SpellingErrorV2Themed SCXW257411218 BCX0\">virtuales<\/span><span class=\"NormalTextRun SCXW257411218 BCX0\"> como <\/span><span class=\"NormalTextRun SpellingErrorV2Themed SCXW257411218 BCX0\">estrategia<\/span><span class=\"NormalTextRun SCXW257411218 BCX0\"> de <\/span><span class=\"NormalTextRun SpellingErrorV2Themed SCXW257411218 BCX0\">formaci\u00f3n<\/span><span class=\"NormalTextRun SCXW257411218 BCX0\"> continua para <\/span><span class=\"NormalTextRun SpellingErrorV2Themed SCXW257411218 BCX0\">fortalecer<\/span><span class=\"NormalTextRun SCXW257411218 BCX0\"> la <\/span><span class=\"NormalTextRun SpellingErrorV2Themed SCXW257411218 BCX0\">pr\u00e1ctica<\/span><span class=\"NormalTextRun SCXW257411218 BCX0\"> <\/span><span class=\"NormalTextRun SpellingErrorV2Themed SCXW257411218 BCX0\">docente<\/span><span class=\"NormalTextRun SCXW257411218 BCX0\"> en preescolar. Nimbe <\/span><span class=\"NormalTextRun SpellingErrorV2Themed SCXW257411218 BCX0\">Arellanos<\/span><span class=\"NormalTextRun SCXW257411218 BCX0\">. Direcci\u00f3 Anna Escofet.<\/span><\/span><span class=\"EOP SCXW257411218 BCX0\" data-ccp-props=\"{&quot;201341983&quot;:0,&quot;335551550&quot;:6,&quot;335551620&quot;:6,&quot;335559739&quot;:160,&quot;335559740&quot;:276}\">\u00a0<\/span><\/li>\n<\/ul>\n<p>[\/et_pb_toggle][et_pb_toggle title=\u00bb2019&#8243; open_toggle_text_color=\u00bb#0C71C3&#8243; icon_color=\u00bb#0C71C3&#8243; open_icon_color=\u00bb#0C71C3&#8243; _builder_version=\u00bb4.24.0&#8243; _module_preset=\u00bbdefault\u00bb title_text_color=\u00bb#0C71C3&#8243; title_level=\u00bbh2&#8243; title_font=\u00bb|700|||||||\u00bb background_color=\u00bb#FFFFFF\u00bb hover_transition_duration=\u00bb0ms\u00bb custom_css_free_form=\u00bb.et_pb_toggle_content ul {||  padding-bottom: 0px !important;||}\u00bb border_color_all=\u00bb#0C71C3&#8243; saved_tabs=\u00bball\u00bb global_colors_info=\u00bb{}\u00bb]<\/p>\n<ul>\n<li><span data-contrast=\"none\" xml:lang=\"CA\" lang=\"CA\" class=\"TextRun SCXW138929533 BCX0\"><span class=\"NormalTextRun SCXW138929533 BCX0\">La <\/span><span class=\"NormalTextRun SpellingErrorV2Themed SCXW138929533 BCX0\">comunidad<\/span><span class=\"NormalTextRun SCXW138929533 BCX0\"> de <\/span><span class=\"NormalTextRun SpellingErrorV2Themed SCXW138929533 BCX0\">pr\u00e1ctica<\/span><span class=\"NormalTextRun SCXW138929533 BCX0\"> virtual como entorno digital de <\/span><span class=\"NormalTextRun SpellingErrorV2Themed SCXW138929533 BCX0\">aprendizaje<\/span><span class=\"NormalTextRun SCXW138929533 BCX0\"> en la <\/span><span class=\"NormalTextRun SpellingErrorV2Themed SCXW138929533 BCX0\">Escuela<\/span><span class=\"NormalTextRun SCXW138929533 BCX0\"> de <\/span><span class=\"NormalTextRun SpellingErrorV2Themed SCXW138929533 BCX0\">Obstetricia<\/span><span class=\"NormalTextRun SCXW138929533 BCX0\"> y Puericultura de la <\/span><span class=\"NormalTextRun SpellingErrorV2Themed SCXW138929533 BCX0\">Universidad<\/span><span class=\"NormalTextRun SCXW138929533 BCX0\"> de Valpara\u00edso, <\/span><span class=\"NormalTextRun SpellingErrorV2Themed SCXW138929533 BCX0\">Chile<\/span><span class=\"NormalTextRun SCXW138929533 BCX0\">. Claudia Guti\u00e9rrez. Direcci\u00f3 Anna Escofet.<\/span><\/span><span class=\"EOP SCXW138929533 BCX0\" data-ccp-props=\"{&quot;201341983&quot;:0,&quot;335551550&quot;:6,&quot;335551620&quot;:6,&quot;335559739&quot;:160,&quot;335559740&quot;:276}\">\u00a0<\/span><span data-contrast=\"none\" xml:lang=\"CA\" lang=\"CA\" class=\"TextRun SCXW257411218 BCX0\"><span class=\"NormalTextRun SCXW257411218 BCX0\"><\/span><\/span><\/li>\n<\/ul>\n<p>[\/et_pb_toggle][et_pb_toggle title=\u00bb2018&#8243; open_toggle_text_color=\u00bb#0C71C3&#8243; icon_color=\u00bb#0C71C3&#8243; open_icon_color=\u00bb#0C71C3&#8243; _builder_version=\u00bb4.24.0&#8243; _module_preset=\u00bbdefault\u00bb title_text_color=\u00bb#0C71C3&#8243; title_level=\u00bbh2&#8243; title_font=\u00bb|700|||||||\u00bb background_color=\u00bb#FFFFFF\u00bb hover_transition_duration=\u00bb0ms\u00bb custom_css_free_form=\u00bb.et_pb_toggle_content ul {||  padding-bottom: 0px !important;||}\u00bb border_color_all=\u00bb#0C71C3&#8243; saved_tabs=\u00bball\u00bb global_colors_info=\u00bb{}\u00bb]<\/p>\n<ul>\n<li style=\"text-align: justify;\"><span data-contrast=\"none\">La Gobernanza enfermera en la organizaci\u00f3n socio sanitaria en Catalunya: an\u00e1lisis de las protagonistas y su contexto. Montserrat Rod\u00f3 Cobo. Subdirecci\u00f3 Montserrat Sol\u00e0.<\/span><span data-ccp-props=\"{&quot;201341983&quot;:0,&quot;335551550&quot;:6,&quot;335551620&quot;:6,&quot;335559739&quot;:160,&quot;335559740&quot;:276}\">\u00a0<\/span><\/li>\n<li style=\"text-align: justify;\"><span data-contrast=\"none\">La Modalidad de Educaci\u00f3n Semipresencial en el Sistema Nacional de Educaci\u00f3n Ecuatoriano. Francisco Enrique Mor\u00e1n. Direcci\u00f3 Anna Escofet.<\/span><span data-ccp-props=\"{&quot;201341983&quot;:0,&quot;335551550&quot;:6,&quot;335551620&quot;:6,&quot;335559739&quot;:160,&quot;335559740&quot;:276}\">\u00a0<\/span><span data-contrast=\"none\" xml:lang=\"CA\" lang=\"CA\" class=\"TextRun SCXW138929533 BCX0\"><span class=\"NormalTextRun SCXW138929533 BCX0\"><\/span><\/span><span data-contrast=\"none\" xml:lang=\"CA\" lang=\"CA\" class=\"TextRun SCXW257411218 BCX0\"><span class=\"NormalTextRun SCXW257411218 BCX0\"><\/span><\/span><\/li>\n<\/ul>\n<p>[\/et_pb_toggle][et_pb_toggle title=\u00bb2017&#8243; open_toggle_text_color=\u00bb#0C71C3&#8243; icon_color=\u00bb#0C71C3&#8243; open_icon_color=\u00bb#0C71C3&#8243; _builder_version=\u00bb4.24.0&#8243; _module_preset=\u00bbdefault\u00bb title_text_color=\u00bb#0C71C3&#8243; title_level=\u00bbh2&#8243; title_font=\u00bb|700|||||||\u00bb background_color=\u00bb#FFFFFF\u00bb hover_transition_duration=\u00bb0ms\u00bb custom_css_free_form=\u00bb.et_pb_toggle_content ul {||  padding-bottom: 0px !important;||}\u00bb border_color_all=\u00bb#0C71C3&#8243; saved_tabs=\u00bball\u00bb global_colors_info=\u00bb{}\u00bb]<\/p>\n<ul>\n<li style=\"text-align: justify;\"><span data-contrast=\"none\">El <\/span><span data-contrast=\"auto\">recurso residencial como posibilidad para vivir y trabajar en \u00e9l. Acci\u00f3n socioeducativa y diversidad funcional. Oscar Mart\u00ednez Rivera. Direcci\u00f3 Anna For\u00e9s.<\/span><\/li>\n<li style=\"text-align: justify;\">Estudio <span data-contrast=\"auto\">Exploratorio sobre Razonamiento Cl\u00ednico en Odontolog\u00eda. Erik Dreyer Arroyo. Direcci\u00f3 Anna For\u00e9s.<\/span><\/li>\n<li style=\"text-align: justify;\">Proc\u00e9s de disseny d\u2019escenaris did\u00e0ctics per a l\u2019ambientalitzaci\u00f3 curricular en l\u2019educaci\u00f3 obligat\u00f2ria. <span data-contrast=\"auto\">Franc\u00e0s, Q. Direcci\u00f3 Genina Calafell.<\/span><\/li>\n<li style=\"text-align: justify;\">Uso de las <span data-contrast=\"auto\">tecnolog\u00edas digitales en el aprendizaje formal, no formal e informal en estudiantes de la carrera de odontolog\u00eda de la Universidad de los Andes, Santiago, Chile. Andrea del Pilar Orme\u00f1o. Direcci\u00f3 Anna Escofet.\u00a0<\/span><span data-contrast=\"none\">\u00a0<\/span><span data-ccp-props=\"{&quot;201341983&quot;:0,&quot;335551550&quot;:6,&quot;335551620&quot;:6,&quot;335559739&quot;:160,&quot;335559740&quot;:259}\">\u00a0<\/span><\/li>\n<\/ul>\n<p>[\/et_pb_toggle][et_pb_toggle title=\u00bb2016&#8243; open_toggle_text_color=\u00bb#0C71C3&#8243; icon_color=\u00bb#0C71C3&#8243; open_icon_color=\u00bb#0C71C3&#8243; _builder_version=\u00bb4.24.0&#8243; _module_preset=\u00bbdefault\u00bb title_text_color=\u00bb#0C71C3&#8243; title_level=\u00bbh2&#8243; title_font=\u00bb|700|||||||\u00bb background_color=\u00bb#FFFFFF\u00bb hover_transition_duration=\u00bb0ms\u00bb custom_css_free_form=\u00bb.et_pb_toggle_content ul {||  padding-bottom: 0px !important;||}\u00bb border_color_all=\u00bb#0C71C3&#8243; saved_tabs=\u00bball\u00bb global_colors_info=\u00bb{}\u00bb]<\/p>\n<ul>\n<li><span data-contrast=\"none\" xml:lang=\"CA\" lang=\"CA\" class=\"TextRun SCXW21547566 BCX0\"><span class=\"NormalTextRun SpellingErrorV2Themed SCXW21547566 BCX0\">Concepciones<\/span><span class=\"NormalTextRun SCXW21547566 BCX0\"> y <\/span><span class=\"NormalTextRun SpellingErrorV2Themed SCXW21547566 BCX0\">percepciones<\/span><span class=\"NormalTextRun SCXW21547566 BCX0\"> de la <\/span><span class=\"NormalTextRun SpellingErrorV2Themed SCXW21547566 BCX0\">calidad<\/span><span class=\"NormalTextRun SCXW21547566 BCX0\"> del e-<\/span><span class=\"NormalTextRun SpellingErrorV2Themed SCXW21547566 BCX0\">learning<\/span><span class=\"NormalTextRun SCXW21547566 BCX0\"> en Am\u00e9rica <\/span><span class=\"NormalTextRun SpellingErrorV2Themed SCXW21547566 BCX0\">Latina<\/span><span class=\"NormalTextRun SCXW21547566 BCX0\">. <\/span><span class=\"NormalTextRun SpellingErrorV2Themed SCXW21547566 BCX0\">Marianela<\/span><span class=\"NormalTextRun SCXW21547566 BCX0\"> Salas Soto. Direcci\u00f3 Anna Escofet.\u00a0<\/span><\/span><span class=\"EOP SCXW21547566 BCX0\" data-ccp-props=\"{&quot;201341983&quot;:0,&quot;335551550&quot;:1,&quot;335551620&quot;:1,&quot;335559739&quot;:160,&quot;335559740&quot;:276}\">\u00a0<\/span><\/li>\n<\/ul>\n<p>[\/et_pb_toggle][\/et_pb_column][\/et_pb_row][\/et_pb_section]<\/p>\n","protected":false},"excerpt":{"rendered":"<p>Els doctorats representen una oportunitat per contribuir de manera significativa al coneixement del teu camp, permetent realitzar investigacions avan\u00e7ades i desenvolupar projectes que podrien tenir un impacte real en la \u00e0rea d&#8217;estudi. No nom\u00e9s representen un cam\u00ed acad\u00e8mic, sin\u00f3 tamb\u00e9 una oportunitat per deixar la teva empremta en el m\u00f3n del coneixement. Tesis doctorals dirigides [&hellip;]<\/p>\n","protected":false},"author":2,"featured_media":0,"parent":0,"menu_order":0,"comment_status":"closed","ping_status":"closed","template":"","meta":{"_et_pb_use_builder":"on","_et_pb_old_content":"","_et_gb_content_width":"","footnotes":""},"class_list":["post-209","page","type-page","status-publish","hentry"],"_links":{"self":[{"href":"https:\/\/www.ub.edu\/ema\/wp-json\/wp\/v2\/pages\/209","targetHints":{"allow":["GET"]}}],"collection":[{"href":"https:\/\/www.ub.edu\/ema\/wp-json\/wp\/v2\/pages"}],"about":[{"href":"https:\/\/www.ub.edu\/ema\/wp-json\/wp\/v2\/types\/page"}],"author":[{"embeddable":true,"href":"https:\/\/www.ub.edu\/ema\/wp-json\/wp\/v2\/users\/2"}],"replies":[{"embeddable":true,"href":"https:\/\/www.ub.edu\/ema\/wp-json\/wp\/v2\/comments?post=209"}],"version-history":[{"count":9,"href":"https:\/\/www.ub.edu\/ema\/wp-json\/wp\/v2\/pages\/209\/revisions"}],"predecessor-version":[{"id":681,"href":"https:\/\/www.ub.edu\/ema\/wp-json\/wp\/v2\/pages\/209\/revisions\/681"}],"wp:attachment":[{"href":"https:\/\/www.ub.edu\/ema\/wp-json\/wp\/v2\/media?parent=209"}],"curies":[{"name":"wp","href":"https:\/\/api.w.org\/{rel}","templated":true}]}}