{"id":56,"date":"2022-11-15T22:27:55","date_gmt":"2022-11-15T20:27:55","guid":{"rendered":"https:\/\/www.ub.edu\/ema\/?page_id=56"},"modified":"2024-02-07T11:33:25","modified_gmt":"2024-02-07T09:33:25","slug":"graus","status":"publish","type":"page","link":"https:\/\/www.ub.edu\/ema\/26-2\/graus\/","title":{"rendered":"Graus"},"content":{"rendered":"<p>[et_pb_section fb_built=\u00bb1&#8243; _builder_version=\u00bb4.21.0&#8243; _module_preset=\u00bbdefault\u00bb custom_padding=\u00bb32px||0px|||\u00bb global_colors_info=\u00bb{}\u00bb][et_pb_row _builder_version=\u00bb4.21.0&#8243; _module_preset=\u00bbdefault\u00bb global_colors_info=\u00bb{}\u00bb][et_pb_column type=\u00bb4_4&#8243; _builder_version=\u00bb4.21.0&#8243; _module_preset=\u00bbdefault\u00bb global_colors_info=\u00bb{}\u00bb][et_pb_post_title meta=\u00bboff\u00bb featured_image=\u00bboff\u00bb _builder_version=\u00bb4.21.0&#8243; _module_preset=\u00bbdefault\u00bb title_font=\u00bb|||||on|||\u00bb background_color=\u00bb#e0f3fc\u00bb custom_padding=\u00bb10px|13px|2px|13px|false|true\u00bb global_module=\u00bb261&#8243; global_colors_info=\u00bb{}\u00bb][\/et_pb_post_title][\/et_pb_column][\/et_pb_row][\/et_pb_section][et_pb_section fb_built=\u00bb1&#8243; _builder_version=\u00bb4.20.1&#8243; _module_preset=\u00bbdefault\u00bb custom_padding=\u00bb0px||135px|||\u00bb global_colors_info=\u00bb{}\u00bb][et_pb_row _builder_version=\u00bb4.21.0&#8243; _module_preset=\u00bbdefault\u00bb custom_padding=\u00bb0px||45px|||\u00bb global_colors_info=\u00bb{}\u00bb][et_pb_column type=\u00bb4_4&#8243; _builder_version=\u00bb4.21.0&#8243; _module_preset=\u00bbdefault\u00bb global_colors_info=\u00bb{}\u00bb][et_pb_text _builder_version=\u00bb4.21.0&#8243; _module_preset=\u00bbdefault\u00bb global_colors_info=\u00bb{}\u00bb]<\/p>\n<p>Aquest projecte integra diversos graus de la UB que abracen diverses \u00e0rees del coneixement. La universitat est\u00e0 compromesa a oferir oportunitats per a l&#8217;aprenentatge en profunditat i el creixement personal. \u00a0L&#8217;aprenentatge no es limita nom\u00e9s a l&#8217;aula, i la nostra p\u00e0gina web est\u00e0 dissenyada per complementar les teves experi\u00e8ncies acad\u00e8miques.<\/p>\n<p>Explora els graus, descobreix els materials i comen\u00e7a a potenciar la teva educaci\u00f3 ara mateix.<\/p>\n<p>[\/et_pb_text][\/et_pb_column][\/et_pb_row][et_pb_row column_structure=\u00bb1_2,1_2&#8243; _builder_version=\u00bb4.20.1&#8243; _module_preset=\u00bbdefault\u00bb custom_padding=\u00bb0px|||||\u00bb global_colors_info=\u00bb{}\u00bb][et_pb_column type=\u00bb1_2&#8243; _builder_version=\u00bb4.20.1&#8243; _module_preset=\u00bbdefault\u00bb global_colors_info=\u00bb{}\u00bb][et_pb_button button_url=\u00bbhttps:\/\/web.ub.edu\/ca\/web\/estudis\/w\/grau-G1028&#8243; url_new_window=\u00bbon\u00bb button_text=\u00bbGrau en Educaci\u00f3 Social\u00bb _builder_version=\u00bb4.21.0&#8243; _module_preset=\u00bbdefault\u00bb hover_enabled=\u00bb0&#8243; global_colors_info=\u00bb{}\u00bb sticky_enabled=\u00bb0&#8243;][\/et_pb_button][et_pb_button button_url=\u00bbhttps:\/\/www.ub.edu\/portal\/web\/educacio\/graus\/-\/ensenyament\/detallEnsenyament\/1071986%20&#8243; url_new_window=\u00bbon\u00bb button_text=\u00bbGrau en Mestre d\u2019Educaci\u00f3 Infantil\u00bb _builder_version=\u00bb4.21.0&#8243; _module_preset=\u00bbdefault\u00bb global_colors_info=\u00bb{}\u00bb][\/et_pb_button][et_pb_button button_url=\u00bbhttps:\/\/www.ub.edu\/portal\/web\/educacio\/graus\/-\/ensenyament\/detallEnsenyament\/1071998%20&#8243; url_new_window=\u00bbon\u00bb button_text=\u00bbGrau en Mestre d\u2019Educaci\u00f3 Prim\u00e0ria\u00bb _builder_version=\u00bb4.21.0&#8243; _module_preset=\u00bbdefault\u00bb global_colors_info=\u00bb{}\u00bb][\/et_pb_button][et_pb_button button_url=\u00bbhttps:\/\/www.ub.edu\/portal\/web\/medicina-ciencies-salut\/grau\/-\/ensenyament\/detallEnsenyament\/4917553%20&#8243; url_new_window=\u00bbon\u00bb button_text=\u00bbGrau en Infermeria\u00bb _builder_version=\u00bb4.21.0&#8243; _module_preset=\u00bbdefault\u00bb global_colors_info=\u00bb{}\u00bb][\/et_pb_button][et_pb_button button_url=\u00bbhttps:\/\/www.ub.edu\/portal\/web\/educacio\/graus\/-\/ensenyament\/detallEnsenyament\/1072031%20&#8243; url_new_window=\u00bbon\u00bb button_text=\u00bbGrau en Pedagogia\u00bb _builder_version=\u00bb4.21.0&#8243; _module_preset=\u00bbdefault\u00bb global_colors_info=\u00bb{}\u00bb][\/et_pb_button][\/et_pb_column][et_pb_column type=\u00bb1_2&#8243; _builder_version=\u00bb4.20.1&#8243; _module_preset=\u00bbdefault\u00bb global_colors_info=\u00bb{}\u00bb][et_pb_image src=\u00bbhttps:\/\/www.ub.edu\/ema\/wp-content\/uploads\/2024\/02\/Graus-1.png\u00bb title_text=\u00bbGraus\u00bb _builder_version=\u00bb4.21.0&#8243; _module_preset=\u00bbdefault\u00bb global_colors_info=\u00bb{}\u00bb][\/et_pb_image][\/et_pb_column][\/et_pb_row][\/et_pb_section]<\/p>\n","protected":false},"excerpt":{"rendered":"<p>Aquest projecte integra diversos graus de la UB que abracen diverses \u00e0rees del coneixement. La universitat est\u00e0 compromesa a oferir oportunitats per a l&#8217;aprenentatge en profunditat i el creixement personal. \u00a0L&#8217;aprenentatge no es limita nom\u00e9s a l&#8217;aula, i la nostra p\u00e0gina web est\u00e0 dissenyada per complementar les teves experi\u00e8ncies acad\u00e8miques. Explora els graus, descobreix els [&hellip;]<\/p>\n","protected":false},"author":1,"featured_media":0,"parent":26,"menu_order":0,"comment_status":"closed","ping_status":"closed","template":"","meta":{"_et_pb_use_builder":"on","_et_pb_old_content":"<!-- wp:divi\/placeholder \/-->","_et_gb_content_width":"","footnotes":""},"class_list":["post-56","page","type-page","status-publish","hentry"],"_links":{"self":[{"href":"https:\/\/www.ub.edu\/ema\/wp-json\/wp\/v2\/pages\/56","targetHints":{"allow":["GET"]}}],"collection":[{"href":"https:\/\/www.ub.edu\/ema\/wp-json\/wp\/v2\/pages"}],"about":[{"href":"https:\/\/www.ub.edu\/ema\/wp-json\/wp\/v2\/types\/page"}],"author":[{"embeddable":true,"href":"https:\/\/www.ub.edu\/ema\/wp-json\/wp\/v2\/users\/1"}],"replies":[{"embeddable":true,"href":"https:\/\/www.ub.edu\/ema\/wp-json\/wp\/v2\/comments?post=56"}],"version-history":[{"count":13,"href":"https:\/\/www.ub.edu\/ema\/wp-json\/wp\/v2\/pages\/56\/revisions"}],"predecessor-version":[{"id":378,"href":"https:\/\/www.ub.edu\/ema\/wp-json\/wp\/v2\/pages\/56\/revisions\/378"}],"up":[{"embeddable":true,"href":"https:\/\/www.ub.edu\/ema\/wp-json\/wp\/v2\/pages\/26"}],"wp:attachment":[{"href":"https:\/\/www.ub.edu\/ema\/wp-json\/wp\/v2\/media?parent=56"}],"curies":[{"name":"wp","href":"https:\/\/api.w.org\/{rel}","templated":true}]}}