{"id":58,"date":"2022-11-15T22:28:11","date_gmt":"2022-11-15T20:28:11","guid":{"rendered":"https:\/\/www.ub.edu\/ema\/?page_id=58"},"modified":"2024-02-07T11:32:10","modified_gmt":"2024-02-07T09:32:10","slug":"masters-i-postgraus","status":"publish","type":"page","link":"https:\/\/www.ub.edu\/ema\/26-2\/masters-i-postgraus\/","title":{"rendered":"M\u00e0sters i postgraus"},"content":{"rendered":"<p>[et_pb_section fb_built=\u00bb1&#8243; _builder_version=\u00bb4.21.0&#8243; _module_preset=\u00bbdefault\u00bb custom_padding=\u00bb31px||0px|||\u00bb global_colors_info=\u00bb{}\u00bb][et_pb_row _builder_version=\u00bb4.21.0&#8243; _module_preset=\u00bbdefault\u00bb global_colors_info=\u00bb{}\u00bb][et_pb_column type=\u00bb4_4&#8243; _builder_version=\u00bb4.21.0&#8243; _module_preset=\u00bbdefault\u00bb global_colors_info=\u00bb{}\u00bb][et_pb_post_title meta=\u00bboff\u00bb featured_image=\u00bboff\u00bb _builder_version=\u00bb4.21.0&#8243; _module_preset=\u00bbdefault\u00bb title_font=\u00bb|||||on|||\u00bb background_color=\u00bb#e0f3fc\u00bb custom_padding=\u00bb10px|13px|2px|13px|false|true\u00bb global_module=\u00bb261&#8243; global_colors_info=\u00bb{}\u00bb][\/et_pb_post_title][\/et_pb_column][\/et_pb_row][\/et_pb_section][et_pb_section fb_built=\u00bb1&#8243; _builder_version=\u00bb4.20.1&#8243; _module_preset=\u00bbdefault\u00bb custom_padding=\u00bb0px||135px|||\u00bb global_colors_info=\u00bb{}\u00bb][et_pb_row _builder_version=\u00bb4.20.1&#8243; _module_preset=\u00bbdefault\u00bb custom_padding=\u00bb0px||30px|||\u00bb global_colors_info=\u00bb{}\u00bb][et_pb_column type=\u00bb4_4&#8243; _builder_version=\u00bb4.20.1&#8243; _module_preset=\u00bbdefault\u00bb global_colors_info=\u00bb{}\u00bb][et_pb_text _builder_version=\u00bb4.21.0&#8243; _module_preset=\u00bbdefault\u00bb global_colors_info=\u00bb{}\u00bb]<\/p>\n<p>Les oportunitats de postgrau que ofereix la universitat a trav\u00e9s dels seus m\u00e0sters no nom\u00e9s amplia les opcions acad\u00e8miques, sin\u00f3 que tamb\u00e9 representen una oportunitat excepcional per aprofundir en un camp espec\u00edfic i adquirir coneixements avan\u00e7ats.<\/p>\n<p>En aquesta secci\u00f3, no nom\u00e9s trobar\u00e0s informaci\u00f3 detallada sobre els m\u00e0sters disponibles, sin\u00f3 tamb\u00e9 recursos addicionals que complementaran la teva experi\u00e8ncia d&#8217;aprenentatge. Des de seminaris web exclusius fins a materials avan\u00e7ats i estudis de cas.<\/p>\n<p>[\/et_pb_text][\/et_pb_column][\/et_pb_row][et_pb_row column_structure=\u00bb1_2,1_2&#8243; _builder_version=\u00bb4.20.1&#8243; _module_preset=\u00bbdefault\u00bb global_colors_info=\u00bb{}\u00bb][et_pb_column type=\u00bb1_2&#8243; _builder_version=\u00bb4.20.1&#8243; _module_preset=\u00bbdefault\u00bb global_colors_info=\u00bb{}\u00bb][et_pb_button button_url=\u00bbhttps:\/\/www.ub.edu\/portal\/web\/educacio\/masters-universitaris\/-\/ensenyament\/detallEnsenyament\/10180487%20&#8243; url_new_window=\u00bbon\u00bb button_text=\u00bbM\u00e0ster en Entorns d\u2019Ensenyament i Aprenentatge amb Tecnologies Digitals\u00bb _builder_version=\u00bb4.20.1&#8243; _module_preset=\u00bbdefault\u00bb global_colors_info=\u00bb{}\u00bb][\/et_pb_button][et_pb_button button_url=\u00bbhttps:\/\/www.ub.edu\/portal\/web\/educacio\/masters-universitaris\/-\/ensenyaments\/detall\/1028535&#8243; url_new_window=\u00bbon\u00bb button_text=\u00bbM\u00e0ster en Formaci\u00f3 del Professorat de Secund\u00e0ria Obligat\u00f2ria i Batxillerat, Formaci\u00f3 Professional i Ensenyament d&#8217;Idiomes \u00bb _builder_version=\u00bb4.21.0&#8243; _module_preset=\u00bbdefault\u00bb global_colors_info=\u00bb{}\u00bb][\/et_pb_button][et_pb_button button_url=\u00bbhttps:\/\/web.ub.edu\/web\/estudis\/w\/masterpropi-202211871&#8243; url_new_window=\u00bbon\u00bb button_text=\u00bbPostgrau en Disseny d&#8217;Espais d&#8217;Aprenentatge \u00bb _builder_version=\u00bb4.21.0&#8243; _module_preset=\u00bbdefault\u00bb global_colors_info=\u00bb{}\u00bb][\/et_pb_button][\/et_pb_column][et_pb_column type=\u00bb1_2&#8243; _builder_version=\u00bb4.20.1&#8243; _module_preset=\u00bbdefault\u00bb global_colors_info=\u00bb{}\u00bb][et_pb_image src=\u00bbhttps:\/\/www.ub.edu\/ema\/wp-content\/uploads\/2024\/02\/Masters_postgraus.png\u00bb title_text=\u00bbMasters_postgraus\u00bb _builder_version=\u00bb4.21.0&#8243; _module_preset=\u00bbdefault\u00bb global_colors_info=\u00bb{}\u00bb][\/et_pb_image][\/et_pb_column][\/et_pb_row][\/et_pb_section]<\/p>\n","protected":false},"excerpt":{"rendered":"<p>Les oportunitats de postgrau que ofereix la universitat a trav\u00e9s dels seus m\u00e0sters no nom\u00e9s amplia les opcions acad\u00e8miques, sin\u00f3 que tamb\u00e9 representen una oportunitat excepcional per aprofundir en un camp espec\u00edfic i adquirir coneixements avan\u00e7ats. En aquesta secci\u00f3, no nom\u00e9s trobar\u00e0s informaci\u00f3 detallada sobre els m\u00e0sters disponibles, sin\u00f3 tamb\u00e9 recursos addicionals que complementaran la [&hellip;]<\/p>\n","protected":false},"author":1,"featured_media":0,"parent":26,"menu_order":0,"comment_status":"closed","ping_status":"closed","template":"","meta":{"_et_pb_use_builder":"on","_et_pb_old_content":"<!-- wp:divi\/placeholder \/-->","_et_gb_content_width":"","footnotes":""},"class_list":["post-58","page","type-page","status-publish","hentry"],"_links":{"self":[{"href":"https:\/\/www.ub.edu\/ema\/wp-json\/wp\/v2\/pages\/58","targetHints":{"allow":["GET"]}}],"collection":[{"href":"https:\/\/www.ub.edu\/ema\/wp-json\/wp\/v2\/pages"}],"about":[{"href":"https:\/\/www.ub.edu\/ema\/wp-json\/wp\/v2\/types\/page"}],"author":[{"embeddable":true,"href":"https:\/\/www.ub.edu\/ema\/wp-json\/wp\/v2\/users\/1"}],"replies":[{"embeddable":true,"href":"https:\/\/www.ub.edu\/ema\/wp-json\/wp\/v2\/comments?post=58"}],"version-history":[{"count":9,"href":"https:\/\/www.ub.edu\/ema\/wp-json\/wp\/v2\/pages\/58\/revisions"}],"predecessor-version":[{"id":377,"href":"https:\/\/www.ub.edu\/ema\/wp-json\/wp\/v2\/pages\/58\/revisions\/377"}],"up":[{"embeddable":true,"href":"https:\/\/www.ub.edu\/ema\/wp-json\/wp\/v2\/pages\/26"}],"wp:attachment":[{"href":"https:\/\/www.ub.edu\/ema\/wp-json\/wp\/v2\/media?parent=58"}],"curies":[{"name":"wp","href":"https:\/\/api.w.org\/{rel}","templated":true}]}}