{"id":19,"date":"2020-09-30T11:38:56","date_gmt":"2020-09-30T09:38:56","guid":{"rendered":"https:\/\/www.ub.edu\/emotions20\/?page_id=19"},"modified":"2020-11-27T22:25:13","modified_gmt":"2020-11-27T20:25:13","slug":"programme","status":"publish","type":"page","link":"https:\/\/www.ub.edu\/emotions20\/programme\/","title":{"rendered":"Programme"},"content":{"rendered":"\n<h5 id=\"wp-block-themeisle-blocks-advanced-heading-c4530442\" class=\"wp-block-themeisle-blocks-advanced-heading wp-block-themeisle-blocks-advanced-heading-c4530442\"><strong><a rel=\"noreferrer noopener\" href=\"https:\/\/www.ub.edu\/emotions20\/wp-content\/uploads\/2020\/11\/Program_9th_Midterm_RN11.pdf\" target=\"_blank\">Download Programme PDF<\/a><\/strong><br><strong><a href=\"https:\/\/www.ub.edu\/emotions20\/wp-content\/uploads\/2020\/11\/Abstractbook_9th_Midterm_RN11.pdf\" target=\"_blank\" rel=\"noreferrer noopener\">Download Abstract Book PDF<\/a><\/strong><\/h5>\n\n\n\n<br>\n\n\n\n<p class=\"has-text-align-center has-medium-font-size\"><strong>THE<\/strong> <strong>9th MIDTERM CONFERENCE ON EMOTIONS&nbsp;<br><\/strong>RN 11 \u201cSociology of Emotions\u201d of the European Sociological Association (ESA)<br>25<sup>th<\/sup>\u201327<sup>th<\/sup> November 2020, online<\/p>\n\n\n\n<br><br>\n\n\n\n<p><em><strong>*Please notice all times are CET<\/strong><\/em><\/p>\n\n\n\n<br><br>\n\n\n\n<p class=\"has-medium-font-size\"><strong>November 23<sup>rd <\/sup>\u2013 24<sup>th<\/sup>, 2020: PhD-Workshop<\/strong><\/p>\n\n\n\n<p>9.30-14.30: <a rel=\"noreferrer noopener\" href=\"https:\/\/www.ub.edu\/emotions20\/phd-workshop\/\" target=\"_blank\"><strong>PhD-Workshop<\/strong><\/a><\/p>\n\n\n\n<p><em>Nat\u00e0lia Cant\u00f3-Mil\u00e0, Yvonne Albrecht<\/em><br><br>   <\/p>\n\n\n\n<p class=\"has-medium-font-size\"><strong><u>Wednesday, November 25<sup>th<\/sup>, 2020<\/u><\/strong><\/p>\n\n\n\n<p><strong><u>9.30-10am<\/u><\/strong>: <strong>Opening of the Conference<\/strong><em><br>Alberto Mart\u00edn P\u00e9rez,<\/em> Organizer of the Conference for the Board of RN 11<br><em>Marta Soler,<\/em> President of the European Sociological Association (ESA)<br><em><u>Link:<\/u> <em><strong><a href=\"https:\/\/www.ub.edu\/emotions20\/sessions\/\" target=\"_blank\" rel=\"noreferrer noopener\">Conference Room 1<\/a><\/strong><\/em><\/em><\/p>\n\n\n\n<br>\n\n\n\n<p><strong><u>10-12am<\/u><\/strong><\/p>\n\n\n\n<p><strong>Panel 1: Emotional Regimes, Gender and Bodies<br><\/strong><em><u>Chair<\/u><\/em><em>: Nina Margies<\/em><\/p>\n\n\n\n<p><em>Link: <a href=\"https:\/\/www.ub.edu\/emotions20\/sessions\/\" target=\"_blank\" rel=\"noreferrer noopener\"><em><strong>Conference Room 1<\/strong><\/em><\/a><\/em><\/p>\n\n\n\n<p><em>Daria Litvina:<\/em> Changing Emotional Regimes of Reproductive Loss in Russia: Perspectives of Women and Specialists<\/p>\n\n\n\n<p><em>Nina Hossain<\/em>: Politics \u2013 Emotion \u2013 Gender: About Emotional Capital and Emotional Work<\/p>\n\n\n\n<p><em>G\u00f6zde C\u00f6bek<\/em>: Beyond the Female Love-Male Sex Duality: A Non-Representational Approach to Online Dating Studies<\/p>\n\n\n\n<p><em>Ay\u015feg\u00fcl Akdemir<\/em>: Emotional Labour in Call Centres: Doing and Undoing Gender<\/p>\n\n\n\n<p><strong>Panel 2: Theorizing Affects and Emotions<br><\/strong><em><u>Chair<\/u><\/em>: <em>Nat\u00e0lia Cant\u00f3-Mil\u00e0<\/em><\/p>\n\n\n\n<p><em>Link: <a href=\"https:\/\/www.ub.edu\/emotions20\/sessions\/\" target=\"_blank\" rel=\"noreferrer noopener\"><em><strong>Conference Room 2<\/strong><\/em><\/a><\/em><\/p>\n\n\n\n<p><em>Elgen Sauerborn &amp; Nina S\u00f6kefeld<\/em>: Emotion Programs and the Fabrication of Feelings<\/p>\n\n\n\n<p><em>Sandra Matth\u00e4us<\/em>: Self.Worth-Feelings as the Legitimate Subject Structure of (Late) Modernity, or: Explicating Pierre Bourdieu&#8217;s Implicit Theory of Affect<\/p>\n\n\n\n<p><em>Christian von Scheve<\/em>: Affective Meanings and Social Relations: Identities and Positions in Social Space<\/p>\n\n\n\n<p><em>Alberto Mart\u00edn P\u00e9rez<\/em>: \u2018Emotion Makers\u2019: Scientific Legitimation of Social Discourses on Happiness<\/p>\n\n\n\n<br>\n\n\n\n<p><strong><u>12-13h<\/u>: Lunch Break<\/strong><\/p>\n\n\n\n<br>\n\n\n\n<p><strong><u>13-15pm<\/u><\/strong><\/p>\n\n\n\n<p><strong>Panel 1: Family, Care and Emotionality<\/strong><\/p>\n\n\n\n<p><em><u>Chair:<\/u><\/em><em> Yvonne Albrecht<\/em><\/p>\n\n\n\n<p><em><u>Link:<\/u> <a href=\"https:\/\/www.ub.edu\/emotions20\/sessions\/\" target=\"_blank\" rel=\"noreferrer noopener\"><em><strong>Conference Room 1<\/strong><\/em><\/a><\/em><\/p>\n\n\n\n<p><em>Rotem Leshem &amp; Rakefet Sela-Sheffy<\/em>: Affect, Ethnic Boundaries and Social Mobility: Transforming Israeli Middle-Class Identities in Family Stories Across Generations<\/p>\n\n\n\n<p><em>Anna Escobedo &amp; Jos\u00e9 Luis Condom Bosch<\/em>: Daily Life Practices and Emotions During the COVID-19 Crisis in Family Households with Children<\/p>\n\n\n\n<p><em>Daniela Castillo Mansilla<\/em>: Compassionate Care in a Paediatric Hospital in Chile a case study<\/p>\n\n\n\n<p><strong>Panel 2: Researching Emotions in Everyday Life and Digitality&nbsp; <br><\/strong><em><u>Chair:<\/u> Nina T\u00f6rnqvist<u><br>Link:<\/u> <a href=\"https:\/\/www.ub.edu\/emotions20\/sessions\/\" target=\"_blank\" rel=\"noreferrer noopener\"><em><strong>Conference Room 2<\/strong><\/em><\/a><\/em><\/p>\n\n\n\n<p><em>Lissette Aviles<\/em>: Researching Emotions, Reflecting Emotions<\/p>\n\n\n\n<p><em>Mary Holmes<\/em>: Unsettling Bodies, Emotions and Gender in Internet Dating: A Symbolic Interactionist Approach<\/p>\n\n\n\n<p><em>Marci Cottingham<\/em>: Viral Fear: Epidemic Emotions in News and Social Media<\/p>\n\n\n\n<p><em>Lidia Dom\u00ednguez-P\u00e1rraga<\/em>: A Qualitative Study About Friendship Between Elderly Women<\/p>\n\n\n\n<br>\n\n\n\n<p><strong><u>15 Minutes Break<\/u><\/strong><\/p>\n\n\n\n<br>\n\n\n\n<p><strong><u>15.15 -17.15 pm<\/u><\/strong><\/p>\n\n\n\n<p><strong>Panel 1: Labour Market, Workspace and Affectivity<\/strong><\/p>\n\n\n\n<p><em><u>Chair:<\/u><\/em><em> Alberto Mart\u00edn P\u00e9rez<\/em><\/p>\n\n\n\n<p><em><u>Link:<\/u> <a href=\"https:\/\/www.ub.edu\/emotions20\/sessions\/\" target=\"_blank\" rel=\"noreferrer noopener\"><em><strong>Conference Room 1<\/strong><\/em><\/a><\/em><\/p>\n\n\n\n<p><em>Raluca-Alexandra Byskov Stana<\/em>: \u201cI was struggling with my own guilt for not being able to log in\u201d. Techno Stressful Constructions of Obligation in the Digitalized Workplace<\/p>\n\n\n\n<p><em>Javiera Garc\u00eda Meneses:<\/em> Between Effectiveness and Affectivity: Organizing Public Sector Work in Times of New Public Management<\/p>\n\n\n\n<p><em> Jos\u00e9 Luis Condom Bosch &amp; <em>Anna Escobedo<\/em>:<\/em> The Coaching Professional Field: Managing Happiness (and other emotions)<\/p>\n\n\n\n<p>J<em><em>ames Brooks<\/em><\/em>,<em> Irena Grugulis &amp;<\/em> <em>Hugh Cook<\/em>: Hanging on the Telephone: Exploring the Impact of Emotional Labour on the Mental Health and Wellbeing of Debt Collection Agents<\/p>\n\n\n\n<p><strong>Panel 2: Politics of Emotions<\/strong><\/p>\n\n\n\n<p><em><u>Chair:<\/u> Swen Seebach<\/em><strong><br><\/strong><em><u>Link:<\/u> <a href=\"https:\/\/www.ub.edu\/emotions20\/sessions\/\" target=\"_blank\" rel=\"noreferrer noopener\"><em><strong>Conference Room 2<\/strong><\/em><\/a><\/em><\/p>\n\n\n\n<p><em>Sheena Bartscherer<\/em>: Instrumentalization of Emotion During the 2016 U.S. Presidential Election \u2013 A Neopragmatist Analysis of the Presidential Nominees\u2019 Media Communication<\/p>\n\n\n\n<p><em>Yun Tong Tang<\/em>: Emotions, Tactics, and Interactions in Non-violent Resistance: The Anti-Express Rail Campaign, 2009-2010 in Hong Kong<\/p>\n\n\n\n<p><em>Christopher Day<\/em>: Background Affects and the Shared Emotional Experience of People\u2019s Vote Marches in London During 2019<\/p>\n\n\n\n<br>\n\n\n\n<p><strong><u>15 Minutes Break<\/u><\/strong><\/p>\n\n\n\n<br>\n\n\n\n<p><strong><u>17.30-19 pm<\/u><br><a href=\"https:\/\/www.ub.edu\/emotions20\/social-programme\/\" target=\"_blank\" rel=\"noreferrer noopener\">Artistic Encounters. Sociology meets the Visual Arts \u2013 Fito Conesa and Mireia Sallar\u00e8s<\/a><\/strong><\/p>\n\n\n\n<p><em>Moderation: Mariona Moncunill <\/em><em>Pi\u00f1as<\/em><\/p>\n\n\n\n<p><em><u>Link:<\/u> <em><a href=\"https:\/\/www.ub.edu\/emotions20\/sessions\/\" target=\"_blank\" rel=\"noreferrer noopener\"><strong>Conference Room 1 <\/strong><\/a><\/em><\/em><\/p>\n\n\n\n<br>\n\n\n\n<p class=\"has-medium-font-size\"><strong><u>Thursday, November 26<sup>th<\/sup>, 2020<\/u><\/strong><\/p>\n\n\n\n<br>\n\n\n\n<p><strong><u>10-12am<\/u><\/strong><\/p>\n\n\n\n<p><strong>Panel 1: Law and Crime and the Relation Between Emotions and Reason<\/strong><\/p>\n\n\n\n<p><em><u>Chair:<\/u> <\/em><em>Nina Margies<\/em><\/p>\n\n\n\n<p><em><u>Link<\/u>: <a href=\"https:\/\/www.ub.edu\/emotions20\/sessions\/\" target=\"_blank\" rel=\"noreferrer noopener\"><em><strong>Conference Room 1<\/strong><\/em><\/a><\/em><\/p>\n\n\n\n<p><em>Stina Bergman Blix:<\/em> The Construction of Objectivity \u2013 Rational Emotions in Legal Decision-Making<\/p>\n\n\n\n<p><em>Nina T\u00f6rnqvist &amp; \u00c5sa Wettergren<\/em>: Epistemic Emotions and Objective Decision-Making in Prosecution<\/p>\n\n\n\n<p><em>Sara Uhnoo &amp; Moa Bladini<\/em>: Rape or consent? Effects of the New Swedish Rape Legislation on Legal Reasoning and Practice<\/p>\n\n\n\n<p><em>Julia Weso\u0142owska<\/em>: Protecting \u2018Reasonable\u2019 Emotions: How Polish Civil Courts Handle Psychological Harm?<\/p>\n\n\n\n<p><strong>Panel 2: Emotions, Morality and Normativity<\/strong><\/p>\n\n\n\n<p><em><u>Chair<\/u><\/em><strong><em>: <\/em><\/strong><em>Rotem Leshem<\/em><\/p>\n\n\n\n<p><em><u>Link<\/u>: <a href=\"https:\/\/www.ub.edu\/emotions20\/sessions\/\" target=\"_blank\" rel=\"noreferrer noopener\"><em><strong>Conference Room 2<\/strong><\/em><\/a><\/em><\/p>\n\n\n\n<p><em>Christine Campen &amp; Oliver Dimbath<\/em>: Faces of Moral Outrage<\/p>\n\n\n\n<p><em><em>Poul Poder:<\/em> The Sociology of Love \u2013 Its Main Approaches, Concerns, Achievements and Future Challenges<\/em><\/p>\n\n\n\n<p><em>Avihu Shoshana:<\/em> Beyond Gratitude, Towards Emotions of Thankfulness<\/p>\n\n\n\n<p><em>Stephanie Parsons<\/em>: Saying \u2018Thank You\u2019: Emotionally Managing Letter Writing in Organ Transfer<\/p>\n\n\n\n<br>\n\n\n\n<p><strong><u>12-13h<\/u>: Lunch Break<\/strong><\/p>\n\n\n\n<br>\n\n\n\n<p><strong><u>13-15pm<\/u><\/strong><\/p>\n\n\n\n<p><strong>Panel 1: Migration, Globalization and Emotions<br><\/strong><em><u>Chair:<\/u><\/em><em> <\/em><em>\u00c5sa Wettergren<\/em><\/p>\n\n\n\n<p><em><u>Link:<\/u> <a href=\"https:\/\/www.ub.edu\/emotions20\/sessions\/\" target=\"_blank\" rel=\"noreferrer noopener\"><em><strong>Conference Room 1<\/strong><\/em><\/a><\/em><\/p>\n\n\n\n<p><em>Laia Folguera, <em>Ver\u00f3nica Anzil<\/em> &amp; Jordi Roca Girona<\/em>: Geographies of Love and Desire in Transnational Couples: A Comparative Study Between Different European Countries<\/p>\n\n\n\n<p><em>Esra Demirkol Colosio:<\/em><strong> <\/strong>The (Im)possibility of Constructing Emotional Relations in Transnational Social Space<\/p>\n\n\n\n<p><em>Helen Sch\u00f6nborn:<\/em> The Contested Right to Grieve in Refugees and Migrants Narratives in Catalonia (Spain) and NRW (Germany)<\/p>\n\n\n\n<p><em>Yvonne Albrecht &amp; Serhat Karakayali<\/em>: The Sensibility to Marginalization as Emotional Connecting Factor? Feeling Solidarity and Creating \u2018Postmigrant Alliances\u2019 in Civil-Society Organizations<\/p>\n\n\n\n<p><strong>Panel 2: Emotions, Politics, Protest and the State<\/strong><\/p>\n\n\n\n<p><em><u>Chair:<\/u><\/em><em> <\/em><em>Monika Verbalyte<\/em><\/p>\n\n\n\n<p><em><u>Link:<\/u> <a href=\"https:\/\/www.ub.edu\/emotions20\/sessions\/\" target=\"_blank\" rel=\"noreferrer noopener\"><em><strong>Conference Room 2<\/strong><\/em><\/a><\/em><\/p>\n\n\n\n<p><em>P\u0131nar G\u00fcm\u00fc\u015f Mantu<\/em>: Tracing Emotions in Movement: Reflections on Hope, Disappointment and Trauma in Turkey\u2019s Gezi Protests<\/p>\n\n\n\n<p><em>Rosa S\u00e1nchez Salgado<\/em>: Emotions and Power in the Catalan Conflict<\/p>\n\n\n\n<p><em>Josefina Jaureguiberry:<\/em> Affective Experience in Radical Collective Housing Projects in Berlin<\/p>\n\n\n\n<p><em>Yannicke De Stexhe:<\/em> Evaluative, Expressive, Mean of Resistance\u2026: The Numerous Places and Roles of Emotions within the Social Movement Black Lives Matter<\/p>\n\n\n\n<p><em>Jigyasa Sogarwal<\/em>: Politics of Emotions: Role of Shame in Protest and Implications for Democracy<\/p>\n\n\n\n<br>\n\n\n\n<p><strong><u>15 Minutes Break<\/u><\/strong><\/p>\n\n\n\n<br>\n\n\n\n<p><strong><u>15.15-16.15 pm<\/u><\/strong><\/p>\n\n\n\n<p><strong>Business Meeting<\/strong><\/p>\n\n\n\n<p><em>Yvonne Albrecht, Nina Margies, Alberto Mart\u00edn P\u00e9rez, Nat\u00e0lia Cant\u00f3-Mil\u00e0<\/em><\/p>\n\n\n\n<p><em><em>Link<\/em>: <a href=\"https:\/\/www.ub.edu\/emotions20\/sessions\/\" target=\"_blank\" rel=\"noreferrer noopener\"><em><strong>Conference Room 1<\/strong><\/em><\/a><\/em><\/p>\n\n\n\n<br>\n\n\n\n<p><strong><u>15 Minutes Break<\/u><\/strong><\/p>\n\n\n\n<br>\n\n\n\n<p><strong><u>16.30-18pm<\/u><\/strong><\/p>\n\n\n\n<p><strong><u>KEYNOTE<\/u>: <a rel=\"noreferrer noopener\" href=\"https:\/\/www.ub.edu\/emotions20\/lasen\/\" target=\"_blank\">Amparo Las\u00e9n: <em>Digital mediations and inscriptions of ordinary affects: shame and shaming<\/em><\/a><br><\/strong><em>Moderation: Alberto Mart\u00edn P\u00e9rez<br><u>Link:<\/u> <a href=\"https:\/\/www.ub.edu\/emotions20\/sessions\/\" target=\"_blank\" rel=\"noreferrer noopener\"><em><strong>Conference Room 1<\/strong><\/em><\/a><\/em><\/p>\n\n\n\n<br>\n\n\n\n<p class=\"has-medium-font-size\"><strong><u>Friday, November 27<sup>th<\/sup>, 2020<\/u><\/strong><\/p>\n\n\n\n<br>\n\n\n\n<p><strong><u>9.30-11.30 am<\/u><\/strong><\/p>\n\n\n\n<p><strong>Panel 1: The Emotionality of Social Change and Inertia&nbsp;<\/strong><\/p>\n\n\n\n<p><em><u>Chair<\/u>: Stina Bergman Blix<\/em><\/p>\n\n\n\n<p><em><u>Link<\/u>: <a href=\"https:\/\/www.ub.edu\/emotions20\/sessions\/\" target=\"_blank\" rel=\"noreferrer noopener\"><em><strong>Conference Room 1<\/strong><\/em><\/a><\/em><\/p>\n\n\n\n<p><em>Nina Margies:<\/em> Feeling Hysteresis: Emotions and Structural Change<\/p>\n\n\n\n<p><em>Elizabeth Olsson:<\/em> Relational Curiosity and Constructive Conflict: A Study in Classrooms<\/p>\n\n\n\n<p><em>Yvonne Wechuli<\/em>: Feelings for Social Change? Emotional Strategies promoted in Disability Studies<\/p>\n\n\n\n<p><em>Sabine Gabriel:<\/em> The Lived Body as a Resource of Social Capital. Collective Emotions and the Reproduction of Gender Norms on the Example of Ballet Dancers<\/p>\n\n\n\n<p><strong>Panel 2: Cinema, Art, Body and Emotions<br><\/strong><em><u>Chair:<\/u> <\/em><em>Mary Holmes<\/em><\/p>\n\n\n\n<p><em><u>Link:<\/u> <a href=\"https:\/\/www.ub.edu\/emotions20\/sessions\/\" target=\"_blank\" rel=\"noreferrer noopener\"><em><strong>Conference Room 2<\/strong><\/em><\/a><\/em><\/p>\n\n\n\n<p><em>G\u00f6khan Albayrak &amp; Haktan Ural<\/em>: Gay-Straight Friendships and Gay Men\u2019s Heroism in Turkish Popular Cinema<\/p>\n\n\n\n<p><em>Renida Baltru\u0161aityt\u0117<\/em>: The Body of Artist in Emotional Production of Contemporary Performing Arts<\/p>\n\n\n\n<p><em>Cansu Okan &amp; Haktan Ural<\/em>: Re-Imaging the Housewives: Cultural Translation and National Anxiety in the Turkish Adaptation of Desperate Housewives<\/p>\n\n\n\n<p><em>Havva Y\u0131lmaz<\/em>: Urban Affects: An Investigation of Urban Theme in the Context of Sociology of Emotion in Modern Turkish Literature<\/p>\n\n\n\n<br>\n\n\n\n<p><strong><u>11.30 \u2013 12.30 am<\/u>: Lunch Break<\/strong><\/p>\n\n\n\n<br>\n\n\n\n<p><strong><u>12.30 \u2013 14.30 pm<\/u><\/strong><br><strong>Panel 1: The Instrumentalization of Emotions in Right-Wing-Parties,<br>Movements and Discourses<br><\/strong><em><u>Chair: <\/u><\/em><em>Alberto Mart\u00edn P\u00e9rez<\/em><\/p>\n\n\n\n<p><em><u>Link<\/u>: <a href=\"https:\/\/www.ub.edu\/emotions20\/sessions\/\" target=\"_blank\" rel=\"noreferrer noopener\"><em><strong>Conference Room 1<\/strong><\/em><\/a><\/em><\/p>\n\n\n\n<p><em>Daniel Thiele, <em>Birgit Sauer &amp; Otto Penz<\/em>:<\/em> Affecting Citizens. Emotional Right-Wing Populist Discourses in Austrian Parliamentary Debates on Migration<\/p>\n\n\n\n<p><em>Anton Gazarek<\/em>: Emotions in the Rhetoric of Slovakia\u2019s Far Right<\/p>\n\n\n\n<p><em>Monika Verbalyte<\/em>: Populist Anger vs. Anger about Populists: Discourse Network Analysis of European Election Campaigns 2009 and 2019 in Germany<\/p>\n\n\n\n<p><em>Nerija Putinait<\/em><em>\u0117<\/em><em>:<\/em> Emotional Narratives of Patriotic Suffering: Personal Pain, Homeland and the Nation<\/p>\n\n\n\n<p><strong>Panel 2: Love, Dating and Relationships<\/strong><\/p>\n\n\n\n<p><em><u>Chair:<\/u> <\/em><em>Katharina Scherke<\/em><\/p>\n\n\n\n<p><em><u>Link:<\/u> <a href=\"https:\/\/www.ub.edu\/emotions20\/sessions\/\" target=\"_blank\" rel=\"noreferrer noopener\"><em><strong>Conference Room 2<\/strong><\/em><\/a><\/em><\/p>\n\n\n\n<p><em>Ina Schaum:<\/em> Love Between Reconciliation, Exotization and Transformation: \u201cI thought it simply wouldn\u2019t work with a non-Jewish person.\u201d<\/p>\n\n\n\n<p><em>Victor Coutolleau<\/em>: Who says to who to \u201cdump\u201d who? Gender and Sexuality in the Collective Management of Romantic Disappointments<\/p>\n\n\n\n<p><em>Jos\u00e9 A. Rodr\u00edguez D\u00edaz &amp; <em>Aitor Dom\u00ednguez<\/em>:<\/em> Love and Happiness: A Social Relation, a Sociological Analysis<\/p>\n\n\n\n<br>\n\n\n\n<p><strong><u>30 Minutes Break<\/u><\/strong><\/p>\n\n\n\n<br>\n\n\n\n<p><strong><u>15-17pm<\/u><\/strong><\/p>\n\n\n\n<p><strong>Panel 1<\/strong>: <strong>Young People and<\/strong> <strong>Collective Emotions<\/strong><br><em>Chair: <\/em><em>Christian von Scheve<\/em><\/p>\n\n\n\n<p><em><u>Link:<\/u> <a href=\"https:\/\/www.ub.edu\/emotions20\/sessions\/\" target=\"_blank\" rel=\"noreferrer noopener\"><em><strong>Conference Room 1<\/strong><\/em><\/a><\/em><\/p>\n\n\n\n<p><em>Nat\u00e0lia Cant\u00f3-Mil\u00e0<\/em>,<em> Mariona Moncunill Pi\u00f1as &amp; Swen Seebach<\/em>: Resignation and Feelings of Helplessness in Young People\u2019s (lack of) Involvement in Shared Futures<\/p>\n\n\n\n<p><em>Sarah Makar<\/em>: States of Feelings of International students<\/p>\n\n\n\n<p><em>Sabine Haring-Mosbacher &amp; Karin Scaria-Braunstein<\/em>: YouthPerspective: Wishes.Fears.Goals<\/p>\n\n\n\n<p><em>Giedr\u0117 Plepyt\u0117-Davidavi\u010dien\u0117<\/em>: Why are we unhappy? Happiness Discourses Among Young People in Lithuania<\/p>\n\n\n\n<p><strong>Panel 2: The Sociality of Suffering: Fear, Risk, Shame and Harm<\/strong><\/p>\n\n\n\n<p><em><u>Chair:<\/u> Poul Poder<\/em><\/p>\n\n\n\n<p><em><u>Link:<\/u> <em><a href=\"https:\/\/www.ub.edu\/emotions20\/sessions\/\" target=\"_blank\" rel=\"noreferrer noopener\"><strong>Conference Room 2<\/strong><\/a><\/em><\/em><\/p>\n\n\n\n<p><em>Swen Seebach, <\/em><em>Mariona Moncunill Pi\u00f1as &amp; Nat\u00e0lia Cant\u00f3-Mil\u00e0<\/em><em>:<\/em> Risk, Fear and Preparedness in times of Covid19<\/p>\n\n\n\n<p><em>Katharina Scherke<\/em>: A New Look into Shame-Anger-Spirals: Feeling Rules for Nostalgia.<\/p>\n\n\n\n<p><em>Dominik Drexel<\/em>: The Shame of Veiled Muslim Women: Psychoanalysis Reconsidered<\/p>\n\n\n\n<p><em>Katarina Bogosavljevic<\/em> <em>&amp; Jennifer M. Kilty<\/em>: Prosecuting and Propagating Emotional Harm: The Criminalisation of HIV Nondisclosure in Canada<\/p>\n\n\n\n<br>\n\n\n\n<p><strong><u>15 Minutes Break<\/u><\/strong><\/p>\n\n\n\n<br>\n\n\n\n<p><strong><u>17.15-18.45 pm<\/u><\/strong><\/p>\n\n\n\n<p><strong>Panel 1: Culture, Media, Politics and Emotions<\/strong><br><em><u>Chair<\/u><\/em>: <em>Rotem Leshem<\/em><\/p>\n\n\n\n<p><em><u><em>Link:<\/em><\/u> <a href=\"https:\/\/www.ub.edu\/emotions20\/sessions\/\" target=\"_blank\" rel=\"noreferrer noopener\"><em><strong>Conference Room 1<\/strong><\/em><\/a><\/em><\/p>\n\n\n\n<p><em>Ariel Remund:<\/em> ROADKILL: Emotion, Culture, Action<\/p>\n\n\n\n<p><em>Roberto S\u00e1nchez Reina &amp; Adri\u00e1n Scribano<\/em>: The Politics of Sensibilities and Emotions in Food Advertising to Children<\/p>\n\n\n\n<p><em>K\u00e4the von Bose<\/em>: Feeling Exceptional? The Role of Emotions in Practices of Collectivity, Belonging and Exclusion in Exclusive Clubs<\/p>\n\n\n\n<p><em>Alessandro Pratesi:<\/em> Rethinking the Theoretical Relevance of Emotions in Light of Emerging Social and Political Phenomena<\/p>\n\n\n\n<br>\n\n\n\n<p><strong>Special parallel session: Book presentation &#8220;<em>Anger. The Conflicted History of an Emotion<\/em>&#8220;<\/strong><\/p>\n\n\n\n<p><em>Chair: Nina Margies<\/em><\/p>\n\n\n\n<p><em>Link:<\/em> <a href=\"https:\/\/www.ub.edu\/emotions20\/sessions\/\" target=\"_blank\" rel=\"noreferrer noopener\"><em><strong>Conference Room 2<\/strong><\/em><\/a><\/p>\n\n\n\n<p><strong>Barbara H. Rosenwein<\/strong>, Professor Emerita at Loyola University Chicago. &#8220;<em>A Brief History of Righteous Anger&#8221;.<\/em> Presentation of her book &#8220;<a href=\"https:\/\/yalebooks.co.uk\/display.asp?K=9780300221428\" target=\"_blank\" rel=\"noreferrer noopener\">Anger. The Conflicted History of an Emotion<\/a>&#8220;, Yale University Press (2020).<\/p>\n\n\n\n<br>\n\n\n\n<p><strong><u>15 Minutes Break<\/u><\/strong><\/p>\n\n\n\n<br>\n\n\n\n<p><strong><u>19-20 pm:<br>KEYNOTE<\/u>: <a rel=\"noreferrer noopener\" href=\"https:\/\/www.ub.edu\/emotions20\/hochschild\/\" target=\"_blank\">Arlie Russell Hochschild: <em>Battle of Deep Stories and the American Election<\/em><\/a><\/strong><\/p>\n\n\n\n<p><em>Moderation: Yvonne Albrecht<\/em><\/p>\n\n\n\n<p><em>Link: <a href=\"https:\/\/www.ub.edu\/emotions20\/sessions\/\" target=\"_blank\" rel=\"noreferrer noopener\"><em><strong>Conference Room 1<\/strong><\/em><\/a><\/em><\/p>\n\n\n\n<br>\n\n\n\n<p><strong><u>ca. 20.15 pm<\/u>: End of the conference<\/strong><\/p>\n\n\n\n<br><br>\n\n\n\n<p><\/p>\n","protected":false},"excerpt":{"rendered":"<p>THE 9th MIDTERM CONFERENCE ON EMOTIONS&nbsp;RN 11 \u201cSociology of Emotions\u201d of the European Sociological Association (ESA)25th\u201327th November 2020, online *Please notice all times are CET November 23rd \u2013 24th, 2020: PhD-Workshop 9.30-14.30: PhD-Workshop Nat\u00e0lia Cant\u00f3-Mil\u00e0, Yvonne Albrecht Wednesday, November 25th, 2020 9.30-10am: Opening of the ConferenceAlberto Mart\u00edn P\u00e9rez, Organizer of [&hellip;]<\/p>\n","protected":false},"author":1,"featured_media":0,"parent":0,"menu_order":0,"comment_status":"closed","ping_status":"closed","template":"","meta":{"footnotes":""},"class_list":["post-19","page","type-page","status-publish","hentry"],"_links":{"self":[{"href":"https:\/\/www.ub.edu\/emotions20\/wp-json\/wp\/v2\/pages\/19","targetHints":{"allow":["GET"]}}],"collection":[{"href":"https:\/\/www.ub.edu\/emotions20\/wp-json\/wp\/v2\/pages"}],"about":[{"href":"https:\/\/www.ub.edu\/emotions20\/wp-json\/wp\/v2\/types\/page"}],"author":[{"embeddable":true,"href":"https:\/\/www.ub.edu\/emotions20\/wp-json\/wp\/v2\/users\/1"}],"replies":[{"embeddable":true,"href":"https:\/\/www.ub.edu\/emotions20\/wp-json\/wp\/v2\/comments?post=19"}],"version-history":[{"count":60,"href":"https:\/\/www.ub.edu\/emotions20\/wp-json\/wp\/v2\/pages\/19\/revisions"}],"predecessor-version":[{"id":376,"href":"https:\/\/www.ub.edu\/emotions20\/wp-json\/wp\/v2\/pages\/19\/revisions\/376"}],"wp:attachment":[{"href":"https:\/\/www.ub.edu\/emotions20\/wp-json\/wp\/v2\/media?parent=19"}],"curies":[{"name":"wp","href":"https:\/\/api.w.org\/{rel}","templated":true}]}}