{"id":43,"date":"2015-05-11T17:30:55","date_gmt":"2015-05-11T17:30:55","guid":{"rendered":"http:\/\/www.ub.edu\/epp\/?page_id=43"},"modified":"2026-03-24T13:21:43","modified_gmt":"2026-03-24T12:21:43","slug":"miembros","status":"publish","type":"page","link":"https:\/\/www.ub.edu\/epp\/miembros\/","title":{"rendered":"Investigadores\/as"},"content":{"rendered":"<p>&nbsp;<\/p>\n<p><a href=\"https:\/\/sira.ub.edu\/fitxes\/EconomiaIEmpresa.html?id=jarodriguez.ub.edu&amp;lang=es\" target=\"_blank\" rel=\"noopener\">Jos\u00e9 A. Rodriguez D\u00edaz<\/a><\/p>\n<p><a href=\"https:\/\/sira.ub.edu\/fitxes\/EconomiaIEmpresa.html?id=jlcbosch.ub.edu&amp;lang=es\" target=\"_blank\" rel=\"noopener\">Jos\u00e9 Luis Condom Bosch<\/a><\/p>\n<p><a href=\"https:\/\/sira.ub.edu\/fitxes\/EconomiaIEmpresa.html?id=amartinperez.ub.edu&amp;lang=es\" target=\"_blank\" rel=\"noopener\">Alberto Mart\u00edn P\u00e9rez<\/a><\/p>\n<p><a href=\"https:\/\/sira.ub.edu\/fitxes\/EconomiaIEmpresa.html?id=anna.escobedo.ub.edu&amp;lang=es\" target=\"_blank\" rel=\"noopener\">Anna Escobedo Caparr\u00f3s<\/a><\/p>\n<p>Irene Maria Cuss\u00f3 Parcerisas<\/p>\n<p>&nbsp;<\/p>\n<p>&nbsp;<\/p>\n<p>&nbsp;<\/p>\n<p>&nbsp;<\/p>\n","protected":false},"excerpt":{"rendered":"<p>&nbsp; Jos\u00e9 A. Rodriguez D\u00edaz Jos\u00e9 Luis Condom Bosch Alberto Mart\u00edn P\u00e9rez Anna Escobedo Caparr\u00f3s Irene Maria Cuss\u00f3 Parcerisas &nbsp; &nbsp; &nbsp; &nbsp;<\/p>\n","protected":false},"author":1,"featured_media":0,"parent":0,"menu_order":0,"comment_status":"closed","ping_status":"closed","template":"","meta":{"footnotes":""},"class_list":["post-43","page","type-page","status-publish","hentry"],"_links":{"self":[{"href":"https:\/\/www.ub.edu\/epp\/wp-json\/wp\/v2\/pages\/43","targetHints":{"allow":["GET"]}}],"collection":[{"href":"https:\/\/www.ub.edu\/epp\/wp-json\/wp\/v2\/pages"}],"about":[{"href":"https:\/\/www.ub.edu\/epp\/wp-json\/wp\/v2\/types\/page"}],"author":[{"embeddable":true,"href":"https:\/\/www.ub.edu\/epp\/wp-json\/wp\/v2\/users\/1"}],"replies":[{"embeddable":true,"href":"https:\/\/www.ub.edu\/epp\/wp-json\/wp\/v2\/comments?post=43"}],"version-history":[{"count":37,"href":"https:\/\/www.ub.edu\/epp\/wp-json\/wp\/v2\/pages\/43\/revisions"}],"predecessor-version":[{"id":1135,"href":"https:\/\/www.ub.edu\/epp\/wp-json\/wp\/v2\/pages\/43\/revisions\/1135"}],"wp:attachment":[{"href":"https:\/\/www.ub.edu\/epp\/wp-json\/wp\/v2\/media?parent=43"}],"curies":[{"name":"wp","href":"https:\/\/api.w.org\/{rel}","templated":true}]}}