{"id":469,"date":"2018-01-12T12:01:24","date_gmt":"2018-01-12T12:01:24","guid":{"rendered":"http:\/\/www.ub.edu\/epp\/?page_id=469"},"modified":"2026-03-26T13:17:28","modified_gmt":"2026-03-26T12:17:28","slug":"proyectos-de-investigacion","status":"publish","type":"page","link":"https:\/\/www.ub.edu\/epp\/proyectos-de-investigacion\/","title":{"rendered":"Research projects \/ Proyectos de investigaci\u00f3n \/ Projectes de recerca"},"content":{"rendered":"\n<p><\/p>\n\n\n\n<p><\/p>\n\n\n<p>&nbsp;<\/p>\n<div class=\"page\" title=\"Page 4\">\n<div class=\"layoutArea\">\n<div class=\"column\">\n<div class=\"page\" title=\"Page 5\">\n<div class=\"layoutArea\">\n<div class=\"column\">\n<p><span style=\"color: #333399;\">Proyectos recientes<\/span><\/p>\n<\/div>\n<\/div>\n<\/div>\n<p><strong><a href=\"https:\/\/web.ub.edu\/en\/web\/observatori-alimentacio\/\" target=\"_blank\" rel=\"noopener\">Observatori FARO (Food Action and Research Observatory)<\/a><\/strong><\/p>\n<p>&nbsp;<\/p>\n<div class=\"page\" title=\"Page 5\">\n<p><a href=\"https:\/\/www.ub.edu\/ruralcit\" target=\"_blank\" rel=\"noopener\"><strong>RURALCIT: Ser ciudadano en entornos rurales: narrativas, emociones y retos de futuro<\/strong><\/a><\/p>\n<p>Investigador principal: Alberto Mart\u00edn P\u00e9rez<\/p>\n<p>Entidad financiadora: Ministerio de Ciencia e Innovaci\u00f3n (<span>PID2022-137529NB-I00)<\/span><\/p>\n<p>Duraci\u00f3n: 1\/9\/2023-30\/11\/2026<\/p>\n<\/div>\n<\/div>\n<\/div>\n<\/div>\n<p>&nbsp;<\/p>\n<p><strong><a href=\"https:\/\/sustainable-leave-policies.eu\/working-groups\/#wg3\" target=\"_blank\" rel=\"noopener\">Parental Leave Policies and Social Sustainability (Sustainability@Leave)<\/a><\/strong><\/p>\n<p>Participaci\u00f3n: Anna Escobedo Caparr\u00f3s<\/p>\n<p><span class=\"wp_ent\">Uni\u00f3 Europea \/ Uni\u00f3 Europea<\/span><span class=\"wp_ent\">COST &#8211; European Cooperation in Science and Technology \/ COST &#8211; European Cooperation in Science and Technology<\/span><\/p>\n<p><span>13\/09\/2022-12\/09\/2026<\/span><\/p>\n<p>&nbsp;<\/p>\n<p><span style=\"color: #333399;\">Proyectos anteriores<\/span><\/p>\n<div class=\"page\" title=\"Page 4\">\n<div class=\"layoutArea\">\n<div class=\"column\">\n<p><a href=\"http:\/\/www.ub.edu\/epp\/innohappy\/\" target=\"_blank\" rel=\"noopener\"><strong>La industria de la felicidad: innovaci\u00f3n y demanda de un sector emergente<\/strong><\/a><\/p>\n<p>Investigadores principales: Jos\u00e9 Antonio Rodr\u00edguez D\u00edaz, Alberto Mart\u00edn P\u00e9rez<\/p>\n<p>Entidad financiadora: Ministerio de Econom\u00eda, Industria y Competitividad (Ref.\u00a0CSO2016-77248-P)<\/p>\n<p>Duraci\u00f3n: 31\/12\/2016-30\/06\/2020<\/p>\n<p>&nbsp;<\/p>\n<\/div>\n<\/div>\n<\/div>\n<div class=\"page\" title=\"Page 4\">\n<div class=\"layoutArea\">\n<div class=\"column\">\n<div class=\"page\" title=\"Page 5\">\n<div class=\"layoutArea\">\n<div class=\"column\">\n<p><strong>\u00bfRedefiniendo la ciudadani\u0301a? El impacto de la crisis socioecono\u0301mica en las bases de legitimacio\u0301n del Estado de bienestar<\/strong><\/p>\n<p><span>Investigador principal: Alberto Marti\u0301n Pe\u0301rez<\/span><\/p>\n<p><span>Entidad financiadora: Ministerio de Economi\u0301a y Competitividad (Ref.\u00a0CSO2012-30773)<\/span><\/p>\n<p><span>Duracio\u0301n: 01\/01\/2013-30\/06\/2016<br \/><\/span><\/p>\n<\/div>\n<\/div>\n<\/div>\n<p><span><br \/><\/span><span><strong>La bu\u0301squeda de la felicidad<\/strong><\/span><\/p>\n<p><span>Investigador principal: Jose\u0301 Antonio Rodri\u0301guez Di\u0301az<\/span><\/p>\n<p><span>Entidad financiadora: Ministerio de Ciencia e Innovacio\u0301n (Ref. CSO2010-21761)<\/span><\/p>\n<p><span>Duracio\u0301n: 01\/01\/2011-31\/12\/2013<\/span><\/p>\n<p>&nbsp;<\/p>\n<p><strong>Estructura y dina\u0301mica de las redes sociales y sus implicaciones<\/strong><\/p>\n<p>Investigador principal: Jose\u0301 Antonio Rodri\u0301guez Di\u0301az<\/p>\n<p>Entidad financiadora: Ministerio de Ciencia e Innovacio\u0301n (Ref.\u00a0SEJ2007- 67714\/SOCI)<\/p>\n<p>Duracio\u0301n: 01\/10\/2007-30\/09\/2010<\/p>\n<\/div>\n<p>&nbsp;<\/p>\n<\/div>\n<\/div>","protected":false},"excerpt":{"rendered":"<p>&nbsp; Proyectos recientes Observatori FARO (Food Action and Research Observatory) &nbsp; RURALCIT: Ser ciudadano en entornos rurales: narrativas, emociones y retos de futuro Investigador principal: Alberto Mart\u00edn P\u00e9rez Entidad financiadora: Ministerio de Ciencia e Innovaci\u00f3n (PID2022-137529NB-I00) Duraci\u00f3n: 1\/9\/2023-30\/11\/2026 &nbsp; Parental Leave Policies and Social Sustainability (Sustainability@Leave) Participaci\u00f3n: Anna Escobedo Caparr\u00f3s [&hellip;]<\/p>\n","protected":false},"author":1,"featured_media":0,"parent":0,"menu_order":0,"comment_status":"closed","ping_status":"closed","template":"","meta":{"footnotes":""},"class_list":["post-469","page","type-page","status-publish","hentry"],"_links":{"self":[{"href":"https:\/\/www.ub.edu\/epp\/wp-json\/wp\/v2\/pages\/469","targetHints":{"allow":["GET"]}}],"collection":[{"href":"https:\/\/www.ub.edu\/epp\/wp-json\/wp\/v2\/pages"}],"about":[{"href":"https:\/\/www.ub.edu\/epp\/wp-json\/wp\/v2\/types\/page"}],"author":[{"embeddable":true,"href":"https:\/\/www.ub.edu\/epp\/wp-json\/wp\/v2\/users\/1"}],"replies":[{"embeddable":true,"href":"https:\/\/www.ub.edu\/epp\/wp-json\/wp\/v2\/comments?post=469"}],"version-history":[{"count":7,"href":"https:\/\/www.ub.edu\/epp\/wp-json\/wp\/v2\/pages\/469\/revisions"}],"predecessor-version":[{"id":1167,"href":"https:\/\/www.ub.edu\/epp\/wp-json\/wp\/v2\/pages\/469\/revisions\/1167"}],"wp:attachment":[{"href":"https:\/\/www.ub.edu\/epp\/wp-json\/wp\/v2\/media?parent=469"}],"curies":[{"name":"wp","href":"https:\/\/api.w.org\/{rel}","templated":true}]}}