{"id":12,"date":"2023-06-09T11:15:31","date_gmt":"2023-06-09T09:15:31","guid":{"rendered":"https:\/\/www.ub.edu\/eppe\/?page_id=12"},"modified":"2025-06-17T07:41:51","modified_gmt":"2025-06-17T05:41:51","slug":"home","status":"publish","type":"page","link":"https:\/\/www.ub.edu\/eppe\/","title":{"rendered":"Home"},"content":{"rendered":"\n<div class=\"wp-block-columns container is-layout-flex wp-container-core-columns-is-layout-9d6595d7 wp-block-columns-is-layout-flex\">\n<div class=\"wp-block-column col-md-5 is-layout-flow wp-block-column-is-layout-flow\">\n<h2 class=\"wp-block-heading\">Objetivo<\/h2>\n\n\n\n<p>Uno de los elementos b\u00e1sicos para la mejora de la planificaci\u00f3n y gesti\u00f3n del ejercicio de la evaluaci\u00f3n es la capacitaci\u00f3n de su personal trabajador p\u00fablico. Este proyecto pretende establecer los conocimientos para gestionar y\/o realizar evaluaciones de las pol\u00edticas p\u00fablicas de empleo y puedan planificar, acompa\u00f1ar y desempe\u00f1arse de una manera efectiva durante el desarrollo de evaluaciones de calidad, y todo ello en un contexto de aprendizaje mutuo y compartido entre las distintas administraciones p\u00fablicas competentes (estatal, auton\u00f3mico y local).<\/p>\n\n\n\n<h2 class=\"wp-block-heading\">Destinatarios<\/h2>\n\n\n\n<p>Dirigido principalmente a personas empleadas p\u00fablicas (a nivel estatal, auton\u00f3mico o local) que trabajen en el dise\u00f1o y ejecuci\u00f3n de planes y proyectos de evaluaci\u00f3n, redacci\u00f3n de pliegos de contrataci\u00f3n de servicios de evaluaci\u00f3n, acompa\u00f1amiento a los equipos de evaluaci\u00f3n externos, seguimiento de cuadros de mandos, publicaci\u00f3n y difusi\u00f3n de resultados, uso de la evaluaci\u00f3n, redacci\u00f3n de informes internos de an\u00e1lisis de las Pol\u00edticas Activas de Empleo (PAE) y autoevaluaciones.<\/p>\n\n\n\n<div style=\"height:50px\" aria-hidden=\"true\" class=\"wp-block-spacer\"><\/div>\n<\/div>\n<\/div>\n\n\n\n<h5 class=\"wp-block-heading has-text-align-left\"><strong>Direcci\u00f3n cient\u00edfica y pedag\u00f3gica:<\/strong><\/h5>\n\n\n\n<figure class=\"wp-block-gallery has-nested-images columns-default is-cropped wp-block-gallery-1 is-layout-flex wp-block-gallery-is-layout-flex\">\n<figure class=\"wp-block-image size-full\"><img loading=\"lazy\" decoding=\"async\" width=\"914\" height=\"75\" data-id=\"135\" src=\"https:\/\/www.ub.edu\/eppe\/wp-content\/uploads\/2023\/07\/UB4.jpg\" alt=\"\" class=\"wp-image-135\" srcset=\"https:\/\/www.ub.edu\/eppe\/wp-content\/uploads\/2023\/07\/UB4.jpg 914w, https:\/\/www.ub.edu\/eppe\/wp-content\/uploads\/2023\/07\/UB4-300x25.jpg 300w, https:\/\/www.ub.edu\/eppe\/wp-content\/uploads\/2023\/07\/UB4-768x63.jpg 768w\" sizes=\"auto, (max-width: 914px) 100vw, 914px\" \/><\/figure>\n<\/figure>\n\n\n\n<h5 class=\"wp-block-heading has-text-align-left\"><strong>En coordinaci\u00f3n con:<\/strong><\/h5>\n\n\n\n<figure class=\"wp-block-gallery has-nested-images columns-default is-cropped wp-block-gallery-2 is-layout-flex wp-block-gallery-is-layout-flex\">\n<figure class=\"wp-block-image size-large\"><img loading=\"lazy\" decoding=\"async\" width=\"1024\" height=\"112\" data-id=\"191\" src=\"https:\/\/www.ub.edu\/eppe\/wp-content\/uploads\/2025\/06\/SOClanbide4-1024x112.jpg\" alt=\"\" class=\"wp-image-191\" srcset=\"https:\/\/www.ub.edu\/eppe\/wp-content\/uploads\/2025\/06\/SOClanbide4-1024x112.jpg 1024w, https:\/\/www.ub.edu\/eppe\/wp-content\/uploads\/2025\/06\/SOClanbide4-300x33.jpg 300w, https:\/\/www.ub.edu\/eppe\/wp-content\/uploads\/2025\/06\/SOClanbide4-768x84.jpg 768w, https:\/\/www.ub.edu\/eppe\/wp-content\/uploads\/2025\/06\/SOClanbide4-1536x168.jpg 1536w, https:\/\/www.ub.edu\/eppe\/wp-content\/uploads\/2025\/06\/SOClanbide4-2048x224.jpg 2048w\" sizes=\"auto, (max-width: 1024px) 100vw, 1024px\" \/><\/figure>\n<\/figure>\n\n\n\n<h5 class=\"wp-block-heading\"><strong>Colabora:<\/strong>&nbsp;<\/h5>\n\n\n\n<figure class=\"wp-block-gallery has-nested-images columns-default is-cropped wp-block-gallery-3 is-layout-flex wp-block-gallery-is-layout-flex\">\n<figure class=\"wp-block-image size-full\"><img loading=\"lazy\" decoding=\"async\" width=\"914\" height=\"75\" data-id=\"136\" src=\"https:\/\/www.ub.edu\/eppe\/wp-content\/uploads\/2023\/07\/SEPE4.jpg\" alt=\"\" class=\"wp-image-136\" srcset=\"https:\/\/www.ub.edu\/eppe\/wp-content\/uploads\/2023\/07\/SEPE4.jpg 914w, https:\/\/www.ub.edu\/eppe\/wp-content\/uploads\/2023\/07\/SEPE4-300x25.jpg 300w, https:\/\/www.ub.edu\/eppe\/wp-content\/uploads\/2023\/07\/SEPE4-768x63.jpg 768w\" sizes=\"auto, (max-width: 914px) 100vw, 914px\" \/><\/figure>\n<\/figure>\n\n\n\n<h5 class=\"wp-block-heading\"><strong>Y con el apoyo de:<\/strong><\/h5>\n\n\n\n<figure class=\"wp-block-gallery has-nested-images columns-default is-cropped wp-block-gallery-4 is-layout-flex wp-block-gallery-is-layout-flex\">\n<figure class=\"wp-block-image size-large\"><img loading=\"lazy\" decoding=\"async\" width=\"1024\" height=\"268\" data-id=\"169\" src=\"https:\/\/www.ub.edu\/eppe\/wp-content\/uploads\/2024\/05\/Apoyo3-1024x268.jpg\" alt=\"\" class=\"wp-image-169\" srcset=\"https:\/\/www.ub.edu\/eppe\/wp-content\/uploads\/2024\/05\/Apoyo3-1024x268.jpg 1024w, https:\/\/www.ub.edu\/eppe\/wp-content\/uploads\/2024\/05\/Apoyo3-300x78.jpg 300w, https:\/\/www.ub.edu\/eppe\/wp-content\/uploads\/2024\/05\/Apoyo3-768x201.jpg 768w, https:\/\/www.ub.edu\/eppe\/wp-content\/uploads\/2024\/05\/Apoyo3.jpg 1113w\" sizes=\"auto, (max-width: 1024px) 100vw, 1024px\" \/><\/figure>\n<\/figure>\n","protected":false},"excerpt":{"rendered":"<p>Objetivo Uno de los elementos b\u00e1sicos para la mejora de la planificaci\u00f3n y gesti\u00f3n del ejercicio de la evaluaci\u00f3n es la capacitaci\u00f3n de su personal trabajador p\u00fablico. Este proyecto pretende establecer los conocimientos para gestionar y\/o realizar evaluaciones de las pol\u00edticas p\u00fablicas de empleo y puedan planificar, acompa\u00f1ar y desempe\u00f1arse [&hellip;]<\/p>\n","protected":false},"author":1,"featured_media":0,"parent":0,"menu_order":0,"comment_status":"closed","ping_status":"closed","template":"","meta":{"footnotes":""},"class_list":["post-12","page","type-page","status-publish","hentry"],"_links":{"self":[{"href":"https:\/\/www.ub.edu\/eppe\/wp-json\/wp\/v2\/pages\/12","targetHints":{"allow":["GET"]}}],"collection":[{"href":"https:\/\/www.ub.edu\/eppe\/wp-json\/wp\/v2\/pages"}],"about":[{"href":"https:\/\/www.ub.edu\/eppe\/wp-json\/wp\/v2\/types\/page"}],"author":[{"embeddable":true,"href":"https:\/\/www.ub.edu\/eppe\/wp-json\/wp\/v2\/users\/1"}],"replies":[{"embeddable":true,"href":"https:\/\/www.ub.edu\/eppe\/wp-json\/wp\/v2\/comments?post=12"}],"version-history":[{"count":14,"href":"https:\/\/www.ub.edu\/eppe\/wp-json\/wp\/v2\/pages\/12\/revisions"}],"predecessor-version":[{"id":192,"href":"https:\/\/www.ub.edu\/eppe\/wp-json\/wp\/v2\/pages\/12\/revisions\/192"}],"wp:attachment":[{"href":"https:\/\/www.ub.edu\/eppe\/wp-json\/wp\/v2\/media?parent=12"}],"curies":[{"name":"wp","href":"https:\/\/api.w.org\/{rel}","templated":true}]}}