{"id":13,"date":"2023-06-09T11:15:31","date_gmt":"2023-06-09T09:15:31","guid":{"rendered":"https:\/\/www.ub.edu\/eppe\/?page_id=13"},"modified":"2023-06-09T12:39:37","modified_gmt":"2023-06-09T10:39:37","slug":"contact","status":"publish","type":"page","link":"https:\/\/www.ub.edu\/eppe\/contact\/","title":{"rendered":"Contact"},"content":{"rendered":"\n<div class=\"wp-block-columns alignfull is-layout-flex wp-container-core-columns-is-layout-9d6595d7 wp-block-columns-is-layout-flex\">\n<div class=\"wp-block-column is-layout-flow wp-block-column-is-layout-flow\">\n<div style=\"width: 100%\"><iframe loading=\"lazy\" width=\"100%\" height=\"400\" frameborder=\"0\" scrolling=\"no\" marginheight=\"0\" marginwidth=\"0\" src=\"https:\/\/www.google.com\/maps\/embed?pb=!1m14!1m8!1m3!1d11973.794453615787!2d2.1166991!3d41.3860629!3m2!1i1024!2i768!4f13.1!3m3!1m2!1s0x0%3A0x82c39a28adf70032!2sUniversitat+de+Barcelona+School+of+Economics!5e0!3m2!1ses!2ses!4v1549525512597\"><\/iframe><\/div>\n\n\n\n<p><\/p>\n<\/div>\n<\/div>\n\n\n\n<div class=\"wp-block-columns container is-layout-flex wp-container-core-columns-is-layout-9d6595d7 wp-block-columns-is-layout-flex\">\n<div class=\"wp-block-column is-vertically-aligned-center is-layout-flow wp-block-column-is-layout-flow\">\n<h2 class=\"wp-block-heading hestia-title\">Solicita informaci\u00f3n<\/h2>\n\n\n\n<p>Env\u00edanos tu mensaje: <a href=\"mailto:curso.eppe@ub.edu\">curso.eppe@ub.edu<\/a><\/p>\n\n\n\n<p><br>Facultad de Econom\u00eda y Empresa, Universidad de Barcelona.<br>Av. Diagonal, 696. 08034 Barcelona<\/p>\n<\/div>\n<\/div>\n","protected":false},"excerpt":{"rendered":"<p>Solicita informaci\u00f3n Env\u00edanos tu mensaje: curso.eppe@ub.edu Facultad de Econom\u00eda y Empresa, Universidad de Barcelona.Av. Diagonal, 696. 08034 Barcelona<\/p>\n","protected":false},"author":1,"featured_media":5,"parent":0,"menu_order":0,"comment_status":"closed","ping_status":"closed","template":"page-templates\/template-pagebuilder-full-width.php","meta":{"footnotes":""},"class_list":["post-13","page","type-page","status-publish","has-post-thumbnail","hentry"],"_links":{"self":[{"href":"https:\/\/www.ub.edu\/eppe\/wp-json\/wp\/v2\/pages\/13","targetHints":{"allow":["GET"]}}],"collection":[{"href":"https:\/\/www.ub.edu\/eppe\/wp-json\/wp\/v2\/pages"}],"about":[{"href":"https:\/\/www.ub.edu\/eppe\/wp-json\/wp\/v2\/types\/page"}],"author":[{"embeddable":true,"href":"https:\/\/www.ub.edu\/eppe\/wp-json\/wp\/v2\/users\/1"}],"replies":[{"embeddable":true,"href":"https:\/\/www.ub.edu\/eppe\/wp-json\/wp\/v2\/comments?post=13"}],"version-history":[{"count":9,"href":"https:\/\/www.ub.edu\/eppe\/wp-json\/wp\/v2\/pages\/13\/revisions"}],"predecessor-version":[{"id":77,"href":"https:\/\/www.ub.edu\/eppe\/wp-json\/wp\/v2\/pages\/13\/revisions\/77"}],"wp:featuredmedia":[{"embeddable":true,"href":"https:\/\/www.ub.edu\/eppe\/wp-json\/wp\/v2\/media\/5"}],"wp:attachment":[{"href":"https:\/\/www.ub.edu\/eppe\/wp-json\/wp\/v2\/media?parent=13"}],"curies":[{"name":"wp","href":"https:\/\/api.w.org\/{rel}","templated":true}]}}