{"id":24,"date":"2023-06-09T11:15:32","date_gmt":"2023-06-09T09:15:32","guid":{"rendered":"https:\/\/www.ub.edu\/eppe\/?page_id=24"},"modified":"2026-04-22T15:24:54","modified_gmt":"2026-04-22T13:24:54","slug":"programa","status":"publish","type":"page","link":"https:\/\/www.ub.edu\/eppe\/programa\/","title":{"rendered":"Programa"},"content":{"rendered":"\n<figure class=\"wp-block-image size-full\"><img loading=\"lazy\" decoding=\"async\" width=\"921\" height=\"715\" src=\"https:\/\/www.ub.edu\/eppe\/wp-content\/uploads\/2026\/04\/image.png\" alt=\"\" class=\"wp-image-195\" srcset=\"https:\/\/www.ub.edu\/eppe\/wp-content\/uploads\/2026\/04\/image.png 921w, https:\/\/www.ub.edu\/eppe\/wp-content\/uploads\/2026\/04\/image-300x233.png 300w, https:\/\/www.ub.edu\/eppe\/wp-content\/uploads\/2026\/04\/image-768x596.png 768w\" sizes=\"auto, (max-width: 921px) 100vw, 921px\" \/><\/figure>\n\n\n\n<p><strong>Diploma de Especializaci\u00f3n en EVALUACI\u00d3N DE POL\u00cdTICAS P\u00daBLICAS DE EMPLEO (32 cr\u00e9ditos)<\/strong> <strong>\u00a0\u00a0\u00a0\u00a0 <\/strong>(octubre 2026 \u2013 Junio 2028)<\/p>\n\n\n\n<p><strong>Curso de Experto en EVALUACI\u00d3N DE POL\u00cdTICAS P\u00daBLICAS DE EMPLEO (16 cr\u00e9ditos)\u00a0<\/strong>(octubre 2026 \u2013 mayo 2027)<\/p>\n\n\n\n<p><strong>M\u00f3dulo 1: ELEMENTOS B\u00c1SICOS Y PROCESOS DE LA EVALUACI\u00d3N<\/strong> <strong>(4 cr\u00e9ditos)<\/strong> (octubre 2026 \u2013 noviembre 2026)<br>Introducir los conceptos b\u00e1sicos de la evaluaci\u00f3n de las Pol\u00edticas Activas de Empleo (PAE), as\u00ed como los conceptos y definiciones b\u00e1sicas del an\u00e1lisis laboral (trabajo, empleo, formas del trabajo y empleo, calidad del empleo y precariedad, desempleo\u2026). Desarrollar y dominar los elementos b\u00e1sicos de la evaluaci\u00f3n para la institucionalizaci\u00f3n y profesionalizaci\u00f3n de la evaluaci\u00f3n en las intervenciones p\u00fablicas. Dise\u00f1ar, planificar e implementar el ciclo de la evaluaci\u00f3n en el marco de la nueva gesti\u00f3n p\u00fablica. Establecer el marco conceptual de la evaluaci\u00f3n (normativo y metodol\u00f3gico), los criterios y las condiciones para la evaluaci\u00f3n, la calidad de la evaluaci\u00f3n y los est\u00e1ndares para su gesti\u00f3n. Evaluaci\u00f3n de evaluabilidad.<\/p>\n\n\n\n<p><strong>M\u00f3dulo 2: TIPOS DE EVALUACI\u00d3N: EXANTE, IMPACTO, TERRITORIAL, G\u00c9NERO, ECON\u00d3MICA Y CUALITATIVA (7 cr\u00e9ditos)<\/strong> (noviembre 2026 \u2013 febrero 2027)<br>Desarrollar el proceso evaluativo en la organizaci\u00f3n: preparaci\u00f3n de la evaluaci\u00f3n, elaboraci\u00f3n de pliegos para la contrataci\u00f3n externa de los servicios de evaluaci\u00f3n, dise\u00f1o, identificaci\u00f3n y participaci\u00f3n de los grupos de inter\u00e9s, acompa\u00f1amiento y ejecuci\u00f3n de la evaluaci\u00f3n\u2026 La comunicaci\u00f3n interna y externa de los resultados y uso de la evaluaci\u00f3n. Seguimiento de las recomendaciones. Dise\u00f1o de pliegos para la contrataci\u00f3n externa de los servicios de evaluaci\u00f3n.<\/p>\n\n\n\n<p>Conocer y dominar los distintos enfoques y tipos de evaluaci\u00f3n y saber elegir qu\u00e9 evaluaci\u00f3n realizar a partir de las necesidades y posibilidades en base a los objetivos planteados en materia de evaluaci\u00f3n por parte de la direcci\u00f3n de la organizaci\u00f3n..<\/p>\n\n\n\n<p><strong>M\u00f3dulo 3: SEGUIMIENTO E INDICADORES (5 cr\u00e9ditos)<\/strong> (abril 2027 \u2013 mayo 2027)<br>Conocer y dise\u00f1ar indicadores. Tipolog\u00eda de indicadores. Dise\u00f1o de cuadros de mando para el seguimiento y evaluaci\u00f3n de pol\u00edticas de empleo. La calidad del dato. Indicadores de impacto social. La protecci\u00f3n de datos personales y el secreto estad\u00edstico. La visualizaci\u00f3n de los indicadores vs comunicaci\u00f3n. Herramientas para la gesti\u00f3n de datos y su procesamiento en indicadores. Conocer el an\u00e1lisis coste-beneficio como herramienta para la evaluaci\u00f3n econ\u00f3mico-social.<\/p>\n\n\n\n<div class=\"wp-block-group\"><div class=\"wp-block-group__inner-container is-layout-constrained wp-block-group-is-layout-constrained\">\n<p><strong>Curso Superior Universitario en T\u00c9CNICAS DE EVALUACI\u00d3N CUANTITATIVA (7 cr\u00e9ditos)<\/strong> (octubre 2027 \u2013 enero 2028) <\/p>\n\n\n\n<p>Conocer las principales t\u00e9cnicas de an\u00e1lisis cuantitativas aplicadas a la evaluaci\u00f3n de pol\u00edticas p\u00fablicas y en el caso particular de las pol\u00edticas de empleo. Se explicar\u00e1n los enfoques alternativos para abordar el problema del sesgo de selecci\u00f3n y obtener estimaciones que se puedan interpretar en t\u00e9rminos causales, como los m\u00e9todos basados en la propensi\u00f3n a recibir tratamiento (<em>Propensity score<\/em>), la t\u00e9cnica del emparejamiento (<em>Matching<\/em>), el m\u00e9todo de estimaci\u00f3n por variables instrumentales, el m\u00e9todo de la regresi\u00f3n en discontinuidad (<em>Regression Discontinuity<\/em>), y la estimaci\u00f3n por doble diferencia (<em>Difference-in-Difference<\/em>).<\/p>\n\n\n\n<p><strong>Curso Superior Universitario en T\u00c9CNICAS DE EVALUACI\u00d3N CUALITATIVA (5 cr\u00e9ditos)<\/strong> (febrero 2028 \u2013 marzo 2028) <\/p>\n\n\n\n<p>Introducir a los participantes en el enfoque, los conceptos y las pr\u00e1cticas asociadas a la utilizaci\u00f3n de este tipo de enfoque e instrumental metodol\u00f3gico en el \u00e1mbito de la evaluaci\u00f3n de pol\u00edticas. Pretende ayudar a conocer las principales t\u00e9cnicas de an\u00e1lisis cualitativas aplicadas a la evaluaci\u00f3n de pol\u00edticas p\u00fablicas y en el caso particular de las pol\u00edticas de empleo. La participaci\u00f3n los agentes clave que intervienen en la pol\u00edtica evaluada es esencial en la evaluaci\u00f3n cualitativa.<\/p>\n\n\n\n<p><strong>TRABAJO FIN DE DIPLOMA<\/strong> <strong>(4 cr\u00e9ditos)<\/strong> (octubre 2027 \u2013 junio 2028)<br>Demostrar la adquisici\u00f3n de las competencias, habilidades y contenidos previstos en el Diploma. Elaboraci\u00f3n de un trabajo final de diploma, sobre algunos de los contenidos del Diploma. Elaboraci\u00f3n del trabajo en grupos de dos personas. Trabajo tutorizado por un profesor del Diploma.<\/p>\n<\/div><\/div>\n","protected":false},"excerpt":{"rendered":"<p>Diploma de Especializaci\u00f3n en EVALUACI\u00d3N DE POL\u00cdTICAS P\u00daBLICAS DE EMPLEO (32 cr\u00e9ditos) \u00a0\u00a0\u00a0\u00a0 (octubre 2026 \u2013 Junio 2028) Curso de Experto en EVALUACI\u00d3N DE POL\u00cdTICAS P\u00daBLICAS DE EMPLEO (16 cr\u00e9ditos)\u00a0(octubre 2026 \u2013 mayo 2027) M\u00f3dulo 1: ELEMENTOS B\u00c1SICOS Y PROCESOS DE LA EVALUACI\u00d3N (4 cr\u00e9ditos) (octubre 2026 \u2013 noviembre 2026)Introducir [&hellip;]<\/p>\n","protected":false},"author":1,"featured_media":0,"parent":0,"menu_order":0,"comment_status":"closed","ping_status":"closed","template":"","meta":{"footnotes":""},"class_list":["post-24","page","type-page","status-publish","hentry"],"_links":{"self":[{"href":"https:\/\/www.ub.edu\/eppe\/wp-json\/wp\/v2\/pages\/24","targetHints":{"allow":["GET"]}}],"collection":[{"href":"https:\/\/www.ub.edu\/eppe\/wp-json\/wp\/v2\/pages"}],"about":[{"href":"https:\/\/www.ub.edu\/eppe\/wp-json\/wp\/v2\/types\/page"}],"author":[{"embeddable":true,"href":"https:\/\/www.ub.edu\/eppe\/wp-json\/wp\/v2\/users\/1"}],"replies":[{"embeddable":true,"href":"https:\/\/www.ub.edu\/eppe\/wp-json\/wp\/v2\/comments?post=24"}],"version-history":[{"count":6,"href":"https:\/\/www.ub.edu\/eppe\/wp-json\/wp\/v2\/pages\/24\/revisions"}],"predecessor-version":[{"id":197,"href":"https:\/\/www.ub.edu\/eppe\/wp-json\/wp\/v2\/pages\/24\/revisions\/197"}],"wp:attachment":[{"href":"https:\/\/www.ub.edu\/eppe\/wp-json\/wp\/v2\/media?parent=24"}],"curies":[{"name":"wp","href":"https:\/\/api.w.org\/{rel}","templated":true}]}}