{"id":25,"date":"2023-06-09T11:15:32","date_gmt":"2023-06-09T09:15:32","guid":{"rendered":"https:\/\/www.ub.edu\/eppe\/?page_id=25"},"modified":"2026-04-22T15:36:09","modified_gmt":"2026-04-22T13:36:09","slug":"docentes","status":"publish","type":"page","link":"https:\/\/www.ub.edu\/eppe\/docentes\/","title":{"rendered":"Docentes"},"content":{"rendered":"\n<p><strong>Director:<\/strong><\/p>\n\n\n\n<ul class=\"wp-block-list\">\n<li>Jordi Suri\u00f1ach Caralt (Universitat de Barcelona &#8211;&nbsp; UB)<\/li>\n<\/ul>\n\n\n\n<p><strong>Docentes Coordinadores Acad\u00e9micos:<\/strong><\/p>\n\n\n\n<ul class=\"wp-block-list\">\n<li>Antonio di Paolo (Universitat de Barcelona \u2013 UB)<\/li>\n\n\n\n<li>Antonio Igea Sesma (Lanbide-Servicio Vasco de Empleo \/ Red Internacional de Evaluaci\u00f3n de Pol\u00edticas P\u00fablicas-RIEPP)<\/li>\n\n\n\n<li>Josep M\u00e1rquez Moreno (Servei P\u00fablic d\u2019Ocupaci\u00f3 de Catalunya \u2013 SOC)<\/li>\n\n\n\n<li>Raul Ramos Lobo (Universitat de Barcelona \u2013 UB)<\/li>\n\n\n\n<li>Joan Miquel Verd Pericas (Universitat Aut\u00f2noma de Barcelona \u2013 UAB)<\/li>\n<\/ul>\n\n\n\n<p><strong>Docentes:<\/strong><\/p>\n\n\n\n<ul class=\"wp-block-list\">\n<li>Juan Casero Cepeda (Universidad de Sevilla \u2013 US)<\/li>\n\n\n\n<li>Daniel Catal\u00e1 P\u00e9rez (Universitat Polit\u00e8cnica de Valencia \u2013 UPV)<\/li>\n\n\n\n<li>Bego\u00f1a Cueto Iglesias (Universidad de Oviedo \u2013 UO)<\/li>\n\n\n\n<li>Mar\u00eda de Miguel Molina (Universitat Polit\u00e8cnica de Valencia \u2013 UPV)<\/li>\n\n\n\n<li>Simona Demel (Fundaci\u00f3n ISEAK)<\/li>\n\n\n\n<li>Antonio di Paolo (Universitat de Barcelona \u2013&nbsp; UB)<\/li>\n\n\n\n<li>Julia Espinosa Fajardo (Universidad de Sevilla \u2013 US)<\/li>\n\n\n\n<li>Mar\u00eda Jos\u00e9 G\u00f3mez (Consultora y Evaluadora Senior de Pol\u00edticas de empleo y g\u00e9nero)<\/li>\n\n\n\n<li>Mar\u00eda A. Gonz\u00e1lez-\u00c1lvarez (Universidad de Zaragoza \u2013 Unizar)<\/li>\n\n\n\n<li>Antonio Igea Sesma (Lanbide-Servicio Vasco de Empleo \/ Red Internacional de Evaluaci\u00f3n de Pol\u00edticas P\u00fablicas-RIEPP)<\/li>\n\n\n\n<li>Eduardo Jim\u00e9nez Hern\u00e1ndez (Innovaci\u00f3n y Consultor\u00eda en Pol\u00edticas P\u00fablicas S.L.)<\/li>\n\n\n\n<li>Arnau Juanmart\u00ed Mestres (Iv\u00e0lua)<\/li>\n\n\n\n<li>Cristina Lopez-Mayan (Universitat de Barcelona \u2013 UB)<\/li>\n\n\n\n<li>Alejandro L\u00f3pez Mench\u00f3n (Universidad Pablo de Olavide &#8211; UPO)<\/li>\n\n\n\n<li>Maria Alejandra Lucero Manzano (Programa de Estudios del Trabajo, el Ambiente y la Sociedad, Universidad Nacional de San Juan, Argentina \u2013 PETAS-UNSJ)<\/li>\n\n\n\n<li>Joana Mar\u00ed Cardona (Autoridad Catalana de Protecci\u00f3n de Datos)<\/li>\n\n\n\n<li>Josep M\u00e1rquez Moreno (Servei P\u00fablic d\u2019Ocupaci\u00f3 de Catalunya \u2013 SOC)<\/li>\n\n\n\n<li>David Martinez de Lafuente (Fundaci\u00f3n ISEAK)<\/li>\n\n\n\n<li>Javier Mato D\u00edaz (Universidad de Oviedo \u2013 UO)<\/li>\n\n\n\n<li>Rosina Moreno Serrano (Universitat de Barcelona \u2013 UB)<\/li>\n\n\n\n<li>Federico Pozo Cuevas (Universidad de Sevilla \u2013 US)<\/li>\n\n\n\n<li>Raul Ramos Lobo (Universitat de Barcelona \u2013&nbsp; UB)<\/li>\n\n\n\n<li>Pablo Rodr\u00edguez Bilella (Programa de Estudios del Trabajo, el Ambiente y la Sociedad, Universidad Nacional de San Juan, Argentina \u2013 EvalParticipativa)<\/li>\n\n\n\n<li>Juan Carlos Sanz Vaca (DEval &#8211; Instituto Alem\u00e1n de Evaluaci\u00f3n de la Cooperaci\u00f3n para el Desarrollo)<\/li>\n\n\n\n<li>Jordi Suri\u00f1ach Caralt (Universitat de Barcelona \u2013&nbsp; UB)<\/li>\n\n\n\n<li>Esteban Tapella (Programa de Estudios del Trabajo, el Ambiente y la Sociedad, Universidad Nacional de San Juan, Argentina \u2013 EvalParticipativa)<\/li>\n\n\n\n<li>Joan Miquel Verd Pericas (Universitat Aut\u00f2noma de Barcelona \u2013 UAB)<\/li>\n<\/ul>\n","protected":false},"excerpt":{"rendered":"<p>Director: Docentes Coordinadores Acad\u00e9micos: Docentes:<\/p>\n","protected":false},"author":1,"featured_media":0,"parent":0,"menu_order":0,"comment_status":"closed","ping_status":"closed","template":"","meta":{"footnotes":""},"class_list":["post-25","page","type-page","status-publish","hentry"],"_links":{"self":[{"href":"https:\/\/www.ub.edu\/eppe\/wp-json\/wp\/v2\/pages\/25","targetHints":{"allow":["GET"]}}],"collection":[{"href":"https:\/\/www.ub.edu\/eppe\/wp-json\/wp\/v2\/pages"}],"about":[{"href":"https:\/\/www.ub.edu\/eppe\/wp-json\/wp\/v2\/types\/page"}],"author":[{"embeddable":true,"href":"https:\/\/www.ub.edu\/eppe\/wp-json\/wp\/v2\/users\/1"}],"replies":[{"embeddable":true,"href":"https:\/\/www.ub.edu\/eppe\/wp-json\/wp\/v2\/comments?post=25"}],"version-history":[{"count":10,"href":"https:\/\/www.ub.edu\/eppe\/wp-json\/wp\/v2\/pages\/25\/revisions"}],"predecessor-version":[{"id":203,"href":"https:\/\/www.ub.edu\/eppe\/wp-json\/wp\/v2\/pages\/25\/revisions\/203"}],"wp:attachment":[{"href":"https:\/\/www.ub.edu\/eppe\/wp-json\/wp\/v2\/media?parent=25"}],"curies":[{"name":"wp","href":"https:\/\/api.w.org\/{rel}","templated":true}]}}