{"id":26,"date":"2023-06-09T11:15:32","date_gmt":"2023-06-09T09:15:32","guid":{"rendered":"https:\/\/www.ub.edu\/eppe\/?page_id=26"},"modified":"2026-04-22T15:33:10","modified_gmt":"2026-04-22T13:33:10","slug":"inscribete","status":"publish","type":"page","link":"https:\/\/www.ub.edu\/eppe\/inscribete\/","title":{"rendered":"Inscr\u00edbete"},"content":{"rendered":"\n<p>Dirigido a personas empleadas p\u00fablicas que trabajen en el dise\u00f1o y ejecuci\u00f3n de planes de evaluaci\u00f3n, redacci\u00f3n de pliegos de contrataci\u00f3n de servicios de evaluaci\u00f3n, acompa\u00f1amiento a los equipos de evaluaci\u00f3n externos, seguimiento de cuadros de mandos, publicaci\u00f3n y difusi\u00f3n de resultados, uso de la evaluaci\u00f3n, redacci\u00f3n de informes internos de an\u00e1lisis de las Pol\u00edticas Actives de Empleo (PAO) y autoevaluaciones.<\/p>\n\n\n\n<p><strong>Importe<\/strong>: <\/p>\n\n\n\n<p class=\"has-text-align-left\">Curso de Experto: 1.840 \u20ac<\/p>\n\n\n\n<p class=\"has-text-align-left\">Curso Superior Universitario en T\u00e9cnicas de Evaluaci\u00f3n Cuantitativas: 805 \u20ac<\/p>\n\n\n\n<p class=\"has-text-align-left\">Curso Superior Universitario en T\u00e9cnicas de Evaluaci\u00f3n Cualitativas: 575 \u20ac<\/p>\n\n\n\n<p class=\"has-text-align-left\">Diploma de Especializaci\u00f3n (incluye los cursos anteriores + TFD): 3.680 \u20ac<\/p>\n\n\n\n<p class=\"has-text-align-left\">El importe por cr\u00e9dito es de 115 \u20ac<\/p>\n\n\n\n<p><strong>ADMISI\u00d3N:<\/strong><\/p>\n\n\n\n<p>Solicita la admisi\u00f3n a trav\u00e9s de este enlace: <a href=\"https:\/\/forms.gle\/Dw5qXWRsPMR5sYTM7\">https:\/\/forms.gle\/Dw5qXWRsPMR5sYTM7<\/a> <\/p>\n\n\n\n<p>El candidato deber\u00e1 adjuntar su CV, una carta de motivaci\u00f3n y una carta de apoyo por parte del servicio nacional, regional o local donde trabaja (opcional).<\/p>\n\n\n\n<p>1\u00aa fase del periodo de admisi\u00f3n: del 15\/5\/26 al 20\/7\/26<\/p>\n\n\n\n<p>2\u00aa fase del periodo de admisi\u00f3n: del 21\/7\/26 al 20\/9\/26 (en caso de plazas libres)<\/p>\n\n\n\n<p><strong>MATR\u00cdCULA:<\/strong><\/p>\n\n\n\n<p>En el momento de la matr\u00edcula, deber\u00e1n entregar los documentos exigidos:<\/p>\n\n\n\n<p>&#8211; Impreso de matr\u00edcula.<\/p>\n\n\n\n<p>&#8211; Una fotocopia del DNI, pasaporte o documento identificador (pa\u00edses de la UE).<\/p>\n\n\n\n<p>&#8211; En el caso de disponer de titulaci\u00f3n universitaria, aportar t\u00edtulo que lo acredite: original, copia aut\u00e9ntica o copia compulsada. En el caso de no aportar t\u00edtulo universitario, una vez finalizado y aprobado el curso, se expedir\u00e1 un t\u00edtulo de extensi\u00f3n.<\/p>\n\n\n\n<p>Periodo de preinscripci\u00f3n: del 15\/5\/26 al 20\/9\/26<\/p>\n\n\n\n<p>Se realizar\u00e1 una matr\u00edcula al Diploma o por Curso que se desee realizar.<\/p>\n\n\n\n<p><strong>IMPORTANTE: <\/strong>los alumnos que realicen el pago de la matr\u00edcula mediante factura a nombre de una empresa deben informar a la Coordinaci\u00f3n en el momento de recibir la admisi\u00f3n. No se emitir\u00e1n facturas una vez realizado el pago.<\/p>\n\n\n\n<p><\/p>\n","protected":false},"excerpt":{"rendered":"<p>Dirigido a personas empleadas p\u00fablicas que trabajen en el dise\u00f1o y ejecuci\u00f3n de planes de evaluaci\u00f3n, redacci\u00f3n de pliegos de contrataci\u00f3n de servicios de evaluaci\u00f3n, acompa\u00f1amiento a los equipos de evaluaci\u00f3n externos, seguimiento de cuadros de mandos, publicaci\u00f3n y difusi\u00f3n de resultados, uso de la evaluaci\u00f3n, redacci\u00f3n de informes internos [&hellip;]<\/p>\n","protected":false},"author":1,"featured_media":0,"parent":0,"menu_order":0,"comment_status":"closed","ping_status":"closed","template":"","meta":{"footnotes":""},"class_list":["post-26","page","type-page","status-publish","hentry"],"_links":{"self":[{"href":"https:\/\/www.ub.edu\/eppe\/wp-json\/wp\/v2\/pages\/26","targetHints":{"allow":["GET"]}}],"collection":[{"href":"https:\/\/www.ub.edu\/eppe\/wp-json\/wp\/v2\/pages"}],"about":[{"href":"https:\/\/www.ub.edu\/eppe\/wp-json\/wp\/v2\/types\/page"}],"author":[{"embeddable":true,"href":"https:\/\/www.ub.edu\/eppe\/wp-json\/wp\/v2\/users\/1"}],"replies":[{"embeddable":true,"href":"https:\/\/www.ub.edu\/eppe\/wp-json\/wp\/v2\/comments?post=26"}],"version-history":[{"count":13,"href":"https:\/\/www.ub.edu\/eppe\/wp-json\/wp\/v2\/pages\/26\/revisions"}],"predecessor-version":[{"id":201,"href":"https:\/\/www.ub.edu\/eppe\/wp-json\/wp\/v2\/pages\/26\/revisions\/201"}],"wp:attachment":[{"href":"https:\/\/www.ub.edu\/eppe\/wp-json\/wp\/v2\/media?parent=26"}],"curies":[{"name":"wp","href":"https:\/\/api.w.org\/{rel}","templated":true}]}}