{"id":54,"date":"2023-06-09T11:50:24","date_gmt":"2023-06-09T09:50:24","guid":{"rendered":"https:\/\/www.ub.edu\/eppe\/?page_id=54"},"modified":"2025-05-15T12:54:52","modified_gmt":"2025-05-15T10:54:52","slug":"metodologia","status":"publish","type":"page","link":"https:\/\/www.ub.edu\/eppe\/metodologia\/","title":{"rendered":"Metodolog\u00eda"},"content":{"rendered":"\n<p><strong>Sesiones te\u00f3ricas online:<\/strong><\/p>\n\n\n\n<p>Habr\u00e1 sesiones presenciales te\u00f3ricas, donde el profesorado impartir\u00e1 clases s\u00edncronas (on line). El profesorado se acompa\u00f1ar\u00e1 de materiales docentes, que pondr\u00e1 a disposici\u00f3n de los estudiantes. <\/p>\n\n\n\n<p><strong>Talleres:<\/strong><\/p>\n\n\n\n<p>Sesiones pr\u00e1cticas, donde el profesorado presentar\u00e1 casos de estudio y ejemplos pr\u00e1cticos, de manera presencial-s\u00edncrona (on line) y presencial-f\u00edsica (durante los llamados \u201cEncuentros\u201d). El profesorado se acompa\u00f1ar\u00e1 de materiales docentes, que pondr\u00e1 a disposici\u00f3n de los estudiantes.<\/p>\n\n\n\n<p><strong>Encuentros:<\/strong><\/p>\n\n\n\n<p>Se realizar\u00e1n dos encuentros presenciales de todo el estudiantado. El primero (el 26-27 de febrero) se celebrar\u00e1 previsiblemente en la sede de Madrid del Servicio P\u00fablico de Empleo (COE-Estatal) en la que se presentar\u00e1n y debatir\u00e1n casos pr\u00e1cticos de t\u00f3picos relacionados con las pol\u00edticas p\u00fablicas de empleo. El segundo (3-4 de septiembre), se celebrar\u00e1 en Barcelona y se asistir\u00e1 a la presentaci\u00f3n p\u00fablica de distintos TFD, as\u00ed como otros seminarios de inter\u00e9s.<\/p>\n\n\n\n<p><strong>Trabajo Final de Diploma:<\/strong><\/p>\n\n\n\n<p>Las personas matriculadas tendr\u00e1n que desarrollar un trabajo final de diploma, por parejas, que tendr\u00e1n que presentar en defensa p\u00fablica. Versar\u00e1 sobre el contenido del Diploma.<\/p>\n\n\n\n<p><\/p>\n","protected":false},"excerpt":{"rendered":"<p>Sesiones te\u00f3ricas online: Habr\u00e1 sesiones presenciales te\u00f3ricas, donde el profesorado impartir\u00e1 clases s\u00edncronas (on line). El profesorado se acompa\u00f1ar\u00e1 de materiales docentes, que pondr\u00e1 a disposici\u00f3n de los estudiantes. Talleres: Sesiones pr\u00e1cticas, donde el profesorado presentar\u00e1 casos de estudio y ejemplos pr\u00e1cticos, de manera presencial-s\u00edncrona (on line) y presencial-f\u00edsica (durante [&hellip;]<\/p>\n","protected":false},"author":1,"featured_media":0,"parent":0,"menu_order":0,"comment_status":"closed","ping_status":"closed","template":"","meta":{"footnotes":""},"class_list":["post-54","page","type-page","status-publish","hentry"],"_links":{"self":[{"href":"https:\/\/www.ub.edu\/eppe\/wp-json\/wp\/v2\/pages\/54","targetHints":{"allow":["GET"]}}],"collection":[{"href":"https:\/\/www.ub.edu\/eppe\/wp-json\/wp\/v2\/pages"}],"about":[{"href":"https:\/\/www.ub.edu\/eppe\/wp-json\/wp\/v2\/types\/page"}],"author":[{"embeddable":true,"href":"https:\/\/www.ub.edu\/eppe\/wp-json\/wp\/v2\/users\/1"}],"replies":[{"embeddable":true,"href":"https:\/\/www.ub.edu\/eppe\/wp-json\/wp\/v2\/comments?post=54"}],"version-history":[{"count":6,"href":"https:\/\/www.ub.edu\/eppe\/wp-json\/wp\/v2\/pages\/54\/revisions"}],"predecessor-version":[{"id":180,"href":"https:\/\/www.ub.edu\/eppe\/wp-json\/wp\/v2\/pages\/54\/revisions\/180"}],"wp:attachment":[{"href":"https:\/\/www.ub.edu\/eppe\/wp-json\/wp\/v2\/media?parent=54"}],"curies":[{"name":"wp","href":"https:\/\/api.w.org\/{rel}","templated":true}]}}