{"id":99,"date":"2023-07-10T10:17:40","date_gmt":"2023-07-10T08:17:40","guid":{"rendered":"https:\/\/www.ub.edu\/eppe\/?page_id=99"},"modified":"2025-05-15T12:56:26","modified_gmt":"2025-05-15T10:56:26","slug":"calendario","status":"publish","type":"page","link":"https:\/\/www.ub.edu\/eppe\/calendario\/","title":{"rendered":"Calendario"},"content":{"rendered":"\n<p><strong>Periodo lectivo:<\/strong><\/p>\n\n\n\n<p>Fecha de inicio: 02\/10\/2025<\/p>\n\n\n\n<p>Fecha final: 04\/09\/2026<\/p>\n\n\n\n<p>Las sesiones te\u00f3ricas finalizar\u00e1n el 22 de junio de 2026, coincidiendo con el Encuentro presencial. Durante el mes de julio se preparar\u00e1n los TFD, que ser\u00e1n presentados en septiembre 2026.<\/p>\n\n\n\n<p><strong>Horario:<\/strong><\/p>\n\n\n\n<p>Las sesiones te\u00f3ricas on line y los talleres se realizar\u00e1n los lunes y jueves de 16h a 19h.<\/p>\n\n\n\n<p><strong>Encuentros presenciales:<\/strong><\/p>\n\n\n\n<p>Se celebrar\u00e1n los d\u00edas 26 y 27 de febrero de 2026 (Ubicaci\u00f3n provisional: Madrid, sede del COE-Estatal) y 3 y 4 de septiembre de 2026 (Ubicaci\u00f3n provisional: Barcelona, sede de l\u2019Escola de Treball).<\/p>\n\n\n\n<p><strong>Trabajo Final de Diploma:<\/strong><\/p>\n\n\n\n<p>El per\u00edodo de realizaci\u00f3n del TFD ser\u00e1 desde el momento en que se consiga relacionar estudiantado y profesorado hasta el mes de julio-agosto. Dichos TFD ser\u00e1n presentados on line al resto de matriculados del 31 de agosto al 2 de septiembre de 2026.<\/p>\n\n\n\n<p><\/p>\n","protected":false},"excerpt":{"rendered":"<p>Periodo lectivo: Fecha de inicio: 02\/10\/2025 Fecha final: 04\/09\/2026 Las sesiones te\u00f3ricas finalizar\u00e1n el 22 de junio de 2026, coincidiendo con el Encuentro presencial. Durante el mes de julio se preparar\u00e1n los TFD, que ser\u00e1n presentados en septiembre 2026. Horario: Las sesiones te\u00f3ricas on line y los talleres se realizar\u00e1n [&hellip;]<\/p>\n","protected":false},"author":1,"featured_media":0,"parent":0,"menu_order":0,"comment_status":"closed","ping_status":"closed","template":"","meta":{"footnotes":""},"class_list":["post-99","page","type-page","status-publish","hentry"],"_links":{"self":[{"href":"https:\/\/www.ub.edu\/eppe\/wp-json\/wp\/v2\/pages\/99","targetHints":{"allow":["GET"]}}],"collection":[{"href":"https:\/\/www.ub.edu\/eppe\/wp-json\/wp\/v2\/pages"}],"about":[{"href":"https:\/\/www.ub.edu\/eppe\/wp-json\/wp\/v2\/types\/page"}],"author":[{"embeddable":true,"href":"https:\/\/www.ub.edu\/eppe\/wp-json\/wp\/v2\/users\/1"}],"replies":[{"embeddable":true,"href":"https:\/\/www.ub.edu\/eppe\/wp-json\/wp\/v2\/comments?post=99"}],"version-history":[{"count":8,"href":"https:\/\/www.ub.edu\/eppe\/wp-json\/wp\/v2\/pages\/99\/revisions"}],"predecessor-version":[{"id":182,"href":"https:\/\/www.ub.edu\/eppe\/wp-json\/wp\/v2\/pages\/99\/revisions\/182"}],"wp:attachment":[{"href":"https:\/\/www.ub.edu\/eppe\/wp-json\/wp\/v2\/media?parent=99"}],"curies":[{"name":"wp","href":"https:\/\/api.w.org\/{rel}","templated":true}]}}