{"id":8097,"date":"2022-10-03T09:39:00","date_gmt":"2022-10-03T09:39:00","guid":{"rendered":"https:\/\/www.ub.edu\/esports\/?page_id=8097"},"modified":"2025-11-12T12:12:33","modified_gmt":"2025-11-12T12:12:33","slug":"entrenaments-de-portes-obertes","status":"publish","type":"page","link":"https:\/\/www.ub.edu\/esports\/entrenaments-de-portes-obertes\/","title":{"rendered":"Entrenaments de portes obertes"},"content":{"rendered":"\n<p>Les seleccions UB realitzen uns entrenaments de portes obertes per tal que tothom qui vulgui pugui venir i provar.  Els\/les seleccionadors\/es valoren nous esportistes per incorporar-se a les plantilles de la UB.<\/p>\n\n\n\n<h2 class=\"wp-block-heading has-vivid-cyan-blue-background-color has-background\"><a href=\"https:\/\/forms.office.com\/Pages\/ResponsePage.aspx?id=qzwxosOxOk-7ESFXRH3btCh41_vtQppOuXcobkWxj05UMzk4QVY0SzRETzg5MUVBNVFBOVc5WkJQSi4u\"><mark style=\"background-color:rgba(0, 0, 0, 0)\" class=\"has-inline-color has-white-color\">Inscripcions a les proves d&#8217;acc\u00e9s a Seleccions UB<\/mark><\/a><\/h2>\n\n\n\n<figure class=\"wp-block-table\"><table><tbody><tr><td class=\"has-text-align-center\" data-align=\"center\"><strong>Esport<\/strong><\/td><td><strong>Data<\/strong><\/td><td><strong>Horari<\/strong><\/td><td class=\"has-text-align-center\" data-align=\"center\"><strong>Localitzaci\u00f3<\/strong><\/td><td class=\"has-text-align-center\" data-align=\"center\"><strong>Informaci\u00f3<\/strong><\/td><\/tr><tr><td class=\"has-text-align-center\" data-align=\"center\">Voleibol femen\u00ed<\/td><td>10\/11\/2025 <\/td><td>de 14.30 a 16:00 h<\/td><td class=\"has-text-align-center\" data-align=\"center\">Pavell\u00f3 Esports UB<\/td><td class=\"has-text-align-center\" data-align=\"center\">Entrenament<\/td><\/tr><tr><td class=\"has-text-align-center\" data-align=\"center\">Voleibol mascul\u00ed<\/td><td>10\/11\/2025 <\/td><td>de 14:30 a 16:00 h<\/td><td class=\"has-text-align-center\" data-align=\"center\">Pavell\u00f3 Esports UB<\/td><td class=\"has-text-align-center\" data-align=\"center\">Entrenament<\/td><\/tr><tr><td class=\"has-text-align-center\" data-align=\"center\">Futbol mascul\u00ed<\/td><td>28\/11\/2025<\/td><td>de 15:00 a 16:30 h<\/td><td class=\"has-text-align-center\" data-align=\"center\">Camp gespa artificial Esports UB<\/td><td class=\"has-text-align-center\" data-align=\"center\">Entrenament<\/td><\/tr><tr><td class=\"has-text-align-center\" data-align=\"center\">B\u00e0squet femen\u00ed<\/td><td>28\/11\/2025<\/td><td>de 14:30 a 16:00 h<\/td><td class=\"has-text-align-center\" data-align=\"center\">Pavell\u00f3 Esports UB<\/td><td class=\"has-text-align-center\" data-align=\"center\">Entrenament<\/td><\/tr><tr><td class=\"has-text-align-center\" data-align=\"center\">B\u00e0squet mascul\u00ed<\/td><td>28\/11\/2025 <\/td><td>de 16:00 a 17:00&nbsp;h<\/td><td class=\"has-text-align-center\" data-align=\"center\">Pavell\u00f3 Esports UB<\/td><td class=\"has-text-align-center\" data-align=\"center\">Entrenament<\/td><\/tr><tr><td class=\"has-text-align-center\" data-align=\"center\">Futbol femen\u00ed<\/td><td>14\/11\/2025<\/td><td>de 15:30 a 17:00 h<\/td><td class=\"has-text-align-center\" data-align=\"center\">Gespa natural<\/td><td class=\"has-text-align-center\" data-align=\"center\">Entrenament<\/td><\/tr><tr><td class=\"has-text-align-center\" data-align=\"center\">Futbol sala femen\u00ed<\/td><td>14\/11\/2025<\/td><td>de 15:30 a 16:30 h<\/td><td class=\"has-text-align-center\" data-align=\"center\">Pavell\u00f3 Esports UB<\/td><td class=\"has-text-align-center\" data-align=\"center\">Entrenament<\/td><\/tr><tr><td class=\"has-text-align-center\" data-align=\"center\">Futbol sala mascul\u00ed<\/td><td>03\/11\/2025<br>05\/11\/2025<\/td><td>de 10:30 a 12:00 h<br>de 10:30 a 12:00 h<\/td><td class=\"has-text-align-center\" data-align=\"center\">Pavell\u00f3 Esports UB<\/td><td class=\"has-text-align-center\" data-align=\"center\">Entrenament<\/td><\/tr><tr><td class=\"has-text-align-center\" data-align=\"center\">Handbol femen\u00ed<\/td><td>12\/11\/2025<\/td><td>de 13.30 a 15 h<\/td><td class=\"has-text-align-center\" data-align=\"center\">Pavell\u00f3 Esports UB<\/td><td class=\"has-text-align-center\" data-align=\"center\">Entrenament<\/td><\/tr><tr><td class=\"has-text-align-center\" data-align=\"center\">Handbol mascul\u00ed<\/td><td>19\/11\/2025<\/td><td>de 13:00 a 14:30 h<\/td><td class=\"has-text-align-center\" data-align=\"center\">Pavell\u00f3 Esports UB<\/td><td class=\"has-text-align-center\" data-align=\"center\">Entrenament<\/td><\/tr><tr><td class=\"has-text-align-center\" data-align=\"center\">Rugby 7 femen\u00ed<\/td><td>20\/11\/2025<\/td><td>de 14:30 a 16:00 h<\/td><td class=\"has-text-align-center\" data-align=\"center\">Camp de Rugbi Esports UB<\/td><td class=\"has-text-align-center\" data-align=\"center\">Entrenament<\/td><\/tr><tr><td class=\"has-text-align-center\" data-align=\"center\">Rugby 7 mascul\u00ed<\/td><td>27\/11\/2025<\/td><td>de 14:30 a 16:00 h<\/td><td class=\"has-text-align-center\" data-align=\"center\">Camp de Rugbi INEFC Barcelona<\/td><td class=\"has-text-align-center\" data-align=\"center\">Entrenament<\/td><\/tr><\/tbody><\/table><\/figure>\n\n\n\n<div class=\"wp-block-columns is-layout-flex wp-container-core-columns-is-layout-9d6595d7 wp-block-columns-is-layout-flex\">\n<div class=\"wp-block-column is-layout-flow wp-block-column-is-layout-flow\"><\/div>\n<\/div>\n\n\n\n<p><\/p>\n","protected":false},"excerpt":{"rendered":"<p>Les seleccions UB realitzen uns entrenaments de portes obertes per tal que tothom qui vulgui pugui venir i provar. Els\/les seleccionadors\/es valoren nous esportistes per incorporar-se a les plantilles de la UB. Inscripcions a les proves d&#8217;acc\u00e9s a Seleccions UB EsportDataHorariLocalitzaci\u00f3Informaci\u00f3Voleibol femen\u00ed10\/11\/2025 de 14.30 a 16:00 hPavell\u00f3 Esports UBEntrenamentVoleibol mascul\u00ed10\/11\/2025 de 14:30 a 16:00 hPavell\u00f3 [&hellip;]<\/p>\n","protected":false},"author":1,"featured_media":0,"parent":0,"menu_order":0,"comment_status":"closed","ping_status":"closed","template":"template-seleccions-activitats-equip.php","meta":{"footnotes":""},"class_list":["post-8097","page","type-page","status-publish","hentry"],"yoast_head":"<!-- This site is optimized with the Yoast SEO plugin v25.2 - https:\/\/yoast.com\/wordpress\/plugins\/seo\/ -->\n<title>Entrenaments de portes obertes - Esports UB<\/title>\n<meta name=\"robots\" content=\"index, follow, max-snippet:-1, max-image-preview:large, max-video-preview:-1\" \/>\n<link rel=\"canonical\" href=\"https:\/\/www.ub.edu\/esports\/entrenaments-de-portes-obertes\/\" \/>\n<meta property=\"og:locale\" content=\"es_ES\" \/>\n<meta property=\"og:type\" content=\"article\" \/>\n<meta property=\"og:title\" content=\"Entrenaments de portes obertes - Esports UB\" \/>\n<meta property=\"og:description\" content=\"Les seleccions UB realitzen uns entrenaments de portes obertes per tal que tothom qui vulgui pugui venir i provar. Els\/les seleccionadors\/es valoren nous esportistes per incorporar-se a les plantilles de la UB. Inscripcions a les proves d&#8217;acc\u00e9s a Seleccions UB EsportDataHorariLocalitzaci\u00f3Informaci\u00f3Voleibol femen\u00ed10\/11\/2025 de 14.30 a 16:00 hPavell\u00f3 Esports UBEntrenamentVoleibol mascul\u00ed10\/11\/2025 de 14:30 a 16:00 hPavell\u00f3 [&hellip;]\" \/>\n<meta property=\"og:url\" content=\"https:\/\/www.ub.edu\/esports\/entrenaments-de-portes-obertes\/\" \/>\n<meta property=\"og:site_name\" content=\"Esports UB\" \/>\n<meta property=\"article:modified_time\" content=\"2025-11-12T12:12:33+00:00\" \/>\n<meta name=\"twitter:card\" content=\"summary_large_image\" \/>\n<meta name=\"twitter:label1\" content=\"Tiempo de lectura\" \/>\n\t<meta name=\"twitter:data1\" content=\"1 minute\" \/>\n<script type=\"application\/ld+json\" class=\"yoast-schema-graph\">{\"@context\":\"https:\/\/schema.org\",\"@graph\":[{\"@type\":\"WebPage\",\"@id\":\"https:\/\/www.ub.edu\/esports\/entrenaments-de-portes-obertes\/\",\"url\":\"https:\/\/www.ub.edu\/esports\/entrenaments-de-portes-obertes\/\",\"name\":\"Entrenaments de portes obertes - Esports UB\",\"isPartOf\":{\"@id\":\"https:\/\/www.ub.edu\/esports\/#website\"},\"datePublished\":\"2022-10-03T09:39:00+00:00\",\"dateModified\":\"2025-11-12T12:12:33+00:00\",\"breadcrumb\":{\"@id\":\"https:\/\/www.ub.edu\/esports\/entrenaments-de-portes-obertes\/#breadcrumb\"},\"inLanguage\":\"es-ES\",\"potentialAction\":[{\"@type\":\"ReadAction\",\"target\":[\"https:\/\/www.ub.edu\/esports\/entrenaments-de-portes-obertes\/\"]}]},{\"@type\":\"BreadcrumbList\",\"@id\":\"https:\/\/www.ub.edu\/esports\/entrenaments-de-portes-obertes\/#breadcrumb\",\"itemListElement\":[{\"@type\":\"ListItem\",\"position\":1,\"name\":\"Portada\",\"item\":\"https:\/\/www.ub.edu\/esports\/\"},{\"@type\":\"ListItem\",\"position\":2,\"name\":\"Entrenaments de portes obertes\"}]},{\"@type\":\"WebSite\",\"@id\":\"https:\/\/www.ub.edu\/esports\/#website\",\"url\":\"https:\/\/www.ub.edu\/esports\/\",\"name\":\"Esports UB\",\"description\":\"Servei d&#039;esports de la Universitat de Barcelona\",\"potentialAction\":[{\"@type\":\"SearchAction\",\"target\":{\"@type\":\"EntryPoint\",\"urlTemplate\":\"https:\/\/www.ub.edu\/esports\/?s={search_term_string}\"},\"query-input\":{\"@type\":\"PropertyValueSpecification\",\"valueRequired\":true,\"valueName\":\"search_term_string\"}}],\"inLanguage\":\"es-ES\"}]}<\/script>\n<!-- \/ Yoast SEO plugin. -->","yoast_head_json":{"title":"Entrenaments de portes obertes - Esports UB","robots":{"index":"index","follow":"follow","max-snippet":"max-snippet:-1","max-image-preview":"max-image-preview:large","max-video-preview":"max-video-preview:-1"},"canonical":"https:\/\/www.ub.edu\/esports\/entrenaments-de-portes-obertes\/","og_locale":"es_ES","og_type":"article","og_title":"Entrenaments de portes obertes - Esports UB","og_description":"Les seleccions UB realitzen uns entrenaments de portes obertes per tal que tothom qui vulgui pugui venir i provar. Els\/les seleccionadors\/es valoren nous esportistes per incorporar-se a les plantilles de la UB. Inscripcions a les proves d&#8217;acc\u00e9s a Seleccions UB EsportDataHorariLocalitzaci\u00f3Informaci\u00f3Voleibol femen\u00ed10\/11\/2025 de 14.30 a 16:00 hPavell\u00f3 Esports UBEntrenamentVoleibol mascul\u00ed10\/11\/2025 de 14:30 a 16:00 hPavell\u00f3 [&hellip;]","og_url":"https:\/\/www.ub.edu\/esports\/entrenaments-de-portes-obertes\/","og_site_name":"Esports UB","article_modified_time":"2025-11-12T12:12:33+00:00","twitter_card":"summary_large_image","twitter_misc":{"Tiempo de lectura":"1 minute"},"schema":{"@context":"https:\/\/schema.org","@graph":[{"@type":"WebPage","@id":"https:\/\/www.ub.edu\/esports\/entrenaments-de-portes-obertes\/","url":"https:\/\/www.ub.edu\/esports\/entrenaments-de-portes-obertes\/","name":"Entrenaments de portes obertes - Esports UB","isPartOf":{"@id":"https:\/\/www.ub.edu\/esports\/#website"},"datePublished":"2022-10-03T09:39:00+00:00","dateModified":"2025-11-12T12:12:33+00:00","breadcrumb":{"@id":"https:\/\/www.ub.edu\/esports\/entrenaments-de-portes-obertes\/#breadcrumb"},"inLanguage":"es-ES","potentialAction":[{"@type":"ReadAction","target":["https:\/\/www.ub.edu\/esports\/entrenaments-de-portes-obertes\/"]}]},{"@type":"BreadcrumbList","@id":"https:\/\/www.ub.edu\/esports\/entrenaments-de-portes-obertes\/#breadcrumb","itemListElement":[{"@type":"ListItem","position":1,"name":"Portada","item":"https:\/\/www.ub.edu\/esports\/"},{"@type":"ListItem","position":2,"name":"Entrenaments de portes obertes"}]},{"@type":"WebSite","@id":"https:\/\/www.ub.edu\/esports\/#website","url":"https:\/\/www.ub.edu\/esports\/","name":"Esports UB","description":"Servei d&#039;esports de la Universitat de Barcelona","potentialAction":[{"@type":"SearchAction","target":{"@type":"EntryPoint","urlTemplate":"https:\/\/www.ub.edu\/esports\/?s={search_term_string}"},"query-input":{"@type":"PropertyValueSpecification","valueRequired":true,"valueName":"search_term_string"}}],"inLanguage":"es-ES"}]}},"_links":{"self":[{"href":"https:\/\/www.ub.edu\/esports\/wp-json\/wp\/v2\/pages\/8097","targetHints":{"allow":["GET"]}}],"collection":[{"href":"https:\/\/www.ub.edu\/esports\/wp-json\/wp\/v2\/pages"}],"about":[{"href":"https:\/\/www.ub.edu\/esports\/wp-json\/wp\/v2\/types\/page"}],"author":[{"embeddable":true,"href":"https:\/\/www.ub.edu\/esports\/wp-json\/wp\/v2\/users\/1"}],"replies":[{"embeddable":true,"href":"https:\/\/www.ub.edu\/esports\/wp-json\/wp\/v2\/comments?post=8097"}],"version-history":[{"count":41,"href":"https:\/\/www.ub.edu\/esports\/wp-json\/wp\/v2\/pages\/8097\/revisions"}],"predecessor-version":[{"id":10123,"href":"https:\/\/www.ub.edu\/esports\/wp-json\/wp\/v2\/pages\/8097\/revisions\/10123"}],"wp:attachment":[{"href":"https:\/\/www.ub.edu\/esports\/wp-json\/wp\/v2\/media?parent=8097"}],"curies":[{"name":"wp","href":"https:\/\/api.w.org\/{rel}","templated":true}]}}