{"id":163,"date":"2025-02-07T16:38:36","date_gmt":"2025-02-07T15:38:36","guid":{"rendered":"https:\/\/www.ub.edu\/farcli\/?page_id=163"},"modified":"2025-05-19T13:19:17","modified_gmt":"2025-05-19T11:19:17","slug":"contacto","status":"publish","type":"page","link":"https:\/\/www.ub.edu\/farcli\/contacto\/","title":{"rendered":"Contacto"},"content":{"rendered":"<p>[et_pb_section fb_built=\u00bb1&#8243; _builder_version=\u00bb4.27.4&#8243; _module_preset=\u00bbdefault\u00bb global_colors_info=\u00bb{}\u00bb][et_pb_row column_structure=\u00bb1_2,1_2&#8243; use_custom_gutter=\u00bbon\u00bb gutter_width=\u00bb1&#8243; make_equal=\u00bbon\u00bb admin_label=\u00bbrow\u00bb _builder_version=\u00bb4.27.4&#8243; background_color=\u00bbgcid-fe4e747c-c581-4214-9895-57763b7a9802&#8243; background_size=\u00bbinitial\u00bb background_position=\u00bbtop_left\u00bb background_repeat=\u00bbrepeat\u00bb width_tablet=\u00bb\u00bb width_phone=\u00bb\u00bb width_last_edited=\u00bbon|phone\u00bb max_width=\u00bb1300px\u00bb max_width_tablet=\u00bb90%\u00bb max_width_phone=\u00bb90%\u00bb max_width_last_edited=\u00bbon|desktop\u00bb custom_margin=\u00bb0px||0px||true|false\u00bb custom_padding=\u00bb0px||0px||true|false\u00bb custom_css_main_element=\u00bbwidth: 85% !important;||align-items: flex-end;\u00bb border_width_all=\u00bb1px\u00bb border_color_all=\u00bb#f2f2f2&#8243; locked=\u00bboff\u00bb global_colors_info=\u00bb{%22gcid-fe4e747c-c581-4214-9895-57763b7a9802%22:%91%22background_color%22%93}\u00bb][et_pb_column type=\u00bb1_2&#8243; _builder_version=\u00bb4.27.4&#8243; background_color=\u00bb#FFFFFF\u00bb custom_padding=\u00bb50px|50px|50px|50px|true|true\u00bb custom_padding_tablet=\u00bb50px|50px|50px|50px|true|true\u00bb custom_padding_phone=\u00bb25px|10px|25px|10px|true|true\u00bb custom_padding_last_edited=\u00bbon|phone\u00bb global_colors_info=\u00bb{}\u00bb custom_padding__hover=\u00bb|||\u00bb][et_pb_divider color=\u00bb#edb700&#8243; divider_position=\u00bbcenter\u00bb divider_weight=\u00bb5px\u00bb _builder_version=\u00bb4.27.4&#8243; _module_preset=\u00bbdefault\u00bb max_width=\u00bb200px\u00bb custom_margin=\u00bb||20px||false|false\u00bb global_colors_info=\u00bb{}\u00bb][\/et_pb_divider][et_pb_heading title=\u00bb@ET-DC@eyJkeW5hbWljIjp0cnVlLCJjb250ZW50IjoicG9zdF90aXRsZSIsInNldHRpbmdzIjp7ImJlZm9yZSI6IiIsImFmdGVyIjoiIn19@\u00bb _builder_version=\u00bb4.27.4&#8243; _dynamic_attributes=\u00bbtitle\u00bb _module_preset=\u00bbdefault\u00bb title_level=\u00bbh2&#8243; title_font=\u00bb|300||on|||||\u00bb title_text_color=\u00bbgcid-primary-color\u00bb title_font_size=\u00bb40px\u00bb custom_margin=\u00bb||10px||false|false\u00bb global_colors_info=\u00bb{%22gcid-primary-color%22:%91%22title_text_color%22%93}\u00bb][\/et_pb_heading][et_pb_text _builder_version=\u00bb4.27.4&#8243; _module_preset=\u00bbdefault\u00bb custom_css_free_form=\u00bbselector .wpcf7-text{border: solid 1px #eef1f5 !important;padding: 12px !important; width: 100% !important;background-color: #fafbfc ;}||||selector textarea{border: solid 1px #eef1f5 !important; width:100%; background-color: #fafbfc ;}||||selector .wpcf7-submit{||\tcolor: #ffffff !important;||\tborder-color: rgba(0,0,0,0);||\tborder-radius: 3px !important;||\tletter-spacing: 2px;||\tfont-size: 14px;||\tfont-family: Inter,serif !important;||  font-weight: 500;||\ttext-transform: uppercase !important;||\tbackground-color: #006ed1;||\tpadding-top: 15px;||\tpadding-right: 30px;||\tpadding-bottom: 15px;||\tpadding-left: 30px;||  cursor: pointer;||}||||selector .wpcf7-submit:hover{background-color: #2ea3f2}||||selector .wpcf7-submit:disabled{background-color:rgba(41,59,69,0.45);cursor: not-allowed;}||||selector .wpcf7-not-valid-tip{color: red;font-size: 0.8em}||||selector .rgpd{font-size:0.7em; line-height:1.1em !important; margin-top: -40px}||selector .acepta{font-size:0.8em; line-height:1em !important;}||||selector .web{display: none;}||selector .yourmessage{display: none;}||selector .email{display: none;}\u00bb global_colors_info=\u00bb{}\u00bb]<\/p>\n\n<div class=\"wpcf7 no-js\" id=\"wpcf7-f1012-o1\" lang=\"es-ES\" dir=\"ltr\" data-wpcf7-id=\"1012\">\n<div class=\"screen-reader-response\"><p role=\"status\" aria-live=\"polite\" aria-atomic=\"true\"><\/p> <ul><\/ul><\/div>\n<form action=\"\/farcli\/wp-json\/wp\/v2\/pages\/163#wpcf7-f1012-o1\" method=\"post\" class=\"wpcf7-form init\" aria-label=\"Formulario de contacto\" novalidate=\"novalidate\" data-status=\"init\">\n<div style=\"display: none;\">\n<input type=\"hidden\" name=\"_wpcf7\" value=\"1012\" \/>\n<input type=\"hidden\" name=\"_wpcf7_version\" value=\"6.0.6\" \/>\n<input type=\"hidden\" name=\"_wpcf7_locale\" value=\"es_ES\" \/>\n<input type=\"hidden\" name=\"_wpcf7_unit_tag\" value=\"wpcf7-f1012-o1\" \/>\n<input type=\"hidden\" name=\"_wpcf7_container_post\" value=\"0\" \/>\n<input type=\"hidden\" name=\"_wpcf7_posted_data_hash\" value=\"\" \/>\n<\/div>\n<p><span class=\"wpcf7-form-control-wrap\" data-name=\"as-nmb\"><input size=\"40\" maxlength=\"400\" class=\"wpcf7-form-control wpcf7-text wpcf7-validates-as-required\" aria-required=\"true\" aria-invalid=\"false\" placeholder=\"Nombre*\" value=\"\" type=\"text\" name=\"as-nmb\" \/><\/span>\n<\/p>\n<p><span class=\"wpcf7-form-control-wrap\" data-name=\"as-box\"><input size=\"40\" maxlength=\"400\" class=\"wpcf7-form-control wpcf7-email wpcf7-validates-as-required wpcf7-text wpcf7-validates-as-email\" aria-required=\"true\" aria-invalid=\"false\" placeholder=\"Email*\" value=\"\" type=\"email\" name=\"as-box\" \/><\/span>\n<\/p>\n<p><span class=\"wpcf7-form-control-wrap\" data-name=\"as-que\"><input size=\"40\" maxlength=\"400\" class=\"wpcf7-form-control wpcf7-text\" aria-invalid=\"false\" placeholder=\"Asunto\" value=\"\" type=\"text\" name=\"as-que\" \/><\/span>\n<\/p>\n<p><span class=\"wpcf7-form-control-wrap\" data-name=\"as-dime\"><textarea cols=\"40\" rows=\"10\" maxlength=\"2000\" class=\"wpcf7-form-control wpcf7-textarea\" aria-invalid=\"false\" name=\"as-dime\"><\/textarea><\/span><br \/>\n<span class=\"wpcf7-form-control-wrap\" data-name=\"your-web\"><input size=\"40\" maxlength=\"400\" class=\"wpcf7-form-control wpcf7-url wpcf7-text wpcf7-validates-as-url web\" aria-invalid=\"false\" value=\"\" type=\"url\" name=\"your-web\" \/><\/span><br \/>\n<span class=\"wpcf7-form-control-wrap\" data-name=\"your-message\"><textarea cols=\"40\" rows=\"10\" maxlength=\"2000\" class=\"wpcf7-form-control wpcf7-textarea yourmessage\" id=\"message\" aria-invalid=\"false\" name=\"your-message\"><\/textarea><\/span><br \/>\n<span class=\"wpcf7-form-control-wrap\" data-name=\"your-email\"><input size=\"40\" maxlength=\"400\" class=\"wpcf7-form-control wpcf7-email wpcf7-text wpcf7-validates-as-email email\" aria-invalid=\"false\" value=\"\" type=\"email\" name=\"your-email\" \/><\/span>\n<\/p>\n<p class=\"rgpd\"> Derecho de informaci\u00f3n relativo al tratamiento de los datos personales<br \/>\n(1) La responsable del tratamiento de los datos personales es la Secretar\u00eda General de la Universidad de Barcelona. (2) La finalidad del tratamiento es gestionar las dudas y consultas. (3) Tienes derecho a acceder a tus datos y a solicitar la rectificaci\u00f3n, supresi\u00f3n, oposici\u00f3n, portabilidad y limitaci\u00f3n, en determinadas circunstancias. (4) Para m\u00e1s informaci\u00f3n, <a href=\"https:\/\/web.ub.edu\/avis-legal\">consulta la informaci\u00f3n detallada del tratamiento de los datos personales<\/a>\n<\/p>\n<p><span class=\"wpcf7-form-control-wrap\" data-name=\"privacidad\"><span class=\"wpcf7-form-control wpcf7-acceptance\"><span class=\"wpcf7-list-item\"><label><input type=\"checkbox\" name=\"privacidad\" value=\"1\" aria-invalid=\"false\" \/><span class=\"wpcf7-list-item-label\"><span class=\"acepta\">Acepto el tratamiento de mis datos para gestionar la consulta formulada.<\/span><\/span><\/label><\/span><\/span><\/span>\n<\/p>\n<p><input class=\"wpcf7-form-control wpcf7-submit has-spinner\" type=\"submit\" value=\"ENVIAR\" \/>\n<\/p><div class=\"wpcf7-response-output\" aria-hidden=\"true\"><\/div>\n<\/form>\n<\/div>\n\n<p>[\/et_pb_text][\/et_pb_column][et_pb_column type=\u00bb1_2&#8243; _builder_version=\u00bb4.27.4&#8243; custom_padding=\u00bb|||\u00bb custom_padding_tablet=\u00bb100px||||false|false\u00bb custom_padding_phone=\u00bb100px||||false|false\u00bb custom_padding_last_edited=\u00bbon|desktop\u00bb global_colors_info=\u00bb{}\u00bb custom_padding__hover=\u00bb|||\u00bb][et_pb_divider color=\u00bb#edb700&#8243; divider_position=\u00bbcenter\u00bb divider_weight=\u00bb2px\u00bb _builder_version=\u00bb4.27.4&#8243; _module_preset=\u00bbdefault\u00bb max_width=\u00bb200px\u00bb custom_margin=\u00bb||0px|45px|false|false\u00bb custom_margin_tablet=\u00bb||0px|45px|false|false\u00bb custom_margin_phone=\u00bb||0px|15px|false|false\u00bb custom_margin_last_edited=\u00bbon|phone\u00bb global_colors_info=\u00bb{}\u00bb][\/et_pb_divider][et_pb_text _builder_version=\u00bb4.27.4&#8243; _module_preset=\u00bbdefault\u00bb text_font=\u00bb|600|||||||\u00bb text_text_color=\u00bbgcid-primary-color\u00bb text_font_size=\u00bb17px\u00bb custom_margin=\u00bb||25px||false|false\u00bb custom_padding=\u00bb|45px||45px|true|true\u00bb custom_padding_tablet=\u00bb|45px||45px|true|true\u00bb custom_padding_phone=\u00bb|15px||15px|true|true\u00bb custom_padding_last_edited=\u00bbon|phone\u00bb global_colors_info=\u00bb{%22gcid-primary-color%22:%91%22text_text_color%22%93}\u00bb]<\/p>\n<p>Unidad de Farmacia Cl\u00ednica y Atenci\u00f3n Farmac\u00e9utica:<\/p>\n<p>[\/et_pb_text][et_pb_image src=\u00bbhttps:\/\/www.ub.edu\/farcli\/wp-content\/uploads\/2025\/04\/farmaciaialimentacio-col.png\u00bb title_text=\u00bbfarmaciaialimentacio-col\u00bb _builder_version=\u00bb4.27.4&#8243; _module_preset=\u00bbdefault\u00bb max_width=\u00bb200px\u00bb custom_margin=\u00bb||25px|45px|false|false\u00bb custom_margin_tablet=\u00bb||25px|45px|false|false\u00bb custom_margin_phone=\u00bb||25px|15px|false|false\u00bb custom_margin_last_edited=\u00bbon|phone\u00bb custom_padding=\u00bb||||false|false\u00bb global_colors_info=\u00bb{}\u00bb][\/et_pb_image][et_pb_blurb use_icon=\u00bbon\u00bb font_icon=\u00bb&#xf3c5;||fa||900&#8243; icon_color=\u00bbgcid-primary-color\u00bb icon_placement=\u00bbleft\u00bb image_icon_width=\u00bb20px\u00bb icon_placement_tablet=\u00bbleft\u00bb icon_placement_phone=\u00bbleft\u00bb icon_placement_last_edited=\u00bbon|phone\u00bb _builder_version=\u00bb4.27.4&#8243; _module_preset=\u00bbdefault\u00bb body_font=\u00bb|300|||||||\u00bb body_font_size=\u00bb15px\u00bb body_line_height=\u00bb1.4em\u00bb image_icon_custom_margin_tablet=\u00bb\u00bb image_icon_custom_margin_phone=\u00bb||||false|false\u00bb image_icon_custom_margin_last_edited=\u00bbon|phone\u00bb image_icon_custom_padding_tablet=\u00bb\u00bb image_icon_custom_padding_phone=\u00bb||||false|false\u00bb image_icon_custom_padding_last_edited=\u00bbon|phone\u00bb custom_margin=\u00bb0px||10px||false|false\u00bb custom_margin_tablet=\u00bb0px||10px||false|false\u00bb custom_margin_phone=\u00bb0px||10px|17px|false|false\u00bb custom_margin_last_edited=\u00bbon|phone\u00bb text_orientation_tablet=\u00bb\u00bb text_orientation_phone=\u00bb\u00bb text_orientation_last_edited=\u00bbon|phone\u00bb custom_css_free_form=\u00bbselector .et_pb_blurb_container{padding: 0px !important;}||selector .et_pb_blurb_description{margin-left: 20px}\u00bb custom_css_blurb_image=\u00bbwidth: 25px;\u00bb locked=\u00bboff\u00bb global_colors_info=\u00bb{%22gcid-primary-color%22:%91%22icon_color%22%93}\u00bb custom_css_blurb_image_last_edited=\u00bbon|phone\u00bb custom_css_blurb_image_tablet=\u00bbwidth: 25px;\u00bb custom_css_blurb_image_phone=\u00bbwidth: 25px;\u00bb]<\/p>\n<p>Avn. Joan XXIII s\/n 08028 Barcelona<\/p>\n<p>[\/et_pb_blurb][et_pb_blurb use_icon=\u00bbon\u00bb font_icon=\u00bb&#xf879;||fa||900&#8243; icon_color=\u00bbgcid-primary-color\u00bb icon_placement=\u00bbleft\u00bb image_icon_width=\u00bb20px\u00bb icon_placement_tablet=\u00bbleft\u00bb icon_placement_phone=\u00bbleft\u00bb icon_placement_last_edited=\u00bbon|phone\u00bb _builder_version=\u00bb4.27.4&#8243; _module_preset=\u00bbdefault\u00bb body_font=\u00bb|300|||||||\u00bb body_font_size=\u00bb15px\u00bb body_line_height=\u00bb1.4em\u00bb image_icon_custom_margin_tablet=\u00bb\u00bb image_icon_custom_margin_phone=\u00bb||||false|false\u00bb image_icon_custom_margin_last_edited=\u00bbon|phone\u00bb image_icon_custom_padding_tablet=\u00bb\u00bb image_icon_custom_padding_phone=\u00bb||||false|false\u00bb image_icon_custom_padding_last_edited=\u00bbon|phone\u00bb custom_margin=\u00bb0px||10px||false|false\u00bb custom_margin_tablet=\u00bb0px||10px||false|false\u00bb custom_margin_phone=\u00bb0px||10px|17px|false|false\u00bb custom_margin_last_edited=\u00bbon|phone\u00bb text_orientation_tablet=\u00bb\u00bb text_orientation_phone=\u00bb\u00bb text_orientation_last_edited=\u00bbon|phone\u00bb custom_css_free_form=\u00bbselector .et_pb_blurb_container{padding: 0px !important;}||selector .et_pb_blurb_description{margin-left: 20px}\u00bb custom_css_blurb_image=\u00bbwidth: 25px;\u00bb locked=\u00bboff\u00bb global_colors_info=\u00bb{%22gcid-primary-color%22:%91%22icon_color%22%93}\u00bb custom_css_blurb_image_last_edited=\u00bbon|phone\u00bb custom_css_blurb_image_tablet=\u00bbwidth: 25px;\u00bb custom_css_blurb_image_phone=\u00bbwidth: 25px;\u00bb]<\/p>\n<p>(+34) 93 402 45 44<\/p>\n<p>[\/et_pb_blurb][et_pb_blurb use_icon=\u00bbon\u00bb font_icon=\u00bb&#xe076;||divi||400&#8243; icon_color=\u00bbgcid-primary-color\u00bb icon_placement=\u00bbleft\u00bb image_icon_width=\u00bb20px\u00bb icon_placement_tablet=\u00bbleft\u00bb icon_placement_phone=\u00bbleft\u00bb icon_placement_last_edited=\u00bbon|phone\u00bb _builder_version=\u00bb4.27.4&#8243; _module_preset=\u00bbdefault\u00bb body_font=\u00bb|300|||||||\u00bb body_font_size=\u00bb15px\u00bb body_line_height=\u00bb1.4em\u00bb image_icon_custom_margin_tablet=\u00bb\u00bb image_icon_custom_margin_phone=\u00bb||||false|false\u00bb image_icon_custom_margin_last_edited=\u00bbon|phone\u00bb image_icon_custom_padding_tablet=\u00bb\u00bb image_icon_custom_padding_phone=\u00bb||||false|false\u00bb image_icon_custom_padding_last_edited=\u00bbon|phone\u00bb custom_margin=\u00bb0px||50px||false|false\u00bb custom_margin_tablet=\u00bb0px||50px||false|false\u00bb custom_margin_phone=\u00bb0px||50px|17px|false|false\u00bb custom_margin_last_edited=\u00bbon|phone\u00bb text_orientation_tablet=\u00bb\u00bb text_orientation_phone=\u00bb\u00bb text_orientation_last_edited=\u00bbon|phone\u00bb custom_css_free_form=\u00bbselector .et_pb_blurb_container{padding: 0px !important;}||selector .et_pb_blurb_description{margin-left: 20px}\u00bb custom_css_blurb_image=\u00bbwidth: 25px;\u00bb locked=\u00bboff\u00bb global_colors_info=\u00bb{%22gcid-primary-color%22:%91%22icon_color%22%93}\u00bb custom_css_blurb_image_last_edited=\u00bbon|desktop\u00bb custom_css_blurb_image_tablet=\u00bbwidth: 25px;\u00bb custom_css_blurb_image_phone=\u00bbwidth: 25px;\u00bb]<\/p>\n<p>emarino@ub.edu<\/p>\n<p>[\/et_pb_blurb][et_pb_code _builder_version=\u00bb4.27.4&#8243; _module_preset=\u00bbdefault\u00bb global_colors_info=\u00bb{}\u00bb]<iframe src=\"https:\/\/www.google.com\/maps\/embed?pb=!1m18!1m12!1m3!1d509.18619568023837!2d2.1208989027186966!3d41.385508992345166!2m3!1f0!2f0!3f0!3m2!1i1024!2i768!4f13.1!3m3!1m2!1s0x12a4985ebfe025fd%3A0xec08730bf390b61c!2sFacultad%20de%20Farmacia%20y%20Ciencias%20de%20la%20Alimentaci%C3%B3n%20(Universidad%20de%20Barcelona)!5e0!3m2!1ses!2ses!4v1745139384335!5m2!1ses!2ses\" width=\"100%\" height=\"350\" style=\"border:0;\" allowfullscreen=\"\" loading=\"lazy\" referrerpolicy=\"no-referrer-when-downgrade\"><\/iframe>[\/et_pb_code][\/et_pb_column][\/et_pb_row][\/et_pb_section]<\/p>\n","protected":false},"excerpt":{"rendered":"<p>Contacto Derecho de informaci\u00f3n relativo al&#8230;<\/p>\n","protected":false},"author":1,"featured_media":471,"parent":0,"menu_order":0,"comment_status":"closed","ping_status":"closed","template":"","meta":{"_et_pb_use_builder":"on","_et_pb_old_content":"<!-- wp:divi\/placeholder \/-->","_et_gb_content_width":"","footnotes":""},"class_list":["post-163","page","type-page","status-publish","has-post-thumbnail","hentry"],"_links":{"self":[{"href":"https:\/\/www.ub.edu\/farcli\/wp-json\/wp\/v2\/pages\/163"}],"collection":[{"href":"https:\/\/www.ub.edu\/farcli\/wp-json\/wp\/v2\/pages"}],"about":[{"href":"https:\/\/www.ub.edu\/farcli\/wp-json\/wp\/v2\/types\/page"}],"author":[{"embeddable":true,"href":"https:\/\/www.ub.edu\/farcli\/wp-json\/wp\/v2\/users\/1"}],"replies":[{"embeddable":true,"href":"https:\/\/www.ub.edu\/farcli\/wp-json\/wp\/v2\/comments?post=163"}],"version-history":[{"count":1,"href":"https:\/\/www.ub.edu\/farcli\/wp-json\/wp\/v2\/pages\/163\/revisions"}],"predecessor-version":[{"id":1150,"href":"https:\/\/www.ub.edu\/farcli\/wp-json\/wp\/v2\/pages\/163\/revisions\/1150"}],"wp:featuredmedia":[{"embeddable":true,"href":"https:\/\/www.ub.edu\/farcli\/wp-json\/wp\/v2\/media\/471"}],"wp:attachment":[{"href":"https:\/\/www.ub.edu\/farcli\/wp-json\/wp\/v2\/media?parent=163"}],"curies":[{"name":"wp","href":"https:\/\/api.w.org\/{rel}","templated":true}]}}