{"id":758,"date":"2025-03-08T17:55:34","date_gmt":"2025-03-08T16:55:34","guid":{"rendered":"https:\/\/www.ub.edu\/farcli\/?page_id=758"},"modified":"2025-05-18T11:39:58","modified_gmt":"2025-05-18T09:39:58","slug":"grados","status":"publish","type":"page","link":"https:\/\/www.ub.edu\/farcli\/docencia\/grados\/","title":{"rendered":"Grado en Farmacia"},"content":{"rendered":"<p>[et_pb_section fb_built=\u00bb1&#8243; admin_label=\u00bbsection\u00bb _builder_version=\u00bb4.27.4&#8243; background_color=\u00bb#FFFFFF\u00bb custom_padding=\u00bb50px|||||\u00bb global_colors_info=\u00bb{}\u00bb][et_pb_row admin_label=\u00bbrow\u00bb _builder_version=\u00bb4.27.4&#8243; background_size=\u00bbinitial\u00bb background_position=\u00bbtop_left\u00bb background_repeat=\u00bbrepeat\u00bb width_tablet=\u00bb\u00bb width_phone=\u00bb\u00bb width_last_edited=\u00bbon|phone\u00bb max_width=\u00bb1300px\u00bb max_width_tablet=\u00bb90%\u00bb max_width_phone=\u00bb90%\u00bb max_width_last_edited=\u00bbon|desktop\u00bb custom_css_main_element=\u00bbwidth: 85% !important;\u00bb locked=\u00bboff\u00bb global_colors_info=\u00bb{}\u00bb][et_pb_column type=\u00bb4_4&#8243; _builder_version=\u00bb4.16&#8243; custom_padding=\u00bb|||\u00bb global_colors_info=\u00bb{}\u00bb custom_padding__hover=\u00bb|||\u00bb][et_pb_divider color=\u00bb#edb700&#8243; divider_position=\u00bbcenter\u00bb divider_weight=\u00bb5px\u00bb _builder_version=\u00bb4.27.4&#8243; _module_preset=\u00bbdefault\u00bb max_width=\u00bb200px\u00bb custom_margin=\u00bb||20px||false|false\u00bb global_colors_info=\u00bb{}\u00bb][\/et_pb_divider][et_pb_heading title=\u00bbGrado en Farmacia\u00bb _builder_version=\u00bb4.27.4&#8243; _module_preset=\u00bbdefault\u00bb title_level=\u00bbh2&#8243; title_font=\u00bb|300||on|||||\u00bb title_text_color=\u00bbgcid-primary-color\u00bb title_font_size=\u00bb40px\u00bb custom_margin=\u00bb||10px||false|false\u00bb global_colors_info=\u00bb{%22gcid-primary-color%22:%91%22title_text_color%22%93}\u00bb][\/et_pb_heading][et_pb_text _builder_version=\u00bb4.27.4&#8243; _module_preset=\u00bbdefault\u00bb text_font=\u00bb|300|||||||\u00bb text_font_size=\u00bb20px\u00bb ol_font_size=\u00bb15px\u00bb ol_line_height=\u00bb1.5em\u00bb header_2_font=\u00bb||||||||\u00bb header_2_text_color=\u00bbgcid-primary-color\u00bb header_2_font_size=\u00bb30px\u00bb header_3_font=\u00bb||||||||\u00bb header_3_text_color=\u00bb#20648c\u00bb background_color=\u00bbgcid-fd3a1d43-21d3-47a7-8f7f-aa037709c709&#8243; custom_padding=\u00bb50px|75px|50px|75px|true|true\u00bb custom_padding_tablet=\u00bb50px|75px|50px|75px|true|true\u00bb custom_padding_phone=\u00bb75px|50px|75px|50px|true|true\u00bb custom_padding_last_edited=\u00bbon|phone\u00bb text_font_size_tablet=\u00bb20px\u00bb text_font_size_phone=\u00bb20px\u00bb text_font_size_last_edited=\u00bbon|phone\u00bb header_2_font_size_tablet=\u00bb30px\u00bb header_2_font_size_phone=\u00bb30px\u00bb header_2_font_size_last_edited=\u00bbon|desktop\u00bb custom_css_free_form=\u00bbselector p{font-weight: 200}\u00bb global_colors_info=\u00bb{%22gcid-primary-color%22:%91%22header_2_text_color%22%93,%22gcid-fd3a1d43-21d3-47a7-8f7f-aa037709c709%22:%91%22background_color%22%93}\u00bb]<\/p>\n<h3>Verificaci\u00f3n (13\/05\/2009)<\/h3>\n<p>Resoluci\u00f3n de 14 de marzo de 2012, de la Universidad de Barcelona, por la que se publica el plan de estudios de Graduado en Farmacia (15\/09\/2017)<\/p>\n<p>[\/et_pb_text][et_pb_text _builder_version=\u00bb4.27.4&#8243; _module_preset=\u00bbdefault\u00bb ol_font_size=\u00bb15px\u00bb ol_line_height=\u00bb1.5em\u00bb header_2_font=\u00bb||||||||\u00bb header_2_text_color=\u00bbgcid-primary-color\u00bb header_2_font_size=\u00bb30px\u00bb header_3_font=\u00bb||||||||\u00bb header_3_text_color=\u00bbgcid-body-color\u00bb header_2_font_size_tablet=\u00bb30px\u00bb header_2_font_size_phone=\u00bb30px\u00bb header_2_font_size_last_edited=\u00bbon|desktop\u00bb custom_css_free_form=\u00bbselector h2{padding: 30px 0px 25px 0px; font-weight: 300}||selector ol {padding: 10px 3%}\u00bb global_colors_info=\u00bb{%22gcid-primary-color%22:%91%22header_2_text_color%22%93,%22gcid-body-color%22:%91%22header_3_text_color%22%93}\u00bb]<\/p>\n<h3>Farmacia Cl\u00ednica y Atenci\u00f3n Farmac\u00e9utica<\/h3>\n<p>(TO, 6 ECTS, 2010-11)<\/p>\n<h3>Biotecnolog\u00eda Farmac\u00e9utica: Industria<\/h3>\n<p>(OI, 3 ECTS, 2010-11)<\/p>\n<h3>Farmacia Asistencial<\/h3>\n<p>(OI, 3 ECTS, 2011-12)<\/p>\n<h3>Ensayos Cl\u00ednicos y Farmacovigilancia<\/h3>\n<p>(OT, 3 ECTS, 2010-11)<\/p>\n<h3>Trabajo Dirigido<\/h3>\n<p>(OT, 6 ECTS, 2010-11)<\/p>\n<h3>Trabajo Fin de Grado <\/h3>\n<p>(TO, 6 ECTS, 2011-12)<\/p>\n<h3>Farmacia Cl\u00ednica y Atenci\u00f3n Farmac\u00e9utica<\/h3>\n<p>(TO, 6 ECTS, 2010-11)<\/p>\n<h3>Farmacia Cl\u00ednica y Atenci\u00f3n Farmac\u00e9utica<\/h3>\n<p>(TO, 6 ECTS, 2010-11)<\/p>\n<p>[\/et_pb_text][et_pb_divider color=\u00bb#edb700&#8243; divider_position=\u00bbcenter\u00bb divider_weight=\u00bb5px\u00bb _builder_version=\u00bb4.27.4&#8243; _module_preset=\u00bbdefault\u00bb max_width=\u00bb200px\u00bb custom_margin=\u00bb||20px||false|false\u00bb global_colors_info=\u00bb{}\u00bb][\/et_pb_divider][et_pb_text _builder_version=\u00bb4.27.4&#8243; _module_preset=\u00bbdefault\u00bb global_colors_info=\u00bb{}\u00bb]<\/p>\n<p>(CR: Cr\u00e9ditos, OI: Obligatoria de Itinerario, OI-1: Farmacia Industrial e Investigaci\u00f3n Farmac\u00e9utica, OI-2: Farmacia Asistencial y An\u00e1lisis Cl\u00ednicos, OT: Optativa, OU: Obligatoria de Universidad, TO: Troncal Obligatoria)<\/p>\n<p>[\/et_pb_text][\/et_pb_column][\/et_pb_row][\/et_pb_section]<\/p>\n","protected":false},"excerpt":{"rendered":"<p>Grado en Farmacia Verificaci\u00f3n (13\/05\/2009)&#8230;<\/p>\n","protected":false},"author":1,"featured_media":471,"parent":153,"menu_order":0,"comment_status":"closed","ping_status":"closed","template":"","meta":{"_et_pb_use_builder":"on","_et_pb_old_content":"","_et_gb_content_width":"","footnotes":""},"class_list":["post-758","page","type-page","status-publish","has-post-thumbnail","hentry"],"_links":{"self":[{"href":"https:\/\/www.ub.edu\/farcli\/wp-json\/wp\/v2\/pages\/758"}],"collection":[{"href":"https:\/\/www.ub.edu\/farcli\/wp-json\/wp\/v2\/pages"}],"about":[{"href":"https:\/\/www.ub.edu\/farcli\/wp-json\/wp\/v2\/types\/page"}],"author":[{"embeddable":true,"href":"https:\/\/www.ub.edu\/farcli\/wp-json\/wp\/v2\/users\/1"}],"replies":[{"embeddable":true,"href":"https:\/\/www.ub.edu\/farcli\/wp-json\/wp\/v2\/comments?post=758"}],"version-history":[{"count":0,"href":"https:\/\/www.ub.edu\/farcli\/wp-json\/wp\/v2\/pages\/758\/revisions"}],"up":[{"embeddable":true,"href":"https:\/\/www.ub.edu\/farcli\/wp-json\/wp\/v2\/pages\/153"}],"wp:featuredmedia":[{"embeddable":true,"href":"https:\/\/www.ub.edu\/farcli\/wp-json\/wp\/v2\/media\/471"}],"wp:attachment":[{"href":"https:\/\/www.ub.edu\/farcli\/wp-json\/wp\/v2\/media?parent=758"}],"curies":[{"name":"wp","href":"https:\/\/api.w.org\/{rel}","templated":true}]}}