{"id":111,"date":"2021-09-23T11:37:48","date_gmt":"2021-09-23T11:37:48","guid":{"rendered":"https:\/\/univbcn.mysiteweb.online\/?page_id=111"},"modified":"2025-12-11T11:10:06","modified_gmt":"2025-12-11T11:10:06","slug":"inscripciones-y-ub","status":"publish","type":"page","link":"https:\/\/www.ub.edu\/fintech\/inscripciones-y-ub\/","title":{"rendered":"Inscripciones y Becas"},"content":{"rendered":"\n    \n    <section class=\"u-clearfix u-image u-shading u-section-2\" id=\"sec-b6ac\" data-image-width=\"2560\" data-image-height=\"1707\">\n      <div class=\"u-clearfix u-sheet u-sheet-1\"><span class=\"u-icon u-icon-circle u-icon-1\" data-animation-name=\"fadeIn\" data-animation-duration=\"1000\" data-animation-delay=\"0\"><svg class=\"u-svg-link\" preserveAspectRatio=\"xMidYMin slice\" viewBox=\"0 0 480.08177 480\" style=\"\"><use xlink:href=\"#svg-7aa2\"><\/use><\/svg><svg class=\"u-svg-content\" viewBox=\"0 0 480.08177 480\" id=\"svg-7aa2\"><path d=\"m479.199219 113.800781c-1.652344-6.144531-5.683594-11.382812-11.199219-14.558593-5.519531-3.191407-12.082031-4.054688-18.238281-2.402344-6.148438 1.65625-11.386719 5.683594-14.5625 11.199218l-4 6.960938c-3.800781-2.183594-8.65625-.898438-10.878907 2.882812l-20.320312 34.636719-6.960938-4c-1.84375-1.066406-4.039062-1.355469-6.09375-.800781-2.058593.558594-3.808593 1.910156-4.867187 3.761719-2.167969 3.824219-.847656 8.683593 2.960937 10.878906l6.960938 4-68 117.839844-16.800781 44.882812-8 14.957031c-4.683594 8.148438-4.183594 18.277344 1.28125 25.921876l-18 22.078124-5.039063-12.636718c-2.273437-5.632813-7.535156-9.492188-13.585937-9.964844-6.054688-.476562-11.855469 2.515625-14.976563 7.722656l-2.878906 4.878906-2.71875-32c-.625-7.570312-6.488281-13.65625-14.027344-14.570312-7.542968-.910156-14.683594 3.609375-17.09375 10.8125l-19.679687 59.039062c-1.375 4.175782.875 8.675782 5.039062 10.082032.78125.363281 1.621094.582031 2.480469.636718 3.4375.011719 6.5-2.179687 7.601562-5.4375l19.597657-59.039062 2.800781 32.476562c.578125 6.929688 5.558594 12.691407 12.332031 14.261719 6.773438 1.570313 13.78125-1.414062 17.347657-7.378906l2.960937-4.882813 4.960937 12.5625c2.105469 5.292969 6.867188 9.070313 12.503907 9.910157 5.636719.839843 11.292969-1.382813 14.855469-5.832031l18.640624-23.597657c2.0625.539063 4.1875.808594 6.320313.800781 8.574219.066407 16.535156-4.449218 20.878906-11.84375l8-13.359374 30.480469-37.039063 68.71875-119.28125 6.960938 4c1.855468 1.0625 3.207031 2.816406 3.757812 4.882813.554688 2.050781.265625 4.238281-.796875 6.078124l-32 55.441407c-1.207031 1.820312-1.617187 4.054687-1.132813 6.1875.484376 2.128906 1.816407 3.96875 3.691407 5.089843 1.84375 1.070313 4.039062 1.359376 6.09375.804688 2.058593-.558594 3.808593-1.910156 4.867187-3.761719l32-55.441406c3.191406-5.519531 4.054688-12.082031 2.398438-18.238281-1.65625-6.148438-5.683594-11.386719-11.199219-14.5625l-6.960937-4 20-34.640625c2.183593-3.800781.898437-8.652344-2.878907-10.878907l4-6.960937c3.277344-5.605469 4.144531-12.300781 2.398438-18.558594zm-30.160157 2.238281c1.058594-1.851562 2.816407-3.207031 4.882813-3.757812 2.054687-.507812 4.226563-.222656 6.078125.800781 1.855469 1.058594 3.207031 2.816407 3.761719 4.878907.507812 2.054687.222656 4.226562-.800781 6.078124l-4 6.960938-13.921876-8zm-109.039062 223.363282-4-2.320313-11.839844-6.882812 11.359375-30.398438 25.199219 14.558594zm-24 23.117187c-3.378906-2.355469-4.417969-6.886719-2.398438-10.480469l4-6.957031 13.917969 8-4 6.878907c-1.121093 1.945312-3.003906 3.328124-5.195312 3.816406-2.191407.484375-4.484375.03125-6.324219-1.257813zm53.839844-61.277343-27.679688-16 64-110.882813 27.679688 16zm72-124.722657-27.679688-16 16-27.679687 27.679688 16zm0 0\"><\/path><path d=\"m126.238281 358.519531-28.316406 28.242188-16.960937-16.960938c-3.121094-3.101562-8.160157-3.101562-11.28125 0-1.515626 1.503907-2.367188 3.546875-2.367188 5.679688 0 2.132812.851562 4.179687 2.367188 5.679687l16.960937 16.960938c3 2.976562 7.054687 4.644531 11.28125 4.640625 4.25.023437 8.339844-1.644531 11.359375-4.640625l28.238281-28.320313c2.71875-3.175781 2.535157-7.90625-.417969-10.859375-2.957031-2.957031-7.6875-3.140625-10.863281-.421875zm0 0\"><\/path><path d=\"m32 380.039062c0 37.558594 30.445312 68 68 68s68-30.441406 68-68c0-4.417968-3.582031-8-8-8s-8 3.582032-8 8c0 28.71875-23.28125 52-52 52s-52-23.28125-52-52 23.28125-52 52-52c11.257812-.03125 22.214844 3.621094 31.199219 10.402344 3.535156 2.652344 8.550781 1.933594 11.199219-1.601562 2.652343-3.535156 1.9375-8.546875-1.597657-11.199219-20.605469-15.453125-48.175781-17.9375-71.210937-6.421875-23.039063 11.519531-37.589844 35.066406-37.589844 60.820312zm0 0\"><\/path><path d=\"m288 64.039062c4.417969 0 8-3.578124 8-8 0-4.417968-3.582031-8-8-8h-208c-4.417969 0-8 3.582032-8 8v32c0 4.421876 3.582031 8 8 8h208c4.417969 0 8-3.578124 8-8 0-4.417968-3.582031-8-8-8h-200v-16zm0 0\"><\/path><path d=\"m104 112.039062c-4.417969 0-8 3.582032-8 8 0 4.421876 3.582031 8 8 8h160c4.417969 0 8-3.578124 8-8 0-4.417968-3.582031-8-8-8zm0 0\"><\/path><path d=\"m312 168.039062h-176c-4.417969 0-8 3.582032-8 8 0 4.421876 3.582031 8 8 8h176c4.417969 0 8-3.578124 8-8 0-4.417968-3.582031-8-8-8zm0 0\"><\/path><path d=\"m232 224.039062c0-4.417968-3.582031-8-8-8h-160c-4.417969 0-8 3.582032-8 8 0 4.421876 3.582031 8 8 8h160c4.417969 0 8-3.578124 8-8zm0 0\"><\/path><path d=\"m312 216.039062h-56c-4.417969 0-8 3.582032-8 8 0 4.421876 3.582031 8 8 8h56c4.417969 0 8-3.578124 8-8 0-4.417968-3.582031-8-8-8zm0 0\"><\/path><path d=\"m144 272.039062c4.417969 0 8-3.578124 8-8 0-4.417968-3.582031-8-8-8h-80c-4.417969 0-8 3.582032-8 8 0 4.421876 3.582031 8 8 8zm0 0\"><\/path><path d=\"m176 272.039062h56c4.417969 0 8-3.578124 8-8 0-4.417968-3.582031-8-8-8h-56c-4.417969 0-8 3.582032-8 8 0 4.421876 3.582031 8 8 8zm0 0\"><\/path><path d=\"m360 368.039062c-4.417969 0-8 3.582032-8 8v80c0 4.421876-3.582031 8-8 8h-320c-4.417969 0-8-3.578124-8-8v-432c0-4.417968 3.582031-8 8-8h320c4.417969 0 8 3.582032 8 8v150.242188c0 4.417969 3.582031 8 8 8s8-3.582031 8-8v-150.242188c0-13.253906-10.746094-23.9999995-24-23.9999995h-320c-13.253906 0-24 10.7460935-24 23.9999995v432c0 13.257813 10.746094 24 24 24h320c13.253906 0 24-10.742187 24-24v-80c0-4.417968-3.582031-8-8-8zm0 0\"><\/path><\/svg><\/span>\n        <h1 class=\"u-align-center u-text u-text-default u-text-1\" data-animation-name=\"fadeIn\" data-animation-duration=\"1000\" data-animation-delay=\"0\">Inscripciones y Becas<\/h1>\n      <\/div>\n    <\/section>\n    <section class=\"u-clearfix u-section-3\" id=\"sec-028e\">\n      <div class=\"u-clearfix u-sheet u-valign-middle-sm u-sheet-1\">\n        <div class=\"u-clearfix u-expanded-width u-gutter-10 u-layout-wrap u-layout-wrap-1\">\n          <div class=\"u-layout\" style=\"\">\n            <div class=\"u-layout-row\" style=\"\">\n              <div class=\"u-container-style u-layout-cell u-right-cell u-shape-rectangle u-size-30 u-size-xs-60 u-layout-cell-1\" src=\"\">\n                <div class=\"u-container-layout u-container-layout-1\" src=\"\">\n                  <div class=\"u-container-style u-expanded-width-md u-expanded-width-sm u-expanded-width-xs u-group u-hidden-sm u-hidden-xs u-shape-rectangle u-group-1\">\n                    <div class=\"u-container-layout u-container-layout-2\">\n                      <div class=\"u-palette-2-base u-shape u-shape-rectangle u-shape-1\"><\/div>\n                      <img decoding=\"async\" class=\"u-image u-image-default u-image-1\" src=\"https:\/\/www.ub.edu\/fintech\/wp-content\/uploads\/2021\/09\/pexels-andrew-neel-2682452-min-scaled.jpg\" alt=\"\" data-image-width=\"1707\" data-image-height=\"2560\" loading=\"lazy\">\n                    <\/div>\n                  <\/div>\n                  <a href=\"https:\/\/www.ub.edu\/fintech\/wp-content\/uploads\/2024\/11\/Solicitud-de-admision-fitnech-11_2024.docx\" class=\"u-active-palette-1-base u-align-right-lg u-align-right-md u-align-right-sm u-align-right-xs u-border-none u-btn u-btn-round u-button-style u-file-link u-hover-palette-1-base u-palette-5-base u-radius-50 u-btn-1\" target=\"_blank\">Solicitud de Admisi\u00f3n<\/a>\n                  <a href=\"\" class=\"u-active-palette-1-base u-align-right-lg u-align-right-md u-align-right-sm u-align-right-xs u-border-none u-btn u-btn-round u-button-style u-hover-palette-1-base u-palette-5-base u-radius-50 u-btn-2\">PR\u00d3XIMAMENTE: Preinscripci\u00f3n<\/a>\n                <\/div>\n              <\/div>\n              <div class=\"u-container-style u-layout-cell u-left-cell u-size-30 u-size-xs-60 u-layout-cell-2\" src=\"\">\n                <div class=\"u-container-layout u-container-layout-3\">\n                  <h2 class=\"u-align-left u-text u-text-palette-1-base u-text-1\">Admisi\u00f3n y matr\u00edcula<\/h2>\n                  <p class=\"u-align-left u-text u-text-2\"> Titulados universitarios del \u00e1mbito de las Ciencias\nSociales y Jur\u00eddicas (Administraci\u00f3n Empresas, Econom\u00eda, Derecho o relacionadas\ncon el \u00e1mbito econ\u00f3mico empresarial, etc.), Ingenier\u00edas y disciplinas\ncuantitativas (Matem\u00e1ticas, F\u00edsica, Estad\u00edstica, etc.).&nbsp; Las personas que no vengan de dicho \u00e1mbito se les reforzar\u00e1 antes de empezar el Master con algunas materias del \u00e1mbito econ\u00f3mico.<br>\n                    <br>Profesionales del sector que deseen actualizarse y obtener una formaci\u00f3n en el \u00e1mbito financiero tecnol\u00f3gico.<br>\n                    <br>\n                    <span style=\"font-weight: 700;\">Matr\u00edcula y\npago del curso:<br>\n                    <\/span> Todos los tr\u00e1mites de preinscripci\u00f3n ser\u00e1n <span style=\"font-style: italic;\">online<\/span>. Pueden solicitar una entrevista si lo desean escribiendo a <a href=\"mailto:drey@ub.edu?subject=Contacto%20Web%20Fintech\" class=\"u-active-none u-border-none u-btn u-button-link u-button-style u-hover-none u-none u-text-palette-1-base u-btn-3\">drey@ub.edu<\/a> para la resoluci\u00f3n de dudas o consultar v\u00eda <a href=\"https:\/\/api.whatsapp.com\/send?phone=34677404098&amp;text=\" class=\"u-active-none u-border-none u-btn u-button-link u-button-style u-hover-none u-none u-text-palette-1-base u-btn-4\">WhatsApp<\/a>.<br>\n                  <\/p>\n                  <p class=\"u-align-left u-text u-text-3\"> Antes de formalizar la preinscripci\u00f3n se debe enviar el CV +\nCover Letter o video promocional al correo <span class=\"u-text-palette-1-base\">drey@ub.edu <span class=\"u-text-black\">con asunto \"Candidatura M\u00e1ster\/Postgrado\/T\u00edtulo espec\u00edfico Fintech 2025-26 (Nombre)\"+ Solicitud de admisi\u00f3n que encontrar\u00e1 m\u00e1s abajo. Una vez aceptado podr\u00e1 realizar el pago de la preinscripci\u00f3n (900 euros) y se le reservar\u00e1 la plaza autom\u00e1ticamente.<\/span>\n                    <\/span>\n                    <br>\n                    <br><b>COSTE DEL PROGRAMA: 5.480 euros.&nbsp;&nbsp;<\/b>&nbsp;&nbsp;<b>&nbsp;&nbsp;<\/b>\n                  <\/p>\n                <\/div>\n              <\/div>\n            <\/div>\n          <\/div>\n        <\/div>\n      <\/div>\n    <\/section>\n    <section class=\"u-clearfix u-section-4\" id=\"sec-3cee\">\n      <div class=\"u-clearfix u-sheet u-sheet-1\">\n        <div class=\"u-clearfix u-expanded-width u-layout-wrap u-layout-wrap-1\">\n          <div class=\"u-layout\">\n            <div class=\"u-layout-row\">\n              <div class=\"u-container-style u-layout-cell u-size-30 u-layout-cell-1\">\n                <div class=\"u-container-layout u-container-layout-1\">\n                  <h1 class=\"u-align-center u-text u-text-default-lg u-text-default-xl u-text-1\">\n                    <span style=\"font-weight: 700; font-size: 2.25rem;\" class=\"u-text-palette-3-base\">Beca Maria \u00c0ngels Vallv\u00e9 Ribera<\/span>\n                    <br>\n                    <span style=\"font-size: 1.875rem;\">Mujeres con talento<\/span>\n                    <br>\n                  <\/h1>\n                  <p class=\"u-text u-text-2\">Para la promoci\u00f3n del talento femenino en finanzas, te ayudamos con el 60%. Una iniciativa de GVC Gaesco.<br>El ganador de la beca ser\u00e1 informado a finales de Septiembre.\n                  <\/p>\n                  <img decoding=\"async\" class=\"u-expanded-width-md u-expanded-width-sm u-expanded-width-xs u-image u-image-default u-image-1\" src=\"https:\/\/www.ub.edu\/fintech\/wp-content\/uploads\/2023\/11\/logo_gvcgaesco.webp\" alt=\"\" data-image-width=\"846\" data-image-height=\"338\" data-href=\"https:\/\/gvcgaesco.es\/es\/inversion\/\" data-target=\"_blank\" loading=\"lazy\">\n                  <a href=\"https:\/\/www.ub.edu\/fintech\/wp-content\/uploads\/2025\/06\/beca-MA-Vallve-2025_2.pdf\" class=\"u-border-none u-btn u-btn-round u-button-style u-file-link u-hover-palette-1-light-1 u-palette-5-base u-radius-50 u-btn-1\" target=\"_blank\">M\u00c1S INFORMACI\u00d3N<\/a>\n                <\/div>\n              <\/div>\n              <div class=\"u-container-style u-hidden-sm u-hidden-xs u-layout-cell u-size-30 u-layout-cell-2\">\n                <div class=\"u-container-layout u-container-layout-2\">\n                  <div class=\"u-palette-1-base u-shape u-shape-rectangle u-shape-1\"><\/div>\n                  <img decoding=\"async\" class=\"u-image u-image-default u-image-2\" src=\"https:\/\/www.ub.edu\/fintech\/wp-content\/uploads\/2023\/11\/BecaMAV.jpg\" alt=\"\" data-image-width=\"2475\" data-image-height=\"2331\" loading=\"lazy\">\n                <\/div>\n              <\/div>\n            <\/div>\n          <\/div>\n        <\/div>\n      <\/div>\n    <\/section>\n    <section class=\"u-clearfix u-section-5\" id=\"sec-efba\">\n      <div class=\"u-clearfix u-sheet u-sheet-1\">\n        <div class=\"u-clearfix u-expanded-width u-layout-wrap u-layout-wrap-1\">\n          <div class=\"u-layout\">\n            <div class=\"u-layout-row\">\n              <div class=\"u-align-left u-container-style u-hidden-sm u-hidden-xs u-layout-cell u-size-30 u-layout-cell-1\">\n                <div class=\"u-container-layout u-container-layout-1\">\n                  <div class=\"u-palette-1-base u-shape u-shape-rectangle u-shape-1\"><\/div>\n                  <img decoding=\"async\" class=\"u-image u-image-default u-image-1\" src=\"https:\/\/www.ub.edu\/fintech\/wp-content\/uploads\/2024\/03\/pexels-sevenstorm-juhaszimrus-4433831-scaled.jpg\" alt=\"\" data-image-width=\"1785\" data-image-height=\"2560\" loading=\"lazy\">\n                <\/div>\n              <\/div>\n              <div class=\"u-container-style u-layout-cell u-size-30 u-layout-cell-2\">\n                <div class=\"u-container-layout u-valign-top-xs u-container-layout-2\">\n                  <h1 class=\"u-align-center u-text u-text-default-lg u-text-default-xl u-text-1\">\n                    <span style=\"font-weight: 700; font-size: 2.25rem;\" class=\"u-text-palette-3-base\">Beca de excelencia CRANDON<\/span>\n                    <br>\n                    <span style=\"font-size: 1.875rem;\">Potenciando el Talento<\/span>\n                  <\/h1>\n                  <p class=\"u-text u-text-2\">Crandon, empresa l\u00edder de gesti\u00f3n de Private Equity en Real State, ofrece dos becas a la excelencia con las que te ayuda con el 50%.&nbsp;El ganador de la beca ser\u00e1 informado a finales de Septiembre.<\/p>\n                  <img decoding=\"async\" class=\"u-image u-image-default u-image-2\" src=\"https:\/\/www.ub.edu\/fintech\/wp-content\/uploads\/2024\/11\/CrandonLogooknegro_Mesadetrabajo11.png\" alt=\"\" data-image-width=\"2864\" data-image-height=\"896\" data-href=\"https:\/\/crandon.eu\/es\" data-target=\"_blank\" loading=\"lazy\">\n                  <a href=\"https:\/\/www.ub.edu\/fintech\/wp-content\/uploads\/2025\/12\/Beca-CRANDON-UB-fintech-2026-2.pdf\" class=\"u-border-none u-btn u-btn-round u-button-style u-file-link u-hover-palette-1-light-1 u-palette-5-base u-radius-50 u-btn-1\" target=\"_blank\">M\u00c1S INFORMACI\u00d3N<\/a>\n                <\/div>\n              <\/div>\n            <\/div>\n          <\/div>\n        <\/div>\n      <\/div>\n    <\/section>\n    <section class=\"u-clearfix u-image u-shading u-section-6\" src=\"\" data-image-width=\"2560\" data-image-height=\"1707\" id=\"sec-fff5\">\n      <div class=\"u-clearfix u-sheet u-sheet-1\">\n        <div class=\"u-clearfix u-expanded-width u-layout-wrap u-layout-wrap-1\">\n          <div class=\"u-layout\">\n            <div class=\"u-layout-row\">\n              <div class=\"u-align-center-sm u-align-center-xs u-align-left-lg u-align-left-md u-align-left-xl u-container-style u-layout-cell u-left-cell u-size-45 u-layout-cell-1\">\n                <div class=\"u-container-layout u-container-layout-1\">\n                  <h2 class=\"u-text u-text-1\">\u00bfTienes dudas?<\/h2>\n                  <p class=\"u-text u-text-2\">Escr\u00edbenos a trav\u00e9s de nuestro formulario, aclararemos todas tus preguntas.<\/p>\n                <\/div>\n              <\/div>\n              <div class=\"u-align-center u-container-style u-layout-cell u-right-cell u-size-15 u-layout-cell-2\">\n                <div class=\"u-container-layout u-valign-middle u-container-layout-2\">\n                  <a href=\"https:\/\/www.ub.edu\/fintech\/contacto\/\" class=\"u-btn u-btn-round u-button-style u-palette-2-base u-radius-50 u-btn-1\">Cont\u00e1ctanos<\/a>\n                <\/div>\n              <\/div>\n            <\/div>\n          <\/div>\n        <\/div>\n      <\/div>\n    <\/section>\n    \n    \n  \n","protected":false},"excerpt":{"rendered":"<p>Inscripciones y Becas Solicitud de Admisi\u00f3n PR\u00d3XIMAMENTE: Preinscripci\u00f3n Admisi\u00f3n y matr\u00edcula Titulados universitarios del \u00e1mbito de las Ciencias Sociales y Jur\u00eddicas (Administraci\u00f3n Empresas, Econom\u00eda, Derecho o relacionadas con el \u00e1mbito econ\u00f3mico empresarial, etc.), Ingenier\u00edas y disciplinas cuantitativas (Matem\u00e1ticas, F\u00edsica, Estad\u00edstica, etc.).&nbsp; Las personas que no vengan de dicho \u00e1mbito se les reforzar\u00e1 antes de empezar &hellip; <a href=\"https:\/\/www.ub.edu\/fintech\/inscripciones-y-ub\/\" class=\"more-link\">Continue reading<span class=\"screen-reader-text\"> \u00abInscripciones y Becas\u00bb<\/span><\/a><\/p>\n","protected":false},"author":2,"featured_media":0,"parent":0,"menu_order":0,"comment_status":"closed","ping_status":"closed","template":"","meta":{"_joinchat":[],"footnotes":""},"class_list":["post-111","page","type-page","status-publish","hentry"],"yoast_head":"<!-- This site is optimized with the Yoast SEO plugin v24.0 - https:\/\/yoast.com\/wordpress\/plugins\/seo\/ -->\n<title>Inscripciones y Becas - M\u00e0ster Fintech - Universidad de Barcelona<\/title>\n<meta name=\"robots\" content=\"index, follow, max-snippet:-1, max-image-preview:large, max-video-preview:-1\" \/>\n<link rel=\"canonical\" href=\"https:\/\/www.ub.edu\/fintech\/inscripciones-y-ub\/\" \/>\n<meta property=\"og:locale\" content=\"es_ES\" \/>\n<meta property=\"og:type\" content=\"article\" \/>\n<meta property=\"og:title\" content=\"Inscripciones y Becas - M\u00e0ster Fintech - Universidad de Barcelona\" \/>\n<meta property=\"og:description\" content=\"Inscripciones y Becas Solicitud de Admisi\u00f3n PR\u00d3XIMAMENTE: Preinscripci\u00f3n Admisi\u00f3n y matr\u00edcula Titulados universitarios del \u00e1mbito de las Ciencias Sociales y Jur\u00eddicas (Administraci\u00f3n Empresas, Econom\u00eda, Derecho o relacionadas con el \u00e1mbito econ\u00f3mico empresarial, etc.), Ingenier\u00edas y disciplinas cuantitativas (Matem\u00e1ticas, F\u00edsica, Estad\u00edstica, etc.).&nbsp; Las personas que no vengan de dicho \u00e1mbito se les reforzar\u00e1 antes de empezar &hellip; Continue reading &quot;Inscripciones y Becas&quot;\" \/>\n<meta property=\"og:url\" content=\"https:\/\/www.ub.edu\/fintech\/inscripciones-y-ub\/\" \/>\n<meta property=\"og:site_name\" content=\"M\u00e0ster Fintech - Universidad de Barcelona\" \/>\n<meta property=\"article:modified_time\" content=\"2025-12-11T11:10:06+00:00\" \/>\n<meta name=\"twitter:card\" content=\"summary_large_image\" \/>\n<meta name=\"twitter:label1\" content=\"Tiempo de lectura\" \/>\n\t<meta name=\"twitter:data1\" content=\"2 minutos\" \/>\n<script type=\"application\/ld+json\" class=\"yoast-schema-graph\">{\"@context\":\"https:\/\/schema.org\",\"@graph\":[{\"@type\":\"WebPage\",\"@id\":\"https:\/\/www.ub.edu\/fintech\/inscripciones-y-ub\/\",\"url\":\"https:\/\/www.ub.edu\/fintech\/inscripciones-y-ub\/\",\"name\":\"Inscripciones y Becas - M\u00e0ster Fintech - Universidad de Barcelona\",\"isPartOf\":{\"@id\":\"https:\/\/www.ub.edu\/fintech\/#website\"},\"datePublished\":\"2021-09-23T11:37:48+00:00\",\"dateModified\":\"2025-12-11T11:10:06+00:00\",\"breadcrumb\":{\"@id\":\"https:\/\/www.ub.edu\/fintech\/inscripciones-y-ub\/#breadcrumb\"},\"inLanguage\":\"es\",\"potentialAction\":[{\"@type\":\"ReadAction\",\"target\":[\"https:\/\/www.ub.edu\/fintech\/inscripciones-y-ub\/\"]}]},{\"@type\":\"BreadcrumbList\",\"@id\":\"https:\/\/www.ub.edu\/fintech\/inscripciones-y-ub\/#breadcrumb\",\"itemListElement\":[{\"@type\":\"ListItem\",\"position\":1,\"name\":\"Portada\",\"item\":\"https:\/\/www.ub.edu\/fintech\/\"},{\"@type\":\"ListItem\",\"position\":2,\"name\":\"Inscripciones y Becas\"}]},{\"@type\":\"WebSite\",\"@id\":\"https:\/\/www.ub.edu\/fintech\/#website\",\"url\":\"https:\/\/www.ub.edu\/fintech\/\",\"name\":\"M\u00e0ster Fintech - Universidad de Barcelona\",\"description\":\"El M\u00e0ster de Fintech te convertir\u00e1 en experto en la industria financiera que aplica nuevas tecnolog\u00edas a actividades financieras y de inversi\u00f3n. El postgrado ofrece herramientas para poder expandir los diferentes verticales de las empresas financieras e incluso poder crear la propia Start-Up.\",\"publisher\":{\"@id\":\"https:\/\/www.ub.edu\/fintech\/#organization\"},\"potentialAction\":[{\"@type\":\"SearchAction\",\"target\":{\"@type\":\"EntryPoint\",\"urlTemplate\":\"https:\/\/www.ub.edu\/fintech\/?s={search_term_string}\"},\"query-input\":{\"@type\":\"PropertyValueSpecification\",\"valueRequired\":true,\"valueName\":\"search_term_string\"}}],\"inLanguage\":\"es\"},{\"@type\":\"Organization\",\"@id\":\"https:\/\/www.ub.edu\/fintech\/#organization\",\"name\":\"M\u00e0ster Fintech - Universidad de Barcelona\",\"url\":\"https:\/\/www.ub.edu\/fintech\/\",\"logo\":{\"@type\":\"ImageObject\",\"inLanguage\":\"es\",\"@id\":\"https:\/\/www.ub.edu\/fintech\/#\/schema\/logo\/image\/\",\"url\":\"https:\/\/www.ub.edu\/fintech\/wp-content\/uploads\/2021\/09\/logotipo-universidad-de-barcelona.png\",\"contentUrl\":\"https:\/\/www.ub.edu\/fintech\/wp-content\/uploads\/2021\/09\/logotipo-universidad-de-barcelona.png\",\"width\":582,\"height\":159,\"caption\":\"M\u00e0ster Fintech - Universidad de Barcelona\"},\"image\":{\"@id\":\"https:\/\/www.ub.edu\/fintech\/#\/schema\/logo\/image\/\"}}]}<\/script>\n<!-- \/ Yoast SEO plugin. -->","yoast_head_json":{"title":"Inscripciones y Becas - M\u00e0ster Fintech - Universidad de Barcelona","robots":{"index":"index","follow":"follow","max-snippet":"max-snippet:-1","max-image-preview":"max-image-preview:large","max-video-preview":"max-video-preview:-1"},"canonical":"https:\/\/www.ub.edu\/fintech\/inscripciones-y-ub\/","og_locale":"es_ES","og_type":"article","og_title":"Inscripciones y Becas - M\u00e0ster Fintech - Universidad de Barcelona","og_description":"Inscripciones y Becas Solicitud de Admisi\u00f3n PR\u00d3XIMAMENTE: Preinscripci\u00f3n Admisi\u00f3n y matr\u00edcula Titulados universitarios del \u00e1mbito de las Ciencias Sociales y Jur\u00eddicas (Administraci\u00f3n Empresas, Econom\u00eda, Derecho o relacionadas con el \u00e1mbito econ\u00f3mico empresarial, etc.), Ingenier\u00edas y disciplinas cuantitativas (Matem\u00e1ticas, F\u00edsica, Estad\u00edstica, etc.).&nbsp; Las personas que no vengan de dicho \u00e1mbito se les reforzar\u00e1 antes de empezar &hellip; Continue reading \"Inscripciones y Becas\"","og_url":"https:\/\/www.ub.edu\/fintech\/inscripciones-y-ub\/","og_site_name":"M\u00e0ster Fintech - Universidad de Barcelona","article_modified_time":"2025-12-11T11:10:06+00:00","twitter_card":"summary_large_image","twitter_misc":{"Tiempo de lectura":"2 minutos"},"schema":{"@context":"https:\/\/schema.org","@graph":[{"@type":"WebPage","@id":"https:\/\/www.ub.edu\/fintech\/inscripciones-y-ub\/","url":"https:\/\/www.ub.edu\/fintech\/inscripciones-y-ub\/","name":"Inscripciones y Becas - M\u00e0ster Fintech - Universidad de Barcelona","isPartOf":{"@id":"https:\/\/www.ub.edu\/fintech\/#website"},"datePublished":"2021-09-23T11:37:48+00:00","dateModified":"2025-12-11T11:10:06+00:00","breadcrumb":{"@id":"https:\/\/www.ub.edu\/fintech\/inscripciones-y-ub\/#breadcrumb"},"inLanguage":"es","potentialAction":[{"@type":"ReadAction","target":["https:\/\/www.ub.edu\/fintech\/inscripciones-y-ub\/"]}]},{"@type":"BreadcrumbList","@id":"https:\/\/www.ub.edu\/fintech\/inscripciones-y-ub\/#breadcrumb","itemListElement":[{"@type":"ListItem","position":1,"name":"Portada","item":"https:\/\/www.ub.edu\/fintech\/"},{"@type":"ListItem","position":2,"name":"Inscripciones y Becas"}]},{"@type":"WebSite","@id":"https:\/\/www.ub.edu\/fintech\/#website","url":"https:\/\/www.ub.edu\/fintech\/","name":"M\u00e0ster Fintech - Universidad de Barcelona","description":"El M\u00e0ster de Fintech te convertir\u00e1 en experto en la industria financiera que aplica nuevas tecnolog\u00edas a actividades financieras y de inversi\u00f3n. El postgrado ofrece herramientas para poder expandir los diferentes verticales de las empresas financieras e incluso poder crear la propia Start-Up.","publisher":{"@id":"https:\/\/www.ub.edu\/fintech\/#organization"},"potentialAction":[{"@type":"SearchAction","target":{"@type":"EntryPoint","urlTemplate":"https:\/\/www.ub.edu\/fintech\/?s={search_term_string}"},"query-input":{"@type":"PropertyValueSpecification","valueRequired":true,"valueName":"search_term_string"}}],"inLanguage":"es"},{"@type":"Organization","@id":"https:\/\/www.ub.edu\/fintech\/#organization","name":"M\u00e0ster Fintech - Universidad de Barcelona","url":"https:\/\/www.ub.edu\/fintech\/","logo":{"@type":"ImageObject","inLanguage":"es","@id":"https:\/\/www.ub.edu\/fintech\/#\/schema\/logo\/image\/","url":"https:\/\/www.ub.edu\/fintech\/wp-content\/uploads\/2021\/09\/logotipo-universidad-de-barcelona.png","contentUrl":"https:\/\/www.ub.edu\/fintech\/wp-content\/uploads\/2021\/09\/logotipo-universidad-de-barcelona.png","width":582,"height":159,"caption":"M\u00e0ster Fintech - Universidad de Barcelona"},"image":{"@id":"https:\/\/www.ub.edu\/fintech\/#\/schema\/logo\/image\/"}}]}},"_links":{"self":[{"href":"https:\/\/www.ub.edu\/fintech\/wp-json\/wp\/v2\/pages\/111","targetHints":{"allow":["GET"]}}],"collection":[{"href":"https:\/\/www.ub.edu\/fintech\/wp-json\/wp\/v2\/pages"}],"about":[{"href":"https:\/\/www.ub.edu\/fintech\/wp-json\/wp\/v2\/types\/page"}],"author":[{"embeddable":true,"href":"https:\/\/www.ub.edu\/fintech\/wp-json\/wp\/v2\/users\/2"}],"replies":[{"embeddable":true,"href":"https:\/\/www.ub.edu\/fintech\/wp-json\/wp\/v2\/comments?post=111"}],"version-history":[{"count":32,"href":"https:\/\/www.ub.edu\/fintech\/wp-json\/wp\/v2\/pages\/111\/revisions"}],"predecessor-version":[{"id":1540,"href":"https:\/\/www.ub.edu\/fintech\/wp-json\/wp\/v2\/pages\/111\/revisions\/1540"}],"wp:attachment":[{"href":"https:\/\/www.ub.edu\/fintech\/wp-json\/wp\/v2\/media?parent=111"}],"curies":[{"name":"wp","href":"https:\/\/api.w.org\/{rel}","templated":true}]}}