{"id":126,"date":"2021-09-23T11:49:26","date_gmt":"2021-09-23T11:49:26","guid":{"rendered":"https:\/\/univbcn.mysiteweb.online\/?page_id=126"},"modified":"2024-10-01T11:30:23","modified_gmt":"2024-10-01T11:30:23","slug":"contacto","status":"publish","type":"page","link":"https:\/\/www.ub.edu\/fintech\/contacto\/","title":{"rendered":"Contacto"},"content":{"rendered":"\n    \n    <section class=\"u-clearfix u-image u-shading u-section-2\" id=\"sec-e644\" data-image-width=\"2560\" data-image-height=\"1707\">\n      <div class=\"u-clearfix u-sheet u-sheet-1\"><span class=\"u-icon u-icon-circle u-text-white u-icon-1\" data-animation-name=\"fadeIn\" data-animation-duration=\"1000\" data-animation-delay=\"0\"><svg class=\"u-svg-link\" preserveAspectRatio=\"xMidYMin slice\" viewBox=\"0 0 60 60\" style=\"\"><use xlink:href=\"#svg-bb48\"><\/use><\/svg><svg class=\"u-svg-content\" viewBox=\"0 0 60 60\" id=\"svg-bb48\"><g id=\"Page-1\" fill=\"none\" fill-rule=\"evenodd\"><g id=\"066---Contact\" fill=\"currentColor\" fill-rule=\"nonzero\" transform=\"translate(-1)\"><path id=\"Shape\" d=\"m57 10h-35.5l-2.3-7.609c-.544456-1.77224723-2.4139231-2.77610467-4.192-2.251l-5.093 1.5c-.56105364.16595283-1.06978864.47388045-1.477.894l-5.738 5.943c-.43145606.45090449-.72918899 1.01278883-.86 1.623-.585 2.7-2.2 12.488 1.63 25.15s10.6 19.976 12.59 21.915c.4458926.4377295 1.0041212.743665 1.613.884l8.093 1.867c.2502155.0578152.5061919.0870026.763.087.3263083-.0002565.6509114-.0470614.964-.139l2.818-.831 2.271-.67c.8645741-.2491189 1.5921243-.8364229 2.018-1.629.4243486-.7792075.5176777-1.6962822.259-2.545l-1.267-4.189h23.408c2.209139 0 4-1.790861 4-4v-32c0-2.209139-1.790861-4-4-4zm-15.75 19.7 17.627-16.366c.0792762.2131971.1208955.4385504.123.666v32c-.0028739.2142773-.0403571.426682-.111.629zm15.75-17.7c.1134309.001659.2265112.013034.338.034l-20.938 19.434c-.7671063.7114344-1.9528937.7114344-2.72 0l-14.4-13.331 1.061-.313c.8629218-.2508511 1.58893-.8377828 2.015-1.629.4237886-.7787287.5164114-1.6952259.257-2.543l-.503-1.652zm-40.266 29.231c-2.0645338-2.5274169-3.5996408-5.4442563-4.514-8.577-1.2915666-3.9473972-1.4677101-8.1748413-.509-12.216.0206463-.054505.0665365-.0955451.123-.11l5.207-1.535 11.744 10.868zm16.1 14.551c-.1733981.3213684-.4689984.5592906-.82.66l-1.326.391-2.435-8.058c-.0983122-.3480475-.3768917-.6158888-.7285331-.7004505-.3516414-.0845618-.7215395.0273352-.9673465.2926298-.2458071.2652947-.3292129.6426393-.2181204.9868207l2.436 8.046-1.846.544c-.2320936.0689503-.4781017.0765304-.714.022l-8.093-1.866c-.2507845-.0586037-.4805441-.1852483-.664-.366-1.9-1.855-8.387-8.858-12.074-21.062s-2.149-21.572-1.59-24.15c.05376705-.2474084.17489673-.4751322.35-.658l5.732-5.94c.1653455-.17138312.3719497-.2974117.6-.366l1.861-.548 2.435 8.057c.1274052.422037.5161516.7108549.957.711.097963.0004963.1954249-.014005.289-.043.5284173-.1597559.827423-.7174822.668-1.246l-2.427-8.044 1.314-.387c.7258381-.2187973 1.4925311.18751878 1.719.911l3.4 11.26c.1044056.3376924.0683588.7032074-.1 1.014-.1738983.3211602-.469245.5592384-.82.661l-1.327.391-.393-1.3c-.1698199-.5152426-.7194922-.8011074-1.2388349-.6442735-.5193428.1568339-.8189142.6991579-.6751651 1.2222735l.389 1.288-5.258 1.55c-.7208631.210635-1.28264754.7773308-1.487 1.5-1.0548262 4.4026332-.8731464 9.011071.525 13.317 1.2278893 4.3705059 3.631076 8.3204759 6.948 11.42.5640227.4973575 1.3451786.6675852 2.065.45l5.271-1.554.393 1.3c.0983122.3480475.3768917.6158888.7285331.7004505.3516414.0845618.7215395-.0273352.9673465-.2926298.2458071-.2652947.3292129-.6426393.2181204-.9868207l-.389-1.288 1.313-.387c.7259232-.217112 1.4917411.1885043 1.72.911l3.4 11.261c.1051884.3399216.0680227.7079703-.103 1.02zm.153-7.782-1.532-5.071c-.5453068-1.775563-2.4195272-2.7800559-4.2-2.251l-8.5 2.506c-.061043.0183012-.1271534.0064162-.178-.032-.14-.123-.3-.276-.485-.45l12.164-11.68 2.064 1.911c1.5371445 1.4173437 3.9048555 1.4173437 5.442 0l2.02-1.876 17.607 16.9c-.1279357.0270994-.2582342.0415026-.389.043z\"><\/path><path id=\"Shape\" d=\"m27 16h16c.5522847 0 1-.4477153 1-1s-.4477153-1-1-1h-16c-.5522847 0-1 .4477153-1 1s.4477153 1 1 1z\"><\/path><path id=\"Shape\" d=\"m56 22c-.5522847 0-1 .4477153-1 1v14c0 .5522847.4477153 1 1 1s1-.4477153 1-1v-14c0-.5522847-.4477153-1-1-1z\"><\/path>\n<\/g>\n<\/g><\/svg><\/span>\n        <h1 class=\"u-align-center u-text u-text-default u-text-1\" data-animation-name=\"fadeIn\" data-animation-duration=\"1000\" data-animation-delay=\"0\">Contacto<\/h1>\n      <\/div>\n    <\/section>\n    <section class=\"u-clearfix u-section-3\" id=\"sec-cd63\">\n      <div class=\"u-clearfix u-sheet u-valign-middle u-sheet-1\">\n        <div class=\"u-clearfix u-expanded-width u-layout-wrap u-layout-wrap-1\">\n          <div class=\"u-layout\">\n            <div class=\"u-layout-row\">\n              <div class=\"u-size-27-lg u-size-27-md u-size-27-sm u-size-27-xs u-size-30-xl\">\n                <div class=\"u-layout-col\">\n                  <div class=\"u-container-style u-layout-cell u-left-cell u-size-60 u-layout-cell-1\">\n                    <div class=\"u-container-layout u-container-layout-1\">\n                      <h2 class=\"u-text u-text-palette-1-base u-text-1\">\u00bfTienes dudas?<br>Cont\u00e1ctanos\n                      <\/h2>\n                      <p class=\"u-text u-text-2\">\n                        <span style=\"font-weight: 700;\">Tlfn:&nbsp;<\/span>\n                        <a href=\"tel:677 40 40 98\" class=\"u-active-none u-border-none u-btn u-button-link u-button-style u-hover-none u-none u-text-black u-btn-1\"> +34 677 404 098<\/a>\n                        <span style=\"font-weight: 700;\">\n                          <br>\n                        <\/span>\n                        <span style=\"font-weight: 700;\">Email:&nbsp;<\/span>\n                        <a href=\"mailto:drey@ub.edu?subject=Contacto Web Fintech\" class=\"u-active-none u-border-none u-btn u-button-style u-hover-none u-none u-text-palette-1-base u-btn-2\">drey@ub.edu<\/a>\n                        <br>\n                      <\/p>\n                      <a href=\"https:\/\/www.ub.edu\/fintech\/wp-content\/uploads\/2021\/11\/PlanDocenteFintech202122-3.pdf\" class=\"u-active-palette-1-base u-black u-border-none u-btn u-btn-round u-button-style u-file-link u-hover-palette-1-base u-radius-50 u-btn-3\" target=\"_blank\">Descargar folleto en PDF<\/a>\n                    <\/div>\n                  <\/div>\n                <\/div>\n              <\/div>\n              <div class=\"u-size-30-xl u-size-33-lg u-size-33-md u-size-33-sm u-size-33-xs\">\n                <div class=\"u-layout-col\">\n                  <div class=\"u-container-style u-layout-cell u-right-cell u-size-30 u-layout-cell-2\">\n                    <div class=\"u-container-layout u-container-layout-2\">\n                      <p class=\"u-text u-text-3\"> Escr\u00edbenos a trav\u00e9s de nuestro formulario, aclararemos todas tus preguntas.<\/p>\n                    <\/div>\n                  <\/div>\n                  <div class=\"u-container-style u-layout-cell u-right-cell u-size-30 u-layout-cell-3\">\n                    <div class=\"u-container-layout u-container-layout-3\">\n                      <div class=\"u-form u-form-1\">\n                                <script>\n            function onSuccess(event) {\n                var msgContainer = jQuery(event.currentTarget).find('.wpcf7-response-output');\n                msgContainer.removeClass('u-form-send-error').addClass('u-form-send-message u-form-send-success');\n                msgContainer.show();\n                var redirectAddress = jQuery(event.currentTarget).find('[redirect-address]').attr('redirect-address');\n                if (redirectAddress) {\n                    location.replace(redirectAddress);\n                }\n            }\n            function onError(event) {\n                var msgContainer = jQuery(event.currentTarget).find('.wpcf7-response-output');\n                msgContainer.removeClass('u-form-send-success').addClass('u-form-send-message u-form-send-error');\n                msgContainer.show();\n            }\n\n            jQuery('body')\n                .on('wpcf7mailsent',   '.u-form .wpcf7', onSuccess)\n                .on('wpcf7invalid',    '.u-form .wpcf7', onError)\n                .on('wpcf7:unaccepted', '.u-form .wpcf7', onError)\n                .on('wpcf7spam',       '.u-form .wpcf7', onError)\n                .on('wpcf7:aborted',    '.u-form .wpcf7', onError)\n                .on('wpcf7mailfailed', '.u-form .wpcf7', onError);\n        <\/script>\n        <style>\n            .u-form .wpcf7-response-output {\n                \/*position: relative !important;*\/\n                margin: 0 !important;\n                bottom: -70px!important;\n            }\n            .u-form .wpcf7 .ajax-loader {\n                margin-left: -24px;\n                margin-right: 0;\n            }\n        <\/style>\n\n\n<div class=\"wpcf7 no-js\" id=\"wpcf7-f190-o1\" lang=\"es-ES\" dir=\"ltr\" data-wpcf7-id=\"190\">\n<div class=\"screen-reader-response\"><p role=\"status\" aria-live=\"polite\" aria-atomic=\"true\"><\/p> <ul><\/ul><\/div>\n<form action=\"\/fintech\/wp-json\/wp\/v2\/pages\/126#wpcf7-f190-o1\" method=\"post\" class=\"wpcf7-form init u-clearfix u-form-spacing-10 u-form-vertical u-inner-form u-form-custom-backend\" aria-label=\"Formulario de contacto\" novalidate=\"novalidate\" data-status=\"init\">\n<div style=\"display: none;\">\n<input type=\"hidden\" name=\"_wpcf7\" value=\"190\" \/>\n<input type=\"hidden\" name=\"_wpcf7_version\" value=\"6.0.1\" \/>\n<input type=\"hidden\" name=\"_wpcf7_locale\" value=\"es_ES\" \/>\n<input type=\"hidden\" name=\"_wpcf7_unit_tag\" value=\"wpcf7-f190-o1\" \/>\n<input type=\"hidden\" name=\"_wpcf7_container_post\" value=\"0\" \/>\n<input type=\"hidden\" name=\"_wpcf7_posted_data_hash\" value=\"\" \/>\n<\/div>\n\n                          <div class=\"u-form-group wpcf7-form-control-wrap u-form-name\">\n                            <label for=\"name-e2a4\" class=\"u-label\">Nombre<\/label>\n                            <input type=\"text\" id=\"name-e2a4\" name=\"name1\" class=\"u-border-1 u-border-grey-30 u-input wpcf7-form-control u-input-rectangle u-white\" required=\"\">\n                          <\/div>\n                          <div class=\"u-form-email u-form-group wpcf7-form-control-wrap\">\n                            <label for=\"email-e2a4\" class=\"u-label\">Email<\/label>\n                            <input type=\"email\" id=\"email-e2a4\" name=\"email\" class=\"u-border-1 u-border-grey-30 u-input wpcf7-form-control u-input-rectangle u-white\" required=\"\">\n                          <\/div>\n                          <div class=\"u-form-group wpcf7-form-control-wrap u-form-group wpcf7-form-control-wrap-3\">\n                            <label for=\"text-6d8e\" class=\"u-label\">Asunto<\/label>\n                            <input type=\"text\" id=\"text-6d8e\" name=\"your-subject\" class=\"u-border-1 u-border-grey-30 u-input wpcf7-form-control u-input-rectangle u-white\" required=\"required\">\n                          <\/div>\n                          <div class=\"u-form-group wpcf7-form-control-wrap u-form-message\">\n                            <label for=\"message-e2a4\" class=\"u-label\">Mensaje<\/label>\n                            <textarea rows=\"4\" cols=\"50\" id=\"message-e2a4\" name=\"message\" class=\"u-border-1 u-border-grey-30 u-input wpcf7-form-control u-input-rectangle u-white\" required=\"\"><\/textarea>\n                          <\/div>\n                          <div class=\"u-form-agree u-form-group wpcf7-form-control-wrap u-form-group wpcf7-form-control-wrap-5\">\n                            <input type=\"checkbox\" id=\"agree-123f\" name=\"agree\" class=\"u-agree-checkbox\" required=\"\">\n                            <label for=\"agree-123f\" class=\"u-label\">Acepto la <a href=\"\/politica-de-privacidad\">pol\u00edtica de privacidad<\/a>\n                            <\/label>\n                          <\/div>\n                          <div class=\"u-form-group wpcf7-form-control-wrap u-form-submit wpcf7-form-control\">\n                            <a href=\"#\" class=\"u-active-palette-1-base u-black u-border-none u-btn wpcf7-submit u-btn-round u-btn-submit u-button-style u-hover-palette-1-base u-radius-50 u-btn-4\">Enviar<\/a>\n                            <input type=\"submit\" value=\"submit\" class=\"u-form-control-hidden\">\n                          <\/div>\n                          <div class=\"u-form-send-message u-form-send-success\"> Thank you! Your message has been sent. <\/div>\n                          <div class=\"u-form-send-error u-form-send-message\"> Unable to send your message. Please fix errors then try again. <\/div>\n                          <input type=\"hidden\" value=\"\" name=\"recaptchaResponse\">\n                        <input type=\"hidden\" name=\"_contact7_backend\" value=\"1\"><div class=\"wpcf7-response-output\" aria-hidden=\"true\"><\/div>\n<\/form>\n<\/div>\n\n                      <\/div>\n                    <\/div>\n                  <\/div>\n                <\/div>\n              <\/div>\n            <\/div>\n          <\/div>\n        <\/div>\n      <\/div>\n    <\/section>\n    \n    \n  \n","protected":false},"excerpt":{"rendered":"<p>Contacto \u00bfTienes dudas?Cont\u00e1ctanos Tlfn:&nbsp; +34 677 404 098 Email:&nbsp; drey@ub.edu Descargar folleto en PDF Escr\u00edbenos a trav\u00e9s de nuestro formulario, aclararemos todas tus preguntas. Nombre Email Asunto Mensaje Acepto la pol\u00edtica de privacidad Enviar Thank you! Your message has been sent. Unable to send your message. Please fix errors then try again.<\/p>\n","protected":false},"author":2,"featured_media":0,"parent":0,"menu_order":0,"comment_status":"closed","ping_status":"closed","template":"","meta":{"_joinchat":[],"footnotes":""},"class_list":["post-126","page","type-page","status-publish","hentry"],"yoast_head":"<!-- This site is optimized with the Yoast SEO plugin v24.0 - https:\/\/yoast.com\/wordpress\/plugins\/seo\/ -->\n<title>Contacto - M\u00e0ster Fintech - Universidad de Barcelona<\/title>\n<meta name=\"description\" content=\"\u00bfTienes dudas? Contacta con la coordinaci\u00f3n del programa a trav\u00e9s de correo electr\u00f3nico o mediante WhatsApp.\" \/>\n<meta name=\"robots\" content=\"index, follow, max-snippet:-1, max-image-preview:large, max-video-preview:-1\" \/>\n<link rel=\"canonical\" href=\"https:\/\/www.ub.edu\/fintech\/contacto\/\" \/>\n<meta property=\"og:locale\" content=\"es_ES\" \/>\n<meta property=\"og:type\" content=\"article\" \/>\n<meta property=\"og:title\" content=\"Contacto - M\u00e0ster Fintech - Universidad de Barcelona\" \/>\n<meta property=\"og:description\" content=\"\u00bfTienes dudas? Contacta con la coordinaci\u00f3n del programa a trav\u00e9s de correo electr\u00f3nico o mediante WhatsApp.\" \/>\n<meta property=\"og:url\" content=\"https:\/\/www.ub.edu\/fintech\/contacto\/\" \/>\n<meta property=\"og:site_name\" content=\"M\u00e0ster Fintech - Universidad de Barcelona\" \/>\n<meta property=\"article:modified_time\" content=\"2024-10-01T11:30:23+00:00\" \/>\n<meta name=\"twitter:card\" content=\"summary_large_image\" \/>\n<script type=\"application\/ld+json\" class=\"yoast-schema-graph\">{\"@context\":\"https:\/\/schema.org\",\"@graph\":[{\"@type\":\"WebPage\",\"@id\":\"https:\/\/www.ub.edu\/fintech\/contacto\/\",\"url\":\"https:\/\/www.ub.edu\/fintech\/contacto\/\",\"name\":\"Contacto - M\u00e0ster Fintech - Universidad de Barcelona\",\"isPartOf\":{\"@id\":\"https:\/\/www.ub.edu\/fintech\/#website\"},\"datePublished\":\"2021-09-23T11:49:26+00:00\",\"dateModified\":\"2024-10-01T11:30:23+00:00\",\"description\":\"\u00bfTienes dudas? Contacta con la coordinaci\u00f3n del programa a trav\u00e9s de correo electr\u00f3nico o mediante WhatsApp.\",\"breadcrumb\":{\"@id\":\"https:\/\/www.ub.edu\/fintech\/contacto\/#breadcrumb\"},\"inLanguage\":\"es\",\"potentialAction\":[{\"@type\":\"ReadAction\",\"target\":[\"https:\/\/www.ub.edu\/fintech\/contacto\/\"]}]},{\"@type\":\"BreadcrumbList\",\"@id\":\"https:\/\/www.ub.edu\/fintech\/contacto\/#breadcrumb\",\"itemListElement\":[{\"@type\":\"ListItem\",\"position\":1,\"name\":\"Portada\",\"item\":\"https:\/\/www.ub.edu\/fintech\/\"},{\"@type\":\"ListItem\",\"position\":2,\"name\":\"Contacto\"}]},{\"@type\":\"WebSite\",\"@id\":\"https:\/\/www.ub.edu\/fintech\/#website\",\"url\":\"https:\/\/www.ub.edu\/fintech\/\",\"name\":\"M\u00e0ster Fintech - Universidad de Barcelona\",\"description\":\"El M\u00e0ster de Fintech te convertir\u00e1 en experto en la industria financiera que aplica nuevas tecnolog\u00edas a actividades financieras y de inversi\u00f3n. El postgrado ofrece herramientas para poder expandir los diferentes verticales de las empresas financieras e incluso poder crear la propia Start-Up.\",\"publisher\":{\"@id\":\"https:\/\/www.ub.edu\/fintech\/#organization\"},\"potentialAction\":[{\"@type\":\"SearchAction\",\"target\":{\"@type\":\"EntryPoint\",\"urlTemplate\":\"https:\/\/www.ub.edu\/fintech\/?s={search_term_string}\"},\"query-input\":{\"@type\":\"PropertyValueSpecification\",\"valueRequired\":true,\"valueName\":\"search_term_string\"}}],\"inLanguage\":\"es\"},{\"@type\":\"Organization\",\"@id\":\"https:\/\/www.ub.edu\/fintech\/#organization\",\"name\":\"M\u00e0ster Fintech - Universidad de Barcelona\",\"url\":\"https:\/\/www.ub.edu\/fintech\/\",\"logo\":{\"@type\":\"ImageObject\",\"inLanguage\":\"es\",\"@id\":\"https:\/\/www.ub.edu\/fintech\/#\/schema\/logo\/image\/\",\"url\":\"https:\/\/www.ub.edu\/fintech\/wp-content\/uploads\/2021\/09\/logotipo-universidad-de-barcelona.png\",\"contentUrl\":\"https:\/\/www.ub.edu\/fintech\/wp-content\/uploads\/2021\/09\/logotipo-universidad-de-barcelona.png\",\"width\":582,\"height\":159,\"caption\":\"M\u00e0ster Fintech - Universidad de Barcelona\"},\"image\":{\"@id\":\"https:\/\/www.ub.edu\/fintech\/#\/schema\/logo\/image\/\"}}]}<\/script>\n<!-- \/ Yoast SEO plugin. -->","yoast_head_json":{"title":"Contacto - M\u00e0ster Fintech - Universidad de Barcelona","description":"\u00bfTienes dudas? Contacta con la coordinaci\u00f3n del programa a trav\u00e9s de correo electr\u00f3nico o mediante WhatsApp.","robots":{"index":"index","follow":"follow","max-snippet":"max-snippet:-1","max-image-preview":"max-image-preview:large","max-video-preview":"max-video-preview:-1"},"canonical":"https:\/\/www.ub.edu\/fintech\/contacto\/","og_locale":"es_ES","og_type":"article","og_title":"Contacto - M\u00e0ster Fintech - Universidad de Barcelona","og_description":"\u00bfTienes dudas? Contacta con la coordinaci\u00f3n del programa a trav\u00e9s de correo electr\u00f3nico o mediante WhatsApp.","og_url":"https:\/\/www.ub.edu\/fintech\/contacto\/","og_site_name":"M\u00e0ster Fintech - Universidad de Barcelona","article_modified_time":"2024-10-01T11:30:23+00:00","twitter_card":"summary_large_image","schema":{"@context":"https:\/\/schema.org","@graph":[{"@type":"WebPage","@id":"https:\/\/www.ub.edu\/fintech\/contacto\/","url":"https:\/\/www.ub.edu\/fintech\/contacto\/","name":"Contacto - M\u00e0ster Fintech - Universidad de Barcelona","isPartOf":{"@id":"https:\/\/www.ub.edu\/fintech\/#website"},"datePublished":"2021-09-23T11:49:26+00:00","dateModified":"2024-10-01T11:30:23+00:00","description":"\u00bfTienes dudas? Contacta con la coordinaci\u00f3n del programa a trav\u00e9s de correo electr\u00f3nico o mediante WhatsApp.","breadcrumb":{"@id":"https:\/\/www.ub.edu\/fintech\/contacto\/#breadcrumb"},"inLanguage":"es","potentialAction":[{"@type":"ReadAction","target":["https:\/\/www.ub.edu\/fintech\/contacto\/"]}]},{"@type":"BreadcrumbList","@id":"https:\/\/www.ub.edu\/fintech\/contacto\/#breadcrumb","itemListElement":[{"@type":"ListItem","position":1,"name":"Portada","item":"https:\/\/www.ub.edu\/fintech\/"},{"@type":"ListItem","position":2,"name":"Contacto"}]},{"@type":"WebSite","@id":"https:\/\/www.ub.edu\/fintech\/#website","url":"https:\/\/www.ub.edu\/fintech\/","name":"M\u00e0ster Fintech - Universidad de Barcelona","description":"El M\u00e0ster de Fintech te convertir\u00e1 en experto en la industria financiera que aplica nuevas tecnolog\u00edas a actividades financieras y de inversi\u00f3n. El postgrado ofrece herramientas para poder expandir los diferentes verticales de las empresas financieras e incluso poder crear la propia Start-Up.","publisher":{"@id":"https:\/\/www.ub.edu\/fintech\/#organization"},"potentialAction":[{"@type":"SearchAction","target":{"@type":"EntryPoint","urlTemplate":"https:\/\/www.ub.edu\/fintech\/?s={search_term_string}"},"query-input":{"@type":"PropertyValueSpecification","valueRequired":true,"valueName":"search_term_string"}}],"inLanguage":"es"},{"@type":"Organization","@id":"https:\/\/www.ub.edu\/fintech\/#organization","name":"M\u00e0ster Fintech - Universidad de Barcelona","url":"https:\/\/www.ub.edu\/fintech\/","logo":{"@type":"ImageObject","inLanguage":"es","@id":"https:\/\/www.ub.edu\/fintech\/#\/schema\/logo\/image\/","url":"https:\/\/www.ub.edu\/fintech\/wp-content\/uploads\/2021\/09\/logotipo-universidad-de-barcelona.png","contentUrl":"https:\/\/www.ub.edu\/fintech\/wp-content\/uploads\/2021\/09\/logotipo-universidad-de-barcelona.png","width":582,"height":159,"caption":"M\u00e0ster Fintech - Universidad de Barcelona"},"image":{"@id":"https:\/\/www.ub.edu\/fintech\/#\/schema\/logo\/image\/"}}]}},"_links":{"self":[{"href":"https:\/\/www.ub.edu\/fintech\/wp-json\/wp\/v2\/pages\/126","targetHints":{"allow":["GET"]}}],"collection":[{"href":"https:\/\/www.ub.edu\/fintech\/wp-json\/wp\/v2\/pages"}],"about":[{"href":"https:\/\/www.ub.edu\/fintech\/wp-json\/wp\/v2\/types\/page"}],"author":[{"embeddable":true,"href":"https:\/\/www.ub.edu\/fintech\/wp-json\/wp\/v2\/users\/2"}],"replies":[{"embeddable":true,"href":"https:\/\/www.ub.edu\/fintech\/wp-json\/wp\/v2\/comments?post=126"}],"version-history":[{"count":9,"href":"https:\/\/www.ub.edu\/fintech\/wp-json\/wp\/v2\/pages\/126\/revisions"}],"predecessor-version":[{"id":412,"href":"https:\/\/www.ub.edu\/fintech\/wp-json\/wp\/v2\/pages\/126\/revisions\/412"}],"wp:attachment":[{"href":"https:\/\/www.ub.edu\/fintech\/wp-json\/wp\/v2\/media?parent=126"}],"curies":[{"name":"wp","href":"https:\/\/api.w.org\/{rel}","templated":true}]}}