{"id":542,"date":"2024-01-23T08:29:52","date_gmt":"2024-01-23T08:29:52","guid":{"rendered":"http:\/\/hweb-x-0-fe-03.fe.cpd.local\/fisestub\/?page_id=542"},"modified":"2026-03-07T16:45:18","modified_gmt":"2026-03-07T16:45:18","slug":"team","status":"publish","type":"page","link":"https:\/\/www.ub.edu\/fisestub\/team\/","title":{"rendered":"Team"},"content":{"rendered":"\n<p><strong>R\u00fcdiger K\u00fcrsten<\/strong>&nbsp;<br>Postdoc (Maria Zambrano Fellow)<\/p>\n\n\n\n<p><strong>Adri\u00e0 Garc\u00e9s<\/strong>\u00a0<br>PhD student &#8211; FI SDUR Fellow<\/p>\n\n\n\n<p><strong>Ylann Rouzaire<\/strong>\u00a0<br>PhD student &#8211; FPI Fellow<\/p>\n\n\n\n<p><strong>Juan Pablo Miranda<\/strong>&nbsp;<br>PhD Student co-supervised by Chantal Valeriani (Universidad Complutense de Madrid)<\/p>\n\n\n\n<p><strong>Ot Garc\u00e9s<\/strong><br>PhD Student &#8211; FPU Fellow<\/p>\n\n\n\n<p><strong>Juan Pablo Carrillo<\/strong><br>PhD Student &#8211; FPI Fellow<\/p>\n","protected":false},"excerpt":{"rendered":"<p>R\u00fcdiger K\u00fcrsten&nbsp;Postdoc (Maria Zambrano Fellow) Adri\u00e0 Garc\u00e9s\u00a0PhD student &#8211; FI SDUR Fellow Ylann Rouzaire\u00a0PhD student &#8211; FPI Fellow Juan Pablo Miranda&nbsp;PhD Student co-supervised by Chantal Valeriani (Universidad Complutense de Madrid) Ot Garc\u00e9sPhD Student &#8211; FPU Fellow Juan Pablo CarrilloPhD Student &#8211; FPI Fellow<\/p>\n","protected":false},"author":1,"featured_media":0,"parent":0,"menu_order":0,"comment_status":"closed","ping_status":"closed","template":"","meta":{"ocean_post_layout":"full-width","ocean_both_sidebars_style":"","ocean_both_sidebars_content_width":0,"ocean_both_sidebars_sidebars_width":0,"ocean_sidebar":"","ocean_second_sidebar":"","ocean_disable_margins":"enable","ocean_add_body_class":"","ocean_shortcode_before_top_bar":"","ocean_shortcode_after_top_bar":"","ocean_shortcode_before_header":"","ocean_shortcode_after_header":"","ocean_has_shortcode":"","ocean_shortcode_after_title":"","ocean_shortcode_before_footer_widgets":"","ocean_shortcode_after_footer_widgets":"","ocean_shortcode_before_footer_bottom":"","ocean_shortcode_after_footer_bottom":"","ocean_display_top_bar":"default","ocean_display_header":"default","ocean_header_style":"","ocean_center_header_left_menu":"","ocean_custom_header_template":"","ocean_custom_logo":0,"ocean_custom_retina_logo":0,"ocean_custom_logo_max_width":0,"ocean_custom_logo_tablet_max_width":0,"ocean_custom_logo_mobile_max_width":0,"ocean_custom_logo_max_height":0,"ocean_custom_logo_tablet_max_height":0,"ocean_custom_logo_mobile_max_height":0,"ocean_header_custom_menu":"5","ocean_menu_typo_font_family":"","ocean_menu_typo_font_subset":"","ocean_menu_typo_font_size":0,"ocean_menu_typo_font_size_tablet":0,"ocean_menu_typo_font_size_mobile":0,"ocean_menu_typo_font_size_unit":"px","ocean_menu_typo_font_weight":"","ocean_menu_typo_font_weight_tablet":"","ocean_menu_typo_font_weight_mobile":"","ocean_menu_typo_transform":"","ocean_menu_typo_transform_tablet":"","ocean_menu_typo_transform_mobile":"","ocean_menu_typo_line_height":0,"ocean_menu_typo_line_height_tablet":0,"ocean_menu_typo_line_height_mobile":0,"ocean_menu_typo_line_height_unit":"","ocean_menu_typo_spacing":0,"ocean_menu_typo_spacing_tablet":0,"ocean_menu_typo_spacing_mobile":0,"ocean_menu_typo_spacing_unit":"","ocean_menu_link_color":"","ocean_menu_link_color_hover":"","ocean_menu_link_color_active":"","ocean_menu_link_background":"","ocean_menu_link_hover_background":"","ocean_menu_link_active_background":"","ocean_menu_social_links_bg":"","ocean_menu_social_hover_links_bg":"","ocean_menu_social_links_color":"","ocean_menu_social_hover_links_color":"","ocean_disable_title":"default","ocean_disable_heading":"default","ocean_post_title":"","ocean_post_subheading":"","ocean_post_title_style":"","ocean_post_title_background_color":"","ocean_post_title_background":0,"ocean_post_title_bg_image_position":"","ocean_post_title_bg_image_attachment":"","ocean_post_title_bg_image_repeat":"","ocean_post_title_bg_image_size":"","ocean_post_title_height":0,"ocean_post_title_bg_overlay":0.5,"ocean_post_title_bg_overlay_color":"","ocean_disable_breadcrumbs":"default","ocean_breadcrumbs_color":"","ocean_breadcrumbs_separator_color":"","ocean_breadcrumbs_links_color":"","ocean_breadcrumbs_links_hover_color":"","ocean_display_footer_widgets":"default","ocean_display_footer_bottom":"default","ocean_custom_footer_template":"","footnotes":""},"class_list":["post-542","page","type-page","status-publish","hentry","entry"],"_links":{"self":[{"href":"https:\/\/www.ub.edu\/fisestub\/wp-json\/wp\/v2\/pages\/542","targetHints":{"allow":["GET"]}}],"collection":[{"href":"https:\/\/www.ub.edu\/fisestub\/wp-json\/wp\/v2\/pages"}],"about":[{"href":"https:\/\/www.ub.edu\/fisestub\/wp-json\/wp\/v2\/types\/page"}],"author":[{"embeddable":true,"href":"https:\/\/www.ub.edu\/fisestub\/wp-json\/wp\/v2\/users\/1"}],"replies":[{"embeddable":true,"href":"https:\/\/www.ub.edu\/fisestub\/wp-json\/wp\/v2\/comments?post=542"}],"version-history":[{"count":3,"href":"https:\/\/www.ub.edu\/fisestub\/wp-json\/wp\/v2\/pages\/542\/revisions"}],"predecessor-version":[{"id":944,"href":"https:\/\/www.ub.edu\/fisestub\/wp-json\/wp\/v2\/pages\/542\/revisions\/944"}],"wp:attachment":[{"href":"https:\/\/www.ub.edu\/fisestub\/wp-json\/wp\/v2\/media?parent=542"}],"curies":[{"name":"wp","href":"https:\/\/api.w.org\/{rel}","templated":true}]}}