{"id":550,"date":"2024-01-23T08:34:31","date_gmt":"2024-01-23T08:34:31","guid":{"rendered":"http:\/\/hweb-x-0-fe-03.fe.cpd.local\/fisestub\/?page_id=550"},"modified":"2024-01-23T08:42:52","modified_gmt":"2024-01-23T08:42:52","slug":"collaborators","status":"publish","type":"page","link":"https:\/\/www.ub.edu\/fisestub\/collaborators\/","title":{"rendered":"Collaborators"},"content":{"rendered":"\n<p><strong>Ignacio Pagonabarraga<\/strong>\u00a0(Universitat de Barcelona)<\/p>\n\n\n\n<p><strong>Pietro Tierno<\/strong>\u00a0(Universitat de Barcelona)<\/p>\n\n\n\n<p><strong>Helena Massana-Cid<\/strong>\u00a0(U. La Sapienza, Rome)<\/p>\n\n\n\n<p><strong>Matteo Paoluzzi<\/strong>\u00a0(CNR Rome)<\/p>\n\n\n\n<p><strong>Ra\u00fal Josu\u00e9 Hern\u00e1ndez Hern\u00e1ndez<\/strong>\u00a0(Universitat de Barcelona)<\/p>\n\n\n\n<p><strong>Sara Dal Cengio<\/strong>\u00a0(U. Grenoble)<\/p>\n\n\n\n<p><strong>Albert Diaz-Guilera<\/strong>\u00a0(Universitat de Barcelona)<\/p>\n\n\n\n<p><strong>Michele Starnini\u00a0<\/strong>(Universitat Politecnica de Catalunya)<\/p>\n\n\n\n<p><strong>Joan Codina<\/strong>\u00a0(Chinese Academy of Sciences, Beijing)<\/p>\n\n\n\n<p><strong>Pasquale Digregorio<\/strong>\u00a0(Universitat de Barcelona)<\/p>\n\n\n\n<p><strong>Guiseppe Gonnella<\/strong>\u00a0(Universita di Bari)<\/p>\n\n\n\n<p><strong>Antonio Suma<\/strong>\u00a0(Universita di Bari)<\/p>\n\n\n\n<p><strong>Claudio B. Caporusso<\/strong>\u00a0(Universita di Bari)<\/p>\n\n\n\n<p><strong>Leticia F. Cugliandolo<\/strong>\u00a0(LPTHE, Sorbonne Universit\u00e9, Paris)<\/p>\n\n\n\n<p><strong>Marco Tarzia<\/strong>\u00a0(LPTMC, Sorbonne Universit\u00e9, Paris)<\/p>\n\n\n\n<p><strong>Laura Foini<\/strong>\u00a0(IPhT, CEA Saclay)<\/p>\n\n\n\n<p><strong>Benno Liebchen<\/strong>\u00a0(TU Darmstadt)<\/p>\n\n\n\n<p><strong>Ludovic Berthier<\/strong>\u00a0(CNRS, Universit\u00e9 de Montpellier 2)<\/p>\n\n\n\n<p><strong>C\u00e9cile Cottin-Bizonne<\/strong>\u00a0(ILM, Universit\u00e9 Lyon 1)<\/p>\n\n\n\n<p><strong>Lyd\u00e9ric Bocquet<\/strong>\u00a0(ENS Paris)<\/p>\n\n\n\n<p><strong>Jorge P. Rodriguez<\/strong>\u00a0(IMEDEA-CSIC Mallorca)<\/p>\n\n\n\n<p><strong>Sabine Klapp<\/strong>\u00a0(TU Berlin)<\/p>\n\n\n\n<p><strong>Roland Wiese<\/strong>\u00a0(U. Leipzig)<\/p>\n\n\n\n<p><strong>Klaus Kroy<\/strong>\u00a0(U. Leipzig)<\/p>\n","protected":false},"excerpt":{"rendered":"<p>Ignacio Pagonabarraga\u00a0(Universitat de Barcelona) Pietro Tierno\u00a0(Universitat de Barcelona) Helena Massana-Cid\u00a0(U. La Sapienza, Rome) Matteo Paoluzzi\u00a0(CNR Rome) Ra\u00fal Josu\u00e9 Hern\u00e1ndez Hern\u00e1ndez\u00a0(Universitat de Barcelona) Sara Dal Cengio\u00a0(U. Grenoble) Albert Diaz-Guilera\u00a0(Universitat de Barcelona) Michele Starnini\u00a0(Universitat Politecnica de Catalunya) Joan Codina\u00a0(Chinese Academy of Sciences, Beijing) Pasquale Digregorio\u00a0(Universitat de Barcelona) Guiseppe Gonnella\u00a0(Universita di Bari) Antonio Suma\u00a0(Universita di Bari) Claudio B. [&hellip;]<\/p>\n","protected":false},"author":1,"featured_media":0,"parent":0,"menu_order":0,"comment_status":"closed","ping_status":"closed","template":"","meta":{"ocean_post_layout":"full-width","ocean_both_sidebars_style":"","ocean_both_sidebars_content_width":0,"ocean_both_sidebars_sidebars_width":0,"ocean_sidebar":"","ocean_second_sidebar":"","ocean_disable_margins":"enable","ocean_add_body_class":"","ocean_shortcode_before_top_bar":"","ocean_shortcode_after_top_bar":"","ocean_shortcode_before_header":"","ocean_shortcode_after_header":"","ocean_has_shortcode":"","ocean_shortcode_after_title":"","ocean_shortcode_before_footer_widgets":"","ocean_shortcode_after_footer_widgets":"","ocean_shortcode_before_footer_bottom":"","ocean_shortcode_after_footer_bottom":"","ocean_display_top_bar":"default","ocean_display_header":"default","ocean_header_style":"","ocean_center_header_left_menu":"","ocean_custom_header_template":"","ocean_custom_logo":0,"ocean_custom_retina_logo":0,"ocean_custom_logo_max_width":0,"ocean_custom_logo_tablet_max_width":0,"ocean_custom_logo_mobile_max_width":0,"ocean_custom_logo_max_height":0,"ocean_custom_logo_tablet_max_height":0,"ocean_custom_logo_mobile_max_height":0,"ocean_header_custom_menu":"5","ocean_menu_typo_font_family":"","ocean_menu_typo_font_subset":"","ocean_menu_typo_font_size":0,"ocean_menu_typo_font_size_tablet":0,"ocean_menu_typo_font_size_mobile":0,"ocean_menu_typo_font_size_unit":"px","ocean_menu_typo_font_weight":"","ocean_menu_typo_font_weight_tablet":"","ocean_menu_typo_font_weight_mobile":"","ocean_menu_typo_transform":"","ocean_menu_typo_transform_tablet":"","ocean_menu_typo_transform_mobile":"","ocean_menu_typo_line_height":0,"ocean_menu_typo_line_height_tablet":0,"ocean_menu_typo_line_height_mobile":0,"ocean_menu_typo_line_height_unit":"","ocean_menu_typo_spacing":0,"ocean_menu_typo_spacing_tablet":0,"ocean_menu_typo_spacing_mobile":0,"ocean_menu_typo_spacing_unit":"","ocean_menu_link_color":"","ocean_menu_link_color_hover":"","ocean_menu_link_color_active":"","ocean_menu_link_background":"","ocean_menu_link_hover_background":"","ocean_menu_link_active_background":"","ocean_menu_social_links_bg":"","ocean_menu_social_hover_links_bg":"","ocean_menu_social_links_color":"","ocean_menu_social_hover_links_color":"","ocean_disable_title":"default","ocean_disable_heading":"default","ocean_post_title":"","ocean_post_subheading":"","ocean_post_title_style":"","ocean_post_title_background_color":"","ocean_post_title_background":0,"ocean_post_title_bg_image_position":"","ocean_post_title_bg_image_attachment":"","ocean_post_title_bg_image_repeat":"","ocean_post_title_bg_image_size":"","ocean_post_title_height":0,"ocean_post_title_bg_overlay":0.5,"ocean_post_title_bg_overlay_color":"","ocean_disable_breadcrumbs":"default","ocean_breadcrumbs_color":"","ocean_breadcrumbs_separator_color":"","ocean_breadcrumbs_links_color":"","ocean_breadcrumbs_links_hover_color":"","ocean_display_footer_widgets":"default","ocean_display_footer_bottom":"default","ocean_custom_footer_template":"","footnotes":""},"class_list":["post-550","page","type-page","status-publish","hentry","entry"],"_links":{"self":[{"href":"https:\/\/www.ub.edu\/fisestub\/wp-json\/wp\/v2\/pages\/550","targetHints":{"allow":["GET"]}}],"collection":[{"href":"https:\/\/www.ub.edu\/fisestub\/wp-json\/wp\/v2\/pages"}],"about":[{"href":"https:\/\/www.ub.edu\/fisestub\/wp-json\/wp\/v2\/types\/page"}],"author":[{"embeddable":true,"href":"https:\/\/www.ub.edu\/fisestub\/wp-json\/wp\/v2\/users\/1"}],"replies":[{"embeddable":true,"href":"https:\/\/www.ub.edu\/fisestub\/wp-json\/wp\/v2\/comments?post=550"}],"version-history":[{"count":1,"href":"https:\/\/www.ub.edu\/fisestub\/wp-json\/wp\/v2\/pages\/550\/revisions"}],"predecessor-version":[{"id":551,"href":"https:\/\/www.ub.edu\/fisestub\/wp-json\/wp\/v2\/pages\/550\/revisions\/551"}],"wp:attachment":[{"href":"https:\/\/www.ub.edu\/fisestub\/wp-json\/wp\/v2\/media?parent=550"}],"curies":[{"name":"wp","href":"https:\/\/api.w.org\/{rel}","templated":true}]}}