{"id":278,"date":"2020-05-18T21:48:37","date_gmt":"2020-05-18T19:48:37","guid":{"rendered":"http:\/\/www.ub.edu\/foneria\/?page_id=278"},"modified":"2022-12-22T22:58:13","modified_gmt":"2022-12-22T20:58:13","slug":"webs","status":"publish","type":"page","link":"https:\/\/www.ub.edu\/foneria\/webs\/","title":{"rendered":"Webs i Blogs"},"content":{"rendered":"\n<h2 class=\"wp-block-heading\"><strong>F<\/strong>acultats de Belles Arts i foneria<\/h2>\n\n\n\n<blockquote class=\"wp-block-quote is-style-default is-layout-flow wp-block-quote-is-layout-flow\">\n<p><strong><a href=\"https:\/\/www.ull.es\/apps\/guias\/guias\/view_guide\/25293\/\">Facultad de Bellas Artes de la Universidad de la Laguna<\/a><\/strong><\/p>\n<cite><strong>&#8211; <a href=\"http:\/\/cursodefundicion.blogspot.com\/2008\/03\/libros.html\" target=\"_blank\" rel=\"noreferrer noopener\">Aula de Fundici\u00f3n (Blog)<\/a><\/strong><\/cite><\/blockquote>\n\n\n\n<blockquote class=\"wp-block-quote is-style-default is-layout-flow wp-block-quote-is-layout-flow\">\n<p><strong><a href=\"https:\/\/guiae.uclm.es\/vistaGuia\/386\/55378\">Facultat de Belles Arts de la Universitat Polit\u00e8cnica de Val\u00e8ncia<\/a><\/strong><\/p>\n<\/blockquote>\n\n\n\n<blockquote class=\"wp-block-quote is-style-default is-layout-flow wp-block-quote-is-layout-flow\">\n<p><strong><a href=\"https:\/\/guiae.uclm.es\/vistaGuia\/386\/55378\">Facultad de Bellas Artes de la Universidad de Castilla &#8211; La Mancha<\/a><\/strong><\/p>\n<\/blockquote>\n\n\n\n<blockquote class=\"wp-block-quote is-style-default is-layout-flow wp-block-quote-is-layout-flow\">\n<p><strong><a href=\"https:\/\/bellasartes.us.es\/titulaciones\/master-universitario-en-arte-idea-y-produccion\/plan-de-estudio\/fundicion-artistica\">Facultad de Bellas Artes de la Universidad de Sevilla<\/a><\/strong><\/p>\n<\/blockquote>\n\n\n\n<blockquote class=\"wp-block-quote is-style-default is-layout-flow wp-block-quote-is-layout-flow\">\n<p><a href=\"https:\/\/www.umh.es\/contenido\/Estudios\/:asi_g_2157_N1\/datos_es.html\"><strong>Facultad de Bellas Artes &#8211; Universidad Miguel Hern\u00e1ndez de Elche<\/strong><\/a><\/p>\n<cite><em>&#8211; <a href=\"https:\/\/www.youtube.com\/playlist?list=PLClKgnzRFYe7GfbP1boW3OLrkFgqznooH\" target=\"_blank\" rel=\"noreferrer noopener\">\u00c1rea de escultura &#8211; BBAA &#8211; UMH (V\u00eddeos youtube)<\/a><\/em><\/cite><\/blockquote>\n\n\n\n<blockquote class=\"wp-block-quote is-style-default is-layout-flow wp-block-quote-is-layout-flow\">\n<p><strong>Facultad de Bellas Artes de la Universidad de Granada<\/strong><\/p>\n<\/blockquote>\n\n\n\n<h2 class=\"wp-block-heading\">Formaci\u00f3 i <strong>Cursos<\/strong><\/h2>\n\n\n\n<blockquote class=\"wp-block-quote is-layout-flow wp-block-quote-is-layout-flow\">\n<p><a rel=\"noreferrer noopener\" href=\"https:\/\/cursodibujoyesculturaenbroncepriego.blogspot.com\" target=\"_blank\"><strong>Curso de Dibujo y Escultura &#8211; Priego de Cordoba<\/strong><\/a><\/p>\n<\/blockquote>\n\n\n\n<blockquote class=\"wp-block-quote is-layout-flow wp-block-quote-is-layout-flow\">\n<p><strong><a href=\"https:\/\/ramonrecuero.jimdofree.com\/cursos-gratuitos-on-line\/11-curso-de-fundici\u00f3n\/\">Escuela Internacional de Herreros &#8211; Ram\u00f3n Recuero Iba\u00f1ez<\/a><\/strong><\/p>\n<\/blockquote>\n\n\n\n<blockquote class=\"wp-block-quote is-layout-flow wp-block-quote-is-layout-flow\">\n<p><strong><a href=\"https:\/\/www.llotja.cat\/estudis\/post\/fosa-artistica\/\">Cicle Formatiu de Grau Superior en Fosa Art\u00edstica &#8211; Llotja &#8211; Escola d&#8217;Art i Disseny<\/a><\/strong> (Barcelona)<\/p>\n<\/blockquote>\n\n\n\n<blockquote class=\"wp-block-quote is-layout-flow wp-block-quote-is-layout-flow\">\n<p><strong><a href=\"https:\/\/ealapalma.es\/estudios\/escultura\/fundicion-artistica\/\">Ciclo Formativo de Grado Superior Fundici\u00f3n Art\u00edstica &#8211; Escuela de Arte La Palma<\/a><\/strong> (Madrid)<\/p>\n<\/blockquote>\n\n\n\n<h2 class=\"wp-block-heading\"><strong>Foneries<\/strong><\/h2>\n\n\n\n<p><strong>Catalunya<\/strong><\/p>\n\n\n\n<blockquote class=\"wp-block-quote is-style-default is-layout-flow wp-block-quote-is-layout-flow\">\n<p><a href=\"https:\/\/www.foneriafabce.com\/es\/\"><strong>Foneria FABCE<\/strong><\/a><\/p>\n<\/blockquote>\n\n\n\n<blockquote class=\"wp-block-quote is-style-default is-layout-flow wp-block-quote-is-layout-flow\">\n<p><strong><a href=\"http:\/\/www.voragran.com\">Voragran<\/a><\/strong><\/p>\n<\/blockquote>\n\n\n\n<blockquote class=\"wp-block-quote is-style-default is-layout-flow wp-block-quote-is-layout-flow\">\n<p><strong><a href=\"https:\/\/usuaris.tinet.cat\/ginfer\/index.htm\">Foneria Art\u00edstica Ginfer<\/a><\/strong><\/p>\n<\/blockquote>\n\n\n\n<blockquote class=\"wp-block-quote is-style-default is-layout-flow wp-block-quote-is-layout-flow\">\n<p><strong><a href=\"https:\/\/artvulcano.com\">Art Vulcano Group<\/a><\/strong><\/p>\n<\/blockquote>\n\n\n\n<blockquote class=\"wp-block-quote is-style-default is-layout-flow wp-block-quote-is-layout-flow\">\n<p><strong>Mibrosa (Microfusi\u00f3 i Bronze S.L.)<\/strong><\/p>\n<\/blockquote>\n\n\n\n<p><strong>Madrid<\/strong><\/p>\n\n\n\n<blockquote class=\"wp-block-quote is-style-default is-layout-flow wp-block-quote-is-layout-flow\">\n<p><strong><a href=\"https:\/\/arte6.com\">ARTE6<\/a><\/strong><\/p>\n<\/blockquote>\n\n\n\n<h2 class=\"wp-block-heading\"><strong>Prove\u00efdors de materials i utillatge per a la fosa<\/strong><\/h2>\n\n\n\n<blockquote class=\"wp-block-quote is-style-default is-layout-flow wp-block-quote-is-layout-flow\">\n<p><strong><a href=\"https:\/\/www.waxco.es\">WAXCO<\/a><\/strong><\/p>\n<\/blockquote>\n\n\n\n<blockquote class=\"wp-block-quote is-style-default is-layout-flow wp-block-quote-is-layout-flow\">\n<p><strong><a href=\"https:\/\/bergsl.com\/catalogo-honnen-de-fundicion\/\">BERG<\/a><\/strong><\/p>\n<\/blockquote>\n\n\n\n<blockquote class=\"wp-block-quote is-style-default is-layout-flow wp-block-quote-is-layout-flow\">\n<p><strong><a href=\"http:\/\/www.refractarioscastel.com\">Refractarios Especiales C\u00e1stel S. A.<\/a><\/strong><\/p>\n<\/blockquote>\n\n\n\n<h2 class=\"wp-block-heading\"><strong>Altres<\/strong><\/h2>\n\n\n\n<blockquote class=\"wp-block-quote is-style-default is-layout-flow wp-block-quote-is-layout-flow\">\n<p><a href=\"https:\/\/www.patrickkipper.com\/books.html\"><strong>Patrick Kipper<\/strong><\/a><\/p>\n<\/blockquote>\n","protected":false},"excerpt":{"rendered":"<p>Facultats de Belles Arts i foneria Facultad de Bellas Artes de la Universidad de la Laguna &#8211; Aula de Fundici\u00f3n (Blog) Facultat de Belles Arts de la Universitat Polit\u00e8cnica de Val\u00e8ncia Facultad de Bellas Artes de la Universidad de Castilla &#8211; La Mancha Facultad de Bellas Artes de la Universidad de Sevilla Facultad de Bellas [&hellip;]<\/p>\n","protected":false},"author":1,"featured_media":0,"parent":0,"menu_order":0,"comment_status":"closed","ping_status":"closed","template":"","meta":{"footnotes":""},"class_list":["post-278","page","type-page","status-publish","hentry"],"_links":{"self":[{"href":"https:\/\/www.ub.edu\/foneria\/wp-json\/wp\/v2\/pages\/278","targetHints":{"allow":["GET"]}}],"collection":[{"href":"https:\/\/www.ub.edu\/foneria\/wp-json\/wp\/v2\/pages"}],"about":[{"href":"https:\/\/www.ub.edu\/foneria\/wp-json\/wp\/v2\/types\/page"}],"author":[{"embeddable":true,"href":"https:\/\/www.ub.edu\/foneria\/wp-json\/wp\/v2\/users\/1"}],"replies":[{"embeddable":true,"href":"https:\/\/www.ub.edu\/foneria\/wp-json\/wp\/v2\/comments?post=278"}],"version-history":[{"count":23,"href":"https:\/\/www.ub.edu\/foneria\/wp-json\/wp\/v2\/pages\/278\/revisions"}],"predecessor-version":[{"id":590,"href":"https:\/\/www.ub.edu\/foneria\/wp-json\/wp\/v2\/pages\/278\/revisions\/590"}],"wp:attachment":[{"href":"https:\/\/www.ub.edu\/foneria\/wp-json\/wp\/v2\/media?parent=278"}],"curies":[{"name":"wp","href":"https:\/\/api.w.org\/{rel}","templated":true}]}}