{"id":279,"date":"2020-05-18T21:48:37","date_gmt":"2020-05-18T19:48:37","guid":{"rendered":"http:\/\/www.ub.edu\/foneria\/?page_id=279"},"modified":"2022-12-28T22:03:48","modified_gmt":"2022-12-28T20:03:48","slug":"tesis","status":"publish","type":"page","link":"https:\/\/www.ub.edu\/foneria\/tesis\/","title":{"rendered":"Tesis"},"content":{"rendered":"\n<blockquote class=\"wp-block-quote is-style-default is-layout-flow wp-block-quote-is-layout-flow\">\n<p><strong><a href=\"http:\/\/hdl.handle.net\/10481\/14330\">Nuevos materiales y nuevas t\u00e9cnicas en la fundici\u00f3n escult\u00f3rica: el poliestireno expandido como modelo gasificable<\/a><\/strong><\/p>\n\n\n\n<p>Antonio Sorroche Cruz, 1994<\/p>\n<\/blockquote>\n\n\n\n<blockquote class=\"wp-block-quote is-style-default is-layout-flow wp-block-quote-is-layout-flow\">\n<p><a href=\"http:\/\/hdl.handle.net\/10251\/157239\"><strong>Fundici\u00f3n a la cera perdida: T\u00e9cnica de la Cascarilla Cer\u00e1mica<\/strong><\/a><\/p>\n\n\n\n<p>Mar\u00eda del Carmen Marcos Mart\u00ednez, 2001<\/p>\n<\/blockquote>\n\n\n\n<blockquote class=\"wp-block-quote is-style-default is-layout-flow wp-block-quote-is-layout-flow\">\n<p><strong><a href=\"http:\/\/hdl.handle.net\/10481\/2020\">Dise\u00f1o y normalizaci\u00f3n de p\u00e1tinas en la creaci\u00f3n escult\u00f3rica. Caracterizaci\u00f3n y procesos t\u00e9cnicos<\/a><\/strong><\/p>\n\n\n\n<p>Cristina Moreno Pab\u00f3n, 2008<\/p>\n<\/blockquote>\n\n\n\n<blockquote class=\"wp-block-quote is-style-default is-layout-flow wp-block-quote-is-layout-flow\">\n<p><strong><a href=\"http:\/\/hdl.handle.net\/10366\/83369\" target=\"_blank\" rel=\"noreferrer noopener\">La fundici\u00f3n en bronce a la cera perdida, mejoras en el proceso con picadizo<\/a><\/strong><\/p>\n\n\n\n<p>Jos\u00e9 Ignacio Villar Gonz\u00e1lez, 2010<\/p>\n<\/blockquote>\n\n\n\n<blockquote class=\"wp-block-quote is-style-default is-layout-flow wp-block-quote-is-layout-flow\">\n<p><strong><a href=\"http:\/\/hdl.handle.net\/10481\/21626\">Nuevos modelos gasificables aplicados a la t\u00e9cnica de la cascarilla cer\u00e1mica: Uso de pinturas refractarias<\/a><\/strong><\/p>\n\n\n\n<p>Isabel Mar\u00eda Lozano Rodr\u00edguez, 2012<\/p>\n<\/blockquote>\n\n\n\n<blockquote class=\"wp-block-quote is-style-default is-layout-flow wp-block-quote-is-layout-flow\">\n<p><strong><a href=\"http:\/\/hdl.handle.net\/2445\/35441\">La cascarilla cer\u00e1mica como material escult\u00f3rico<\/a><\/strong><\/p>\n\n\n\n<p>Lucido Petrillo, 2013<\/p>\n<\/blockquote>\n\n\n\n<blockquote class=\"wp-block-quote is-style-default is-layout-flow wp-block-quote-is-layout-flow\">\n<p><a href=\"http:\/\/dspace.umh.es\/handle\/11000\/4693\"><strong>La revoluci\u00f3n de la cascarilla cer\u00e1mica. Estudio de dos casos de aplicaci\u00f3n en la fundici\u00f3n art\u00edstica valenciana actual: La Facultad de Belles Artes de Altea \/ La empresa del artista Jaume Esp\u00ed<\/strong><\/a><\/p>\n\n\n\n<p>David Vila Moscard\u00f3, 2015<\/p>\n<\/blockquote>\n\n\n\n<blockquote class=\"wp-block-quote is-style-default is-layout-flow wp-block-quote-is-layout-flow\">\n<p><a href=\"https:\/\/hdl.handle.net\/11441\/75916\"><strong>El taller de escultura y la fundici\u00f3n. Estudio para la integraci\u00f3n de la fundici\u00f3n en el espacio de trabajo de los artistas contempor\u00e1neos en Espa\u00f1a<\/strong><\/a><\/p>\n\n\n\n<p>Andr\u00e9s Jes\u00fas Naranjo Mac\u00edas, 2017 <\/p>\n<\/blockquote>\n\n\n\n<blockquote class=\"wp-block-quote is-layout-flow wp-block-quote-is-layout-flow\">\n<p><strong><a href=\"https:\/\/portalciencia.ull.es\/documentos\/5e3170352999523690ffe452\">T\u00e9cnica de descere por microondas: identificaci\u00f3n, cuantificaci\u00f3n y valoraci\u00f3n de los susceptores en el estuco de cascarilla cer\u00e1mica en la fundici\u00f3n art\u00edstica<\/a><\/strong><\/p>\n\n\n\n<p>Itahisa P\u00e9rez Conesa, 2017<\/p>\n<\/blockquote>\n\n\n\n<blockquote class=\"wp-block-quote is-style-default is-layout-flow wp-block-quote-is-layout-flow\">\n<p><a href=\"http:\/\/hdl.handle.net\/10481\/63582\"><strong>La fundici\u00f3n de metal en el contexto acad\u00e9mico de la Universidad de Granada<\/strong><\/a><\/p>\n\n\n\n<p>Sara Al Haj, 2020<\/p>\n<\/blockquote>\n\n\n\n<blockquote class=\"wp-block-quote is-style-default is-layout-flow wp-block-quote-is-layout-flow\">\n<p><a href=\"http:\/\/hdl.handle.net\/2445\/187622\"><strong>El color en l&#8217;escultura d&#8217;alumini fos. Processos experimentals de coloraci\u00f3 de l&#8217;alumini i els seus aliatges a partir de l&#8217;anoditzat<\/strong><\/a><\/p>\n\n\n\n<p>Enric Teixid\u00f3 Sim\u00f3, 2022<\/p>\n<\/blockquote>\n\n\n\n<p><\/p>\n\n\n\n<p><\/p>\n\n\n\n<p><\/p>\n","protected":false},"excerpt":{"rendered":"<p>Nuevos materiales y nuevas t\u00e9cnicas en la fundici\u00f3n escult\u00f3rica: el poliestireno expandido como modelo gasificable Antonio Sorroche Cruz, 1994 Fundici\u00f3n a la cera perdida: T\u00e9cnica de la Cascarilla Cer\u00e1mica Mar\u00eda del Carmen Marcos Mart\u00ednez, 2001 Dise\u00f1o y normalizaci\u00f3n de p\u00e1tinas en la creaci\u00f3n escult\u00f3rica. Caracterizaci\u00f3n y procesos t\u00e9cnicos Cristina Moreno Pab\u00f3n, 2008 La fundici\u00f3n en [&hellip;]<\/p>\n","protected":false},"author":1,"featured_media":0,"parent":0,"menu_order":0,"comment_status":"closed","ping_status":"closed","template":"","meta":{"footnotes":""},"class_list":["post-279","page","type-page","status-publish","hentry"],"_links":{"self":[{"href":"https:\/\/www.ub.edu\/foneria\/wp-json\/wp\/v2\/pages\/279","targetHints":{"allow":["GET"]}}],"collection":[{"href":"https:\/\/www.ub.edu\/foneria\/wp-json\/wp\/v2\/pages"}],"about":[{"href":"https:\/\/www.ub.edu\/foneria\/wp-json\/wp\/v2\/types\/page"}],"author":[{"embeddable":true,"href":"https:\/\/www.ub.edu\/foneria\/wp-json\/wp\/v2\/users\/1"}],"replies":[{"embeddable":true,"href":"https:\/\/www.ub.edu\/foneria\/wp-json\/wp\/v2\/comments?post=279"}],"version-history":[{"count":19,"href":"https:\/\/www.ub.edu\/foneria\/wp-json\/wp\/v2\/pages\/279\/revisions"}],"predecessor-version":[{"id":596,"href":"https:\/\/www.ub.edu\/foneria\/wp-json\/wp\/v2\/pages\/279\/revisions\/596"}],"wp:attachment":[{"href":"https:\/\/www.ub.edu\/foneria\/wp-json\/wp\/v2\/media?parent=279"}],"curies":[{"name":"wp","href":"https:\/\/api.w.org\/{rel}","templated":true}]}}