{"id":280,"date":"2020-05-18T21:48:37","date_gmt":"2020-05-18T19:48:37","guid":{"rendered":"http:\/\/www.ub.edu\/foneria\/?page_id=280"},"modified":"2022-07-06T20:34:07","modified_gmt":"2022-07-06T18:34:07","slug":"articles","status":"publish","type":"page","link":"https:\/\/www.ub.edu\/foneria\/articles\/","title":{"rendered":"Articles"},"content":{"rendered":"\n<blockquote class=\"wp-block-quote is-style-default is-layout-flow wp-block-quote-is-layout-flow\"><p><strong><a href=\"https:\/\/idus.us.es\/bitstream\/handle\/11441\/50993\/La%20investigaci\u00f3n%20sobre%20fundici\u00f3n%20art%C3%ADstica%20en%20las%20facultades%20de%20Bellas%20Artes%20espa\u00f1olas.pdf?sequence=1\">La investigaci\u00f3n sobre fundici\u00f3n art\u00edstica en las facultades de bellas artes espa\u00f1olas<\/a><\/strong><\/p><p>Jos\u00e9 Antonio Aguilar Galea, 2002<\/p><\/blockquote>\n\n\n\n<blockquote class=\"wp-block-quote is-style-default is-layout-flow wp-block-quote-is-layout-flow\"><p><a href=\"https:\/\/riull.ull.es\/xmlui\/bitstream\/handle\/915\/14822\/BA_4_%282006%29_02.pdf?sequence=1&amp;isAllowed=y\"><strong>Fundici\u00f3n a la cera perdida: Cellini y la Magnetita<\/strong><\/a><\/p><p>Juan Carlos Albaladejo Gonz\u00e1lez i Iv\u00e1n Rodr\u00edguez Gonz\u00e1lez, 2006<\/p><\/blockquote>\n\n\n\n<blockquote class=\"wp-block-quote is-style-default is-layout-flow wp-block-quote-is-layout-flow\"><p><a href=\"https:\/\/www.tecnicaindustrial.es\/wp-content\/uploads\/Numeros\/66\/62\/a62.pdf\"><strong>Mejora de los m\u00e9todos de trabajo en la fundici\u00f3n escult\u00f3rica con modelos de poliestireno expandido<\/strong><\/a><\/p><p>Antonio Sorroche Cruz, Isabel Lozano Rodr\u00edguez, Jorge A. Dur\u00e1n Su\u00e1rez, Rafael Peralbo Cano i Carmen Bellido M\u00e1rquez, 2009<\/p><\/blockquote>\n\n\n\n<blockquote class=\"wp-block-quote is-style-default is-layout-flow wp-block-quote-is-layout-flow\"><p><strong><a href=\"http:\/\/www.metalspain.com\/FUNDIDORES-Junio2016.pdf\"><strong>Fundici\u00f3n art\u00edstica<\/strong>:&nbsp;Descere por microondas<\/a><\/strong><\/p><p>Juan Carlos Albaladejo Gonz\u00e1lez, Soledad del Pino de Le\u00f3n i Itahisa P\u00e9rez Conesa, 2016<\/p><\/blockquote>\n\n\n\n<blockquote class=\"wp-block-quote is-style-default is-layout-flow wp-block-quote-is-layout-flow\"><p><a href=\"https:\/\/www.tecnicaindustrial.es\/wp-content\/uploads\/Numeros\/116\/7562\/a7562.pdf\"><strong>Comportamiento de ceras utilizadas en la microfusi\u00f3n, tras su calentamiento por microondas: t\u00e9cnica de la cascarilla cer\u00e1mica<\/strong><\/a><\/p><p>Francisco Moreno Candel, F\u00e1tima Felisa Acosta Hern\u00e1ndez i Itahisa P\u00e9rez Conesa, 2020<\/p><\/blockquote>\n\n\n\n<blockquote class=\"wp-block-quote is-style-default is-layout-flow wp-block-quote-is-layout-flow\"><p><strong><a href=\"https:\/\/dialnet.unirioja.es\/servlet\/articulo?codigo=8007577\">La evoluci\u00f3n de los moldes de revestimiento cer\u00e1mico para la fundici\u00f3n a la cera perdida: desde la edad primitiva hasta la actualidad<\/a><\/strong><\/p><p>Itahisa P\u00e9rez Conesa, David&nbsp;Vila Moscardo i Soledad del Pino de Le\u00f3n, 2021<\/p><\/blockquote>\n\n\n\n<blockquote class=\"wp-block-quote is-style-default is-layout-flow wp-block-quote-is-layout-flow\"><p><strong><a href=\"https:\/\/scholar.google.com\/citations?view_op=view_citation&amp;hl=es&amp;user=ThPHZE0AAAAJ&amp;alert_preview_top_rm=2&amp;citation_for_view=ThPHZE0AAAAJ:ufrVoPGSRksC\">Estudio de producci\u00f3n de piezas de microfundici\u00f3n para joyer\u00eda utilizando energ\u00eda microondas = Production study of jewelry microcasting pieces using microwave energy<\/a><\/strong><\/p><p>Francisco Moreno Candel, Itahisa P\u00e9rez Conesa, Fatima Felisa Acosta Hern\u00e1ndez i Jose Antonio Aguilar Galea, 2021<\/p><\/blockquote>\n\n\n\n<blockquote class=\"wp-block-quote is-style-default is-layout-flow wp-block-quote-is-layout-flow\"><p><strong><a href=\"https:\/\/www.ull.es\/revistas\/index.php\/artes\/article\/view\/4209\">Procesado T\u00e9rmico de Moldes Confeccionados con Revestimiento de Joyer\u00eda Mediante Microondas por Calentamiento H\u00edbrido<\/a><\/strong><\/p><p>Francisco Moreno Candel, Itahisa P\u00e9rez Conesa, Fatima Felisa Acosta Hern\u00e1ndez i Jose Antonio Aguilar Galea, 2022<\/p><\/blockquote>\n\n\n\n<h2 class=\"wp-block-heading\"><strong>P\u00e0tines<\/strong><\/h2>\n\n\n\n<blockquote class=\"wp-block-quote is-style-default is-layout-flow wp-block-quote-is-layout-flow\"><p><strong><a href=\"https:\/\/dialnet.unirioja.es\/servlet\/articulo?codigo=2160092\">Un fen\u00f3meno corrosivo deseable: la atractiva p\u00e1tina verde de los edificios n\u00f3rdicos y centroeuropeos<\/a><\/strong><\/p><p>Enrique Julve, 2006<\/p><\/blockquote>\n\n\n\n<blockquote class=\"wp-block-quote is-style-default is-layout-flow wp-block-quote-is-layout-flow\"><p><strong><a href=\"https:\/\/halshs.archives-ouvertes.fr\/halshs-01537705\/document\">The Colour Palette of Antique Bronzes: An Experimental Archaeology Project<\/a><\/strong><\/p><p>Jonathan Devogelaere, 2017<\/p><\/blockquote>\n\n\n\n<p><\/p>\n\n\n\n<h2 class=\"wp-block-heading\"><strong>La foneria i la tecnologia <\/strong>digital<\/h2>\n\n\n\n<blockquote class=\"wp-block-quote is-style-default is-layout-flow wp-block-quote-is-layout-flow\"><p><strong><a href=\"https:\/\/doi.org\/10.1016\/j.jmapro.2017.07.017\">3D printing for rapid sand casting\u2014A review<\/a><\/strong><\/p><p>Meet Upadhyay, Tharmalingam Sivarupana i Mohamed El Mansori, 2017<\/p><\/blockquote>\n\n\n\n<blockquote class=\"wp-block-quote is-style-default is-layout-flow wp-block-quote-is-layout-flow\"><p><a href=\"https:\/\/doi.org\/10.5209\/aris.60906\"><strong>Fundici\u00f3n art\u00edstica de objetos complejos impresos en 3D con PLA&nbsp;(\u00e1cido polil\u00e1ctico) como alternativa al modelo de cera<\/strong><\/a><\/p><p>Manuel Drago D\u00edaz-Alem\u00e1n, Cecile Meier, Itahisa P\u00e9rez Conesa i J. Luis Saor\u00edn, 2019<\/p><\/blockquote>\n\n\n\n<blockquote class=\"wp-block-quote is-style-default is-layout-flow wp-block-quote-is-layout-flow\"><p><strong><a href=\"https:\/\/rua.ua.es\/dspace\/bitstream\/10045\/110131\/1\/Redes-Investigacion-Innovacion-Docencia-Universitaria-2020-79.pdf\">Implementaci\u00f3n del proyecto de innovaci\u00f3n docente: \u201cLost PLA Castings; Las tecnolog\u00edas 3D en los procesos de Fundici\u00f3n Art\u00edstica con cascarilla cer\u00e1mica\u201d<\/a><\/strong><\/p><p>Itahisa P\u00e9rez Conesa, Manuel Drago D\u00edaz-Alem\u00e1n i Cecile Meier, 2020<\/p><\/blockquote>\n\n\n\n<blockquote class=\"wp-block-quote is-style-default is-layout-flow wp-block-quote-is-layout-flow\"><p><strong><a href=\"https:\/\/raco.cat\/index.php\/Artnodes\/article\/view\/n28-drago\/479855\">Tecnolog\u00edas de fabricaci\u00f3n digital de bajo coste aplicadas a la construcci\u00f3n de esculturas de gran formato<\/a><\/strong><\/p><p>Manuel Drago D\u00edaz-Alem\u00e1n, Cecile Meier, Itahisa P\u00e9rez Conesa i Esteban Amador Garc\u00eda, 2021<\/p><\/blockquote>\n\n\n\n<p><\/p>\n","protected":false},"excerpt":{"rendered":"<p>La investigaci\u00f3n sobre fundici\u00f3n art\u00edstica en las facultades de bellas artes espa\u00f1olas Jos\u00e9 Antonio Aguilar Galea, 2002 Fundici\u00f3n a la cera perdida: Cellini y la Magnetita Juan Carlos Albaladejo Gonz\u00e1lez i Iv\u00e1n Rodr\u00edguez Gonz\u00e1lez, 2006 Mejora de los m\u00e9todos de trabajo en la fundici\u00f3n escult\u00f3rica con modelos de poliestireno expandido Antonio Sorroche Cruz, Isabel Lozano [&hellip;]<\/p>\n","protected":false},"author":1,"featured_media":0,"parent":0,"menu_order":0,"comment_status":"closed","ping_status":"closed","template":"","meta":{"footnotes":""},"class_list":["post-280","page","type-page","status-publish","hentry"],"_links":{"self":[{"href":"https:\/\/www.ub.edu\/foneria\/wp-json\/wp\/v2\/pages\/280","targetHints":{"allow":["GET"]}}],"collection":[{"href":"https:\/\/www.ub.edu\/foneria\/wp-json\/wp\/v2\/pages"}],"about":[{"href":"https:\/\/www.ub.edu\/foneria\/wp-json\/wp\/v2\/types\/page"}],"author":[{"embeddable":true,"href":"https:\/\/www.ub.edu\/foneria\/wp-json\/wp\/v2\/users\/1"}],"replies":[{"embeddable":true,"href":"https:\/\/www.ub.edu\/foneria\/wp-json\/wp\/v2\/comments?post=280"}],"version-history":[{"count":29,"href":"https:\/\/www.ub.edu\/foneria\/wp-json\/wp\/v2\/pages\/280\/revisions"}],"predecessor-version":[{"id":557,"href":"https:\/\/www.ub.edu\/foneria\/wp-json\/wp\/v2\/pages\/280\/revisions\/557"}],"wp:attachment":[{"href":"https:\/\/www.ub.edu\/foneria\/wp-json\/wp\/v2\/media?parent=280"}],"curies":[{"name":"wp","href":"https:\/\/api.w.org\/{rel}","templated":true}]}}