{"id":283,"date":"2020-05-18T21:48:37","date_gmt":"2020-05-18T19:48:37","guid":{"rendered":"http:\/\/www.ub.edu\/foneria\/?page_id=283"},"modified":"2022-12-28T22:32:38","modified_gmt":"2022-12-28T20:32:38","slug":"llibres","status":"publish","type":"page","link":"https:\/\/www.ub.edu\/foneria\/llibres\/","title":{"rendered":"Llibres \/ Publicacions"},"content":{"rendered":"\n<h2 class=\"wp-block-heading\"><strong>Procediments Normalitzats de Treball (PNT) \/ Seguretat<\/strong><\/h2>\n\n\n\n<blockquote class=\"wp-block-quote is-style-default is-layout-flow wp-block-quote-is-layout-flow\">\n<p><a href=\"https:\/\/books.google.es\/books?id=FZ4z0pKWT2oC&amp;pg=PA242&amp;lpg=PA242&amp;dq=Foneria+Facultat+de+Belles+arts+de+la+ub&amp;source=bl&amp;ots=Qn1s_MnX58&amp;sig=ACfU3U1RT64rulIqUsU1IFhCwLJjYNucbA&amp;hl=es&amp;sa=X&amp;ved=2ahUKEwjN3-ioxu3nAhXXA2MBHRMcA7IQ6AEwD3oECBUQAQ#v=onepage&amp;q=Foneria%20Facultat%20de%20Belles%20arts%20de%20la%20ub&amp;f=false\"><strong>Procediments normalitzats de treball en la gesti\u00f3 integrada de la qualitat, el medi ambient i la seguretat en la doc\u00e8ncia experimental de les facultats de belles arts<\/strong><\/a><\/p>\n\n\n\n<p>Joan Valle Mart\u00ed (Coord.), 2011<\/p>\n<\/blockquote>\n\n\n\n<blockquote class=\"wp-block-quote is-style-default is-layout-flow wp-block-quote-is-layout-flow\">\n<p><a href=\"https:\/\/www.ifram.com\/images\/polinnov\/gp-patine.pdf\"><strong>La patine des m\u00e9taux: Quels sont les produits utilis\u00e9s? Quels sont les risques et les contraintes? Comment se prot\u00e9ger?<\/strong><\/a><\/p>\n\n\n\n<p>Institut de Formation et de Recherche pour les Artisanats des M\u00e9taux (IFRAM)<\/p>\n<\/blockquote>\n\n\n\n<blockquote class=\"wp-block-quote is-style-default is-layout-flow wp-block-quote-is-layout-flow\">\n<p><strong><a href=\"https:\/\/www.sprl.upv.es\/msbellasartes1.htm\">Bellas Artes (I) Manual de Seguridad para operaciones relacionadas con Bellas Artes<\/a><\/strong><\/p>\n\n\n\n<p>Universitat Polit\u00e8cnica de Val\u00e8ncia (UPV)<\/p>\n<\/blockquote>\n\n\n\n<blockquote class=\"wp-block-quote is-style-default is-layout-flow wp-block-quote-is-layout-flow\">\n<p><strong><a href=\"https:\/\/www.sprl.upv.es\/pdf\/100713%20FUNDICION%20INSTRUCCION%20RIESGOS%20HIGI\u00c9NICOS.pdf\">Bellas artes (III): Entornos de trabajo universitario: riesgos higi\u00e9nicos generales en procesos de fundici\u00f3n en bellas artes, y medidas preventivas aplicables<\/a><\/strong><\/p>\n\n\n\n<p>Universitat Polit\u00e8cnica de Val\u00e8ncia (UPV)<\/p>\n<\/blockquote>\n\n\n\n<blockquote class=\"wp-block-quote is-style-default is-layout-flow wp-block-quote-is-layout-flow\">\n<p><strong><a href=\"https:\/\/www.sprl.upv.es\/D7_19_b.htm\">Bellas Artes (IV): Entornos de trabajo universitario: riesgos higi\u00e9nicos b\u00e1sicos asociados a algunas sustancias qu\u00edmicas empleadas para la aplicaci\u00f3n de p\u00e1tinas sobre metales<\/a><\/strong><\/p>\n\n\n\n<p>Universitat Polit\u00e8cnica de Val\u00e8ncia (UPV)<\/p>\n<\/blockquote>\n\n\n\n<h2 class=\"wp-block-heading\">Closca Cer\u00e0mica<\/h2>\n\n\n\n<blockquote class=\"wp-block-quote is-style-default is-layout-flow wp-block-quote-is-layout-flow\">\n<p><strong><a href=\"https:\/\/cercabib.ub.edu\/discovery\/fulldisplay?docid=alma991009326069706708&amp;context=L&amp;vid=34CSUC_UB:VU1&amp;lang=es&amp;search_scope=MyInst_and_CI&amp;adaptor=Local%20Search%20Engine&amp;tab=Everything&amp;query=any,contains,Juan%20Carlos%20albaladejo&amp;offset=0\">Fundici\u00f3n a la cera perdida: T\u00e9cnica del Crisol Fusible<\/a><\/strong><\/p>\n\n\n\n<p><span style=\"color: inherit;\">Juan Carlos Albaladejo, <\/span>2003<\/p>\n<\/blockquote>\n\n\n\n<h2 class=\"wp-block-heading\"><strong>Fosa<\/strong><\/h2>\n\n\n\n<blockquote class=\"wp-block-quote is-style-default is-layout-flow wp-block-quote-is-layout-flow\">\n<p><strong><a href=\"https:\/\/cercabib.ub.edu\/discovery\/fulldisplay?docid=alma991005447299706708&amp;context=L&amp;vid=34CSUC_UB:VU1&amp;lang=es&amp;search_scope=MyInst_and_CI&amp;adaptor=Local%20Search%20Engine&amp;tab=Everything&amp;query=any,contains,Capello&amp;mode=basic\">Tecnolog\u00eda de la Fundici\u00f3n<\/a><\/strong><\/p>\n\n\n\n<p><span style=\"color: inherit;\">Edoardo Capello, 1974<\/span><\/p>\n<\/blockquote>\n\n\n\n<blockquote class=\"wp-block-quote is-style-default is-layout-flow wp-block-quote-is-layout-flow\">\n<p><strong><a href=\"https:\/\/www.academia.edu\/8794199\/Castings_John_Campbell_2003\">Castings. The new metallurgy of cast metals<\/a><\/strong><\/p>\n\n\n\n<p>John Campbell, 2003<\/p>\n<\/blockquote>\n\n\n\n<blockquote class=\"wp-block-quote is-style-default is-layout-flow wp-block-quote-is-layout-flow\">\n<p><strong><a href=\"https:\/\/cercabib.ub.edu\/discovery\/fulldisplay?docid=cdi_elsevier_sciencedirect_doi_10_1016_j_matdes_2005_02_017&amp;context=PC&amp;vid=34CSUC_UB:VU1&amp;lang=ca&amp;search_scope=MyInst_and_CI&amp;adaptor=Primo%20Central&amp;tab=Everything&amp;query=any,contains,CASTINGS%20PRACTICE:%20THE%2010%20RULES%20OF%20CASTINGS&amp;mode=basic\">Castings Practice: The 10 Rules of Casting<\/a><\/strong><\/p>\n\n\n\n<p>John Campbell, 2004<\/p>\n<\/blockquote>\n\n\n\n<blockquote class=\"wp-block-quote is-style-default is-layout-flow wp-block-quote-is-layout-flow\">\n<p><strong><a href=\"https:\/\/cercabib.ub.edu\/discovery\/fulldisplay?docid=cdi_proquest_miscellaneous_2131724409&amp;context=PC&amp;vid=34CSUC_UB:VU1&amp;lang=ca&amp;search_scope=MyInst_and_CI&amp;adaptor=Primo%20Central&amp;tab=Everything&amp;query=any,contains,CASTINGS%20PRACTICE:%20THE%2010%20RULES%20OF%20CASTINGS&amp;mode=basic\">Complete Casting&nbsp;Handbook: Metal Casting&nbsp;Processes, Techniques and Design<\/a><\/strong><\/p>\n\n\n\n<p>John Campbell, 2011<\/p>\n<\/blockquote>\n\n\n\n<blockquote class=\"wp-block-quote is-style-default is-layout-flow wp-block-quote-is-layout-flow\">\n<p><a href=\"https:\/\/books.google.es\/books?id=CW_RWZohsiAC&amp;pg=PA90&amp;dq=De+la+cire+au+bronze&amp;hl=es&amp;sa=X&amp;ved=0ahUKEwignq73pavpAhVID2MBHWgSCHcQ6AEIKDAA#v=onepage&amp;q&amp;f=false\"><strong>De la Cire au Bronze<\/strong><\/a><\/p>\n\n\n\n<p>Olivier O. Duhamel, 2011<\/p>\n<\/blockquote>\n\n\n\n<blockquote class=\"wp-block-quote is-style-default is-layout-flow wp-block-quote-is-layout-flow\">\n<p><strong><a href=\"https:\/\/cercabib.ub.edu\/discovery\/fulldisplay?docid=alma991007728779706708&amp;context=L&amp;vid=34CSUC_UB:VU1&amp;lang=es&amp;search_scope=MyInst_and_CI&amp;adaptor=Local%20Search%20Engine&amp;tab=Everything&amp;query=any,contains,Casting&amp;offset=30\">Casting aluminum alloys<\/a><\/strong><\/p>\n\n\n\n<p>Vadim Semenovich Zolotorevski\u012d, N. A.&nbsp;Belov i  Michael V. Glazoff, 2007<\/p>\n<\/blockquote>\n\n\n\n<h2 class=\"wp-block-heading\"><strong>P\u00e0tines<\/strong><\/h2>\n\n\n\n<blockquote class=\"wp-block-quote is-style-default is-layout-flow wp-block-quote-is-layout-flow\">\n<p><a href=\"https:\/\/archive.org\/details\/metalcolouringa00hiorgoog\"><strong>Metal-colouring and Bronzing<\/strong><\/a><\/p>\n\n\n\n<p>Arthur Horseman Hiorns, 1907<\/p>\n<\/blockquote>\n\n\n\n<blockquote class=\"wp-block-quote is-style-default is-layout-flow wp-block-quote-is-layout-flow\">\n<p><a href=\"https:\/\/archive.org\/details\/metalcoloringfin00kauprich\/page\/n3\/mode\/2up\"><strong>Metal coloring and finishing<\/strong><\/a><\/p>\n\n\n\n<p>William J. Kaup, Edmund F. Lake, William A. Painter and Chester L. Lucas, 1914<\/p>\n<\/blockquote>\n\n\n\n<blockquote class=\"wp-block-quote is-style-default is-layout-flow wp-block-quote-is-layout-flow\">\n<p><a href=\"http:\/\/www.picolyte.be\/cuivre\/patines\"><strong>Les Patines Du Cuivre et de ses Alliages<\/strong><\/a><\/p>\n\n\n\n<p>A. Chaplet, 1936<\/p>\n<\/blockquote>\n\n\n\n<blockquote class=\"wp-block-quote is-style-default is-layout-flow wp-block-quote-is-layout-flow\">\n<p><a href=\"https:\/\/cercabib.ub.edu\/discovery\/fulldisplay?docid=alma991009807259706708&amp;context=L&amp;vid=34CSUC_UB:VU1&amp;lang=ca&amp;search_scope=MyInst_and_CI&amp;adaptor=Local%20Search%20Engine&amp;tab=Everything&amp;query=any,contains,The%20Colouring%20Bronzing%20and%20Patination%20of%20Metals%20&amp;mode=basic\"><strong>The Colouring, Bronzing and Patination of Metals<\/strong><\/a><\/p>\n\n\n\n<p>Richard Hughes and Michael Rowe, 1991<\/p>\n<\/blockquote>\n\n\n\n<blockquote class=\"wp-block-quote is-style-default is-layout-flow wp-block-quote-is-layout-flow\">\n<p><a href=\"https:\/\/books.google.es\/books?id=XgshBQAAQBAJ&amp;printsec=frontcover&amp;hl=es&amp;source=gbs_ge_summary_r&amp;cad=0#v=onepage&amp;q&amp;f=false\"><strong>Metal Plating and Patination: Cultural,Technical and Historical Developments<\/strong><\/a><\/p>\n\n\n\n<p>Susan La Niece and Paul Craddock (Ed.), 1993<\/p>\n<\/blockquote>\n\n\n\n<blockquote class=\"wp-block-quote is-style-default is-layout-flow wp-block-quote-is-layout-flow\">\n<p><a href=\"https:\/\/cercabib.ub.edu\/discovery\/fulldisplay?docid=alma991005772639706708&amp;context=L&amp;vid=34CSUC_UB:VU1&amp;lang=ca&amp;search_scope=MyInstitution&amp;adaptor=Local%20Search%20Engine&amp;tab=LibraryCatalog&amp;query=any,contains,GIGA%20363460&amp;offset=0\"><strong>Patinas for silicon bronze<\/strong><\/a><\/p>\n\n\n\n<p>Patrick Kipper, 1995<\/p>\n<\/blockquote>\n\n\n\n<blockquote class=\"wp-block-quote is-style-default is-layout-flow wp-block-quote-is-layout-flow\">\n<p><strong><a href=\"https:\/\/www.getty.edu\/conservation\/publications_resources\/books\/copper_bronze_in_art.html\">Copper and Bronze in Art: Corrosion, Colorants, Conservation<\/a><\/strong><\/p>\n\n\n\n<p>David A. Scott, 2002<\/p>\n<\/blockquote>\n\n\n\n<blockquote class=\"wp-block-quote is-style-default is-layout-flow wp-block-quote-is-layout-flow\">\n<p><a href=\"https:\/\/www.amazon.es\/Japanese-Patinas-Eitoku-Sugimori\/dp\/1929565119\"><strong>Japanese Patinas<\/strong><\/a><\/p>\n\n\n\n<p>Eitoku Sugimori, 2004<\/p>\n<\/blockquote>\n\n\n\n<blockquote class=\"wp-block-quote is-style-default is-layout-flow wp-block-quote-is-layout-flow\">\n<p><strong><a href=\"https:\/\/www.lerma1896.it\/preview\/colore-e-luce-nella-statuaria-antica-in-bronzo.pdf\">Colore e luce nella statuaria antica in bronzo<\/a><\/strong><\/p>\n\n\n\n<p>Edilberto Formigli, 2013<\/p>\n<\/blockquote>\n\n\n\n<blockquote class=\"wp-block-quote is-style-default is-layout-flow wp-block-quote-is-layout-flow\">\n<p><a href=\"https:\/\/www.amazon.es\/Metal-Patination-Techniques-Jewelers-Metalsmiths\/dp\/0500517398\/ref=pd_bxgy_img_sccl_1\/257-1409525-3061605?pd_rd_w=3u6D0&amp;pf_rd_p=6003b884-667d-4d91-a6f1-ce2e55c4ddc2&amp;pf_rd_r=MCK3MGQKP13M4E0DGST1&amp;pd_rd_r=91e7b734-969b-45a8-a7c0-d2153580ba7d&amp;pd_rd_wg=M9QnG&amp;pd_rd_i=0500517398&amp;psc=1\"><strong>Metal Patination Techniques for Jewelers and Metalsmiths<\/strong><\/a><\/p>\n\n\n\n<p>Matthew Runfola, 2014<\/p>\n<\/blockquote>\n\n\n\n<blockquote class=\"wp-block-quote is-style-default is-layout-flow wp-block-quote-is-layout-flow\">\n<p><a href=\"https:\/\/www.amazon.es\/P\u00e1tinas-Trescientos-Efectos-Coloraci\u00f3n-Orfebres\/dp\/8415967225\"><strong>P\u00e1tinas. M\u00e1s de Trescientos Efectos de Coloraci\u00f3n para Joyeros y Orfebres<\/strong><\/a><\/p>\n\n\n\n<p>Matthew Runfola, 2015<\/p>\n<\/blockquote>\n\n\n\n<blockquote class=\"wp-block-quote is-style-default is-layout-flow wp-block-quote-is-layout-flow\">\n<p><a href=\"https:\/\/halshs.archives-ouvertes.fr\/halshs-01537705\/document\"><strong>The Colour Palette of Antique Bronzes: An Experimental Archaeology Project<\/strong><\/a><\/p>\n\n\n\n<p>Jonathan Devogelaere, 2017<\/p>\n<\/blockquote>\n\n\n\n<h2 class=\"wp-block-heading\"><strong>Metalls en general<\/strong><\/h2>\n\n\n\n<blockquote class=\"wp-block-quote is-style-default is-layout-flow wp-block-quote-is-layout-flow\">\n<p><strong><a href=\"https:\/\/dl.asminternational.org\/handbooks\/pages\/Handbooks_by_Volume\">ASM Handbooks<\/a><\/strong><\/p>\n<\/blockquote>\n\n\n\n<p><\/p>\n\n\n\n<h2 class=\"wp-block-heading\"><strong>Innovaci\u00f3n docent<\/strong><\/h2>\n\n\n\n<blockquote class=\"wp-block-quote is-style-default is-layout-flow wp-block-quote-is-layout-flow\">\n<p><a href=\"https:\/\/books.google.es\/books?id=_We_BAAAQBAJ&amp;pg=PA16&amp;lpg=PA16&amp;dq=intervencions+escult%C3%B2riques.+Experiencies+docents&amp;source=bl&amp;ots=SSdNbkPwIk&amp;sig=ACfU3U21hpN6wYxGFO7EEz68H8TJBA0Jkw&amp;hl=es&amp;sa=X&amp;ved=2ahUKEwj4scTspfTnAhXCD2MBHUSyDrsQ6AEwB3oECAsQAQ#v=onepage&amp;q=intervencions%20escult%C3%B2riques.%20Experiencies%20docents&amp;f=false\"><strong>Intervencions escult\u00f2riques: Experi\u00e8ncies i propostes docents<\/strong><\/a><\/p>\n\n\n\n<p>Pep Mata i Joan Valle (Eds.), 2010<\/p>\n<\/blockquote>\n\n\n\n<blockquote class=\"wp-block-quote is-layout-flow wp-block-quote-is-layout-flow\">\n<p><a href=\"https:\/\/innovacionumh.es\/editorial\/Fundicion.pdf\"><strong>Fundici\u00f3n a la cera perdida con molde de cascarilla cer\u00e1mica. Publicaci\u00f3n docente<\/strong><\/a><\/p>\n\n\n\n<p>M\u00aa Jos\u00e9 Zan\u00f3n Cuenca, David Vila Mosrcard\u00f3, Juan Fco. Mart\u00ednez G\u00f3mez de Albacete i Imma Mengual P\u00e9rez, 2019<\/p>\n<\/blockquote>\n\n\n\n<blockquote class=\"wp-block-quote is-layout-flow wp-block-quote-is-layout-flow\">\n<p><strong><a href=\"http:\/\/hdl.handle.net\/10045\/110131\">Implementaci\u00f3n del proyecto de innovaci\u00f3n docente: \u201cLost PLA Castings; Las tecnolog\u00edas 3D en los procesos de Fundici\u00f3n Art\u00edstica con cascarilla cer\u00e1mica\u201d<\/a><\/strong><\/p>\n\n\n\n<p>Ithaisa P\u00e9rez Conesa, Drago D\u00edaz Alem\u00e1n, Cecile Meier, Cecile, 2020<\/p>\n<\/blockquote>\n","protected":false},"excerpt":{"rendered":"<p>Procediments Normalitzats de Treball (PNT) \/ Seguretat Procediments normalitzats de treball en la gesti\u00f3 integrada de la qualitat, el medi ambient i la seguretat en la doc\u00e8ncia experimental de les facultats de belles arts Joan Valle Mart\u00ed (Coord.), 2011 La patine des m\u00e9taux: Quels sont les produits utilis\u00e9s? Quels sont les risques et les contraintes? [&hellip;]<\/p>\n","protected":false},"author":1,"featured_media":0,"parent":0,"menu_order":0,"comment_status":"closed","ping_status":"closed","template":"","meta":{"footnotes":""},"class_list":["post-283","page","type-page","status-publish","hentry"],"_links":{"self":[{"href":"https:\/\/www.ub.edu\/foneria\/wp-json\/wp\/v2\/pages\/283","targetHints":{"allow":["GET"]}}],"collection":[{"href":"https:\/\/www.ub.edu\/foneria\/wp-json\/wp\/v2\/pages"}],"about":[{"href":"https:\/\/www.ub.edu\/foneria\/wp-json\/wp\/v2\/types\/page"}],"author":[{"embeddable":true,"href":"https:\/\/www.ub.edu\/foneria\/wp-json\/wp\/v2\/users\/1"}],"replies":[{"embeddable":true,"href":"https:\/\/www.ub.edu\/foneria\/wp-json\/wp\/v2\/comments?post=283"}],"version-history":[{"count":33,"href":"https:\/\/www.ub.edu\/foneria\/wp-json\/wp\/v2\/pages\/283\/revisions"}],"predecessor-version":[{"id":603,"href":"https:\/\/www.ub.edu\/foneria\/wp-json\/wp\/v2\/pages\/283\/revisions\/603"}],"wp:attachment":[{"href":"https:\/\/www.ub.edu\/foneria\/wp-json\/wp\/v2\/media?parent=283"}],"curies":[{"name":"wp","href":"https:\/\/api.w.org\/{rel}","templated":true}]}}