{"id":320,"date":"2020-06-13T11:46:48","date_gmt":"2020-06-13T09:46:48","guid":{"rendered":"http:\/\/www.ub.edu\/foneria\/?page_id=320"},"modified":"2022-11-24T12:03:52","modified_gmt":"2022-11-24T10:03:52","slug":"altres","status":"publish","type":"page","link":"https:\/\/www.ub.edu\/foneria\/altres\/","title":{"rendered":"Altres"},"content":{"rendered":"\n<blockquote class=\"wp-block-quote is-style-default is-layout-flow wp-block-quote-is-layout-flow\">\n<p>&#8211; <a href=\"https:\/\/www.ccma.cat\/tv3\/alacarta\/ja-tho-faras\/joieria-amb-cera-perduda\/video\/5762685\/\"><strong>Foneria <em>Mibrosa<\/em> al <em>Ja t&#8217;ho far\u00e0s<\/em> (TV3)<\/strong><\/a><\/p>\n<\/blockquote>\n\n\n\n<blockquote class=\"wp-block-quote is-style-default is-layout-flow wp-block-quote-is-layout-flow\">\n<p>&#8211; <a href=\"https:\/\/youtu.be\/7Gb5g62b2jQ\"><strong>La 8 Burgos. Nuestra Tierra: especial fundici\u00f3n<\/strong><\/a><\/p>\n<\/blockquote>\n\n\n\n<blockquote class=\"wp-block-quote is-style-default is-layout-flow wp-block-quote-is-layout-flow\">\n<p>&#8211; <a href=\"https:\/\/youtu.be\/MSqazcApFTk\"><strong>RTVA. Luces y sombras. T\u00e9cnica de fundici\u00f3n en bronce a la cera perdida<\/strong><\/a><\/p>\n<\/blockquote>\n\n\n\n<blockquote class=\"wp-block-quote is-style-default is-layout-flow wp-block-quote-is-layout-flow\">\n<p>&#8211; <strong><a href=\"https:\/\/youtu.be\/zDgm6zfKphM\">Hierro fundido. Proceso tradicional de fundici\u00f3n de piezas de hierro | Oficios Perdidos | Documental<\/a><\/strong><\/p>\n<\/blockquote>\n\n\n\n<blockquote class=\"wp-block-quote is-style-default is-layout-flow wp-block-quote-is-layout-flow\">\n<p>&#8211; <strong><a href=\"https:\/\/youtu.be\/REutkpo3ors\">Cantor Arts Center. Asante brass casting workshop in west Kumasi, 2004<\/a><\/strong><\/p>\n<\/blockquote>\n\n\n\n<blockquote class=\"wp-block-quote is-style-default is-layout-flow wp-block-quote-is-layout-flow\">\n<p>&#8211; <a href=\"https:\/\/youtu.be\/9FjM4efPdA8\"><strong>Los oficios de la Sagrada Familia &#8211; La fundici\u00f3n y la cera perdida (Foneria Ginfer)<\/strong><\/a><\/p>\n<\/blockquote>\n\n\n\n<p><strong>Fosa de campanes<\/strong><\/p>\n\n\n\n<blockquote class=\"wp-block-quote is-style-default is-layout-flow wp-block-quote-is-layout-flow\">\n<p>&#8211; <strong><a href=\"https:\/\/youtu.be\/8Xdr6Bd9mjs\">La fundici\u00f3n de campanas. Fabricaci\u00f3n artesanal de una campana | Oficios Perdidos | Documental<\/a><\/strong><\/p>\n<\/blockquote>\n\n\n\n<blockquote class=\"wp-block-quote is-style-default is-layout-flow wp-block-quote-is-layout-flow\">\n<p>&#8211; <strong><a href=\"https:\/\/youtu.be\/WltEAu35pEw\">Proceso de fundici\u00f3n de una campana. Hnos. Portilla<\/a><\/strong><\/p>\n<\/blockquote>\n\n\n\n<blockquote class=\"wp-block-quote is-style-default is-layout-flow wp-block-quote-is-layout-flow\">\n<p>&#8211; <strong><a href=\"https:\/\/youtu.be\/xAb58b7i03Q\">Elaboraci\u00f3n Tradicional de Campanas 1985.mov<\/a><\/strong><\/p>\n<\/blockquote>\n\n\n\n<blockquote class=\"wp-block-quote is-style-default is-layout-flow wp-block-quote-is-layout-flow\">\n<p>&#8211; <a href=\"https:\/\/www.ccma.cat\/tv3\/alacarta\/programa\/foneria-artistica-barberi\/video\/3955290\/\"><strong>Foneria Art\u00edstica Barber\u00ed (TV3 a la carta)<\/strong><\/a><\/p>\n<\/blockquote>\n\n\n\n<blockquote class=\"wp-block-quote is-style-default is-layout-flow wp-block-quote-is-layout-flow\">\n<p>&#8211; <strong><a href=\"https:\/\/www.ccma.cat\/tv3\/alacarta\/els-ultims-artesans\/josep-castells-fonedor\/video\/4270351\/\">Josep Castells &#8211; Fonedor (TV3 a la carta)<\/a><\/strong><\/p>\n<\/blockquote>\n\n\n\n<p><\/p>\n","protected":false},"excerpt":{"rendered":"<p>&#8211; Foneria Mibrosa al Ja t&#8217;ho far\u00e0s (TV3) &#8211; La 8 Burgos. Nuestra Tierra: especial fundici\u00f3n &#8211; RTVA. Luces y sombras. T\u00e9cnica de fundici\u00f3n en bronce a la cera perdida &#8211; Hierro fundido. Proceso tradicional de fundici\u00f3n de piezas de hierro | Oficios Perdidos | Documental &#8211; Cantor Arts Center. Asante brass casting workshop in [&hellip;]<\/p>\n","protected":false},"author":1,"featured_media":0,"parent":0,"menu_order":0,"comment_status":"closed","ping_status":"closed","template":"","meta":{"footnotes":""},"class_list":["post-320","page","type-page","status-publish","hentry"],"_links":{"self":[{"href":"https:\/\/www.ub.edu\/foneria\/wp-json\/wp\/v2\/pages\/320","targetHints":{"allow":["GET"]}}],"collection":[{"href":"https:\/\/www.ub.edu\/foneria\/wp-json\/wp\/v2\/pages"}],"about":[{"href":"https:\/\/www.ub.edu\/foneria\/wp-json\/wp\/v2\/types\/page"}],"author":[{"embeddable":true,"href":"https:\/\/www.ub.edu\/foneria\/wp-json\/wp\/v2\/users\/1"}],"replies":[{"embeddable":true,"href":"https:\/\/www.ub.edu\/foneria\/wp-json\/wp\/v2\/comments?post=320"}],"version-history":[{"count":11,"href":"https:\/\/www.ub.edu\/foneria\/wp-json\/wp\/v2\/pages\/320\/revisions"}],"predecessor-version":[{"id":565,"href":"https:\/\/www.ub.edu\/foneria\/wp-json\/wp\/v2\/pages\/320\/revisions\/565"}],"wp:attachment":[{"href":"https:\/\/www.ub.edu\/foneria\/wp-json\/wp\/v2\/media?parent=320"}],"curies":[{"name":"wp","href":"https:\/\/api.w.org\/{rel}","templated":true}]}}