{"id":576,"date":"2022-12-22T22:11:43","date_gmt":"2022-12-22T20:11:43","guid":{"rendered":"http:\/\/www.ub.edu\/foneria\/?page_id=576"},"modified":"2022-12-28T22:42:44","modified_gmt":"2022-12-28T20:42:44","slug":"investigacio","status":"publish","type":"page","link":"https:\/\/www.ub.edu\/foneria\/investigacio\/","title":{"rendered":"Investigaci\u00f3"},"content":{"rendered":"\n<blockquote class=\"wp-block-quote is-layout-flow wp-block-quote-is-layout-flow\">\n<p><strong>ALU-SO _ L\u2019ALUMINI I EL SO<br>Caracteritzaci\u00f3 ac\u00fastica i quimicomineral\u00f2gica dels aliatges d\u2019alumini de fosa: aplicacions art\u00edstiques des d\u2019una perspectiva conservativa<\/strong> (Projecte pre-competitiu).<\/p>\n<cite>Mart\u00ed Ruiz Carulla, Enric Teixid\u00f3 Sim\u00f3, N\u00faria Guasch Ferr\u00e9 i M\u00f2nica L\u00f3pez Prat <\/cite><\/blockquote>\n","protected":false},"excerpt":{"rendered":"<p>ALU-SO _ L\u2019ALUMINI I EL SOCaracteritzaci\u00f3 ac\u00fastica i quimicomineral\u00f2gica dels aliatges d\u2019alumini de fosa: aplicacions art\u00edstiques des d\u2019una perspectiva conservativa (Projecte pre-competitiu). Mart\u00ed Ruiz Carulla, Enric Teixid\u00f3 Sim\u00f3, N\u00faria Guasch Ferr\u00e9 i M\u00f2nica L\u00f3pez Prat<\/p>\n","protected":false},"author":1,"featured_media":0,"parent":0,"menu_order":0,"comment_status":"closed","ping_status":"closed","template":"","meta":{"footnotes":""},"class_list":["post-576","page","type-page","status-publish","hentry"],"_links":{"self":[{"href":"https:\/\/www.ub.edu\/foneria\/wp-json\/wp\/v2\/pages\/576","targetHints":{"allow":["GET"]}}],"collection":[{"href":"https:\/\/www.ub.edu\/foneria\/wp-json\/wp\/v2\/pages"}],"about":[{"href":"https:\/\/www.ub.edu\/foneria\/wp-json\/wp\/v2\/types\/page"}],"author":[{"embeddable":true,"href":"https:\/\/www.ub.edu\/foneria\/wp-json\/wp\/v2\/users\/1"}],"replies":[{"embeddable":true,"href":"https:\/\/www.ub.edu\/foneria\/wp-json\/wp\/v2\/comments?post=576"}],"version-history":[{"count":2,"href":"https:\/\/www.ub.edu\/foneria\/wp-json\/wp\/v2\/pages\/576\/revisions"}],"predecessor-version":[{"id":605,"href":"https:\/\/www.ub.edu\/foneria\/wp-json\/wp\/v2\/pages\/576\/revisions\/605"}],"wp:attachment":[{"href":"https:\/\/www.ub.edu\/foneria\/wp-json\/wp\/v2\/media?parent=576"}],"curies":[{"name":"wp","href":"https:\/\/api.w.org\/{rel}","templated":true}]}}