{"id":697,"date":"2023-04-22T12:42:02","date_gmt":"2023-04-22T10:42:02","guid":{"rendered":"https:\/\/www.ub.edu\/functionalmaterials\/laboratori\/"},"modified":"2023-06-30T15:50:09","modified_gmt":"2023-06-30T13:50:09","slug":"laboratorio","status":"publish","type":"page","link":"https:\/\/www.ub.edu\/functionalmaterials\/es\/laboratorio\/","title":{"rendered":"Laboratorio"},"content":{"rendered":"<p>[et_pb_section fb_built=\u00bb1&#8243; fullwidth=\u00bbon\u00bb _builder_version=\u00bb4.20.0&#8243; _module_preset=\u00bbdefault\u00bb global_colors_info=\u00bb{}\u00bb][et_pb_fullwidth_header title=\u00bbEquipo puntero y en constante desarrollo\u00bb text_orientation=\u00bbright\u00bb _builder_version=\u00bb4.20.4&#8243; _module_preset=\u00bbdefault\u00bb title_font=\u00bb|300|||||||\u00bb title_text_align=\u00bbright\u00bb title_font_size=\u00bb60px\u00bb use_background_color_gradient=\u00bbon\u00bb background_color_gradient_type=\u00bbcircular\u00bb background_color_gradient_direction_radial=\u00bbtop left\u00bb background_color_gradient_stops=\u00bbrgba(11,84,105,0.73) 0%|rgba(51,18,35,0.69) 32%|rgba(163,140,98,0.69) 56%|rgba(5,154,178,0.66) 87%\u00bb background_color_gradient_overlays_image=\u00bbon\u00bb background_image=\u00bbhttps:\/\/www.ub.edu\/functionalmaterials\/wp-content\/uploads\/2023\/04\/fisica-laboratori-cartell-portada.webp\u00bb background_position=\u00bbtop_center\u00bb min_height=\u00bb50vh\u00bb custom_padding=\u00bb15vh||15vh||false|false\u00bb title_font_size_tablet=\u00bb60px\u00bb title_font_size_phone=\u00bb45px\u00bb title_font_size_last_edited=\u00bbon|phone\u00bb background_last_edited=\u00bbon|phone\u00bb background_position_phone=\u00bbtop_left\u00bb custom_css_header_container=\u00bb||\u00bb custom_css_title=\u00bbpadding-left:50%\u00bb global_colors_info=\u00bb{}\u00bb custom_css_header_container_last_edited=\u00bbon|tablet\u00bb custom_css_title_last_edited=\u00bbon|phone\u00bb custom_css_title_tablet=\u00bbpadding-left:0;\u00bb custom_css_title_phone=\u00bbmax-width:100%;\u00bb custom_css_header_container_tablet=\u00bb||\u00bb custom_css_header_container_phone=\u00bb||\u00bb][\/et_pb_fullwidth_header][\/et_pb_section][et_pb_section fb_built=\u00bb1&#8243; admin_label=\u00bbsection\u00bb _builder_version=\u00bb4.16&#8243; global_colors_info=\u00bb{}\u00bb][et_pb_row admin_label=\u00bbrow\u00bb _builder_version=\u00bb4.16&#8243; background_size=\u00bbinitial\u00bb background_position=\u00bbtop_left\u00bb background_repeat=\u00bbrepeat\u00bb global_colors_info=\u00bb{}\u00bb][et_pb_column type=\u00bb4_4&#8243; _builder_version=\u00bb4.16&#8243; custom_padding=\u00bb|||\u00bb global_colors_info=\u00bb{}\u00bb custom_padding__hover=\u00bb|||\u00bb][et_pb_text admin_label=\u00bbText\u00bb module_class=\u00bbdestacat\u00bb _builder_version=\u00bb4.20.4&#8243; text_font=\u00bb|300|||||||\u00bb background_size=\u00bbinitial\u00bb background_position=\u00bbtop_left\u00bb background_repeat=\u00bbrepeat\u00bb text_orientation=\u00bbcenter\u00bb global_colors_info=\u00bb{}\u00bb]<\/p>\n<p>El <strong>Laboratorio de investigaci\u00f3n de materiales funcionales y transiciones de fase<\/strong>, situado en la Facultad de F\u00edsica de la Universitat de Barcelona, cuenta con equipos punteros y en constante desarrollo, para realizar investigaci\u00f3n en materiales.<\/p>\n<p>[\/et_pb_text][et_pb_text module_class=\u00bbtitular\u00bb _builder_version=\u00bb4.20.4&#8243; _module_preset=\u00bbdefault\u00bb custom_margin=\u00bb||0px||false|false\u00bb custom_padding=\u00bb90px||0px||false|false\u00bb global_colors_info=\u00bb{}\u00bb]<\/p>\n<h2>Equipo comercial<\/h2>\n<p>[\/et_pb_text][\/et_pb_column][\/et_pb_row][et_pb_row column_structure=\u00bb1_3,1_3,1_3&#8243; _builder_version=\u00bb4.20.0&#8243; _module_preset=\u00bbdefault\u00bb global_colors_info=\u00bb{}\u00bb][et_pb_column type=\u00bb1_3&#8243; _builder_version=\u00bb4.20.0&#8243; _module_preset=\u00bbdefault\u00bb global_colors_info=\u00bb{}\u00bb][et_pb_blurb image=\u00bbhttps:\/\/www.ub.edu\/functionalmaterials\/wp-content\/uploads\/2023\/04\/0037-ub-fisica-laboratori-23051-L.webp\u00bb _builder_version=\u00bb4.20.4&#8243; _module_preset=\u00bbdefault\u00bb global_colors_info=\u00bb{}\u00bb]<\/p>\n<p><strong>M\u00e1quina de ensayos mec\u00e1nicos<\/strong><br \/>5kN Zwick\/Roell Z005 con c\u00e1mara de temperatura (210K-400K)<\/p>\n<p>[\/et_pb_blurb][\/et_pb_column][et_pb_column type=\u00bb1_3&#8243; _builder_version=\u00bb4.20.0&#8243; _module_preset=\u00bbdefault\u00bb global_colors_info=\u00bb{}\u00bb][et_pb_blurb image=\u00bbhttps:\/\/www.ub.edu\/functionalmaterials\/wp-content\/uploads\/2023\/04\/0132-ub-fisica-laboratori-23051-L.webp\u00bb _builder_version=\u00bb4.20.4&#8243; _module_preset=\u00bbdefault\u00bb global_colors_info=\u00bb{}\u00bb]<\/p>\n<p><strong>C\u00e1mara infrarroja Infratec IR8800<\/strong><br \/>Sensor 650\u00d7512 p\u00edxeles Objetivo 50mm hasta 0.01 s\/frame (a full frame) Resoluci\u00f3n espacial hasta 0.005 mm\/ p\u00edxel<br \/>Resoluci\u00f3n de temperatura 5mK<\/p>\n<p>[\/et_pb_blurb][\/et_pb_column][et_pb_column type=\u00bb1_3&#8243; _builder_version=\u00bb4.20.0&#8243; _module_preset=\u00bbdefault\u00bb global_colors_info=\u00bb{}\u00bb][et_pb_blurb image=\u00bbhttps:\/\/www.ub.edu\/functionalmaterials\/wp-content\/uploads\/2023\/04\/0060-0061-ub-fisica-laboratori-23051-L.webp\u00bb _builder_version=\u00bb4.20.4&#8243; _module_preset=\u00bbdefault\u00bb global_colors_info=\u00bb{}\u00bb]<\/p>\n<p><strong>DSC modulado<\/strong><br \/>TA Instrumentos Q2000, 150K-800 K<\/p>\n<p>[\/et_pb_blurb][\/et_pb_column][\/et_pb_row][et_pb_row column_structure=\u00bb1_3,1_3,1_3&#8243; _builder_version=\u00bb4.20.0&#8243; _module_preset=\u00bbdefault\u00bb global_colors_info=\u00bb{}\u00bb][et_pb_column type=\u00bb1_3&#8243; _builder_version=\u00bb4.20.0&#8243; _module_preset=\u00bbdefault\u00bb global_colors_info=\u00bb{}\u00bb][et_pb_blurb image=\u00bbhttps:\/\/www.ub.edu\/functionalmaterials\/wp-content\/uploads\/2023\/04\/0065-ub-fisica-laboratori-23051-L.webp\u00bb _builder_version=\u00bb4.20.4&#8243; _module_preset=\u00bbdefault\u00bb global_colors_info=\u00bb{}\u00bb]<\/p>\n<p><strong>Analizador mec\u00e1nico din\u00e1mico (DMA)<\/strong><br \/>TA Instrumentos Q800 (150 K \u2013 800 K)<\/p>\n<p>[\/et_pb_blurb][\/et_pb_column][et_pb_column type=\u00bb1_3&#8243; _builder_version=\u00bb4.20.0&#8243; _module_preset=\u00bbdefault\u00bb global_colors_info=\u00bb{}\u00bb][et_pb_blurb image=\u00bbhttps:\/\/www.ub.edu\/functionalmaterials\/wp-content\/uploads\/2023\/04\/0098-ub-fisica-laboratori-23051-L.webp\u00bb _builder_version=\u00bb4.20.4&#8243; _module_preset=\u00bbdefault\u00bb global_colors_info=\u00bb{}\u00bb]<\/p>\n<p><strong>Equipo de detecci\u00f3n de emisi\u00f3n ac\u00fastica<\/strong><br \/>Europhysical Acoustics, 2x PCI2 a 40MHz, 4 canales<br \/>Posibilidad de trabajar dentro de una jaula de Farday con muestras peque\u00f1as y aplicar rampas de temperatura entre 260K y 360 K<\/p>\n<p>[\/et_pb_blurb][\/et_pb_column][et_pb_column type=\u00bb1_3&#8243; _builder_version=\u00bb4.20.0&#8243; _module_preset=\u00bbdefault\u00bb global_colors_info=\u00bb{}\u00bb][et_pb_blurb image=\u00bbhttps:\/\/www.ub.edu\/functionalmaterials\/wp-content\/uploads\/2023\/04\/0224-ub-fisica-laboratori-23051-L.webp\u00bb _builder_version=\u00bb4.20.4&#8243; _module_preset=\u00bbdefault\u00bb global_colors_info=\u00bb{}\u00bb]<\/p>\n<p><strong>Im\u00e1n superconductor<\/strong><br \/>Para generar campos magn\u00e9ticos hasta 6 T<\/p>\n<p>[\/et_pb_blurb][\/et_pb_column][\/et_pb_row][\/et_pb_section][et_pb_section fb_built=\u00bb1&#8243; _builder_version=\u00bb4.20.0&#8243; _module_preset=\u00bbdefault\u00bb use_background_color_gradient=\u00bbon\u00bb background_color_gradient_direction=\u00bb-90deg\u00bb background_color_gradient_stops=\u00bbrgba(188,134,27,0.19) 0%|rgba(64,127,137,0.24) 97%\u00bb global_colors_info=\u00bb{}\u00bb][et_pb_row admin_label=\u00bbrow\u00bb _builder_version=\u00bb4.16&#8243; background_size=\u00bbinitial\u00bb background_position=\u00bbtop_left\u00bb background_repeat=\u00bbrepeat\u00bb global_colors_info=\u00bb{}\u00bb][et_pb_column type=\u00bb4_4&#8243; _builder_version=\u00bb4.16&#8243; custom_padding=\u00bb|||\u00bb global_colors_info=\u00bb{}\u00bb custom_padding__hover=\u00bb|||\u00bb][et_pb_text admin_label=\u00bbText\u00bb module_class=\u00bbtitular\u00bb _builder_version=\u00bb4.20.4&#8243; background_size=\u00bbinitial\u00bb background_position=\u00bbtop_left\u00bb background_repeat=\u00bbrepeat\u00bb text_orientation=\u00bbcenter\u00bb global_colors_info=\u00bb{}\u00bb]<em>Tenemos experiencia en el desarrollo de equipos punteros para la caracterizaci\u00f3n de materiales (calorimetr\u00eda y ensayos mec\u00e1nicos) con la colaboraci\u00f3n de los Centros Cient\u00edficos y Tecnol\u00f3gicos de la Universitat de Barcelona (CCiTUB).<\/em>[\/et_pb_text][\/et_pb_column][\/et_pb_row][\/et_pb_section][et_pb_section fb_built=\u00bb1&#8243; admin_label=\u00bbsection\u00bb _builder_version=\u00bb4.16&#8243; global_colors_info=\u00bb{}\u00bb][et_pb_row admin_label=\u00bbrow\u00bb _builder_version=\u00bb4.16&#8243; background_size=\u00bbinitial\u00bb background_position=\u00bbtop_left\u00bb background_repeat=\u00bbrepeat\u00bb global_colors_info=\u00bb{}\u00bb][et_pb_column type=\u00bb4_4&#8243; _builder_version=\u00bb4.16&#8243; custom_padding=\u00bb|||\u00bb global_colors_info=\u00bb{}\u00bb custom_padding__hover=\u00bb|||\u00bb][et_pb_text module_class=\u00bbtitular\u00bb _builder_version=\u00bb4.20.4&#8243; _module_preset=\u00bbdefault\u00bb custom_margin=\u00bb||0px||false|false\u00bb custom_padding=\u00bb||0px||false|false\u00bb global_colors_info=\u00bb{}\u00bb]<\/p>\n<h2>Equipo no comercial<\/h2>\n<p>[\/et_pb_text][\/et_pb_column][\/et_pb_row][et_pb_row column_structure=\u00bb1_3,1_3,1_3&#8243; _builder_version=\u00bb4.20.0&#8243; _module_preset=\u00bbdefault\u00bb global_colors_info=\u00bb{}\u00bb][et_pb_column type=\u00bb1_3&#8243; _builder_version=\u00bb4.20.0&#8243; _module_preset=\u00bbdefault\u00bb global_colors_info=\u00bb{}\u00bb][et_pb_blurb image=\u00bbhttps:\/\/www.ub.edu\/functionalmaterials\/wp-content\/uploads\/2023\/04\/0223-ub-fisica-laboratori-23051-L.webp\u00bb _builder_version=\u00bb4.20.4&#8243; _module_preset=\u00bbdefault\u00bb global_colors_info=\u00bb{}\u00bb]<\/p>\n<p><strong>Calorimetr\u00eda bajo campo magn\u00e9tico y esfuerzo uniaxial de compresi\u00f3n<\/strong><br \/>Campos magn\u00e9ticos hasta 6T, esfuerzo hasta 1200N, rango de temperaturas 210 K-360 K<\/p>\n<p>[\/et_pb_blurb][\/et_pb_column][et_pb_column type=\u00bb1_3&#8243; _builder_version=\u00bb4.20.0&#8243; _module_preset=\u00bbdefault\u00bb global_colors_info=\u00bb{}\u00bb][et_pb_blurb image=\u00bbhttps:\/\/www.ub.edu\/functionalmaterials\/wp-content\/uploads\/2023\/04\/0163-ub-fisica-laboratori-23051-L.webp\u00bb _builder_version=\u00bb4.20.4&#8243; _module_preset=\u00bbdefault\u00bb global_colors_info=\u00bb{}\u00bb]<\/p>\n<p><strong>Termometr\u00eda bajo campo magn\u00e9tico aplicado y esfuerzo uniaxial de compresi\u00f3n<\/strong><br \/>Campos magn\u00e9ticos hasta 2T, esfuerzo hasta 1000N , rango de temperaturas 260K \u2013 350 K<\/p>\n<p>[\/et_pb_blurb][\/et_pb_column][et_pb_column type=\u00bb1_3&#8243; _builder_version=\u00bb4.20.0&#8243; _module_preset=\u00bbdefault\u00bb global_colors_info=\u00bb{}\u00bb][et_pb_blurb image=\u00bbhttps:\/\/www.ub.edu\/functionalmaterials\/wp-content\/uploads\/2023\/04\/0167-ub-fisica-laboratori-23051-L.webp\u00bb _builder_version=\u00bb4.20.4&#8243; _module_preset=\u00bbdefault\u00bb global_colors_info=\u00bb{}\u00bb]<\/p>\n<p><strong>M\u00e1quina por ensayos micromec\u00e1nicos en muestras peque\u00f1as<\/strong><br \/>Esfuerzo hasta 50 N, rango de temperatura 300K \u2013 500 K. Posibilidad de a\u00f1adir la c\u00e0mara IR.<\/p>\n<p>[\/et_pb_blurb][\/et_pb_column][\/et_pb_row][et_pb_row column_structure=\u00bb1_3,1_3,1_3&#8243; _builder_version=\u00bb4.20.0&#8243; _module_preset=\u00bbdefault\u00bb global_colors_info=\u00bb{}\u00bb][et_pb_column type=\u00bb1_3&#8243; _builder_version=\u00bb4.20.0&#8243; _module_preset=\u00bbdefault\u00bb global_colors_info=\u00bb{}\u00bb][et_pb_blurb image=\u00bbhttps:\/\/www.ub.edu\/functionalmaterials\/wp-content\/uploads\/2023\/04\/0175-ub-fisica-laboratori-23051-L.webp\u00bb _builder_version=\u00bb4.20.4&#8243; _module_preset=\u00bbdefault\u00bb global_colors_info=\u00bb{}\u00bb]<\/p>\n<p><strong>Calorimetr\u00eda diferencial para el estudio de transiciones de fase<\/strong><br \/>Muestras peque\u00f1as (200K-360K)<\/p>\n<p>[\/et_pb_blurb][\/et_pb_column][et_pb_column type=\u00bb1_3&#8243; _builder_version=\u00bb4.20.0&#8243; _module_preset=\u00bbdefault\u00bb global_colors_info=\u00bb{}\u00bb][et_pb_blurb image=\u00bbhttps:\/\/www.ub.edu\/functionalmaterials\/wp-content\/uploads\/2023\/04\/0073-ub-fisica-laboratori-23051-L.webp\u00bb _builder_version=\u00bb4.20.4&#8243; _module_preset=\u00bbdefault\u00bb global_colors_info=\u00bb{}\u00bb]<\/p>\n<p><strong>Calorimetr\u00eda con campo el\u00e9ctrico aplicado<\/strong><\/p>\n<p>[\/et_pb_blurb][\/et_pb_column][et_pb_column type=\u00bb1_3&#8243; _builder_version=\u00bb4.20.0&#8243; _module_preset=\u00bbdefault\u00bb global_colors_info=\u00bb{}\u00bb][et_pb_blurb image=\u00bbhttps:\/\/www.ub.edu\/functionalmaterials\/wp-content\/uploads\/2023\/04\/0134-ub-fisica-laboratori-23051-L.webp\u00bb _builder_version=\u00bb4.20.4&#8243; _module_preset=\u00bbdefault\u00bb global_colors_info=\u00bb{}\u00bb]<\/p>\n<p><strong>M\u00e1quina de ensayos mec\u00e1nicos con 2 ejes perpendiculares<\/strong><br \/>(en construcci\u00f3n)<\/p>\n<p>[\/et_pb_blurb][\/et_pb_column][\/et_pb_row][\/et_pb_section][et_pb_section fb_built=\u00bb1&#8243; _builder_version=\u00bb4.20.0&#8243; _module_preset=\u00bbdefault\u00bb global_colors_info=\u00bb{}\u00bb][et_pb_row _builder_version=\u00bb4.20.4&#8243; _module_preset=\u00bbdefault\u00bb max_width=\u00bb800px\u00bb custom_margin=\u00bb||||false|true\u00bb border_width_top=\u00bb1px\u00bb border_color_top=\u00bb#BC861B\u00bb border_width_bottom=\u00bb1px\u00bb border_color_bottom=\u00bb#BC861B\u00bb global_colors_info=\u00bb{}\u00bb][et_pb_column type=\u00bb4_4&#8243; _builder_version=\u00bb4.20.0&#8243; _module_preset=\u00bbdefault\u00bb global_colors_info=\u00bb{}\u00bb][et_pb_text module_class=\u00bblletra_gran\u00bb _builder_version=\u00bb4.21.0&#8243; _module_preset=\u00bbdefault\u00bb text_font=\u00bb||||||||\u00bb text_orientation=\u00bbcenter\u00bb custom_padding=\u00bb||||false|false\u00bb custom_padding_tablet=\u00bb||||false|false\u00bb custom_padding_phone=\u00bb||||false|false\u00bb custom_padding_last_edited=\u00bbon|phone\u00bb hover_enabled=\u00bb0&#8243; global_colors_info=\u00bb{}\u00bb sticky_enabled=\u00bb0&#8243;]Si est\u00e1s interesado en el uso de estos equipos, contacta con el grupo de investigaci\u00f3n Materiales Funcionales y Transiciones de Fase, env\u00eda un correo a<br \/>\n<strong><a href='mailto&#58;&#102;u&#110;&#37;63&#116;io&#110;&#97;lm&#97;t%6&#53;%7&#50;ials&#64;&#117;b&#46;e&#100;u'>fun&#99;ti&#111;nal&#109;ater&#105;&#97;ls&#64;ub&#46;edu<\/a><\/strong>[\/et_pb_text][et_pb_button button_url=\u00bb@ET-DC@eyJkeW5hbWljIjp0cnVlLCJjb250ZW50IjoicG9zdF9saW5rX3VybF9wYWdlIiwic2V0dGluZ3MiOnsicG9zdF9pZCI6IjI0NiJ9fQ==@\u00bb button_text=\u00bbInfo de contacto\u00bb button_alignment=\u00bbcenter\u00bb _builder_version=\u00bb4.20.4&#8243; _dynamic_attributes=\u00bbbutton_url\u00bb _module_preset=\u00bbdefault\u00bb global_colors_info=\u00bb{}\u00bb][\/et_pb_button][\/et_pb_column][\/et_pb_row][\/et_pb_section]<\/p>\n","protected":false},"excerpt":{"rendered":"<p>El Laboratorio de investigaci\u00f3n de materiales funcionales y transiciones de fase, situado en la Facultad de F\u00edsica de la Universitat de Barcelona, cuenta con equipos punteros y en constante desarrollo, para realizar investigaci\u00f3n en materiales.Equipo comercialM\u00e1quina de ensayos mec\u00e1nicos5kN Zwick\/Roell Z005 con c\u00e1mara de temperatura (210K-400K)C\u00e1mara infrarroja Infratec IR8800Sensor 650\u00d7512 p\u00edxeles Objetivo 50mm hasta 0.01 [&hellip;]<\/p>\n","protected":false},"author":1,"featured_media":0,"parent":0,"menu_order":0,"comment_status":"closed","ping_status":"closed","template":"","meta":{"_acf_changed":false,"_et_pb_use_builder":"on","_et_pb_old_content":"","_et_gb_content_width":"","inline_featured_image":false,"footnotes":""},"class_list":["post-697","page","type-page","status-publish","hentry"],"acf":[],"yoast_head":"<!-- This site is optimized with the Yoast SEO plugin v27.4 - https:\/\/yoast.com\/product\/yoast-seo-wordpress\/ -->\n<title>Laboratorio - Materiales Funcionales y Transiciones de Fase<\/title>\n<meta name=\"robots\" content=\"index, follow, max-snippet:-1, max-image-preview:large, max-video-preview:-1\" \/>\n<link rel=\"canonical\" href=\"https:\/\/www.ub.edu\/functionalmaterials\/es\/laboratorio\/\" \/>\n<meta property=\"og:locale\" content=\"es_ES\" \/>\n<meta property=\"og:type\" content=\"article\" \/>\n<meta property=\"og:title\" content=\"Laboratorio - Materiales Funcionales y Transiciones de Fase\" \/>\n<meta property=\"og:description\" content=\"El Laboratorio de investigaci\u00f3n de materiales funcionales y transiciones de fase, situado en la Facultad de F\u00edsica de la Universitat de Barcelona, cuenta con equipos punteros y en constante desarrollo, para realizar investigaci\u00f3n en materiales.Equipo comercialM\u00e1quina de ensayos mec\u00e1nicos5kN Zwick\/Roell Z005 con c\u00e1mara de temperatura (210K-400K)C\u00e1mara infrarroja Infratec IR8800Sensor 650\u00d7512 p\u00edxeles Objetivo 50mm hasta 0.01 [&hellip;]\" \/>\n<meta property=\"og:url\" content=\"https:\/\/www.ub.edu\/functionalmaterials\/es\/laboratorio\/\" \/>\n<meta property=\"og:site_name\" content=\"Materiales Funcionales y Transiciones de Fase\" \/>\n<meta property=\"article:modified_time\" content=\"2023-06-30T13:50:09+00:00\" \/>\n<meta name=\"twitter:card\" content=\"summary_large_image\" \/>\n<meta name=\"twitter:label1\" content=\"Tiempo de lectura\" \/>\n\t<meta name=\"twitter:data1\" content=\"8 minutos\" \/>\n<script type=\"application\/ld+json\" class=\"yoast-schema-graph\">{\"@context\":\"https:\\\/\\\/schema.org\",\"@graph\":[{\"@type\":\"WebPage\",\"@id\":\"https:\\\/\\\/www.ub.edu\\\/functionalmaterials\\\/es\\\/laboratorio\\\/\",\"url\":\"https:\\\/\\\/www.ub.edu\\\/functionalmaterials\\\/es\\\/laboratorio\\\/\",\"name\":\"Laboratorio - Materiales Funcionales y Transiciones de Fase\",\"isPartOf\":{\"@id\":\"https:\\\/\\\/www.ub.edu\\\/functionalmaterials\\\/es\\\/#website\"},\"datePublished\":\"2023-04-22T10:42:02+00:00\",\"dateModified\":\"2023-06-30T13:50:09+00:00\",\"breadcrumb\":{\"@id\":\"https:\\\/\\\/www.ub.edu\\\/functionalmaterials\\\/es\\\/laboratorio\\\/#breadcrumb\"},\"inLanguage\":\"es\",\"potentialAction\":[{\"@type\":\"ReadAction\",\"target\":[\"https:\\\/\\\/www.ub.edu\\\/functionalmaterials\\\/es\\\/laboratorio\\\/\"]}]},{\"@type\":\"BreadcrumbList\",\"@id\":\"https:\\\/\\\/www.ub.edu\\\/functionalmaterials\\\/es\\\/laboratorio\\\/#breadcrumb\",\"itemListElement\":[{\"@type\":\"ListItem\",\"position\":1,\"name\":\"Inici\",\"item\":\"https:\\\/\\\/www.ub.edu\\\/functionalmaterials\\\/es\\\/\"},{\"@type\":\"ListItem\",\"position\":2,\"name\":\"Laboratorio\"}]},{\"@type\":\"WebSite\",\"@id\":\"https:\\\/\\\/www.ub.edu\\\/functionalmaterials\\\/es\\\/#website\",\"url\":\"https:\\\/\\\/www.ub.edu\\\/functionalmaterials\\\/es\\\/\",\"name\":\"Materials funcionals i trancicions de fase\",\"description\":\"Grupo de investigaci\u00f3n de la Universitat de Barcelona (UB)\",\"publisher\":{\"@id\":\"https:\\\/\\\/www.ub.edu\\\/functionalmaterials\\\/es\\\/#organization\"},\"potentialAction\":[{\"@type\":\"SearchAction\",\"target\":{\"@type\":\"EntryPoint\",\"urlTemplate\":\"https:\\\/\\\/www.ub.edu\\\/functionalmaterials\\\/es\\\/?s={search_term_string}\"},\"query-input\":{\"@type\":\"PropertyValueSpecification\",\"valueRequired\":true,\"valueName\":\"search_term_string\"}}],\"inLanguage\":\"es\"},{\"@type\":\"Organization\",\"@id\":\"https:\\\/\\\/www.ub.edu\\\/functionalmaterials\\\/es\\\/#organization\",\"name\":\"Materials funcionals i trancicions de fase\",\"url\":\"https:\\\/\\\/www.ub.edu\\\/functionalmaterials\\\/es\\\/\",\"logo\":{\"@type\":\"ImageObject\",\"inLanguage\":\"es\",\"@id\":\"https:\\\/\\\/www.ub.edu\\\/functionalmaterials\\\/es\\\/#\\\/schema\\\/logo\\\/image\\\/\",\"url\":\"https:\\\/\\\/www.ub.edu\\\/functionalmaterials\\\/wp-content\\\/uploads\\\/2023\\\/05\\\/favicon.png\",\"contentUrl\":\"https:\\\/\\\/www.ub.edu\\\/functionalmaterials\\\/wp-content\\\/uploads\\\/2023\\\/05\\\/favicon.png\",\"width\":250,\"height\":291,\"caption\":\"Materials funcionals i trancicions de fase\"},\"image\":{\"@id\":\"https:\\\/\\\/www.ub.edu\\\/functionalmaterials\\\/es\\\/#\\\/schema\\\/logo\\\/image\\\/\"}}]}<\/script>\n<!-- \/ Yoast SEO plugin. -->","yoast_head_json":{"title":"Laboratorio - Materiales Funcionales y Transiciones de Fase","robots":{"index":"index","follow":"follow","max-snippet":"max-snippet:-1","max-image-preview":"max-image-preview:large","max-video-preview":"max-video-preview:-1"},"canonical":"https:\/\/www.ub.edu\/functionalmaterials\/es\/laboratorio\/","og_locale":"es_ES","og_type":"article","og_title":"Laboratorio - Materiales Funcionales y Transiciones de Fase","og_description":"El Laboratorio de investigaci\u00f3n de materiales funcionales y transiciones de fase, situado en la Facultad de F\u00edsica de la Universitat de Barcelona, cuenta con equipos punteros y en constante desarrollo, para realizar investigaci\u00f3n en materiales.Equipo comercialM\u00e1quina de ensayos mec\u00e1nicos5kN Zwick\/Roell Z005 con c\u00e1mara de temperatura (210K-400K)C\u00e1mara infrarroja Infratec IR8800Sensor 650\u00d7512 p\u00edxeles Objetivo 50mm hasta 0.01 [&hellip;]","og_url":"https:\/\/www.ub.edu\/functionalmaterials\/es\/laboratorio\/","og_site_name":"Materiales Funcionales y Transiciones de Fase","article_modified_time":"2023-06-30T13:50:09+00:00","twitter_card":"summary_large_image","twitter_misc":{"Tiempo de lectura":"8 minutos"},"schema":{"@context":"https:\/\/schema.org","@graph":[{"@type":"WebPage","@id":"https:\/\/www.ub.edu\/functionalmaterials\/es\/laboratorio\/","url":"https:\/\/www.ub.edu\/functionalmaterials\/es\/laboratorio\/","name":"Laboratorio - Materiales Funcionales y Transiciones de Fase","isPartOf":{"@id":"https:\/\/www.ub.edu\/functionalmaterials\/es\/#website"},"datePublished":"2023-04-22T10:42:02+00:00","dateModified":"2023-06-30T13:50:09+00:00","breadcrumb":{"@id":"https:\/\/www.ub.edu\/functionalmaterials\/es\/laboratorio\/#breadcrumb"},"inLanguage":"es","potentialAction":[{"@type":"ReadAction","target":["https:\/\/www.ub.edu\/functionalmaterials\/es\/laboratorio\/"]}]},{"@type":"BreadcrumbList","@id":"https:\/\/www.ub.edu\/functionalmaterials\/es\/laboratorio\/#breadcrumb","itemListElement":[{"@type":"ListItem","position":1,"name":"Inici","item":"https:\/\/www.ub.edu\/functionalmaterials\/es\/"},{"@type":"ListItem","position":2,"name":"Laboratorio"}]},{"@type":"WebSite","@id":"https:\/\/www.ub.edu\/functionalmaterials\/es\/#website","url":"https:\/\/www.ub.edu\/functionalmaterials\/es\/","name":"Materials funcionals i trancicions de fase","description":"Grupo de investigaci\u00f3n de la Universitat de Barcelona (UB)","publisher":{"@id":"https:\/\/www.ub.edu\/functionalmaterials\/es\/#organization"},"potentialAction":[{"@type":"SearchAction","target":{"@type":"EntryPoint","urlTemplate":"https:\/\/www.ub.edu\/functionalmaterials\/es\/?s={search_term_string}"},"query-input":{"@type":"PropertyValueSpecification","valueRequired":true,"valueName":"search_term_string"}}],"inLanguage":"es"},{"@type":"Organization","@id":"https:\/\/www.ub.edu\/functionalmaterials\/es\/#organization","name":"Materials funcionals i trancicions de fase","url":"https:\/\/www.ub.edu\/functionalmaterials\/es\/","logo":{"@type":"ImageObject","inLanguage":"es","@id":"https:\/\/www.ub.edu\/functionalmaterials\/es\/#\/schema\/logo\/image\/","url":"https:\/\/www.ub.edu\/functionalmaterials\/wp-content\/uploads\/2023\/05\/favicon.png","contentUrl":"https:\/\/www.ub.edu\/functionalmaterials\/wp-content\/uploads\/2023\/05\/favicon.png","width":250,"height":291,"caption":"Materials funcionals i trancicions de fase"},"image":{"@id":"https:\/\/www.ub.edu\/functionalmaterials\/es\/#\/schema\/logo\/image\/"}}]}},"_links":{"self":[{"href":"https:\/\/www.ub.edu\/functionalmaterials\/es\/wp-json\/wp\/v2\/pages\/697","targetHints":{"allow":["GET"]}}],"collection":[{"href":"https:\/\/www.ub.edu\/functionalmaterials\/es\/wp-json\/wp\/v2\/pages"}],"about":[{"href":"https:\/\/www.ub.edu\/functionalmaterials\/es\/wp-json\/wp\/v2\/types\/page"}],"author":[{"embeddable":true,"href":"https:\/\/www.ub.edu\/functionalmaterials\/es\/wp-json\/wp\/v2\/users\/1"}],"replies":[{"embeddable":true,"href":"https:\/\/www.ub.edu\/functionalmaterials\/es\/wp-json\/wp\/v2\/comments?post=697"}],"version-history":[{"count":1,"href":"https:\/\/www.ub.edu\/functionalmaterials\/es\/wp-json\/wp\/v2\/pages\/697\/revisions"}],"predecessor-version":[{"id":1001,"href":"https:\/\/www.ub.edu\/functionalmaterials\/es\/wp-json\/wp\/v2\/pages\/697\/revisions\/1001"}],"wp:attachment":[{"href":"https:\/\/www.ub.edu\/functionalmaterials\/es\/wp-json\/wp\/v2\/media?parent=697"}],"curies":[{"name":"wp","href":"https:\/\/api.w.org\/{rel}","templated":true}]}}