{"id":701,"date":"2023-04-30T19:21:54","date_gmt":"2023-04-30T17:21:54","guid":{"rendered":"https:\/\/www.ub.edu\/functionalmaterials\/actualitat\/"},"modified":"2023-05-25T13:20:39","modified_gmt":"2023-05-25T11:20:39","slug":"actualidad","status":"publish","type":"page","link":"https:\/\/www.ub.edu\/functionalmaterials\/es\/actualidad\/","title":{"rendered":"Actualidad"},"content":{"rendered":"<p>[et_pb_section fb_built=\u00bb1&#8243; fullwidth=\u00bbon\u00bb _builder_version=\u00bb4.20.0&#8243; _module_preset=\u00bbdefault\u00bb global_colors_info=\u00bb{}\u00bb][et_pb_fullwidth_header title=\u00bbActualidad\u00bb _builder_version=\u00bb4.20.4&#8243; _module_preset=\u00bbdefault\u00bb title_font=\u00bb|300|||||||\u00bb title_font_size=\u00bb60px\u00bb use_background_color_gradient=\u00bbon\u00bb background_color_gradient_type=\u00bbcircular\u00bb background_color_gradient_direction_radial=\u00bbtop left\u00bb background_color_gradient_stops=\u00bbrgba(11,84,105,0.73) 0%|rgba(51,18,35,0.69) 32%|rgba(163,140,98,0.69) 56%|rgba(5,154,178,0.66) 87%\u00bb background_color_gradient_overlays_image=\u00bbon\u00bb background_image=\u00bbhttps:\/\/www.ub.edu\/functionalmaterials\/wp-content\/uploads\/2023\/05\/Actualitat_foto-capcalera-ub.webp\u00bb min_height=\u00bb50vh\u00bb custom_padding=\u00bb15vh||15vh||false|false\u00bb hover_enabled=\u00bb0&#8243; custom_css_header_container=\u00bb||\u00bb custom_css_title=\u00bbmax-width:40%;\u00bb global_colors_info=\u00bb{}\u00bb custom_css_header_container_last_edited=\u00bbon|desktop\u00bb custom_css_title_last_edited=\u00bbon|phone\u00bb custom_css_title_tablet=\u00bbmax-width:80%;\u00bb custom_css_title_phone=\u00bbmax-width:100%;\u00bb custom_css_header_container_tablet=\u00bb||\u00bb custom_css_header_container_phone=\u00bb||\u00bb sticky_enabled=\u00bb0&#8243;][\/et_pb_fullwidth_header][\/et_pb_section][et_pb_section fb_built=\u00bb1&#8243; admin_label=\u00bbsection\u00bb _builder_version=\u00bb4.16&#8243; global_colors_info=\u00bb{}\u00bb][et_pb_row admin_label=\u00bbrow\u00bb _builder_version=\u00bb4.20.4&#8243; background_size=\u00bbinitial\u00bb background_position=\u00bbtop_left\u00bb background_repeat=\u00bbrepeat\u00bb custom_margin=\u00bb||0px||false|false\u00bb custom_padding=\u00bb||0px||false|false\u00bb global_colors_info=\u00bb{}\u00bb][et_pb_column type=\u00bb4_4&#8243; _builder_version=\u00bb4.16&#8243; custom_padding=\u00bb|||\u00bb global_colors_info=\u00bb{}\u00bb custom_padding__hover=\u00bb|||\u00bb][et_pb_text _builder_version=\u00bb4.20.4&#8243; _module_preset=\u00bbdefault\u00bb global_colors_info=\u00bb{}\u00bb]<\/p>\n\n\t\n\t<div class=\"llista_actualitat \" ><div class=\"et_pb_row  et_pb_equal_columns\" style=\"width:100%;\"><div class=\"et_pb_column et_pb_column_1_2\"><article class=\"item una_actualitat \">\n\t    \t<div class=\"imatge_actualitat\"><img decoding=\"async\" src=\"https:\/\/www.ub.edu\/functionalmaterials\/wp-content\/uploads\/2026\/04\/FerroelasticMaterials_Casals.png\"><\/div>\n\t\t\t\t\t<h4 class=\"fletxa_anterior\">El Dr. Blai Casals coedita el libro Ferroelastic Materials, junto con los investigadores Guillaume F. Nataf y Ekhard K.H. Salje. Una introducci\u00f3n completa a los materiales ferroelasticos, sus transiciones de fase y sus estructuras.<\/h4><div style=\"text-align:center;\"><a href=\"https:\/\/www.ub.edu\/portal\/web\/dp-fisica-aplicada\/detall\/-\/detall\/publicat-el-llibre-ferroelastic-materials-coeditat-pel-dr-blai-casals\" class=\"et_pb_button et_pb_bg_layout_light\" target=\"_blank\">M\u00e9s info<\/a><\/div><\/article><\/div><div class=\"et_pb_column et_pb_column_1_2\"><article class=\"item una_actualitat \">\n\t    \t<div class=\"imatge_actualitat\"><img decoding=\"async\" src=\"https:\/\/www.ub.edu\/functionalmaterials\/wp-content\/uploads\/2025\/12\/Cover-page-Adv-Materials-Inter-2025-Regis-Airbrushing-A-Novel-Method-for-Preparation-of-High\u2010Emissivity-Black-Coating-for-1.jpg\"><\/div>\n\t\t\t\t\t<h4 class=\"fletxa_anterior\">\u201cAirbrushing: A Novel Method for Preparation of High-emissivity Black Coating for Infrared Measurements\u201d, featured cover of Wiley Advanced November 2025.<\/h4><div style=\"text-align:center;\"><a href=\"https:\/\/advanced.onlinelibrary.wiley.com\/doi\/10.1002\/admi.70203\" class=\"et_pb_button et_pb_bg_layout_light\" target=\"_blank\">M\u00e9s info<\/a><\/div><\/article><\/div><div class=\"et_pb_column et_pb_column_1_2 et-last-child\"><article class=\"item una_actualitat \">\n\t    \t<div class=\"imatge_actualitat\"><img decoding=\"async\" src=\"https:\/\/www.ub.edu\/functionalmaterials\/wp-content\/uploads\/2025\/12\/\u5fae\u4fe1\u56fe\u7247_20251205140600_98_180-scaled.jpg\"><\/div>\n\t\t\t\t\t<h4 class=\"fletxa_anterior\">Team building activity<\/h4><div style=\"text-align:center;\"><a href=\"https:\/\/www.ub.edu\/functionalmaterials\/2025\/11\/25\/team-building-activity\/\" class=\"et_pb_button et_pb_bg_layout_light\" target=\"_blank\">M\u00e9s info<\/a><\/div><\/article><\/div><\/div><div class=\"et_pb_row  et_pb_equal_columns\" style=\"width:100%;\"><div class=\"et_pb_column et_pb_column_1_2\"><article class=\"item una_actualitat \">\n\t    \t<div class=\"imatge_actualitat\"><img decoding=\"async\" src=\"https:\/\/www.ub.edu\/functionalmaterials\/wp-content\/uploads\/2025\/06\/foto-twister-capcalera-retoc.jpg\"><\/div>\n\t\t\t\t\t<h4 class=\"fletxa_anterior\">El proyecto TWISTER, del Departamento de F\u00edsica de la Materia Condensada, seleccionado en convocatoria de Ayudas de Industria del Conocimiento 2023<\/h4><div style=\"text-align:center;\"><a href=\"https:\/\/www.fbg.ub.edu\/es\/actualidad\/la-universidad-de-barcelona-lidera-el-ranking-de-universidades-catalanas-con-el-mayor-numero-de-proyectos-seleccionados-en-la-convocatoria-de-ayudas-de-industria-del-conocimiento-2023\/\" class=\"et_pb_button et_pb_bg_layout_light\" target=\"_blank\">M\u00e9s info<\/a><\/div><\/article><\/div><div class=\"et_pb_column et_pb_column_1_2\"><article class=\"item una_actualitat \">\n\t    \t<div class=\"imatge_actualitat\"><img decoding=\"async\" src=\"https:\/\/www.ub.edu\/functionalmaterials\/wp-content\/uploads\/2025\/06\/UB_portada-llibre_Phase-Transition.jpeg\"><\/div>\n\t\t\t\t\t<h4 class=\"fletxa_anterior\">El Professor em\u00e9rito Antoni Planes Vila ha publicado el libro Phase Transitions: A Materials Perspective, una introducci\u00f3n a la teor\u00eda de las transiciones de fase y su aplicaci\u00f3n a materiales reales.<\/h4><div style=\"text-align:center;\"><a href=\"https:\/\/www.cambridge.org\/9781009549752\" class=\"et_pb_button et_pb_bg_layout_light\" target=\"_blank\">M\u00e9s info<\/a><\/div><\/article><\/div><div class=\"et_pb_column et_pb_column_1_2 et-last-child\"><article class=\"item una_actualitat \">\n\t    \t<div class=\"imatge_actualitat\"><img decoding=\"async\" src=\"https:\/\/www.ub.edu\/functionalmaterials\/wp-content\/uploads\/2023\/12\/Premis-Consell-Social-i-FBG_guanyadors-2023.jpg\"><\/div>\n\t\t\t\t\t<h4 class=\"fletxa_anterior\">Adri\u00e0 Gr\u00e0cia ha sido galardonado con el Premio Ramon Margalef del Consell Social i de la Fundaci\u00f3 Bosch i Gimpera por su trabajo \u201cA multicaloric cooling cycle that exploits thermal hysteresis\u201d publicado en Nature Materials<\/h4><div style=\"text-align:center;\"><a href=\"https:\/\/www.ub.edu\/portal\/web\/fisica\/detall\/-\/detall\/adria-gracia-premi-ramon-margalef-del-consell-social-i-de-la-fundacio-bosch-i-gimpera\" class=\"et_pb_button et_pb_bg_layout_light\" target=\"_blank\">M\u00e9s info<\/a><\/div><\/article><\/div><\/div><div class=\"et_pb_row  et_pb_equal_columns\" style=\"width:100%;\"><div class=\"et_pb_column et_pb_column_1_2\"><article class=\"item una_actualitat \">\n\t    \t<div class=\"imatge_actualitat\"><img decoding=\"async\" src=\"https:\/\/www.ub.edu\/functionalmaterials\/wp-content\/uploads\/2023\/09\/2023-antoni-planes-23318-S.jpg\"><\/div>\n\t\t\t\t\t<h4 class=\"fletxa_anterior\">Conferencia \u00bb Transiciones de fase en los materiales: Homenaje al 70 aniversario del Prof. Antoni Planes\u00bb. Facultat de F\u00edsica UB, Barcelona (22\/09\/2023)<\/h4><div style=\"text-align:center;\"><a href=\"https:\/\/www.ub.edu\/functionalmaterials\/phase_trans_mat_2023\/\" class=\"et_pb_button et_pb_bg_layout_light\" target=\"_blank\">M\u00e9s info<\/a><\/div><\/article><\/div><div class=\"et_pb_column et_pb_column_1_2\"><article class=\"item una_actualitat \">\n\t    \t<div class=\"imatge_actualitat\"><img decoding=\"async\" src=\"https:\/\/www.ub.edu\/functionalmaterials\/wp-content\/uploads\/2023\/04\/Actualitat_2_ranquing_Best_Scientist_Lluis.png\"><\/div>\n\t\t\t\t\t<h4 class=\"fletxa_anterior\">En el ranking Best Scientist hay PDI de la Facultad de F\u00edsica, como por ejemplo #LiciaVerde, #RobertoEmpar\u00e1n o Llu\u00eds Ma\u00f1osa<\/h4><div style=\"text-align:center;\"><a href=\"https:\/\/twitter.com\/FisicaUB\/status\/1640642610896289794?t=5d04IgaXoGgyqH4po5WFrw&s=03\" class=\"et_pb_button et_pb_bg_layout_light\" target=\"_blank\">M\u00e9s info<\/a><\/div><\/article><\/div><div class=\"et_pb_column et_pb_column_1_2 et-last-child\"><article class=\"item una_actualitat \">\n\t    \t<div class=\"imatge_actualitat\"><img decoding=\"async\" src=\"https:\/\/www.ub.edu\/functionalmaterials\/wp-content\/uploads\/2023\/04\/Actualitat_2_FBG_Eduard-Vives-i-Enric-Stern.jpeg\"><\/div>\n\t\t\t\t\t<h4 class=\"fletxa_anterior\">Investigadores de la UB reciben una ayuda AGAUR-Llavor para desarrollar un prototipo de refrigerador basado en el caucho<\/h4><div style=\"text-align:center;\"><a href=\"http:\/\/www.fbg.ub.edu\/actualitat\/investigadors-de-la-ub-reben-un-ajut-agaur-llavor-per-desenvolupar-un-prototip-de-refrigerador-basat-en-el-cautxu\/\" class=\"et_pb_button et_pb_bg_layout_light\" target=\"_blank\">M\u00e9s info<\/a><\/div><\/article><\/div><\/div><div class=\"et_pb_row  et_pb_equal_columns\" style=\"width:100%;\"><div class=\"et_pb_column et_pb_column_1_2\"><article class=\"item una_actualitat \">\n\t    \t<div class=\"imatge_actualitat\"><img decoding=\"async\" src=\"https:\/\/www.ub.edu\/functionalmaterials\/wp-content\/uploads\/2023\/04\/Actualitat_3_Lluis-Manosa_ESOMAT.jpeg\"><\/div>\n\t\t\t\t\t<h4 class=\"fletxa_anterior\">Prof. Dr. Lluis Manosa en el 12\u00ba Simposio Europeo sobre Transformaciones Martens\u00edticas (ESOMAT)<\/h4><div style=\"text-align:center;\"><a href=\"https:\/\/twitter.com\/symposium_on\/status\/1543964503607484418\" class=\"et_pb_button et_pb_bg_layout_light\" target=\"_blank\">M\u00e9s info<\/a><\/div><\/article><\/div><\/div><\/div>\n<p>[\/et_pb_text][\/et_pb_column][\/et_pb_row][\/et_pb_section]<\/p>\n","protected":false},"excerpt":{"rendered":"<p>[et_pb_section fb_built=\u00bb1&#8243; fullwidth=\u00bbon\u00bb _builder_version=\u00bb4.20.0&#8243; _module_preset=\u00bbdefault\u00bb global_colors_info=\u00bb{}\u00bb][et_pb_fullwidth_header title=\u00bbActualidad\u00bb _builder_version=\u00bb4.20.4&#8243; _module_preset=\u00bbdefault\u00bb title_font=\u00bb|300|||||||\u00bb title_font_size=\u00bb60px\u00bb use_background_color_gradient=\u00bbon\u00bb background_color_gradient_type=\u00bbcircular\u00bb background_color_gradient_direction_radial=\u00bbtop left\u00bb background_color_gradient_stops=\u00bbrgba(11,84,105,0.73) 0%|rgba(51,18,35,0.69) 32%|rgba(163,140,98,0.69) 56%|rgba(5,154,178,0.66) 87%\u00bb background_color_gradient_overlays_image=\u00bbon\u00bb background_image=\u00bbhttps:\/\/www.ub.edu\/functionalmaterials\/wp-content\/uploads\/2023\/05\/Actualitat_foto-capcalera-ub.webp\u00bb min_height=\u00bb50vh\u00bb custom_padding=\u00bb15vh||15vh||false|false\u00bb hover_enabled=\u00bb0&#8243; custom_css_header_container=\u00bb||\u00bb custom_css_title=\u00bbmax-width:40%;\u00bb global_colors_info=\u00bb{}\u00bb custom_css_header_container_last_edited=\u00bbon|desktop\u00bb custom_css_title_last_edited=\u00bbon|phone\u00bb custom_css_title_tablet=\u00bbmax-width:80%;\u00bb custom_css_title_phone=\u00bbmax-width:100%;\u00bb custom_css_header_container_tablet=\u00bb||\u00bb custom_css_header_container_phone=\u00bb||\u00bb sticky_enabled=\u00bb0&#8243;][\/et_pb_fullwidth_header][\/et_pb_section][et_pb_section fb_built=\u00bb1&#8243; admin_label=\u00bbsection\u00bb _builder_version=\u00bb4.16&#8243; global_colors_info=\u00bb{}\u00bb][et_pb_row admin_label=\u00bbrow\u00bb _builder_version=\u00bb4.20.4&#8243; background_size=\u00bbinitial\u00bb background_position=\u00bbtop_left\u00bb background_repeat=\u00bbrepeat\u00bb custom_margin=\u00bb||0px||false|false\u00bb custom_padding=\u00bb||0px||false|false\u00bb global_colors_info=\u00bb{}\u00bb][et_pb_column type=\u00bb4_4&#8243; _builder_version=\u00bb4.16&#8243; custom_padding=\u00bb|||\u00bb global_colors_info=\u00bb{}\u00bb custom_padding__hover=\u00bb|||\u00bb][et_pb_text _builder_version=\u00bb4.20.4&#8243; _module_preset=\u00bbdefault\u00bb global_colors_info=\u00bb{}\u00bb] [&hellip;]<\/p>\n","protected":false},"author":1,"featured_media":0,"parent":0,"menu_order":0,"comment_status":"closed","ping_status":"closed","template":"","meta":{"_acf_changed":false,"_et_pb_use_builder":"on","_et_pb_old_content":"","_et_gb_content_width":"","inline_featured_image":false,"footnotes":""},"class_list":["post-701","page","type-page","status-publish","hentry"],"acf":[],"yoast_head":"<!-- This site is optimized with the Yoast SEO plugin v27.4 - https:\/\/yoast.com\/product\/yoast-seo-wordpress\/ -->\n<title>Actualidad - Materiales Funcionales y Transiciones de Fase<\/title>\n<meta name=\"robots\" content=\"index, follow, max-snippet:-1, max-image-preview:large, max-video-preview:-1\" \/>\n<link rel=\"canonical\" href=\"https:\/\/www.ub.edu\/functionalmaterials\/es\/actualidad\/\" \/>\n<meta property=\"og:locale\" content=\"es_ES\" \/>\n<meta property=\"og:type\" content=\"article\" \/>\n<meta property=\"og:title\" content=\"Actualidad - Materiales Funcionales y Transiciones de Fase\" \/>\n<meta property=\"og:description\" content=\"[et_pb_section fb_built=\u00bb1&#8243; fullwidth=\u00bbon\u00bb _builder_version=\u00bb4.20.0&#8243; _module_preset=\u00bbdefault\u00bb global_colors_info=\u00bb{}\u00bb][et_pb_fullwidth_header title=\u00bbActualidad\u00bb _builder_version=\u00bb4.20.4&#8243; _module_preset=\u00bbdefault\u00bb title_font=\u00bb|300|||||||\u00bb title_font_size=\u00bb60px\u00bb use_background_color_gradient=\u00bbon\u00bb background_color_gradient_type=\u00bbcircular\u00bb background_color_gradient_direction_radial=\u00bbtop left\u00bb background_color_gradient_stops=\u00bbrgba(11,84,105,0.73) 0%|rgba(51,18,35,0.69) 32%|rgba(163,140,98,0.69) 56%|rgba(5,154,178,0.66) 87%\u00bb background_color_gradient_overlays_image=\u00bbon\u00bb background_image=\u00bbhttps:\/\/www.ub.edu\/functionalmaterials\/wp-content\/uploads\/2023\/05\/Actualitat_foto-capcalera-ub.webp\u00bb min_height=\u00bb50vh\u00bb custom_padding=\u00bb15vh||15vh||false|false\u00bb hover_enabled=\u00bb0&#8243; custom_css_header_container=\u00bb||\u00bb custom_css_title=\u00bbmax-width:40%;\u00bb global_colors_info=\u00bb{}\u00bb custom_css_header_container_last_edited=\u00bbon|desktop\u00bb custom_css_title_last_edited=\u00bbon|phone\u00bb custom_css_title_tablet=\u00bbmax-width:80%;\u00bb custom_css_title_phone=\u00bbmax-width:100%;\u00bb custom_css_header_container_tablet=\u00bb||\u00bb custom_css_header_container_phone=\u00bb||\u00bb sticky_enabled=\u00bb0&#8243;][\/et_pb_fullwidth_header][\/et_pb_section][et_pb_section fb_built=\u00bb1&#8243; admin_label=\u00bbsection\u00bb _builder_version=\u00bb4.16&#8243; global_colors_info=\u00bb{}\u00bb][et_pb_row admin_label=\u00bbrow\u00bb _builder_version=\u00bb4.20.4&#8243; background_size=\u00bbinitial\u00bb background_position=\u00bbtop_left\u00bb background_repeat=\u00bbrepeat\u00bb custom_margin=\u00bb||0px||false|false\u00bb custom_padding=\u00bb||0px||false|false\u00bb global_colors_info=\u00bb{}\u00bb][et_pb_column type=\u00bb4_4&#8243; _builder_version=\u00bb4.16&#8243; custom_padding=\u00bb|||\u00bb global_colors_info=\u00bb{}\u00bb custom_padding__hover=\u00bb|||\u00bb][et_pb_text _builder_version=\u00bb4.20.4&#8243; _module_preset=\u00bbdefault\u00bb global_colors_info=\u00bb{}\u00bb] [&hellip;]\" \/>\n<meta property=\"og:url\" content=\"https:\/\/www.ub.edu\/functionalmaterials\/es\/actualidad\/\" \/>\n<meta property=\"og:site_name\" content=\"Materiales Funcionales y Transiciones de Fase\" \/>\n<meta property=\"article:modified_time\" content=\"2023-05-25T11:20:39+00:00\" \/>\n<meta name=\"twitter:card\" content=\"summary_large_image\" \/>\n<meta name=\"twitter:label1\" content=\"Tiempo de lectura\" \/>\n\t<meta name=\"twitter:data1\" content=\"1 minuto\" \/>\n<script type=\"application\/ld+json\" class=\"yoast-schema-graph\">{\"@context\":\"https:\\\/\\\/schema.org\",\"@graph\":[{\"@type\":\"WebPage\",\"@id\":\"https:\\\/\\\/www.ub.edu\\\/functionalmaterials\\\/es\\\/actualidad\\\/\",\"url\":\"https:\\\/\\\/www.ub.edu\\\/functionalmaterials\\\/es\\\/actualidad\\\/\",\"name\":\"Actualidad - Materiales Funcionales y Transiciones de Fase\",\"isPartOf\":{\"@id\":\"https:\\\/\\\/www.ub.edu\\\/functionalmaterials\\\/es\\\/#website\"},\"datePublished\":\"2023-04-30T17:21:54+00:00\",\"dateModified\":\"2023-05-25T11:20:39+00:00\",\"breadcrumb\":{\"@id\":\"https:\\\/\\\/www.ub.edu\\\/functionalmaterials\\\/es\\\/actualidad\\\/#breadcrumb\"},\"inLanguage\":\"es\",\"potentialAction\":[{\"@type\":\"ReadAction\",\"target\":[\"https:\\\/\\\/www.ub.edu\\\/functionalmaterials\\\/es\\\/actualidad\\\/\"]}]},{\"@type\":\"BreadcrumbList\",\"@id\":\"https:\\\/\\\/www.ub.edu\\\/functionalmaterials\\\/es\\\/actualidad\\\/#breadcrumb\",\"itemListElement\":[{\"@type\":\"ListItem\",\"position\":1,\"name\":\"Inici\",\"item\":\"https:\\\/\\\/www.ub.edu\\\/functionalmaterials\\\/es\\\/\"},{\"@type\":\"ListItem\",\"position\":2,\"name\":\"Actualidad\"}]},{\"@type\":\"WebSite\",\"@id\":\"https:\\\/\\\/www.ub.edu\\\/functionalmaterials\\\/es\\\/#website\",\"url\":\"https:\\\/\\\/www.ub.edu\\\/functionalmaterials\\\/es\\\/\",\"name\":\"Materials funcionals i trancicions de fase\",\"description\":\"Grupo de investigaci\u00f3n de la Universitat de Barcelona (UB)\",\"publisher\":{\"@id\":\"https:\\\/\\\/www.ub.edu\\\/functionalmaterials\\\/es\\\/#organization\"},\"potentialAction\":[{\"@type\":\"SearchAction\",\"target\":{\"@type\":\"EntryPoint\",\"urlTemplate\":\"https:\\\/\\\/www.ub.edu\\\/functionalmaterials\\\/es\\\/?s={search_term_string}\"},\"query-input\":{\"@type\":\"PropertyValueSpecification\",\"valueRequired\":true,\"valueName\":\"search_term_string\"}}],\"inLanguage\":\"es\"},{\"@type\":\"Organization\",\"@id\":\"https:\\\/\\\/www.ub.edu\\\/functionalmaterials\\\/es\\\/#organization\",\"name\":\"Materials funcionals i trancicions de fase\",\"url\":\"https:\\\/\\\/www.ub.edu\\\/functionalmaterials\\\/es\\\/\",\"logo\":{\"@type\":\"ImageObject\",\"inLanguage\":\"es\",\"@id\":\"https:\\\/\\\/www.ub.edu\\\/functionalmaterials\\\/es\\\/#\\\/schema\\\/logo\\\/image\\\/\",\"url\":\"https:\\\/\\\/www.ub.edu\\\/functionalmaterials\\\/wp-content\\\/uploads\\\/2023\\\/05\\\/favicon.png\",\"contentUrl\":\"https:\\\/\\\/www.ub.edu\\\/functionalmaterials\\\/wp-content\\\/uploads\\\/2023\\\/05\\\/favicon.png\",\"width\":250,\"height\":291,\"caption\":\"Materials funcionals i trancicions de fase\"},\"image\":{\"@id\":\"https:\\\/\\\/www.ub.edu\\\/functionalmaterials\\\/es\\\/#\\\/schema\\\/logo\\\/image\\\/\"}}]}<\/script>\n<!-- \/ Yoast SEO plugin. -->","yoast_head_json":{"title":"Actualidad - Materiales Funcionales y Transiciones de Fase","robots":{"index":"index","follow":"follow","max-snippet":"max-snippet:-1","max-image-preview":"max-image-preview:large","max-video-preview":"max-video-preview:-1"},"canonical":"https:\/\/www.ub.edu\/functionalmaterials\/es\/actualidad\/","og_locale":"es_ES","og_type":"article","og_title":"Actualidad - Materiales Funcionales y Transiciones de Fase","og_description":"[et_pb_section fb_built=\u00bb1&#8243; fullwidth=\u00bbon\u00bb _builder_version=\u00bb4.20.0&#8243; _module_preset=\u00bbdefault\u00bb global_colors_info=\u00bb{}\u00bb][et_pb_fullwidth_header title=\u00bbActualidad\u00bb _builder_version=\u00bb4.20.4&#8243; _module_preset=\u00bbdefault\u00bb title_font=\u00bb|300|||||||\u00bb title_font_size=\u00bb60px\u00bb use_background_color_gradient=\u00bbon\u00bb background_color_gradient_type=\u00bbcircular\u00bb background_color_gradient_direction_radial=\u00bbtop left\u00bb background_color_gradient_stops=\u00bbrgba(11,84,105,0.73) 0%|rgba(51,18,35,0.69) 32%|rgba(163,140,98,0.69) 56%|rgba(5,154,178,0.66) 87%\u00bb background_color_gradient_overlays_image=\u00bbon\u00bb background_image=\u00bbhttps:\/\/www.ub.edu\/functionalmaterials\/wp-content\/uploads\/2023\/05\/Actualitat_foto-capcalera-ub.webp\u00bb min_height=\u00bb50vh\u00bb custom_padding=\u00bb15vh||15vh||false|false\u00bb hover_enabled=\u00bb0&#8243; custom_css_header_container=\u00bb||\u00bb custom_css_title=\u00bbmax-width:40%;\u00bb global_colors_info=\u00bb{}\u00bb custom_css_header_container_last_edited=\u00bbon|desktop\u00bb custom_css_title_last_edited=\u00bbon|phone\u00bb custom_css_title_tablet=\u00bbmax-width:80%;\u00bb custom_css_title_phone=\u00bbmax-width:100%;\u00bb custom_css_header_container_tablet=\u00bb||\u00bb custom_css_header_container_phone=\u00bb||\u00bb sticky_enabled=\u00bb0&#8243;][\/et_pb_fullwidth_header][\/et_pb_section][et_pb_section fb_built=\u00bb1&#8243; admin_label=\u00bbsection\u00bb _builder_version=\u00bb4.16&#8243; global_colors_info=\u00bb{}\u00bb][et_pb_row admin_label=\u00bbrow\u00bb _builder_version=\u00bb4.20.4&#8243; background_size=\u00bbinitial\u00bb background_position=\u00bbtop_left\u00bb background_repeat=\u00bbrepeat\u00bb custom_margin=\u00bb||0px||false|false\u00bb custom_padding=\u00bb||0px||false|false\u00bb global_colors_info=\u00bb{}\u00bb][et_pb_column type=\u00bb4_4&#8243; _builder_version=\u00bb4.16&#8243; custom_padding=\u00bb|||\u00bb global_colors_info=\u00bb{}\u00bb custom_padding__hover=\u00bb|||\u00bb][et_pb_text _builder_version=\u00bb4.20.4&#8243; _module_preset=\u00bbdefault\u00bb global_colors_info=\u00bb{}\u00bb] [&hellip;]","og_url":"https:\/\/www.ub.edu\/functionalmaterials\/es\/actualidad\/","og_site_name":"Materiales Funcionales y Transiciones de Fase","article_modified_time":"2023-05-25T11:20:39+00:00","twitter_card":"summary_large_image","twitter_misc":{"Tiempo de lectura":"1 minuto"},"schema":{"@context":"https:\/\/schema.org","@graph":[{"@type":"WebPage","@id":"https:\/\/www.ub.edu\/functionalmaterials\/es\/actualidad\/","url":"https:\/\/www.ub.edu\/functionalmaterials\/es\/actualidad\/","name":"Actualidad - Materiales Funcionales y Transiciones de Fase","isPartOf":{"@id":"https:\/\/www.ub.edu\/functionalmaterials\/es\/#website"},"datePublished":"2023-04-30T17:21:54+00:00","dateModified":"2023-05-25T11:20:39+00:00","breadcrumb":{"@id":"https:\/\/www.ub.edu\/functionalmaterials\/es\/actualidad\/#breadcrumb"},"inLanguage":"es","potentialAction":[{"@type":"ReadAction","target":["https:\/\/www.ub.edu\/functionalmaterials\/es\/actualidad\/"]}]},{"@type":"BreadcrumbList","@id":"https:\/\/www.ub.edu\/functionalmaterials\/es\/actualidad\/#breadcrumb","itemListElement":[{"@type":"ListItem","position":1,"name":"Inici","item":"https:\/\/www.ub.edu\/functionalmaterials\/es\/"},{"@type":"ListItem","position":2,"name":"Actualidad"}]},{"@type":"WebSite","@id":"https:\/\/www.ub.edu\/functionalmaterials\/es\/#website","url":"https:\/\/www.ub.edu\/functionalmaterials\/es\/","name":"Materials funcionals i trancicions de fase","description":"Grupo de investigaci\u00f3n de la Universitat de Barcelona (UB)","publisher":{"@id":"https:\/\/www.ub.edu\/functionalmaterials\/es\/#organization"},"potentialAction":[{"@type":"SearchAction","target":{"@type":"EntryPoint","urlTemplate":"https:\/\/www.ub.edu\/functionalmaterials\/es\/?s={search_term_string}"},"query-input":{"@type":"PropertyValueSpecification","valueRequired":true,"valueName":"search_term_string"}}],"inLanguage":"es"},{"@type":"Organization","@id":"https:\/\/www.ub.edu\/functionalmaterials\/es\/#organization","name":"Materials funcionals i trancicions de fase","url":"https:\/\/www.ub.edu\/functionalmaterials\/es\/","logo":{"@type":"ImageObject","inLanguage":"es","@id":"https:\/\/www.ub.edu\/functionalmaterials\/es\/#\/schema\/logo\/image\/","url":"https:\/\/www.ub.edu\/functionalmaterials\/wp-content\/uploads\/2023\/05\/favicon.png","contentUrl":"https:\/\/www.ub.edu\/functionalmaterials\/wp-content\/uploads\/2023\/05\/favicon.png","width":250,"height":291,"caption":"Materials funcionals i trancicions de fase"},"image":{"@id":"https:\/\/www.ub.edu\/functionalmaterials\/es\/#\/schema\/logo\/image\/"}}]}},"_links":{"self":[{"href":"https:\/\/www.ub.edu\/functionalmaterials\/es\/wp-json\/wp\/v2\/pages\/701","targetHints":{"allow":["GET"]}}],"collection":[{"href":"https:\/\/www.ub.edu\/functionalmaterials\/es\/wp-json\/wp\/v2\/pages"}],"about":[{"href":"https:\/\/www.ub.edu\/functionalmaterials\/es\/wp-json\/wp\/v2\/types\/page"}],"author":[{"embeddable":true,"href":"https:\/\/www.ub.edu\/functionalmaterials\/es\/wp-json\/wp\/v2\/users\/1"}],"replies":[{"embeddable":true,"href":"https:\/\/www.ub.edu\/functionalmaterials\/es\/wp-json\/wp\/v2\/comments?post=701"}],"version-history":[{"count":0,"href":"https:\/\/www.ub.edu\/functionalmaterials\/es\/wp-json\/wp\/v2\/pages\/701\/revisions"}],"wp:attachment":[{"href":"https:\/\/www.ub.edu\/functionalmaterials\/es\/wp-json\/wp\/v2\/media?parent=701"}],"curies":[{"name":"wp","href":"https:\/\/api.w.org\/{rel}","templated":true}]}}