{"id":720,"date":"2023-04-22T13:08:39","date_gmt":"2023-04-22T11:08:39","guid":{"rendered":"https:\/\/www.ub.edu\/functionalmaterials\/contacte\/"},"modified":"2023-06-30T15:50:26","modified_gmt":"2023-06-30T13:50:26","slug":"contacto","status":"publish","type":"page","link":"https:\/\/www.ub.edu\/functionalmaterials\/es\/contacto\/","title":{"rendered":"Contacto"},"content":{"rendered":"<p>[et_pb_section fb_built=\u00bb1&#8243; fullwidth=\u00bbon\u00bb _builder_version=\u00bb4.20.0&#8243; _module_preset=\u00bbdefault\u00bb global_colors_info=\u00bb{}\u00bb][et_pb_fullwidth_header title=\u00bbFacultad de F\u00edsica de la Universitat de Barcelona\u00bb _builder_version=\u00bb4.20.4&#8243; _module_preset=\u00bbdefault\u00bb title_font=\u00bb|300|||||||\u00bb title_font_size=\u00bb60px\u00bb use_background_color_gradient=\u00bbon\u00bb background_color_gradient_type=\u00bbcircular\u00bb background_color_gradient_direction_radial=\u00bbtop left\u00bb background_color_gradient_stops=\u00bbrgba(11,84,105,0.73) 0%|rgba(51,18,35,0.69) 32%|rgba(163,140,98,0.69) 56%|rgba(5,154,178,0.66) 87%\u00bb background_color_gradient_overlays_image=\u00bbon\u00bb background_image=\u00bbhttps:\/\/www.ub.edu\/functionalmaterials\/wp-content\/uploads\/2023\/05\/foto-contacte-capcalera-ub.webp\u00bb background_position=\u00bbtop_center\u00bb min_height=\u00bb50vh\u00bb custom_padding=\u00bb15vh||15vh||false|false\u00bb custom_css_header_container=\u00bb||\u00bb custom_css_title=\u00bbmax-width:40%;\u00bb global_colors_info=\u00bb{}\u00bb custom_css_header_container_last_edited=\u00bbon|desktop\u00bb custom_css_title_last_edited=\u00bbon|phone\u00bb custom_css_title_tablet=\u00bbmax-width:80%;\u00bb custom_css_title_phone=\u00bbmax-width:100%;\u00bb custom_css_header_container_tablet=\u00bb||\u00bb custom_css_header_container_phone=\u00bb||\u00bb][\/et_pb_fullwidth_header][\/et_pb_section][et_pb_section fb_built=\u00bb1&#8243; admin_label=\u00bbsection\u00bb _builder_version=\u00bb4.16&#8243; global_colors_info=\u00bb{}\u00bb][et_pb_row admin_label=\u00bbrow\u00bb _builder_version=\u00bb4.16&#8243; background_size=\u00bbinitial\u00bb background_position=\u00bbtop_left\u00bb background_repeat=\u00bbrepeat\u00bb global_colors_info=\u00bb{}\u00bb][et_pb_column type=\u00bb4_4&#8243; _builder_version=\u00bb4.16&#8243; custom_padding=\u00bb|||\u00bb global_colors_info=\u00bb{}\u00bb custom_padding__hover=\u00bb|||\u00bb][et_pb_text admin_label=\u00bbText\u00bb module_class=\u00bbdestacat\u00bb _builder_version=\u00bb4.20.4&#8243; text_font=\u00bb|300|||||||\u00bb background_size=\u00bbinitial\u00bb background_position=\u00bbtop_left\u00bb background_repeat=\u00bbrepeat\u00bb text_orientation=\u00bbcenter\u00bb global_colors_info=\u00bb{}\u00bb]<\/p>\n<p>El grupo de investigaci\u00f3n <strong>Materiales Funcionales y Transiciones de Fase<\/strong> est\u00e1 ubicado en la Facultad de F\u00edsica de la Universitat de Barcelona, en un edificio que comparte con la Facultad de Qu\u00edmica.<\/p>\n<p>El <strong>Laboratorio de Materiales<\/strong> se encuentra en la sexta planta del edificio nuevo de los departamentos de la Facultad de F\u00edsica.<\/p>\n<p>[\/et_pb_text][\/et_pb_column][\/et_pb_row][\/et_pb_section][et_pb_section fb_built=\u00bb1&#8243; _builder_version=\u00bb4.20.4&#8243; _module_preset=\u00bbdefault\u00bb use_background_color_gradient=\u00bbon\u00bb background_color_gradient_direction=\u00bb90deg\u00bb background_color_gradient_stops=\u00bbrgba(188,134,27,0.44) 0%|rgba(64,127,137,0.41) 99%\u00bb background_color_gradient_overlays_image=\u00bbon\u00bb background_image=\u00bbhttps:\/\/www.ub.edu\/functionalmaterials\/wp-content\/uploads\/2023\/04\/imatge-inetrmedia-contacte-passadis.webp\u00bb min_height=\u00bb45vh\u00bb global_colors_info=\u00bb{}\u00bb][et_pb_row _builder_version=\u00bb4.20.0&#8243; _module_preset=\u00bbdefault\u00bb global_colors_info=\u00bb{}\u00bb][et_pb_column type=\u00bb4_4&#8243; _builder_version=\u00bb4.20.0&#8243; _module_preset=\u00bbdefault\u00bb global_colors_info=\u00bb{}\u00bb][et_pb_text _builder_version=\u00bb4.20.0&#8243; _module_preset=\u00bbdefault\u00bb global_colors_info=\u00bb{}\u00bb][\/et_pb_text][\/et_pb_column][\/et_pb_row][\/et_pb_section][et_pb_section fb_built=\u00bb1&#8243; admin_label=\u00bbsection\u00bb _builder_version=\u00bb4.16&#8243; global_colors_info=\u00bb{}\u00bb][et_pb_row admin_label=\u00bbrow\u00bb _builder_version=\u00bb4.16&#8243; background_size=\u00bbinitial\u00bb background_position=\u00bbtop_left\u00bb background_repeat=\u00bbrepeat\u00bb global_colors_info=\u00bb{}\u00bb][et_pb_column type=\u00bb4_4&#8243; _builder_version=\u00bb4.16&#8243; custom_padding=\u00bb|||\u00bb global_colors_info=\u00bb{}\u00bb custom_padding__hover=\u00bb|||\u00bb][et_pb_text admin_label=\u00bbText\u00bb module_class=\u00bbdestacat\u00bb _builder_version=\u00bb4.20.4&#8243; text_font=\u00bb|300|||||||\u00bb background_size=\u00bbinitial\u00bb background_position=\u00bbtop_left\u00bb background_repeat=\u00bbrepeat\u00bb text_orientation=\u00bbcenter\u00bb custom_margin=\u00bb||0px||false|false\u00bb custom_padding=\u00bb||||false|false\u00bb global_colors_info=\u00bb{}\u00bb]<strong>Facultad de F\u00edsica de la Universitat de Barcelona<\/strong><br \/>\nMart\u00ed i Franqu\u00e8s, 1-11 08028 Barcelona<\/p>\n<p><em>(Acceso alternativo por Diagonal, 645)<\/em><\/p>\n<p>&nbsp;[\/et_pb_text][et_pb_text admin_label=\u00bbText\u00bb module_class=\u00bbdestacat\u00bb _builder_version=\u00bb4.21.0&#8243; text_font=\u00bb|300|||||||\u00bb background_size=\u00bbinitial\u00bb background_position=\u00bbtop_left\u00bb background_repeat=\u00bbrepeat\u00bb text_orientation=\u00bbcenter\u00bb max_width=\u00bb800px\u00bb module_alignment=\u00bbcenter\u00bb custom_padding=\u00bb40px||||false|false\u00bb hover_enabled=\u00bb0&#8243; border_width_top=\u00bb1px\u00bb border_color_top=\u00bb#BC861B\u00bb global_colors_info=\u00bb{}\u00bb sticky_enabled=\u00bb0&#8243;]<strong>Correo:<\/strong> <a href='mailto&#58;&#102;u&#110;&#37;63&#116;io&#110;&#97;lm&#97;t%6&#53;%7&#50;ials&#64;&#117;b&#46;e&#100;u'>fun&#99;ti&#111;nal&#109;ater&#105;&#97;ls&#64;ub&#46;edu<\/a><\/p>\n<p><strong>Tel\u00e8fon:<\/strong><\/p>\n<p>934 021 586 (Eduard Vives Santa-Eulalia)<\/p>\n<p>934 03 91 81 (Llu\u00eds Ma\u00f1osa Carrera)<\/p>\n<p>934 021181 (Antoni Planes Vila)[\/et_pb_text][\/et_pb_column][\/et_pb_row][\/et_pb_section][et_pb_section fb_built=\u00bb1&#8243; _builder_version=\u00bb4.20.4&#8243; _module_preset=\u00bbdefault\u00bb background_enable_image=\u00bboff\u00bb background_position=\u00bbtop_center\u00bb custom_margin=\u00bb0px||0px||false|false\u00bb custom_padding=\u00bb0px||0px||false|false\u00bb global_colors_info=\u00bb{}\u00bb][et_pb_row _builder_version=\u00bb4.20.4&#8243; _module_preset=\u00bbdefault\u00bb width=\u00bb100%\u00bb max_width=\u00bb100%\u00bb global_colors_info=\u00bb{}\u00bb][et_pb_column type=\u00bb4_4&#8243; _builder_version=\u00bb4.20.0&#8243; _module_preset=\u00bbdefault\u00bb global_colors_info=\u00bb{}\u00bb][et_pb_code _builder_version=\u00bb4.20.4&#8243; _module_preset=\u00bbdefault\u00bb global_colors_info=\u00bb{}\u00bb]<iframe src=\"https:\/\/www.google.com\/maps\/embed?pb=!1m18!1m12!1m3!1d2993.5181114094366!2d2.1171320000000002!3d41.3845533!2m3!1f0!2f0!3f0!3m2!1i1024!2i768!4f13.1!3m3!1m2!1s0x12a49859b3f1a0dd%3A0x41183c4187ed9adc!2sCarrer%20de%20Mart%C3%AD%20i%20Franqu%C3%A8s%2C%201%2C%2011%2C%2008028%20Barcelona!5e0!3m2!1sca!2ses!4v1682162159338!5m2!1sca!2ses\" width=\"100%\" height=\"450\" style=\"border:0;\" allowfullscreen=\"\" loading=\"lazy\" referrerpolicy=\"no-referrer-when-downgrade\"><\/iframe>[\/et_pb_code][\/et_pb_column][\/et_pb_row][\/et_pb_section][et_pb_section fb_built=\u00bb1&#8243; admin_label=\u00bbsection\u00bb _builder_version=\u00bb4.16&#8243; global_colors_info=\u00bb{}\u00bb][et_pb_row admin_label=\u00bbrow\u00bb _builder_version=\u00bb4.20.4&#8243; background_size=\u00bbinitial\u00bb background_position=\u00bbtop_left\u00bb background_repeat=\u00bbrepeat\u00bb custom_margin=\u00bb||0px||false|false\u00bb custom_padding=\u00bb||0px||false|false\u00bb global_colors_info=\u00bb{}\u00bb][et_pb_column type=\u00bb4_4&#8243; _builder_version=\u00bb4.16&#8243; custom_padding=\u00bb|||\u00bb global_colors_info=\u00bb{}\u00bb custom_padding__hover=\u00bb|||\u00bb][et_pb_text module_class=\u00bbtitular\u00bb _builder_version=\u00bb4.20.4&#8243; _module_preset=\u00bbdefault\u00bb text_orientation=\u00bbcenter\u00bb custom_margin=\u00bb||0px||false|false\u00bb global_colors_info=\u00bb{}\u00bb]<\/p>\n<h2>Transporte p\u00fablico<\/h2>\n<p>[\/et_pb_text][\/et_pb_column][\/et_pb_row][et_pb_row column_structure=\u00bb1_3,1_3,1_3&#8243; _builder_version=\u00bb4.20.4&#8243; _module_preset=\u00bbdefault\u00bb global_colors_info=\u00bb{}\u00bb][et_pb_column type=\u00bb1_3&#8243; _builder_version=\u00bb4.20.4&#8243; _module_preset=\u00bbdefault\u00bb global_colors_info=\u00bb{}\u00bb][et_pb_text module_class=\u00bbdestacat\u00bb _builder_version=\u00bb4.20.4&#8243; _module_preset=\u00bbdefault\u00bb text_font=\u00bb|300|||||||\u00bb text_orientation=\u00bbcenter\u00bb global_colors_info=\u00bb{}\u00bb]<\/p>\n<p><strong>Metro<\/strong><\/p>\n<p>Palau Reial<br \/>L3<\/p>\n<p>[\/et_pb_text][\/et_pb_column][et_pb_column type=\u00bb1_3&#8243; _builder_version=\u00bb4.20.4&#8243; _module_preset=\u00bbdefault\u00bb global_colors_info=\u00bb{}\u00bb][et_pb_text module_class=\u00bbdestacat\u00bb _builder_version=\u00bb4.20.4&#8243; _module_preset=\u00bbdefault\u00bb text_font=\u00bb|300|||||||\u00bb text_orientation=\u00bbcenter\u00bb global_colors_info=\u00bb{}\u00bb]<\/p>\n<p><strong>Tram<\/strong><\/p>\n<p>Palau Reial<br \/>T1, T2, T3<\/p>\n<p>[\/et_pb_text][\/et_pb_column][et_pb_column type=\u00bb1_3&#8243; _builder_version=\u00bb4.20.4&#8243; _module_preset=\u00bbdefault\u00bb global_colors_info=\u00bb{}\u00bb][et_pb_text module_class=\u00bbdestacat\u00bb _builder_version=\u00bb4.20.4&#8243; _module_preset=\u00bbdefault\u00bb text_font=\u00bb|300|||||||\u00bb text_orientation=\u00bbcenter\u00bb global_colors_info=\u00bb{}\u00bb]<\/p>\n<p><strong>Bicing<\/strong><\/p>\n<p>Estaci\u00f3n 432<br \/>Mart\u00ed i Franqu\u00e8s, 1<\/p>\n<p>[\/et_pb_text][\/et_pb_column][\/et_pb_row][et_pb_row column_structure=\u00bb1_3,1_3,1_3&#8243; _builder_version=\u00bb4.20.4&#8243; _module_preset=\u00bbdefault\u00bb global_colors_info=\u00bb{}\u00bb][et_pb_column type=\u00bb1_3&#8243; _builder_version=\u00bb4.20.4&#8243; _module_preset=\u00bbdefault\u00bb global_colors_info=\u00bb{}\u00bb][et_pb_text module_class=\u00bbdestacat\u00bb _builder_version=\u00bb4.20.4&#8243; _module_preset=\u00bbdefault\u00bb text_font=\u00bb|300|||||||\u00bb text_orientation=\u00bbcenter\u00bb global_colors_info=\u00bb{}\u00bb]<strong>Autob\u00fas urbano<\/strong><\/p>\n<p>H6, 7, 33, 67, 113, 175[\/et_pb_text][\/et_pb_column][et_pb_column type=\u00bb1_3&#8243; _builder_version=\u00bb4.20.4&#8243; _module_preset=\u00bbdefault\u00bb global_colors_info=\u00bb{}\u00bb][et_pb_text module_class=\u00bbdestacat\u00bb _builder_version=\u00bb4.20.4&#8243; _module_preset=\u00bbdefault\u00bb text_font=\u00bb|300|||||||\u00bb text_orientation=\u00bbcenter\u00bb global_colors_info=\u00bb{}\u00bb]<strong>Autob\u00fas interurbano<\/strong><\/p>\n<p>E30, E43, E79, M14[\/et_pb_text][\/et_pb_column][et_pb_column type=\u00bb1_3&#8243; _builder_version=\u00bb4.20.4&#8243; _module_preset=\u00bbdefault\u00bb global_colors_info=\u00bb{}\u00bb][et_pb_text module_class=\u00bbdestacat\u00bb _builder_version=\u00bb4.20.4&#8243; _module_preset=\u00bbdefault\u00bb text_font=\u00bb|300|||||||\u00bb text_orientation=\u00bbcenter\u00bb global_colors_info=\u00bb{}\u00bb]<strong>Parquing<\/strong><\/p>\n<p>Entrada por la calle Pau Gargallo[\/et_pb_text][\/et_pb_column][\/et_pb_row][\/et_pb_section][et_pb_section fb_built=\u00bb1&#8243; _builder_version=\u00bb4.20.4&#8243; _module_preset=\u00bbdefault\u00bb use_background_color_gradient=\u00bbon\u00bb background_color_gradient_direction=\u00bb90deg\u00bb background_color_gradient_stops=\u00bbrgba(188,134,27,0.44) 0%|rgba(64,127,137,0.41) 99%\u00bb background_color_gradient_overlays_image=\u00bbon\u00bb background_image=\u00bbhttps:\/\/www.ub.edu\/functionalmaterials\/wp-content\/uploads\/2023\/04\/bicicletes-en-bateria-contacte.webp\u00bb min_height=\u00bb45vh\u00bb global_colors_info=\u00bb{}\u00bb][et_pb_row _builder_version=\u00bb4.20.0&#8243; _module_preset=\u00bbdefault\u00bb global_colors_info=\u00bb{}\u00bb][et_pb_column type=\u00bb4_4&#8243; _builder_version=\u00bb4.20.0&#8243; _module_preset=\u00bbdefault\u00bb global_colors_info=\u00bb{}\u00bb][et_pb_text _builder_version=\u00bb4.20.0&#8243; _module_preset=\u00bbdefault\u00bb global_colors_info=\u00bb{}\u00bb][\/et_pb_text][\/et_pb_column][\/et_pb_row][\/et_pb_section]<\/p>\n","protected":false},"excerpt":{"rendered":"<p>El grupo de investigaci\u00f3n Materiales Funcionales y Transiciones de Fase est\u00e1 ubicado en la Facultad de F\u00edsica de la Universitat de Barcelona, en un edificio que comparte con la Facultad de Qu\u00edmica. El Laboratorio de Materiales se encuentra en la sexta planta del edificio nuevo de los departamentos de la Facultad de F\u00edsica.Facultad de F\u00edsica [&hellip;]<\/p>\n","protected":false},"author":1,"featured_media":0,"parent":0,"menu_order":0,"comment_status":"closed","ping_status":"closed","template":"","meta":{"_acf_changed":false,"_et_pb_use_builder":"on","_et_pb_old_content":"","_et_gb_content_width":"","inline_featured_image":false,"footnotes":""},"class_list":["post-720","page","type-page","status-publish","hentry"],"acf":[],"yoast_head":"<!-- This site is optimized with the Yoast SEO plugin v27.2 - https:\/\/yoast.com\/product\/yoast-seo-wordpress\/ -->\n<title>Contacto - Materiales Funcionales y Transiciones de Fase<\/title>\n<meta name=\"robots\" content=\"index, follow, max-snippet:-1, max-image-preview:large, max-video-preview:-1\" \/>\n<link rel=\"canonical\" href=\"https:\/\/www.ub.edu\/functionalmaterials\/es\/contacto\/\" \/>\n<meta property=\"og:locale\" content=\"es_ES\" \/>\n<meta property=\"og:type\" content=\"article\" \/>\n<meta property=\"og:title\" content=\"Contacto - Materiales Funcionales y Transiciones de Fase\" \/>\n<meta property=\"og:description\" content=\"El grupo de investigaci\u00f3n Materiales Funcionales y Transiciones de Fase est\u00e1 ubicado en la Facultad de F\u00edsica de la Universitat de Barcelona, en un edificio que comparte con la Facultad de Qu\u00edmica. El Laboratorio de Materiales se encuentra en la sexta planta del edificio nuevo de los departamentos de la Facultad de F\u00edsica.Facultad de F\u00edsica [&hellip;]\" \/>\n<meta property=\"og:url\" content=\"https:\/\/www.ub.edu\/functionalmaterials\/es\/contacto\/\" \/>\n<meta property=\"og:site_name\" content=\"Materiales Funcionales y Transiciones de Fase\" \/>\n<meta property=\"article:modified_time\" content=\"2023-06-30T13:50:26+00:00\" \/>\n<meta name=\"twitter:card\" content=\"summary_large_image\" \/>\n<meta name=\"twitter:label1\" content=\"Tiempo de lectura\" \/>\n\t<meta name=\"twitter:data1\" content=\"6 minutos\" \/>\n<script type=\"application\/ld+json\" class=\"yoast-schema-graph\">{\"@context\":\"https:\/\/schema.org\",\"@graph\":[{\"@type\":\"WebPage\",\"@id\":\"https:\/\/www.ub.edu\/functionalmaterials\/es\/contacto\/\",\"url\":\"https:\/\/www.ub.edu\/functionalmaterials\/es\/contacto\/\",\"name\":\"Contacto - Materiales Funcionales y Transiciones de Fase\",\"isPartOf\":{\"@id\":\"https:\/\/www.ub.edu\/functionalmaterials\/es\/#website\"},\"datePublished\":\"2023-04-22T11:08:39+00:00\",\"dateModified\":\"2023-06-30T13:50:26+00:00\",\"breadcrumb\":{\"@id\":\"https:\/\/www.ub.edu\/functionalmaterials\/es\/contacto\/#breadcrumb\"},\"inLanguage\":\"es\",\"potentialAction\":[{\"@type\":\"ReadAction\",\"target\":[\"https:\/\/www.ub.edu\/functionalmaterials\/es\/contacto\/\"]}]},{\"@type\":\"BreadcrumbList\",\"@id\":\"https:\/\/www.ub.edu\/functionalmaterials\/es\/contacto\/#breadcrumb\",\"itemListElement\":[{\"@type\":\"ListItem\",\"position\":1,\"name\":\"Inici\",\"item\":\"https:\/\/www.ub.edu\/functionalmaterials\/es\/\"},{\"@type\":\"ListItem\",\"position\":2,\"name\":\"Contacto\"}]},{\"@type\":\"WebSite\",\"@id\":\"https:\/\/www.ub.edu\/functionalmaterials\/es\/#website\",\"url\":\"https:\/\/www.ub.edu\/functionalmaterials\/es\/\",\"name\":\"Materials funcionals i trancicions de fase\",\"description\":\"Grupo de investigaci\u00f3n de la Universitat de Barcelona (UB)\",\"publisher\":{\"@id\":\"https:\/\/www.ub.edu\/functionalmaterials\/es\/#organization\"},\"potentialAction\":[{\"@type\":\"SearchAction\",\"target\":{\"@type\":\"EntryPoint\",\"urlTemplate\":\"https:\/\/www.ub.edu\/functionalmaterials\/es\/?s={search_term_string}\"},\"query-input\":{\"@type\":\"PropertyValueSpecification\",\"valueRequired\":true,\"valueName\":\"search_term_string\"}}],\"inLanguage\":\"es\"},{\"@type\":\"Organization\",\"@id\":\"https:\/\/www.ub.edu\/functionalmaterials\/es\/#organization\",\"name\":\"Materials funcionals i trancicions de fase\",\"url\":\"https:\/\/www.ub.edu\/functionalmaterials\/es\/\",\"logo\":{\"@type\":\"ImageObject\",\"inLanguage\":\"es\",\"@id\":\"https:\/\/www.ub.edu\/functionalmaterials\/es\/#\/schema\/logo\/image\/\",\"url\":\"https:\/\/www.ub.edu\/functionalmaterials\/wp-content\/uploads\/2023\/05\/favicon.png\",\"contentUrl\":\"https:\/\/www.ub.edu\/functionalmaterials\/wp-content\/uploads\/2023\/05\/favicon.png\",\"width\":250,\"height\":291,\"caption\":\"Materials funcionals i trancicions de fase\"},\"image\":{\"@id\":\"https:\/\/www.ub.edu\/functionalmaterials\/es\/#\/schema\/logo\/image\/\"}}]}<\/script>\n<!-- \/ Yoast SEO plugin. -->","yoast_head_json":{"title":"Contacto - Materiales Funcionales y Transiciones de Fase","robots":{"index":"index","follow":"follow","max-snippet":"max-snippet:-1","max-image-preview":"max-image-preview:large","max-video-preview":"max-video-preview:-1"},"canonical":"https:\/\/www.ub.edu\/functionalmaterials\/es\/contacto\/","og_locale":"es_ES","og_type":"article","og_title":"Contacto - Materiales Funcionales y Transiciones de Fase","og_description":"El grupo de investigaci\u00f3n Materiales Funcionales y Transiciones de Fase est\u00e1 ubicado en la Facultad de F\u00edsica de la Universitat de Barcelona, en un edificio que comparte con la Facultad de Qu\u00edmica. El Laboratorio de Materiales se encuentra en la sexta planta del edificio nuevo de los departamentos de la Facultad de F\u00edsica.Facultad de F\u00edsica [&hellip;]","og_url":"https:\/\/www.ub.edu\/functionalmaterials\/es\/contacto\/","og_site_name":"Materiales Funcionales y Transiciones de Fase","article_modified_time":"2023-06-30T13:50:26+00:00","twitter_card":"summary_large_image","twitter_misc":{"Tiempo de lectura":"6 minutos"},"schema":{"@context":"https:\/\/schema.org","@graph":[{"@type":"WebPage","@id":"https:\/\/www.ub.edu\/functionalmaterials\/es\/contacto\/","url":"https:\/\/www.ub.edu\/functionalmaterials\/es\/contacto\/","name":"Contacto - Materiales Funcionales y Transiciones de Fase","isPartOf":{"@id":"https:\/\/www.ub.edu\/functionalmaterials\/es\/#website"},"datePublished":"2023-04-22T11:08:39+00:00","dateModified":"2023-06-30T13:50:26+00:00","breadcrumb":{"@id":"https:\/\/www.ub.edu\/functionalmaterials\/es\/contacto\/#breadcrumb"},"inLanguage":"es","potentialAction":[{"@type":"ReadAction","target":["https:\/\/www.ub.edu\/functionalmaterials\/es\/contacto\/"]}]},{"@type":"BreadcrumbList","@id":"https:\/\/www.ub.edu\/functionalmaterials\/es\/contacto\/#breadcrumb","itemListElement":[{"@type":"ListItem","position":1,"name":"Inici","item":"https:\/\/www.ub.edu\/functionalmaterials\/es\/"},{"@type":"ListItem","position":2,"name":"Contacto"}]},{"@type":"WebSite","@id":"https:\/\/www.ub.edu\/functionalmaterials\/es\/#website","url":"https:\/\/www.ub.edu\/functionalmaterials\/es\/","name":"Materials funcionals i trancicions de fase","description":"Grupo de investigaci\u00f3n de la Universitat de Barcelona (UB)","publisher":{"@id":"https:\/\/www.ub.edu\/functionalmaterials\/es\/#organization"},"potentialAction":[{"@type":"SearchAction","target":{"@type":"EntryPoint","urlTemplate":"https:\/\/www.ub.edu\/functionalmaterials\/es\/?s={search_term_string}"},"query-input":{"@type":"PropertyValueSpecification","valueRequired":true,"valueName":"search_term_string"}}],"inLanguage":"es"},{"@type":"Organization","@id":"https:\/\/www.ub.edu\/functionalmaterials\/es\/#organization","name":"Materials funcionals i trancicions de fase","url":"https:\/\/www.ub.edu\/functionalmaterials\/es\/","logo":{"@type":"ImageObject","inLanguage":"es","@id":"https:\/\/www.ub.edu\/functionalmaterials\/es\/#\/schema\/logo\/image\/","url":"https:\/\/www.ub.edu\/functionalmaterials\/wp-content\/uploads\/2023\/05\/favicon.png","contentUrl":"https:\/\/www.ub.edu\/functionalmaterials\/wp-content\/uploads\/2023\/05\/favicon.png","width":250,"height":291,"caption":"Materials funcionals i trancicions de fase"},"image":{"@id":"https:\/\/www.ub.edu\/functionalmaterials\/es\/#\/schema\/logo\/image\/"}}]}},"_links":{"self":[{"href":"https:\/\/www.ub.edu\/functionalmaterials\/es\/wp-json\/wp\/v2\/pages\/720","targetHints":{"allow":["GET"]}}],"collection":[{"href":"https:\/\/www.ub.edu\/functionalmaterials\/es\/wp-json\/wp\/v2\/pages"}],"about":[{"href":"https:\/\/www.ub.edu\/functionalmaterials\/es\/wp-json\/wp\/v2\/types\/page"}],"author":[{"embeddable":true,"href":"https:\/\/www.ub.edu\/functionalmaterials\/es\/wp-json\/wp\/v2\/users\/1"}],"replies":[{"embeddable":true,"href":"https:\/\/www.ub.edu\/functionalmaterials\/es\/wp-json\/wp\/v2\/comments?post=720"}],"version-history":[{"count":1,"href":"https:\/\/www.ub.edu\/functionalmaterials\/es\/wp-json\/wp\/v2\/pages\/720\/revisions"}],"predecessor-version":[{"id":1002,"href":"https:\/\/www.ub.edu\/functionalmaterials\/es\/wp-json\/wp\/v2\/pages\/720\/revisions\/1002"}],"wp:attachment":[{"href":"https:\/\/www.ub.edu\/functionalmaterials\/es\/wp-json\/wp\/v2\/media?parent=720"}],"curies":[{"name":"wp","href":"https:\/\/api.w.org\/{rel}","templated":true}]}}