{"id":226,"date":"2023-04-22T12:42:02","date_gmt":"2023-04-22T10:42:02","guid":{"rendered":"https:\/\/www.ub.edu\/functionalmaterials\/?page_id=226"},"modified":"2023-06-30T15:43:23","modified_gmt":"2023-06-30T13:43:23","slug":"laboratori","status":"publish","type":"page","link":"https:\/\/www.ub.edu\/functionalmaterials\/laboratori\/","title":{"rendered":"Laboratori"},"content":{"rendered":"<p>[et_pb_section fb_built=&#8221;1&#8243; fullwidth=&#8221;on&#8221; _builder_version=&#8221;4.20.0&#8243; _module_preset=&#8221;default&#8221; global_colors_info=&#8221;{}&#8221;][et_pb_fullwidth_header title=&#8221;Equipament punter i en constant desenvolupament&#8221; text_orientation=&#8221;right&#8221; _builder_version=&#8221;4.20.4&#8243; _module_preset=&#8221;default&#8221; title_font=&#8221;|300|||||||&#8221; title_text_align=&#8221;right&#8221; title_font_size=&#8221;60px&#8221; use_background_color_gradient=&#8221;on&#8221; background_color_gradient_type=&#8221;circular&#8221; background_color_gradient_direction_radial=&#8221;top left&#8221; background_color_gradient_stops=&#8221;rgba(11,84,105,0.73) 0%|rgba(51,18,35,0.69) 32%|rgba(163,140,98,0.69) 56%|rgba(5,154,178,0.66) 87%&#8221; background_color_gradient_overlays_image=&#8221;on&#8221; background_image=&#8221;https:\/\/www.ub.edu\/functionalmaterials\/wp-content\/uploads\/2023\/04\/fisica-laboratori-cartell-portada.webp&#8221; background_position=&#8221;top_center&#8221; min_height=&#8221;50vh&#8221; custom_padding=&#8221;15vh||15vh||false|false&#8221; title_font_size_tablet=&#8221;60px&#8221; title_font_size_phone=&#8221;45px&#8221; title_font_size_last_edited=&#8221;on|phone&#8221; background_last_edited=&#8221;on|phone&#8221; background_position_phone=&#8221;top_left&#8221; custom_css_header_container=&#8221;||&#8221; custom_css_title=&#8221;padding-left:50%&#8221; global_colors_info=&#8221;{}&#8221; custom_css_header_container_last_edited=&#8221;on|tablet&#8221; custom_css_title_last_edited=&#8221;on|phone&#8221; custom_css_title_tablet=&#8221;padding-left:0;&#8221; custom_css_title_phone=&#8221;max-width:100%;&#8221; custom_css_header_container_tablet=&#8221;||&#8221; custom_css_header_container_phone=&#8221;||&#8221;][\/et_pb_fullwidth_header][\/et_pb_section][et_pb_section fb_built=&#8221;1&#8243; admin_label=&#8221;section&#8221; _builder_version=&#8221;4.16&#8243; global_colors_info=&#8221;{}&#8221;][et_pb_row admin_label=&#8221;row&#8221; _builder_version=&#8221;4.16&#8243; background_size=&#8221;initial&#8221; background_position=&#8221;top_left&#8221; background_repeat=&#8221;repeat&#8221; global_colors_info=&#8221;{}&#8221;][et_pb_column type=&#8221;4_4&#8243; _builder_version=&#8221;4.16&#8243; custom_padding=&#8221;|||&#8221; global_colors_info=&#8221;{}&#8221; custom_padding__hover=&#8221;|||&#8221;][et_pb_text admin_label=&#8221;Text&#8221; module_class=&#8221;destacat&#8221; _builder_version=&#8221;4.20.4&#8243; text_font=&#8221;|300|||||||&#8221; background_size=&#8221;initial&#8221; background_position=&#8221;top_left&#8221; background_repeat=&#8221;repeat&#8221; text_orientation=&#8221;center&#8221; global_colors_info=&#8221;{}&#8221;]<\/p>\n<p>El <strong>Laboratori de recerca de materials funcionals i transicions de fase<\/strong>, situat a la Facultat de F\u00edsica de la Universitat de Barcelona, compta amb equips punters i en constant desenvolupament, per realitzar recerca en materials.<\/p>\n<p>[\/et_pb_text][et_pb_text module_class=&#8221;titular&#8221; _builder_version=&#8221;4.20.4&#8243; _module_preset=&#8221;default&#8221; custom_margin=&#8221;||0px||false|false&#8221; custom_padding=&#8221;90px||0px||false|false&#8221; global_colors_info=&#8221;{}&#8221;]<\/p>\n<h2>Equipament comercial<\/h2>\n<p>[\/et_pb_text][\/et_pb_column][\/et_pb_row][et_pb_row column_structure=&#8221;1_3,1_3,1_3&#8243; _builder_version=&#8221;4.20.0&#8243; _module_preset=&#8221;default&#8221; global_colors_info=&#8221;{}&#8221;][et_pb_column type=&#8221;1_3&#8243; _builder_version=&#8221;4.20.0&#8243; _module_preset=&#8221;default&#8221; global_colors_info=&#8221;{}&#8221;][et_pb_blurb image=&#8221;https:\/\/www.ub.edu\/functionalmaterials\/wp-content\/uploads\/2023\/04\/0037-ub-fisica-laboratori-23051-L.webp&#8221; _builder_version=&#8221;4.20.4&#8243; _module_preset=&#8221;default&#8221; global_colors_info=&#8221;{}&#8221;]<\/p>\n<p><strong>M\u00e0quina d&#8217;assaigs mec\u00e0nics<\/strong><br \/>5kN Zwick\/Roell Z005 amb c\u00e0mara de temperatura (210K-400K)<\/p>\n<p>[\/et_pb_blurb][\/et_pb_column][et_pb_column type=&#8221;1_3&#8243; _builder_version=&#8221;4.20.0&#8243; _module_preset=&#8221;default&#8221; global_colors_info=&#8221;{}&#8221;][et_pb_blurb image=&#8221;https:\/\/www.ub.edu\/functionalmaterials\/wp-content\/uploads\/2023\/04\/0132-ub-fisica-laboratori-23051-L.webp&#8221; _builder_version=&#8221;4.20.4&#8243; _module_preset=&#8221;default&#8221; global_colors_info=&#8221;{}&#8221;]<\/p>\n<p><strong>C\u00e0mara infraroja Infratec IR8800<\/strong><br \/>Sensor 650&#215;512 pixels Objectiu 50mm fins a 0.01 s\/frame (a full frame) Resoluci\u00f3 espaial fins a 0.005 mm\/ pixel<br \/>Resoluci\u00f3 de temperatura 5mK<\/p>\n<p>[\/et_pb_blurb][\/et_pb_column][et_pb_column type=&#8221;1_3&#8243; _builder_version=&#8221;4.20.0&#8243; _module_preset=&#8221;default&#8221; global_colors_info=&#8221;{}&#8221;][et_pb_blurb image=&#8221;https:\/\/www.ub.edu\/functionalmaterials\/wp-content\/uploads\/2023\/04\/0060-0061-ub-fisica-laboratori-23051-L.webp&#8221; _builder_version=&#8221;4.20.4&#8243; _module_preset=&#8221;default&#8221; global_colors_info=&#8221;{}&#8221;]<\/p>\n<p><strong>DSC modulat<\/strong><br \/>TA Instruments Q2000, 150K-800 K<\/p>\n<p>[\/et_pb_blurb][\/et_pb_column][\/et_pb_row][et_pb_row column_structure=&#8221;1_3,1_3,1_3&#8243; _builder_version=&#8221;4.20.0&#8243; _module_preset=&#8221;default&#8221; global_colors_info=&#8221;{}&#8221;][et_pb_column type=&#8221;1_3&#8243; _builder_version=&#8221;4.20.0&#8243; _module_preset=&#8221;default&#8221; global_colors_info=&#8221;{}&#8221;][et_pb_blurb image=&#8221;https:\/\/www.ub.edu\/functionalmaterials\/wp-content\/uploads\/2023\/04\/0065-ub-fisica-laboratori-23051-L.webp&#8221; _builder_version=&#8221;4.20.4&#8243; _module_preset=&#8221;default&#8221; global_colors_info=&#8221;{}&#8221;]<\/p>\n<p><strong>Analitzador mec\u00e0nic din\u00e0mic (DMA)<\/strong><br \/>TA Instruments Q800 (150 K \u2013 800 K)<\/p>\n<p>[\/et_pb_blurb][\/et_pb_column][et_pb_column type=&#8221;1_3&#8243; _builder_version=&#8221;4.20.0&#8243; _module_preset=&#8221;default&#8221; global_colors_info=&#8221;{}&#8221;][et_pb_blurb image=&#8221;https:\/\/www.ub.edu\/functionalmaterials\/wp-content\/uploads\/2023\/04\/0098-ub-fisica-laboratori-23051-L.webp&#8221; _builder_version=&#8221;4.20.4&#8243; _module_preset=&#8221;default&#8221; global_colors_info=&#8221;{}&#8221;]<\/p>\n<p><strong>Equip de detecci\u00f3 d&#8217;emissi\u00f3 ac\u00fastica<\/strong><br \/>Europhysical Acoustics, 2x PCI2 a 40MHz, 4 canals<br \/>Possibilitat de treballar dins d&#8217;una g\u00e0bia de Farday amb mostres petites i aplicar rampes de temperatura entre 260K i 360 K<\/p>\n<p>[\/et_pb_blurb][\/et_pb_column][et_pb_column type=&#8221;1_3&#8243; _builder_version=&#8221;4.20.0&#8243; _module_preset=&#8221;default&#8221; global_colors_info=&#8221;{}&#8221;][et_pb_blurb image=&#8221;https:\/\/www.ub.edu\/functionalmaterials\/wp-content\/uploads\/2023\/04\/0224-ub-fisica-laboratori-23051-L.webp&#8221; _builder_version=&#8221;4.20.4&#8243; _module_preset=&#8221;default&#8221; global_colors_info=&#8221;{}&#8221;]<\/p>\n<p><strong>Imant superconductor<\/strong><br \/>Per generar camps magn\u00e8tics fins a 6 T<\/p>\n<p>[\/et_pb_blurb][\/et_pb_column][\/et_pb_row][\/et_pb_section][et_pb_section fb_built=&#8221;1&#8243; _builder_version=&#8221;4.20.0&#8243; _module_preset=&#8221;default&#8221; use_background_color_gradient=&#8221;on&#8221; background_color_gradient_direction=&#8221;-90deg&#8221; background_color_gradient_stops=&#8221;rgba(188,134,27,0.19) 0%|rgba(64,127,137,0.24) 97%&#8221; global_colors_info=&#8221;{}&#8221;][et_pb_row admin_label=&#8221;row&#8221; _builder_version=&#8221;4.16&#8243; background_size=&#8221;initial&#8221; background_position=&#8221;top_left&#8221; background_repeat=&#8221;repeat&#8221; global_colors_info=&#8221;{}&#8221;][et_pb_column type=&#8221;4_4&#8243; _builder_version=&#8221;4.16&#8243; custom_padding=&#8221;|||&#8221; global_colors_info=&#8221;{}&#8221; custom_padding__hover=&#8221;|||&#8221;][et_pb_text admin_label=&#8221;Text&#8221; module_class=&#8221;titular&#8221; _builder_version=&#8221;4.20.4&#8243; background_size=&#8221;initial&#8221; background_position=&#8221;top_left&#8221; background_repeat=&#8221;repeat&#8221; text_orientation=&#8221;center&#8221; global_colors_info=&#8221;{}&#8221;]<\/p>\n<p><em>Tenim experi\u00e8ncia en el desenvolupament d\u2019equipaments punters per la caracteritzaci\u00f3 de materials (calorimetria i assaigs mec\u00e0nics) amb la col\u00b7laboraci\u00f3 dels Centres Cient\u00edfics i Tecnol\u00f2gics de la Universitat de Barcelona (CCiTUB).<\/em><\/p>\n<p>[\/et_pb_text][\/et_pb_column][\/et_pb_row][\/et_pb_section][et_pb_section fb_built=&#8221;1&#8243; admin_label=&#8221;section&#8221; _builder_version=&#8221;4.16&#8243; global_colors_info=&#8221;{}&#8221;][et_pb_row admin_label=&#8221;row&#8221; _builder_version=&#8221;4.16&#8243; background_size=&#8221;initial&#8221; background_position=&#8221;top_left&#8221; background_repeat=&#8221;repeat&#8221; global_colors_info=&#8221;{}&#8221;][et_pb_column type=&#8221;4_4&#8243; _builder_version=&#8221;4.16&#8243; custom_padding=&#8221;|||&#8221; global_colors_info=&#8221;{}&#8221; custom_padding__hover=&#8221;|||&#8221;][et_pb_text module_class=&#8221;titular&#8221; _builder_version=&#8221;4.20.4&#8243; _module_preset=&#8221;default&#8221; custom_margin=&#8221;||0px||false|false&#8221; custom_padding=&#8221;||0px||false|false&#8221; global_colors_info=&#8221;{}&#8221;]<\/p>\n<h2>Equipament no comercial<\/h2>\n<p>[\/et_pb_text][\/et_pb_column][\/et_pb_row][et_pb_row column_structure=&#8221;1_3,1_3,1_3&#8243; _builder_version=&#8221;4.20.0&#8243; _module_preset=&#8221;default&#8221; global_colors_info=&#8221;{}&#8221;][et_pb_column type=&#8221;1_3&#8243; _builder_version=&#8221;4.20.0&#8243; _module_preset=&#8221;default&#8221; global_colors_info=&#8221;{}&#8221;][et_pb_blurb image=&#8221;https:\/\/www.ub.edu\/functionalmaterials\/wp-content\/uploads\/2023\/04\/0223-ub-fisica-laboratori-23051-L.webp&#8221; _builder_version=&#8221;4.20.4&#8243; _module_preset=&#8221;default&#8221; global_colors_info=&#8221;{}&#8221;]<\/p>\n<p><strong>Calorimetria sota camp magn\u00e8tic i esfor\u00e7 uniaxial de compressi\u00f3<\/strong><br \/>Camps magn\u00e8tics fins a 6T, esfor\u00e7 fins a 1200N, rang de temperatures 210 K-360 K<\/p>\n<p>[\/et_pb_blurb][\/et_pb_column][et_pb_column type=&#8221;1_3&#8243; _builder_version=&#8221;4.20.0&#8243; _module_preset=&#8221;default&#8221; global_colors_info=&#8221;{}&#8221;][et_pb_blurb image=&#8221;https:\/\/www.ub.edu\/functionalmaterials\/wp-content\/uploads\/2023\/04\/0163-ub-fisica-laboratori-23051-L.webp&#8221; _builder_version=&#8221;4.20.4&#8243; _module_preset=&#8221;default&#8221; global_colors_info=&#8221;{}&#8221;]<\/p>\n<p><strong>Termometria sota camp magn\u00e8tic aplicat i esfor\u00e7 uniaxial de compressi\u00f3<\/strong><br \/>Camps magn\u00e8tics fins a 2T, esfor\u00e7 fins 1000N , rang de temperatures 260K &#8211; 350 K<\/p>\n<p>[\/et_pb_blurb][\/et_pb_column][et_pb_column type=&#8221;1_3&#8243; _builder_version=&#8221;4.20.0&#8243; _module_preset=&#8221;default&#8221; global_colors_info=&#8221;{}&#8221;][et_pb_blurb image=&#8221;https:\/\/www.ub.edu\/functionalmaterials\/wp-content\/uploads\/2023\/04\/0167-ub-fisica-laboratori-23051-L.webp&#8221; _builder_version=&#8221;4.20.4&#8243; _module_preset=&#8221;default&#8221; global_colors_info=&#8221;{}&#8221;]<\/p>\n<p><strong>M\u00e0quina per assaigs micromec\u00e0nics en mostres petites<\/strong><br \/>Esfor\u00e7 fins a 50 N, rang de temperatura 300K &#8211; 500 K. Possibilitat de afegir-hi la c\u00e0mara IR.<\/p>\n<p>[\/et_pb_blurb][\/et_pb_column][\/et_pb_row][et_pb_row column_structure=&#8221;1_3,1_3,1_3&#8243; _builder_version=&#8221;4.20.0&#8243; _module_preset=&#8221;default&#8221; global_colors_info=&#8221;{}&#8221;][et_pb_column type=&#8221;1_3&#8243; _builder_version=&#8221;4.20.0&#8243; _module_preset=&#8221;default&#8221; global_colors_info=&#8221;{}&#8221;][et_pb_blurb image=&#8221;https:\/\/www.ub.edu\/functionalmaterials\/wp-content\/uploads\/2023\/04\/0175-ub-fisica-laboratori-23051-L.webp&#8221; _builder_version=&#8221;4.20.4&#8243; _module_preset=&#8221;default&#8221; global_colors_info=&#8221;{}&#8221;]<\/p>\n<p><strong>Calorimetria diferencial per a l&#8217;estudi de transicions de fase<\/strong><br \/>Mostres petites (200K-360K)<\/p>\n<p>[\/et_pb_blurb][\/et_pb_column][et_pb_column type=&#8221;1_3&#8243; _builder_version=&#8221;4.20.0&#8243; _module_preset=&#8221;default&#8221; global_colors_info=&#8221;{}&#8221;][et_pb_blurb image=&#8221;https:\/\/www.ub.edu\/functionalmaterials\/wp-content\/uploads\/2023\/04\/0073-ub-fisica-laboratori-23051-L.webp&#8221; _builder_version=&#8221;4.20.4&#8243; _module_preset=&#8221;default&#8221; global_colors_info=&#8221;{}&#8221;]<\/p>\n<p><strong>Calorimetria amb camp el\u00e8ctric aplicat<\/strong><\/p>\n<p>[\/et_pb_blurb][\/et_pb_column][et_pb_column type=&#8221;1_3&#8243; _builder_version=&#8221;4.20.0&#8243; _module_preset=&#8221;default&#8221; global_colors_info=&#8221;{}&#8221;][et_pb_blurb image=&#8221;https:\/\/www.ub.edu\/functionalmaterials\/wp-content\/uploads\/2023\/04\/0134-ub-fisica-laboratori-23051-L.webp&#8221; _builder_version=&#8221;4.20.4&#8243; _module_preset=&#8221;default&#8221; global_colors_info=&#8221;{}&#8221;]<\/p>\n<p><strong>M\u00e0quina d&#8217;assaigs mec\u00e0nics amb 2 eixos perpendiculars<\/strong><br \/>(en construcci\u00f3)<\/p>\n<p>[\/et_pb_blurb][\/et_pb_column][\/et_pb_row][\/et_pb_section][et_pb_section fb_built=&#8221;1&#8243; _builder_version=&#8221;4.20.0&#8243; _module_preset=&#8221;default&#8221; global_colors_info=&#8221;{}&#8221;][et_pb_row _builder_version=&#8221;4.20.4&#8243; _module_preset=&#8221;default&#8221; max_width=&#8221;800px&#8221; custom_margin=&#8221;||||false|true&#8221; border_width_top=&#8221;1px&#8221; border_color_top=&#8221;#BC861B&#8221; border_width_bottom=&#8221;1px&#8221; border_color_bottom=&#8221;#BC861B&#8221; global_colors_info=&#8221;{}&#8221;][et_pb_column type=&#8221;4_4&#8243; _builder_version=&#8221;4.20.0&#8243; _module_preset=&#8221;default&#8221; global_colors_info=&#8221;{}&#8221;][et_pb_text module_class=&#8221;lletra_gran&#8221; _builder_version=&#8221;4.21.0&#8243; _module_preset=&#8221;default&#8221; text_font=&#8221;||||||||&#8221; text_orientation=&#8221;center&#8221; custom_padding=&#8221;||||false|false&#8221; custom_padding_tablet=&#8221;||||false|false&#8221; custom_padding_phone=&#8221;||||false|false&#8221; custom_padding_last_edited=&#8221;on|phone&#8221; hover_enabled=&#8221;0&#8243; global_colors_info=&#8221;{}&#8221; sticky_enabled=&#8221;0&#8243;]Si est\u00e0s interessat a fer \u00fas d\u2019aquest equipament, contacta amb el grup d\u2019investigaci\u00f3 Materials Funcionals i Transicions de Fase, envia un correu a<br \/>\n<strong><a href='mailto&#58;&#102;u&#110;&#37;63&#116;io&#110;&#97;lm&#97;t%6&#53;%7&#50;ials&#64;&#117;b&#46;e&#100;u'>fun&#99;ti&#111;nal&#109;ater&#105;&#97;ls&#64;ub&#46;edu<\/a><\/strong>[\/et_pb_text][et_pb_button button_url=&#8221;@ET-DC@eyJkeW5hbWljIjp0cnVlLCJjb250ZW50IjoicG9zdF9saW5rX3VybF9wYWdlIiwic2V0dGluZ3MiOnsicG9zdF9pZCI6IjI0NiJ9fQ==@&#8221; button_text=&#8221;Informaci\u00f3 de contacte&#8221; button_alignment=&#8221;center&#8221; _builder_version=&#8221;4.20.4&#8243; _dynamic_attributes=&#8221;button_url&#8221; _module_preset=&#8221;default&#8221; global_colors_info=&#8221;{}&#8221;][\/et_pb_button][\/et_pb_column][\/et_pb_row][\/et_pb_section]<\/p>\n","protected":false},"excerpt":{"rendered":"<p>El Laboratori de recerca de materials funcionals i transicions de fase, situat a la Facultat de F\u00edsica de la Universitat de Barcelona, compta amb equips punters i en constant desenvolupament, per realitzar recerca en materials.Equipament comercialM\u00e0quina d&#8217;assaigs mec\u00e0nics5kN Zwick\/Roell Z005 amb c\u00e0mara de temperatura (210K-400K)C\u00e0mara infraroja Infratec IR8800Sensor 650&#215;512 pixels Objectiu 50mm fins a 0.01 [&hellip;]<\/p>\n","protected":false},"author":1,"featured_media":0,"parent":0,"menu_order":0,"comment_status":"closed","ping_status":"closed","template":"","meta":{"_acf_changed":false,"_et_pb_use_builder":"on","_et_pb_old_content":"","_et_gb_content_width":"","inline_featured_image":false,"footnotes":""},"class_list":["post-226","page","type-page","status-publish","hentry"],"acf":[],"yoast_head":"<!-- This site is optimized with the Yoast SEO plugin v27.2 - https:\/\/yoast.com\/product\/yoast-seo-wordpress\/ -->\n<title>Laboratori - Materials Funcionals i Transicions de Fase<\/title>\n<meta name=\"robots\" content=\"index, follow, max-snippet:-1, max-image-preview:large, max-video-preview:-1\" \/>\n<link rel=\"canonical\" href=\"https:\/\/www.ub.edu\/functionalmaterials\/laboratori\/\" \/>\n<meta property=\"og:locale\" content=\"ca_ES\" \/>\n<meta property=\"og:type\" content=\"article\" \/>\n<meta property=\"og:title\" content=\"Laboratori - Materials Funcionals i Transicions de Fase\" \/>\n<meta property=\"og:description\" content=\"El Laboratori de recerca de materials funcionals i transicions de fase, situat a la Facultat de F\u00edsica de la Universitat de Barcelona, compta amb equips punters i en constant desenvolupament, per realitzar recerca en materials.Equipament comercialM\u00e0quina d&#039;assaigs mec\u00e0nics5kN Zwick\/Roell Z005 amb c\u00e0mara de temperatura (210K-400K)C\u00e0mara infraroja Infratec IR8800Sensor 650x512 pixels Objectiu 50mm fins a 0.01 [&hellip;]\" \/>\n<meta property=\"og:url\" content=\"https:\/\/www.ub.edu\/functionalmaterials\/laboratori\/\" \/>\n<meta property=\"og:site_name\" content=\"Materials Funcionals i Transicions de Fase\" \/>\n<meta property=\"article:modified_time\" content=\"2023-06-30T13:43:23+00:00\" \/>\n<meta name=\"twitter:card\" content=\"summary_large_image\" \/>\n<meta name=\"twitter:label1\" content=\"Temps estimat de lectura\" \/>\n\t<meta name=\"twitter:data1\" content=\"8 minuts\" \/>\n<script type=\"application\/ld+json\" class=\"yoast-schema-graph\">{\"@context\":\"https:\/\/schema.org\",\"@graph\":[{\"@type\":\"WebPage\",\"@id\":\"https:\/\/www.ub.edu\/functionalmaterials\/laboratori\/\",\"url\":\"https:\/\/www.ub.edu\/functionalmaterials\/laboratori\/\",\"name\":\"Laboratori - Materials Funcionals i Transicions de Fase\",\"isPartOf\":{\"@id\":\"https:\/\/www.ub.edu\/functionalmaterials\/#website\"},\"datePublished\":\"2023-04-22T10:42:02+00:00\",\"dateModified\":\"2023-06-30T13:43:23+00:00\",\"breadcrumb\":{\"@id\":\"https:\/\/www.ub.edu\/functionalmaterials\/laboratori\/#breadcrumb\"},\"inLanguage\":\"ca\",\"potentialAction\":[{\"@type\":\"ReadAction\",\"target\":[\"https:\/\/www.ub.edu\/functionalmaterials\/laboratori\/\"]}]},{\"@type\":\"BreadcrumbList\",\"@id\":\"https:\/\/www.ub.edu\/functionalmaterials\/laboratori\/#breadcrumb\",\"itemListElement\":[{\"@type\":\"ListItem\",\"position\":1,\"name\":\"Inici\",\"item\":\"https:\/\/www.ub.edu\/functionalmaterials\/\"},{\"@type\":\"ListItem\",\"position\":2,\"name\":\"Laboratori\"}]},{\"@type\":\"WebSite\",\"@id\":\"https:\/\/www.ub.edu\/functionalmaterials\/#website\",\"url\":\"https:\/\/www.ub.edu\/functionalmaterials\/\",\"name\":\"Materials funcionals i trancicions de fase\",\"description\":\"Grup d&#039;investigaci\u00f3 de la UB\",\"publisher\":{\"@id\":\"https:\/\/www.ub.edu\/functionalmaterials\/#organization\"},\"potentialAction\":[{\"@type\":\"SearchAction\",\"target\":{\"@type\":\"EntryPoint\",\"urlTemplate\":\"https:\/\/www.ub.edu\/functionalmaterials\/?s={search_term_string}\"},\"query-input\":{\"@type\":\"PropertyValueSpecification\",\"valueRequired\":true,\"valueName\":\"search_term_string\"}}],\"inLanguage\":\"ca\"},{\"@type\":\"Organization\",\"@id\":\"https:\/\/www.ub.edu\/functionalmaterials\/#organization\",\"name\":\"Materials funcionals i trancicions de fase\",\"url\":\"https:\/\/www.ub.edu\/functionalmaterials\/\",\"logo\":{\"@type\":\"ImageObject\",\"inLanguage\":\"ca\",\"@id\":\"https:\/\/www.ub.edu\/functionalmaterials\/#\/schema\/logo\/image\/\",\"url\":\"https:\/\/www.ub.edu\/functionalmaterials\/wp-content\/uploads\/2023\/05\/favicon.png\",\"contentUrl\":\"https:\/\/www.ub.edu\/functionalmaterials\/wp-content\/uploads\/2023\/05\/favicon.png\",\"width\":250,\"height\":291,\"caption\":\"Materials funcionals i trancicions de fase\"},\"image\":{\"@id\":\"https:\/\/www.ub.edu\/functionalmaterials\/#\/schema\/logo\/image\/\"}}]}<\/script>\n<!-- \/ Yoast SEO plugin. -->","yoast_head_json":{"title":"Laboratori - Materials Funcionals i Transicions de Fase","robots":{"index":"index","follow":"follow","max-snippet":"max-snippet:-1","max-image-preview":"max-image-preview:large","max-video-preview":"max-video-preview:-1"},"canonical":"https:\/\/www.ub.edu\/functionalmaterials\/laboratori\/","og_locale":"ca_ES","og_type":"article","og_title":"Laboratori - Materials Funcionals i Transicions de Fase","og_description":"El Laboratori de recerca de materials funcionals i transicions de fase, situat a la Facultat de F\u00edsica de la Universitat de Barcelona, compta amb equips punters i en constant desenvolupament, per realitzar recerca en materials.Equipament comercialM\u00e0quina d'assaigs mec\u00e0nics5kN Zwick\/Roell Z005 amb c\u00e0mara de temperatura (210K-400K)C\u00e0mara infraroja Infratec IR8800Sensor 650x512 pixels Objectiu 50mm fins a 0.01 [&hellip;]","og_url":"https:\/\/www.ub.edu\/functionalmaterials\/laboratori\/","og_site_name":"Materials Funcionals i Transicions de Fase","article_modified_time":"2023-06-30T13:43:23+00:00","twitter_card":"summary_large_image","twitter_misc":{"Temps estimat de lectura":"8 minuts"},"schema":{"@context":"https:\/\/schema.org","@graph":[{"@type":"WebPage","@id":"https:\/\/www.ub.edu\/functionalmaterials\/laboratori\/","url":"https:\/\/www.ub.edu\/functionalmaterials\/laboratori\/","name":"Laboratori - Materials Funcionals i Transicions de Fase","isPartOf":{"@id":"https:\/\/www.ub.edu\/functionalmaterials\/#website"},"datePublished":"2023-04-22T10:42:02+00:00","dateModified":"2023-06-30T13:43:23+00:00","breadcrumb":{"@id":"https:\/\/www.ub.edu\/functionalmaterials\/laboratori\/#breadcrumb"},"inLanguage":"ca","potentialAction":[{"@type":"ReadAction","target":["https:\/\/www.ub.edu\/functionalmaterials\/laboratori\/"]}]},{"@type":"BreadcrumbList","@id":"https:\/\/www.ub.edu\/functionalmaterials\/laboratori\/#breadcrumb","itemListElement":[{"@type":"ListItem","position":1,"name":"Inici","item":"https:\/\/www.ub.edu\/functionalmaterials\/"},{"@type":"ListItem","position":2,"name":"Laboratori"}]},{"@type":"WebSite","@id":"https:\/\/www.ub.edu\/functionalmaterials\/#website","url":"https:\/\/www.ub.edu\/functionalmaterials\/","name":"Materials funcionals i trancicions de fase","description":"Grup d&#039;investigaci\u00f3 de la UB","publisher":{"@id":"https:\/\/www.ub.edu\/functionalmaterials\/#organization"},"potentialAction":[{"@type":"SearchAction","target":{"@type":"EntryPoint","urlTemplate":"https:\/\/www.ub.edu\/functionalmaterials\/?s={search_term_string}"},"query-input":{"@type":"PropertyValueSpecification","valueRequired":true,"valueName":"search_term_string"}}],"inLanguage":"ca"},{"@type":"Organization","@id":"https:\/\/www.ub.edu\/functionalmaterials\/#organization","name":"Materials funcionals i trancicions de fase","url":"https:\/\/www.ub.edu\/functionalmaterials\/","logo":{"@type":"ImageObject","inLanguage":"ca","@id":"https:\/\/www.ub.edu\/functionalmaterials\/#\/schema\/logo\/image\/","url":"https:\/\/www.ub.edu\/functionalmaterials\/wp-content\/uploads\/2023\/05\/favicon.png","contentUrl":"https:\/\/www.ub.edu\/functionalmaterials\/wp-content\/uploads\/2023\/05\/favicon.png","width":250,"height":291,"caption":"Materials funcionals i trancicions de fase"},"image":{"@id":"https:\/\/www.ub.edu\/functionalmaterials\/#\/schema\/logo\/image\/"}}]}},"_links":{"self":[{"href":"https:\/\/www.ub.edu\/functionalmaterials\/wp-json\/wp\/v2\/pages\/226","targetHints":{"allow":["GET"]}}],"collection":[{"href":"https:\/\/www.ub.edu\/functionalmaterials\/wp-json\/wp\/v2\/pages"}],"about":[{"href":"https:\/\/www.ub.edu\/functionalmaterials\/wp-json\/wp\/v2\/types\/page"}],"author":[{"embeddable":true,"href":"https:\/\/www.ub.edu\/functionalmaterials\/wp-json\/wp\/v2\/users\/1"}],"replies":[{"embeddable":true,"href":"https:\/\/www.ub.edu\/functionalmaterials\/wp-json\/wp\/v2\/comments?post=226"}],"version-history":[{"count":1,"href":"https:\/\/www.ub.edu\/functionalmaterials\/wp-json\/wp\/v2\/pages\/226\/revisions"}],"predecessor-version":[{"id":990,"href":"https:\/\/www.ub.edu\/functionalmaterials\/wp-json\/wp\/v2\/pages\/226\/revisions\/990"}],"wp:attachment":[{"href":"https:\/\/www.ub.edu\/functionalmaterials\/wp-json\/wp\/v2\/media?parent=226"}],"curies":[{"name":"wp","href":"https:\/\/api.w.org\/{rel}","templated":true}]}}