{"id":204,"date":"2024-05-23T22:51:13","date_gmt":"2024-05-23T22:51:13","guid":{"rendered":"https:\/\/www.ub.edu\/gametheory\/?page_id=204"},"modified":"2024-08-04T22:15:36","modified_gmt":"2024-08-04T22:15:36","slug":"books","status":"publish","type":"page","link":"https:\/\/www.ub.edu\/gametheory\/publications\/books\/","title":{"rendered":"Books and book chapters"},"content":{"rendered":"\n<p>Our research group published three books on both cooperative and non-cooperative game theory.<\/p>\n\n\n\n<h2 class=\"wp-block-heading\">Books<\/h2>\n\n\n\n<ul class=\"wp-block-list\">\n<li>\u00c1lvarez, M.; Calleja, P.; Izquierdo, J.M.; Mart\u00ednez de Alb\u00e9niz, F.J.; N\u00fa\u00f1ez, M. (2021).\u00a0<a href=\"https:\/\/www.editorialuoc.com\/teoria-de-juegos\" target=\"_blank\" rel=\"noreferrer noopener\">Teor\u00eda de Juegos<\/a>. Editorial UOC. ISBN: 9788491808350.<\/li>\n\n\n\n<li>\u00c1lvarez, M.; Calleja, P.; Izquierdo, J.M.; Mart\u00ednez de Alb\u00e9niz, F.J.; N\u00fa\u00f1ez, M.; Rafels, C. (2019).\u00a0<a href=\"http:\/\/cvapp.uoc.edu.biblioteca-uoc.idm.oclc.org\/autors\/MostraPDFMaterialAction.do?id=258527\" target=\"_blank\" rel=\"noreferrer noopener\">Teoria de Jocs<\/a>. UOC. Universitat Oberta de Catalunya. PID_00258527. D.L. B-4.346-2019.<\/li>\n\n\n\n<li>Rafels, C.; Izquierdo, J.M.; Mar\u00edn-Solano, J.; Mart\u00ednez de Alb\u00e9niz, F.J.; N\u00fa\u00f1ez, M.; Ybern, N. (1999).<a href=\"http:\/\/www.publicacions.ub.edu\/ficha.aspx?cod=05016e\" target=\"_blank\" rel=\"noreferrer noopener\">\u00a0Jocs cooperatius i aplicacions econ\u00f2miques<\/a>.\u00a0 Edicions de la Universitat de Barcelona. \u00a0 ISBN: 84-8338-122-2.<\/li>\n<\/ul>\n\n\n\n<p><\/p>\n\n\n\n<div class=\"wp-block-group has-global-padding is-layout-constrained wp-block-group-is-layout-constrained\">\n<h2 class=\"wp-block-heading\"><mark style=\"background-color:rgba(0, 0, 0, 0)\" class=\"has-inline-color has-primary-color\">Book Chapters<\/mark><\/h2>\n<\/div>\n\n\n\n<ul class=\"wp-block-list\">\n<li>N\u00fa\u00f1ez, M.; Rafels, C. (2019).\u00a0\u00a0<a href=\"https:\/\/www.taylorfrancis.com\/books\/9781351241410\/chapters\/10.1201\/9781351241410-23\" target=\"_blank\" rel=\"noreferrer noopener\">Shapley Values for Two-Sided Assignment Markets<\/a>. In Algaba, E., Fragnelli, V., S\u00e1nchez-Soriano, J. (Eds.) Handbook of the Shapley value, Chapman and Hall\/CRC, New York, 21 pages. ISBN: 978-1-351-24141-0.<\/li>\n\n\n\n<li>Cano, S.; Gim\u00e9nez-G\u00f3mez, J.M.; Vilella, C. (2019).\u00a0<a href=\"https:\/\/doi.org\/10.1016\/bs.host.2018.11.003\" target=\"_blank\" rel=\"noreferrer noopener\">Quantitative game theory applied to economic problems<\/a>. In Vinod, H.D., Rao, C.R. (Eds) Conceptual Econometrics Using R, Handbook of Statistics, Vol. 41. Elsevier, pp. 281-307. ISBN 978-0-444-64311-7.<\/li>\n\n\n\n<li>Mar\u00edn-Solano, J. (2017).\u00a0<a href=\"https:\/\/www.springer.com\/gp\/book\/9783319517520\" target=\"_blank\" rel=\"noreferrer noopener\">On Time-Consistent Portfolios with Time-Inconsistent Preferences<\/a>. In D\u00edaz, J., Kirousis, L., Ortiz-Gracia, L., Serna, M. (Eds.) Strategic Behavior in Combinatorial Structures; Quantitative Finance, Trends in Mathematics, vol 6. Birkh\u00e4user Basel\/Springer, pp. 115-120. ISBN 978-3-319-51752-0.<\/li>\n\n\n\n<li>Alonso-Meijide, J.M.; Ferreira, F.; \u00c1lvarez-Mozos, M.; Pinto, A.A. (2011).\u00a0<a href=\"https:\/\/link.springer.com\/chapter\/10.1007\/978-3-642-14788-3_6\" target=\"_blank\" rel=\"noreferrer noopener\">Power Indices Applied to Portuguese Parliament<\/a>. In Matos Peixoto, M., Adrego Pinto, A., Rand, D.A. (Eds.)\u00a0<a href=\"https:\/\/link.springer.com\/book\/10.1007\/978-3-642-14788-3\" target=\"_blank\" rel=\"noreferrer noopener\">Dynamics, Games and Science II<\/a>\u00a0DYNA 2008, in Honor of Maur\u00edcio Peixoto and David Rand, University of Minho, Braga, Portugal, September 8-12, 2008. Springer, pp. 97-105. ISBN 978-3-642-14787-6.<\/li>\n\n\n\n<li>N\u00fa\u00f1ez, M.; Rafels, C. (2005).<a href=\"https:\/\/ris.utwente.nl\/ws\/portalfiles\/portal\/5120131\/Driessen05twente.pdf\" target=\"_blank\" rel=\"noreferrer noopener\">\u00a0Core-based solutions for assignment markets<\/a>. In Driessen, T., Khmelnitskaya, A.B., Timmer, J.B. (Editors) Proceedings of the 4th Twente Workshop on Cooperative Game Theory joint with 3rd Dutch-Russian symposium (CTIT Workshop Proceedings). Enschede: Univ. of Twente, pp. 105-115. ISBN 1574-0846.<\/li>\n<\/ul>\n","protected":false},"excerpt":{"rendered":"<p>Our research group published three books on both cooperative and non-cooperative game theory. Books Book Chapters<\/p>\n","protected":false},"author":1,"featured_media":0,"parent":196,"menu_order":0,"comment_status":"closed","ping_status":"closed","template":"","meta":{"footnotes":""},"class_list":["post-204","page","type-page","status-publish","hentry"],"_links":{"self":[{"href":"https:\/\/www.ub.edu\/gametheory\/wp-json\/wp\/v2\/pages\/204","targetHints":{"allow":["GET"]}}],"collection":[{"href":"https:\/\/www.ub.edu\/gametheory\/wp-json\/wp\/v2\/pages"}],"about":[{"href":"https:\/\/www.ub.edu\/gametheory\/wp-json\/wp\/v2\/types\/page"}],"author":[{"embeddable":true,"href":"https:\/\/www.ub.edu\/gametheory\/wp-json\/wp\/v2\/users\/1"}],"replies":[{"embeddable":true,"href":"https:\/\/www.ub.edu\/gametheory\/wp-json\/wp\/v2\/comments?post=204"}],"version-history":[{"count":3,"href":"https:\/\/www.ub.edu\/gametheory\/wp-json\/wp\/v2\/pages\/204\/revisions"}],"predecessor-version":[{"id":254,"href":"https:\/\/www.ub.edu\/gametheory\/wp-json\/wp\/v2\/pages\/204\/revisions\/254"}],"up":[{"embeddable":true,"href":"https:\/\/www.ub.edu\/gametheory\/wp-json\/wp\/v2\/pages\/196"}],"wp:attachment":[{"href":"https:\/\/www.ub.edu\/gametheory\/wp-json\/wp\/v2\/media?parent=204"}],"curies":[{"name":"wp","href":"https:\/\/api.w.org\/{rel}","templated":true}]}}